{"id":8187,"date":"2018-04-18T15:58:24","date_gmt":"2018-04-18T15:58:24","guid":{"rendered":"https:\/\/dockedge.com\/butoirs-en-pvc\/"},"modified":"2025-07-29T12:59:56","modified_gmt":"2025-07-29T12:59:56","slug":"butoirs-en-pvc","status":"publish","type":"page","link":"https:\/\/dockedge.thinairweb.co\/fr\/butoirs-en-pvc\/","title":{"rendered":"Butoirs en PVC"},"content":{"rendered":"<p>[et_pb_section bb_built=\u00a0\u00bb1&Prime; next_background_color=\u00a0\u00bb#ffffff\u00a0\u00bb _builder_version=\u00a0\u00bb3.0.106&Prime; background_color=\u00a0\u00bbrgba(129,203,232,0.55)\u00a0\u00bb use_background_color_gradient=\u00a0\u00bbon\u00a0\u00bb background_color_gradient_start=\u00a0\u00bb#ffffff\u00a0\u00bb background_color_gradient_end=\u00a0\u00bb#81cbe8&Prime; bottom_divider_style=\u00a0\u00bbwaves2&Prime; bottom_divider_height=\u00a0\u00bb52px\u00a0\u00bb][et_pb_row _builder_version=\u00a0\u00bb3.0.47&Prime; background_size=\u00a0\u00bbinitial\u00a0\u00bb background_position=\u00a0\u00bbtop_left\u00a0\u00bb background_repeat=\u00a0\u00bbrepeat\u00a0\u00bb][et_pb_column type=\u00a0\u00bb4_4&Prime;][et_pb_text _builder_version=\u00a0\u00bb3.0.106&Prime; header_text_color=\u00a0\u00bb#3665ab\u00a0\u00bb]<\/p>\n<h1>Butoirs en PVC<\/h1>\n<p>[\/et_pb_text][\/et_pb_column][\/et_pb_row][\/et_pb_section][et_pb_section bb_built=\u00a0\u00bb1&Prime; _builder_version=\u00a0\u00bb3.0.47&Prime; prev_background_color=\u00a0\u00bbrgba(129,203,232,0.55)\u00a0\u00bb][et_pb_row _builder_version=\u00a0\u00bb3.0.47&Prime; background_size=\u00a0\u00bbinitial\u00a0\u00bb background_position=\u00a0\u00bbtop_left\u00a0\u00bb background_repeat=\u00a0\u00bbrepeat\u00a0\u00bb][et_pb_column type=\u00a0\u00bb4_4&Prime;][et_pb_text _builder_version=\u00a0\u00bb3.15&Prime; header_text_color=\u00a0\u00bb#3665ab\u00a0\u00bb header_2_font_size=\u00a0\u00bb41px\u00a0\u00bb header_font=\u00a0\u00bb||||||||\u00a0\u00bb header_2_font=\u00a0\u00bb||||||||\u00a0\u00bb]<\/p>\n<h2>PARE-CHOCS EN PVC DE PREMI\u00c8RE QUALIT\u00c9<\/h2>\n<p>Les produits DockEdge+ Premium en PVC constituent la meilleure gamme de pare-chocs en PVC disponible sur le march\u00e9 aujourd&rsquo;hui. Nos produits en PVC offrent \u00e9galement une meilleure protection aux baigneurs contre les \u00e9chardes et les abrasions cutan\u00e9es. <\/p>\n<p>[\/et_pb_text][et_pb_shop type=\u00a0\u00bbproduct_category\u00a0\u00bb posts_number=\u00a0\u00bb24&Prime; include_categories=\u00a0\u00bb106&Prime; _builder_version=\u00a0\u00bb3.15&Prime; title_text_align=\u00a0\u00bbcenter\u00a0\u00bb box_shadow_style_image=\u00a0\u00bbpreset1&Prime; box_shadow_blur_image=\u00a0\u00bb10px\u00a0\u00bb text_orientation=\u00a0\u00bbcenter\u00a0\u00bb \/][\/et_pb_column][\/et_pb_row][et_pb_row _builder_version=\u00a0\u00bb3.15&Prime;][et_pb_column type=\u00a0\u00bb4_4&Prime;][et_pb_blurb content_max_width=\u00a0\u00bb100%\u00a0\u00bb header_level=\u00a0\u00bbh2&Prime; title=\u00a0\u00bbPROFIL\u00c9S PRODOCK DE QUALIT\u00c9 COMMERCIALE\u00a0\u00bb _builder_version=\u00a0\u00bb3.15&Prime; header_font=\u00a0\u00bb||||||||\u00a0\u00bb header_font_size=\u00a0\u00bb42px\u00a0\u00bb]<\/p>\n<p>Les profil\u00e9s en vinyle PRODOCK de qualit\u00e9 commerciale pour usage intensif ont un fini lisse et brillant et sont fabriqu\u00e9s \u00e0 partir de mat\u00e9riaux vierges \u00e0 100 % avec des inhibiteurs d&rsquo;UV et des fongicides, ce qui est sup\u00e9rieur aux profil\u00e9s similaires \u00e0 double moulage utilisant des mat\u00e9riaux recycl\u00e9s. Nos profil\u00e9s PRODOCK sont le nec plus ultra en mati\u00e8re de rembourrage robuste et offrent des ann\u00e9es de protection \u00e0 votre bateau. Disponibles en trois styles et couleurs diff\u00e9rents, ils sont dot\u00e9s de parois plus lourdes et de nervures int\u00e9gralement moul\u00e9es pour une r\u00e9sistance et une durabilit\u00e9 sup\u00e9rieures. Ils conservent leur \u00e9lasticit\u00e9 dans toutes les conditions m\u00e9t\u00e9orologiques et r\u00e9sistent \u00e0 la d\u00e9coloration, \u00e0 la moisissure, \u00e0 l&rsquo;eau sal\u00e9e, au durcissement et \u00e0 la d\u00e9chirure. Id\u00e9al pour les marinas et les grandes applications commerciales.<\/p>\n<p>[\/et_pb_blurb][et_pb_shop type=\u00a0\u00bbproduct_category\u00a0\u00bb _builder_version=\u00a0\u00bb3.15&Prime; include_categories=\u00a0\u00bb95&Prime; \/][\/et_pb_column][\/et_pb_row][et_pb_row _builder_version=\u00a0\u00bb3.15&Prime;][et_pb_column type=\u00a0\u00bb4_4&Prime;][et_pb_blurb content_max_width=\u00a0\u00bb100%\u00a0\u00bb header_level=\u00a0\u00bbh2&Prime; title=\u00a0\u00bbPROFIL\u00c9S PVC STANDARD\u00a0\u00bb _builder_version=\u00a0\u00bb3.15&Prime; header_font=\u00a0\u00bb||||||||\u00a0\u00bb header_font_size=\u00a0\u00bb42px\u00a0\u00bb]<\/p>\n<p>Les profil\u00e9s DockEdge+ Standard Heavy Duty sont fabriqu\u00e9s en PVC souple de qualit\u00e9 marine, ne s&rsquo;\u00e9caillent pas et ne se fissurent pas dans des conditions d&rsquo;utilisation normales, et ne sont pas affect\u00e9s par l&rsquo;huile, le gaz ou l&rsquo;eau sal\u00e9e. Les stabilisateurs UV emp\u00eachent le jaunissement, la d\u00e9t\u00e9rioration due \u00e0 la lumi\u00e8re du soleil et les taches inesth\u00e9tiques. Prot\u00e9gez votre investissement avec un syst\u00e8me de protection durable de qualit\u00e9 commerciale.<\/p>\n<p>[\/et_pb_blurb][et_pb_shop type=\u00a0\u00bbproduct_category\u00a0\u00bb _builder_version=\u00a0\u00bb3.15&Prime; include_categories=\u00a0\u00bb96&Prime; \/][\/et_pb_column][\/et_pb_row][et_pb_row _builder_version=\u00a0\u00bb3.15&Prime;][et_pb_column type=\u00a0\u00bb4_4&Prime;][et_pb_blurb content_max_width=\u00a0\u00bb100%\u00a0\u00bb header_level=\u00a0\u00bbh2&Prime; title=\u00a0\u00bbPROFIL\u00c9S PVC \u00c9CONOMIQUES\u00a0\u00bb _builder_version=\u00a0\u00bb3.15&Prime; header_font=\u00a0\u00bb||||||||\u00a0\u00bb header_font_size=\u00a0\u00bb42px\u00a0\u00bb \/][et_pb_shop type=\u00a0\u00bbproduct_category\u00a0\u00bb _builder_version=\u00a0\u00bb3.15&Prime; include_categories=\u00a0\u00bb97&Prime; \/][\/et_pb_column][\/et_pb_row][\/et_pb_section]<\/p>\n","protected":false},"excerpt":{"rendered":"<p>Butoirs en PVC PARE-CHOCS EN PVC DE PREMI\u00c8RE QUALIT\u00c9 Les produits DockEdge+ Premium en PVC constituent la meilleure gamme de pare-chocs en PVC disponible sur le march\u00e9 aujourd&rsquo;hui. Nos produits en PVC offrent \u00e9galement une meilleure protection aux baigneurs contre les \u00e9chardes et les abrasions cutan\u00e9es. Les profil\u00e9s en vinyle PRODOCK de qualit\u00e9 commerciale pour [&hellip;]<\/p>\n","protected":false},"author":3,"featured_media":0,"parent":0,"menu_order":0,"comment_status":"closed","ping_status":"closed","template":"","meta":{"_acf_changed":false,"_et_pb_use_builder":"on","_et_pb_old_content":"","_et_gb_content_width":"","footnotes":""},"class_list":["post-8187","page","type-page","status-publish","hentry"],"yoast_head":"<!-- This site is optimized with the Yoast SEO plugin v27.0 - https:\/\/yoast.com\/product\/yoast-seo-wordpress\/ -->\n<title>Butoirs en PVC - Dock Edge+<\/title>\n<meta name=\"robots\" content=\"index, follow, max-snippet:-1, max-image-preview:large, max-video-preview:-1\" \/>\n<link rel=\"canonical\" href=\"https:\/\/dockedge.thinairweb.co\/fr\/butoirs-en-pvc\/\" \/>\n<meta property=\"og:locale\" content=\"fr_FR\" \/>\n<meta property=\"og:type\" content=\"article\" \/>\n<meta property=\"og:title\" content=\"Butoirs en PVC - Dock Edge+\" \/>\n<meta property=\"og:description\" content=\"Butoirs en PVC PARE-CHOCS EN PVC DE PREMI\u00c8RE QUALIT\u00c9 Les produits DockEdge+ Premium en PVC constituent la meilleure gamme de pare-chocs en PVC disponible sur le march\u00e9 aujourd&#039;hui. Nos produits en PVC offrent \u00e9galement une meilleure protection aux baigneurs contre les \u00e9chardes et les abrasions cutan\u00e9es. Les profil\u00e9s en vinyle PRODOCK de qualit\u00e9 commerciale pour [&hellip;]\" \/>\n<meta property=\"og:url\" content=\"https:\/\/dockedge.thinairweb.co\/fr\/butoirs-en-pvc\/\" \/>\n<meta property=\"og:site_name\" content=\"Dock Edge+\" \/>\n<meta property=\"article:modified_time\" content=\"2025-07-29T12:59:56+00:00\" \/>\n<meta name=\"twitter:card\" content=\"summary_large_image\" \/>\n<meta name=\"twitter:label1\" content=\"Dur\u00e9e de lecture estim\u00e9e\" \/>\n\t<meta name=\"twitter:data1\" content=\"3 minutes\" \/>\n<script type=\"application\/ld+json\" class=\"yoast-schema-graph\">{\"@context\":\"https:\/\/schema.org\",\"@graph\":[{\"@type\":\"WebPage\",\"@id\":\"https:\/\/dockedge.thinairweb.co\/fr\/butoirs-en-pvc\/\",\"url\":\"https:\/\/dockedge.thinairweb.co\/fr\/butoirs-en-pvc\/\",\"name\":\"Butoirs en PVC - Dock Edge+\",\"isPartOf\":{\"@id\":\"https:\/\/dockedge.thinairweb.co\/fr\/#website\"},\"datePublished\":\"2018-04-18T15:58:24+00:00\",\"dateModified\":\"2025-07-29T12:59:56+00:00\",\"breadcrumb\":{\"@id\":\"https:\/\/dockedge.thinairweb.co\/fr\/butoirs-en-pvc\/#breadcrumb\"},\"inLanguage\":\"fr-FR\",\"potentialAction\":[{\"@type\":\"ReadAction\",\"target\":[\"https:\/\/dockedge.thinairweb.co\/fr\/butoirs-en-pvc\/\"]}]},{\"@type\":\"BreadcrumbList\",\"@id\":\"https:\/\/dockedge.thinairweb.co\/fr\/butoirs-en-pvc\/#breadcrumb\",\"itemListElement\":[{\"@type\":\"ListItem\",\"position\":1,\"name\":\"Home\",\"item\":\"https:\/\/dockedge.thinairweb.co\/fr\/\"},{\"@type\":\"ListItem\",\"position\":2,\"name\":\"Butoirs en PVC\"}]},{\"@type\":\"WebSite\",\"@id\":\"https:\/\/dockedge.thinairweb.co\/fr\/#website\",\"url\":\"https:\/\/dockedge.thinairweb.co\/fr\/\",\"name\":\"Dock Edge+\",\"description\":\"Your Dock. Your Way.\",\"potentialAction\":[{\"@type\":\"SearchAction\",\"target\":{\"@type\":\"EntryPoint\",\"urlTemplate\":\"https:\/\/dockedge.thinairweb.co\/fr\/?s={search_term_string}\"},\"query-input\":{\"@type\":\"PropertyValueSpecification\",\"valueRequired\":true,\"valueName\":\"search_term_string\"}}],\"inLanguage\":\"fr-FR\"}]}<\/script>\n<!-- \/ Yoast SEO plugin. -->","yoast_head_json":{"title":"Butoirs en PVC - Dock Edge+","robots":{"index":"index","follow":"follow","max-snippet":"max-snippet:-1","max-image-preview":"max-image-preview:large","max-video-preview":"max-video-preview:-1"},"canonical":"https:\/\/dockedge.thinairweb.co\/fr\/butoirs-en-pvc\/","og_locale":"fr_FR","og_type":"article","og_title":"Butoirs en PVC - Dock Edge+","og_description":"Butoirs en PVC PARE-CHOCS EN PVC DE PREMI\u00c8RE QUALIT\u00c9 Les produits DockEdge+ Premium en PVC constituent la meilleure gamme de pare-chocs en PVC disponible sur le march\u00e9 aujourd'hui. Nos produits en PVC offrent \u00e9galement une meilleure protection aux baigneurs contre les \u00e9chardes et les abrasions cutan\u00e9es. Les profil\u00e9s en vinyle PRODOCK de qualit\u00e9 commerciale pour [&hellip;]","og_url":"https:\/\/dockedge.thinairweb.co\/fr\/butoirs-en-pvc\/","og_site_name":"Dock Edge+","article_modified_time":"2025-07-29T12:59:56+00:00","twitter_card":"summary_large_image","twitter_misc":{"Dur\u00e9e de lecture estim\u00e9e":"3 minutes"},"schema":{"@context":"https:\/\/schema.org","@graph":[{"@type":"WebPage","@id":"https:\/\/dockedge.thinairweb.co\/fr\/butoirs-en-pvc\/","url":"https:\/\/dockedge.thinairweb.co\/fr\/butoirs-en-pvc\/","name":"Butoirs en PVC - Dock Edge+","isPartOf":{"@id":"https:\/\/dockedge.thinairweb.co\/fr\/#website"},"datePublished":"2018-04-18T15:58:24+00:00","dateModified":"2025-07-29T12:59:56+00:00","breadcrumb":{"@id":"https:\/\/dockedge.thinairweb.co\/fr\/butoirs-en-pvc\/#breadcrumb"},"inLanguage":"fr-FR","potentialAction":[{"@type":"ReadAction","target":["https:\/\/dockedge.thinairweb.co\/fr\/butoirs-en-pvc\/"]}]},{"@type":"BreadcrumbList","@id":"https:\/\/dockedge.thinairweb.co\/fr\/butoirs-en-pvc\/#breadcrumb","itemListElement":[{"@type":"ListItem","position":1,"name":"Home","item":"https:\/\/dockedge.thinairweb.co\/fr\/"},{"@type":"ListItem","position":2,"name":"Butoirs en PVC"}]},{"@type":"WebSite","@id":"https:\/\/dockedge.thinairweb.co\/fr\/#website","url":"https:\/\/dockedge.thinairweb.co\/fr\/","name":"Dock Edge+","description":"Your Dock. Your Way.","potentialAction":[{"@type":"SearchAction","target":{"@type":"EntryPoint","urlTemplate":"https:\/\/dockedge.thinairweb.co\/fr\/?s={search_term_string}"},"query-input":{"@type":"PropertyValueSpecification","valueRequired":true,"valueName":"search_term_string"}}],"inLanguage":"fr-FR"}]}},"acf":[],"_links":{"self":[{"href":"https:\/\/dockedge.thinairweb.co\/fr\/wp-json\/wp\/v2\/pages\/8187","targetHints":{"allow":["GET"]}}],"collection":[{"href":"https:\/\/dockedge.thinairweb.co\/fr\/wp-json\/wp\/v2\/pages"}],"about":[{"href":"https:\/\/dockedge.thinairweb.co\/fr\/wp-json\/wp\/v2\/types\/page"}],"author":[{"embeddable":true,"href":"https:\/\/dockedge.thinairweb.co\/fr\/wp-json\/wp\/v2\/users\/3"}],"replies":[{"embeddable":true,"href":"https:\/\/dockedge.thinairweb.co\/fr\/wp-json\/wp\/v2\/comments?post=8187"}],"version-history":[{"count":2,"href":"https:\/\/dockedge.thinairweb.co\/fr\/wp-json\/wp\/v2\/pages\/8187\/revisions"}],"predecessor-version":[{"id":8190,"href":"https:\/\/dockedge.thinairweb.co\/fr\/wp-json\/wp\/v2\/pages\/8187\/revisions\/8190"}],"wp:attachment":[{"href":"https:\/\/dockedge.thinairweb.co\/fr\/wp-json\/wp\/v2\/media?parent=8187"}],"curies":[{"name":"wp","href":"https:\/\/api.w.org\/{rel}","templated":true}]}}