{"id":8193,"date":"2018-03-13T17:08:58","date_gmt":"2018-03-13T17:08:58","guid":{"rendered":"https:\/\/dockedge.com\/entreprise\/"},"modified":"2025-07-29T12:59:56","modified_gmt":"2025-07-29T12:59:56","slug":"entreprise","status":"publish","type":"page","link":"https:\/\/dockedge.thinairweb.co\/fr\/entreprise\/","title":{"rendered":"Entreprise"},"content":{"rendered":"<p>[et_pb_section bb_built=\u00a0\u00bb1&Prime; _builder_version=\u00a0\u00bb3.0.47&Prime;][et_pb_row _builder_version=\u00a0\u00bb3.0.48&Prime; background_size=\u00a0\u00bbinitial\u00a0\u00bb background_position=\u00a0\u00bbtop_left\u00a0\u00bb background_repeat=\u00a0\u00bbrepeat\u00a0\u00bb][et_pb_column type=\u00a0\u00bb1_4&Prime;][\/et_pb_column][et_pb_column type=\u00a0\u00bb1_2&Prime;][et_pb_text _builder_version=\u00a0\u00bb3.10.2&Prime; text_font_size=\u00a0\u00bb17px\u00a0\u00bb text_line_height=\u00a0\u00bb1.8em\u00a0\u00bb text_font=\u00a0\u00bb|300|||||||\u00a0\u00bb]<\/p>\n<h2>\u00c0 PROPOS DE NOUS<\/h2>\n<p>Lorsque vous achetez des produits Dock Edge, vous investissez dans des produits marins de qualit\u00e9, durables et fiables. Chaque produit est fabriqu\u00e9 avec l&rsquo;engagement et le d\u00e9vouement d&rsquo;une main-d&rsquo;\u0153uvre et d&rsquo;une qualit\u00e9 sup\u00e9rieures.<\/p>\n<p>Fond\u00e9e en 1991, Dock Edge + Inc. a d&rsquo;abord \u00e9t\u00e9 un fabricant de butoirs de quai. Gr\u00e2ce \u00e0 des acquisitions et \u00e0 un d\u00e9veloppement innovant, l&rsquo;entreprise a \u00e9largi sa gamme de produits pour inclure des produits uniques du march\u00e9 secondaire de la marine qui offrent au consommateur un plus grand choix et une meilleure valeur. En 2016, Dock Edge + a fusionn\u00e9 avec <a href=\"http:\/\/www.canmet.com\/\">Canada Metal (Pacific)<\/a>, un fournisseur de premier plan de produits maritimes et de solutions industrielles et de construction. Ce partenariat a permis aux deux entreprises de tirer parti de synergies et de gains d&rsquo;efficacit\u00e9 significatifs afin de profiter pleinement des opportunit\u00e9s \u00e0 venir.<\/p>\n<p>Nos styles de produits distinctifs, qu&rsquo;ils soient traditionnels ou contemporains, sont inspir\u00e9s par notre engagement continu \u00e0 offrir des produits qui r\u00e9volutionnent l&rsquo;industrie du nautisme et rendent l&rsquo;amarrage ou l&rsquo;accostage simple et sans effort. Notre objectif a toujours \u00e9t\u00e9 de fabriquer des produits adaptables au consommateur, que tout plaisancier ou propri\u00e9taire de chalet peut utiliser. Nous pensons que l&rsquo;innovation et le d\u00e9veloppement sont importants dans notre secteur et nous sommes tr\u00e8s fiers de poursuivre cette excellence.<\/p>\n<p>Nous sommes \u00e0 l&rsquo;\u00e9coute de vos besoins et accueillons volontiers vos commentaires sur l&rsquo;am\u00e9lioration et le d\u00e9veloppement de nouveaux produits pour notre b\u00e9n\u00e9fice mutuel. Notre personnel exp\u00e9riment\u00e9, d\u00e9vou\u00e9 et comp\u00e9tent est toujours pr\u00eat \u00e0 vous servir et \u00e0 vous donner enti\u00e8re satisfaction.<\/p>\n<p>Ce site web contient des informations utiles sur notre entreprise et notre gamme compl\u00e8te de produits. Vous trouverez une s\u00e9lection de produits qui peuvent s&rsquo;adapter \u00e0 presque toutes les applications de navigation et d&rsquo;amarrage.<\/p>\n<p>Comme toujours, nous tenons \u00e0 vous exprimer notre plus sinc\u00e8re gratitude, \u00e0 vous, nos clients. Votre fid\u00e9lit\u00e9 et votre soutien nous ont permis de passer d&rsquo;une petite entreprise fabriquant des pare-chocs de quai \u00e0 l&rsquo;entreprise que nous sommes aujourd&rsquo;hui.<\/p>\n<p>Le chemin \u00e0 parcourir est une aventure sans fin, et nous ne nous reposerons pas tant qu&rsquo;il y aura des clients qui, comme vous, sont d\u00e9termin\u00e9s \u00e0 n&rsquo;acheter que des \u00e9quipements de quai de la meilleure qualit\u00e9 au monde.<\/p>\n<p>[\/et_pb_text][\/et_pb_column][et_pb_column type=\u00a0\u00bb1_4&Prime;][\/et_pb_column][\/et_pb_row][\/et_pb_section]<\/p>\n","protected":false},"excerpt":{"rendered":"<p>\u00c0 PROPOS DE NOUS Lorsque vous achetez des produits Dock Edge, vous investissez dans des produits marins de qualit\u00e9, durables et fiables. Chaque produit est fabriqu\u00e9 avec l&rsquo;engagement et le d\u00e9vouement d&rsquo;une main-d&rsquo;\u0153uvre et d&rsquo;une qualit\u00e9 sup\u00e9rieures. Fond\u00e9e en 1991, Dock Edge + Inc. a d&rsquo;abord \u00e9t\u00e9 un fabricant de butoirs de quai. Gr\u00e2ce \u00e0 [&hellip;]<\/p>\n","protected":false},"author":3,"featured_media":0,"parent":0,"menu_order":0,"comment_status":"closed","ping_status":"closed","template":"","meta":{"_acf_changed":false,"_et_pb_use_builder":"on","_et_pb_old_content":"","_et_gb_content_width":"","footnotes":""},"class_list":["post-8193","page","type-page","status-publish","hentry"],"yoast_head":"<!-- This site is optimized with the Yoast SEO plugin v27.0 - https:\/\/yoast.com\/product\/yoast-seo-wordpress\/ -->\n<title>Entreprise - Dock Edge+<\/title>\n<meta name=\"robots\" content=\"index, follow, max-snippet:-1, max-image-preview:large, max-video-preview:-1\" \/>\n<link rel=\"canonical\" href=\"https:\/\/dockedge.thinairweb.co\/fr\/entreprise\/\" \/>\n<meta property=\"og:locale\" content=\"fr_FR\" \/>\n<meta property=\"og:type\" content=\"article\" \/>\n<meta property=\"og:title\" content=\"Entreprise - Dock Edge+\" \/>\n<meta property=\"og:description\" content=\"\u00c0 PROPOS DE NOUS Lorsque vous achetez des produits Dock Edge, vous investissez dans des produits marins de qualit\u00e9, durables et fiables. Chaque produit est fabriqu\u00e9 avec l&#039;engagement et le d\u00e9vouement d&#039;une main-d&#039;\u0153uvre et d&#039;une qualit\u00e9 sup\u00e9rieures. Fond\u00e9e en 1991, Dock Edge + Inc. a d&#039;abord \u00e9t\u00e9 un fabricant de butoirs de quai. Gr\u00e2ce \u00e0 [&hellip;]\" \/>\n<meta property=\"og:url\" content=\"https:\/\/dockedge.thinairweb.co\/fr\/entreprise\/\" \/>\n<meta property=\"og:site_name\" content=\"Dock Edge+\" \/>\n<meta property=\"article:modified_time\" content=\"2025-07-29T12:59:56+00:00\" \/>\n<meta name=\"twitter:card\" content=\"summary_large_image\" \/>\n<meta name=\"twitter:label1\" content=\"Dur\u00e9e de lecture estim\u00e9e\" \/>\n\t<meta name=\"twitter:data1\" content=\"2 minutes\" \/>\n<script type=\"application\/ld+json\" class=\"yoast-schema-graph\">{\"@context\":\"https:\/\/schema.org\",\"@graph\":[{\"@type\":\"WebPage\",\"@id\":\"https:\/\/dockedge.thinairweb.co\/fr\/entreprise\/\",\"url\":\"https:\/\/dockedge.thinairweb.co\/fr\/entreprise\/\",\"name\":\"Entreprise - Dock Edge+\",\"isPartOf\":{\"@id\":\"https:\/\/dockedge.thinairweb.co\/fr\/#website\"},\"datePublished\":\"2018-03-13T17:08:58+00:00\",\"dateModified\":\"2025-07-29T12:59:56+00:00\",\"breadcrumb\":{\"@id\":\"https:\/\/dockedge.thinairweb.co\/fr\/entreprise\/#breadcrumb\"},\"inLanguage\":\"fr-FR\",\"potentialAction\":[{\"@type\":\"ReadAction\",\"target\":[\"https:\/\/dockedge.thinairweb.co\/fr\/entreprise\/\"]}]},{\"@type\":\"BreadcrumbList\",\"@id\":\"https:\/\/dockedge.thinairweb.co\/fr\/entreprise\/#breadcrumb\",\"itemListElement\":[{\"@type\":\"ListItem\",\"position\":1,\"name\":\"Home\",\"item\":\"https:\/\/dockedge.thinairweb.co\/fr\/\"},{\"@type\":\"ListItem\",\"position\":2,\"name\":\"Entreprise\"}]},{\"@type\":\"WebSite\",\"@id\":\"https:\/\/dockedge.thinairweb.co\/fr\/#website\",\"url\":\"https:\/\/dockedge.thinairweb.co\/fr\/\",\"name\":\"Dock Edge+\",\"description\":\"Your Dock. Your Way.\",\"potentialAction\":[{\"@type\":\"SearchAction\",\"target\":{\"@type\":\"EntryPoint\",\"urlTemplate\":\"https:\/\/dockedge.thinairweb.co\/fr\/?s={search_term_string}\"},\"query-input\":{\"@type\":\"PropertyValueSpecification\",\"valueRequired\":true,\"valueName\":\"search_term_string\"}}],\"inLanguage\":\"fr-FR\"}]}<\/script>\n<!-- \/ Yoast SEO plugin. -->","yoast_head_json":{"title":"Entreprise - Dock Edge+","robots":{"index":"index","follow":"follow","max-snippet":"max-snippet:-1","max-image-preview":"max-image-preview:large","max-video-preview":"max-video-preview:-1"},"canonical":"https:\/\/dockedge.thinairweb.co\/fr\/entreprise\/","og_locale":"fr_FR","og_type":"article","og_title":"Entreprise - Dock Edge+","og_description":"\u00c0 PROPOS DE NOUS Lorsque vous achetez des produits Dock Edge, vous investissez dans des produits marins de qualit\u00e9, durables et fiables. Chaque produit est fabriqu\u00e9 avec l'engagement et le d\u00e9vouement d'une main-d'\u0153uvre et d'une qualit\u00e9 sup\u00e9rieures. Fond\u00e9e en 1991, Dock Edge + Inc. a d'abord \u00e9t\u00e9 un fabricant de butoirs de quai. Gr\u00e2ce \u00e0 [&hellip;]","og_url":"https:\/\/dockedge.thinairweb.co\/fr\/entreprise\/","og_site_name":"Dock Edge+","article_modified_time":"2025-07-29T12:59:56+00:00","twitter_card":"summary_large_image","twitter_misc":{"Dur\u00e9e de lecture estim\u00e9e":"2 minutes"},"schema":{"@context":"https:\/\/schema.org","@graph":[{"@type":"WebPage","@id":"https:\/\/dockedge.thinairweb.co\/fr\/entreprise\/","url":"https:\/\/dockedge.thinairweb.co\/fr\/entreprise\/","name":"Entreprise - Dock Edge+","isPartOf":{"@id":"https:\/\/dockedge.thinairweb.co\/fr\/#website"},"datePublished":"2018-03-13T17:08:58+00:00","dateModified":"2025-07-29T12:59:56+00:00","breadcrumb":{"@id":"https:\/\/dockedge.thinairweb.co\/fr\/entreprise\/#breadcrumb"},"inLanguage":"fr-FR","potentialAction":[{"@type":"ReadAction","target":["https:\/\/dockedge.thinairweb.co\/fr\/entreprise\/"]}]},{"@type":"BreadcrumbList","@id":"https:\/\/dockedge.thinairweb.co\/fr\/entreprise\/#breadcrumb","itemListElement":[{"@type":"ListItem","position":1,"name":"Home","item":"https:\/\/dockedge.thinairweb.co\/fr\/"},{"@type":"ListItem","position":2,"name":"Entreprise"}]},{"@type":"WebSite","@id":"https:\/\/dockedge.thinairweb.co\/fr\/#website","url":"https:\/\/dockedge.thinairweb.co\/fr\/","name":"Dock Edge+","description":"Your Dock. Your Way.","potentialAction":[{"@type":"SearchAction","target":{"@type":"EntryPoint","urlTemplate":"https:\/\/dockedge.thinairweb.co\/fr\/?s={search_term_string}"},"query-input":{"@type":"PropertyValueSpecification","valueRequired":true,"valueName":"search_term_string"}}],"inLanguage":"fr-FR"}]}},"acf":[],"_links":{"self":[{"href":"https:\/\/dockedge.thinairweb.co\/fr\/wp-json\/wp\/v2\/pages\/8193","targetHints":{"allow":["GET"]}}],"collection":[{"href":"https:\/\/dockedge.thinairweb.co\/fr\/wp-json\/wp\/v2\/pages"}],"about":[{"href":"https:\/\/dockedge.thinairweb.co\/fr\/wp-json\/wp\/v2\/types\/page"}],"author":[{"embeddable":true,"href":"https:\/\/dockedge.thinairweb.co\/fr\/wp-json\/wp\/v2\/users\/3"}],"replies":[{"embeddable":true,"href":"https:\/\/dockedge.thinairweb.co\/fr\/wp-json\/wp\/v2\/comments?post=8193"}],"version-history":[{"count":2,"href":"https:\/\/dockedge.thinairweb.co\/fr\/wp-json\/wp\/v2\/pages\/8193\/revisions"}],"predecessor-version":[{"id":8195,"href":"https:\/\/dockedge.thinairweb.co\/fr\/wp-json\/wp\/v2\/pages\/8193\/revisions\/8195"}],"wp:attachment":[{"href":"https:\/\/dockedge.thinairweb.co\/fr\/wp-json\/wp\/v2\/media?parent=8193"}],"curies":[{"name":"wp","href":"https:\/\/api.w.org\/{rel}","templated":true}]}}