{"id":8288,"date":"2024-08-05T15:09:31","date_gmt":"2024-08-05T15:09:31","guid":{"rendered":"https:\/\/dockedge.com\/centre-social-communautaire\/"},"modified":"2025-07-29T13:10:46","modified_gmt":"2025-07-29T13:10:46","slug":"centre-social-communautaire","status":"publish","type":"page","link":"https:\/\/dockedge.thinairweb.co\/fr\/centre-social-communautaire\/","title":{"rendered":"Centre social communautaire"},"content":{"rendered":"<p>[et_pb_section fb_built=\u00a0\u00bb1&Prime; _builder_version=\u00a0\u00bb4.16&Prime; global_colors_info=\u00a0\u00bb{}\u00a0\u00bb][et_pb_row _builder_version=\u00a0\u00bb4.16&Prime; global_colors_info=\u00a0\u00bb{}\u00a0\u00bb][et_pb_column type=\u00a0\u00bb4_4&Prime; _builder_version=\u00a0\u00bb4.16&Prime; custom_padding=\u00a0\u00bb|||\u00a0\u00bb global_colors_info=\u00a0\u00bb{}\u00a0\u00bb custom_padding__hover=\u00a0\u00bb|||\u00a0\u00bb][et_pb_text _builder_version=\u00a0\u00bb4.21.2&Prime; _module_preset=\u00a0\u00bbdefault\u00a0\u00bb hover_enabled=\u00a0\u00bb0&Prime; sticky_enabled=\u00a0\u00bb0&Prime;]<\/p>\n<h1>Centre social communautaire<\/h1>\n<h2>Restez inform\u00e9 !<\/h2>\n<p>Le Social Community Hub de DockEdge vous apporte le contenu le plus frais de toutes nos plateformes de m\u00e9dias sociaux. D\u00e9couvrez des nouvelles passionnantes, des aper\u00e7us de l&rsquo;industrie, des notifications d&rsquo;\u00e9v\u00e9nements et des histoires de la communaut\u00e9, le tout en un seul endroit. Connectez-vous avec nous et d\u00e9couvrez ce qui se passe dans le monde de DockEdge !  <\/p>\n<p>[\/et_pb_text][et_pb_code _builder_version=\u00a0\u00bb4.21.2&Prime; _module_preset=\u00a0\u00bbdefault\u00a0\u00bb global_colors_info=\u00a0\u00bb{}\u00a0\u00bb]<div id=\"curator-feed-default\" data-crt-feed-id=\"3959df01-8877-4d2a-9a46-e1a3522f9ac8\" data-crt-source=\"wordpress-plugin\"><\/div>[\/et_pb_code][\/et_pb_column][\/et_pb_row][\/et_pb_section]<\/p>\n","protected":false},"excerpt":{"rendered":"<p>Centre social communautaire Restez inform\u00e9 ! Le Social Community Hub de DockEdge vous apporte le contenu le plus frais de toutes nos plateformes de m\u00e9dias sociaux. D\u00e9couvrez des nouvelles passionnantes, des aper\u00e7us de l&rsquo;industrie, des notifications d&rsquo;\u00e9v\u00e9nements et des histoires de la communaut\u00e9, le tout en un seul endroit. Connectez-vous avec nous et d\u00e9couvrez ce [&hellip;]<\/p>\n","protected":false},"author":21,"featured_media":0,"parent":0,"menu_order":0,"comment_status":"closed","ping_status":"closed","template":"","meta":{"_acf_changed":false,"_et_pb_use_builder":"on","_et_pb_old_content":"","_et_gb_content_width":"","footnotes":""},"class_list":["post-8288","page","type-page","status-publish","hentry"],"yoast_head":"<!-- This site is optimized with the Yoast SEO plugin v27.0 - https:\/\/yoast.com\/product\/yoast-seo-wordpress\/ -->\n<title>Centre social communautaire - Dock Edge+<\/title>\n<meta name=\"robots\" content=\"index, follow, max-snippet:-1, max-image-preview:large, max-video-preview:-1\" \/>\n<link rel=\"canonical\" href=\"https:\/\/dockedge.thinairweb.co\/fr\/centre-social-communautaire\/\" \/>\n<meta property=\"og:locale\" content=\"fr_FR\" \/>\n<meta property=\"og:type\" content=\"article\" \/>\n<meta property=\"og:title\" content=\"Centre social communautaire - Dock Edge+\" \/>\n<meta property=\"og:description\" content=\"Centre social communautaire Restez inform\u00e9 ! Le Social Community Hub de DockEdge vous apporte le contenu le plus frais de toutes nos plateformes de m\u00e9dias sociaux. D\u00e9couvrez des nouvelles passionnantes, des aper\u00e7us de l&#039;industrie, des notifications d&#039;\u00e9v\u00e9nements et des histoires de la communaut\u00e9, le tout en un seul endroit. Connectez-vous avec nous et d\u00e9couvrez ce [&hellip;]\" \/>\n<meta property=\"og:url\" content=\"https:\/\/dockedge.thinairweb.co\/fr\/centre-social-communautaire\/\" \/>\n<meta property=\"og:site_name\" content=\"Dock Edge+\" \/>\n<meta property=\"article:modified_time\" content=\"2025-07-29T13:10:46+00:00\" \/>\n<meta name=\"twitter:card\" content=\"summary_large_image\" \/>\n<meta name=\"twitter:label1\" content=\"Dur\u00e9e de lecture estim\u00e9e\" \/>\n\t<meta name=\"twitter:data1\" content=\"1 minute\" \/>\n<script type=\"application\/ld+json\" class=\"yoast-schema-graph\">{\"@context\":\"https:\/\/schema.org\",\"@graph\":[{\"@type\":\"WebPage\",\"@id\":\"https:\/\/dockedge.thinairweb.co\/fr\/centre-social-communautaire\/\",\"url\":\"https:\/\/dockedge.thinairweb.co\/fr\/centre-social-communautaire\/\",\"name\":\"Centre social communautaire - Dock Edge+\",\"isPartOf\":{\"@id\":\"https:\/\/dockedge.thinairweb.co\/fr\/#website\"},\"datePublished\":\"2024-08-05T15:09:31+00:00\",\"dateModified\":\"2025-07-29T13:10:46+00:00\",\"breadcrumb\":{\"@id\":\"https:\/\/dockedge.thinairweb.co\/fr\/centre-social-communautaire\/#breadcrumb\"},\"inLanguage\":\"fr-FR\",\"potentialAction\":[{\"@type\":\"ReadAction\",\"target\":[\"https:\/\/dockedge.thinairweb.co\/fr\/centre-social-communautaire\/\"]}]},{\"@type\":\"BreadcrumbList\",\"@id\":\"https:\/\/dockedge.thinairweb.co\/fr\/centre-social-communautaire\/#breadcrumb\",\"itemListElement\":[{\"@type\":\"ListItem\",\"position\":1,\"name\":\"Home\",\"item\":\"https:\/\/dockedge.thinairweb.co\/fr\/\"},{\"@type\":\"ListItem\",\"position\":2,\"name\":\"Centre social communautaire\"}]},{\"@type\":\"WebSite\",\"@id\":\"https:\/\/dockedge.thinairweb.co\/fr\/#website\",\"url\":\"https:\/\/dockedge.thinairweb.co\/fr\/\",\"name\":\"Dock Edge+\",\"description\":\"Your Dock. Your Way.\",\"potentialAction\":[{\"@type\":\"SearchAction\",\"target\":{\"@type\":\"EntryPoint\",\"urlTemplate\":\"https:\/\/dockedge.thinairweb.co\/fr\/?s={search_term_string}\"},\"query-input\":{\"@type\":\"PropertyValueSpecification\",\"valueRequired\":true,\"valueName\":\"search_term_string\"}}],\"inLanguage\":\"fr-FR\"}]}<\/script>\n<!-- \/ Yoast SEO plugin. -->","yoast_head_json":{"title":"Centre social communautaire - Dock Edge+","robots":{"index":"index","follow":"follow","max-snippet":"max-snippet:-1","max-image-preview":"max-image-preview:large","max-video-preview":"max-video-preview:-1"},"canonical":"https:\/\/dockedge.thinairweb.co\/fr\/centre-social-communautaire\/","og_locale":"fr_FR","og_type":"article","og_title":"Centre social communautaire - Dock Edge+","og_description":"Centre social communautaire Restez inform\u00e9 ! Le Social Community Hub de DockEdge vous apporte le contenu le plus frais de toutes nos plateformes de m\u00e9dias sociaux. D\u00e9couvrez des nouvelles passionnantes, des aper\u00e7us de l'industrie, des notifications d'\u00e9v\u00e9nements et des histoires de la communaut\u00e9, le tout en un seul endroit. Connectez-vous avec nous et d\u00e9couvrez ce [&hellip;]","og_url":"https:\/\/dockedge.thinairweb.co\/fr\/centre-social-communautaire\/","og_site_name":"Dock Edge+","article_modified_time":"2025-07-29T13:10:46+00:00","twitter_card":"summary_large_image","twitter_misc":{"Dur\u00e9e de lecture estim\u00e9e":"1 minute"},"schema":{"@context":"https:\/\/schema.org","@graph":[{"@type":"WebPage","@id":"https:\/\/dockedge.thinairweb.co\/fr\/centre-social-communautaire\/","url":"https:\/\/dockedge.thinairweb.co\/fr\/centre-social-communautaire\/","name":"Centre social communautaire - Dock Edge+","isPartOf":{"@id":"https:\/\/dockedge.thinairweb.co\/fr\/#website"},"datePublished":"2024-08-05T15:09:31+00:00","dateModified":"2025-07-29T13:10:46+00:00","breadcrumb":{"@id":"https:\/\/dockedge.thinairweb.co\/fr\/centre-social-communautaire\/#breadcrumb"},"inLanguage":"fr-FR","potentialAction":[{"@type":"ReadAction","target":["https:\/\/dockedge.thinairweb.co\/fr\/centre-social-communautaire\/"]}]},{"@type":"BreadcrumbList","@id":"https:\/\/dockedge.thinairweb.co\/fr\/centre-social-communautaire\/#breadcrumb","itemListElement":[{"@type":"ListItem","position":1,"name":"Home","item":"https:\/\/dockedge.thinairweb.co\/fr\/"},{"@type":"ListItem","position":2,"name":"Centre social communautaire"}]},{"@type":"WebSite","@id":"https:\/\/dockedge.thinairweb.co\/fr\/#website","url":"https:\/\/dockedge.thinairweb.co\/fr\/","name":"Dock Edge+","description":"Your Dock. Your Way.","potentialAction":[{"@type":"SearchAction","target":{"@type":"EntryPoint","urlTemplate":"https:\/\/dockedge.thinairweb.co\/fr\/?s={search_term_string}"},"query-input":{"@type":"PropertyValueSpecification","valueRequired":true,"valueName":"search_term_string"}}],"inLanguage":"fr-FR"}]}},"acf":[],"_links":{"self":[{"href":"https:\/\/dockedge.thinairweb.co\/fr\/wp-json\/wp\/v2\/pages\/8288","targetHints":{"allow":["GET"]}}],"collection":[{"href":"https:\/\/dockedge.thinairweb.co\/fr\/wp-json\/wp\/v2\/pages"}],"about":[{"href":"https:\/\/dockedge.thinairweb.co\/fr\/wp-json\/wp\/v2\/types\/page"}],"author":[{"embeddable":true,"href":"https:\/\/dockedge.thinairweb.co\/fr\/wp-json\/wp\/v2\/users\/21"}],"replies":[{"embeddable":true,"href":"https:\/\/dockedge.thinairweb.co\/fr\/wp-json\/wp\/v2\/comments?post=8288"}],"version-history":[{"count":10,"href":"https:\/\/dockedge.thinairweb.co\/fr\/wp-json\/wp\/v2\/pages\/8288\/revisions"}],"predecessor-version":[{"id":8324,"href":"https:\/\/dockedge.thinairweb.co\/fr\/wp-json\/wp\/v2\/pages\/8288\/revisions\/8324"}],"wp:attachment":[{"href":"https:\/\/dockedge.thinairweb.co\/fr\/wp-json\/wp\/v2\/media?parent=8288"}],"curies":[{"name":"wp","href":"https:\/\/api.w.org\/{rel}","templated":true}]}}