{"id":8295,"date":"2020-07-09T15:30:13","date_gmt":"2020-07-09T15:30:13","guid":{"rendered":"https:\/\/dockedge.com\/avis-sur-le-produit\/"},"modified":"2025-07-29T13:10:46","modified_gmt":"2025-07-29T13:10:46","slug":"avis-sur-le-produit","status":"publish","type":"page","link":"https:\/\/dockedge.thinairweb.co\/fr\/avis-sur-le-produit\/","title":{"rendered":"Avis sur le produit"},"content":{"rendered":"<p>[et_pb_section fb_built=\u00a0\u00bb1&Prime; _builder_version=\u00a0\u00bb3.22&Prime;][et_pb_row _builder_version=\u00a0\u00bb4.4.1&Prime;][et_pb_column type=\u00a0\u00bb4_4&Prime; _builder_version=\u00a0\u00bb4.4.1&Prime;][et_pb_text _builder_version=\u00a0\u00bb4.5.6&Prime; hover_enabled=\u00a0\u00bb0&Prime;]<\/p>\n<h1 style=\"text-align: center;\"><strong>AVIS SUR LE PRODUIT<\/strong><\/h1>\n<p><strong> <\/strong><\/p>\n<p><strong>7 juillet 2020<\/strong><\/p>\n<p><strong> <\/strong><\/p>\n<h4 style=\"text-align: center;\">Avertissement concernant un \u00e9ventuel d\u00e9faut d&rsquo;\u00e9chelle<\/h4>\n<p>&nbsp;<\/p>\n<p>Le Groupe CMP Lt\u00e9e vous informe d&rsquo;un possible d\u00e9faut de la marche de l&rsquo;\u00e9chelle Dock Edge mod\u00e8les DE2053F, DE2054F, DE2055F, DE2043F, DE2044F et DE2045F. Le d\u00e9faut potentiel est li\u00e9 \u00e0 une ar\u00eate vive qui peut se trouver sur le bord ext\u00e9rieur de la marche de l&rsquo;\u00e9chelle. Si l&rsquo;\u00e9chelle n&rsquo;est pas correctement assembl\u00e9e et\/ou serr\u00e9e, le bord de la marche de l&rsquo;\u00e9chelle peut \u00eatre expos\u00e9. Ce bord peut \u00eatre tranchant ou exposer une bavure dans le m\u00e9tal, ce qui constitue un risque potentiel de coupure pour toute personne utilisant l&rsquo;\u00e9chelle.   <\/p>\n<p>Nous avons pris des mesures correctives dans notre processus de fabrication afin de mettre en \u0153uvre une nouvelle proc\u00e9dure visant \u00e0 \u00e9liminer toute ar\u00eate vive. Ainsi, toutes les nouvelles et futures productions des \u00e9chelles mentionn\u00e9es incluront ce processus, garantissant ainsi que ce risque potentiel ne se produira plus. <\/p>\n<p>Nous vous demandons de bien vouloir mettre en quarantaine tout stock existant des \u00e9chelles mentionn\u00e9es. Nous remplacerons vos stocks existants par de nouvelles \u00e9chelles, ou nous vous accorderons un cr\u00e9dit sur votre compte une fois que les \u00e9chelles auront \u00e9t\u00e9 renvoy\u00e9es \u00e0 notre entrep\u00f4t. Si vous avez des questions, veuillez contacter notre service client\u00e8le \u00e0 l&rsquo;adresse suivante <u><a href=\"mailto:vaughanwarranty@cmpgroup.net\">vaughanwarranty@cmpgroup.net<\/a><\/u> ou votre repr\u00e9sentant commercial CMP.  <\/p>\n<p>Nous vous assurons de notre engagement permanent en faveur de la s\u00e9curit\u00e9 et de la qualit\u00e9 des produits.<\/p>\n<p>&nbsp;<\/p>\n<p>Je vous prie d&rsquo;agr\u00e9er, Monsieur le Pr\u00e9sident, l&rsquo;expression de mes salutations distingu\u00e9es,<\/p>\n<p>Don Hambly<\/p>\n<p>Pr\u00e9sident<\/p>\n<p>[\/et_pb_text][\/et_pb_column][\/et_pb_row][\/et_pb_section]<\/p>\n","protected":false},"excerpt":{"rendered":"<p>AVIS SUR LE PRODUIT 7 juillet 2020 Avertissement concernant un \u00e9ventuel d\u00e9faut d&rsquo;\u00e9chelle &nbsp; Le Groupe CMP Lt\u00e9e vous informe d&rsquo;un possible d\u00e9faut de la marche de l&rsquo;\u00e9chelle Dock Edge mod\u00e8les DE2053F, DE2054F, DE2055F, DE2043F, DE2044F et DE2045F. Le d\u00e9faut potentiel est li\u00e9 \u00e0 une ar\u00eate vive qui peut se trouver sur le bord ext\u00e9rieur [&hellip;]<\/p>\n","protected":false},"author":3,"featured_media":0,"parent":0,"menu_order":0,"comment_status":"closed","ping_status":"closed","template":"","meta":{"_acf_changed":false,"_et_pb_use_builder":"on","_et_pb_old_content":"","_et_gb_content_width":"","footnotes":""},"class_list":["post-8295","page","type-page","status-publish","hentry"],"yoast_head":"<!-- This site is optimized with the Yoast SEO plugin v27.0 - https:\/\/yoast.com\/product\/yoast-seo-wordpress\/ -->\n<title>Avis sur le produit - Dock Edge+<\/title>\n<meta name=\"robots\" content=\"index, follow, max-snippet:-1, max-image-preview:large, max-video-preview:-1\" \/>\n<link rel=\"canonical\" href=\"https:\/\/dockedge.thinairweb.co\/fr\/avis-sur-le-produit\/\" \/>\n<meta property=\"og:locale\" content=\"fr_FR\" \/>\n<meta property=\"og:type\" content=\"article\" \/>\n<meta property=\"og:title\" content=\"Avis sur le produit - Dock Edge+\" \/>\n<meta property=\"og:description\" content=\"AVIS SUR LE PRODUIT 7 juillet 2020 Avertissement concernant un \u00e9ventuel d\u00e9faut d&#039;\u00e9chelle &nbsp; Le Groupe CMP Lt\u00e9e vous informe d&#039;un possible d\u00e9faut de la marche de l&#039;\u00e9chelle Dock Edge mod\u00e8les DE2053F, DE2054F, DE2055F, DE2043F, DE2044F et DE2045F. Le d\u00e9faut potentiel est li\u00e9 \u00e0 une ar\u00eate vive qui peut se trouver sur le bord ext\u00e9rieur [&hellip;]\" \/>\n<meta property=\"og:url\" content=\"https:\/\/dockedge.thinairweb.co\/fr\/avis-sur-le-produit\/\" \/>\n<meta property=\"og:site_name\" content=\"Dock Edge+\" \/>\n<meta property=\"article:modified_time\" content=\"2025-07-29T13:10:46+00:00\" \/>\n<meta name=\"twitter:card\" content=\"summary_large_image\" \/>\n<meta name=\"twitter:label1\" content=\"Dur\u00e9e de lecture estim\u00e9e\" \/>\n\t<meta name=\"twitter:data1\" content=\"2 minutes\" \/>\n<script type=\"application\/ld+json\" class=\"yoast-schema-graph\">{\"@context\":\"https:\/\/schema.org\",\"@graph\":[{\"@type\":\"WebPage\",\"@id\":\"https:\/\/dockedge.thinairweb.co\/fr\/avis-sur-le-produit\/\",\"url\":\"https:\/\/dockedge.thinairweb.co\/fr\/avis-sur-le-produit\/\",\"name\":\"Avis sur le produit - Dock Edge+\",\"isPartOf\":{\"@id\":\"https:\/\/dockedge.thinairweb.co\/fr\/#website\"},\"datePublished\":\"2020-07-09T15:30:13+00:00\",\"dateModified\":\"2025-07-29T13:10:46+00:00\",\"breadcrumb\":{\"@id\":\"https:\/\/dockedge.thinairweb.co\/fr\/avis-sur-le-produit\/#breadcrumb\"},\"inLanguage\":\"fr-FR\",\"potentialAction\":[{\"@type\":\"ReadAction\",\"target\":[\"https:\/\/dockedge.thinairweb.co\/fr\/avis-sur-le-produit\/\"]}]},{\"@type\":\"BreadcrumbList\",\"@id\":\"https:\/\/dockedge.thinairweb.co\/fr\/avis-sur-le-produit\/#breadcrumb\",\"itemListElement\":[{\"@type\":\"ListItem\",\"position\":1,\"name\":\"Home\",\"item\":\"https:\/\/dockedge.thinairweb.co\/fr\/\"},{\"@type\":\"ListItem\",\"position\":2,\"name\":\"Avis sur le produit\"}]},{\"@type\":\"WebSite\",\"@id\":\"https:\/\/dockedge.thinairweb.co\/fr\/#website\",\"url\":\"https:\/\/dockedge.thinairweb.co\/fr\/\",\"name\":\"Dock Edge+\",\"description\":\"Your Dock. Your Way.\",\"potentialAction\":[{\"@type\":\"SearchAction\",\"target\":{\"@type\":\"EntryPoint\",\"urlTemplate\":\"https:\/\/dockedge.thinairweb.co\/fr\/?s={search_term_string}\"},\"query-input\":{\"@type\":\"PropertyValueSpecification\",\"valueRequired\":true,\"valueName\":\"search_term_string\"}}],\"inLanguage\":\"fr-FR\"}]}<\/script>\n<!-- \/ Yoast SEO plugin. -->","yoast_head_json":{"title":"Avis sur le produit - Dock Edge+","robots":{"index":"index","follow":"follow","max-snippet":"max-snippet:-1","max-image-preview":"max-image-preview:large","max-video-preview":"max-video-preview:-1"},"canonical":"https:\/\/dockedge.thinairweb.co\/fr\/avis-sur-le-produit\/","og_locale":"fr_FR","og_type":"article","og_title":"Avis sur le produit - Dock Edge+","og_description":"AVIS SUR LE PRODUIT 7 juillet 2020 Avertissement concernant un \u00e9ventuel d\u00e9faut d'\u00e9chelle &nbsp; Le Groupe CMP Lt\u00e9e vous informe d'un possible d\u00e9faut de la marche de l'\u00e9chelle Dock Edge mod\u00e8les DE2053F, DE2054F, DE2055F, DE2043F, DE2044F et DE2045F. Le d\u00e9faut potentiel est li\u00e9 \u00e0 une ar\u00eate vive qui peut se trouver sur le bord ext\u00e9rieur [&hellip;]","og_url":"https:\/\/dockedge.thinairweb.co\/fr\/avis-sur-le-produit\/","og_site_name":"Dock Edge+","article_modified_time":"2025-07-29T13:10:46+00:00","twitter_card":"summary_large_image","twitter_misc":{"Dur\u00e9e de lecture estim\u00e9e":"2 minutes"},"schema":{"@context":"https:\/\/schema.org","@graph":[{"@type":"WebPage","@id":"https:\/\/dockedge.thinairweb.co\/fr\/avis-sur-le-produit\/","url":"https:\/\/dockedge.thinairweb.co\/fr\/avis-sur-le-produit\/","name":"Avis sur le produit - Dock Edge+","isPartOf":{"@id":"https:\/\/dockedge.thinairweb.co\/fr\/#website"},"datePublished":"2020-07-09T15:30:13+00:00","dateModified":"2025-07-29T13:10:46+00:00","breadcrumb":{"@id":"https:\/\/dockedge.thinairweb.co\/fr\/avis-sur-le-produit\/#breadcrumb"},"inLanguage":"fr-FR","potentialAction":[{"@type":"ReadAction","target":["https:\/\/dockedge.thinairweb.co\/fr\/avis-sur-le-produit\/"]}]},{"@type":"BreadcrumbList","@id":"https:\/\/dockedge.thinairweb.co\/fr\/avis-sur-le-produit\/#breadcrumb","itemListElement":[{"@type":"ListItem","position":1,"name":"Home","item":"https:\/\/dockedge.thinairweb.co\/fr\/"},{"@type":"ListItem","position":2,"name":"Avis sur le produit"}]},{"@type":"WebSite","@id":"https:\/\/dockedge.thinairweb.co\/fr\/#website","url":"https:\/\/dockedge.thinairweb.co\/fr\/","name":"Dock Edge+","description":"Your Dock. Your Way.","potentialAction":[{"@type":"SearchAction","target":{"@type":"EntryPoint","urlTemplate":"https:\/\/dockedge.thinairweb.co\/fr\/?s={search_term_string}"},"query-input":{"@type":"PropertyValueSpecification","valueRequired":true,"valueName":"search_term_string"}}],"inLanguage":"fr-FR"}]}},"acf":[],"_links":{"self":[{"href":"https:\/\/dockedge.thinairweb.co\/fr\/wp-json\/wp\/v2\/pages\/8295","targetHints":{"allow":["GET"]}}],"collection":[{"href":"https:\/\/dockedge.thinairweb.co\/fr\/wp-json\/wp\/v2\/pages"}],"about":[{"href":"https:\/\/dockedge.thinairweb.co\/fr\/wp-json\/wp\/v2\/types\/page"}],"author":[{"embeddable":true,"href":"https:\/\/dockedge.thinairweb.co\/fr\/wp-json\/wp\/v2\/users\/3"}],"replies":[{"embeddable":true,"href":"https:\/\/dockedge.thinairweb.co\/fr\/wp-json\/wp\/v2\/comments?post=8295"}],"version-history":[{"count":1,"href":"https:\/\/dockedge.thinairweb.co\/fr\/wp-json\/wp\/v2\/pages\/8295\/revisions"}],"predecessor-version":[{"id":8301,"href":"https:\/\/dockedge.thinairweb.co\/fr\/wp-json\/wp\/v2\/pages\/8295\/revisions\/8301"}],"wp:attachment":[{"href":"https:\/\/dockedge.thinairweb.co\/fr\/wp-json\/wp\/v2\/media?parent=8295"}],"curies":[{"name":"wp","href":"https:\/\/api.w.org\/{rel}","templated":true}]}}