{"id":8315,"date":"2019-09-24T22:01:23","date_gmt":"2019-09-24T22:01:23","guid":{"rendered":"https:\/\/dockedge.com\/soutien\/contactez-nous\/"},"modified":"2025-07-29T13:10:46","modified_gmt":"2025-07-29T13:10:46","slug":"contactez-nous","status":"publish","type":"page","link":"https:\/\/dockedge.thinairweb.co\/fr\/soutien\/contactez-nous\/","title":{"rendered":"Contactez nous"},"content":{"rendered":"<p>[et_pb_section fb_built=\u00a0\u00bb1&Prime; _builder_version=\u00a0\u00bb4.16&Prime; global_colors_info=\u00a0\u00bb{}\u00a0\u00bb][et_pb_row _builder_version=\u00a0\u00bb4.16&Prime; global_colors_info=\u00a0\u00bb{}\u00a0\u00bb][et_pb_column type=\u00a0\u00bb4_4&Prime; _builder_version=\u00a0\u00bb4.16&Prime; custom_padding=\u00a0\u00bb|||\u00a0\u00bb global_colors_info=\u00a0\u00bb{}\u00a0\u00bb custom_padding__hover=\u00a0\u00bb|||\u00a0\u00bb][et_pb_code _builder_version=\u00a0\u00bb4.21.2&Prime; _module_preset=\u00a0\u00bbdefault\u00a0\u00bb global_colors_info=\u00a0\u00bb{}\u00a0\u00bb]<\/p>\n<div id=\"wufoo-s1khg8sr0ea02vn\">  Remplissez mon <a href=\"https:\/\/cmpgroup.wufoo.com\/forms\/s1khg8sr0ea02vn\">formulaire en ligne<\/a>.  <\/div>\n<p> <script type=\"text\/javascript\"> var s1khg8sr0ea02vn; (function(d, t) { var s = d.createElement(t), options = { 'userName':'cmpgroup', 'formHash':'s1khg8sr0ea02vn', 'autoResize':true, 'height':'814', 'async':true, 'host':'wufoo.com', 'header':'show', 'ssl':true }; s.src = ('https:' == d.location.protocol ?'https:\/\/':'http:\/\/') + 'secure.wufoo.com\/scripts\/embed\/form.js'; s.onload = s.onreadystatechange = function() { var rs = this.readyState; if (rs) if (rs != 'complete') if (rs != 'loaded') return; try { s1khg8sr0ea02vn = new WufooForm(); s1khg8sr0ea02vn.initialize(options); s1khg8sr0ea02vn.display(); } catch (e) { } }; var scr = d.getElementsByTagName(t)[0], par = scr.parentNode; par.insertBefore(s, scr); })(document, 'script'); <\/script>[\/et_pb_code][\/et_pb_column][\/et_pb_row][et_pb_row _builder_version=\u00a0\u00bb4.16&Prime; custom_padding=\u00a0\u00bb30px|0px|0|0px|false|false\u00a0\u00bb global_colors_info=\u00a0\u00bb{}\u00a0\u00bb][et_pb_column type=\u00a0\u00bb4_4&Prime; _builder_version=\u00a0\u00bb4.16&Prime; custom_padding=\u00a0\u00bb|||\u00a0\u00bb global_colors_info=\u00a0\u00bb{}\u00a0\u00bb custom_padding__hover=\u00a0\u00bb|||\u00a0\u00bb][et_pb_divider _builder_version=\u00a0\u00bb4.21.2&Prime; _module_preset=\u00a0\u00bbdefault\u00a0\u00bb hover_enabled=\u00a0\u00bb0&Prime; sticky_enabled=\u00a0\u00bb0&Prime; color=\u00a0\u00bb#020002&Prime;][\/et_pb_divider][et_pb_text _builder_version=\u00a0\u00bb4.21.2&Prime; hover_enabled=\u00a0\u00bb0&Prime; global_colors_info=\u00a0\u00bb{}\u00a0\u00bb text_text_color=\u00a0\u00bb#020202&Prime; sticky_enabled=\u00a0\u00bb0&Prime;]<\/p>\n<div class=\"et_pb_column et_pb_column_4_4 et_pb_column_1 et_pb_css_mix_blend_mode_passthrough et-last-child\">\n<div class=\"et_pb_module et_pb_text et_pb_text_0 et_pb_text_align_left et_pb_bg_layout_light\">\n<div class=\"et_pb_text_inner\">\n<p style=\"text-align: center;\">Pour toute demande de service, veuillez envoyer un courriel \u00e0 <a href=\"mailto:support@cmpgroup.net\">support@cmpgroup.net<\/a> ou appeler notre service client\u00e8le nord-am\u00e9ricain au 1.877.938.9766 (disponible de 8 h \u00e0 17 h, heure de l&rsquo;Est).<\/p>\n<\/div>\n<\/div>\n<\/div>\n<p>[\/et_pb_text][\/et_pb_column][\/et_pb_row][\/et_pb_section]<\/p>\n","protected":false},"excerpt":{"rendered":"<p>Pour toute demande de service, veuillez envoyer un courriel \u00e0 support@cmpgroup.net ou appeler notre service client\u00e8le nord-am\u00e9ricain au 1.877.938.9766 (disponible de 8 h \u00e0 17 h, heure de l&rsquo;Est).<\/p>\n","protected":false},"author":20,"featured_media":0,"parent":8185,"menu_order":0,"comment_status":"closed","ping_status":"closed","template":"","meta":{"_acf_changed":false,"_et_pb_use_builder":"on","_et_pb_old_content":"","_et_gb_content_width":"","footnotes":""},"class_list":["post-8315","page","type-page","status-publish","hentry"],"yoast_head":"<!-- This site is optimized with the Yoast SEO plugin v27.0 - https:\/\/yoast.com\/product\/yoast-seo-wordpress\/ -->\n<title>Contactez nous - Dock Edge+<\/title>\n<meta name=\"robots\" content=\"index, follow, max-snippet:-1, max-image-preview:large, max-video-preview:-1\" \/>\n<link rel=\"canonical\" href=\"https:\/\/dockedge.thinairweb.co\/fr\/soutien\/contactez-nous\/\" \/>\n<meta property=\"og:locale\" content=\"fr_FR\" \/>\n<meta property=\"og:type\" content=\"article\" \/>\n<meta property=\"og:title\" content=\"Contactez nous - Dock Edge+\" \/>\n<meta property=\"og:description\" content=\"Pour toute demande de service, veuillez envoyer un courriel \u00e0 support@cmpgroup.net ou appeler notre service client\u00e8le nord-am\u00e9ricain au 1.877.938.9766 (disponible de 8 h \u00e0 17 h, heure de l&#039;Est).\" \/>\n<meta property=\"og:url\" content=\"https:\/\/dockedge.thinairweb.co\/fr\/soutien\/contactez-nous\/\" \/>\n<meta property=\"og:site_name\" content=\"Dock Edge+\" \/>\n<meta property=\"article:modified_time\" content=\"2025-07-29T13:10:46+00:00\" \/>\n<meta name=\"twitter:card\" content=\"summary_large_image\" \/>\n<meta name=\"twitter:label1\" content=\"Dur\u00e9e de lecture estim\u00e9e\" \/>\n\t<meta name=\"twitter:data1\" content=\"1 minute\" \/>\n<script type=\"application\/ld+json\" class=\"yoast-schema-graph\">{\"@context\":\"https:\/\/schema.org\",\"@graph\":[{\"@type\":\"WebPage\",\"@id\":\"https:\/\/dockedge.thinairweb.co\/fr\/soutien\/contactez-nous\/\",\"url\":\"https:\/\/dockedge.thinairweb.co\/fr\/soutien\/contactez-nous\/\",\"name\":\"Contactez nous - Dock Edge+\",\"isPartOf\":{\"@id\":\"https:\/\/dockedge.thinairweb.co\/fr\/#website\"},\"datePublished\":\"2019-09-24T22:01:23+00:00\",\"dateModified\":\"2025-07-29T13:10:46+00:00\",\"breadcrumb\":{\"@id\":\"https:\/\/dockedge.thinairweb.co\/fr\/soutien\/contactez-nous\/#breadcrumb\"},\"inLanguage\":\"fr-FR\",\"potentialAction\":[{\"@type\":\"ReadAction\",\"target\":[\"https:\/\/dockedge.thinairweb.co\/fr\/soutien\/contactez-nous\/\"]}]},{\"@type\":\"BreadcrumbList\",\"@id\":\"https:\/\/dockedge.thinairweb.co\/fr\/soutien\/contactez-nous\/#breadcrumb\",\"itemListElement\":[{\"@type\":\"ListItem\",\"position\":1,\"name\":\"Home\",\"item\":\"https:\/\/dockedge.thinairweb.co\/fr\/\"},{\"@type\":\"ListItem\",\"position\":2,\"name\":\"Soutien\",\"item\":\"https:\/\/dockedge.thinairweb.co\/fr\/soutien\/\"},{\"@type\":\"ListItem\",\"position\":3,\"name\":\"Contactez nous\"}]},{\"@type\":\"WebSite\",\"@id\":\"https:\/\/dockedge.thinairweb.co\/fr\/#website\",\"url\":\"https:\/\/dockedge.thinairweb.co\/fr\/\",\"name\":\"Dock Edge+\",\"description\":\"Your Dock. Your Way.\",\"potentialAction\":[{\"@type\":\"SearchAction\",\"target\":{\"@type\":\"EntryPoint\",\"urlTemplate\":\"https:\/\/dockedge.thinairweb.co\/fr\/?s={search_term_string}\"},\"query-input\":{\"@type\":\"PropertyValueSpecification\",\"valueRequired\":true,\"valueName\":\"search_term_string\"}}],\"inLanguage\":\"fr-FR\"}]}<\/script>\n<!-- \/ Yoast SEO plugin. -->","yoast_head_json":{"title":"Contactez nous - Dock Edge+","robots":{"index":"index","follow":"follow","max-snippet":"max-snippet:-1","max-image-preview":"max-image-preview:large","max-video-preview":"max-video-preview:-1"},"canonical":"https:\/\/dockedge.thinairweb.co\/fr\/soutien\/contactez-nous\/","og_locale":"fr_FR","og_type":"article","og_title":"Contactez nous - Dock Edge+","og_description":"Pour toute demande de service, veuillez envoyer un courriel \u00e0 support@cmpgroup.net ou appeler notre service client\u00e8le nord-am\u00e9ricain au 1.877.938.9766 (disponible de 8 h \u00e0 17 h, heure de l'Est).","og_url":"https:\/\/dockedge.thinairweb.co\/fr\/soutien\/contactez-nous\/","og_site_name":"Dock Edge+","article_modified_time":"2025-07-29T13:10:46+00:00","twitter_card":"summary_large_image","twitter_misc":{"Dur\u00e9e de lecture estim\u00e9e":"1 minute"},"schema":{"@context":"https:\/\/schema.org","@graph":[{"@type":"WebPage","@id":"https:\/\/dockedge.thinairweb.co\/fr\/soutien\/contactez-nous\/","url":"https:\/\/dockedge.thinairweb.co\/fr\/soutien\/contactez-nous\/","name":"Contactez nous - Dock Edge+","isPartOf":{"@id":"https:\/\/dockedge.thinairweb.co\/fr\/#website"},"datePublished":"2019-09-24T22:01:23+00:00","dateModified":"2025-07-29T13:10:46+00:00","breadcrumb":{"@id":"https:\/\/dockedge.thinairweb.co\/fr\/soutien\/contactez-nous\/#breadcrumb"},"inLanguage":"fr-FR","potentialAction":[{"@type":"ReadAction","target":["https:\/\/dockedge.thinairweb.co\/fr\/soutien\/contactez-nous\/"]}]},{"@type":"BreadcrumbList","@id":"https:\/\/dockedge.thinairweb.co\/fr\/soutien\/contactez-nous\/#breadcrumb","itemListElement":[{"@type":"ListItem","position":1,"name":"Home","item":"https:\/\/dockedge.thinairweb.co\/fr\/"},{"@type":"ListItem","position":2,"name":"Soutien","item":"https:\/\/dockedge.thinairweb.co\/fr\/soutien\/"},{"@type":"ListItem","position":3,"name":"Contactez nous"}]},{"@type":"WebSite","@id":"https:\/\/dockedge.thinairweb.co\/fr\/#website","url":"https:\/\/dockedge.thinairweb.co\/fr\/","name":"Dock Edge+","description":"Your Dock. Your Way.","potentialAction":[{"@type":"SearchAction","target":{"@type":"EntryPoint","urlTemplate":"https:\/\/dockedge.thinairweb.co\/fr\/?s={search_term_string}"},"query-input":{"@type":"PropertyValueSpecification","valueRequired":true,"valueName":"search_term_string"}}],"inLanguage":"fr-FR"}]}},"acf":[],"_links":{"self":[{"href":"https:\/\/dockedge.thinairweb.co\/fr\/wp-json\/wp\/v2\/pages\/8315","targetHints":{"allow":["GET"]}}],"collection":[{"href":"https:\/\/dockedge.thinairweb.co\/fr\/wp-json\/wp\/v2\/pages"}],"about":[{"href":"https:\/\/dockedge.thinairweb.co\/fr\/wp-json\/wp\/v2\/types\/page"}],"author":[{"embeddable":true,"href":"https:\/\/dockedge.thinairweb.co\/fr\/wp-json\/wp\/v2\/users\/20"}],"replies":[{"embeddable":true,"href":"https:\/\/dockedge.thinairweb.co\/fr\/wp-json\/wp\/v2\/comments?post=8315"}],"version-history":[{"count":1,"href":"https:\/\/dockedge.thinairweb.co\/fr\/wp-json\/wp\/v2\/pages\/8315\/revisions"}],"predecessor-version":[{"id":8321,"href":"https:\/\/dockedge.thinairweb.co\/fr\/wp-json\/wp\/v2\/pages\/8315\/revisions\/8321"}],"up":[{"embeddable":true,"href":"https:\/\/dockedge.thinairweb.co\/fr\/wp-json\/wp\/v2\/pages\/8185"}],"wp:attachment":[{"href":"https:\/\/dockedge.thinairweb.co\/fr\/wp-json\/wp\/v2\/media?parent=8315"}],"curies":[{"name":"wp","href":"https:\/\/api.w.org\/{rel}","templated":true}]}}