{"id":8333,"date":"2018-09-18T19:11:26","date_gmt":"2018-09-18T19:11:26","guid":{"rendered":"https:\/\/dockedge.com\/faire-une-demande-de-garantie\/"},"modified":"2025-07-29T13:10:51","modified_gmt":"2025-07-29T13:10:51","slug":"faire-une-demande-de-garantie","status":"publish","type":"page","link":"https:\/\/dockedge.thinairweb.co\/fr\/faire-une-demande-de-garantie\/","title":{"rendered":"Faire une demande de garantie"},"content":{"rendered":"<p>[et_pb_section fb_built=\u00a0\u00bb1&Prime; fullwidth=\u00a0\u00bbon\u00a0\u00bb _builder_version=\u00a0\u00bb4.16&Prime; global_colors_info=\u00a0\u00bb{}\u00a0\u00bb][et_pb_fullwidth_header title=\u00a0\u00bbFaire une demande de garantie\u00a0\u00bb text_orientation=\u00a0\u00bbcenter\u00a0\u00bb background_overlay_color=\u00a0\u00bbrgba(49,54,58,0.41)\u00a0\u00bb _builder_version=\u00a0\u00bb4.16&Prime; title_font=\u00a0\u00bb|300|||||||\u00a0\u00bb title_font_size=\u00a0\u00bb43px\u00a0\u00bb background_image=\u00a0\u00bbhttp:\/\/www.dockedge.com\/wp-content\/uploads\/sites\/3\/2018\/03\/brighton-marina-uk.jpg\u00a0\u00bb custom_padding=\u00a0\u00bb150px||150px||true\u00a0\u00bb global_colors_info=\u00a0\u00bb{}\u00a0\u00bb button_one_text_size__hover_enabled=\u00a0\u00bboff\u00a0\u00bb button_two_text_size__hover_enabled=\u00a0\u00bboff\u00a0\u00bb button_one_text_color__hover_enabled=\u00a0\u00bboff\u00a0\u00bb button_two_text_color__hover_enabled=\u00a0\u00bboff\u00a0\u00bb button_one_border_width__hover_enabled=\u00a0\u00bboff\u00a0\u00bb button_two_border_width__hover_enabled=\u00a0\u00bboff\u00a0\u00bb button_one_border_color__hover_enabled=\u00a0\u00bboff\u00a0\u00bb button_two_border_color__hover_enabled=\u00a0\u00bboff\u00a0\u00bb button_one_border_radius__hover_enabled=\u00a0\u00bboff\u00a0\u00bb button_two_border_radius__hover_enabled=\u00a0\u00bboff\u00a0\u00bb button_one_letter_spacing__hover_enabled=\u00a0\u00bboff\u00a0\u00bb button_two_letter_spacing__hover_enabled=\u00a0\u00bboff\u00a0\u00bb button_one_bg_color__hover_enabled=\u00a0\u00bboff\u00a0\u00bb button_two_bg_color__hover_enabled=\u00a0\u00bboff\u00a0\u00bb][\/et_pb_fullwidth_header][\/et_pb_section][et_pb_section fb_built=\u00a0\u00bb1&Prime; _builder_version=\u00a0\u00bb4.16&Prime; custom_padding=\u00a0\u00bb47px|0px|48.2656px|0px\u00a0\u00bb global_colors_info=\u00a0\u00bb{}\u00a0\u00bb][et_pb_row _builder_version=\u00a0\u00bb4.16&Prime; _module_preset=\u00a0\u00bbdefault\u00a0\u00bb global_colors_info=\u00a0\u00bb{}\u00a0\u00bb][et_pb_column type=\u00a0\u00bb4_4&Prime; _builder_version=\u00a0\u00bb4.16&Prime; _module_preset=\u00a0\u00bbdefault\u00a0\u00bb global_colors_info=\u00a0\u00bb{}\u00a0\u00bb][et_pb_text _builder_version=\u00a0\u00bb4.16&Prime; _module_preset=\u00a0\u00bbdefault\u00a0\u00bb global_colors_info=\u00a0\u00bb{}\u00a0\u00bb]<\/p>\n<div class=\"gc11v3-generictext component-base section\">\n<section id=\"gc11_v3_generictext_55108\" class=\"p-gc11v3-generictext p-valign-parent p-row-gutter p-l-spacing-bottom-b p-m-spacing-bottom-b p-s-spacing-bottom-a p-xs-spacing-bottom-a\" data-comp-id=\"gc11v3Generictext\" data-containerlink=\"{\"useLink\":\"no\", \"url\":\"\", \"navdest\":\"\", \"target\":\"_self\", \"omniture\":\"\"}\" data-is-internal=\"true\">\n<div class=\"p-vertical-positioning p-text-container p-valign-top\">\n<div class=\"p-text-container-inner\">\n<div class=\"p-body-text p-text-smaller p-l-col1 p-m-col1 p-s-col1 p-xs-col1\">\n<p><span class=\"p-body-copy-01\">Cher client,<\/span><\/p>\n<p><span class=\"p-body-copy-01\">Les produits Dock Edge+ sont con\u00e7us et fabriqu\u00e9s selon les normes les plus strictes et offrent des performances de haute qualit\u00e9, une facilit\u00e9 d&rsquo;utilisation et d&rsquo;installation. Si vous rencontrez des difficult\u00e9s lors de l&rsquo;utilisation de votre produit, nous vous recommandons de consulter d&rsquo;abord le manuel d&rsquo;utilisation ou les informations de la section d&rsquo;assistance de ce site web, o\u00f9 vous trouverez un manuel d&rsquo;utilisation t\u00e9l\u00e9chargeable, des questions fr\u00e9quemment pos\u00e9es et des vid\u00e9os d&rsquo;instruction. <\/span><\/p>\n<p><span class=\"p-body-copy-01\">Dans le cas improbable d&rsquo;une d\u00e9faillance du produit, Dock Edge+ fera r\u00e9parer votre produit gratuitement si vous nous informez du d\u00e9faut pendant la p\u00e9riode de garantie, \u00e0 condition que le produit ait \u00e9t\u00e9 utilis\u00e9 conform\u00e9ment au manuel d&rsquo;utilisation.  <\/span><\/p>\n<p>Veuillez remplir le formulaire ci-dessous et l&rsquo;un de nos repr\u00e9sentants vous contactera dans les plus brefs d\u00e9lais.<\/p>\n<\/div>\n<\/div>\n<\/div>\n<\/section>\n<\/div>\n<div class=\"st08b-faqs section\"> <\/div>\n<p>[\/et_pb_text][\/et_pb_column][\/et_pb_row][et_pb_row _builder_version=\u00a0\u00bb4.16&Prime; background_size=\u00a0\u00bbinitial\u00a0\u00bb background_position=\u00a0\u00bbtop_left\u00a0\u00bb background_repeat=\u00a0\u00bbrepeat\u00a0\u00bb width=\u00a0\u00bb55%\u00a0\u00bb global_colors_info=\u00a0\u00bb{}\u00a0\u00bb][et_pb_column type=\u00a0\u00bb4_4&Prime; _builder_version=\u00a0\u00bb4.16&Prime; custom_padding=\u00a0\u00bb|||\u00a0\u00bb global_colors_info=\u00a0\u00bb{}\u00a0\u00bb custom_padding__hover=\u00a0\u00bb|||\u00a0\u00bb][et_pb_code _builder_version=\u00a0\u00bb4.21.2&Prime; _module_preset=\u00a0\u00bbdefault\u00a0\u00bb global_colors_info=\u00a0\u00bb{}\u00a0\u00bb]<\/p>\n<div id=\"wufoo-m13ts7lv1d7vbpf\">  Remplissez mon <a href=\"https:\/\/cmpgroup.wufoo.com\/forms\/m13ts7lv1d7vbpf\">formulaire en ligne<\/a>.  <\/div>\n<p> <script type=\"text\/javascript\"> var m13ts7lv1d7vbpf; (function(d, t) { var s = d.createElement(t), options = { 'userName':'cmpgroup', 'formHash':'m13ts7lv1d7vbpf', 'autoResize':true, 'height':'1365', 'async':true, 'host':'wufoo.com', 'header':'show', 'ssl':true }; s.src = ('https:' == d.location.protocol ?'https:\/\/':'http:\/\/') + 'secure.wufoo.com\/scripts\/embed\/form.js'; s.onload = s.onreadystatechange = function() { var rs = this.readyState; if (rs) if (rs != 'complete') if (rs != 'loaded') return; try { m13ts7lv1d7vbpf = new WufooForm(); m13ts7lv1d7vbpf.initialize(options); m13ts7lv1d7vbpf.display(); } catch (e) { } }; var scr = d.getElementsByTagName(t)[0], par = scr.parentNode; par.insertBefore(s, scr); })(document, 'script'); <\/script>[\/et_pb_code][\/et_pb_column][\/et_pb_row][\/et_pb_section]<\/p>\n","protected":false},"excerpt":{"rendered":"<p>Cher client, Les produits Dock Edge+ sont con\u00e7us et fabriqu\u00e9s selon les normes les plus strictes et offrent des performances de haute qualit\u00e9, une facilit\u00e9 d&rsquo;utilisation et d&rsquo;installation. Si vous rencontrez des difficult\u00e9s lors de l&rsquo;utilisation de votre produit, nous vous recommandons de consulter d&rsquo;abord le manuel d&rsquo;utilisation ou les informations de la section d&rsquo;assistance [&hellip;]<\/p>\n","protected":false},"author":20,"featured_media":0,"parent":0,"menu_order":0,"comment_status":"closed","ping_status":"closed","template":"","meta":{"_acf_changed":false,"_et_pb_use_builder":"on","_et_pb_old_content":"","_et_gb_content_width":"","footnotes":""},"class_list":["post-8333","page","type-page","status-publish","hentry"],"yoast_head":"<!-- This site is optimized with the Yoast SEO plugin v27.0 - https:\/\/yoast.com\/product\/yoast-seo-wordpress\/ -->\n<title>Faire une demande de garantie - Dock Edge+<\/title>\n<meta name=\"robots\" content=\"index, follow, max-snippet:-1, max-image-preview:large, max-video-preview:-1\" \/>\n<link rel=\"canonical\" href=\"https:\/\/dockedge.thinairweb.co\/fr\/faire-une-demande-de-garantie\/\" \/>\n<meta property=\"og:locale\" content=\"fr_FR\" \/>\n<meta property=\"og:type\" content=\"article\" \/>\n<meta property=\"og:title\" content=\"Faire une demande de garantie - Dock Edge+\" \/>\n<meta property=\"og:description\" content=\"Cher client, Les produits Dock Edge+ sont con\u00e7us et fabriqu\u00e9s selon les normes les plus strictes et offrent des performances de haute qualit\u00e9, une facilit\u00e9 d&#039;utilisation et d&#039;installation. Si vous rencontrez des difficult\u00e9s lors de l&#039;utilisation de votre produit, nous vous recommandons de consulter d&#039;abord le manuel d&#039;utilisation ou les informations de la section d&#039;assistance [&hellip;]\" \/>\n<meta property=\"og:url\" content=\"https:\/\/dockedge.thinairweb.co\/fr\/faire-une-demande-de-garantie\/\" \/>\n<meta property=\"og:site_name\" content=\"Dock Edge+\" \/>\n<meta property=\"article:modified_time\" content=\"2025-07-29T13:10:51+00:00\" \/>\n<meta name=\"twitter:card\" content=\"summary_large_image\" \/>\n<meta name=\"twitter:label1\" content=\"Dur\u00e9e de lecture estim\u00e9e\" \/>\n\t<meta name=\"twitter:data1\" content=\"2 minutes\" \/>\n<script type=\"application\/ld+json\" class=\"yoast-schema-graph\">{\"@context\":\"https:\/\/schema.org\",\"@graph\":[{\"@type\":\"WebPage\",\"@id\":\"https:\/\/dockedge.thinairweb.co\/fr\/faire-une-demande-de-garantie\/\",\"url\":\"https:\/\/dockedge.thinairweb.co\/fr\/faire-une-demande-de-garantie\/\",\"name\":\"Faire une demande de garantie - Dock Edge+\",\"isPartOf\":{\"@id\":\"https:\/\/dockedge.thinairweb.co\/fr\/#website\"},\"datePublished\":\"2018-09-18T19:11:26+00:00\",\"dateModified\":\"2025-07-29T13:10:51+00:00\",\"breadcrumb\":{\"@id\":\"https:\/\/dockedge.thinairweb.co\/fr\/faire-une-demande-de-garantie\/#breadcrumb\"},\"inLanguage\":\"fr-FR\",\"potentialAction\":[{\"@type\":\"ReadAction\",\"target\":[\"https:\/\/dockedge.thinairweb.co\/fr\/faire-une-demande-de-garantie\/\"]}]},{\"@type\":\"BreadcrumbList\",\"@id\":\"https:\/\/dockedge.thinairweb.co\/fr\/faire-une-demande-de-garantie\/#breadcrumb\",\"itemListElement\":[{\"@type\":\"ListItem\",\"position\":1,\"name\":\"Home\",\"item\":\"https:\/\/dockedge.thinairweb.co\/fr\/\"},{\"@type\":\"ListItem\",\"position\":2,\"name\":\"Faire une demande de garantie\"}]},{\"@type\":\"WebSite\",\"@id\":\"https:\/\/dockedge.thinairweb.co\/fr\/#website\",\"url\":\"https:\/\/dockedge.thinairweb.co\/fr\/\",\"name\":\"Dock Edge+\",\"description\":\"Your Dock. Your Way.\",\"potentialAction\":[{\"@type\":\"SearchAction\",\"target\":{\"@type\":\"EntryPoint\",\"urlTemplate\":\"https:\/\/dockedge.thinairweb.co\/fr\/?s={search_term_string}\"},\"query-input\":{\"@type\":\"PropertyValueSpecification\",\"valueRequired\":true,\"valueName\":\"search_term_string\"}}],\"inLanguage\":\"fr-FR\"}]}<\/script>\n<!-- \/ Yoast SEO plugin. -->","yoast_head_json":{"title":"Faire une demande de garantie - Dock Edge+","robots":{"index":"index","follow":"follow","max-snippet":"max-snippet:-1","max-image-preview":"max-image-preview:large","max-video-preview":"max-video-preview:-1"},"canonical":"https:\/\/dockedge.thinairweb.co\/fr\/faire-une-demande-de-garantie\/","og_locale":"fr_FR","og_type":"article","og_title":"Faire une demande de garantie - Dock Edge+","og_description":"Cher client, Les produits Dock Edge+ sont con\u00e7us et fabriqu\u00e9s selon les normes les plus strictes et offrent des performances de haute qualit\u00e9, une facilit\u00e9 d'utilisation et d'installation. Si vous rencontrez des difficult\u00e9s lors de l'utilisation de votre produit, nous vous recommandons de consulter d'abord le manuel d'utilisation ou les informations de la section d'assistance [&hellip;]","og_url":"https:\/\/dockedge.thinairweb.co\/fr\/faire-une-demande-de-garantie\/","og_site_name":"Dock Edge+","article_modified_time":"2025-07-29T13:10:51+00:00","twitter_card":"summary_large_image","twitter_misc":{"Dur\u00e9e de lecture estim\u00e9e":"2 minutes"},"schema":{"@context":"https:\/\/schema.org","@graph":[{"@type":"WebPage","@id":"https:\/\/dockedge.thinairweb.co\/fr\/faire-une-demande-de-garantie\/","url":"https:\/\/dockedge.thinairweb.co\/fr\/faire-une-demande-de-garantie\/","name":"Faire une demande de garantie - Dock Edge+","isPartOf":{"@id":"https:\/\/dockedge.thinairweb.co\/fr\/#website"},"datePublished":"2018-09-18T19:11:26+00:00","dateModified":"2025-07-29T13:10:51+00:00","breadcrumb":{"@id":"https:\/\/dockedge.thinairweb.co\/fr\/faire-une-demande-de-garantie\/#breadcrumb"},"inLanguage":"fr-FR","potentialAction":[{"@type":"ReadAction","target":["https:\/\/dockedge.thinairweb.co\/fr\/faire-une-demande-de-garantie\/"]}]},{"@type":"BreadcrumbList","@id":"https:\/\/dockedge.thinairweb.co\/fr\/faire-une-demande-de-garantie\/#breadcrumb","itemListElement":[{"@type":"ListItem","position":1,"name":"Home","item":"https:\/\/dockedge.thinairweb.co\/fr\/"},{"@type":"ListItem","position":2,"name":"Faire une demande de garantie"}]},{"@type":"WebSite","@id":"https:\/\/dockedge.thinairweb.co\/fr\/#website","url":"https:\/\/dockedge.thinairweb.co\/fr\/","name":"Dock Edge+","description":"Your Dock. Your Way.","potentialAction":[{"@type":"SearchAction","target":{"@type":"EntryPoint","urlTemplate":"https:\/\/dockedge.thinairweb.co\/fr\/?s={search_term_string}"},"query-input":{"@type":"PropertyValueSpecification","valueRequired":true,"valueName":"search_term_string"}}],"inLanguage":"fr-FR"}]}},"acf":[],"_links":{"self":[{"href":"https:\/\/dockedge.thinairweb.co\/fr\/wp-json\/wp\/v2\/pages\/8333","targetHints":{"allow":["GET"]}}],"collection":[{"href":"https:\/\/dockedge.thinairweb.co\/fr\/wp-json\/wp\/v2\/pages"}],"about":[{"href":"https:\/\/dockedge.thinairweb.co\/fr\/wp-json\/wp\/v2\/types\/page"}],"author":[{"embeddable":true,"href":"https:\/\/dockedge.thinairweb.co\/fr\/wp-json\/wp\/v2\/users\/20"}],"replies":[{"embeddable":true,"href":"https:\/\/dockedge.thinairweb.co\/fr\/wp-json\/wp\/v2\/comments?post=8333"}],"version-history":[{"count":1,"href":"https:\/\/dockedge.thinairweb.co\/fr\/wp-json\/wp\/v2\/pages\/8333\/revisions"}],"predecessor-version":[{"id":8336,"href":"https:\/\/dockedge.thinairweb.co\/fr\/wp-json\/wp\/v2\/pages\/8333\/revisions\/8336"}],"wp:attachment":[{"href":"https:\/\/dockedge.thinairweb.co\/fr\/wp-json\/wp\/v2\/media?parent=8333"}],"curies":[{"name":"wp","href":"https:\/\/api.w.org\/{rel}","templated":true}]}}