{"id":8341,"date":"2018-09-10T20:13:45","date_gmt":"2018-09-10T20:13:45","guid":{"rendered":"https:\/\/dockedge.com\/juridique\/"},"modified":"2025-07-29T13:10:51","modified_gmt":"2025-07-29T13:10:51","slug":"juridique","status":"publish","type":"page","link":"https:\/\/dockedge.thinairweb.co\/fr\/juridique\/","title":{"rendered":"Juridique"},"content":{"rendered":"<p>[et_pb_section fb_built=\u00a0\u00bb1&Prime; fullwidth=\u00a0\u00bbon\u00a0\u00bb _builder_version=\u00a0\u00bb4.16&Prime; global_colors_info=\u00a0\u00bb{}\u00a0\u00bb][et_pb_fullwidth_header title=\u00a0\u00bbAvis juridiques\u00a0\u00bb text_orientation=\u00a0\u00bbcenter\u00a0\u00bb background_overlay_color=\u00a0\u00bbrgba(49,54,58,0.59)\u00a0\u00bb _builder_version=\u00a0\u00bb4.16&Prime; title_font=\u00a0\u00bb|300||on|||||\u00a0\u00bb title_font_size=\u00a0\u00bb45px\u00a0\u00bb content_font=\u00a0\u00bb||||||||\u00a0\u00bb background_image=\u00a0\u00bbhttp:\/\/www.dockedge.com\/wp-content\/uploads\/sites\/3\/2018\/03\/brighton-marina-uk.jpg\u00a0\u00bb custom_padding=\u00a0\u00bb150px||150px|\u00a0\u00bb global_colors_info=\u00a0\u00bb{}\u00a0\u00bb button_one_text_size__hover_enabled=\u00a0\u00bboff\u00a0\u00bb button_two_text_size__hover_enabled=\u00a0\u00bboff\u00a0\u00bb button_one_text_color__hover_enabled=\u00a0\u00bboff\u00a0\u00bb button_two_text_color__hover_enabled=\u00a0\u00bboff\u00a0\u00bb button_one_border_width__hover_enabled=\u00a0\u00bboff\u00a0\u00bb button_two_border_width__hover_enabled=\u00a0\u00bboff\u00a0\u00bb button_one_border_color__hover_enabled=\u00a0\u00bboff\u00a0\u00bb button_two_border_color__hover_enabled=\u00a0\u00bboff\u00a0\u00bb button_one_border_radius__hover_enabled=\u00a0\u00bboff\u00a0\u00bb button_two_border_radius__hover_enabled=\u00a0\u00bboff\u00a0\u00bb button_one_letter_spacing__hover_enabled=\u00a0\u00bboff\u00a0\u00bb button_two_letter_spacing__hover_enabled=\u00a0\u00bboff\u00a0\u00bb button_one_bg_color__hover_enabled=\u00a0\u00bboff\u00a0\u00bb button_two_bg_color__hover_enabled=\u00a0\u00bboff\u00a0\u00bb][\/et_pb_fullwidth_header][\/et_pb_section][et_pb_section fb_built=\u00a0\u00bb1&Prime; _builder_version=\u00a0\u00bb4.16&Prime; global_colors_info=\u00a0\u00bb{}\u00a0\u00bb][et_pb_row _builder_version=\u00a0\u00bb4.16&Prime; background_size=\u00a0\u00bbinitial\u00a0\u00bb background_position=\u00a0\u00bbtop_left\u00a0\u00bb background_repeat=\u00a0\u00bbrepeat\u00a0\u00bb global_colors_info=\u00a0\u00bb{}\u00a0\u00bb][et_pb_column type=\u00a0\u00bb4_4&Prime; _builder_version=\u00a0\u00bb4.16&Prime; custom_padding=\u00a0\u00bb|||\u00a0\u00bb global_colors_info=\u00a0\u00bb{}\u00a0\u00bb custom_padding__hover=\u00a0\u00bb|||\u00a0\u00bb][et_pb_blurb use_icon=\u00a0\u00bbon\u00a0\u00bb font_icon=\u00a0\u00bb&#x69;||divi||400&Prime; content_max_width=\u00a0\u00bb675px\u00a0\u00bb _builder_version=\u00a0\u00bb4.21.2&Prime; body_font=\u00a0\u00bb|300|||||||\u00a0\u00bb hover_enabled=\u00a0\u00bb0&Prime; global_colors_info=\u00a0\u00bb{}\u00a0\u00bb sticky_enabled=\u00a0\u00bb0&Prime;]<\/p>\n<p style=\"margin: 0cm; margin-bottom: .0001pt;\"><span style=\"font-family: inherit;\"><b>T<\/b><\/span><b>RADEMARK<\/b><\/p>\n<p>Le logo Dock Edge est une marque d\u00e9pos\u00e9e de CMP Group Ltd.<\/p>\n<p>Dolphin est, entre autres, une marque d\u00e9pos\u00e9e de CMP Group Ltd. ou de ses filiales.<\/p>\n<p style=\"margin: 0cm; margin-bottom: .0001pt;\"><b style=\"font-size: 14px; font-family: inherit;\">INFORMATIONS EXCLUSIVES<\/b><\/p>\n<p style=\"margin: 0cm; margin-bottom: .0001pt;\"><span style=\"font-size: 14px;\">Le pr\u00e9sent site Web de Dock Edge + est destin\u00e9 aux clients, aux affili\u00e9s et aux associ\u00e9s de CMP Group Ltd. CMP Group Ltd. d\u00e9tient et conserve les droits d&rsquo;auteur sur les documents contenus dans ce site Web. Personne n&rsquo;a le droit de copier ou de republier sous quelque forme que ce soit les informations contenues dans ce site Web Dock Edge +. Aucun \u00e9l\u00e9ment de ce site ne peut \u00eatre copi\u00e9, reproduit, republi\u00e9, transmis ou distribu\u00e9 sans le consentement \u00e9crit de CMP Group Ltd.   <\/span><span style=\"font-size: 14px;\"> <\/span><\/p>\n<p style=\"margin: 0cm; margin-bottom: .0001pt;\">Le Groupe CMP Ltd. se r\u00e9serve le droit de modifier ou d&rsquo;alt\u00e9rer tout produit figurant sur ce site Web par le biais de couleurs et\/ou de mat\u00e9riaux, sans que cela n&rsquo;ait d&rsquo;incidence sur la qualit\u00e9 des produits.<span style=\"font-family: inherit;\">avis de non-responsabilit\u00e9. Nous nous effor\u00e7ons en permanence de fournir \u00e0 nos clients des produits marins innovants et de qualit\u00e9. Il se peut que nous devions modifier les gammes de produits actuelles pour tenir compte de ces changements. Le Groupe CMP Ltd. n&rsquo;offre aucune garantie expresse concernant les informations fournies sur ce site Web.   <\/span><\/p>\n<p style=\"margin: 0cm; margin-bottom: .0001pt;\"><span style=\"font-family: inherit; font-size: 14px;\">Les descriptions et les lignes directrices figurant sur ce site web ne doivent \u00eatre utilis\u00e9es qu&rsquo;\u00e0 titre de r\u00e9f\u00e9rence g\u00e9n\u00e9rale. Pour toute information technique compl\u00e9mentaire, veuillez contacter notre service technique. Le contenu de ce site web est bas\u00e9 sur les derni\u00e8res informations disponibles au moment de la publication. CMP \/ Dock Edge n&rsquo;assume aucune responsabilit\u00e9 quant \u00e0 l&rsquo;exactitude des informations contenues dans ce site. Les sp\u00e9cifications des produits peuvent \u00eatre modifi\u00e9es sans pr\u00e9avis.    <\/span><\/p>\n<p style=\"margin: 0cm; margin-bottom: .0001pt;\"><b>AVERTISSEMENT<\/b> &#8211; comme l&rsquo;exige la loi californienne (Proposition 65) :<\/p>\n<p>Certains produits peuvent contenir des quantit\u00e9s d\u00e9tectables de chlorure de vinyle, un produit chimique reconnu par l&rsquo;\u00c9tat de Californie comme \u00e9tant \u00e0 l&rsquo;origine de cancers, de malformations cong\u00e9nitales ou d&rsquo;autres troubles de la reproduction. L&rsquo;\u00c9tat de Californie exige des avertissements <span style=\"font-size: medium;\">clairs <\/span>et raisonnables sur les produits contenant des substances chimiques susceptibles de provoquer des cancers, des malformations cong\u00e9nitales ou d&rsquo;autres troubles de la reproduction. M\u00eame si ces produits <b>ne contiennent que des traces de<\/b> substances chimiques nocives, l <b>&lsquo;\u00c9tat de Californie exige un avertissement<\/b>. Ces produits sont signal\u00e9s par le symbole \u2021.   <\/p>\n<p>[\/et_pb_blurb][\/et_pb_column][\/et_pb_row][\/et_pb_section]<\/p>\n","protected":false},"excerpt":{"rendered":"<p>TRADEMARK Le logo Dock Edge est une marque d\u00e9pos\u00e9e de CMP Group Ltd. Dolphin est, entre autres, une marque d\u00e9pos\u00e9e de CMP Group Ltd. ou de ses filiales. INFORMATIONS EXCLUSIVES Le pr\u00e9sent site Web de Dock Edge + est destin\u00e9 aux clients, aux affili\u00e9s et aux associ\u00e9s de CMP Group Ltd. CMP Group Ltd. d\u00e9tient [&hellip;]<\/p>\n","protected":false},"author":20,"featured_media":0,"parent":0,"menu_order":0,"comment_status":"closed","ping_status":"closed","template":"","meta":{"_acf_changed":false,"_et_pb_use_builder":"on","_et_pb_old_content":"","_et_gb_content_width":"","footnotes":""},"class_list":["post-8341","page","type-page","status-publish","hentry"],"yoast_head":"<!-- This site is optimized with the Yoast SEO plugin v27.0 - https:\/\/yoast.com\/product\/yoast-seo-wordpress\/ -->\n<title>Juridique - Dock Edge+<\/title>\n<meta name=\"robots\" content=\"index, follow, max-snippet:-1, max-image-preview:large, max-video-preview:-1\" \/>\n<link rel=\"canonical\" href=\"https:\/\/dockedge.thinairweb.co\/fr\/juridique\/\" \/>\n<meta property=\"og:locale\" content=\"fr_FR\" \/>\n<meta property=\"og:type\" content=\"article\" \/>\n<meta property=\"og:title\" content=\"Juridique - Dock Edge+\" \/>\n<meta property=\"og:description\" content=\"TRADEMARK Le logo Dock Edge est une marque d\u00e9pos\u00e9e de CMP Group Ltd. Dolphin est, entre autres, une marque d\u00e9pos\u00e9e de CMP Group Ltd. ou de ses filiales. INFORMATIONS EXCLUSIVES Le pr\u00e9sent site Web de Dock Edge + est destin\u00e9 aux clients, aux affili\u00e9s et aux associ\u00e9s de CMP Group Ltd. CMP Group Ltd. d\u00e9tient [&hellip;]\" \/>\n<meta property=\"og:url\" content=\"https:\/\/dockedge.thinairweb.co\/fr\/juridique\/\" \/>\n<meta property=\"og:site_name\" content=\"Dock Edge+\" \/>\n<meta property=\"article:modified_time\" content=\"2025-07-29T13:10:51+00:00\" \/>\n<meta name=\"twitter:card\" content=\"summary_large_image\" \/>\n<meta name=\"twitter:label1\" content=\"Dur\u00e9e de lecture estim\u00e9e\" \/>\n\t<meta name=\"twitter:data1\" content=\"3 minutes\" \/>\n<script type=\"application\/ld+json\" class=\"yoast-schema-graph\">{\"@context\":\"https:\/\/schema.org\",\"@graph\":[{\"@type\":\"WebPage\",\"@id\":\"https:\/\/dockedge.thinairweb.co\/fr\/juridique\/\",\"url\":\"https:\/\/dockedge.thinairweb.co\/fr\/juridique\/\",\"name\":\"Juridique - Dock Edge+\",\"isPartOf\":{\"@id\":\"https:\/\/dockedge.thinairweb.co\/fr\/#website\"},\"datePublished\":\"2018-09-10T20:13:45+00:00\",\"dateModified\":\"2025-07-29T13:10:51+00:00\",\"breadcrumb\":{\"@id\":\"https:\/\/dockedge.thinairweb.co\/fr\/juridique\/#breadcrumb\"},\"inLanguage\":\"fr-FR\",\"potentialAction\":[{\"@type\":\"ReadAction\",\"target\":[\"https:\/\/dockedge.thinairweb.co\/fr\/juridique\/\"]}]},{\"@type\":\"BreadcrumbList\",\"@id\":\"https:\/\/dockedge.thinairweb.co\/fr\/juridique\/#breadcrumb\",\"itemListElement\":[{\"@type\":\"ListItem\",\"position\":1,\"name\":\"Home\",\"item\":\"https:\/\/dockedge.thinairweb.co\/fr\/\"},{\"@type\":\"ListItem\",\"position\":2,\"name\":\"Juridique\"}]},{\"@type\":\"WebSite\",\"@id\":\"https:\/\/dockedge.thinairweb.co\/fr\/#website\",\"url\":\"https:\/\/dockedge.thinairweb.co\/fr\/\",\"name\":\"Dock Edge+\",\"description\":\"Your Dock. Your Way.\",\"potentialAction\":[{\"@type\":\"SearchAction\",\"target\":{\"@type\":\"EntryPoint\",\"urlTemplate\":\"https:\/\/dockedge.thinairweb.co\/fr\/?s={search_term_string}\"},\"query-input\":{\"@type\":\"PropertyValueSpecification\",\"valueRequired\":true,\"valueName\":\"search_term_string\"}}],\"inLanguage\":\"fr-FR\"}]}<\/script>\n<!-- \/ Yoast SEO plugin. -->","yoast_head_json":{"title":"Juridique - Dock Edge+","robots":{"index":"index","follow":"follow","max-snippet":"max-snippet:-1","max-image-preview":"max-image-preview:large","max-video-preview":"max-video-preview:-1"},"canonical":"https:\/\/dockedge.thinairweb.co\/fr\/juridique\/","og_locale":"fr_FR","og_type":"article","og_title":"Juridique - Dock Edge+","og_description":"TRADEMARK Le logo Dock Edge est une marque d\u00e9pos\u00e9e de CMP Group Ltd. Dolphin est, entre autres, une marque d\u00e9pos\u00e9e de CMP Group Ltd. ou de ses filiales. INFORMATIONS EXCLUSIVES Le pr\u00e9sent site Web de Dock Edge + est destin\u00e9 aux clients, aux affili\u00e9s et aux associ\u00e9s de CMP Group Ltd. CMP Group Ltd. d\u00e9tient [&hellip;]","og_url":"https:\/\/dockedge.thinairweb.co\/fr\/juridique\/","og_site_name":"Dock Edge+","article_modified_time":"2025-07-29T13:10:51+00:00","twitter_card":"summary_large_image","twitter_misc":{"Dur\u00e9e de lecture estim\u00e9e":"3 minutes"},"schema":{"@context":"https:\/\/schema.org","@graph":[{"@type":"WebPage","@id":"https:\/\/dockedge.thinairweb.co\/fr\/juridique\/","url":"https:\/\/dockedge.thinairweb.co\/fr\/juridique\/","name":"Juridique - Dock Edge+","isPartOf":{"@id":"https:\/\/dockedge.thinairweb.co\/fr\/#website"},"datePublished":"2018-09-10T20:13:45+00:00","dateModified":"2025-07-29T13:10:51+00:00","breadcrumb":{"@id":"https:\/\/dockedge.thinairweb.co\/fr\/juridique\/#breadcrumb"},"inLanguage":"fr-FR","potentialAction":[{"@type":"ReadAction","target":["https:\/\/dockedge.thinairweb.co\/fr\/juridique\/"]}]},{"@type":"BreadcrumbList","@id":"https:\/\/dockedge.thinairweb.co\/fr\/juridique\/#breadcrumb","itemListElement":[{"@type":"ListItem","position":1,"name":"Home","item":"https:\/\/dockedge.thinairweb.co\/fr\/"},{"@type":"ListItem","position":2,"name":"Juridique"}]},{"@type":"WebSite","@id":"https:\/\/dockedge.thinairweb.co\/fr\/#website","url":"https:\/\/dockedge.thinairweb.co\/fr\/","name":"Dock Edge+","description":"Your Dock. Your Way.","potentialAction":[{"@type":"SearchAction","target":{"@type":"EntryPoint","urlTemplate":"https:\/\/dockedge.thinairweb.co\/fr\/?s={search_term_string}"},"query-input":{"@type":"PropertyValueSpecification","valueRequired":true,"valueName":"search_term_string"}}],"inLanguage":"fr-FR"}]}},"acf":[],"_links":{"self":[{"href":"https:\/\/dockedge.thinairweb.co\/fr\/wp-json\/wp\/v2\/pages\/8341","targetHints":{"allow":["GET"]}}],"collection":[{"href":"https:\/\/dockedge.thinairweb.co\/fr\/wp-json\/wp\/v2\/pages"}],"about":[{"href":"https:\/\/dockedge.thinairweb.co\/fr\/wp-json\/wp\/v2\/types\/page"}],"author":[{"embeddable":true,"href":"https:\/\/dockedge.thinairweb.co\/fr\/wp-json\/wp\/v2\/users\/20"}],"replies":[{"embeddable":true,"href":"https:\/\/dockedge.thinairweb.co\/fr\/wp-json\/wp\/v2\/comments?post=8341"}],"version-history":[{"count":1,"href":"https:\/\/dockedge.thinairweb.co\/fr\/wp-json\/wp\/v2\/pages\/8341\/revisions"}],"predecessor-version":[{"id":8346,"href":"https:\/\/dockedge.thinairweb.co\/fr\/wp-json\/wp\/v2\/pages\/8341\/revisions\/8346"}],"wp:attachment":[{"href":"https:\/\/dockedge.thinairweb.co\/fr\/wp-json\/wp\/v2\/media?parent=8341"}],"curies":[{"name":"wp","href":"https:\/\/api.w.org\/{rel}","templated":true}]}}