{"id":8364,"date":"2018-04-18T16:02:40","date_gmt":"2018-04-18T16:02:40","guid":{"rendered":"https:\/\/dockedge.com\/anneaux-de-vie\/"},"modified":"2025-07-29T13:10:57","modified_gmt":"2025-07-29T13:10:57","slug":"anneaux-de-vie","status":"publish","type":"page","link":"https:\/\/dockedge.thinairweb.co\/fr\/anneaux-de-vie\/","title":{"rendered":"Anneaux de vie"},"content":{"rendered":"<p>[et_pb_section fb_built=\u00a0\u00bb1&Prime; next_background_color=\u00a0\u00bb#ffffff\u00a0\u00bb _builder_version=\u00a0\u00bb3.0.106&Prime; background_color=\u00a0\u00bbrgba(129,203,232,0.55)\u00a0\u00bb use_background_color_gradient=\u00a0\u00bbon\u00a0\u00bb background_color_gradient_start=\u00a0\u00bb#ffffff\u00a0\u00bb background_color_gradient_end=\u00a0\u00bb#81cbe8&Prime; bottom_divider_style=\u00a0\u00bbwaves2&Prime; bottom_divider_height=\u00a0\u00bb52px\u00a0\u00bb][et_pb_row _builder_version=\u00a0\u00bb3.0.47&Prime; background_size=\u00a0\u00bbinitial\u00a0\u00bb background_position=\u00a0\u00bbtop_left\u00a0\u00bb background_repeat=\u00a0\u00bbrepeat\u00a0\u00bb][et_pb_column type=\u00a0\u00bb4_4&Prime; _builder_version=\u00a0\u00bb3.0.47&Prime; parallax=\u00a0\u00bboff\u00a0\u00bb parallax_method=\u00a0\u00bbon\u00a0\u00bb][et_pb_text _builder_version=\u00a0\u00bb3.15&Prime; header_text_color=\u00a0\u00bb#3665ab\u00a0\u00bb]<\/p>\n<h1>Anneaux de vie<\/h1>\n<p>Les bou\u00e9es de sauvetage DOLPHIN\u2122 sont fabriqu\u00e9es en Am\u00e9rique du Nord avec l&rsquo;approbation des garde-c\u00f4tes am\u00e9ricains, des garde-c\u00f4tes canadiens et du DOT. Toutes les bou\u00e9es de sauvetage Dolphin\u2122 sont rigoureusement test\u00e9es et contr\u00f4l\u00e9es par les Underwriters Laboratories des \u00c9tats-Unis et du Canada. Les corps des anneaux sont garantis sept ans dans toutes les conditions climatiques et sont r\u00e9sistants au feu, \u00e0 l&rsquo;huile et au gaz. La coque dure emp\u00eache les d\u00e9chirures et les arrachements et est pratiquement \u00e0 l&rsquo;\u00e9preuve du vandalisme. La conception permet de remplacer facilement le c\u00e2ble s&rsquo;il est endommag\u00e9, ce qui garantit l&rsquo;int\u00e9grit\u00e9 et le maintien de la certification de l&rsquo;anneau.    <\/p>\n<p>Les bou\u00e9es anneau de vie Dolphin\u2122 sont rotomoul\u00e9es pour plus de solidit\u00e9 avec une coque en poly\u00e9thyl\u00e8ne et remplies de mousse cellulaire ferm\u00e9e pour une longue dur\u00e9e de vie dans des conditions marines extr\u00eames. Elles sont conformes \u00e0 toutes les normes jusqu&rsquo;\u00e0 la norme S.O.L.A.S. 7483.[\/et_pb_text][\/et_pb_column][\/et_pb_row][\/et_pb_section][et_pb_section fb_built=\u00a0\u00bb1&Prime; _builder_version=\u00a0\u00bb3.0.47&Prime;][et_pb_row _builder_version=\u00a0\u00bb3.0.47&Prime; background_size=\u00a0\u00bbinitial\u00a0\u00bb background_position=\u00a0\u00bbtop_left\u00a0\u00bb background_repeat=\u00a0\u00bbrepeat\u00a0\u00bb][et_pb_column type=\u00a0\u00bb4_4&Prime; _builder_version=\u00a0\u00bb3.0.47&Prime; parallax=\u00a0\u00bboff\u00a0\u00bb parallax_method=\u00a0\u00bbon\u00a0\u00bb][et_pb_shop type=\u00a0\u00bbproduct_category\u00a0\u00bb posts_number=\u00a0\u00bb24&Prime; include_categories=\u00a0\u00bb22&Prime; orderby=\u00a0\u00bbdate\u00a0\u00bb _builder_version=\u00a0\u00bb3.15&Prime; title_text_align=\u00a0\u00bbcenter\u00a0\u00bb box_shadow_style_image=\u00a0\u00bbpreset1&Prime; box_shadow_blur_image=\u00a0\u00bb10px\u00a0\u00bb text_orientation=\u00a0\u00bbcenter\u00a0\u00bb][\/et_pb_shop][\/et_pb_column][\/et_pb_row][\/et_pb_section]<\/p>\n","protected":false},"excerpt":{"rendered":"<p>Anneaux de vie Les bou\u00e9es de sauvetage DOLPHIN\u2122 sont fabriqu\u00e9es en Am\u00e9rique du Nord avec l&rsquo;approbation des garde-c\u00f4tes am\u00e9ricains, des garde-c\u00f4tes canadiens et du DOT. Toutes les bou\u00e9es de sauvetage Dolphin\u2122 sont rigoureusement test\u00e9es et contr\u00f4l\u00e9es par les Underwriters Laboratories des \u00c9tats-Unis et du Canada. Les corps des anneaux sont garantis sept ans dans toutes [&hellip;]<\/p>\n","protected":false},"author":3,"featured_media":0,"parent":0,"menu_order":0,"comment_status":"closed","ping_status":"closed","template":"","meta":{"_acf_changed":false,"_et_pb_use_builder":"on","_et_pb_old_content":"","_et_gb_content_width":"","footnotes":""},"class_list":["post-8364","page","type-page","status-publish","hentry"],"yoast_head":"<!-- This site is optimized with the Yoast SEO plugin v27.0 - https:\/\/yoast.com\/product\/yoast-seo-wordpress\/ -->\n<title>Anneaux de vie - Dock Edge+<\/title>\n<meta name=\"robots\" content=\"index, follow, max-snippet:-1, max-image-preview:large, max-video-preview:-1\" \/>\n<link rel=\"canonical\" href=\"https:\/\/dockedge.thinairweb.co\/fr\/anneaux-de-vie\/\" \/>\n<meta property=\"og:locale\" content=\"fr_FR\" \/>\n<meta property=\"og:type\" content=\"article\" \/>\n<meta property=\"og:title\" content=\"Anneaux de vie - Dock Edge+\" \/>\n<meta property=\"og:description\" content=\"Anneaux de vie Les bou\u00e9es de sauvetage DOLPHIN\u2122 sont fabriqu\u00e9es en Am\u00e9rique du Nord avec l&#039;approbation des garde-c\u00f4tes am\u00e9ricains, des garde-c\u00f4tes canadiens et du DOT. Toutes les bou\u00e9es de sauvetage Dolphin\u2122 sont rigoureusement test\u00e9es et contr\u00f4l\u00e9es par les Underwriters Laboratories des \u00c9tats-Unis et du Canada. Les corps des anneaux sont garantis sept ans dans toutes [&hellip;]\" \/>\n<meta property=\"og:url\" content=\"https:\/\/dockedge.thinairweb.co\/fr\/anneaux-de-vie\/\" \/>\n<meta property=\"og:site_name\" content=\"Dock Edge+\" \/>\n<meta property=\"article:modified_time\" content=\"2025-07-29T13:10:57+00:00\" \/>\n<meta name=\"twitter:card\" content=\"summary_large_image\" \/>\n<meta name=\"twitter:label1\" content=\"Dur\u00e9e de lecture estim\u00e9e\" \/>\n\t<meta name=\"twitter:data1\" content=\"2 minutes\" \/>\n<script type=\"application\/ld+json\" class=\"yoast-schema-graph\">{\"@context\":\"https:\/\/schema.org\",\"@graph\":[{\"@type\":\"WebPage\",\"@id\":\"https:\/\/dockedge.thinairweb.co\/fr\/anneaux-de-vie\/\",\"url\":\"https:\/\/dockedge.thinairweb.co\/fr\/anneaux-de-vie\/\",\"name\":\"Anneaux de vie - Dock Edge+\",\"isPartOf\":{\"@id\":\"https:\/\/dockedge.thinairweb.co\/fr\/#website\"},\"datePublished\":\"2018-04-18T16:02:40+00:00\",\"dateModified\":\"2025-07-29T13:10:57+00:00\",\"breadcrumb\":{\"@id\":\"https:\/\/dockedge.thinairweb.co\/fr\/anneaux-de-vie\/#breadcrumb\"},\"inLanguage\":\"fr-FR\",\"potentialAction\":[{\"@type\":\"ReadAction\",\"target\":[\"https:\/\/dockedge.thinairweb.co\/fr\/anneaux-de-vie\/\"]}]},{\"@type\":\"BreadcrumbList\",\"@id\":\"https:\/\/dockedge.thinairweb.co\/fr\/anneaux-de-vie\/#breadcrumb\",\"itemListElement\":[{\"@type\":\"ListItem\",\"position\":1,\"name\":\"Home\",\"item\":\"https:\/\/dockedge.thinairweb.co\/fr\/\"},{\"@type\":\"ListItem\",\"position\":2,\"name\":\"Anneaux de vie\"}]},{\"@type\":\"WebSite\",\"@id\":\"https:\/\/dockedge.thinairweb.co\/fr\/#website\",\"url\":\"https:\/\/dockedge.thinairweb.co\/fr\/\",\"name\":\"Dock Edge+\",\"description\":\"Your Dock. Your Way.\",\"potentialAction\":[{\"@type\":\"SearchAction\",\"target\":{\"@type\":\"EntryPoint\",\"urlTemplate\":\"https:\/\/dockedge.thinairweb.co\/fr\/?s={search_term_string}\"},\"query-input\":{\"@type\":\"PropertyValueSpecification\",\"valueRequired\":true,\"valueName\":\"search_term_string\"}}],\"inLanguage\":\"fr-FR\"}]}<\/script>\n<!-- \/ Yoast SEO plugin. -->","yoast_head_json":{"title":"Anneaux de vie - Dock Edge+","robots":{"index":"index","follow":"follow","max-snippet":"max-snippet:-1","max-image-preview":"max-image-preview:large","max-video-preview":"max-video-preview:-1"},"canonical":"https:\/\/dockedge.thinairweb.co\/fr\/anneaux-de-vie\/","og_locale":"fr_FR","og_type":"article","og_title":"Anneaux de vie - Dock Edge+","og_description":"Anneaux de vie Les bou\u00e9es de sauvetage DOLPHIN\u2122 sont fabriqu\u00e9es en Am\u00e9rique du Nord avec l'approbation des garde-c\u00f4tes am\u00e9ricains, des garde-c\u00f4tes canadiens et du DOT. Toutes les bou\u00e9es de sauvetage Dolphin\u2122 sont rigoureusement test\u00e9es et contr\u00f4l\u00e9es par les Underwriters Laboratories des \u00c9tats-Unis et du Canada. Les corps des anneaux sont garantis sept ans dans toutes [&hellip;]","og_url":"https:\/\/dockedge.thinairweb.co\/fr\/anneaux-de-vie\/","og_site_name":"Dock Edge+","article_modified_time":"2025-07-29T13:10:57+00:00","twitter_card":"summary_large_image","twitter_misc":{"Dur\u00e9e de lecture estim\u00e9e":"2 minutes"},"schema":{"@context":"https:\/\/schema.org","@graph":[{"@type":"WebPage","@id":"https:\/\/dockedge.thinairweb.co\/fr\/anneaux-de-vie\/","url":"https:\/\/dockedge.thinairweb.co\/fr\/anneaux-de-vie\/","name":"Anneaux de vie - Dock Edge+","isPartOf":{"@id":"https:\/\/dockedge.thinairweb.co\/fr\/#website"},"datePublished":"2018-04-18T16:02:40+00:00","dateModified":"2025-07-29T13:10:57+00:00","breadcrumb":{"@id":"https:\/\/dockedge.thinairweb.co\/fr\/anneaux-de-vie\/#breadcrumb"},"inLanguage":"fr-FR","potentialAction":[{"@type":"ReadAction","target":["https:\/\/dockedge.thinairweb.co\/fr\/anneaux-de-vie\/"]}]},{"@type":"BreadcrumbList","@id":"https:\/\/dockedge.thinairweb.co\/fr\/anneaux-de-vie\/#breadcrumb","itemListElement":[{"@type":"ListItem","position":1,"name":"Home","item":"https:\/\/dockedge.thinairweb.co\/fr\/"},{"@type":"ListItem","position":2,"name":"Anneaux de vie"}]},{"@type":"WebSite","@id":"https:\/\/dockedge.thinairweb.co\/fr\/#website","url":"https:\/\/dockedge.thinairweb.co\/fr\/","name":"Dock Edge+","description":"Your Dock. Your Way.","potentialAction":[{"@type":"SearchAction","target":{"@type":"EntryPoint","urlTemplate":"https:\/\/dockedge.thinairweb.co\/fr\/?s={search_term_string}"},"query-input":{"@type":"PropertyValueSpecification","valueRequired":true,"valueName":"search_term_string"}}],"inLanguage":"fr-FR"}]}},"acf":[],"_links":{"self":[{"href":"https:\/\/dockedge.thinairweb.co\/fr\/wp-json\/wp\/v2\/pages\/8364","targetHints":{"allow":["GET"]}}],"collection":[{"href":"https:\/\/dockedge.thinairweb.co\/fr\/wp-json\/wp\/v2\/pages"}],"about":[{"href":"https:\/\/dockedge.thinairweb.co\/fr\/wp-json\/wp\/v2\/types\/page"}],"author":[{"embeddable":true,"href":"https:\/\/dockedge.thinairweb.co\/fr\/wp-json\/wp\/v2\/users\/3"}],"replies":[{"embeddable":true,"href":"https:\/\/dockedge.thinairweb.co\/fr\/wp-json\/wp\/v2\/comments?post=8364"}],"version-history":[{"count":10,"href":"https:\/\/dockedge.thinairweb.co\/fr\/wp-json\/wp\/v2\/pages\/8364\/revisions"}],"predecessor-version":[{"id":8399,"href":"https:\/\/dockedge.thinairweb.co\/fr\/wp-json\/wp\/v2\/pages\/8364\/revisions\/8399"}],"wp:attachment":[{"href":"https:\/\/dockedge.thinairweb.co\/fr\/wp-json\/wp\/v2\/media?parent=8364"}],"curies":[{"name":"wp","href":"https:\/\/api.w.org\/{rel}","templated":true}]}}