{"id":8365,"date":"2018-04-17T22:23:29","date_gmt":"2018-04-17T22:23:29","guid":{"rendered":"https:\/\/dockedge.com\/garantie-et-mentions-legales\/"},"modified":"2025-07-29T13:10:56","modified_gmt":"2025-07-29T13:10:56","slug":"garantie-et-mentions-legales","status":"publish","type":"page","link":"https:\/\/dockedge.thinairweb.co\/fr\/garantie-et-mentions-legales\/","title":{"rendered":"Garantie et mentions l\u00e9gales"},"content":{"rendered":"<p>[et_pb_section fb_built=\u00a0\u00bb1&Prime; fullwidth=\u00a0\u00bbon\u00a0\u00bb _builder_version=\u00a0\u00bb4.16&Prime; global_colors_info=\u00a0\u00bb{}\u00a0\u00bb][et_pb_fullwidth_header title=\u00a0\u00bbInformations sur la garantie\u00a0\u00bb text_orientation=\u00a0\u00bbcenter\u00a0\u00bb background_overlay_color=\u00a0\u00bbrgba(49,54,58,0.47)\u00a0\u00bb _builder_version=\u00a0\u00bb4.16&Prime; title_font=\u00a0\u00bb|300|||||||\u00a0\u00bb title_font_size=\u00a0\u00bb40px\u00a0\u00bb background_image=\u00a0\u00bbhttps:\/\/dockedge.com\/wp-content\/uploads\/sites\/3\/2018\/03\/brighton-marina-uk.jpg\u00a0\u00bb custom_padding=\u00a0\u00bb150px||150px||true\u00a0\u00bb global_colors_info=\u00a0\u00bb{}\u00a0\u00bb button_one_text_size__hover_enabled=\u00a0\u00bboff\u00a0\u00bb button_one_text_size__hover=\u00a0\u00bbnull\u00a0\u00bb button_two_text_size__hover_enabled=\u00a0\u00bboff\u00a0\u00bb button_two_text_size__hover=\u00a0\u00bbnull\u00a0\u00bb button_one_text_color__hover_enabled=\u00a0\u00bboff\u00a0\u00bb button_one_text_color__hover=\u00a0\u00bbnull\u00a0\u00bb button_two_text_color__hover_enabled=\u00a0\u00bboff\u00a0\u00bb button_two_text_color__hover=\u00a0\u00bbnull\u00a0\u00bb button_one_border_width__hover_enabled=\u00a0\u00bboff\u00a0\u00bb button_one_border_width__hover=\u00a0\u00bbnull\u00a0\u00bb button_two_border_width__hover_enabled=\u00a0\u00bboff\u00a0\u00bb button_two_border_width__hover=\u00a0\u00bbnull\u00a0\u00bb button_one_border_color__hover_enabled=\u00a0\u00bboff\u00a0\u00bb button_one_border_color__hover=\u00a0\u00bbnull\u00a0\u00bb button_two_border_color__hover_enabled=\u00a0\u00bboff\u00a0\u00bb button_two_border_color__hover=\u00a0\u00bbnull\u00a0\u00bb button_one_border_radius__hover_enabled=\u00a0\u00bboff\u00a0\u00bb button_one_border_radius__hover=\u00a0\u00bbnull\u00a0\u00bb button_two_border_radius__hover_enabled=\u00a0\u00bboff\u00a0\u00bb button_two_border_radius__hover=\u00a0\u00bbnull\u00a0\u00bb button_one_letter_spacing__hover_enabled=\u00a0\u00bboff\u00a0\u00bb button_one_letter_spacing__hover=\u00a0\u00bbnull\u00a0\u00bb button_two_letter_spacing__hover_enabled=\u00a0\u00bboff\u00a0\u00bb button_two_letter_spacing__hover=\u00a0\u00bbnull\u00a0\u00bb button_one_bg_color__hover_enabled=\u00a0\u00bboff\u00a0\u00bb button_one_bg_color__hover=\u00a0\u00bbnull\u00a0\u00bb button_two_bg_color__hover_enabled=\u00a0\u00bboff\u00a0\u00bb button_two_bg_color__hover=\u00a0\u00bbnull\u00a0\u00bb][\/et_pb_fullwidth_header][\/et_pb_section][et_pb_section fb_built=\u00a0\u00bb1&Prime; _builder_version=\u00a0\u00bb4.16&Prime; custom_padding=\u00a0\u00bb48.2656px|0px|56px|0px\u00a0\u00bb box_shadow_style=\u00a0\u00bbpreset3&Prime; box_shadow_vertical=\u00a0\u00bb5px\u00a0\u00bb box_shadow_blur=\u00a0\u00bb15px\u00a0\u00bb global_colors_info=\u00a0\u00bb{}\u00a0\u00bb][et_pb_row _builder_version=\u00a0\u00bb4.16&Prime; background_size=\u00a0\u00bbinitial\u00a0\u00bb background_position=\u00a0\u00bbtop_left\u00a0\u00bb background_repeat=\u00a0\u00bbrepeat\u00a0\u00bb global_colors_info=\u00a0\u00bb{}\u00a0\u00bb][et_pb_column type=\u00a0\u00bb4_4&Prime; _builder_version=\u00a0\u00bb4.16&Prime; custom_padding=\u00a0\u00bb|||\u00a0\u00bb global_colors_info=\u00a0\u00bb{}\u00a0\u00bb custom_padding__hover=\u00a0\u00bb|||\u00a0\u00bb][et_pb_text _builder_version=\u00a0\u00bb4.21.2&Prime; text_font=\u00a0\u00bb|300|||||||\u00a0\u00bb background_size=\u00a0\u00bbinitial\u00a0\u00bb background_position=\u00a0\u00bbtop_left\u00a0\u00bb background_repeat=\u00a0\u00bbrepeat\u00a0\u00bb hover_enabled=\u00a0\u00bb0&Prime; z_index_tablet=\u00a0\u00bb500&Prime; text_text_shadow_horizontal_length_tablet=\u00a0\u00bb0px\u00a0\u00bb text_text_shadow_vertical_length_tablet=\u00a0\u00bb0px\u00a0\u00bb text_text_shadow_blur_strength_tablet=\u00a0\u00bb1px\u00a0\u00bb link_text_shadow_horizontal_length_tablet=\u00a0\u00bb0px\u00a0\u00bb link_text_shadow_vertical_length_tablet=\u00a0\u00bb0px\u00a0\u00bb link_text_shadow_blur_strength_tablet=\u00a0\u00bb1px\u00a0\u00bb ul_text_shadow_horizontal_length_tablet=\u00a0\u00bb0px\u00a0\u00bb ul_text_shadow_vertical_length_tablet=\u00a0\u00bb0px\u00a0\u00bb ul_text_shadow_blur_strength_tablet=\u00a0\u00bb1px\u00a0\u00bb ol_text_shadow_horizontal_length_tablet=\u00a0\u00bb0px\u00a0\u00bb ol_text_shadow_vertical_length_tablet=\u00a0\u00bb0px\u00a0\u00bb ol_text_shadow_blur_strength_tablet=\u00a0\u00bb1px\u00a0\u00bb quote_text_shadow_horizontal_length_tablet=\u00a0\u00bb0px\u00a0\u00bb quote_text_shadow_vertical_length_tablet=\u00a0\u00bb0px\u00a0\u00bb quote_text_shadow_blur_strength_tablet=\u00a0\u00bb1px\u00a0\u00bb header_text_shadow_horizontal_length_tablet=\u00a0\u00bb0px\u00a0\u00bb header_text_shadow_vertical_length_tablet=\u00a0\u00bb0px\u00a0\u00bb header_text_shadow_blur_strength_tablet=\u00a0\u00bb1px\u00a0\u00bb header_2_text_shadow_horizontal_length_tablet=\u00a0\u00bb0px\u00a0\u00bb header_2_text_shadow_vertical_length_tablet=\u00a0\u00bb0px\u00a0\u00bb header_2_text_shadow_blur_strength_tablet=\u00a0\u00bb1px\u00a0\u00bb header_3_text_shadow_horizontal_length_tablet=\u00a0\u00bb0px\u00a0\u00bb header_3_text_shadow_vertical_length_tablet=\u00a0\u00bb0px\u00a0\u00bb header_3_text_shadow_blur_strength_tablet=\u00a0\u00bb1px\u00a0\u00bb header_4_text_shadow_horizontal_length_tablet=\u00a0\u00bb0px\u00a0\u00bb header_4_text_shadow_vertical_length_tablet=\u00a0\u00bb0px\u00a0\u00bb header_4_text_shadow_blur_strength_tablet=\u00a0\u00bb1px\u00a0\u00bb header_5_text_shadow_horizontal_length_tablet=\u00a0\u00bb0px\u00a0\u00bb header_5_text_shadow_vertical_length_tablet=\u00a0\u00bb0px\u00a0\u00bb header_5_text_shadow_blur_strength_tablet=\u00a0\u00bb1px\u00a0\u00bb header_6_text_shadow_horizontal_length_tablet=\u00a0\u00bb0px\u00a0\u00bb header_6_text_shadow_vertical_length_tablet=\u00a0\u00bb0px\u00a0\u00bb header_6_text_shadow_blur_strength_tablet=\u00a0\u00bb1px\u00a0\u00bb box_shadow_horizontal_tablet=\u00a0\u00bb0px\u00a0\u00bb box_shadow_vertical_tablet=\u00a0\u00bb0px\u00a0\u00bb box_shadow_blur_tablet=\u00a0\u00bb40px\u00a0\u00bb box_shadow_spread_tablet=\u00a0\u00bb0px\u00a0\u00bb global_colors_info=\u00a0\u00bb{}\u00a0\u00bb sticky_enabled=\u00a0\u00bb0&Prime;]<\/p>\n<h3>INFORMATIONS SUR LA GARANTIE LIMIT\u00c9E &#8211; TOUS LES PRODUITS<\/h3>\n<p>CMP Group Ltd. garantit que tous les produits sont exempts de d\u00e9fauts de fabrication et de mat\u00e9riaux pendant une p\u00e9riode de deux ans (sauf sp\u00e9cification contraire dans l&rsquo;un des paragraphes suivants) lorsqu&rsquo;ils sont utilis\u00e9s dans des conditions normales et pour l&rsquo;usage auquel ils sont destin\u00e9s. CMP Group Ltd. n&rsquo;est pas responsable des dommages accessoires, cons\u00e9cutifs ou sp\u00e9ciaux, sans limitation de la perte de profits, de l&rsquo;interruption des activit\u00e9s, de la perte d&rsquo;opportunit\u00e9s ou de revenus, r\u00e9sultant d&rsquo;une mauvaise utilisation des produits Dock Edge + et n&rsquo;assume aucune responsabilit\u00e9 de l&rsquo;acheteur ou d&rsquo;autres personnes en cas de blessures aux personnes ou aux biens. Le Groupe CMP Ltd. n&rsquo;offre aucune garantie expresse ou implicite autre que les garanties \u00e9nonc\u00e9es dans le pr\u00e9sent document, y compris, mais sans s&rsquo;y limiter, les garanties de qualit\u00e9 marchande, d&rsquo;ad\u00e9quation \u00e0 un usage particulier ou d&rsquo;usage commercial.  <\/p>\n<p>Tout produit d\u00e9fectueux doit \u00eatre retourn\u00e9 avec un num\u00e9ro d&rsquo;autorisation de retour de marchandise avant d&rsquo;\u00eatre renvoy\u00e9 \u00e0 CMP Group Ltd. Une copie du re\u00e7u de caisse original doit accompagner toutes les r\u00e9clamations. Les frais de transport des produits d\u00e9fectueux sont \u00e0 la charge du consommateur. L&rsquo;obligation en vertu de cette garantie est limit\u00e9e \u00e0 la r\u00e9paration, au remplacement ou au cr\u00e9dit du produit d\u00e9fectueux, \u00e0 condition que CMP Group Ltd. d\u00e9termine que le d\u00e9faut du produit n&rsquo;est pas le r\u00e9sultat d&rsquo;une mauvaise utilisation ou d&rsquo;une n\u00e9gligence. CMP Group Ltd. renverra le produit r\u00e9par\u00e9 ou remplac\u00e9.    <\/p>\n<p>Certains \u00c9tats et\/ou provinces n&rsquo;autorisent pas la limitation des dommages accessoires ou indirects, ou la dur\u00e9e d&rsquo;une garantie implicite, de sorte que les limitations ou exclusions ci-dessus peuvent ne pas s&rsquo;appliquer \u00e0 vous. Cette garantie peut varier d&rsquo;un \u00c9tat \u00e0 l&rsquo;autre ou d&rsquo;une province \u00e0 l&rsquo;autre. Cette garantie vous donne des droits l\u00e9gaux sp\u00e9cifiques et vous pouvez \u00e9galement avoir d&rsquo;autres droits qui varient d&rsquo;un \u00c9tat \u00e0 l&rsquo;autre ou d&rsquo;une province \u00e0 l&rsquo;autre.  <\/p>\n<p>Pour obtenir de plus amples renseignements ou pour remplir vos obligations en vertu de la pr\u00e9sente garantie, communiquez avec le Groupe CMP Lt\u00e9e par t\u00e9l\u00e9phone : <strong>1-800-295-3625<\/strong>, par courriel : <a href=\"mailto:warranty@cmpgroup.net\">warranty@cmpgroup.net<\/a><a href=\"mailto:info@dockedge.com\"><\/a> ou \u00e0 l&rsquo;adresse postale suivante : <strong>300, chemin New Huntington, Woodbridge (Ontario) L4H 0R4.<\/strong><\/p>\n<h3><strong>AILES EN VINYLE &#8211; GARANTIE \u00c0 VIE<\/strong><\/h3>\n<p>Le Groupe CMP Lt\u00e9e garantit les d\u00e9fenses en vinyle pour la dur\u00e9e de vie du bateau. Le Groupe CMP Lt\u00e9e garantit que ses d\u00e9fenses en vinyle sont exemptes de d\u00e9fauts de fabrication et de mat\u00e9riaux dans des conditions normales d&rsquo;utilisation et dans les conditions pour lesquelles le produit est con\u00e7u. Le Groupe CMP Lt\u00e9e r\u00e9parera ou remplacera l&rsquo;aile, \u00e0 condition que la d\u00e9faillance du produit soit limit\u00e9e \u00e0 une perte d&rsquo;air due \u00e0 une fissuration ou \u00e0 un \u00e9clatement. Sont exclus de cette garantie les garde-boue trop gonfl\u00e9s ou devenus inutilisables \u00e0 la suite de coupures ou de perforations, ou d\u00e9figur\u00e9s \u00e0 la suite d&rsquo;une usure ou d&rsquo;une utilisation continue, ou de l&rsquo;utilisation de solvants nocifs. L&rsquo;obligation au titre de cette garantie est limit\u00e9e \u00e0 la r\u00e9paration, au remplacement ou au cr\u00e9dit de l&rsquo;aile d\u00e9fectueuse. CMP Group Ltd. se r\u00e9serve le droit de demander le retour du produit pour inspection. Aucune marchandise retourn\u00e9e ne sera accept\u00e9e sans autorisation pr\u00e9alable. CMP Group Ltd. n&rsquo;est pas responsable des dommages accessoires, cons\u00e9cutifs ou sp\u00e9ciaux, sans limitation de la perte de profits, de l&rsquo;interruption des affaires, de la perte d&rsquo;opportunit\u00e9 ou de la perte de revenus, r\u00e9sultant d&rsquo;une mauvaise utilisation des produits Dock Edge + et n&rsquo;assume aucune responsabilit\u00e9 de l&rsquo;acheteur ou d&rsquo;autres personnes en cas de blessures aux personnes ou aux biens. Cette garantie remplace toute autre garantie, expresse ou implicite.        <\/p>\n<h3><strong>BOU\u00c9E DE SAUVETAGE &#8211; 7 ANS DE GARANTIE<\/strong><\/h3>\n<p>Ce produit est garanti contre les d\u00e9fauts de mat\u00e9riaux et de fabrication. La coque de la bou\u00e9e est garantie pendant sept ans \u00e0 compter de la date de vente. Cette garantie couvre la flottaison des bou\u00e9es lorsqu&rsquo;elles sont utilis\u00e9es conform\u00e9ment \u00e0 leur destination, dans des conditions normales d&rsquo;exposition au soleil, au vent, aux intemp\u00e9ries et \u00e0 l&rsquo;eau. L&rsquo;obligation au titre de cette garantie ne s&rsquo;\u00e9tend pas \u00e0 tout acte de vandalisme. Une copie du ticket de caisse original, attestant de la date d&rsquo;achat, doit accompagner toute demande de garantie. L&rsquo;obligation au titre de la pr\u00e9sente garantie se limite \u00e0 la r\u00e9paration, au remplacement ou \u00e0 l&rsquo;octroi d&rsquo;un cr\u00e9dit pour la bou\u00e9e d\u00e9fectueuse, \u00e0 notre discr\u00e9tion. CMP Group Ltd. se r\u00e9serve le droit de demander le retour du produit pour inspection. Aucune marchandise retourn\u00e9e ne sera accept\u00e9e sans autorisation pr\u00e9alable. CMP Group Ltd. n&rsquo;est pas responsable des dommages accessoires, cons\u00e9cutifs ou sp\u00e9ciaux, sans limitation de la perte de profits, de l&rsquo;interruption des affaires, de la perte d&rsquo;opportunit\u00e9 ou de la perte de revenus, r\u00e9sultant d&rsquo;une mauvaise utilisation des produits Dock Edge + et n&rsquo;assume aucune responsabilit\u00e9 de l&rsquo;acheteur ou d&rsquo;autres personnes en cas de blessures aux personnes ou aux biens. Cette garantie remplace toute autre garantie, expresse ou implicite.         <\/p>\n<h3><strong>FLOTTEUR DE QUAI &#8211; GARANTIE DE 10 ANS<\/strong><\/h3>\n<p>Ce produit est garanti contre les d\u00e9fauts de mat\u00e9riaux et de fabrication. Le flotteur est garanti pendant 10 ans \u00e0 compter de la date de vente. Cette garantie couvre la flottaison du flotteur lorsqu&rsquo;il est utilis\u00e9 conform\u00e9ment \u00e0 sa destination dans des conditions normales d&rsquo;exposition au soleil, au vent, aux intemp\u00e9ries et \u00e0 l&rsquo;eau. L&rsquo;obligation de cette garantie ne s&rsquo;\u00e9tend pas \u00e0 tout acte de vandalisme. Une copie du ticket de caisse original, attestant de la date d&rsquo;achat, doit accompagner toute demande de garantie. L&rsquo;obligation au titre de cette garantie se limite \u00e0 la r\u00e9paration, au remplacement ou au cr\u00e9dit du flotteur d\u00e9fectueux, \u00e0 notre discr\u00e9tion. CMP Group Ltd. se r\u00e9serve le droit de demander le retour du produit pour inspection. Aucune marchandise retourn\u00e9e ne sera accept\u00e9e sans autorisation pr\u00e9alable. CMP Group Ltd. n&rsquo;est pas responsable des dommages accessoires, cons\u00e9cutifs ou sp\u00e9ciaux, sans limitation de la perte de profits, de l&rsquo;interruption des affaires, de la perte d&rsquo;opportunit\u00e9 ou de la perte de revenus, r\u00e9sultant d&rsquo;une mauvaise utilisation des produits Dock Edge + et n&rsquo;assume aucune responsabilit\u00e9 de l&rsquo;acheteur ou d&rsquo;autres personnes en cas de blessures aux personnes ou aux biens. Cette garantie remplace toute autre garantie, expresse ou implicite.         <\/p>\n<h3><strong>LES C\u00c2BLES D&rsquo;AMARRAGE &#8211; 3 ANS DE GARANTIE<\/strong><\/h3>\n<p>Ce produit est garanti contre les d\u00e9fauts de mat\u00e9riaux et de fabrication. Les c\u00e2bles d&rsquo;amarrage sont garantis pendant 3 ans \u00e0 compter de la date de vente. Cette garantie couvre les poteaux et les bases des c\u00e2bles d&rsquo;amarrage. Les dommages caus\u00e9s par une utilisation, un entretien ou une installation incorrects ne sont pas couverts par cette garantie. Le consommateur doit se r\u00e9f\u00e9rer au manuel d&rsquo;installation pour s&rsquo;assurer que toutes les lignes et la quincaillerie sont fix\u00e9es correctement et en toute s\u00e9curit\u00e9. Ces fouets r\u00e9sisteront \u00e0 la plupart des mar\u00e9es et des vents fluctuants. Cependant, certaines conditions et zones d&rsquo;amarrage peuvent \u00eatre trop rudes pour l&rsquo;installation d&rsquo;un fouet d&rsquo;amarrage. L&rsquo;obligation au titre de cette garantie est limit\u00e9e \u00e0 la r\u00e9paration, au remplacement ou au cr\u00e9dit du fouet d\u00e9fectueux. CMP Group Ltd. se r\u00e9serve le droit de demander le retour du produit pour inspection. Aucune marchandise retourn\u00e9e ne sera accept\u00e9e sans autorisation pr\u00e9alable. CMP Group Ltd. n&rsquo;est pas responsable des dommages accessoires, cons\u00e9cutifs ou sp\u00e9ciaux, sans limitation de la perte de profits, de l&rsquo;interruption des affaires, de la perte d&rsquo;opportunit\u00e9 ou de la perte de revenus, r\u00e9sultant d&rsquo;une mauvaise utilisation de ce produit, et n&rsquo;assume aucune responsabilit\u00e9 de l&rsquo;acheteur ou d&rsquo;autres personnes pour les blessures aux personnes ou \u00e0 la propri\u00e9t\u00e9. Cette garantie remplace toute autre garantie, expresse ou implicite.           <\/p>\n<h3><strong>\u00c9CLAIRAGE SOLAIRE<\/strong><\/h3>\n<p>G\u00c9N\u00c9RALIT\u00c9S : Ces produits sont garantis contre les d\u00e9fauts de fabrication et de mat\u00e9riaux pr\u00e9sents au moment de l&rsquo;exp\u00e9dition de l&rsquo;usine pendant une p\u00e9riode d&rsquo;un an \u00e0 compter de la date d&rsquo;achat par l&rsquo;acheteur d&rsquo;origine. Nous nous engageons \u00e0 corriger gratuitement ces d\u00e9fauts ou, \u00e0 notre discr\u00e9tion, \u00e0 remplacer le produit par un mod\u00e8le comparable ou sup\u00e9rieur s&rsquo;il est retourn\u00e9 au d\u00e9taillant. Pour b\u00e9n\u00e9ficier du service de garantie, vous devez pr\u00e9senter une copie du re\u00e7u comme preuve d&rsquo;achat. Tous les frais de d\u00e9montage et de r\u00e9installation du produit sont \u00e0 votre charge. Les dommages caus\u00e9s \u00e0 une pi\u00e8ce par un accident, une mauvaise utilisation, une installation incorrecte ou l&rsquo;apposition d&rsquo;accessoires ne sont pas couverts par la pr\u00e9sente garantie. Il n&rsquo;existe aucune autre garantie expresse. Le d\u00e9taillant d\u00e9cline par la pr\u00e9sente toute garantie, y compris, mais sans s&rsquo;y limiter, les garanties de qualit\u00e9 marchande et d&rsquo;ad\u00e9quation \u00e0 un usage particulier, dans les limites autoris\u00e9es par la loi. La dur\u00e9e de toute garantie implicite, qui ne peut \u00eatre exclue, est limit\u00e9e \u00e0 la p\u00e9riode sp\u00e9cifi\u00e9e dans la garantie expresse. Certains \u00c9tats n&rsquo;autorisent pas la limitation de la dur\u00e9e d&rsquo;une garantie implicite, de sorte que la limitation ci-dessus peut ne pas s&rsquo;appliquer \u00e0 vous. Le d\u00e9taillant n&rsquo;est pas responsable des dommages accessoires, cons\u00e9cutifs ou sp\u00e9ciaux d\u00e9coulant de l&rsquo;utilisation ou de la performance du produit, sauf si la loi l&rsquo;autorise. Certains \u00c9tats n&rsquo;autorisent pas l&rsquo;exclusion des dommages accessoires ou indirects, de sorte que l&rsquo;exclusion ou la limitation susmentionn\u00e9e peut s&rsquo;appliquer \u00e0 vous. Cette garantie conf\u00e8re des droits l\u00e9gaux sp\u00e9cifiques et vous pouvez \u00e9galement b\u00e9n\u00e9ficier d&rsquo;autres droits, qui varient d&rsquo;un \u00c9tat \u00e0 l&rsquo;autre. Cette garantie remplace toutes les garanties ant\u00e9rieures.            <\/p>\n<p>S\u00e9rie STARLITE Solar : Garantie contre les d\u00e9fauts de fabrication et de mat\u00e9riaux pr\u00e9sents au moment de l&rsquo;exp\u00e9dition de l&rsquo;usine pour une p\u00e9riode de cinq ans \u00e0 compter de la date d&rsquo;achat par l&rsquo;acheteur initial.<\/p>\n<p>[\/et_pb_text][\/et_pb_column][\/et_pb_row][\/et_pb_section]<\/p>\n","protected":false},"excerpt":{"rendered":"<p>INFORMATIONS SUR LA GARANTIE LIMIT\u00c9E &#8211; TOUS LES PRODUITS CMP Group Ltd. garantit que tous les produits sont exempts de d\u00e9fauts de fabrication et de mat\u00e9riaux pendant une p\u00e9riode de deux ans (sauf sp\u00e9cification contraire dans l&rsquo;un des paragraphes suivants) lorsqu&rsquo;ils sont utilis\u00e9s dans des conditions normales et pour l&rsquo;usage auquel ils sont destin\u00e9s. CMP [&hellip;]<\/p>\n","protected":false},"author":3,"featured_media":0,"parent":0,"menu_order":0,"comment_status":"closed","ping_status":"closed","template":"","meta":{"_acf_changed":false,"_et_pb_use_builder":"on","_et_pb_old_content":"","_et_gb_content_width":"","footnotes":""},"class_list":["post-8365","page","type-page","status-publish","hentry"],"yoast_head":"<!-- This site is optimized with the Yoast SEO plugin v27.0 - https:\/\/yoast.com\/product\/yoast-seo-wordpress\/ -->\n<title>Garantie et mentions l\u00e9gales - Dock Edge+<\/title>\n<meta name=\"robots\" content=\"index, follow, max-snippet:-1, max-image-preview:large, max-video-preview:-1\" \/>\n<link rel=\"canonical\" href=\"https:\/\/dockedge.thinairweb.co\/fr\/garantie-et-mentions-legales\/\" \/>\n<meta property=\"og:locale\" content=\"fr_FR\" \/>\n<meta property=\"og:type\" content=\"article\" \/>\n<meta property=\"og:title\" content=\"Garantie et mentions l\u00e9gales - Dock Edge+\" \/>\n<meta property=\"og:description\" content=\"INFORMATIONS SUR LA GARANTIE LIMIT\u00c9E - TOUS LES PRODUITS CMP Group Ltd. garantit que tous les produits sont exempts de d\u00e9fauts de fabrication et de mat\u00e9riaux pendant une p\u00e9riode de deux ans (sauf sp\u00e9cification contraire dans l&#039;un des paragraphes suivants) lorsqu&#039;ils sont utilis\u00e9s dans des conditions normales et pour l&#039;usage auquel ils sont destin\u00e9s. CMP [&hellip;]\" \/>\n<meta property=\"og:url\" content=\"https:\/\/dockedge.thinairweb.co\/fr\/garantie-et-mentions-legales\/\" \/>\n<meta property=\"og:site_name\" content=\"Dock Edge+\" \/>\n<meta property=\"article:modified_time\" content=\"2025-07-29T13:10:56+00:00\" \/>\n<meta name=\"twitter:card\" content=\"summary_large_image\" \/>\n<meta name=\"twitter:label1\" content=\"Dur\u00e9e de lecture estim\u00e9e\" \/>\n\t<meta name=\"twitter:data1\" content=\"11 minutes\" \/>\n<script type=\"application\/ld+json\" class=\"yoast-schema-graph\">{\"@context\":\"https:\/\/schema.org\",\"@graph\":[{\"@type\":\"WebPage\",\"@id\":\"https:\/\/dockedge.thinairweb.co\/fr\/garantie-et-mentions-legales\/\",\"url\":\"https:\/\/dockedge.thinairweb.co\/fr\/garantie-et-mentions-legales\/\",\"name\":\"Garantie et mentions l\u00e9gales - Dock Edge+\",\"isPartOf\":{\"@id\":\"https:\/\/dockedge.thinairweb.co\/fr\/#website\"},\"datePublished\":\"2018-04-17T22:23:29+00:00\",\"dateModified\":\"2025-07-29T13:10:56+00:00\",\"breadcrumb\":{\"@id\":\"https:\/\/dockedge.thinairweb.co\/fr\/garantie-et-mentions-legales\/#breadcrumb\"},\"inLanguage\":\"fr-FR\",\"potentialAction\":[{\"@type\":\"ReadAction\",\"target\":[\"https:\/\/dockedge.thinairweb.co\/fr\/garantie-et-mentions-legales\/\"]}]},{\"@type\":\"BreadcrumbList\",\"@id\":\"https:\/\/dockedge.thinairweb.co\/fr\/garantie-et-mentions-legales\/#breadcrumb\",\"itemListElement\":[{\"@type\":\"ListItem\",\"position\":1,\"name\":\"Home\",\"item\":\"https:\/\/dockedge.thinairweb.co\/fr\/\"},{\"@type\":\"ListItem\",\"position\":2,\"name\":\"Garantie et mentions l\u00e9gales\"}]},{\"@type\":\"WebSite\",\"@id\":\"https:\/\/dockedge.thinairweb.co\/fr\/#website\",\"url\":\"https:\/\/dockedge.thinairweb.co\/fr\/\",\"name\":\"Dock Edge+\",\"description\":\"Your Dock. Your Way.\",\"potentialAction\":[{\"@type\":\"SearchAction\",\"target\":{\"@type\":\"EntryPoint\",\"urlTemplate\":\"https:\/\/dockedge.thinairweb.co\/fr\/?s={search_term_string}\"},\"query-input\":{\"@type\":\"PropertyValueSpecification\",\"valueRequired\":true,\"valueName\":\"search_term_string\"}}],\"inLanguage\":\"fr-FR\"}]}<\/script>\n<!-- \/ Yoast SEO plugin. -->","yoast_head_json":{"title":"Garantie et mentions l\u00e9gales - Dock Edge+","robots":{"index":"index","follow":"follow","max-snippet":"max-snippet:-1","max-image-preview":"max-image-preview:large","max-video-preview":"max-video-preview:-1"},"canonical":"https:\/\/dockedge.thinairweb.co\/fr\/garantie-et-mentions-legales\/","og_locale":"fr_FR","og_type":"article","og_title":"Garantie et mentions l\u00e9gales - Dock Edge+","og_description":"INFORMATIONS SUR LA GARANTIE LIMIT\u00c9E - TOUS LES PRODUITS CMP Group Ltd. garantit que tous les produits sont exempts de d\u00e9fauts de fabrication et de mat\u00e9riaux pendant une p\u00e9riode de deux ans (sauf sp\u00e9cification contraire dans l'un des paragraphes suivants) lorsqu'ils sont utilis\u00e9s dans des conditions normales et pour l'usage auquel ils sont destin\u00e9s. CMP [&hellip;]","og_url":"https:\/\/dockedge.thinairweb.co\/fr\/garantie-et-mentions-legales\/","og_site_name":"Dock Edge+","article_modified_time":"2025-07-29T13:10:56+00:00","twitter_card":"summary_large_image","twitter_misc":{"Dur\u00e9e de lecture estim\u00e9e":"11 minutes"},"schema":{"@context":"https:\/\/schema.org","@graph":[{"@type":"WebPage","@id":"https:\/\/dockedge.thinairweb.co\/fr\/garantie-et-mentions-legales\/","url":"https:\/\/dockedge.thinairweb.co\/fr\/garantie-et-mentions-legales\/","name":"Garantie et mentions l\u00e9gales - Dock Edge+","isPartOf":{"@id":"https:\/\/dockedge.thinairweb.co\/fr\/#website"},"datePublished":"2018-04-17T22:23:29+00:00","dateModified":"2025-07-29T13:10:56+00:00","breadcrumb":{"@id":"https:\/\/dockedge.thinairweb.co\/fr\/garantie-et-mentions-legales\/#breadcrumb"},"inLanguage":"fr-FR","potentialAction":[{"@type":"ReadAction","target":["https:\/\/dockedge.thinairweb.co\/fr\/garantie-et-mentions-legales\/"]}]},{"@type":"BreadcrumbList","@id":"https:\/\/dockedge.thinairweb.co\/fr\/garantie-et-mentions-legales\/#breadcrumb","itemListElement":[{"@type":"ListItem","position":1,"name":"Home","item":"https:\/\/dockedge.thinairweb.co\/fr\/"},{"@type":"ListItem","position":2,"name":"Garantie et mentions l\u00e9gales"}]},{"@type":"WebSite","@id":"https:\/\/dockedge.thinairweb.co\/fr\/#website","url":"https:\/\/dockedge.thinairweb.co\/fr\/","name":"Dock Edge+","description":"Your Dock. Your Way.","potentialAction":[{"@type":"SearchAction","target":{"@type":"EntryPoint","urlTemplate":"https:\/\/dockedge.thinairweb.co\/fr\/?s={search_term_string}"},"query-input":{"@type":"PropertyValueSpecification","valueRequired":true,"valueName":"search_term_string"}}],"inLanguage":"fr-FR"}]}},"acf":[],"_links":{"self":[{"href":"https:\/\/dockedge.thinairweb.co\/fr\/wp-json\/wp\/v2\/pages\/8365","targetHints":{"allow":["GET"]}}],"collection":[{"href":"https:\/\/dockedge.thinairweb.co\/fr\/wp-json\/wp\/v2\/pages"}],"about":[{"href":"https:\/\/dockedge.thinairweb.co\/fr\/wp-json\/wp\/v2\/types\/page"}],"author":[{"embeddable":true,"href":"https:\/\/dockedge.thinairweb.co\/fr\/wp-json\/wp\/v2\/users\/3"}],"replies":[{"embeddable":true,"href":"https:\/\/dockedge.thinairweb.co\/fr\/wp-json\/wp\/v2\/comments?post=8365"}],"version-history":[{"count":10,"href":"https:\/\/dockedge.thinairweb.co\/fr\/wp-json\/wp\/v2\/pages\/8365\/revisions"}],"predecessor-version":[{"id":8397,"href":"https:\/\/dockedge.thinairweb.co\/fr\/wp-json\/wp\/v2\/pages\/8365\/revisions\/8397"}],"wp:attachment":[{"href":"https:\/\/dockedge.thinairweb.co\/fr\/wp-json\/wp\/v2\/media?parent=8365"}],"curies":[{"name":"wp","href":"https:\/\/api.w.org\/{rel}","templated":true}]}}