{"id":8379,"date":"2018-04-17T22:02:29","date_gmt":"2018-04-17T22:02:29","guid":{"rendered":"https:\/\/dockedge.com\/faq\/"},"modified":"2025-07-29T13:10:57","modified_gmt":"2025-07-29T13:10:57","slug":"faq","status":"publish","type":"page","link":"https:\/\/dockedge.thinairweb.co\/fr\/faq\/","title":{"rendered":"FAQ"},"content":{"rendered":"<p>[et_pb_section fb_built=\u00a0\u00bb1&Prime; _builder_version=\u00a0\u00bb4.16&Prime; global_colors_info=\u00a0\u00bb{}\u00a0\u00bb][et_pb_row _builder_version=\u00a0\u00bb4.16&Prime; background_size=\u00a0\u00bbinitial\u00a0\u00bb background_position=\u00a0\u00bbtop_left\u00a0\u00bb background_repeat=\u00a0\u00bbrepeat\u00a0\u00bb global_colors_info=\u00a0\u00bb{}\u00a0\u00bb][et_pb_column type=\u00a0\u00bb4_4&Prime; _builder_version=\u00a0\u00bb4.16&Prime; custom_padding=\u00a0\u00bb|||\u00a0\u00bb global_colors_info=\u00a0\u00bb{}\u00a0\u00bb custom_padding__hover=\u00a0\u00bb|||\u00a0\u00bb][et_pb_text _builder_version=\u00a0\u00bb4.16&Prime; global_colors_info=\u00a0\u00bb{}\u00a0\u00bb]<\/p>\n<h1>Questions fr\u00e9quemment pos\u00e9es<\/h1>\n<p>[\/et_pb_text][et_pb_video src=\u00a0\u00bbhttps:\/\/youtu.be\/TgBbmm27I7s\u00a0\u00bb _builder_version=\u00a0\u00bb4.18.0&Prime; _module_preset=\u00a0\u00bbdefault\u00a0\u00bb hover_enabled=\u00a0\u00bb0&Prime; sticky_enabled=\u00a0\u00bb0&Prime;][\/et_pb_video][et_pb_toggle title=\u00a0\u00bbO\u00d9 PUIS-JE ACHETER LES PRODUITS DE DOCK EDGE + INC. ? \u00a0\u00bb _builder_version=\u00a0\u00bb4.16&Prime; global_colors_info=\u00a0\u00bb{}\u00a0\u00bb]En tant que fabricant, nous ne vendons pas au d\u00e9tail. Vous pouvez vous procurer nos produits aupr\u00e8s de certains des d\u00e9taillants suivants sur leurs sites web. <\/p>\n<ul>\n<li><a href=\"http:\/\/www.overtons.com\/\" target=\"_blank\" rel=\"noopener\">www.overtons.com<\/a><\/li>\n<li><a href=\"http:\/\/www.cabelas.com\/\" target=\"_blank\" rel=\"noopener\">www.cabelas.com<\/a><\/li>\n<li><a href=\"http:\/\/www.basspro.com\/\" target=\"_blank\" rel=\"noopener\">www.basspro.com<\/a><\/li>\n<li><a href=\"http:\/\/www.bartswatersports.com\/\" target=\"_blank\" rel=\"noopener\">www.bartswatersports.com<\/a><\/li>\n<li><a href=\"http:\/\/www.go2marine.com\/\" target=\"_blank\" rel=\"noopener\">www.go2marine.com<\/a><\/li>\n<li><a href=\"http:\/\/www.boatingstore.com\/\" target=\"_blank\" rel=\"noopener\">www.boatingstore.com<\/a><\/li>\n<li><a href=\"http:\/\/www.iboats.com\/\" target=\"_blank\" rel=\"noopener\">www.iboats.com<\/a><\/li>\n<\/ul>\n<p>Nos produits sont \u00e9galement disponibles aupr\u00e8s de revendeurs locaux et de d\u00e9taillants en quincaillerie. Pour obtenir les coordonn\u00e9es d&rsquo;un revendeur local ou de tout autre revendeur du catalogue en ligne, envoyez une demande par courrier \u00e9lectronique \u00e0 l&rsquo;adresse suivante : <a href=\"mailto:info@dockedge.com\">info@dockedge.com.<\/a><br \/>\n[\/et_pb_toggle][et_pb_toggle title=\u00a0\u00bbCOMMENT ACHETER UNE PI\u00c8CE DE RECHANGE ?\u00a0\u00bb _builder_version=\u00a0\u00bb4.16&Prime; global_colors_info=\u00a0\u00bb{}\u00a0\u00bb]Vous pouvez obtenir des informations sur les lieux d&rsquo;achat de toutes les pi\u00e8ces de rechange en contactant notre service client\u00e8le par courrier \u00e9lectronique \u00e0 l&rsquo;adresse <a href=\"mailto:info@dockedge.com\">info@dockedge.com<\/a>.<br \/>\n[\/et_pb_toggle][et_pb_toggle title=\u00a0\u00bbAVEC LES DIFF\u00c9RENTS TYPES ET STYLES DE BUTOIRS DE QUAI, COMMENT PUIS-JE S\u00c9LECTIONNER LE PRODUIT APPROPRI\u00c9 POUR MON APPLICATION ?\u00a0\u00bb _builder_version=\u00a0\u00bb4.16&Prime; global_colors_info=\u00a0\u00bb{}\u00a0\u00bb]<\/p>\n<p>La premi\u00e8re chose \u00e0 faire est de tenir compte de la taille du navire et de la hauteur de franc-bord du quai. Traditionnellement, pour les grands navires, il convient d&rsquo;utiliser le PVC Premium, car il est dot\u00e9 d&rsquo;un coussin d&rsquo;air unique qui emprisonne l&rsquo;air, assurant ainsi une protection maximale. Les profil\u00e9s en PVC standard sont les plus polyvalents et les plus durables. Ils sont g\u00e9n\u00e9ralement utilis\u00e9s pour l&rsquo;amarrage de petits runabouts, de bateaux de p\u00eache et de petits bateaux \u00e0 cabine et \u00e0 cuddy. Le PVC \u00e9conomique doit \u00eatre utilis\u00e9 pour les quais \u00e0 faible franc-bord et est g\u00e9n\u00e9ralement install\u00e9 sur les quais dans les zones peu fr\u00e9quent\u00e9es. Le style de pare-chocs est d\u00e9termin\u00e9 par la hauteur du quai par rapport au bateau. Sur les quais o\u00f9 le pont du navire se trouve au-dessus de la partie sup\u00e9rieure du quai, il convient d&rsquo;utiliser un profil\u00e9 \u00e0 montage par le haut. Une protection maximale peut \u00eatre obtenue en installant des profil\u00e9s (sans l\u00e8vre sup\u00e9rieure) verticalement tous les 2 ou 3 pieds.      <\/p>\n<p>Pour plus d&rsquo;informations sur l&rsquo;installation des butoirs de quai, veuillez consulter nos manuels dans le menu d&rsquo;assistance ou contacter notre \u00e9quipe d&rsquo;assistance \u00e0 la client\u00e8le \u00e0<span> <\/span><strong>1-800-295-3625<\/strong>.<\/p>\n<p>[\/et_pb_toggle][et_pb_toggle title=\u00a0\u00bbDOIS-JE GONFLER MON PARE-BATTAGE ?\u00a0\u00bb _builder_version=\u00a0\u00bb4.16&Prime; global_colors_info=\u00a0\u00bb{}\u00a0\u00bb]Dans des circonstances normales, il n&rsquo;est pas n\u00e9cessaire de gonfler le garde-boue. Le garde-boue ne doit \u00eatre gonfl\u00e9 que si, sous une l\u00e9g\u00e8re pression, il se comprime de plus de 2 pouces. Il convient d&rsquo;\u00eatre extr\u00eamement prudent lors du gonflage afin de ne pas endommager la valve. Humidifiez toujours l&rsquo;aiguille et ins\u00e9rez-la bien droite.   <\/p>\n<p>Tout dommage caus\u00e9 \u00e0 la valve pendant le gonflage annulera la garantie. Veuillez consulter notre <span>&nbsp;<\/span><a target=\"_blank\" href=\"https:\/\/dockedge.com\/fr\/guide-de-gonflage-des-ailes\/\" rel=\"noopener\">guide de gonflage des ailes<\/a><span>&nbsp;<\/span>pour les lignes directrices relatives \u00e0 l&rsquo;inflation.[\/et_pb_toggle][et_pb_toggle title=\u00a0\u00bbCOMMENT NETTOYER MES BORDURES EN PVC ET MES PRODUITS EN VINYLE ?\u00a0\u00bb _builder_version=\u00a0\u00bb4.16&Prime; global_colors_info=\u00a0\u00bb{}\u00a0\u00bb]<\/p>\n<p><span>Les bordures en PVC peuvent \u00eatre nettoy\u00e9es \u00e0 l&rsquo;aide de n&rsquo;importe quelle essence min\u00e9rale. L&rsquo;utilisation de nettoyants tels que Armour All ou de diff\u00e9rents types de polish pour meubles permettra d&rsquo;\u00e9liminer la plupart des taches. Armour All est le moyen le plus efficace de nettoyer et de redonner de l&rsquo;\u00e9clat aux ailes en vinyle et aux \u00e9l\u00e9ments de protection contre les taches.  <\/span><\/p>\n<p>[\/et_pb_toggle][et_pb_toggle title=\u00a0\u00bbJE SUIS EN TRAIN DE CONSTRUIRE UN QUAI, COMMENT PUIS-JE D\u00c9TERMINER LE NIVEAU DE FLOTTAISON DONT J&#039;AI BESOIN ET QUELS SONT LES COMPOSANTS MAT\u00c9RIELS N\u00c9CESSAIRES ?\u00a0\u00bb _builder_version=\u00a0\u00bb4.16&Prime; global_colors_info=\u00a0\u00bb{}\u00a0\u00bb]<\/p>\n<p>L&rsquo;\u00e9quation utilis\u00e9e par les constructeurs de quais commerciaux est la suivante : pied carr\u00e9 x 25 (livres par pied carr\u00e9) divis\u00e9 par la capacit\u00e9 de flottaison des flotteurs. L&#8217;emplacement de la quincaillerie est d\u00e9termin\u00e9 par la taille et le style du quai. Nous proposons un guide de placement de la quincaillerie pour plusieurs configurations de quai. Pour t\u00e9l\u00e9charger gratuitement ce guide, consultez nos <a href=\"https:\/\/dockedge.com\/guides-plans\/\">guides et plans<\/a> sur ce site Web.   <\/p>\n<p>[\/et_pb_toggle][et_pb_toggle title=\u00a0\u00bbQUELLE EST LA DIFF\u00c9RENCE ENTRE UN LIFERING COMMERCIAL 30%22 ET UN LIFERING S.O.L.A.S. ?\u00a0\u00bb _builder_version=\u00a0\u00bb4.16&Prime; global_colors_info=\u00a0\u00bb{}\u00a0\u00bb]<\/p>\n<p><span>Les deux bou\u00e9es sont approuv\u00e9es par les garde-c\u00f4tes am\u00e9ricains. La bou\u00e9e S.O.L.A.S. est fabriqu\u00e9e conform\u00e9ment \u00e0 la convention internationale S.O.L.A.S. et comporte en outre une bande r\u00e9fl\u00e9chissante, tandis que la bou\u00e9e commerciale ne r\u00e9pond qu&rsquo;aux r\u00e9glementations des garde-c\u00f4tes am\u00e9ricains. Les deux bou\u00e9es sont approuv\u00e9es par les garde-c\u00f4tes am\u00e9ricains, mais la plupart des utilisations en mer exigent une bou\u00e9e de sauvetage S.O.L.A.S.  <\/span><\/p>\n<p>[\/et_pb_toggle][\/et_pb_column][\/et_pb_row][\/et_pb_section]<\/p>\n","protected":false},"excerpt":{"rendered":"<p>Questions fr\u00e9quemment pos\u00e9es En tant que fabricant, nous ne vendons pas au d\u00e9tail. Vous pouvez vous procurer nos produits aupr\u00e8s de certains des d\u00e9taillants suivants sur leurs sites web. www.overtons.com www.cabelas.com www.basspro.com www.bartswatersports.com www.go2marine.com www.boatingstore.com www.iboats.com Nos produits sont \u00e9galement disponibles aupr\u00e8s de revendeurs locaux et de d\u00e9taillants en quincaillerie. Pour obtenir les coordonn\u00e9es d&rsquo;un [&hellip;]<\/p>\n","protected":false},"author":3,"featured_media":0,"parent":0,"menu_order":0,"comment_status":"closed","ping_status":"closed","template":"","meta":{"_acf_changed":false,"_et_pb_use_builder":"on","_et_pb_old_content":"","_et_gb_content_width":"","footnotes":""},"class_list":["post-8379","page","type-page","status-publish","hentry"],"yoast_head":"<!-- This site is optimized with the Yoast SEO plugin v27.0 - https:\/\/yoast.com\/product\/yoast-seo-wordpress\/ -->\n<title>FAQ - Dock Edge+<\/title>\n<meta name=\"robots\" content=\"index, follow, max-snippet:-1, max-image-preview:large, max-video-preview:-1\" \/>\n<link rel=\"canonical\" href=\"https:\/\/dockedge.thinairweb.co\/fr\/faq\/\" \/>\n<meta property=\"og:locale\" content=\"fr_FR\" \/>\n<meta property=\"og:type\" content=\"article\" \/>\n<meta property=\"og:title\" content=\"FAQ - Dock Edge+\" \/>\n<meta property=\"og:description\" content=\"Questions fr\u00e9quemment pos\u00e9es En tant que fabricant, nous ne vendons pas au d\u00e9tail. Vous pouvez vous procurer nos produits aupr\u00e8s de certains des d\u00e9taillants suivants sur leurs sites web. www.overtons.com www.cabelas.com www.basspro.com www.bartswatersports.com www.go2marine.com www.boatingstore.com www.iboats.com Nos produits sont \u00e9galement disponibles aupr\u00e8s de revendeurs locaux et de d\u00e9taillants en quincaillerie. Pour obtenir les coordonn\u00e9es d&#039;un [&hellip;]\" \/>\n<meta property=\"og:url\" content=\"https:\/\/dockedge.thinairweb.co\/fr\/faq\/\" \/>\n<meta property=\"og:site_name\" content=\"Dock Edge+\" \/>\n<meta property=\"article:modified_time\" content=\"2025-07-29T13:10:57+00:00\" \/>\n<meta name=\"twitter:card\" content=\"summary_large_image\" \/>\n<meta name=\"twitter:label1\" content=\"Dur\u00e9e de lecture estim\u00e9e\" \/>\n\t<meta name=\"twitter:data1\" content=\"5 minutes\" \/>\n<script type=\"application\/ld+json\" class=\"yoast-schema-graph\">{\"@context\":\"https:\/\/schema.org\",\"@graph\":[{\"@type\":\"WebPage\",\"@id\":\"https:\/\/dockedge.thinairweb.co\/fr\/faq\/\",\"url\":\"https:\/\/dockedge.thinairweb.co\/fr\/faq\/\",\"name\":\"FAQ - Dock Edge+\",\"isPartOf\":{\"@id\":\"https:\/\/dockedge.thinairweb.co\/fr\/#website\"},\"datePublished\":\"2018-04-17T22:02:29+00:00\",\"dateModified\":\"2025-07-29T13:10:57+00:00\",\"breadcrumb\":{\"@id\":\"https:\/\/dockedge.thinairweb.co\/fr\/faq\/#breadcrumb\"},\"inLanguage\":\"fr-FR\",\"potentialAction\":[{\"@type\":\"ReadAction\",\"target\":[\"https:\/\/dockedge.thinairweb.co\/fr\/faq\/\"]}]},{\"@type\":\"BreadcrumbList\",\"@id\":\"https:\/\/dockedge.thinairweb.co\/fr\/faq\/#breadcrumb\",\"itemListElement\":[{\"@type\":\"ListItem\",\"position\":1,\"name\":\"Home\",\"item\":\"https:\/\/dockedge.thinairweb.co\/fr\/\"},{\"@type\":\"ListItem\",\"position\":2,\"name\":\"FAQ\"}]},{\"@type\":\"WebSite\",\"@id\":\"https:\/\/dockedge.thinairweb.co\/fr\/#website\",\"url\":\"https:\/\/dockedge.thinairweb.co\/fr\/\",\"name\":\"Dock Edge+\",\"description\":\"Your Dock. Your Way.\",\"potentialAction\":[{\"@type\":\"SearchAction\",\"target\":{\"@type\":\"EntryPoint\",\"urlTemplate\":\"https:\/\/dockedge.thinairweb.co\/fr\/?s={search_term_string}\"},\"query-input\":{\"@type\":\"PropertyValueSpecification\",\"valueRequired\":true,\"valueName\":\"search_term_string\"}}],\"inLanguage\":\"fr-FR\"}]}<\/script>\n<!-- \/ Yoast SEO plugin. -->","yoast_head_json":{"title":"FAQ - Dock Edge+","robots":{"index":"index","follow":"follow","max-snippet":"max-snippet:-1","max-image-preview":"max-image-preview:large","max-video-preview":"max-video-preview:-1"},"canonical":"https:\/\/dockedge.thinairweb.co\/fr\/faq\/","og_locale":"fr_FR","og_type":"article","og_title":"FAQ - Dock Edge+","og_description":"Questions fr\u00e9quemment pos\u00e9es En tant que fabricant, nous ne vendons pas au d\u00e9tail. Vous pouvez vous procurer nos produits aupr\u00e8s de certains des d\u00e9taillants suivants sur leurs sites web. www.overtons.com www.cabelas.com www.basspro.com www.bartswatersports.com www.go2marine.com www.boatingstore.com www.iboats.com Nos produits sont \u00e9galement disponibles aupr\u00e8s de revendeurs locaux et de d\u00e9taillants en quincaillerie. Pour obtenir les coordonn\u00e9es d'un [&hellip;]","og_url":"https:\/\/dockedge.thinairweb.co\/fr\/faq\/","og_site_name":"Dock Edge+","article_modified_time":"2025-07-29T13:10:57+00:00","twitter_card":"summary_large_image","twitter_misc":{"Dur\u00e9e de lecture estim\u00e9e":"5 minutes"},"schema":{"@context":"https:\/\/schema.org","@graph":[{"@type":"WebPage","@id":"https:\/\/dockedge.thinairweb.co\/fr\/faq\/","url":"https:\/\/dockedge.thinairweb.co\/fr\/faq\/","name":"FAQ - Dock Edge+","isPartOf":{"@id":"https:\/\/dockedge.thinairweb.co\/fr\/#website"},"datePublished":"2018-04-17T22:02:29+00:00","dateModified":"2025-07-29T13:10:57+00:00","breadcrumb":{"@id":"https:\/\/dockedge.thinairweb.co\/fr\/faq\/#breadcrumb"},"inLanguage":"fr-FR","potentialAction":[{"@type":"ReadAction","target":["https:\/\/dockedge.thinairweb.co\/fr\/faq\/"]}]},{"@type":"BreadcrumbList","@id":"https:\/\/dockedge.thinairweb.co\/fr\/faq\/#breadcrumb","itemListElement":[{"@type":"ListItem","position":1,"name":"Home","item":"https:\/\/dockedge.thinairweb.co\/fr\/"},{"@type":"ListItem","position":2,"name":"FAQ"}]},{"@type":"WebSite","@id":"https:\/\/dockedge.thinairweb.co\/fr\/#website","url":"https:\/\/dockedge.thinairweb.co\/fr\/","name":"Dock Edge+","description":"Your Dock. Your Way.","potentialAction":[{"@type":"SearchAction","target":{"@type":"EntryPoint","urlTemplate":"https:\/\/dockedge.thinairweb.co\/fr\/?s={search_term_string}"},"query-input":{"@type":"PropertyValueSpecification","valueRequired":true,"valueName":"search_term_string"}}],"inLanguage":"fr-FR"}]}},"acf":[],"_links":{"self":[{"href":"https:\/\/dockedge.thinairweb.co\/fr\/wp-json\/wp\/v2\/pages\/8379","targetHints":{"allow":["GET"]}}],"collection":[{"href":"https:\/\/dockedge.thinairweb.co\/fr\/wp-json\/wp\/v2\/pages"}],"about":[{"href":"https:\/\/dockedge.thinairweb.co\/fr\/wp-json\/wp\/v2\/types\/page"}],"author":[{"embeddable":true,"href":"https:\/\/dockedge.thinairweb.co\/fr\/wp-json\/wp\/v2\/users\/3"}],"replies":[{"embeddable":true,"href":"https:\/\/dockedge.thinairweb.co\/fr\/wp-json\/wp\/v2\/comments?post=8379"}],"version-history":[{"count":1,"href":"https:\/\/dockedge.thinairweb.co\/fr\/wp-json\/wp\/v2\/pages\/8379\/revisions"}],"predecessor-version":[{"id":8386,"href":"https:\/\/dockedge.thinairweb.co\/fr\/wp-json\/wp\/v2\/pages\/8379\/revisions\/8386"}],"wp:attachment":[{"href":"https:\/\/dockedge.thinairweb.co\/fr\/wp-json\/wp\/v2\/media?parent=8379"}],"curies":[{"name":"wp","href":"https:\/\/api.w.org\/{rel}","templated":true}]}}