{"id":8395,"date":"2018-04-18T12:18:36","date_gmt":"2018-04-18T12:18:36","guid":{"rendered":"https:\/\/dockedge.com\/guide-de-gonflage-des-ailes\/"},"modified":"2025-07-29T13:10:57","modified_gmt":"2025-07-29T13:10:57","slug":"guide-de-gonflage-des-ailes","status":"publish","type":"page","link":"https:\/\/dockedge.thinairweb.co\/fr\/guide-de-gonflage-des-ailes\/","title":{"rendered":"Guide de gonflage des ailes"},"content":{"rendered":"<p>[et_pb_section admin_label=\u00a0\u00bbsection\u00a0\u00bb]<br \/>\n\t\t[et_pb_row admin_label=\u00a0\u00bbrang\u00e9e\u00a0\u00bb]<br \/>\n\t\t\t[et_pb_column type=\u00a0\u00bb4_4&Prime;]<br \/>\n\t\t\t\t[et_pb_text admin_label=\u00a0\u00bbText\u00a0\u00bb]<\/p>\n<h1 class=\"text-align-center\"><strong>GUIDE DE GONFLAGE DES AILES<\/strong><\/h1>\n<p>&nbsp;&nbsp;&nbsp;<\/p>\n<p><strong>Remarque :<\/strong> en l&rsquo;absence de manom\u00e8tre, remplissez le garde-boue jusqu&rsquo;\u00e0 ce que les parois lat\u00e9rales soient fermes, mais non bomb\u00e9es. Le garde-boue doit encore se comprimer de 1\/2&Prime; sous une l\u00e9g\u00e8re pression. Le PSI est corrig\u00e9 \u00e0 20\u00baC. Humidifiez l&rsquo;aiguille de gonflage avant de l&rsquo;ins\u00e9rer dans le garde-boue.  <\/p>\n<h2>DOUBLE \u0152IL LISSE<\/h2>\n<table id=\"product-table\" cellpadding=\"15\" cellspacing=\"0\" border=\"0\">\n<tr>\n<th>Produit<\/th>\n<th>Circonf\u00e9rence maximale<\/th>\n<th>Pression de gonflage maximale<\/th>\n<\/tr>\n<td>4.5 x 16<\/td>\n<td>13,4 in (34,0 cm)<\/td>\n<td>2,0 PSI<\/td>\n<\/tr>\n<tr>\n<td>5.5 x 20<\/td>\n<td>17,4 in (44,2 cm)<\/td>\n<td>2,0 PSI<\/td>\n<\/tr>\n<tr>\n<td>6.5 x 23<\/td>\n<td>20,4 in (51,8 cm)<\/td>\n<td>2,0 PSI<\/td>\n<\/tr>\n<tr>\n<td>8.5 x 27<\/td>\n<td>26,8 in (68,0 cm)<\/td>\n<td>2,0 PSI<\/td>\n<\/tr>\n<tr>\n<td>10 x 30<\/td>\n<td>33.1 in (84.0 cm)<\/td>\n<td>1,5 PSI<\/td>\n<\/tr>\n<tr>\n<td>12 x 34<\/td>\n<td>41,5 in (105,4 cm)<\/td>\n<td>1,5 PSI<\/td>\n<\/tr>\n<\/table>\n<h2>\u0152IL DOUBLE NERVUR\u00c9<\/h2>\n<table id=\"product-table\" cellpadding=\"15\" cellspacing=\"0\" border=\"0\">\n<tr>\n<th>Produit<\/th>\n<th>Circonf\u00e9rence maximale<\/th>\n<th>Pression de gonflage maximale<\/th>\n<\/tr>\n<td>4.5 x 16<\/td>\n<td>13,4 in (34,0 cm)<\/td>\n<td>2,0 PSI<\/td>\n<\/tr>\n<tr>\n<td>5.5 x 20<\/td>\n<td>17,4 in (44,2 cm)<\/td>\n<td>2,0 PSI<\/td>\n<\/tr>\n<tr>\n<td>6.5 x 23<\/td>\n<td>20,4 in (51,8 cm)<\/td>\n<td>2,0 PSI<\/td>\n<\/tr>\n<tr>\n<td>8.5 x 27<\/td>\n<td>26,8 in (68,0 cm)<\/td>\n<td>2,0 PSI<\/td>\n<\/tr>\n<\/table>\n<h2>TROU CENTRAL NERVUR\u00c9<\/h2>\n<table id=\"product-table\" cellpadding=\"15\" cellspacing=\"0\" border=\"0\">\n<tr>\n<th>Produit<\/th>\n<th>Circonf\u00e9rence maximale<\/th>\n<th>Pression de gonflage maximale<\/th>\n<\/tr>\n<td>6 x 15<\/td>\n<td>18,9 in (48,0 cm)<\/td>\n<td>2,0 PSI<\/td>\n<\/tr>\n<tr>\n<td>8 x 20<\/td>\n<td>25,1 in (51,8 cm)<\/td>\n<td>2,0 PSI<\/td>\n<\/tr>\n<tr>\n<td>10 x 25<\/td>\n<td>31.4 in (67.8 cm)<\/td>\n<td>1,5 PSI<\/td>\n<\/tr>\n<tr>\n<td>12 x 34<\/td>\n<td>38.0 in (83.8 cm)<\/td>\n<td>1,5 PSI<\/td>\n<\/tr>\n<\/table>\n<p>\t\t\t\t[\/et_pb_text]<br \/>\n\t\t\t[\/et_pb_column]<br \/>\n\t\t[\/et_pb_row]<br \/>\n\t[\/et_pb_section]<\/p>\n","protected":false},"excerpt":{"rendered":"<p>GUIDE DE GONFLAGE DES AILES&nbsp;&nbsp;&nbsp;Remarque : en l&rsquo;absence de manom\u00e8tre, remplissez le garde-boue jusqu&rsquo;\u00e0 ce que les parois lat\u00e9rales soient fermes, mais non bomb\u00e9es. Le garde-boue doit encore se comprimer de 1\/2&Prime; sous une l\u00e9g\u00e8re pression. Le PSI est corrig\u00e9 \u00e0 20\u00baC. Humidifiez l&rsquo;aiguille de gonflage avant de l&rsquo;ins\u00e9rer dans le garde-boue. DOUBLE \u0152IL LISSE [&hellip;]<\/p>\n","protected":false},"author":3,"featured_media":0,"parent":0,"menu_order":0,"comment_status":"closed","ping_status":"closed","template":"","meta":{"_acf_changed":false,"_et_pb_use_builder":"on","_et_pb_old_content":"","_et_gb_content_width":"","footnotes":""},"class_list":["post-8395","page","type-page","status-publish","hentry"],"yoast_head":"<!-- This site is optimized with the Yoast SEO plugin v27.0 - https:\/\/yoast.com\/product\/yoast-seo-wordpress\/ -->\n<title>Guide de gonflage des ailes - Dock Edge+<\/title>\n<meta name=\"robots\" content=\"index, follow, max-snippet:-1, max-image-preview:large, max-video-preview:-1\" \/>\n<link rel=\"canonical\" href=\"https:\/\/dockedge.thinairweb.co\/fr\/guide-de-gonflage-des-ailes\/\" \/>\n<meta property=\"og:locale\" content=\"fr_FR\" \/>\n<meta property=\"og:type\" content=\"article\" \/>\n<meta property=\"og:title\" content=\"Guide de gonflage des ailes - Dock Edge+\" \/>\n<meta property=\"og:description\" content=\"GUIDE DE GONFLAGE DES AILES&nbsp;&nbsp;&nbsp;Remarque : en l&#039;absence de manom\u00e8tre, remplissez le garde-boue jusqu&#039;\u00e0 ce que les parois lat\u00e9rales soient fermes, mais non bomb\u00e9es. Le garde-boue doit encore se comprimer de 1\/2&quot; sous une l\u00e9g\u00e8re pression. Le PSI est corrig\u00e9 \u00e0 20\u00baC. Humidifiez l&#039;aiguille de gonflage avant de l&#039;ins\u00e9rer dans le garde-boue. DOUBLE \u0152IL LISSE [&hellip;]\" \/>\n<meta property=\"og:url\" content=\"https:\/\/dockedge.thinairweb.co\/fr\/guide-de-gonflage-des-ailes\/\" \/>\n<meta property=\"og:site_name\" content=\"Dock Edge+\" \/>\n<meta property=\"article:modified_time\" content=\"2025-07-29T13:10:57+00:00\" \/>\n<meta name=\"twitter:card\" content=\"summary_large_image\" \/>\n<meta name=\"twitter:label1\" content=\"Dur\u00e9e de lecture estim\u00e9e\" \/>\n\t<meta name=\"twitter:data1\" content=\"1 minute\" \/>\n<script type=\"application\/ld+json\" class=\"yoast-schema-graph\">{\"@context\":\"https:\/\/schema.org\",\"@graph\":[{\"@type\":\"WebPage\",\"@id\":\"https:\/\/dockedge.thinairweb.co\/fr\/guide-de-gonflage-des-ailes\/\",\"url\":\"https:\/\/dockedge.thinairweb.co\/fr\/guide-de-gonflage-des-ailes\/\",\"name\":\"Guide de gonflage des ailes - Dock Edge+\",\"isPartOf\":{\"@id\":\"https:\/\/dockedge.thinairweb.co\/fr\/#website\"},\"datePublished\":\"2018-04-18T12:18:36+00:00\",\"dateModified\":\"2025-07-29T13:10:57+00:00\",\"breadcrumb\":{\"@id\":\"https:\/\/dockedge.thinairweb.co\/fr\/guide-de-gonflage-des-ailes\/#breadcrumb\"},\"inLanguage\":\"fr-FR\",\"potentialAction\":[{\"@type\":\"ReadAction\",\"target\":[\"https:\/\/dockedge.thinairweb.co\/fr\/guide-de-gonflage-des-ailes\/\"]}]},{\"@type\":\"BreadcrumbList\",\"@id\":\"https:\/\/dockedge.thinairweb.co\/fr\/guide-de-gonflage-des-ailes\/#breadcrumb\",\"itemListElement\":[{\"@type\":\"ListItem\",\"position\":1,\"name\":\"Home\",\"item\":\"https:\/\/dockedge.thinairweb.co\/fr\/\"},{\"@type\":\"ListItem\",\"position\":2,\"name\":\"Guide de gonflage des ailes\"}]},{\"@type\":\"WebSite\",\"@id\":\"https:\/\/dockedge.thinairweb.co\/fr\/#website\",\"url\":\"https:\/\/dockedge.thinairweb.co\/fr\/\",\"name\":\"Dock Edge+\",\"description\":\"Your Dock. Your Way.\",\"potentialAction\":[{\"@type\":\"SearchAction\",\"target\":{\"@type\":\"EntryPoint\",\"urlTemplate\":\"https:\/\/dockedge.thinairweb.co\/fr\/?s={search_term_string}\"},\"query-input\":{\"@type\":\"PropertyValueSpecification\",\"valueRequired\":true,\"valueName\":\"search_term_string\"}}],\"inLanguage\":\"fr-FR\"}]}<\/script>\n<!-- \/ Yoast SEO plugin. -->","yoast_head_json":{"title":"Guide de gonflage des ailes - Dock Edge+","robots":{"index":"index","follow":"follow","max-snippet":"max-snippet:-1","max-image-preview":"max-image-preview:large","max-video-preview":"max-video-preview:-1"},"canonical":"https:\/\/dockedge.thinairweb.co\/fr\/guide-de-gonflage-des-ailes\/","og_locale":"fr_FR","og_type":"article","og_title":"Guide de gonflage des ailes - Dock Edge+","og_description":"GUIDE DE GONFLAGE DES AILES&nbsp;&nbsp;&nbsp;Remarque : en l'absence de manom\u00e8tre, remplissez le garde-boue jusqu'\u00e0 ce que les parois lat\u00e9rales soient fermes, mais non bomb\u00e9es. Le garde-boue doit encore se comprimer de 1\/2\" sous une l\u00e9g\u00e8re pression. Le PSI est corrig\u00e9 \u00e0 20\u00baC. Humidifiez l'aiguille de gonflage avant de l'ins\u00e9rer dans le garde-boue. DOUBLE \u0152IL LISSE [&hellip;]","og_url":"https:\/\/dockedge.thinairweb.co\/fr\/guide-de-gonflage-des-ailes\/","og_site_name":"Dock Edge+","article_modified_time":"2025-07-29T13:10:57+00:00","twitter_card":"summary_large_image","twitter_misc":{"Dur\u00e9e de lecture estim\u00e9e":"1 minute"},"schema":{"@context":"https:\/\/schema.org","@graph":[{"@type":"WebPage","@id":"https:\/\/dockedge.thinairweb.co\/fr\/guide-de-gonflage-des-ailes\/","url":"https:\/\/dockedge.thinairweb.co\/fr\/guide-de-gonflage-des-ailes\/","name":"Guide de gonflage des ailes - Dock Edge+","isPartOf":{"@id":"https:\/\/dockedge.thinairweb.co\/fr\/#website"},"datePublished":"2018-04-18T12:18:36+00:00","dateModified":"2025-07-29T13:10:57+00:00","breadcrumb":{"@id":"https:\/\/dockedge.thinairweb.co\/fr\/guide-de-gonflage-des-ailes\/#breadcrumb"},"inLanguage":"fr-FR","potentialAction":[{"@type":"ReadAction","target":["https:\/\/dockedge.thinairweb.co\/fr\/guide-de-gonflage-des-ailes\/"]}]},{"@type":"BreadcrumbList","@id":"https:\/\/dockedge.thinairweb.co\/fr\/guide-de-gonflage-des-ailes\/#breadcrumb","itemListElement":[{"@type":"ListItem","position":1,"name":"Home","item":"https:\/\/dockedge.thinairweb.co\/fr\/"},{"@type":"ListItem","position":2,"name":"Guide de gonflage des ailes"}]},{"@type":"WebSite","@id":"https:\/\/dockedge.thinairweb.co\/fr\/#website","url":"https:\/\/dockedge.thinairweb.co\/fr\/","name":"Dock Edge+","description":"Your Dock. Your Way.","potentialAction":[{"@type":"SearchAction","target":{"@type":"EntryPoint","urlTemplate":"https:\/\/dockedge.thinairweb.co\/fr\/?s={search_term_string}"},"query-input":{"@type":"PropertyValueSpecification","valueRequired":true,"valueName":"search_term_string"}}],"inLanguage":"fr-FR"}]}},"acf":[],"_links":{"self":[{"href":"https:\/\/dockedge.thinairweb.co\/fr\/wp-json\/wp\/v2\/pages\/8395","targetHints":{"allow":["GET"]}}],"collection":[{"href":"https:\/\/dockedge.thinairweb.co\/fr\/wp-json\/wp\/v2\/pages"}],"about":[{"href":"https:\/\/dockedge.thinairweb.co\/fr\/wp-json\/wp\/v2\/types\/page"}],"author":[{"embeddable":true,"href":"https:\/\/dockedge.thinairweb.co\/fr\/wp-json\/wp\/v2\/users\/3"}],"replies":[{"embeddable":true,"href":"https:\/\/dockedge.thinairweb.co\/fr\/wp-json\/wp\/v2\/comments?post=8395"}],"version-history":[{"count":1,"href":"https:\/\/dockedge.thinairweb.co\/fr\/wp-json\/wp\/v2\/pages\/8395\/revisions"}],"predecessor-version":[{"id":8400,"href":"https:\/\/dockedge.thinairweb.co\/fr\/wp-json\/wp\/v2\/pages\/8395\/revisions\/8400"}],"wp:attachment":[{"href":"https:\/\/dockedge.thinairweb.co\/fr\/wp-json\/wp\/v2\/media?parent=8395"}],"curies":[{"name":"wp","href":"https:\/\/api.w.org\/{rel}","templated":true}]}}