{"id":8215,"date":"2018-04-19T22:16:25","date_gmt":"2018-04-19T22:16:25","guid":{"rendered":"https:\/\/dockedge.com\/product\/echasses-damarrage-economiques\/"},"modified":"2018-04-19T22:16:25","modified_gmt":"2018-04-19T22:16:25","slug":"echasses-damarrage-economiques","status":"publish","type":"product","link":"https:\/\/dockedge.thinairweb.co\/fr\/produit\/echasses-damarrage-economiques\/","title":{"rendered":"\u00c9chasses d&rsquo;amarrage \u00e9conomiques"},"content":{"rendered":"<table id=\"product-table\" border=\"0\" cellspacing=\"0\" cellpadding=\"15\">\n<tbody>\n<tr>\n<th>N\u00b0 de pi\u00e8ce<\/th>\n<th>Description<\/th>\n<\/tr>\n<tr>\n<td>DE3100F<\/td>\n<td>8&prime; Mooring Whip (set de 2) pour bateaux jusqu&rsquo;\u00e0 18 ft. ou 2000Lb<\/td>\n<\/tr>\n<tr>\n<td>DE3120F<\/td>\n<td>Cravache d&rsquo;amarrage 12&prime; (jeu de 2) pour bateaux jusqu&rsquo;\u00e0 23 ft. ou 4000Lb<\/td>\n<\/tr>\n<tr>\n<td>DE3000F<\/td>\n<td>Embase pour fouet d&rsquo;amarrage, avec bouton en T<\/td>\n<\/tr>\n<tr>\n<td>DE3100RF<\/td>\n<td>Fouet de remplacement pour 3100<\/td>\n<\/tr>\n<tr>\n<td>DE3120RF<\/td>\n<td>Fouet de remplacement pour 3120<\/td>\n<\/tr>\n<tr>\n<td>DE3920WF<\/td>\n<td>Chapeau d&rsquo;amarrage seulement, pour 3120<\/td>\n<\/tr>\n<tr>\n<td>DE3925WF<\/td>\n<td>Fouet d&rsquo;amarrage fond seul, pour 3120<\/td>\n<\/tr>\n<\/tbody>\n<\/table>\n<p><script src=\"\/\/ui.powerreviews.com\/stable\/4.0\/ui.js\"><\/script><\/p>\n<p><script>\n  POWERREVIEWS.display.render({\n      api_key: 'fdb23d80-8310-4409-87f2-2ee20e24a743',\n      locale: 'en_US',\n      merchant_group_id: '78535',\n      merchant_id: '542114',\n      page_id: '3193',\n      review_wrapper_url: 'http:\/\/www.dockedge.com\/write-a-review\/?pr_page_id=___PAGE_ID___',\nstructured_data_product_id : 'http:\/\/www.dockedge.com\/product\/economy-mooring-whips\/',\nproduct:{\n        name: 'Economy Mooring Whips', \n        url: 'http:\/\/www.dockedge.com\/product\/economy-mooring-whips\/',\n        image_url: 'http:\/\/www.dockedge.com\/wp-content\/uploads\/sites\/3\/2018\/04\/3100-F.jpg',\n        description: 'Whip 8' Lines&Hdw 2000Lb',\n        category_name: 'Mooring',\n        manufacturer_id: 'DE3100F',\n        upc: '776113310007',\n        brand_name: 'DockEdge',\n        price: '',\n        in_stock: '',\nvariants: [{\n            name: 'DE3120F',\n            description: 'Whip 12' Lines&Hdw 4000Lb',\n            upc: '776113312001',\t\n            page_id_variant: '1',\n        },\n        {\n            name: 'DE3000F',\n            description: 'Mooring Whip Base c\/w T Knob Grey',\n            upc: '776113300022',\n            page_id_variant: '2',  \n        },\n        {\n            name: 'DE3100RF',\n            description: 'Replacement Whip (2000 Lb) 3100',\n            upc: '776113310021',\n            page_id_variant: '3',   \n        },\n        {\n            name: 'DE3120RF',\n            description: 'Replacement Whip (4000 Lb) 3120',\n            upc: '776113312025',\n            page_id_variant: '4',  \n        },\n        {\n            name: 'DE3920WF',\n            description: 'Mooring Whip Top 3120',\n            upc: '776113392027',\n            page_id_variant: '5',   \n        },\n        {\n            name: 'DE3925WF',\n            description: 'Mooring Whip Bottom 3120',\n\t    upc: '776113392522',\t\n            page_id_variant: '6',\n    }]\n    },\n      components: {\n    ReviewSnippet: 'pr-reviewsnippet',\n    ReviewDisplay: 'pr-reviewdisplay'\n      }\n    });\n  <\/script><\/p>\n<div id=\"pr-reviewdisplay\"><\/div>\n","protected":false},"excerpt":{"rendered":"<div id=\"pr-reviewsnippet\"><\/div>\n<p><b>CUP<\/b> <br \/>\nMoyen \u00e9conomique d&rsquo;attacher votre bateau, ces fouets en fibre de verre sont exceptionnellement solides, attrayants et n&rsquo;obstrueront pas votre vue sur le bord de l&rsquo;eau. Agissant comme un ressort, chaque fouet est compos\u00e9 d&rsquo;une solide tige en fibre de verre. Les bases en fonte d&rsquo;aluminium durable sont dot\u00e9es d&rsquo;une empreinte de montage r\u00e9sistante de 3\/8&Prime; d&rsquo;\u00e9paisseur et d&rsquo;un taquet, d&rsquo;un anneau et d&rsquo;une vis \u00e0 oreilles moul\u00e9s pour fixer le fouet en position. Insensible aux UV, chaque fouet comprend \u00e9galement un embout fonctionnel pour faciliter l&rsquo;acc\u00e8s \u00e0 votre bateau. Chaque fouet est construit selon les sp\u00e9cifications les plus rigoureuses et est constitu\u00e9 de mat\u00e9riaux brevet\u00e9s de la plus haute qualit\u00e9.    <\/p>\n<p>Disponible dans les tailles 8 Ft. et 12 Ft. pour les bateaux jusqu&rsquo;\u00e0 23 Ft. et jusqu&rsquo;\u00e0 4000 lb. <\/p>\n<p><img loading=\"lazy\" decoding=\"async\" src=\"https:\/\/dockedge.com\/wp-content\/uploads\/sites\/3\/2025\/07\/mooring_charts_eco.png\" alt=\"\" width=\"1000\" height=\"236\" class=\"alignnone size-medium wp-image-5505\"><\/p>\n","protected":false},"featured_media":7297,"template":"","meta":{"_acf_changed":false,"_et_pb_use_builder":"off","_et_pb_old_content":"<table id=\"product-table\" border=\"0\" cellspacing=\"0\" cellpadding=\"15\">\n<tbody>\n<tr>\n<th>N\u00b0 de pi\u00e8ce<\/th>\n<th>Description<\/th>\n<\/tr>\n<tr>\n<td>DE3100F<\/td>\n<td>8' Mooring Whip (set de 2) pour bateaux jusqu'\u00e0 18 ft. ou 2000Lb<\/td>\n<\/tr>\n<tr>\n<td>DE3120F<\/td>\n<td>Cravache d'amarrage 12' (jeu de 2) pour bateaux jusqu'\u00e0 23 ft. ou 4000Lb<\/td>\n<\/tr>\n<tr>\n<td>DE3000F<\/td>\n<td>Embase pour fouet d'amarrage, avec bouton en T<\/td>\n<\/tr>\n<tr>\n<td>DE3100RF<\/td>\n<td>Fouet de remplacement pour 3100<\/td>\n<\/tr>\n<tr>\n<td>DE3120RF<\/td>\n<td>Fouet de remplacement pour 3120<\/td>\n<\/tr>\n<tr>\n<td>DE3920WF<\/td>\n<td>Chapeau d'amarrage uniquement, pour 3120<\/td>\n<\/tr>\n<tr>\n<td>DE3925WF<\/td>\n<td>Fouet d'amarrage fond seul, pour 3120<\/td>\n<\/tr>\n<\/tbody>\n<\/table>\n\n\n\n  POWERREVIEWS.display.render({\n  api_key: 'fdb23d80-8310-4409-87f2-2ee20e24a743',\n  locale : 'en_US',\n  merchant_group_id : '78535',\n  merchant_id : '542114',\n  page_id : '3193',\n  review_wrapper_url : 'http:\/\/www.dockedge.com\/write-a-review\/?pr_page_id=___PAGE_ID___',\nstructured_data_product_id : 'http:\/\/www.dockedge.com\/product\/economy-mooring-whips\/',\nproduit:{\n  nom : \"Economy Mooring Whips\",  \n  url : 'http:\/\/www.dockedge.com\/product\/economy-mooring-whips\/',\n  image_url : 'http:\/\/www.dockedge.com\/wp-content\/uploads\/sites\/3\/2018\/04\/3100-F.jpg',\n  description : 'Whip 8' Lines&Hdw 2000Lb Howell',\n  category_name : 'Mooring',\n  id_du_fabricant : 'DE3100F',\n  upc : '776113310007',\n  nom de marque : \"DockEdge\",\n  prix : '',\n  in_stock : '',\nvariantes : [{\n  nom : \"DE3120F\",\n  description : 'Whip 12' Lines&Hdw 4000Lb Howell',\n  upc : '776113312001',  \n  page_id_variant : '1',\n  },\n  {\n  nom : \"DE3000F\",\n  description : 'Mooring Whip Base c\/w T Knob Grey',\n  upc : '776113300022',\n  page_id_variant : \"2\",  \n  },\n  {\n  nom : \"DE3100RF\",\n  description : \"Fouet de remplacement (2000 Lb) 3100\",\n  upc : '776113310021',\n  page_id_variant : '3',  \n  },\n  {\n  nom : \"DE3120RF\",\n  description : \"Fouet de remplacement (4000 Lb) 3120\",\n  upc : '776113312025',\n  page_id_variant : '4',  \n  },\n  {\n  nom : \"DE3920WF\",\n  description : 'Mooring Whip Top 3120',\n  upc : '776113392027',\n  page_id_variant : '5',  \n  },\n  {\n  nom : \"DE3925WF\",\n  description : 'Mooring Whip Bottom 3120',\n  upc : '776113392522',  \n  page_id_variant : '6',\n  }]\n  },\n  les composants : {\n  ReviewSnippet : 'pr-reviewsnippet',\n  ReviewDisplay : \"pr-reviewdisplay\" (affichage de l'examen)\n  }\n  }) ;\n  \n<div id=\"pr-reviewdisplay\"><\/div>","_et_gb_content_width":""},"product_brand":[],"product_cat":[149],"product_tag":[],"class_list":{"0":"post-8215","1":"product","2":"type-product","3":"status-publish","4":"has-post-thumbnail","6":"product_cat-amarrage","8":"first","9":"instock","10":"shipping-taxable","11":"product-type-simple"},"yoast_head":"<!-- This site is optimized with the Yoast SEO plugin v27.0 - https:\/\/yoast.com\/product\/yoast-seo-wordpress\/ -->\n<title>\u00c9chasses d&#039;amarrage \u00e9conomiques - Dock Edge+<\/title>\n<meta name=\"robots\" content=\"index, follow, max-snippet:-1, max-image-preview:large, max-video-preview:-1\" \/>\n<link rel=\"canonical\" href=\"https:\/\/dockedge.thinairweb.co\/fr\/produit\/echasses-damarrage-economiques\/\" \/>\n<meta property=\"og:locale\" content=\"fr_FR\" \/>\n<meta property=\"og:type\" content=\"article\" \/>\n<meta property=\"og:title\" content=\"\u00c9chasses d&#039;amarrage \u00e9conomiques - Dock Edge+\" \/>\n<meta property=\"og:description\" content=\"CUP Moyen \u00e9conomique d&#039;attacher votre bateau, ces fouets en fibre de verre sont exceptionnellement solides, attrayants et n&#039;obstrueront pas votre vue sur le bord de l&#039;eau. Agissant comme un ressort, chaque fouet est compos\u00e9 d&#039;une solide tige en fibre de verre. Les bases en fonte d&#039;aluminium durable sont dot\u00e9es d&#039;une empreinte de montage r\u00e9sistante de 3\/8&quot; d&#039;\u00e9paisseur et d&#039;un taquet, d&#039;un anneau et d&#039;une vis \u00e0 oreilles moul\u00e9s pour fixer le fouet en position. Insensible aux UV, chaque fouet comprend \u00e9galement un embout fonctionnel pour faciliter l&#039;acc\u00e8s \u00e0 votre bateau. Chaque fouet est construit selon les sp\u00e9cifications les plus rigoureuses et est constitu\u00e9 de mat\u00e9riaux brevet\u00e9s de la plus haute qualit\u00e9.   Disponible dans les tailles 8 Ft. et 12 Ft. pour les bateaux jusqu&#039;\u00e0 23 Ft. et jusqu&#039;\u00e0 4000 lb.\" \/>\n<meta property=\"og:url\" content=\"https:\/\/dockedge.thinairweb.co\/fr\/produit\/echasses-damarrage-economiques\/\" \/>\n<meta property=\"og:site_name\" content=\"Dock Edge+\" \/>\n<meta property=\"og:image\" content=\"https:\/\/dockedge.thinairweb.co\/wp-content\/uploads\/sites\/3\/2018\/04\/3100-F.jpg\" \/>\n\t<meta property=\"og:image:width\" content=\"700\" \/>\n\t<meta property=\"og:image:height\" content=\"700\" \/>\n\t<meta property=\"og:image:type\" content=\"image\/jpeg\" \/>\n<meta name=\"twitter:card\" content=\"summary_large_image\" \/>\n<script type=\"application\/ld+json\" class=\"yoast-schema-graph\">{\"@context\":\"https:\/\/schema.org\",\"@graph\":[{\"@type\":\"WebPage\",\"@id\":\"https:\/\/dockedge.thinairweb.co\/fr\/produit\/echasses-damarrage-economiques\/\",\"url\":\"https:\/\/dockedge.thinairweb.co\/fr\/produit\/echasses-damarrage-economiques\/\",\"name\":\"\u00c9chasses d'amarrage \u00e9conomiques - Dock Edge+\",\"isPartOf\":{\"@id\":\"https:\/\/dockedge.thinairweb.co\/fr\/#website\"},\"primaryImageOfPage\":{\"@id\":\"https:\/\/dockedge.thinairweb.co\/fr\/produit\/echasses-damarrage-economiques\/#primaryimage\"},\"image\":{\"@id\":\"https:\/\/dockedge.thinairweb.co\/fr\/produit\/echasses-damarrage-economiques\/#primaryimage\"},\"thumbnailUrl\":\"https:\/\/dockedge.thinairweb.co\/wp-content\/uploads\/sites\/3\/2018\/04\/3100-F.jpg\",\"datePublished\":\"2018-04-19T22:16:25+00:00\",\"breadcrumb\":{\"@id\":\"https:\/\/dockedge.thinairweb.co\/fr\/produit\/echasses-damarrage-economiques\/#breadcrumb\"},\"inLanguage\":\"fr-FR\",\"potentialAction\":[{\"@type\":\"ReadAction\",\"target\":[\"https:\/\/dockedge.thinairweb.co\/fr\/produit\/echasses-damarrage-economiques\/\"]}]},{\"@type\":\"ImageObject\",\"inLanguage\":\"fr-FR\",\"@id\":\"https:\/\/dockedge.thinairweb.co\/fr\/produit\/echasses-damarrage-economiques\/#primaryimage\",\"url\":\"https:\/\/dockedge.thinairweb.co\/wp-content\/uploads\/sites\/3\/2018\/04\/3100-F.jpg\",\"contentUrl\":\"https:\/\/dockedge.thinairweb.co\/wp-content\/uploads\/sites\/3\/2018\/04\/3100-F.jpg\",\"width\":700,\"height\":700,\"caption\":\"Economy Mooring Whips installed\"},{\"@type\":\"BreadcrumbList\",\"@id\":\"https:\/\/dockedge.thinairweb.co\/fr\/produit\/echasses-damarrage-economiques\/#breadcrumb\",\"itemListElement\":[{\"@type\":\"ListItem\",\"position\":1,\"name\":\"Home\",\"item\":\"https:\/\/dockedge.thinairweb.co\/fr\/\"},{\"@type\":\"ListItem\",\"position\":2,\"name\":\"Boutique\",\"item\":\"https:\/\/dockedge.thinairweb.co\/fr\/boutique\/\"},{\"@type\":\"ListItem\",\"position\":3,\"name\":\"\u00c9chasses d&rsquo;amarrage \u00e9conomiques\"}]},{\"@type\":\"WebSite\",\"@id\":\"https:\/\/dockedge.thinairweb.co\/fr\/#website\",\"url\":\"https:\/\/dockedge.thinairweb.co\/fr\/\",\"name\":\"Dock Edge+\",\"description\":\"Your Dock. Your Way.\",\"potentialAction\":[{\"@type\":\"SearchAction\",\"target\":{\"@type\":\"EntryPoint\",\"urlTemplate\":\"https:\/\/dockedge.thinairweb.co\/fr\/?s={search_term_string}\"},\"query-input\":{\"@type\":\"PropertyValueSpecification\",\"valueRequired\":true,\"valueName\":\"search_term_string\"}}],\"inLanguage\":\"fr-FR\"}]}<\/script>\n<!-- \/ Yoast SEO plugin. -->","yoast_head_json":{"title":"\u00c9chasses d'amarrage \u00e9conomiques - Dock Edge+","robots":{"index":"index","follow":"follow","max-snippet":"max-snippet:-1","max-image-preview":"max-image-preview:large","max-video-preview":"max-video-preview:-1"},"canonical":"https:\/\/dockedge.thinairweb.co\/fr\/produit\/echasses-damarrage-economiques\/","og_locale":"fr_FR","og_type":"article","og_title":"\u00c9chasses d'amarrage \u00e9conomiques - Dock Edge+","og_description":"CUP Moyen \u00e9conomique d'attacher votre bateau, ces fouets en fibre de verre sont exceptionnellement solides, attrayants et n'obstrueront pas votre vue sur le bord de l'eau. Agissant comme un ressort, chaque fouet est compos\u00e9 d'une solide tige en fibre de verre. Les bases en fonte d'aluminium durable sont dot\u00e9es d'une empreinte de montage r\u00e9sistante de 3\/8\" d'\u00e9paisseur et d'un taquet, d'un anneau et d'une vis \u00e0 oreilles moul\u00e9s pour fixer le fouet en position. Insensible aux UV, chaque fouet comprend \u00e9galement un embout fonctionnel pour faciliter l'acc\u00e8s \u00e0 votre bateau. Chaque fouet est construit selon les sp\u00e9cifications les plus rigoureuses et est constitu\u00e9 de mat\u00e9riaux brevet\u00e9s de la plus haute qualit\u00e9.   Disponible dans les tailles 8 Ft. et 12 Ft. pour les bateaux jusqu'\u00e0 23 Ft. et jusqu'\u00e0 4000 lb.","og_url":"https:\/\/dockedge.thinairweb.co\/fr\/produit\/echasses-damarrage-economiques\/","og_site_name":"Dock Edge+","og_image":[{"width":700,"height":700,"url":"https:\/\/dockedge.thinairweb.co\/wp-content\/uploads\/sites\/3\/2018\/04\/3100-F.jpg","type":"image\/jpeg"}],"twitter_card":"summary_large_image","schema":{"@context":"https:\/\/schema.org","@graph":[{"@type":"WebPage","@id":"https:\/\/dockedge.thinairweb.co\/fr\/produit\/echasses-damarrage-economiques\/","url":"https:\/\/dockedge.thinairweb.co\/fr\/produit\/echasses-damarrage-economiques\/","name":"\u00c9chasses d'amarrage \u00e9conomiques - Dock Edge+","isPartOf":{"@id":"https:\/\/dockedge.thinairweb.co\/fr\/#website"},"primaryImageOfPage":{"@id":"https:\/\/dockedge.thinairweb.co\/fr\/produit\/echasses-damarrage-economiques\/#primaryimage"},"image":{"@id":"https:\/\/dockedge.thinairweb.co\/fr\/produit\/echasses-damarrage-economiques\/#primaryimage"},"thumbnailUrl":"https:\/\/dockedge.thinairweb.co\/wp-content\/uploads\/sites\/3\/2018\/04\/3100-F.jpg","datePublished":"2018-04-19T22:16:25+00:00","breadcrumb":{"@id":"https:\/\/dockedge.thinairweb.co\/fr\/produit\/echasses-damarrage-economiques\/#breadcrumb"},"inLanguage":"fr-FR","potentialAction":[{"@type":"ReadAction","target":["https:\/\/dockedge.thinairweb.co\/fr\/produit\/echasses-damarrage-economiques\/"]}]},{"@type":"ImageObject","inLanguage":"fr-FR","@id":"https:\/\/dockedge.thinairweb.co\/fr\/produit\/echasses-damarrage-economiques\/#primaryimage","url":"https:\/\/dockedge.thinairweb.co\/wp-content\/uploads\/sites\/3\/2018\/04\/3100-F.jpg","contentUrl":"https:\/\/dockedge.thinairweb.co\/wp-content\/uploads\/sites\/3\/2018\/04\/3100-F.jpg","width":700,"height":700,"caption":"Economy Mooring Whips installed"},{"@type":"BreadcrumbList","@id":"https:\/\/dockedge.thinairweb.co\/fr\/produit\/echasses-damarrage-economiques\/#breadcrumb","itemListElement":[{"@type":"ListItem","position":1,"name":"Home","item":"https:\/\/dockedge.thinairweb.co\/fr\/"},{"@type":"ListItem","position":2,"name":"Boutique","item":"https:\/\/dockedge.thinairweb.co\/fr\/boutique\/"},{"@type":"ListItem","position":3,"name":"\u00c9chasses d&rsquo;amarrage \u00e9conomiques"}]},{"@type":"WebSite","@id":"https:\/\/dockedge.thinairweb.co\/fr\/#website","url":"https:\/\/dockedge.thinairweb.co\/fr\/","name":"Dock Edge+","description":"Your Dock. Your Way.","potentialAction":[{"@type":"SearchAction","target":{"@type":"EntryPoint","urlTemplate":"https:\/\/dockedge.thinairweb.co\/fr\/?s={search_term_string}"},"query-input":{"@type":"PropertyValueSpecification","valueRequired":true,"valueName":"search_term_string"}}],"inLanguage":"fr-FR"}]}},"acf":[],"_links":{"self":[{"href":"https:\/\/dockedge.thinairweb.co\/fr\/wp-json\/wp\/v2\/product\/8215","targetHints":{"allow":["GET"]}}],"collection":[{"href":"https:\/\/dockedge.thinairweb.co\/fr\/wp-json\/wp\/v2\/product"}],"about":[{"href":"https:\/\/dockedge.thinairweb.co\/fr\/wp-json\/wp\/v2\/types\/product"}],"wp:featuredmedia":[{"embeddable":true,"href":"https:\/\/dockedge.thinairweb.co\/fr\/wp-json\/wp\/v2\/media\/7297"}],"wp:attachment":[{"href":"https:\/\/dockedge.thinairweb.co\/fr\/wp-json\/wp\/v2\/media?parent=8215"}],"wp:term":[{"taxonomy":"product_brand","embeddable":true,"href":"https:\/\/dockedge.thinairweb.co\/fr\/wp-json\/wp\/v2\/product_brand?post=8215"},{"taxonomy":"product_cat","embeddable":true,"href":"https:\/\/dockedge.thinairweb.co\/fr\/wp-json\/wp\/v2\/product_cat?post=8215"},{"taxonomy":"product_tag","embeddable":true,"href":"https:\/\/dockedge.thinairweb.co\/fr\/wp-json\/wp\/v2\/product_tag?post=8215"}],"curies":[{"name":"wp","href":"https:\/\/api.w.org\/{rel}","templated":true}]}}