{"id":8216,"date":"2018-04-19T02:15:50","date_gmt":"2018-04-19T02:15:50","guid":{"rendered":"https:\/\/dockedge.com\/product\/pince-dalimentation-de-quai\/"},"modified":"2018-04-19T02:15:50","modified_gmt":"2018-04-19T02:15:50","slug":"pince-dalimentation-de-quai","status":"publish","type":"product","link":"https:\/\/dockedge.thinairweb.co\/fr\/produit\/pince-dalimentation-de-quai\/","title":{"rendered":"PINCE D&rsquo;ALIMENTATION DE QUAI"},"content":{"rendered":"<table id=\"product-table\" border=\"0\" cellspacing=\"0\" cellpadding=\"15\">\n<tbody>\n<tr>\n<th>N\u00b0 de pi\u00e8ce<\/th>\n<th>Description<\/th>\n<\/tr>\n<tr>\n<td>DE91200F<\/td>\n<td>Clip d&rsquo;alimentation de quai pour cordon d&rsquo;alimentation 30Amp, jaune, (4 pi\u00e8ces\/sachet)<\/td>\n<\/tr>\n<tr>\n<td>DE91201F<\/td>\n<td>Clip d&rsquo;alimentation de quai pour cordon d&rsquo;alimentation 50Amp, blanc, (4 pi\u00e8ces\/sachet)<\/td>\n<\/tr>\n<tr>\n<td>DE91205F<\/td>\n<td>Clip d&rsquo;alimentation de quai pour cordon d&rsquo;alimentation 50Amp, jaune, (4 pi\u00e8ces\/sachet)<\/td>\n<\/tr>\n<tr>\n<td>DE91206F<\/td>\n<td>Clip d&rsquo;alimentation de quai pour cordon d&rsquo;alimentation 50Amp, noir, (4 pi\u00e8ces\/sachet)<\/td>\n<\/tr>\n<\/tbody>\n<\/table>\n<p><script src=\"\/\/ui.powerreviews.com\/stable\/4.0\/ui.js\"><\/script><\/p>\n<p><script>\n  POWERREVIEWS.display.render({\n      api_key: 'fdb23d80-8310-4409-87f2-2ee20e24a743',\n      locale: 'en_US',\n      merchant_group_id: '78535',\n      merchant_id: '542114',\n      page_id: '3118',\n      review_wrapper_url: 'http:\/\/www.dockedge.com\/write-a-review\/?pr_page_id=___PAGE_ID___',\nstructured_data_product_id : 'http:\/\/www.dockedge.com\/product\/shore-power-clip\/',\nproduct:{\n        name: 'SHORE POWER CLIP', \n        url: 'http:\/\/www.dockedge.com\/product\/shore-power-clip\/',\n        image_url: 'http:\/\/www.dockedge.com\/wp-content\/uploads\/sites\/3\/2018\/04\/ShorePowerClip-1.jpg',\n        description: 'ShorePowerClip 30Amp Yellow (4Pcs\/Bag)',\n        category_name: 'Dock Accessories',\n        manufacturer_id: 'DE91200F',\n        upc: '776113912003',\n        brand_name: 'DockEdge',\n        price: '<your_product_price>',\n        in_stock: '<product_in_stock_status>',\n        variants: [{\n            name: 'DE91201F',\n            description: 'ShorePowerClip 50Amp White (4Pcs\/Bag)',\n\t    upc: '776113114926',\t\n            page_id_variant: '1',\n        },\n        {\n            name: 'DE91205F',\n            description: 'ShorePowerClip 50Amp Yellow (4Pcs\/Bag)',\n            upc: '776113120026',\n            page_id_variant: '2',  \n        },\n        {\n            name: 'DE91206F',\n            description: 'ShorePowerClip 50Amp Black (4Pcs\/Bag)',\n            upc: '776113114933',\n            page_id_variant: '3',   \n    }]\n    },\n      components: {\n    ReviewSnippet: 'pr-reviewsnippet',\n    ReviewDisplay: 'pr-reviewdisplay'\n      }\n    });\n  <\/script><\/p>\n<div id=\"pr-reviewdisplay\"><\/div>\n","protected":false},"excerpt":{"rendered":"<div id=\"pr-reviewsnippet\"><\/div>\n<p><b>CUP<\/b> <br \/>\nLe moyen s\u00fbr et fiable de s\u00e9curiser les cordons d&rsquo;alimentation \u00e9lectrique dans les zones \u00e0 forte fr\u00e9quentation. Facile \u00e0 installer et \u00e0 utiliser, le Shore Power Clip est con\u00e7u pour maintenir un cordon d&rsquo;alimentation marin robuste de 30 amp\u00e8res dans sa forme discr\u00e8te \u00ab\u00a0adapt\u00e9e aux orteils\u00a0\u00bb.<br \/>\nNos NOUVEAUX clips de 50 amp\u00e8res sont disponibles en 3 couleurs diff\u00e9rentes et sont parfaits pour un cordon standard de 50 amp\u00e8res. <\/p>\n","protected":false},"featured_media":7358,"template":"","meta":{"_acf_changed":false,"_et_pb_use_builder":"","_et_pb_old_content":"","_et_gb_content_width":""},"product_brand":[],"product_cat":[150],"product_tag":[],"class_list":{"0":"post-8216","1":"product","2":"type-product","3":"status-publish","4":"has-post-thumbnail","6":"product_cat-accessoires-de-quai","8":"first","9":"instock","10":"shipping-taxable","11":"product-type-simple"},"yoast_head":"<!-- This site is optimized with the Yoast SEO plugin v27.0 - https:\/\/yoast.com\/product\/yoast-seo-wordpress\/ -->\n<title>PINCE D&#039;ALIMENTATION DE QUAI - Dock Edge+<\/title>\n<meta name=\"robots\" content=\"index, follow, max-snippet:-1, max-image-preview:large, max-video-preview:-1\" \/>\n<link rel=\"canonical\" href=\"https:\/\/dockedge.thinairweb.co\/fr\/produit\/pince-dalimentation-de-quai\/\" \/>\n<meta property=\"og:locale\" content=\"fr_FR\" \/>\n<meta property=\"og:type\" content=\"article\" \/>\n<meta property=\"og:title\" content=\"PINCE D&#039;ALIMENTATION DE QUAI - Dock Edge+\" \/>\n<meta property=\"og:description\" content=\"CUP Le moyen s\u00fbr et fiable de s\u00e9curiser les cordons d&#039;alimentation \u00e9lectrique dans les zones \u00e0 forte fr\u00e9quentation. Facile \u00e0 installer et \u00e0 utiliser, le Shore Power Clip est con\u00e7u pour maintenir un cordon d&#039;alimentation marin robuste de 30 amp\u00e8res dans sa forme discr\u00e8te &quot;adapt\u00e9e aux orteils&quot;. Nos NOUVEAUX clips de 50 amp\u00e8res sont disponibles en 3 couleurs diff\u00e9rentes et sont parfaits pour un cordon standard de 50 amp\u00e8res.\" \/>\n<meta property=\"og:url\" content=\"https:\/\/dockedge.thinairweb.co\/fr\/produit\/pince-dalimentation-de-quai\/\" \/>\n<meta property=\"og:site_name\" content=\"Dock Edge+\" \/>\n<meta property=\"og:image\" content=\"https:\/\/dockedge.thinairweb.co\/wp-content\/uploads\/sites\/3\/2018\/04\/ShorePowerClip-2.jpg\" \/>\n\t<meta property=\"og:image:width\" content=\"700\" \/>\n\t<meta property=\"og:image:height\" content=\"700\" \/>\n\t<meta property=\"og:image:type\" content=\"image\/jpeg\" \/>\n<meta name=\"twitter:card\" content=\"summary_large_image\" \/>\n<script type=\"application\/ld+json\" class=\"yoast-schema-graph\">{\"@context\":\"https:\/\/schema.org\",\"@graph\":[{\"@type\":\"WebPage\",\"@id\":\"https:\/\/dockedge.thinairweb.co\/fr\/produit\/pince-dalimentation-de-quai\/\",\"url\":\"https:\/\/dockedge.thinairweb.co\/fr\/produit\/pince-dalimentation-de-quai\/\",\"name\":\"PINCE D'ALIMENTATION DE QUAI - Dock Edge+\",\"isPartOf\":{\"@id\":\"https:\/\/dockedge.thinairweb.co\/fr\/#website\"},\"primaryImageOfPage\":{\"@id\":\"https:\/\/dockedge.thinairweb.co\/fr\/produit\/pince-dalimentation-de-quai\/#primaryimage\"},\"image\":{\"@id\":\"https:\/\/dockedge.thinairweb.co\/fr\/produit\/pince-dalimentation-de-quai\/#primaryimage\"},\"thumbnailUrl\":\"https:\/\/dockedge.thinairweb.co\/wp-content\/uploads\/sites\/3\/2018\/04\/ShorePowerClip-2.jpg\",\"datePublished\":\"2018-04-19T02:15:50+00:00\",\"breadcrumb\":{\"@id\":\"https:\/\/dockedge.thinairweb.co\/fr\/produit\/pince-dalimentation-de-quai\/#breadcrumb\"},\"inLanguage\":\"fr-FR\",\"potentialAction\":[{\"@type\":\"ReadAction\",\"target\":[\"https:\/\/dockedge.thinairweb.co\/fr\/produit\/pince-dalimentation-de-quai\/\"]}]},{\"@type\":\"ImageObject\",\"inLanguage\":\"fr-FR\",\"@id\":\"https:\/\/dockedge.thinairweb.co\/fr\/produit\/pince-dalimentation-de-quai\/#primaryimage\",\"url\":\"https:\/\/dockedge.thinairweb.co\/wp-content\/uploads\/sites\/3\/2018\/04\/ShorePowerClip-2.jpg\",\"contentUrl\":\"https:\/\/dockedge.thinairweb.co\/wp-content\/uploads\/sites\/3\/2018\/04\/ShorePowerClip-2.jpg\",\"width\":700,\"height\":700,\"caption\":\"Shore Power Clip in yellow\"},{\"@type\":\"BreadcrumbList\",\"@id\":\"https:\/\/dockedge.thinairweb.co\/fr\/produit\/pince-dalimentation-de-quai\/#breadcrumb\",\"itemListElement\":[{\"@type\":\"ListItem\",\"position\":1,\"name\":\"Home\",\"item\":\"https:\/\/dockedge.thinairweb.co\/fr\/\"},{\"@type\":\"ListItem\",\"position\":2,\"name\":\"Boutique\",\"item\":\"https:\/\/dockedge.thinairweb.co\/fr\/boutique\/\"},{\"@type\":\"ListItem\",\"position\":3,\"name\":\"PINCE D&rsquo;ALIMENTATION DE QUAI\"}]},{\"@type\":\"WebSite\",\"@id\":\"https:\/\/dockedge.thinairweb.co\/fr\/#website\",\"url\":\"https:\/\/dockedge.thinairweb.co\/fr\/\",\"name\":\"Dock Edge+\",\"description\":\"Your Dock. Your Way.\",\"potentialAction\":[{\"@type\":\"SearchAction\",\"target\":{\"@type\":\"EntryPoint\",\"urlTemplate\":\"https:\/\/dockedge.thinairweb.co\/fr\/?s={search_term_string}\"},\"query-input\":{\"@type\":\"PropertyValueSpecification\",\"valueRequired\":true,\"valueName\":\"search_term_string\"}}],\"inLanguage\":\"fr-FR\"}]}<\/script>\n<!-- \/ Yoast SEO plugin. -->","yoast_head_json":{"title":"PINCE D'ALIMENTATION DE QUAI - Dock Edge+","robots":{"index":"index","follow":"follow","max-snippet":"max-snippet:-1","max-image-preview":"max-image-preview:large","max-video-preview":"max-video-preview:-1"},"canonical":"https:\/\/dockedge.thinairweb.co\/fr\/produit\/pince-dalimentation-de-quai\/","og_locale":"fr_FR","og_type":"article","og_title":"PINCE D'ALIMENTATION DE QUAI - Dock Edge+","og_description":"CUP Le moyen s\u00fbr et fiable de s\u00e9curiser les cordons d'alimentation \u00e9lectrique dans les zones \u00e0 forte fr\u00e9quentation. Facile \u00e0 installer et \u00e0 utiliser, le Shore Power Clip est con\u00e7u pour maintenir un cordon d'alimentation marin robuste de 30 amp\u00e8res dans sa forme discr\u00e8te \"adapt\u00e9e aux orteils\". Nos NOUVEAUX clips de 50 amp\u00e8res sont disponibles en 3 couleurs diff\u00e9rentes et sont parfaits pour un cordon standard de 50 amp\u00e8res.","og_url":"https:\/\/dockedge.thinairweb.co\/fr\/produit\/pince-dalimentation-de-quai\/","og_site_name":"Dock Edge+","og_image":[{"width":700,"height":700,"url":"https:\/\/dockedge.thinairweb.co\/wp-content\/uploads\/sites\/3\/2018\/04\/ShorePowerClip-2.jpg","type":"image\/jpeg"}],"twitter_card":"summary_large_image","schema":{"@context":"https:\/\/schema.org","@graph":[{"@type":"WebPage","@id":"https:\/\/dockedge.thinairweb.co\/fr\/produit\/pince-dalimentation-de-quai\/","url":"https:\/\/dockedge.thinairweb.co\/fr\/produit\/pince-dalimentation-de-quai\/","name":"PINCE D'ALIMENTATION DE QUAI - Dock Edge+","isPartOf":{"@id":"https:\/\/dockedge.thinairweb.co\/fr\/#website"},"primaryImageOfPage":{"@id":"https:\/\/dockedge.thinairweb.co\/fr\/produit\/pince-dalimentation-de-quai\/#primaryimage"},"image":{"@id":"https:\/\/dockedge.thinairweb.co\/fr\/produit\/pince-dalimentation-de-quai\/#primaryimage"},"thumbnailUrl":"https:\/\/dockedge.thinairweb.co\/wp-content\/uploads\/sites\/3\/2018\/04\/ShorePowerClip-2.jpg","datePublished":"2018-04-19T02:15:50+00:00","breadcrumb":{"@id":"https:\/\/dockedge.thinairweb.co\/fr\/produit\/pince-dalimentation-de-quai\/#breadcrumb"},"inLanguage":"fr-FR","potentialAction":[{"@type":"ReadAction","target":["https:\/\/dockedge.thinairweb.co\/fr\/produit\/pince-dalimentation-de-quai\/"]}]},{"@type":"ImageObject","inLanguage":"fr-FR","@id":"https:\/\/dockedge.thinairweb.co\/fr\/produit\/pince-dalimentation-de-quai\/#primaryimage","url":"https:\/\/dockedge.thinairweb.co\/wp-content\/uploads\/sites\/3\/2018\/04\/ShorePowerClip-2.jpg","contentUrl":"https:\/\/dockedge.thinairweb.co\/wp-content\/uploads\/sites\/3\/2018\/04\/ShorePowerClip-2.jpg","width":700,"height":700,"caption":"Shore Power Clip in yellow"},{"@type":"BreadcrumbList","@id":"https:\/\/dockedge.thinairweb.co\/fr\/produit\/pince-dalimentation-de-quai\/#breadcrumb","itemListElement":[{"@type":"ListItem","position":1,"name":"Home","item":"https:\/\/dockedge.thinairweb.co\/fr\/"},{"@type":"ListItem","position":2,"name":"Boutique","item":"https:\/\/dockedge.thinairweb.co\/fr\/boutique\/"},{"@type":"ListItem","position":3,"name":"PINCE D&rsquo;ALIMENTATION DE QUAI"}]},{"@type":"WebSite","@id":"https:\/\/dockedge.thinairweb.co\/fr\/#website","url":"https:\/\/dockedge.thinairweb.co\/fr\/","name":"Dock Edge+","description":"Your Dock. Your Way.","potentialAction":[{"@type":"SearchAction","target":{"@type":"EntryPoint","urlTemplate":"https:\/\/dockedge.thinairweb.co\/fr\/?s={search_term_string}"},"query-input":{"@type":"PropertyValueSpecification","valueRequired":true,"valueName":"search_term_string"}}],"inLanguage":"fr-FR"}]}},"acf":[],"_links":{"self":[{"href":"https:\/\/dockedge.thinairweb.co\/fr\/wp-json\/wp\/v2\/product\/8216","targetHints":{"allow":["GET"]}}],"collection":[{"href":"https:\/\/dockedge.thinairweb.co\/fr\/wp-json\/wp\/v2\/product"}],"about":[{"href":"https:\/\/dockedge.thinairweb.co\/fr\/wp-json\/wp\/v2\/types\/product"}],"wp:featuredmedia":[{"embeddable":true,"href":"https:\/\/dockedge.thinairweb.co\/fr\/wp-json\/wp\/v2\/media\/7358"}],"wp:attachment":[{"href":"https:\/\/dockedge.thinairweb.co\/fr\/wp-json\/wp\/v2\/media?parent=8216"}],"wp:term":[{"taxonomy":"product_brand","embeddable":true,"href":"https:\/\/dockedge.thinairweb.co\/fr\/wp-json\/wp\/v2\/product_brand?post=8216"},{"taxonomy":"product_cat","embeddable":true,"href":"https:\/\/dockedge.thinairweb.co\/fr\/wp-json\/wp\/v2\/product_cat?post=8216"},{"taxonomy":"product_tag","embeddable":true,"href":"https:\/\/dockedge.thinairweb.co\/fr\/wp-json\/wp\/v2\/product_tag?post=8216"}],"curies":[{"name":"wp","href":"https:\/\/api.w.org\/{rel}","templated":true}]}}