{"id":8219,"date":"2018-04-19T02:24:11","date_gmt":"2018-04-19T02:24:11","guid":{"rendered":"https:\/\/dockedge.com\/product\/bouees-damarrage-en-mousse-a-coque-dure\/"},"modified":"2018-04-19T02:24:11","modified_gmt":"2018-04-19T02:24:11","slug":"bouees-damarrage-en-mousse-a-coque-dure","status":"publish","type":"product","link":"https:\/\/dockedge.thinairweb.co\/fr\/produit\/bouees-damarrage-en-mousse-a-coque-dure\/","title":{"rendered":"Bou\u00e9es d&rsquo;amarrage en mousse \u00e0 coque dure"},"content":{"rendered":"<table id=\"product-table\" cellpadding=\"15\" cellspacing=\"0\" border=\"0\">\n<tbody>\n<tr>\n<th>N\u00b0 de pi\u00e8ce<\/th>\n<th>Description<\/th>\n<\/tr>\n<tr>\n<td>DE90025F<\/td>\n<td>Bou\u00e9e d&rsquo;amarrage 24&Prime; x 8&Prime;, blanche, LLDPE, mouss\u00e9e<\/td>\n<\/tr>\n<tr>\n<td>DE90027F<\/td>\n<td>Bou\u00e9e d&rsquo;amarrage 24&Prime; x 8&Prime;, orange, LLDPE, mousse<\/td>\n<\/tr>\n<\/tbody>\n<\/table>\n<p><script src=\"\/\/ui.powerreviews.com\/stable\/4.0\/ui.js\"><\/script><\/p>\n<p><script>\n  POWERREVIEWS.display.render({\n      api_key: 'fdb23d80-8310-4409-87f2-2ee20e24a743',\n      locale: 'en_US',\n      merchant_group_id: '78535',\n      merchant_id: '542114',\n      page_id: '3128',\n      review_wrapper_url: 'http:\/\/www.dockedge.com\/write-a-review\/?pr_page_id=___PAGE_ID___',\nstructured_data_product_id : 'http:\/\/www.dockedge.com\/product\/hard-shell-foamed-mooring-buoys\/',\nproduct:{\n        name: 'Hard Shell, Foamed Mooring Buoys', \n        url: 'http:\/\/www.dockedge.com\/product\/hard-shell-foamed-mooring-buoys\/',\n        image_url: 'http:\/\/www.dockedge.com\/wp-content\/uploads\/sites\/3\/2018\/04\/90-025-F.jpg',\n        description: 'Mooring Buoy 24\"x8\" White LLDPE Foamed',\n        category_name: 'Fenders & Buoys',\n        manufacturer_id: 'DE90025F',\n        upc: '057389900254',\n        brand_name: 'DockEdge',\n        price: '<your_product_price>',\n        in_stock: '<product_in_stock_status>',\n        variants: [{\n            name: 'DE90027F',\n            description: 'Mooring Buoy 24\"x8\" Orange LLDPE Foamed',\n            upc: '057389900278',\t\n            page_id_variant: '1',\n    }]\n    },\n      components: {\n    ReviewSnippet: 'pr-reviewsnippet',\n    ReviewDisplay: 'pr-reviewdisplay'\n      }\n    });\n  <\/script><\/p>\n<div id=\"pr-reviewdisplay\"><\/div>\n","protected":false},"excerpt":{"rendered":"<div id=\"pr-reviewsnippet\"><\/div>\n<p><b>CUP<\/b> <br \/>\nPoly\u00e9thyl\u00e8ne orange vif et rempli de mousse cellulaire ferm\u00e9e pour une longue dur\u00e9e de vie dans les conditions marines les plus extr\u00eames. R\u00e9sistant au feu, \u00e0 l&rsquo;huile et au gaz. Inhibiteurs d&rsquo;UV et fongicides moul\u00e9s.  <\/p>\n","protected":false},"featured_media":7314,"template":"","meta":{"_acf_changed":false,"_et_pb_use_builder":"","_et_pb_old_content":"","_et_gb_content_width":""},"product_brand":[],"product_cat":[148],"product_tag":[],"class_list":{"0":"post-8219","1":"product","2":"type-product","3":"status-publish","4":"has-post-thumbnail","6":"product_cat-defenses-et-bouees","8":"first","9":"instock","10":"shipping-taxable","11":"product-type-simple"},"yoast_head":"<!-- This site is optimized with the Yoast SEO plugin v27.0 - https:\/\/yoast.com\/product\/yoast-seo-wordpress\/ -->\n<title>Bou\u00e9es d&#039;amarrage en mousse \u00e0 coque dure - Dock Edge+<\/title>\n<meta name=\"robots\" content=\"index, follow, max-snippet:-1, max-image-preview:large, max-video-preview:-1\" \/>\n<link rel=\"canonical\" href=\"https:\/\/dockedge.thinairweb.co\/fr\/produit\/bouees-damarrage-en-mousse-a-coque-dure\/\" \/>\n<meta property=\"og:locale\" content=\"fr_FR\" \/>\n<meta property=\"og:type\" content=\"article\" \/>\n<meta property=\"og:title\" content=\"Bou\u00e9es d&#039;amarrage en mousse \u00e0 coque dure - Dock Edge+\" \/>\n<meta property=\"og:description\" content=\"CUP Poly\u00e9thyl\u00e8ne orange vif et rempli de mousse cellulaire ferm\u00e9e pour une longue dur\u00e9e de vie dans les conditions marines les plus extr\u00eames. R\u00e9sistant au feu, \u00e0 l&#039;huile et au gaz. Inhibiteurs d&#039;UV et fongicides moul\u00e9s.\" \/>\n<meta property=\"og:url\" content=\"https:\/\/dockedge.thinairweb.co\/fr\/produit\/bouees-damarrage-en-mousse-a-coque-dure\/\" \/>\n<meta property=\"og:site_name\" content=\"Dock Edge+\" \/>\n<meta property=\"og:image\" content=\"https:\/\/dockedge.thinairweb.co\/wp-content\/uploads\/sites\/3\/2018\/04\/DE90025F.jpg\" \/>\n\t<meta property=\"og:image:width\" content=\"700\" \/>\n\t<meta property=\"og:image:height\" content=\"700\" \/>\n\t<meta property=\"og:image:type\" content=\"image\/jpeg\" \/>\n<meta name=\"twitter:card\" content=\"summary_large_image\" \/>\n<script type=\"application\/ld+json\" class=\"yoast-schema-graph\">{\"@context\":\"https:\/\/schema.org\",\"@graph\":[{\"@type\":\"WebPage\",\"@id\":\"https:\/\/dockedge.thinairweb.co\/fr\/produit\/bouees-damarrage-en-mousse-a-coque-dure\/\",\"url\":\"https:\/\/dockedge.thinairweb.co\/fr\/produit\/bouees-damarrage-en-mousse-a-coque-dure\/\",\"name\":\"Bou\u00e9es d'amarrage en mousse \u00e0 coque dure - Dock Edge+\",\"isPartOf\":{\"@id\":\"https:\/\/dockedge.thinairweb.co\/fr\/#website\"},\"primaryImageOfPage\":{\"@id\":\"https:\/\/dockedge.thinairweb.co\/fr\/produit\/bouees-damarrage-en-mousse-a-coque-dure\/#primaryimage\"},\"image\":{\"@id\":\"https:\/\/dockedge.thinairweb.co\/fr\/produit\/bouees-damarrage-en-mousse-a-coque-dure\/#primaryimage\"},\"thumbnailUrl\":\"https:\/\/dockedge.thinairweb.co\/wp-content\/uploads\/sites\/3\/2018\/04\/DE90025F.jpg\",\"datePublished\":\"2018-04-19T02:24:11+00:00\",\"breadcrumb\":{\"@id\":\"https:\/\/dockedge.thinairweb.co\/fr\/produit\/bouees-damarrage-en-mousse-a-coque-dure\/#breadcrumb\"},\"inLanguage\":\"fr-FR\",\"potentialAction\":[{\"@type\":\"ReadAction\",\"target\":[\"https:\/\/dockedge.thinairweb.co\/fr\/produit\/bouees-damarrage-en-mousse-a-coque-dure\/\"]}]},{\"@type\":\"ImageObject\",\"inLanguage\":\"fr-FR\",\"@id\":\"https:\/\/dockedge.thinairweb.co\/fr\/produit\/bouees-damarrage-en-mousse-a-coque-dure\/#primaryimage\",\"url\":\"https:\/\/dockedge.thinairweb.co\/wp-content\/uploads\/sites\/3\/2018\/04\/DE90025F.jpg\",\"contentUrl\":\"https:\/\/dockedge.thinairweb.co\/wp-content\/uploads\/sites\/3\/2018\/04\/DE90025F.jpg\",\"width\":700,\"height\":700,\"caption\":\"Hard Shell Foamed Mooring Buoy in white\"},{\"@type\":\"BreadcrumbList\",\"@id\":\"https:\/\/dockedge.thinairweb.co\/fr\/produit\/bouees-damarrage-en-mousse-a-coque-dure\/#breadcrumb\",\"itemListElement\":[{\"@type\":\"ListItem\",\"position\":1,\"name\":\"Home\",\"item\":\"https:\/\/dockedge.thinairweb.co\/fr\/\"},{\"@type\":\"ListItem\",\"position\":2,\"name\":\"Boutique\",\"item\":\"https:\/\/dockedge.thinairweb.co\/fr\/boutique\/\"},{\"@type\":\"ListItem\",\"position\":3,\"name\":\"Bou\u00e9es d&rsquo;amarrage en mousse \u00e0 coque dure\"}]},{\"@type\":\"WebSite\",\"@id\":\"https:\/\/dockedge.thinairweb.co\/fr\/#website\",\"url\":\"https:\/\/dockedge.thinairweb.co\/fr\/\",\"name\":\"Dock Edge+\",\"description\":\"Your Dock. Your Way.\",\"potentialAction\":[{\"@type\":\"SearchAction\",\"target\":{\"@type\":\"EntryPoint\",\"urlTemplate\":\"https:\/\/dockedge.thinairweb.co\/fr\/?s={search_term_string}\"},\"query-input\":{\"@type\":\"PropertyValueSpecification\",\"valueRequired\":true,\"valueName\":\"search_term_string\"}}],\"inLanguage\":\"fr-FR\"}]}<\/script>\n<!-- \/ Yoast SEO plugin. -->","yoast_head_json":{"title":"Bou\u00e9es d'amarrage en mousse \u00e0 coque dure - Dock Edge+","robots":{"index":"index","follow":"follow","max-snippet":"max-snippet:-1","max-image-preview":"max-image-preview:large","max-video-preview":"max-video-preview:-1"},"canonical":"https:\/\/dockedge.thinairweb.co\/fr\/produit\/bouees-damarrage-en-mousse-a-coque-dure\/","og_locale":"fr_FR","og_type":"article","og_title":"Bou\u00e9es d'amarrage en mousse \u00e0 coque dure - Dock Edge+","og_description":"CUP Poly\u00e9thyl\u00e8ne orange vif et rempli de mousse cellulaire ferm\u00e9e pour une longue dur\u00e9e de vie dans les conditions marines les plus extr\u00eames. R\u00e9sistant au feu, \u00e0 l'huile et au gaz. Inhibiteurs d'UV et fongicides moul\u00e9s.","og_url":"https:\/\/dockedge.thinairweb.co\/fr\/produit\/bouees-damarrage-en-mousse-a-coque-dure\/","og_site_name":"Dock Edge+","og_image":[{"width":700,"height":700,"url":"https:\/\/dockedge.thinairweb.co\/wp-content\/uploads\/sites\/3\/2018\/04\/DE90025F.jpg","type":"image\/jpeg"}],"twitter_card":"summary_large_image","schema":{"@context":"https:\/\/schema.org","@graph":[{"@type":"WebPage","@id":"https:\/\/dockedge.thinairweb.co\/fr\/produit\/bouees-damarrage-en-mousse-a-coque-dure\/","url":"https:\/\/dockedge.thinairweb.co\/fr\/produit\/bouees-damarrage-en-mousse-a-coque-dure\/","name":"Bou\u00e9es d'amarrage en mousse \u00e0 coque dure - Dock Edge+","isPartOf":{"@id":"https:\/\/dockedge.thinairweb.co\/fr\/#website"},"primaryImageOfPage":{"@id":"https:\/\/dockedge.thinairweb.co\/fr\/produit\/bouees-damarrage-en-mousse-a-coque-dure\/#primaryimage"},"image":{"@id":"https:\/\/dockedge.thinairweb.co\/fr\/produit\/bouees-damarrage-en-mousse-a-coque-dure\/#primaryimage"},"thumbnailUrl":"https:\/\/dockedge.thinairweb.co\/wp-content\/uploads\/sites\/3\/2018\/04\/DE90025F.jpg","datePublished":"2018-04-19T02:24:11+00:00","breadcrumb":{"@id":"https:\/\/dockedge.thinairweb.co\/fr\/produit\/bouees-damarrage-en-mousse-a-coque-dure\/#breadcrumb"},"inLanguage":"fr-FR","potentialAction":[{"@type":"ReadAction","target":["https:\/\/dockedge.thinairweb.co\/fr\/produit\/bouees-damarrage-en-mousse-a-coque-dure\/"]}]},{"@type":"ImageObject","inLanguage":"fr-FR","@id":"https:\/\/dockedge.thinairweb.co\/fr\/produit\/bouees-damarrage-en-mousse-a-coque-dure\/#primaryimage","url":"https:\/\/dockedge.thinairweb.co\/wp-content\/uploads\/sites\/3\/2018\/04\/DE90025F.jpg","contentUrl":"https:\/\/dockedge.thinairweb.co\/wp-content\/uploads\/sites\/3\/2018\/04\/DE90025F.jpg","width":700,"height":700,"caption":"Hard Shell Foamed Mooring Buoy in white"},{"@type":"BreadcrumbList","@id":"https:\/\/dockedge.thinairweb.co\/fr\/produit\/bouees-damarrage-en-mousse-a-coque-dure\/#breadcrumb","itemListElement":[{"@type":"ListItem","position":1,"name":"Home","item":"https:\/\/dockedge.thinairweb.co\/fr\/"},{"@type":"ListItem","position":2,"name":"Boutique","item":"https:\/\/dockedge.thinairweb.co\/fr\/boutique\/"},{"@type":"ListItem","position":3,"name":"Bou\u00e9es d&rsquo;amarrage en mousse \u00e0 coque dure"}]},{"@type":"WebSite","@id":"https:\/\/dockedge.thinairweb.co\/fr\/#website","url":"https:\/\/dockedge.thinairweb.co\/fr\/","name":"Dock Edge+","description":"Your Dock. Your Way.","potentialAction":[{"@type":"SearchAction","target":{"@type":"EntryPoint","urlTemplate":"https:\/\/dockedge.thinairweb.co\/fr\/?s={search_term_string}"},"query-input":{"@type":"PropertyValueSpecification","valueRequired":true,"valueName":"search_term_string"}}],"inLanguage":"fr-FR"}]}},"acf":[],"_links":{"self":[{"href":"https:\/\/dockedge.thinairweb.co\/fr\/wp-json\/wp\/v2\/product\/8219","targetHints":{"allow":["GET"]}}],"collection":[{"href":"https:\/\/dockedge.thinairweb.co\/fr\/wp-json\/wp\/v2\/product"}],"about":[{"href":"https:\/\/dockedge.thinairweb.co\/fr\/wp-json\/wp\/v2\/types\/product"}],"wp:featuredmedia":[{"embeddable":true,"href":"https:\/\/dockedge.thinairweb.co\/fr\/wp-json\/wp\/v2\/media\/7314"}],"wp:attachment":[{"href":"https:\/\/dockedge.thinairweb.co\/fr\/wp-json\/wp\/v2\/media?parent=8219"}],"wp:term":[{"taxonomy":"product_brand","embeddable":true,"href":"https:\/\/dockedge.thinairweb.co\/fr\/wp-json\/wp\/v2\/product_brand?post=8219"},{"taxonomy":"product_cat","embeddable":true,"href":"https:\/\/dockedge.thinairweb.co\/fr\/wp-json\/wp\/v2\/product_cat?post=8219"},{"taxonomy":"product_tag","embeddable":true,"href":"https:\/\/dockedge.thinairweb.co\/fr\/wp-json\/wp\/v2\/product_tag?post=8219"}],"curies":[{"name":"wp","href":"https:\/\/api.w.org\/{rel}","templated":true}]}}