{"id":8220,"date":"2018-04-19T02:15:07","date_gmt":"2018-04-19T02:15:07","guid":{"rendered":"https:\/\/dockedge.com\/product\/roues-roulantes\/"},"modified":"2018-04-19T02:15:07","modified_gmt":"2018-04-19T02:15:07","slug":"roues-roulantes","status":"publish","type":"product","link":"https:\/\/dockedge.thinairweb.co\/fr\/produit\/roues-roulantes\/","title":{"rendered":"ROUES ROULANTES"},"content":{"rendered":"<table id=\"product-table\" border=\"0\" cellspacing=\"0\" cellpadding=\"15\">\n<tbody>\n<tr>\n<th>N\u00b0 de pi\u00e8ce<\/th>\n<th>Description<\/th>\n<\/tr>\n<tr>\n<td>DE90021F<\/td>\n<td>Roue Premium 18&Prime; x 6&Prime;, capacit\u00e9 500lb<\/td>\n<\/tr>\n<tr>\n<td>DE90024F<\/td>\n<td>Roue Premium 24&Prime; x 8&Prime;, capacit\u00e9 800lb<\/td>\n<\/tr>\n<tr>\n<td>DE90026F<\/td>\n<td>Roue Premium 24&Prime; x 8&Prime;, capacit\u00e9 1800lb, mousse<\/td>\n<\/tr>\n<tr>\n<td>DE90028F<\/td>\n<td>Roue Premium 24&Prime; x 8&Prime;, capacit\u00e9 1200lb, usage intensif<\/td>\n<\/tr>\n<\/tbody>\n<\/table>\n<p><script src=\"\/\/ui.powerreviews.com\/stable\/4.0\/ui.js\"><\/script><\/p>\n<p><script>\n  POWERREVIEWS.display.render({\n      api_key: 'fdb23d80-8310-4409-87f2-2ee20e24a743',\n      locale: 'en_US',\n      merchant_group_id: '78535',\n      merchant_id: '542114',\n      page_id: '3116',\n      review_wrapper_url: 'http:\/\/www.dockedge.com\/write-a-review\/?pr_page_id=___PAGE_ID___',\nstructured_data_product_id : 'http:\/\/www.dockedge.com\/product\/rolling-wheels\/',\nproduct:{\n        name: 'ROLLING WHEELS', \n        url: 'http:\/\/www.dockedge.com\/product\/rolling-wheels\/',\n        image_url: 'http:\/\/www.dockedge.com\/wp-content\/uploads\/sites\/3\/2018\/04\/RollingWheels.jpg',\n        description: 'Premium Wheel 18\"x6\" 500lb Capacity',\n        category_name: 'Dock Accessories',\n        manufacturer_id: 'DE90021F',\n        upc: '057389900216',\n        brand_name: 'DockEdge',\n        price: '<your_product_price>',\n        in_stock: '<product_in_stock_status>',\n        variants: [{\n            name: 'DE90024F',\n            description: 'Premium Wheel 24x8\" 800lb Capacity',\n            upc: '057389900247',\t\n            page_id_variant: '1',\n        },\n        {\n            name: 'DE90026F',\n            description: 'Premium Wheel Foam 24x8\" 1500lb Capacity',\n            upc: '057389900261',\n            page_id_variant: '2',  \n        },\n        {\n            name: 'DE90028F',\n            description: 'Premium Wheel HD 24x8\" 1200lb Capacity',\n            upc: '057389900285',\n            page_id_variant: '3',    \n    }]\n    },\n      components: {\n    ReviewSnippet: 'pr-reviewsnippet',\n    ReviewDisplay: 'pr-reviewdisplay'\n      }\n    });\n  <\/script><\/p>\n<div id=\"pr-reviewdisplay\"><\/div>\n","protected":false},"excerpt":{"rendered":"<div id=\"pr-reviewsnippet\"><\/div>\n<p><b>CUP<\/b> <br \/>\nLes roues sont disponibles en diam\u00e8tres de 18 ou 24 pouces et ont une capacit\u00e9 de charge allant jusqu&rsquo;\u00e0 1800 livres par roue. Ces roues robustes et rigides r\u00e9sistent aux contraintes, aux fissures et aux chocs. Elles roulent facilement sur pratiquement tous les terrains et ne rouillent pas sur l&rsquo;essieu. Utilisez-les pour les quais roulants ou les ascenseurs \u00e0 bateaux. Les roues de 18&Prime; acceptent un essieu de 1-7\u20448&Prime; (4,8 cm) de diam\u00e8tre ext\u00e9rieur. Les roues de 24&Prime; acceptent un axe de 1-7\u20448&Prime; \u00e0 2&Prime; (4,8-5,1cm) de diam\u00e8tre ext\u00e9rieur. Voir le tableau ci-dessous pour la capacit\u00e9 des roues.       <\/p>\n","protected":false},"featured_media":7357,"template":"","meta":{"_acf_changed":false,"_et_pb_use_builder":"","_et_pb_old_content":"","_et_gb_content_width":""},"product_brand":[],"product_cat":[150],"product_tag":[],"class_list":{"0":"post-8220","1":"product","2":"type-product","3":"status-publish","4":"has-post-thumbnail","6":"product_cat-accessoires-de-quai","8":"first","9":"instock","10":"shipping-taxable","11":"product-type-simple"},"yoast_head":"<!-- This site is optimized with the Yoast SEO plugin v27.0 - https:\/\/yoast.com\/product\/yoast-seo-wordpress\/ -->\n<title>ROUES ROULANTES - Dock Edge+<\/title>\n<meta name=\"robots\" content=\"index, follow, max-snippet:-1, max-image-preview:large, max-video-preview:-1\" \/>\n<link rel=\"canonical\" href=\"https:\/\/dockedge.thinairweb.co\/fr\/produit\/roues-roulantes\/\" \/>\n<meta property=\"og:locale\" content=\"fr_FR\" \/>\n<meta property=\"og:type\" content=\"article\" \/>\n<meta property=\"og:title\" content=\"ROUES ROULANTES - Dock Edge+\" \/>\n<meta property=\"og:description\" content=\"CUP Les roues sont disponibles en diam\u00e8tres de 18 ou 24 pouces et ont une capacit\u00e9 de charge allant jusqu&#039;\u00e0 1800 livres par roue. Ces roues robustes et rigides r\u00e9sistent aux contraintes, aux fissures et aux chocs. Elles roulent facilement sur pratiquement tous les terrains et ne rouillent pas sur l&#039;essieu. Utilisez-les pour les quais roulants ou les ascenseurs \u00e0 bateaux. Les roues de 18&quot; acceptent un essieu de 1-7\u20448&quot; (4,8 cm) de diam\u00e8tre ext\u00e9rieur. Les roues de 24&quot; acceptent un axe de 1-7\u20448&quot; \u00e0 2&quot; (4,8-5,1cm) de diam\u00e8tre ext\u00e9rieur. Voir le tableau ci-dessous pour la capacit\u00e9 des roues.\" \/>\n<meta property=\"og:url\" content=\"https:\/\/dockedge.thinairweb.co\/fr\/produit\/roues-roulantes\/\" \/>\n<meta property=\"og:site_name\" content=\"Dock Edge+\" \/>\n<meta property=\"og:image\" content=\"https:\/\/dockedge.thinairweb.co\/wp-content\/uploads\/sites\/3\/2018\/04\/RollingWheels.jpg\" \/>\n\t<meta property=\"og:image:width\" content=\"700\" \/>\n\t<meta property=\"og:image:height\" content=\"700\" \/>\n\t<meta property=\"og:image:type\" content=\"image\/jpeg\" \/>\n<meta name=\"twitter:card\" content=\"summary_large_image\" \/>\n<script type=\"application\/ld+json\" class=\"yoast-schema-graph\">{\"@context\":\"https:\/\/schema.org\",\"@graph\":[{\"@type\":\"WebPage\",\"@id\":\"https:\/\/dockedge.thinairweb.co\/fr\/produit\/roues-roulantes\/\",\"url\":\"https:\/\/dockedge.thinairweb.co\/fr\/produit\/roues-roulantes\/\",\"name\":\"ROUES ROULANTES - Dock Edge+\",\"isPartOf\":{\"@id\":\"https:\/\/dockedge.thinairweb.co\/fr\/#website\"},\"primaryImageOfPage\":{\"@id\":\"https:\/\/dockedge.thinairweb.co\/fr\/produit\/roues-roulantes\/#primaryimage\"},\"image\":{\"@id\":\"https:\/\/dockedge.thinairweb.co\/fr\/produit\/roues-roulantes\/#primaryimage\"},\"thumbnailUrl\":\"https:\/\/dockedge.thinairweb.co\/wp-content\/uploads\/sites\/3\/2018\/04\/RollingWheels.jpg\",\"datePublished\":\"2018-04-19T02:15:07+00:00\",\"breadcrumb\":{\"@id\":\"https:\/\/dockedge.thinairweb.co\/fr\/produit\/roues-roulantes\/#breadcrumb\"},\"inLanguage\":\"fr-FR\",\"potentialAction\":[{\"@type\":\"ReadAction\",\"target\":[\"https:\/\/dockedge.thinairweb.co\/fr\/produit\/roues-roulantes\/\"]}]},{\"@type\":\"ImageObject\",\"inLanguage\":\"fr-FR\",\"@id\":\"https:\/\/dockedge.thinairweb.co\/fr\/produit\/roues-roulantes\/#primaryimage\",\"url\":\"https:\/\/dockedge.thinairweb.co\/wp-content\/uploads\/sites\/3\/2018\/04\/RollingWheels.jpg\",\"contentUrl\":\"https:\/\/dockedge.thinairweb.co\/wp-content\/uploads\/sites\/3\/2018\/04\/RollingWheels.jpg\",\"width\":700,\"height\":700,\"caption\":\"Rolling Wheels\"},{\"@type\":\"BreadcrumbList\",\"@id\":\"https:\/\/dockedge.thinairweb.co\/fr\/produit\/roues-roulantes\/#breadcrumb\",\"itemListElement\":[{\"@type\":\"ListItem\",\"position\":1,\"name\":\"Home\",\"item\":\"https:\/\/dockedge.thinairweb.co\/fr\/\"},{\"@type\":\"ListItem\",\"position\":2,\"name\":\"Boutique\",\"item\":\"https:\/\/dockedge.thinairweb.co\/fr\/boutique\/\"},{\"@type\":\"ListItem\",\"position\":3,\"name\":\"ROUES ROULANTES\"}]},{\"@type\":\"WebSite\",\"@id\":\"https:\/\/dockedge.thinairweb.co\/fr\/#website\",\"url\":\"https:\/\/dockedge.thinairweb.co\/fr\/\",\"name\":\"Dock Edge+\",\"description\":\"Your Dock. Your Way.\",\"potentialAction\":[{\"@type\":\"SearchAction\",\"target\":{\"@type\":\"EntryPoint\",\"urlTemplate\":\"https:\/\/dockedge.thinairweb.co\/fr\/?s={search_term_string}\"},\"query-input\":{\"@type\":\"PropertyValueSpecification\",\"valueRequired\":true,\"valueName\":\"search_term_string\"}}],\"inLanguage\":\"fr-FR\"}]}<\/script>\n<!-- \/ Yoast SEO plugin. -->","yoast_head_json":{"title":"ROUES ROULANTES - Dock Edge+","robots":{"index":"index","follow":"follow","max-snippet":"max-snippet:-1","max-image-preview":"max-image-preview:large","max-video-preview":"max-video-preview:-1"},"canonical":"https:\/\/dockedge.thinairweb.co\/fr\/produit\/roues-roulantes\/","og_locale":"fr_FR","og_type":"article","og_title":"ROUES ROULANTES - Dock Edge+","og_description":"CUP Les roues sont disponibles en diam\u00e8tres de 18 ou 24 pouces et ont une capacit\u00e9 de charge allant jusqu'\u00e0 1800 livres par roue. Ces roues robustes et rigides r\u00e9sistent aux contraintes, aux fissures et aux chocs. Elles roulent facilement sur pratiquement tous les terrains et ne rouillent pas sur l'essieu. Utilisez-les pour les quais roulants ou les ascenseurs \u00e0 bateaux. Les roues de 18\" acceptent un essieu de 1-7\u20448\" (4,8 cm) de diam\u00e8tre ext\u00e9rieur. Les roues de 24\" acceptent un axe de 1-7\u20448\" \u00e0 2\" (4,8-5,1cm) de diam\u00e8tre ext\u00e9rieur. Voir le tableau ci-dessous pour la capacit\u00e9 des roues.","og_url":"https:\/\/dockedge.thinairweb.co\/fr\/produit\/roues-roulantes\/","og_site_name":"Dock Edge+","og_image":[{"width":700,"height":700,"url":"https:\/\/dockedge.thinairweb.co\/wp-content\/uploads\/sites\/3\/2018\/04\/RollingWheels.jpg","type":"image\/jpeg"}],"twitter_card":"summary_large_image","schema":{"@context":"https:\/\/schema.org","@graph":[{"@type":"WebPage","@id":"https:\/\/dockedge.thinairweb.co\/fr\/produit\/roues-roulantes\/","url":"https:\/\/dockedge.thinairweb.co\/fr\/produit\/roues-roulantes\/","name":"ROUES ROULANTES - Dock Edge+","isPartOf":{"@id":"https:\/\/dockedge.thinairweb.co\/fr\/#website"},"primaryImageOfPage":{"@id":"https:\/\/dockedge.thinairweb.co\/fr\/produit\/roues-roulantes\/#primaryimage"},"image":{"@id":"https:\/\/dockedge.thinairweb.co\/fr\/produit\/roues-roulantes\/#primaryimage"},"thumbnailUrl":"https:\/\/dockedge.thinairweb.co\/wp-content\/uploads\/sites\/3\/2018\/04\/RollingWheels.jpg","datePublished":"2018-04-19T02:15:07+00:00","breadcrumb":{"@id":"https:\/\/dockedge.thinairweb.co\/fr\/produit\/roues-roulantes\/#breadcrumb"},"inLanguage":"fr-FR","potentialAction":[{"@type":"ReadAction","target":["https:\/\/dockedge.thinairweb.co\/fr\/produit\/roues-roulantes\/"]}]},{"@type":"ImageObject","inLanguage":"fr-FR","@id":"https:\/\/dockedge.thinairweb.co\/fr\/produit\/roues-roulantes\/#primaryimage","url":"https:\/\/dockedge.thinairweb.co\/wp-content\/uploads\/sites\/3\/2018\/04\/RollingWheels.jpg","contentUrl":"https:\/\/dockedge.thinairweb.co\/wp-content\/uploads\/sites\/3\/2018\/04\/RollingWheels.jpg","width":700,"height":700,"caption":"Rolling Wheels"},{"@type":"BreadcrumbList","@id":"https:\/\/dockedge.thinairweb.co\/fr\/produit\/roues-roulantes\/#breadcrumb","itemListElement":[{"@type":"ListItem","position":1,"name":"Home","item":"https:\/\/dockedge.thinairweb.co\/fr\/"},{"@type":"ListItem","position":2,"name":"Boutique","item":"https:\/\/dockedge.thinairweb.co\/fr\/boutique\/"},{"@type":"ListItem","position":3,"name":"ROUES ROULANTES"}]},{"@type":"WebSite","@id":"https:\/\/dockedge.thinairweb.co\/fr\/#website","url":"https:\/\/dockedge.thinairweb.co\/fr\/","name":"Dock Edge+","description":"Your Dock. Your Way.","potentialAction":[{"@type":"SearchAction","target":{"@type":"EntryPoint","urlTemplate":"https:\/\/dockedge.thinairweb.co\/fr\/?s={search_term_string}"},"query-input":{"@type":"PropertyValueSpecification","valueRequired":true,"valueName":"search_term_string"}}],"inLanguage":"fr-FR"}]}},"acf":[],"_links":{"self":[{"href":"https:\/\/dockedge.thinairweb.co\/fr\/wp-json\/wp\/v2\/product\/8220","targetHints":{"allow":["GET"]}}],"collection":[{"href":"https:\/\/dockedge.thinairweb.co\/fr\/wp-json\/wp\/v2\/product"}],"about":[{"href":"https:\/\/dockedge.thinairweb.co\/fr\/wp-json\/wp\/v2\/types\/product"}],"wp:featuredmedia":[{"embeddable":true,"href":"https:\/\/dockedge.thinairweb.co\/fr\/wp-json\/wp\/v2\/media\/7357"}],"wp:attachment":[{"href":"https:\/\/dockedge.thinairweb.co\/fr\/wp-json\/wp\/v2\/media?parent=8220"}],"wp:term":[{"taxonomy":"product_brand","embeddable":true,"href":"https:\/\/dockedge.thinairweb.co\/fr\/wp-json\/wp\/v2\/product_brand?post=8220"},{"taxonomy":"product_cat","embeddable":true,"href":"https:\/\/dockedge.thinairweb.co\/fr\/wp-json\/wp\/v2\/product_cat?post=8220"},{"taxonomy":"product_tag","embeddable":true,"href":"https:\/\/dockedge.thinairweb.co\/fr\/wp-json\/wp\/v2\/product_tag?post=8220"}],"curies":[{"name":"wp","href":"https:\/\/api.w.org\/{rel}","templated":true}]}}