{"id":8221,"date":"2018-04-19T02:22:45","date_gmt":"2018-04-19T02:22:45","guid":{"rendered":"https:\/\/dockedge.com\/product\/bouees-damarrage\/"},"modified":"2018-04-19T02:22:45","modified_gmt":"2018-04-19T02:22:45","slug":"bouees-damarrage","status":"publish","type":"product","link":"https:\/\/dockedge.thinairweb.co\/fr\/produit\/bouees-damarrage\/","title":{"rendered":"Bou\u00e9es d&rsquo;amarrage"},"content":{"rendered":"<table id=\"product-table\" cellpadding=\"15\" cellspacing=\"0\" border=\"0\">\n<tbody>\n<tr>\n<th>N\u00b0 de pi\u00e8ce<\/th>\n<th>Description<\/th>\n<\/tr>\n<tr>\n<td>DE95610F<\/td>\n<td>Bou\u00e9e de 10&Prime;, orange, commerciale \u2021<\/td>\n<\/tr>\n<tr>\n<td>DE95612F<\/td>\n<td>Bou\u00e9e de 12&Prime;, orange, commerciale \u2021<\/td>\n<\/tr>\n<tr>\n<td>DE95615F<\/td>\n<td>Bou\u00e9e de 15&Prime;, orange, commerciale \u2021<\/td>\n<\/tr>\n<tr>\n<td>DE95618F<\/td>\n<td>Bou\u00e9e de 18&Prime;, orange, commerciale \u2021<\/td>\n<\/tr>\n<tr>\n<td>DE95620F<\/td>\n<td>Bou\u00e9e de 20&Prime;, orange, commerciale \u2021<\/td>\n<\/tr>\n<tr>\n<td>DE95710F<\/td>\n<td>Bou\u00e9e 10&Prime;, blanche, commerciale \u2021<\/td>\n<\/tr>\n<tr>\n<td>DE95712F<\/td>\n<td>Bou\u00e9e 12&Prime;, blanche, commerciale \u2021<\/td>\n<\/tr>\n<tr>\n<td>DE95715F<\/td>\n<td>Bou\u00e9e de 15&Prime;, blanche, commerciale \u2021<\/td>\n<\/tr>\n<tr>\n<td>DE95718F<\/td>\n<td>Bou\u00e9e de 18&Prime;, blanche, commerciale \u2021<\/td>\n<\/tr>\n<tr>\n<td>DE95720F<\/td>\n<td>Bou\u00e9e 20&Prime;, blanche, commerciale \u2021<\/td>\n<\/tr>\n<\/tbody>\n<\/table>\n<p><script src=\"\/\/ui.powerreviews.com\/stable\/4.0\/ui.js\"><\/script><\/p>\n<p><script>\n  POWERREVIEWS.display.render({\n      api_key: 'fdb23d80-8310-4409-87f2-2ee20e24a743',\n      locale: 'en_US',\n      merchant_group_id: '78535',\n      merchant_id: '542114',\n      page_id: '3126',\n      review_wrapper_url: 'http:\/\/www.dockedge.com\/write-a-review\/?pr_page_id=___PAGE_ID___',\nstructured_data_product_id : 'http:\/\/www.dockedge.com\/product\/mooring-buoys\/',\nproduct:{\n        name: 'MOORING BUOYS & ACCESSORIES', \n        url: 'http:\/\/www.dockedge.com\/product\/mooring-buoys\/',\n        image_url: 'http:\/\/www.dockedge.com\/wp-content\/uploads\/sites\/3\/2018\/04\/InflatableBuoys.jpg',\n        description: 'Buoy 10\" Orange Commercial',\n        category_name: 'Fenders & Buoys',\n        manufacturer_id: 'DE95610F',\n        upc: '776113956106',\n        brand_name: 'DockEdge',\n        price: '<your_product_price>',\n        in_stock: '<product_in_stock_status>',\n        variants: [{\n            name: 'DE95612F',\n            description: 'Buoy 12\" Orange Commercial',\n            upc: '776113956120',\t\n            page_id_variant: '1',\n        },\n        {\n            name: 'DE95615F',\n            description: 'Buoy 15\" Orange Commercial',\n            upc: '776113956151',\n            page_id_variant: '2',  \n        },\n        {\n            name: 'DE95618F',\n            description: 'Buoy 18\" Orange Commercial',\n            upc: '776113956182',\n            page_id_variant: '3',   \n        },\n        {\n            name: 'DE95620F',\n            description: 'Buoy 20\" Orange Commercial',\n\t    upc: '776113956205',\t\n            page_id_variant: '4',\n        },\n        {\n            name: 'DE95710F',\n            description: 'Buoy 10\" White Commercial',\n            upc: '776113957103',\n            page_id_variant: '5',  \n        },\n        {\n            name: 'DE95712F',\n            description: 'Buoy 12\" White Commercial',\n            upc: '776113957127',\n            page_id_variant: '6',   \n        },\n        {\n            name: 'DE95715F',\n            description: 'Buoy 15\" White Commercial',\n\t    upc: '776113957158',\t\n            page_id_variant: '7',\n        },\n        {\n            name: 'DE95718F',\n            description: 'Buoy 18\" White Commercial',\n            upc: '776113957189',\n            page_id_variant: '8',  \n        },\n        {\n            name: 'DE95720F',\n            description: 'Buoy 20\" White Commercial',\n            upc: '776113957202',\n            page_id_variant: '9',   \n    }]\n    },\n      components: {\n    ReviewSnippet: 'pr-reviewsnippet',\n    ReviewDisplay: 'pr-reviewdisplay'\n      }\n    });\n<\/script><\/p>\n<div id=\"pr-reviewdisplay\"><\/div>\n","protected":false},"excerpt":{"rendered":"<div id=\"pr-reviewsnippet\"><\/div>\n<p>CUP  <br \/>\nD\u00e9couvrez la nouvelle norme en mati\u00e8re de bou\u00e9es rotomoul\u00e9es qui d\u00e9passent les exigences rigoureuses de l&rsquo;industrie maritime commerciale.<br \/>\nLes bou\u00e9es DockEdge+ sont id\u00e9ales pour les p\u00eacheurs commerciaux et les propri\u00e9taires de bateaux de plaisance qui les utilisent comme d\u00e9fenses. Fabriqu\u00e9es \u00e0 partir de vinyle marin de la plus haute qualit\u00e9, les bou\u00e9es DockEdge+ sont dot\u00e9es d&rsquo;un syst\u00e8me de valve am\u00e9lior\u00e9 qui facilite le gonflage et pr\u00e9vient les fuites. Les \u0153illets de corde moul\u00e9s ultra-robustes pr\u00e9sentent un grand rayon, combinant force et stabilit\u00e9 avec moins d&rsquo;usure, m\u00eame si vous utilisez des manilles.  <\/p>\n<ul>\n<li>Oeil de corde le plus solide de l&rsquo;industrie<\/li>\n<li>Id\u00e9al pour les manilles<\/li>\n<li>Valve de conception sup\u00e9rieure, commod\u00e9ment situ\u00e9e dans l&rsquo;\u0153il de la corde pour une plus grande durabilit\u00e9.<\/li>\n<li>Le syst\u00e8me \u00e0 valve unique facilite le gonflage et le d\u00e9gonflage et permet d&rsquo;\u00e9viter les fuites et le d\u00e9shabillage.<\/li>\n<li>Disponible en orange vif ou en blanc pour une meilleure visibilit\u00e9<\/li>\n<\/ul>\n","protected":false},"featured_media":7246,"template":"","meta":{"_acf_changed":false,"_et_pb_use_builder":"off","_et_pb_old_content":"<table id=\"product-table\" cellpadding=\"15\" cellspacing=\"0\" border=\"0\">\n           <tbody><tr>\n             <th>N\u00b0 de pi\u00e8ce<\/th>\n             <th>Description<\/th>\n           <\/tr>\n           \n           <tr>\n             <td>DE95610F<\/td>\n             <td>Bou\u00e9e de 10\", orange, commerciale \u2021<\/td>\n           <\/tr>\n           \n           <tr>\n             <td>DE95612F<\/td>\n             <td>Bou\u00e9e de 12\", orange, commerciale \u2021<\/td>\n           <\/tr>\n           \n           <tr>\n             <td>DE95615F<\/td>\n             <td>Bou\u00e9e de 15\", orange, commerciale \u2021<\/td>\n           <\/tr>\n           \n           <tr>\n             <td>DE95618F<\/td>\n             <td>Bou\u00e9e de 18\", orange, commerciale \u2021<\/td>\n           <\/tr>\n           \n           <tr>\n             <td>DE95620F<\/td>\n             <td>Bou\u00e9e de 20\", orange, commerciale \u2021<\/td>\n           <\/tr>\n           \n           <tr>\n             <td>DE95710F<\/td>\n             <td>Bou\u00e9e 10\", blanche, commerciale \u2021<\/td>\n           <\/tr>\n           \n           <tr>\n             <td>DE95712F<\/td>\n             <td>Bou\u00e9e 12\", blanche, commerciale \u2021<\/td>\n           <\/tr>\n           \n           <tr>\n             <td>DE95715F<\/td>\n             <td>Bou\u00e9e de 15\", blanche, commerciale \u2021<\/td>\n           <\/tr>\n           \n           <tr>\n             <td>DE95718F<\/td>\n             <td>Bou\u00e9e de 18\", blanche, commerciale \u2021<\/td>\n           <\/tr>\n           \n           <tr>\n             <td>DE95720F<\/td>\n             <td>Bou\u00e9e 20\", blanche, commerciale \u2021<\/td>\n           <\/tr>\n<\/tbody><\/table>\n\n\n\n\n  POWERREVIEWS.display.render({\n  api_key: 'fdb23d80-8310-4409-87f2-2ee20e24a743',\n  locale : 'en_US',\n  merchant_group_id : '78535',\n  merchant_id : '542114',\n  page_id : '3126',\n  review_wrapper_url : 'http:\/\/www.dockedge.com\/write-a-review\/?pr_page_id=___PAGE_ID___',\nstructured_data_product_id : 'http:\/\/www.dockedge.com\/product\/mooring-buoys\/',\nproduit:{\n  nom : \"BUOYS & ACCESSORIES MOORING\",  \n  url : 'http:\/\/www.dockedge.com\/product\/mooring-buoys\/',\n  image_url : 'http:\/\/www.dockedge.com\/wp-content\/uploads\/sites\/3\/2018\/04\/InflatableBuoys.jpg',\n  description : 'Buoy 10\" Orange Commercial',\n  category_name : 'Fenders & Buoys',\n  id_du_fabricant : 'DE95610F',\n  upc : '776113956106',\n  marque : \"Dockedge\",\n  prix : '',\n  in_stock : '',\n  },\n  les composants : {\n  ReviewSnippet : 'pr-reviewsnippet',\n  ReviewDisplay : \"pr-reviewdisplay\" (affichage de l'examen)\n  }\n  }) ;\n  \n\n<div id=\"pr-reviewdisplay\"><\/div>","_et_gb_content_width":""},"product_brand":[],"product_cat":[148],"product_tag":[],"class_list":{"0":"post-8221","1":"product","2":"type-product","3":"status-publish","4":"has-post-thumbnail","6":"product_cat-defenses-et-bouees","8":"first","9":"instock","10":"shipping-taxable","11":"product-type-simple"},"yoast_head":"<!-- This site is optimized with the Yoast SEO plugin v27.0 - https:\/\/yoast.com\/product\/yoast-seo-wordpress\/ -->\n<title>Bou\u00e9es d&#039;amarrage - Dock Edge+<\/title>\n<meta name=\"robots\" content=\"index, follow, max-snippet:-1, max-image-preview:large, max-video-preview:-1\" \/>\n<link rel=\"canonical\" href=\"https:\/\/dockedge.thinairweb.co\/fr\/produit\/bouees-damarrage\/\" \/>\n<meta property=\"og:locale\" content=\"fr_FR\" \/>\n<meta property=\"og:type\" content=\"article\" \/>\n<meta property=\"og:title\" content=\"Bou\u00e9es d&#039;amarrage - Dock Edge+\" \/>\n<meta property=\"og:description\" content=\"CUP  D\u00e9couvrez la nouvelle norme en mati\u00e8re de bou\u00e9es rotomoul\u00e9es qui d\u00e9passent les exigences rigoureuses de l&#039;industrie maritime commerciale. Les bou\u00e9es DockEdge+ sont id\u00e9ales pour les p\u00eacheurs commerciaux et les propri\u00e9taires de bateaux de plaisance qui les utilisent comme d\u00e9fenses. Fabriqu\u00e9es \u00e0 partir de vinyle marin de la plus haute qualit\u00e9, les bou\u00e9es DockEdge+ sont dot\u00e9es d&#039;un syst\u00e8me de valve am\u00e9lior\u00e9 qui facilite le gonflage et pr\u00e9vient les fuites. Les \u0153illets de corde moul\u00e9s ultra-robustes pr\u00e9sentent un grand rayon, combinant force et stabilit\u00e9 avec moins d&#039;usure, m\u00eame si vous utilisez des manilles.   Oeil de corde le plus solide de l&#039;industrie  Id\u00e9al pour les manilles  Valve de conception sup\u00e9rieure, commod\u00e9ment situ\u00e9e dans l&#039;\u0153il de la corde pour une plus grande durabilit\u00e9.  Le syst\u00e8me \u00e0 valve unique facilite le gonflage et le d\u00e9gonflage et permet d&#039;\u00e9viter les fuites et le d\u00e9shabillage.  Disponible en orange vif ou en blanc pour une meilleure visibilit\u00e9\" \/>\n<meta property=\"og:url\" content=\"https:\/\/dockedge.thinairweb.co\/fr\/produit\/bouees-damarrage\/\" \/>\n<meta property=\"og:site_name\" content=\"Dock Edge+\" \/>\n<meta property=\"og:image\" content=\"https:\/\/dockedge.thinairweb.co\/wp-content\/uploads\/sites\/3\/2018\/04\/InflatableBuoys-1.jpg\" \/>\n\t<meta property=\"og:image:width\" content=\"600\" \/>\n\t<meta property=\"og:image:height\" content=\"600\" \/>\n\t<meta property=\"og:image:type\" content=\"image\/jpeg\" \/>\n<meta name=\"twitter:card\" content=\"summary_large_image\" \/>\n<script type=\"application\/ld+json\" class=\"yoast-schema-graph\">{\"@context\":\"https:\/\/schema.org\",\"@graph\":[{\"@type\":\"WebPage\",\"@id\":\"https:\/\/dockedge.thinairweb.co\/fr\/produit\/bouees-damarrage\/\",\"url\":\"https:\/\/dockedge.thinairweb.co\/fr\/produit\/bouees-damarrage\/\",\"name\":\"Bou\u00e9es d'amarrage - Dock Edge+\",\"isPartOf\":{\"@id\":\"https:\/\/dockedge.thinairweb.co\/fr\/#website\"},\"primaryImageOfPage\":{\"@id\":\"https:\/\/dockedge.thinairweb.co\/fr\/produit\/bouees-damarrage\/#primaryimage\"},\"image\":{\"@id\":\"https:\/\/dockedge.thinairweb.co\/fr\/produit\/bouees-damarrage\/#primaryimage\"},\"thumbnailUrl\":\"https:\/\/dockedge.thinairweb.co\/wp-content\/uploads\/sites\/3\/2018\/04\/InflatableBuoys-1.jpg\",\"datePublished\":\"2018-04-19T02:22:45+00:00\",\"breadcrumb\":{\"@id\":\"https:\/\/dockedge.thinairweb.co\/fr\/produit\/bouees-damarrage\/#breadcrumb\"},\"inLanguage\":\"fr-FR\",\"potentialAction\":[{\"@type\":\"ReadAction\",\"target\":[\"https:\/\/dockedge.thinairweb.co\/fr\/produit\/bouees-damarrage\/\"]}]},{\"@type\":\"ImageObject\",\"inLanguage\":\"fr-FR\",\"@id\":\"https:\/\/dockedge.thinairweb.co\/fr\/produit\/bouees-damarrage\/#primaryimage\",\"url\":\"https:\/\/dockedge.thinairweb.co\/wp-content\/uploads\/sites\/3\/2018\/04\/InflatableBuoys-1.jpg\",\"contentUrl\":\"https:\/\/dockedge.thinairweb.co\/wp-content\/uploads\/sites\/3\/2018\/04\/InflatableBuoys-1.jpg\",\"width\":600,\"height\":600,\"caption\":\"Mooring Buoys in white and orange\"},{\"@type\":\"BreadcrumbList\",\"@id\":\"https:\/\/dockedge.thinairweb.co\/fr\/produit\/bouees-damarrage\/#breadcrumb\",\"itemListElement\":[{\"@type\":\"ListItem\",\"position\":1,\"name\":\"Home\",\"item\":\"https:\/\/dockedge.thinairweb.co\/fr\/\"},{\"@type\":\"ListItem\",\"position\":2,\"name\":\"Boutique\",\"item\":\"https:\/\/dockedge.thinairweb.co\/fr\/boutique\/\"},{\"@type\":\"ListItem\",\"position\":3,\"name\":\"Bou\u00e9es d&rsquo;amarrage\"}]},{\"@type\":\"WebSite\",\"@id\":\"https:\/\/dockedge.thinairweb.co\/fr\/#website\",\"url\":\"https:\/\/dockedge.thinairweb.co\/fr\/\",\"name\":\"Dock Edge+\",\"description\":\"Your Dock. Your Way.\",\"potentialAction\":[{\"@type\":\"SearchAction\",\"target\":{\"@type\":\"EntryPoint\",\"urlTemplate\":\"https:\/\/dockedge.thinairweb.co\/fr\/?s={search_term_string}\"},\"query-input\":{\"@type\":\"PropertyValueSpecification\",\"valueRequired\":true,\"valueName\":\"search_term_string\"}}],\"inLanguage\":\"fr-FR\"}]}<\/script>\n<!-- \/ Yoast SEO plugin. -->","yoast_head_json":{"title":"Bou\u00e9es d'amarrage - Dock Edge+","robots":{"index":"index","follow":"follow","max-snippet":"max-snippet:-1","max-image-preview":"max-image-preview:large","max-video-preview":"max-video-preview:-1"},"canonical":"https:\/\/dockedge.thinairweb.co\/fr\/produit\/bouees-damarrage\/","og_locale":"fr_FR","og_type":"article","og_title":"Bou\u00e9es d'amarrage - Dock Edge+","og_description":"CUP  D\u00e9couvrez la nouvelle norme en mati\u00e8re de bou\u00e9es rotomoul\u00e9es qui d\u00e9passent les exigences rigoureuses de l'industrie maritime commerciale. Les bou\u00e9es DockEdge+ sont id\u00e9ales pour les p\u00eacheurs commerciaux et les propri\u00e9taires de bateaux de plaisance qui les utilisent comme d\u00e9fenses. Fabriqu\u00e9es \u00e0 partir de vinyle marin de la plus haute qualit\u00e9, les bou\u00e9es DockEdge+ sont dot\u00e9es d'un syst\u00e8me de valve am\u00e9lior\u00e9 qui facilite le gonflage et pr\u00e9vient les fuites. Les \u0153illets de corde moul\u00e9s ultra-robustes pr\u00e9sentent un grand rayon, combinant force et stabilit\u00e9 avec moins d'usure, m\u00eame si vous utilisez des manilles.   Oeil de corde le plus solide de l'industrie  Id\u00e9al pour les manilles  Valve de conception sup\u00e9rieure, commod\u00e9ment situ\u00e9e dans l'\u0153il de la corde pour une plus grande durabilit\u00e9.  Le syst\u00e8me \u00e0 valve unique facilite le gonflage et le d\u00e9gonflage et permet d'\u00e9viter les fuites et le d\u00e9shabillage.  Disponible en orange vif ou en blanc pour une meilleure visibilit\u00e9","og_url":"https:\/\/dockedge.thinairweb.co\/fr\/produit\/bouees-damarrage\/","og_site_name":"Dock Edge+","og_image":[{"width":600,"height":600,"url":"https:\/\/dockedge.thinairweb.co\/wp-content\/uploads\/sites\/3\/2018\/04\/InflatableBuoys-1.jpg","type":"image\/jpeg"}],"twitter_card":"summary_large_image","schema":{"@context":"https:\/\/schema.org","@graph":[{"@type":"WebPage","@id":"https:\/\/dockedge.thinairweb.co\/fr\/produit\/bouees-damarrage\/","url":"https:\/\/dockedge.thinairweb.co\/fr\/produit\/bouees-damarrage\/","name":"Bou\u00e9es d'amarrage - Dock Edge+","isPartOf":{"@id":"https:\/\/dockedge.thinairweb.co\/fr\/#website"},"primaryImageOfPage":{"@id":"https:\/\/dockedge.thinairweb.co\/fr\/produit\/bouees-damarrage\/#primaryimage"},"image":{"@id":"https:\/\/dockedge.thinairweb.co\/fr\/produit\/bouees-damarrage\/#primaryimage"},"thumbnailUrl":"https:\/\/dockedge.thinairweb.co\/wp-content\/uploads\/sites\/3\/2018\/04\/InflatableBuoys-1.jpg","datePublished":"2018-04-19T02:22:45+00:00","breadcrumb":{"@id":"https:\/\/dockedge.thinairweb.co\/fr\/produit\/bouees-damarrage\/#breadcrumb"},"inLanguage":"fr-FR","potentialAction":[{"@type":"ReadAction","target":["https:\/\/dockedge.thinairweb.co\/fr\/produit\/bouees-damarrage\/"]}]},{"@type":"ImageObject","inLanguage":"fr-FR","@id":"https:\/\/dockedge.thinairweb.co\/fr\/produit\/bouees-damarrage\/#primaryimage","url":"https:\/\/dockedge.thinairweb.co\/wp-content\/uploads\/sites\/3\/2018\/04\/InflatableBuoys-1.jpg","contentUrl":"https:\/\/dockedge.thinairweb.co\/wp-content\/uploads\/sites\/3\/2018\/04\/InflatableBuoys-1.jpg","width":600,"height":600,"caption":"Mooring Buoys in white and orange"},{"@type":"BreadcrumbList","@id":"https:\/\/dockedge.thinairweb.co\/fr\/produit\/bouees-damarrage\/#breadcrumb","itemListElement":[{"@type":"ListItem","position":1,"name":"Home","item":"https:\/\/dockedge.thinairweb.co\/fr\/"},{"@type":"ListItem","position":2,"name":"Boutique","item":"https:\/\/dockedge.thinairweb.co\/fr\/boutique\/"},{"@type":"ListItem","position":3,"name":"Bou\u00e9es d&rsquo;amarrage"}]},{"@type":"WebSite","@id":"https:\/\/dockedge.thinairweb.co\/fr\/#website","url":"https:\/\/dockedge.thinairweb.co\/fr\/","name":"Dock Edge+","description":"Your Dock. Your Way.","potentialAction":[{"@type":"SearchAction","target":{"@type":"EntryPoint","urlTemplate":"https:\/\/dockedge.thinairweb.co\/fr\/?s={search_term_string}"},"query-input":{"@type":"PropertyValueSpecification","valueRequired":true,"valueName":"search_term_string"}}],"inLanguage":"fr-FR"}]}},"acf":[],"_links":{"self":[{"href":"https:\/\/dockedge.thinairweb.co\/fr\/wp-json\/wp\/v2\/product\/8221","targetHints":{"allow":["GET"]}}],"collection":[{"href":"https:\/\/dockedge.thinairweb.co\/fr\/wp-json\/wp\/v2\/product"}],"about":[{"href":"https:\/\/dockedge.thinairweb.co\/fr\/wp-json\/wp\/v2\/types\/product"}],"wp:featuredmedia":[{"embeddable":true,"href":"https:\/\/dockedge.thinairweb.co\/fr\/wp-json\/wp\/v2\/media\/7246"}],"wp:attachment":[{"href":"https:\/\/dockedge.thinairweb.co\/fr\/wp-json\/wp\/v2\/media?parent=8221"}],"wp:term":[{"taxonomy":"product_brand","embeddable":true,"href":"https:\/\/dockedge.thinairweb.co\/fr\/wp-json\/wp\/v2\/product_brand?post=8221"},{"taxonomy":"product_cat","embeddable":true,"href":"https:\/\/dockedge.thinairweb.co\/fr\/wp-json\/wp\/v2\/product_cat?post=8221"},{"taxonomy":"product_tag","embeddable":true,"href":"https:\/\/dockedge.thinairweb.co\/fr\/wp-json\/wp\/v2\/product_tag?post=8221"}],"curies":[{"name":"wp","href":"https:\/\/api.w.org\/{rel}","templated":true}]}}