{"id":8223,"date":"2018-04-19T02:18:12","date_gmt":"2018-04-19T02:18:12","guid":{"rendered":"https:\/\/dockedge.com\/product\/flexi-flag\/"},"modified":"2018-04-19T02:18:12","modified_gmt":"2018-04-19T02:18:12","slug":"flexi-flag","status":"publish","type":"product","link":"https:\/\/dockedge.thinairweb.co\/fr\/produit\/flexi-flag\/","title":{"rendered":"FLEXI-FLAG\u2122"},"content":{"rendered":"<table id=\"product-table\" cellpadding=\"15\" cellspacing=\"0\" border=\"0\">\n<tbody>\n<tr>\n<th>N\u00b0 de pi\u00e8ce<\/th>\n<th>Description<\/th>\n<\/tr>\n<tr>\n<td>DE6018F<\/td>\n<td>Poteau Flexi-Flag 18&prime;, sans drapeau<\/td>\n<\/tr>\n<tr>\n<td>DE6018AF<\/td>\n<td>Poteau Flexi-Flag 18&prime;, avec drapeau USA<\/td>\n<\/tr>\n<tr>\n<td>DE6018CF<\/td>\n<td>Poteau Flexi-Flag 18&prime;, avec drapeau CAD<\/td>\n<\/tr>\n<tr>\n<td>DE6021F<\/td>\n<td>M\u00e2t Flexi-Flag 21&prime;, sans drapeau<\/td>\n<\/tr>\n<tr>\n<td>DE6021AF<\/td>\n<td>M\u00e2t Flexi-Flag 21&prime;, avec drapeau USA<\/td>\n<\/tr>\n<tr>\n<td>DE6021CF<\/td>\n<td>M\u00e2t Flexi-Flag 21&prime;, avec drapeau CAD<\/td>\n<\/tr>\n<tr>\n<td>DE6050AF<\/td>\n<td>Drapeau am\u00e9ricain, 27&Prime; x 54&Prime;, polyester<\/td>\n<\/tr>\n<tr>\n<td>DE6051CF<\/td>\n<td>Drapeau canadien, 27&Prime; x 54&Prime;, polyester<\/td>\n<\/tr>\n<\/tbody>\n<\/table>\n<p><script src=\"\/\/ui.powerreviews.com\/stable\/4.0\/ui.js\"><\/script><\/p>\n<p><script>\n  POWERREVIEWS.display.render({\n      api_key: 'fdb23d80-8310-4409-87f2-2ee20e24a743',\n      locale: 'en_US',\n      merchant_group_id: '78535',\n      merchant_id: '542114',\n      page_id: '3122',\n      review_wrapper_url: 'http:\/\/www.dockedge.com\/write-a-review\/?pr_page_id=___PAGE_ID___',\nstructured_data_product_id : 'http:\/\/www.dockedge.com\/product\/flexi-flag\/',\nproduct:{\n        name: 'FLEXI-FLAG&#x2122;', \n        url: 'http:\/\/www.dockedge.com\/product\/flexi-flag\/',\n        image_url: 'http:\/\/www.dockedge.com\/wp-content\/uploads\/sites\/3\/2018\/04\/Flexi-Flag.jpg',\n        description: 'Flexi-FlagPole 18' NoFlag',\n        category_name: 'Dock Accessories',\n        manufacturer_id: 'DE6018F',\n        upc: '776113601808',\n        brand_name: 'DockEdge',\n        price: '<your_product_price>',\n        in_stock: '<product_in_stock_status>',\n        variants: [{\n            name: 'DE6018AF',\n            description: 'Flexi-FlagPole 18' c\/w USA Flag',\n            upc: '776113601884',\t\n            page_id_variant: '1',\n        },\n        {\n            name: 'DE6018CF',\n            description: 'Flexi-FlagPole 18' c\/w CAD Flag',\n            upc: '776113601891',\n            page_id_variant: '2',  \n        },\n        {\n            name: 'DE6021F',\n            description: 'Flexi-FlagPole 21' NoFlag',\n            upc: '776113602102',\n            page_id_variant: '3',   \n        },\n        {\n            name: 'DE6021AF',\n            description: 'Flexi-FlagPole 21' c\/w USA Flag',\n\t    upc: '776113602188',\t\n            page_id_variant: '4',\n        },\n        {\n            name: 'DE6021CF',\n            description: 'Flexi-FlagPole 21' c\/w CAD Flag',\n            upc: '776113602195',\n            page_id_variant: '5',  \n        },\n        {\n            name: 'DE6050AF',\n            description: 'American Flag 27\" x 54\" Polyester',\n            upc: '776113605004',\n            page_id_variant: '6',   \n        },\n        {\n            name: 'DE6050CF',\n            description: 'Canadian Flag 27\" x 54\" Polyester',\n\t    upc: '776113605103',\t\n            page_id_variant: '7',\n    }]\n    },\n      components: {\n    ReviewSnippet: 'pr-reviewsnippet',\n    ReviewDisplay: 'pr-reviewdisplay'\n      }\n    });\n  <\/script><\/p>\n<div id=\"pr-reviewdisplay\"><\/div>\n","protected":false},"excerpt":{"rendered":"<div id=\"pr-reviewsnippet\"><\/div>\n<p><b>CUP<\/b> <br \/>\nCes m\u00e2ts gris en fibre de verre sont la r\u00e9ponse aux m\u00e2ts en m\u00e9tal rouill\u00e9 ou en bois peint. Con\u00e7us pour r\u00e9sister aux vents violents, ces m\u00e2ts non conducteurs ne rouilleront jamais et sont parfaits pour les quais, les terrasses, les marinas, les patios, les chalets ou l&rsquo;utilisation domestique. Les bases en aluminium sont recouvertes d&rsquo;une couche de poudre grise pour une longue dur\u00e9e de vie. L&rsquo;extr\u00e9mit\u00e9 de la boule du poteau est plaqu\u00e9e laiton et la quincaillerie de montage en acier inoxydable est incluse. Le mod\u00e8le de 18 pieds est \u00e9quip\u00e9 d&rsquo;un syst\u00e8me de pivotement qui r\u00e9duit consid\u00e9rablement l&rsquo;enchev\u00eatrement des drapeaux, tandis que le mod\u00e8le de 21 pieds est \u00e9quip\u00e9 d&rsquo;un syst\u00e8me conventionnel de poulie et de ligne.      <\/p>\n","protected":false},"featured_media":7227,"template":"","meta":{"_acf_changed":false,"_et_pb_use_builder":"","_et_pb_old_content":"","_et_gb_content_width":""},"product_brand":[],"product_cat":[150],"product_tag":[],"class_list":{"0":"post-8223","1":"product","2":"type-product","3":"status-publish","4":"has-post-thumbnail","6":"product_cat-accessoires-de-quai","8":"first","9":"instock","10":"shipping-taxable","11":"product-type-simple"},"yoast_head":"<!-- This site is optimized with the Yoast SEO plugin v27.0 - https:\/\/yoast.com\/product\/yoast-seo-wordpress\/ -->\n<title>FLEXI-FLAG\u2122 - Dock Edge+<\/title>\n<meta name=\"robots\" content=\"index, follow, max-snippet:-1, max-image-preview:large, max-video-preview:-1\" \/>\n<link rel=\"canonical\" href=\"https:\/\/dockedge.thinairweb.co\/fr\/produit\/flexi-flag\/\" \/>\n<meta property=\"og:locale\" content=\"fr_FR\" \/>\n<meta property=\"og:type\" content=\"article\" \/>\n<meta property=\"og:title\" content=\"FLEXI-FLAG\u2122 - Dock Edge+\" \/>\n<meta property=\"og:description\" content=\"CUP Ces m\u00e2ts gris en fibre de verre sont la r\u00e9ponse aux m\u00e2ts en m\u00e9tal rouill\u00e9 ou en bois peint. Con\u00e7us pour r\u00e9sister aux vents violents, ces m\u00e2ts non conducteurs ne rouilleront jamais et sont parfaits pour les quais, les terrasses, les marinas, les patios, les chalets ou l&#039;utilisation domestique. Les bases en aluminium sont recouvertes d&#039;une couche de poudre grise pour une longue dur\u00e9e de vie. L&#039;extr\u00e9mit\u00e9 de la boule du poteau est plaqu\u00e9e laiton et la quincaillerie de montage en acier inoxydable est incluse. Le mod\u00e8le de 18 pieds est \u00e9quip\u00e9 d&#039;un syst\u00e8me de pivotement qui r\u00e9duit consid\u00e9rablement l&#039;enchev\u00eatrement des drapeaux, tandis que le mod\u00e8le de 21 pieds est \u00e9quip\u00e9 d&#039;un syst\u00e8me conventionnel de poulie et de ligne.\" \/>\n<meta property=\"og:url\" content=\"https:\/\/dockedge.thinairweb.co\/fr\/produit\/flexi-flag\/\" \/>\n<meta property=\"og:site_name\" content=\"Dock Edge+\" \/>\n<meta property=\"og:image\" content=\"https:\/\/dockedge.thinairweb.co\/wp-content\/uploads\/sites\/3\/2018\/04\/Flexi-Flag-1.jpg\" \/>\n\t<meta property=\"og:image:width\" content=\"863\" \/>\n\t<meta property=\"og:image:height\" content=\"863\" \/>\n\t<meta property=\"og:image:type\" content=\"image\/jpeg\" \/>\n<meta name=\"twitter:card\" content=\"summary_large_image\" \/>\n<script type=\"application\/ld+json\" class=\"yoast-schema-graph\">{\"@context\":\"https:\/\/schema.org\",\"@graph\":[{\"@type\":\"WebPage\",\"@id\":\"https:\/\/dockedge.thinairweb.co\/fr\/produit\/flexi-flag\/\",\"url\":\"https:\/\/dockedge.thinairweb.co\/fr\/produit\/flexi-flag\/\",\"name\":\"FLEXI-FLAG\u2122 - Dock Edge+\",\"isPartOf\":{\"@id\":\"https:\/\/dockedge.thinairweb.co\/fr\/#website\"},\"primaryImageOfPage\":{\"@id\":\"https:\/\/dockedge.thinairweb.co\/fr\/produit\/flexi-flag\/#primaryimage\"},\"image\":{\"@id\":\"https:\/\/dockedge.thinairweb.co\/fr\/produit\/flexi-flag\/#primaryimage\"},\"thumbnailUrl\":\"https:\/\/dockedge.thinairweb.co\/wp-content\/uploads\/sites\/3\/2018\/04\/Flexi-Flag-1.jpg\",\"datePublished\":\"2018-04-19T02:18:12+00:00\",\"breadcrumb\":{\"@id\":\"https:\/\/dockedge.thinairweb.co\/fr\/produit\/flexi-flag\/#breadcrumb\"},\"inLanguage\":\"fr-FR\",\"potentialAction\":[{\"@type\":\"ReadAction\",\"target\":[\"https:\/\/dockedge.thinairweb.co\/fr\/produit\/flexi-flag\/\"]}]},{\"@type\":\"ImageObject\",\"inLanguage\":\"fr-FR\",\"@id\":\"https:\/\/dockedge.thinairweb.co\/fr\/produit\/flexi-flag\/#primaryimage\",\"url\":\"https:\/\/dockedge.thinairweb.co\/wp-content\/uploads\/sites\/3\/2018\/04\/Flexi-Flag-1.jpg\",\"contentUrl\":\"https:\/\/dockedge.thinairweb.co\/wp-content\/uploads\/sites\/3\/2018\/04\/Flexi-Flag-1.jpg\",\"width\":\"863\",\"height\":\"863\",\"caption\":\"Flexi-Flag pole\"},{\"@type\":\"BreadcrumbList\",\"@id\":\"https:\/\/dockedge.thinairweb.co\/fr\/produit\/flexi-flag\/#breadcrumb\",\"itemListElement\":[{\"@type\":\"ListItem\",\"position\":1,\"name\":\"Home\",\"item\":\"https:\/\/dockedge.thinairweb.co\/fr\/\"},{\"@type\":\"ListItem\",\"position\":2,\"name\":\"Boutique\",\"item\":\"https:\/\/dockedge.thinairweb.co\/fr\/boutique\/\"},{\"@type\":\"ListItem\",\"position\":3,\"name\":\"FLEXI-FLAG\u2122\"}]},{\"@type\":\"WebSite\",\"@id\":\"https:\/\/dockedge.thinairweb.co\/fr\/#website\",\"url\":\"https:\/\/dockedge.thinairweb.co\/fr\/\",\"name\":\"Dock Edge+\",\"description\":\"Your Dock. Your Way.\",\"potentialAction\":[{\"@type\":\"SearchAction\",\"target\":{\"@type\":\"EntryPoint\",\"urlTemplate\":\"https:\/\/dockedge.thinairweb.co\/fr\/?s={search_term_string}\"},\"query-input\":{\"@type\":\"PropertyValueSpecification\",\"valueRequired\":true,\"valueName\":\"search_term_string\"}}],\"inLanguage\":\"fr-FR\"}]}<\/script>\n<!-- \/ Yoast SEO plugin. -->","yoast_head_json":{"title":"FLEXI-FLAG\u2122 - Dock Edge+","robots":{"index":"index","follow":"follow","max-snippet":"max-snippet:-1","max-image-preview":"max-image-preview:large","max-video-preview":"max-video-preview:-1"},"canonical":"https:\/\/dockedge.thinairweb.co\/fr\/produit\/flexi-flag\/","og_locale":"fr_FR","og_type":"article","og_title":"FLEXI-FLAG\u2122 - Dock Edge+","og_description":"CUP Ces m\u00e2ts gris en fibre de verre sont la r\u00e9ponse aux m\u00e2ts en m\u00e9tal rouill\u00e9 ou en bois peint. Con\u00e7us pour r\u00e9sister aux vents violents, ces m\u00e2ts non conducteurs ne rouilleront jamais et sont parfaits pour les quais, les terrasses, les marinas, les patios, les chalets ou l'utilisation domestique. Les bases en aluminium sont recouvertes d'une couche de poudre grise pour une longue dur\u00e9e de vie. L'extr\u00e9mit\u00e9 de la boule du poteau est plaqu\u00e9e laiton et la quincaillerie de montage en acier inoxydable est incluse. Le mod\u00e8le de 18 pieds est \u00e9quip\u00e9 d'un syst\u00e8me de pivotement qui r\u00e9duit consid\u00e9rablement l'enchev\u00eatrement des drapeaux, tandis que le mod\u00e8le de 21 pieds est \u00e9quip\u00e9 d'un syst\u00e8me conventionnel de poulie et de ligne.","og_url":"https:\/\/dockedge.thinairweb.co\/fr\/produit\/flexi-flag\/","og_site_name":"Dock Edge+","og_image":[{"width":863,"height":863,"url":"https:\/\/dockedge.thinairweb.co\/wp-content\/uploads\/sites\/3\/2018\/04\/Flexi-Flag-1.jpg","type":"image\/jpeg"}],"twitter_card":"summary_large_image","schema":{"@context":"https:\/\/schema.org","@graph":[{"@type":"WebPage","@id":"https:\/\/dockedge.thinairweb.co\/fr\/produit\/flexi-flag\/","url":"https:\/\/dockedge.thinairweb.co\/fr\/produit\/flexi-flag\/","name":"FLEXI-FLAG\u2122 - Dock Edge+","isPartOf":{"@id":"https:\/\/dockedge.thinairweb.co\/fr\/#website"},"primaryImageOfPage":{"@id":"https:\/\/dockedge.thinairweb.co\/fr\/produit\/flexi-flag\/#primaryimage"},"image":{"@id":"https:\/\/dockedge.thinairweb.co\/fr\/produit\/flexi-flag\/#primaryimage"},"thumbnailUrl":"https:\/\/dockedge.thinairweb.co\/wp-content\/uploads\/sites\/3\/2018\/04\/Flexi-Flag-1.jpg","datePublished":"2018-04-19T02:18:12+00:00","breadcrumb":{"@id":"https:\/\/dockedge.thinairweb.co\/fr\/produit\/flexi-flag\/#breadcrumb"},"inLanguage":"fr-FR","potentialAction":[{"@type":"ReadAction","target":["https:\/\/dockedge.thinairweb.co\/fr\/produit\/flexi-flag\/"]}]},{"@type":"ImageObject","inLanguage":"fr-FR","@id":"https:\/\/dockedge.thinairweb.co\/fr\/produit\/flexi-flag\/#primaryimage","url":"https:\/\/dockedge.thinairweb.co\/wp-content\/uploads\/sites\/3\/2018\/04\/Flexi-Flag-1.jpg","contentUrl":"https:\/\/dockedge.thinairweb.co\/wp-content\/uploads\/sites\/3\/2018\/04\/Flexi-Flag-1.jpg","width":"863","height":"863","caption":"Flexi-Flag pole"},{"@type":"BreadcrumbList","@id":"https:\/\/dockedge.thinairweb.co\/fr\/produit\/flexi-flag\/#breadcrumb","itemListElement":[{"@type":"ListItem","position":1,"name":"Home","item":"https:\/\/dockedge.thinairweb.co\/fr\/"},{"@type":"ListItem","position":2,"name":"Boutique","item":"https:\/\/dockedge.thinairweb.co\/fr\/boutique\/"},{"@type":"ListItem","position":3,"name":"FLEXI-FLAG\u2122"}]},{"@type":"WebSite","@id":"https:\/\/dockedge.thinairweb.co\/fr\/#website","url":"https:\/\/dockedge.thinairweb.co\/fr\/","name":"Dock Edge+","description":"Your Dock. Your Way.","potentialAction":[{"@type":"SearchAction","target":{"@type":"EntryPoint","urlTemplate":"https:\/\/dockedge.thinairweb.co\/fr\/?s={search_term_string}"},"query-input":{"@type":"PropertyValueSpecification","valueRequired":true,"valueName":"search_term_string"}}],"inLanguage":"fr-FR"}]}},"acf":[],"_links":{"self":[{"href":"https:\/\/dockedge.thinairweb.co\/fr\/wp-json\/wp\/v2\/product\/8223","targetHints":{"allow":["GET"]}}],"collection":[{"href":"https:\/\/dockedge.thinairweb.co\/fr\/wp-json\/wp\/v2\/product"}],"about":[{"href":"https:\/\/dockedge.thinairweb.co\/fr\/wp-json\/wp\/v2\/types\/product"}],"wp:featuredmedia":[{"embeddable":true,"href":"https:\/\/dockedge.thinairweb.co\/fr\/wp-json\/wp\/v2\/media\/7227"}],"wp:attachment":[{"href":"https:\/\/dockedge.thinairweb.co\/fr\/wp-json\/wp\/v2\/media?parent=8223"}],"wp:term":[{"taxonomy":"product_brand","embeddable":true,"href":"https:\/\/dockedge.thinairweb.co\/fr\/wp-json\/wp\/v2\/product_brand?post=8223"},{"taxonomy":"product_cat","embeddable":true,"href":"https:\/\/dockedge.thinairweb.co\/fr\/wp-json\/wp\/v2\/product_cat?post=8223"},{"taxonomy":"product_tag","embeddable":true,"href":"https:\/\/dockedge.thinairweb.co\/fr\/wp-json\/wp\/v2\/product_tag?post=8223"}],"curies":[{"name":"wp","href":"https:\/\/api.w.org\/{rel}","templated":true}]}}