{"id":8224,"date":"2018-04-19T02:14:40","date_gmt":"2018-04-19T02:14:40","guid":{"rendered":"https:\/\/dockedge.com\/product\/lignes-dailes-mfp\/"},"modified":"2018-04-19T02:14:40","modified_gmt":"2018-04-19T02:14:40","slug":"lignes-dailes-mfp","status":"publish","type":"product","link":"https:\/\/dockedge.thinairweb.co\/fr\/produit\/lignes-dailes-mfp\/","title":{"rendered":"Lignes d&rsquo;ailes MFP"},"content":{"rendered":"<table id=\"product-table\" cellpadding=\"15\" cellspacing=\"0\" border=\"0\">\n<tbody>\n<tr>\n<th>N\u00b0 de pi\u00e8ce<\/th>\n<th>Description<\/th>\n<\/tr>\n<tr>\n<td>DE91561F<\/td>\n<td>3\/8&Prime; x 5&prime; MFP Fender Line, Blanc, (2 Pcs\/Bag)<\/td>\n<\/tr>\n<tr>\n<td>DE91562F<\/td>\n<td>Ligne de d\u00e9fense MFP 3\/8&Prime; x 5&prime;, bleu royal, (2 pi\u00e8ces\/sac)<\/td>\n<\/tr>\n<tr>\n<td>DE91566F<\/td>\n<td>3\/8&Prime; x 5&prime; MFP Fender Line, Noir, (2 Pcs\/Bag)<\/td>\n<\/tr>\n<tr>\n<td>DE91569F<\/td>\n<td>Ligne de d\u00e9fense MFP 3\/8&Prime; x 5&prime;, bleu marine, (2 pi\u00e8ces\/sac)<\/td>\n<\/tr>\n<tr>\n<td>DE91571F<\/td>\n<td>3\/8&Prime; x 8&prime; MFP Fender Line, Blanc, (2 Pcs\/Bag)<\/td>\n<\/tr>\n<tr>\n<td>DE91572F<\/td>\n<td>3\/8&Prime; x 8&prime; MFP Fender Line, bleu royal, (2 pi\u00e8ces\/sac)<\/td>\n<\/tr>\n<tr>\n<td>DE91576F<\/td>\n<td>3\/8&Prime; x 8&prime; MFP Fender Line, Noir, (2 Pcs\/Bag)<\/td>\n<\/tr>\n<tr>\n<td>DE91579F<\/td>\n<td>Ligne de d\u00e9fense MFP 3\/8&Prime; x 8&prime;, bleu marine, (2 pi\u00e8ces\/sac)<\/td>\n<\/tr>\n<\/tbody>\n<\/table>\n<p><script src=\"\/\/ui.powerreviews.com\/stable\/4.0\/ui.js\"><\/script><\/p>\n<p><script>\n  POWERREVIEWS.display.render({\n      api_key: 'fdb23d80-8310-4409-87f2-2ee20e24a743',\n      locale: 'en_US',\n      merchant_group_id: '78535',\n      merchant_id: '542114',\n      page_id: '3113',\n      review_wrapper_url: 'http:\/\/www.dockedge.com\/write-a-review\/?pr_page_id=___PAGE_ID___',\nstructured_data_product_id : 'http:\/\/www.dockedge.com\/product\/mfp-fender-lines\/',\nproduct:{\n        name: 'MFP Fender Lines', \n        url: 'http:\/\/www.dockedge.com\/product\/mfp-fender-lines\/',\n        image_url: 'http:\/\/www.dockedge.com\/wp-content\/uploads\/sites\/3\/2018\/04\/fenderlines.jpg',\n        description: 'FndrLine 3\/8\"x5' MFP WH (2Pcs\/Pk)',\n        category_name: 'Fenders & Buoys',\n        manufacturer_id: 'DE91561F',\n        upc: '776113915615',\n        brand_name: 'DockEdge',\n        price: '<your_product_price>',\n        in_stock: '<product_in_stock_status>',\n        variants: [{\n            name: 'DE91562F',\n            description: 'FndrLine 3\/8\"x5' MFP RB (2Pcs\/Pk)',\n            upc: '776113915622',\t\n            page_id_variant: '1',\n        },\n        {\n            name: 'DE91566F',\n            description: 'FndrLine 3\/8\"x5' MFP BK (2Pcs\/Pk)',\n            upc: '776113915660',\n            page_id_variant: '2',  \n        },\n        {\n            name: 'DE91569F',\n            description: 'FndrLine 3\/8\"x5' MFP NB (2Pcs\/Pk)',\n            upc: '776113915691',\n            page_id_variant: '3',   \n        },\n        {\n            name: 'DE91571F',\n            description: 'FndrLine 3\/8\"x8' MFP WH (2Pcs\/Pk)',\n\t    upc: '776113915714',\t\n            page_id_variant: '4',\n        },\n        {\n            name: 'DE91572F',\n            description: 'FndrLine 3\/8\"x8' MFP RB (2Pcs\/Pk)',\n            upc: '776113915721',\n            page_id_variant: '5',  \n        },\n        {\n            name: 'DE91576F',\n            description: 'FndrLine 3\/8\"x8' MFP BK (2Pcs\/Pk)',\n            upc: '776113915769',\n            page_id_variant: '6',   \n        },\n        {\n            name: 'DE91579F',\n            description: 'FndrLine 3\/8\"x8' MFP NB (2Pcs\/Pk)',\n\t    upc: '776113915790',\t\n            page_id_variant: '7',\n    }]\n    },\n      components: {\n    ReviewSnippet: 'pr-reviewsnippet',\n    ReviewDisplay: 'pr-reviewdisplay'\n      }\n    });\n  <\/script><\/p>\n<div id=\"pr-reviewdisplay\"><\/div>\n","protected":false},"excerpt":{"rendered":"<div id=\"pr-reviewsnippet\"><\/div>\n<p><b>CUP<\/b> <br \/>\nNos lignes de d\u00e9fense MFP (polypropyl\u00e8ne multifilament) sont solides, disponibles en plusieurs couleurs et flottent \u00e0 la surface de l&rsquo;eau. Elles peuvent \u00eatre utilis\u00e9es pour les d\u00e9fenses \u00e0 \u0153illet double ou \u00e0 trou central, sont facilement r\u00e9glables et restent souples et flexibles. <\/p>\n","protected":false},"featured_media":7249,"template":"","meta":{"_acf_changed":false,"_et_pb_use_builder":"","_et_pb_old_content":"","_et_gb_content_width":""},"product_brand":[],"product_cat":[148],"product_tag":[],"class_list":{"0":"post-8224","1":"product","2":"type-product","3":"status-publish","4":"has-post-thumbnail","6":"product_cat-defenses-et-bouees","8":"first","9":"instock","10":"shipping-taxable","11":"product-type-simple"},"yoast_head":"<!-- This site is optimized with the Yoast SEO plugin v27.0 - https:\/\/yoast.com\/product\/yoast-seo-wordpress\/ -->\n<title>Lignes d&#039;ailes MFP - Dock Edge+<\/title>\n<meta name=\"robots\" content=\"index, follow, max-snippet:-1, max-image-preview:large, max-video-preview:-1\" \/>\n<link rel=\"canonical\" href=\"https:\/\/dockedge.thinairweb.co\/fr\/produit\/lignes-dailes-mfp\/\" \/>\n<meta property=\"og:locale\" content=\"fr_FR\" \/>\n<meta property=\"og:type\" content=\"article\" \/>\n<meta property=\"og:title\" content=\"Lignes d&#039;ailes MFP - Dock Edge+\" \/>\n<meta property=\"og:description\" content=\"CUP Nos lignes de d\u00e9fense MFP (polypropyl\u00e8ne multifilament) sont solides, disponibles en plusieurs couleurs et flottent \u00e0 la surface de l&#039;eau. Elles peuvent \u00eatre utilis\u00e9es pour les d\u00e9fenses \u00e0 \u0153illet double ou \u00e0 trou central, sont facilement r\u00e9glables et restent souples et flexibles.\" \/>\n<meta property=\"og:url\" content=\"https:\/\/dockedge.thinairweb.co\/fr\/produit\/lignes-dailes-mfp\/\" \/>\n<meta property=\"og:site_name\" content=\"Dock Edge+\" \/>\n<meta property=\"og:image\" content=\"https:\/\/dockedge.thinairweb.co\/wp-content\/uploads\/sites\/3\/2018\/04\/fenderlines.jpg\" \/>\n\t<meta property=\"og:image:width\" content=\"700\" \/>\n\t<meta property=\"og:image:height\" content=\"700\" \/>\n\t<meta property=\"og:image:type\" content=\"image\/jpeg\" \/>\n<meta name=\"twitter:card\" content=\"summary_large_image\" \/>\n<script type=\"application\/ld+json\" class=\"yoast-schema-graph\">{\"@context\":\"https:\/\/schema.org\",\"@graph\":[{\"@type\":\"WebPage\",\"@id\":\"https:\/\/dockedge.thinairweb.co\/fr\/produit\/lignes-dailes-mfp\/\",\"url\":\"https:\/\/dockedge.thinairweb.co\/fr\/produit\/lignes-dailes-mfp\/\",\"name\":\"Lignes d'ailes MFP - Dock Edge+\",\"isPartOf\":{\"@id\":\"https:\/\/dockedge.thinairweb.co\/fr\/#website\"},\"primaryImageOfPage\":{\"@id\":\"https:\/\/dockedge.thinairweb.co\/fr\/produit\/lignes-dailes-mfp\/#primaryimage\"},\"image\":{\"@id\":\"https:\/\/dockedge.thinairweb.co\/fr\/produit\/lignes-dailes-mfp\/#primaryimage\"},\"thumbnailUrl\":\"https:\/\/dockedge.thinairweb.co\/wp-content\/uploads\/sites\/3\/2018\/04\/fenderlines.jpg\",\"datePublished\":\"2018-04-19T02:14:40+00:00\",\"breadcrumb\":{\"@id\":\"https:\/\/dockedge.thinairweb.co\/fr\/produit\/lignes-dailes-mfp\/#breadcrumb\"},\"inLanguage\":\"fr-FR\",\"potentialAction\":[{\"@type\":\"ReadAction\",\"target\":[\"https:\/\/dockedge.thinairweb.co\/fr\/produit\/lignes-dailes-mfp\/\"]}]},{\"@type\":\"ImageObject\",\"inLanguage\":\"fr-FR\",\"@id\":\"https:\/\/dockedge.thinairweb.co\/fr\/produit\/lignes-dailes-mfp\/#primaryimage\",\"url\":\"https:\/\/dockedge.thinairweb.co\/wp-content\/uploads\/sites\/3\/2018\/04\/fenderlines.jpg\",\"contentUrl\":\"https:\/\/dockedge.thinairweb.co\/wp-content\/uploads\/sites\/3\/2018\/04\/fenderlines.jpg\",\"width\":700,\"height\":700,\"caption\":\"Fender Lines in various colors\"},{\"@type\":\"BreadcrumbList\",\"@id\":\"https:\/\/dockedge.thinairweb.co\/fr\/produit\/lignes-dailes-mfp\/#breadcrumb\",\"itemListElement\":[{\"@type\":\"ListItem\",\"position\":1,\"name\":\"Home\",\"item\":\"https:\/\/dockedge.thinairweb.co\/fr\/\"},{\"@type\":\"ListItem\",\"position\":2,\"name\":\"Boutique\",\"item\":\"https:\/\/dockedge.thinairweb.co\/fr\/boutique\/\"},{\"@type\":\"ListItem\",\"position\":3,\"name\":\"Lignes d&rsquo;ailes MFP\"}]},{\"@type\":\"WebSite\",\"@id\":\"https:\/\/dockedge.thinairweb.co\/fr\/#website\",\"url\":\"https:\/\/dockedge.thinairweb.co\/fr\/\",\"name\":\"Dock Edge+\",\"description\":\"Your Dock. Your Way.\",\"potentialAction\":[{\"@type\":\"SearchAction\",\"target\":{\"@type\":\"EntryPoint\",\"urlTemplate\":\"https:\/\/dockedge.thinairweb.co\/fr\/?s={search_term_string}\"},\"query-input\":{\"@type\":\"PropertyValueSpecification\",\"valueRequired\":true,\"valueName\":\"search_term_string\"}}],\"inLanguage\":\"fr-FR\"}]}<\/script>\n<!-- \/ Yoast SEO plugin. -->","yoast_head_json":{"title":"Lignes d'ailes MFP - Dock Edge+","robots":{"index":"index","follow":"follow","max-snippet":"max-snippet:-1","max-image-preview":"max-image-preview:large","max-video-preview":"max-video-preview:-1"},"canonical":"https:\/\/dockedge.thinairweb.co\/fr\/produit\/lignes-dailes-mfp\/","og_locale":"fr_FR","og_type":"article","og_title":"Lignes d'ailes MFP - Dock Edge+","og_description":"CUP Nos lignes de d\u00e9fense MFP (polypropyl\u00e8ne multifilament) sont solides, disponibles en plusieurs couleurs et flottent \u00e0 la surface de l'eau. Elles peuvent \u00eatre utilis\u00e9es pour les d\u00e9fenses \u00e0 \u0153illet double ou \u00e0 trou central, sont facilement r\u00e9glables et restent souples et flexibles.","og_url":"https:\/\/dockedge.thinairweb.co\/fr\/produit\/lignes-dailes-mfp\/","og_site_name":"Dock Edge+","og_image":[{"width":700,"height":700,"url":"https:\/\/dockedge.thinairweb.co\/wp-content\/uploads\/sites\/3\/2018\/04\/fenderlines.jpg","type":"image\/jpeg"}],"twitter_card":"summary_large_image","schema":{"@context":"https:\/\/schema.org","@graph":[{"@type":"WebPage","@id":"https:\/\/dockedge.thinairweb.co\/fr\/produit\/lignes-dailes-mfp\/","url":"https:\/\/dockedge.thinairweb.co\/fr\/produit\/lignes-dailes-mfp\/","name":"Lignes d'ailes MFP - Dock Edge+","isPartOf":{"@id":"https:\/\/dockedge.thinairweb.co\/fr\/#website"},"primaryImageOfPage":{"@id":"https:\/\/dockedge.thinairweb.co\/fr\/produit\/lignes-dailes-mfp\/#primaryimage"},"image":{"@id":"https:\/\/dockedge.thinairweb.co\/fr\/produit\/lignes-dailes-mfp\/#primaryimage"},"thumbnailUrl":"https:\/\/dockedge.thinairweb.co\/wp-content\/uploads\/sites\/3\/2018\/04\/fenderlines.jpg","datePublished":"2018-04-19T02:14:40+00:00","breadcrumb":{"@id":"https:\/\/dockedge.thinairweb.co\/fr\/produit\/lignes-dailes-mfp\/#breadcrumb"},"inLanguage":"fr-FR","potentialAction":[{"@type":"ReadAction","target":["https:\/\/dockedge.thinairweb.co\/fr\/produit\/lignes-dailes-mfp\/"]}]},{"@type":"ImageObject","inLanguage":"fr-FR","@id":"https:\/\/dockedge.thinairweb.co\/fr\/produit\/lignes-dailes-mfp\/#primaryimage","url":"https:\/\/dockedge.thinairweb.co\/wp-content\/uploads\/sites\/3\/2018\/04\/fenderlines.jpg","contentUrl":"https:\/\/dockedge.thinairweb.co\/wp-content\/uploads\/sites\/3\/2018\/04\/fenderlines.jpg","width":700,"height":700,"caption":"Fender Lines in various colors"},{"@type":"BreadcrumbList","@id":"https:\/\/dockedge.thinairweb.co\/fr\/produit\/lignes-dailes-mfp\/#breadcrumb","itemListElement":[{"@type":"ListItem","position":1,"name":"Home","item":"https:\/\/dockedge.thinairweb.co\/fr\/"},{"@type":"ListItem","position":2,"name":"Boutique","item":"https:\/\/dockedge.thinairweb.co\/fr\/boutique\/"},{"@type":"ListItem","position":3,"name":"Lignes d&rsquo;ailes MFP"}]},{"@type":"WebSite","@id":"https:\/\/dockedge.thinairweb.co\/fr\/#website","url":"https:\/\/dockedge.thinairweb.co\/fr\/","name":"Dock Edge+","description":"Your Dock. Your Way.","potentialAction":[{"@type":"SearchAction","target":{"@type":"EntryPoint","urlTemplate":"https:\/\/dockedge.thinairweb.co\/fr\/?s={search_term_string}"},"query-input":{"@type":"PropertyValueSpecification","valueRequired":true,"valueName":"search_term_string"}}],"inLanguage":"fr-FR"}]}},"acf":[],"_links":{"self":[{"href":"https:\/\/dockedge.thinairweb.co\/fr\/wp-json\/wp\/v2\/product\/8224","targetHints":{"allow":["GET"]}}],"collection":[{"href":"https:\/\/dockedge.thinairweb.co\/fr\/wp-json\/wp\/v2\/product"}],"about":[{"href":"https:\/\/dockedge.thinairweb.co\/fr\/wp-json\/wp\/v2\/types\/product"}],"wp:featuredmedia":[{"embeddable":true,"href":"https:\/\/dockedge.thinairweb.co\/fr\/wp-json\/wp\/v2\/media\/7249"}],"wp:attachment":[{"href":"https:\/\/dockedge.thinairweb.co\/fr\/wp-json\/wp\/v2\/media?parent=8224"}],"wp:term":[{"taxonomy":"product_brand","embeddable":true,"href":"https:\/\/dockedge.thinairweb.co\/fr\/wp-json\/wp\/v2\/product_brand?post=8224"},{"taxonomy":"product_cat","embeddable":true,"href":"https:\/\/dockedge.thinairweb.co\/fr\/wp-json\/wp\/v2\/product_cat?post=8224"},{"taxonomy":"product_tag","embeddable":true,"href":"https:\/\/dockedge.thinairweb.co\/fr\/wp-json\/wp\/v2\/product_tag?post=8224"}],"curies":[{"name":"wp","href":"https:\/\/api.w.org\/{rel}","templated":true}]}}