{"id":8405,"date":"2018-03-14T16:13:46","date_gmt":"2018-03-14T16:13:46","guid":{"rendered":"https:\/\/dockedge.com\/product\/coussin-damarrage-petit\/"},"modified":"2018-03-14T16:13:46","modified_gmt":"2018-03-14T16:13:46","slug":"coussin-damarrage-petit","status":"publish","type":"product","link":"https:\/\/dockedge.thinairweb.co\/fr\/produit\/coussin-damarrage-petit\/","title":{"rendered":"COUSSIN D&rsquo;AMARRAGE PETIT"},"content":{"rendered":"<table id=\"product-table\" border=\"0\" cellspacing=\"0\" cellpadding=\"15\">\n<tbody>\n<tr>\n<th>N\u00b0 de pi\u00e8ce<\/th>\n<th>Description<\/th>\n<\/tr>\n<tr>\n<td>DE1153F<\/td>\n<td>Petit coussin DocKushion 48&Prime;, PUR, mousse<\/td>\n<\/tr>\n<tr>\n<td>DE1154F<\/td>\n<td>Petit DocKorner 5.5&Prime;, PUR, Mousse<\/td>\n<\/tr>\n<tr>\n<td>DE1155F<\/td>\n<td>1.25&Prime; Small DocKap, PUR, Mousse, (2 pcs)<\/td>\n<\/tr>\n<\/tbody>\n<\/table>\n<p><script src=\"\/\/ui.powerreviews.com\/stable\/4.0\/ui.js\"><\/script><\/p>\n<p><script>\n  POWERREVIEWS.display.render({\n      api_key: 'fdb23d80-8310-4409-87f2-2ee20e24a743',\n      locale: 'en_US',\n      merchant_group_id: '78535',\n      merchant_id: '542114',\n      page_id: '122',\n      review_wrapper_url: 'http:\/\/www.dockedge.com\/write-a-review\/?pr_page_id=___PAGE_ID___',\nstructured_data_product_id : 'http:\/\/www.dockedge.com\/product\/dockushion-small\/',\nproduct:{\n        name: 'DOCKUSHION SMALL', \n        url: 'http:\/\/www.dockedge.com\/product\/dockushion-small\/',\n        image_url: 'http:\/\/www.dockedge.com\/wp-content\/uploads\/sites\/3\/2018\/03\/DockushionSmall.jpg',\n        description: 'DocKushion Sm 48\" Putty Foam',\n        category_name: 'Dock Protection',\n        manufacturer_id: 'DE1153F',\n        upc: '776113115305',\n        brand_name: 'DockEdge',\n        price: '<your_product_price>',\n        in_stock: '<product_in_stock_status>',\n        variants: [{\n            name: 'DE1154F',\n            description: 'DocKorner Sm 9\" Putty Foam',\n\t    upc: '776113115404',\t\n            page_id_variant: '1',\n        },\n        {\n            name: 'DE1155F',\n            description: 'DocKap Sm 2\" Putty Foam (2 Pcs\/Pk)',\n            upc: '776113115503',\n            page_id_variant: '2',  \n    }]\n    },\n      components: {\n    ReviewSnippet: 'pr-reviewsnippet',\n    ReviewDisplay: 'pr-reviewdisplay'\n      }\n    });\n  <\/script><\/p>\n<div id=\"pr-reviewdisplay\"><\/div>\n","protected":false},"excerpt":{"rendered":"<div id=\"pr-reviewsnippet\"><\/div>\n<p><b>CUP<\/b> <br \/>\nLe nec plus ultra des syst\u00e8mes de protection. Plus besoin de garde-boue ! Cette conception r\u00e9volutionnaire incorpore un noyau en mousse expans\u00e9e souple entour\u00e9 d&rsquo;une peau en mousse de polyur\u00e9thane int\u00e9grale stabilis\u00e9e aux U.V. Cela cr\u00e9e le pare-chocs le plus souple mais le plus durable que vous puissiez offrir \u00e0 votre bateau. Cela cr\u00e9e le pare-chocs le plus doux mais le plus durable que vous puissiez offrir \u00e0 votre bateau. Un support moul\u00e9 permet un montage solide et s\u00e9curis\u00e9. Des prises m\u00e2les et femelles uniques aux extr\u00e9mit\u00e9s permettent d&rsquo;assembler les pi\u00e8ces en un clin d&rsquo;\u0153il pour un aspect homog\u00e8ne. Connectez les longueurs de DocKushion bout \u00e0 bout pour les grandes longueurs. Des embouts et des coins compl\u00e8tent votre syst\u00e8me pour un travail professionnel et propre.       <\/p>\n","protected":false},"featured_media":7404,"template":"","meta":{"_acf_changed":false,"_et_pb_use_builder":"","_et_pb_old_content":"","_et_gb_content_width":""},"product_brand":[],"product_cat":[169],"product_tag":[],"class_list":{"0":"post-8405","1":"product","2":"type-product","3":"status-publish","4":"has-post-thumbnail","6":"product_cat-protection-des-quais","8":"first","9":"instock","10":"shipping-taxable","11":"product-type-simple"},"yoast_head":"<!-- This site is optimized with the Yoast SEO plugin v27.0 - https:\/\/yoast.com\/product\/yoast-seo-wordpress\/ -->\n<title>COUSSIN D&#039;AMARRAGE PETIT - Dock Edge+<\/title>\n<meta name=\"robots\" content=\"index, follow, max-snippet:-1, max-image-preview:large, max-video-preview:-1\" \/>\n<link rel=\"canonical\" href=\"https:\/\/dockedge.thinairweb.co\/fr\/produit\/coussin-damarrage-petit\/\" \/>\n<meta property=\"og:locale\" content=\"fr_FR\" \/>\n<meta property=\"og:type\" content=\"article\" \/>\n<meta property=\"og:title\" content=\"COUSSIN D&#039;AMARRAGE PETIT - Dock Edge+\" \/>\n<meta property=\"og:description\" content=\"CUP Le nec plus ultra des syst\u00e8mes de protection. Plus besoin de garde-boue ! Cette conception r\u00e9volutionnaire incorpore un noyau en mousse expans\u00e9e souple entour\u00e9 d&#039;une peau en mousse de polyur\u00e9thane int\u00e9grale stabilis\u00e9e aux U.V. Cela cr\u00e9e le pare-chocs le plus souple mais le plus durable que vous puissiez offrir \u00e0 votre bateau. Cela cr\u00e9e le pare-chocs le plus doux mais le plus durable que vous puissiez offrir \u00e0 votre bateau. Un support moul\u00e9 permet un montage solide et s\u00e9curis\u00e9. Des prises m\u00e2les et femelles uniques aux extr\u00e9mit\u00e9s permettent d&#039;assembler les pi\u00e8ces en un clin d&#039;\u0153il pour un aspect homog\u00e8ne. Connectez les longueurs de DocKushion bout \u00e0 bout pour les grandes longueurs. Des embouts et des coins compl\u00e8tent votre syst\u00e8me pour un travail professionnel et propre.\" \/>\n<meta property=\"og:url\" content=\"https:\/\/dockedge.thinairweb.co\/fr\/produit\/coussin-damarrage-petit\/\" \/>\n<meta property=\"og:site_name\" content=\"Dock Edge+\" \/>\n<meta property=\"og:image\" content=\"https:\/\/dockedge.thinairweb.co\/wp-content\/uploads\/sites\/3\/2018\/03\/DocKushionSm.jpg\" \/>\n\t<meta property=\"og:image:width\" content=\"700\" \/>\n\t<meta property=\"og:image:height\" content=\"700\" \/>\n\t<meta property=\"og:image:type\" content=\"image\/jpeg\" \/>\n<meta name=\"twitter:card\" content=\"summary_large_image\" \/>\n<script type=\"application\/ld+json\" class=\"yoast-schema-graph\">{\"@context\":\"https:\/\/schema.org\",\"@graph\":[{\"@type\":\"WebPage\",\"@id\":\"https:\/\/dockedge.thinairweb.co\/fr\/produit\/coussin-damarrage-petit\/\",\"url\":\"https:\/\/dockedge.thinairweb.co\/fr\/produit\/coussin-damarrage-petit\/\",\"name\":\"COUSSIN D'AMARRAGE PETIT - Dock Edge+\",\"isPartOf\":{\"@id\":\"https:\/\/dockedge.thinairweb.co\/fr\/#website\"},\"primaryImageOfPage\":{\"@id\":\"https:\/\/dockedge.thinairweb.co\/fr\/produit\/coussin-damarrage-petit\/#primaryimage\"},\"image\":{\"@id\":\"https:\/\/dockedge.thinairweb.co\/fr\/produit\/coussin-damarrage-petit\/#primaryimage\"},\"thumbnailUrl\":\"https:\/\/dockedge.thinairweb.co\/wp-content\/uploads\/sites\/3\/2018\/03\/DocKushionSm.jpg\",\"datePublished\":\"2018-03-14T16:13:46+00:00\",\"breadcrumb\":{\"@id\":\"https:\/\/dockedge.thinairweb.co\/fr\/produit\/coussin-damarrage-petit\/#breadcrumb\"},\"inLanguage\":\"fr-FR\",\"potentialAction\":[{\"@type\":\"ReadAction\",\"target\":[\"https:\/\/dockedge.thinairweb.co\/fr\/produit\/coussin-damarrage-petit\/\"]}]},{\"@type\":\"ImageObject\",\"inLanguage\":\"fr-FR\",\"@id\":\"https:\/\/dockedge.thinairweb.co\/fr\/produit\/coussin-damarrage-petit\/#primaryimage\",\"url\":\"https:\/\/dockedge.thinairweb.co\/wp-content\/uploads\/sites\/3\/2018\/03\/DocKushionSm.jpg\",\"contentUrl\":\"https:\/\/dockedge.thinairweb.co\/wp-content\/uploads\/sites\/3\/2018\/03\/DocKushionSm.jpg\",\"width\":700,\"height\":700,\"caption\":\"DockKushion small in white, installed\"},{\"@type\":\"BreadcrumbList\",\"@id\":\"https:\/\/dockedge.thinairweb.co\/fr\/produit\/coussin-damarrage-petit\/#breadcrumb\",\"itemListElement\":[{\"@type\":\"ListItem\",\"position\":1,\"name\":\"Home\",\"item\":\"https:\/\/dockedge.thinairweb.co\/fr\/\"},{\"@type\":\"ListItem\",\"position\":2,\"name\":\"Boutique\",\"item\":\"https:\/\/dockedge.thinairweb.co\/fr\/boutique\/\"},{\"@type\":\"ListItem\",\"position\":3,\"name\":\"COUSSIN D&rsquo;AMARRAGE PETIT\"}]},{\"@type\":\"WebSite\",\"@id\":\"https:\/\/dockedge.thinairweb.co\/fr\/#website\",\"url\":\"https:\/\/dockedge.thinairweb.co\/fr\/\",\"name\":\"Dock Edge+\",\"description\":\"Your Dock. Your Way.\",\"potentialAction\":[{\"@type\":\"SearchAction\",\"target\":{\"@type\":\"EntryPoint\",\"urlTemplate\":\"https:\/\/dockedge.thinairweb.co\/fr\/?s={search_term_string}\"},\"query-input\":{\"@type\":\"PropertyValueSpecification\",\"valueRequired\":true,\"valueName\":\"search_term_string\"}}],\"inLanguage\":\"fr-FR\"}]}<\/script>\n<!-- \/ Yoast SEO plugin. -->","yoast_head_json":{"title":"COUSSIN D'AMARRAGE PETIT - Dock Edge+","robots":{"index":"index","follow":"follow","max-snippet":"max-snippet:-1","max-image-preview":"max-image-preview:large","max-video-preview":"max-video-preview:-1"},"canonical":"https:\/\/dockedge.thinairweb.co\/fr\/produit\/coussin-damarrage-petit\/","og_locale":"fr_FR","og_type":"article","og_title":"COUSSIN D'AMARRAGE PETIT - Dock Edge+","og_description":"CUP Le nec plus ultra des syst\u00e8mes de protection. Plus besoin de garde-boue ! Cette conception r\u00e9volutionnaire incorpore un noyau en mousse expans\u00e9e souple entour\u00e9 d'une peau en mousse de polyur\u00e9thane int\u00e9grale stabilis\u00e9e aux U.V. Cela cr\u00e9e le pare-chocs le plus souple mais le plus durable que vous puissiez offrir \u00e0 votre bateau. Cela cr\u00e9e le pare-chocs le plus doux mais le plus durable que vous puissiez offrir \u00e0 votre bateau. Un support moul\u00e9 permet un montage solide et s\u00e9curis\u00e9. Des prises m\u00e2les et femelles uniques aux extr\u00e9mit\u00e9s permettent d'assembler les pi\u00e8ces en un clin d'\u0153il pour un aspect homog\u00e8ne. Connectez les longueurs de DocKushion bout \u00e0 bout pour les grandes longueurs. Des embouts et des coins compl\u00e8tent votre syst\u00e8me pour un travail professionnel et propre.","og_url":"https:\/\/dockedge.thinairweb.co\/fr\/produit\/coussin-damarrage-petit\/","og_site_name":"Dock Edge+","og_image":[{"width":700,"height":700,"url":"https:\/\/dockedge.thinairweb.co\/wp-content\/uploads\/sites\/3\/2018\/03\/DocKushionSm.jpg","type":"image\/jpeg"}],"twitter_card":"summary_large_image","schema":{"@context":"https:\/\/schema.org","@graph":[{"@type":"WebPage","@id":"https:\/\/dockedge.thinairweb.co\/fr\/produit\/coussin-damarrage-petit\/","url":"https:\/\/dockedge.thinairweb.co\/fr\/produit\/coussin-damarrage-petit\/","name":"COUSSIN D'AMARRAGE PETIT - Dock Edge+","isPartOf":{"@id":"https:\/\/dockedge.thinairweb.co\/fr\/#website"},"primaryImageOfPage":{"@id":"https:\/\/dockedge.thinairweb.co\/fr\/produit\/coussin-damarrage-petit\/#primaryimage"},"image":{"@id":"https:\/\/dockedge.thinairweb.co\/fr\/produit\/coussin-damarrage-petit\/#primaryimage"},"thumbnailUrl":"https:\/\/dockedge.thinairweb.co\/wp-content\/uploads\/sites\/3\/2018\/03\/DocKushionSm.jpg","datePublished":"2018-03-14T16:13:46+00:00","breadcrumb":{"@id":"https:\/\/dockedge.thinairweb.co\/fr\/produit\/coussin-damarrage-petit\/#breadcrumb"},"inLanguage":"fr-FR","potentialAction":[{"@type":"ReadAction","target":["https:\/\/dockedge.thinairweb.co\/fr\/produit\/coussin-damarrage-petit\/"]}]},{"@type":"ImageObject","inLanguage":"fr-FR","@id":"https:\/\/dockedge.thinairweb.co\/fr\/produit\/coussin-damarrage-petit\/#primaryimage","url":"https:\/\/dockedge.thinairweb.co\/wp-content\/uploads\/sites\/3\/2018\/03\/DocKushionSm.jpg","contentUrl":"https:\/\/dockedge.thinairweb.co\/wp-content\/uploads\/sites\/3\/2018\/03\/DocKushionSm.jpg","width":700,"height":700,"caption":"DockKushion small in white, installed"},{"@type":"BreadcrumbList","@id":"https:\/\/dockedge.thinairweb.co\/fr\/produit\/coussin-damarrage-petit\/#breadcrumb","itemListElement":[{"@type":"ListItem","position":1,"name":"Home","item":"https:\/\/dockedge.thinairweb.co\/fr\/"},{"@type":"ListItem","position":2,"name":"Boutique","item":"https:\/\/dockedge.thinairweb.co\/fr\/boutique\/"},{"@type":"ListItem","position":3,"name":"COUSSIN D&rsquo;AMARRAGE PETIT"}]},{"@type":"WebSite","@id":"https:\/\/dockedge.thinairweb.co\/fr\/#website","url":"https:\/\/dockedge.thinairweb.co\/fr\/","name":"Dock Edge+","description":"Your Dock. Your Way.","potentialAction":[{"@type":"SearchAction","target":{"@type":"EntryPoint","urlTemplate":"https:\/\/dockedge.thinairweb.co\/fr\/?s={search_term_string}"},"query-input":{"@type":"PropertyValueSpecification","valueRequired":true,"valueName":"search_term_string"}}],"inLanguage":"fr-FR"}]}},"acf":[],"_links":{"self":[{"href":"https:\/\/dockedge.thinairweb.co\/fr\/wp-json\/wp\/v2\/product\/8405","targetHints":{"allow":["GET"]}}],"collection":[{"href":"https:\/\/dockedge.thinairweb.co\/fr\/wp-json\/wp\/v2\/product"}],"about":[{"href":"https:\/\/dockedge.thinairweb.co\/fr\/wp-json\/wp\/v2\/types\/product"}],"wp:featuredmedia":[{"embeddable":true,"href":"https:\/\/dockedge.thinairweb.co\/fr\/wp-json\/wp\/v2\/media\/7404"}],"wp:attachment":[{"href":"https:\/\/dockedge.thinairweb.co\/fr\/wp-json\/wp\/v2\/media?parent=8405"}],"wp:term":[{"taxonomy":"product_brand","embeddable":true,"href":"https:\/\/dockedge.thinairweb.co\/fr\/wp-json\/wp\/v2\/product_brand?post=8405"},{"taxonomy":"product_cat","embeddable":true,"href":"https:\/\/dockedge.thinairweb.co\/fr\/wp-json\/wp\/v2\/product_cat?post=8405"},{"taxonomy":"product_tag","embeddable":true,"href":"https:\/\/dockedge.thinairweb.co\/fr\/wp-json\/wp\/v2\/product_tag?post=8405"}],"curies":[{"name":"wp","href":"https:\/\/api.w.org\/{rel}","templated":true}]}}