{"id":8414,"date":"2018-04-18T13:06:27","date_gmt":"2018-04-18T13:06:27","guid":{"rendered":"https:\/\/dockedge.com\/product\/taquets-de-constructeurs-de-quais\/"},"modified":"2018-04-18T13:06:27","modified_gmt":"2018-04-18T13:06:27","slug":"taquets-de-constructeurs-de-quais","status":"publish","type":"product","link":"https:\/\/dockedge.thinairweb.co\/fr\/produit\/taquets-de-constructeurs-de-quais\/","title":{"rendered":"TAQUETS DE CONSTRUCTEURS DE QUAIS"},"content":{"rendered":"<table id=\"product-table\" cellpadding=\"15\" cellspacing=\"0\" border=\"0\">\n<tbody>\n<tr>\n<th>N\u00b0 de pi\u00e8ce<\/th>\n<th>Description<\/th>\n<\/tr>\n<tr>\n<td>DE2428F<\/td>\n<td>Taquet de rail angulaire 8&Prime;, aluminium<\/td>\n<\/tr>\n<tr>\n<td>DE2430F<\/td>\n<td>Taquet de rail angulaire 10&Prime;, aluminium<\/td>\n<\/tr>\n<\/tbody>\n<\/table>\n<p><script src=\"\/\/ui.powerreviews.com\/stable\/4.0\/ui.js\"><\/script><\/p>\n<p><script>\n  POWERREVIEWS.display.render({\n      api_key: 'fdb23d80-8310-4409-87f2-2ee20e24a743',\n      locale: 'en_US',\n      merchant_group_id: '78535',\n      merchant_id: '542114',\n      page_id: '2815',\n      review_wrapper_url: 'http:\/\/www.dockedge.com\/write-a-review\/?pr_page_id=___PAGE_ID___',\nstructured_data_product_id : 'http:\/\/www.dockedge.com\/product\/dock-builders-cleats\/',\nproduct:{\n        name: 'DOCK BUILDERS CLEATS', \n        url: 'http:\/\/www.dockedge.com\/product\/dock-builders-cleats\/',\n        image_url: 'http:\/\/www.dockedge.com\/wp-content\/uploads\/sites\/3\/2018\/04\/dockbuilderscleats.jpg',\n        description: 'Dock Cleat Angled Rail Cleat 8\" Alum',\n        category_name: 'Cleats',\n        manufacturer_id: 'DE2428F',\n        upc: '776113242803',\n        brand_name: 'DockEdge',\n        price: '<your_product_price>',\n        in_stock: '<product_in_stock_status>',\n        variants: [{\n            name: 'DE2430F',\n            description: 'Dock Cleat, Angled Rail Cleat 10\" Alum',\n\t    upc: '776113243008',\t\n            page_id_variant: '1',\n    }]\n    },\n      components: {\n    ReviewSnippet: 'pr-reviewsnippet',\n    ReviewDisplay: 'pr-reviewdisplay'\n      }\n    });\n  <\/script><\/p>\n<div id=\"pr-reviewdisplay\"><\/div>\n","protected":false},"excerpt":{"rendered":"<div id=\"pr-reviewsnippet\"><\/div>\n<p><b>CUP<\/b> <\/p>\n<ul>\n<li>Ces taquets de construction de quai sont disponibles en deux tailles : 8&Prime; et 10&Prime;.<\/li>\n<li>Con\u00e7u pour les quais \u00e0 cadre en aluminium<\/li>\n<li>Convient \u00e0 la plupart des quais de style constructeur de quai OEM avec une extrusion en aluminium<\/li>\n<li>L&rsquo;angle permet un maintien plus fort<\/li>\n<\/ul>\n","protected":false},"featured_media":7286,"template":"","meta":{"_acf_changed":false,"_et_pb_use_builder":"","_et_pb_old_content":"","_et_gb_content_width":""},"product_brand":[],"product_cat":[171],"product_tag":[],"class_list":{"0":"post-8414","1":"product","2":"type-product","3":"status-publish","4":"has-post-thumbnail","6":"product_cat-crampons","8":"first","9":"instock","10":"shipping-taxable","11":"product-type-simple"},"yoast_head":"<!-- This site is optimized with the Yoast SEO plugin v27.0 - https:\/\/yoast.com\/product\/yoast-seo-wordpress\/ -->\n<title>TAQUETS DE CONSTRUCTEURS DE QUAIS - Dock Edge+<\/title>\n<meta name=\"robots\" content=\"index, follow, max-snippet:-1, max-image-preview:large, max-video-preview:-1\" \/>\n<link rel=\"canonical\" href=\"https:\/\/dockedge.thinairweb.co\/fr\/produit\/taquets-de-constructeurs-de-quais\/\" \/>\n<meta property=\"og:locale\" content=\"fr_FR\" \/>\n<meta property=\"og:type\" content=\"article\" \/>\n<meta property=\"og:title\" content=\"TAQUETS DE CONSTRUCTEURS DE QUAIS - Dock Edge+\" \/>\n<meta property=\"og:description\" content=\"CUP   Ces taquets de construction de quai sont disponibles en deux tailles : 8&quot; et 10&quot;.  Con\u00e7u pour les quais \u00e0 cadre en aluminium  Convient \u00e0 la plupart des quais de style constructeur de quai OEM avec une extrusion en aluminium  L&#039;angle permet un maintien plus fort\" \/>\n<meta property=\"og:url\" content=\"https:\/\/dockedge.thinairweb.co\/fr\/produit\/taquets-de-constructeurs-de-quais\/\" \/>\n<meta property=\"og:site_name\" content=\"Dock Edge+\" \/>\n<meta property=\"og:image\" content=\"https:\/\/dockedge.thinairweb.co\/wp-content\/uploads\/sites\/3\/2018\/04\/DBCleats.jpg\" \/>\n\t<meta property=\"og:image:width\" content=\"700\" \/>\n\t<meta property=\"og:image:height\" content=\"700\" \/>\n\t<meta property=\"og:image:type\" content=\"image\/jpeg\" \/>\n<meta name=\"twitter:card\" content=\"summary_large_image\" \/>\n<script type=\"application\/ld+json\" class=\"yoast-schema-graph\">{\"@context\":\"https:\/\/schema.org\",\"@graph\":[{\"@type\":\"WebPage\",\"@id\":\"https:\/\/dockedge.thinairweb.co\/fr\/produit\/taquets-de-constructeurs-de-quais\/\",\"url\":\"https:\/\/dockedge.thinairweb.co\/fr\/produit\/taquets-de-constructeurs-de-quais\/\",\"name\":\"TAQUETS DE CONSTRUCTEURS DE QUAIS - Dock Edge+\",\"isPartOf\":{\"@id\":\"https:\/\/dockedge.thinairweb.co\/fr\/#website\"},\"primaryImageOfPage\":{\"@id\":\"https:\/\/dockedge.thinairweb.co\/fr\/produit\/taquets-de-constructeurs-de-quais\/#primaryimage\"},\"image\":{\"@id\":\"https:\/\/dockedge.thinairweb.co\/fr\/produit\/taquets-de-constructeurs-de-quais\/#primaryimage\"},\"thumbnailUrl\":\"https:\/\/dockedge.thinairweb.co\/wp-content\/uploads\/sites\/3\/2018\/04\/DBCleats.jpg\",\"datePublished\":\"2018-04-18T13:06:27+00:00\",\"breadcrumb\":{\"@id\":\"https:\/\/dockedge.thinairweb.co\/fr\/produit\/taquets-de-constructeurs-de-quais\/#breadcrumb\"},\"inLanguage\":\"fr-FR\",\"potentialAction\":[{\"@type\":\"ReadAction\",\"target\":[\"https:\/\/dockedge.thinairweb.co\/fr\/produit\/taquets-de-constructeurs-de-quais\/\"]}]},{\"@type\":\"ImageObject\",\"inLanguage\":\"fr-FR\",\"@id\":\"https:\/\/dockedge.thinairweb.co\/fr\/produit\/taquets-de-constructeurs-de-quais\/#primaryimage\",\"url\":\"https:\/\/dockedge.thinairweb.co\/wp-content\/uploads\/sites\/3\/2018\/04\/DBCleats.jpg\",\"contentUrl\":\"https:\/\/dockedge.thinairweb.co\/wp-content\/uploads\/sites\/3\/2018\/04\/DBCleats.jpg\",\"width\":700,\"height\":700,\"caption\":\"Dock Builder Cleats\"},{\"@type\":\"BreadcrumbList\",\"@id\":\"https:\/\/dockedge.thinairweb.co\/fr\/produit\/taquets-de-constructeurs-de-quais\/#breadcrumb\",\"itemListElement\":[{\"@type\":\"ListItem\",\"position\":1,\"name\":\"Home\",\"item\":\"https:\/\/dockedge.thinairweb.co\/fr\/\"},{\"@type\":\"ListItem\",\"position\":2,\"name\":\"Boutique\",\"item\":\"https:\/\/dockedge.thinairweb.co\/fr\/boutique\/\"},{\"@type\":\"ListItem\",\"position\":3,\"name\":\"TAQUETS DE CONSTRUCTEURS DE QUAIS\"}]},{\"@type\":\"WebSite\",\"@id\":\"https:\/\/dockedge.thinairweb.co\/fr\/#website\",\"url\":\"https:\/\/dockedge.thinairweb.co\/fr\/\",\"name\":\"Dock Edge+\",\"description\":\"Your Dock. Your Way.\",\"potentialAction\":[{\"@type\":\"SearchAction\",\"target\":{\"@type\":\"EntryPoint\",\"urlTemplate\":\"https:\/\/dockedge.thinairweb.co\/fr\/?s={search_term_string}\"},\"query-input\":{\"@type\":\"PropertyValueSpecification\",\"valueRequired\":true,\"valueName\":\"search_term_string\"}}],\"inLanguage\":\"fr-FR\"}]}<\/script>\n<!-- \/ Yoast SEO plugin. -->","yoast_head_json":{"title":"TAQUETS DE CONSTRUCTEURS DE QUAIS - Dock Edge+","robots":{"index":"index","follow":"follow","max-snippet":"max-snippet:-1","max-image-preview":"max-image-preview:large","max-video-preview":"max-video-preview:-1"},"canonical":"https:\/\/dockedge.thinairweb.co\/fr\/produit\/taquets-de-constructeurs-de-quais\/","og_locale":"fr_FR","og_type":"article","og_title":"TAQUETS DE CONSTRUCTEURS DE QUAIS - Dock Edge+","og_description":"CUP   Ces taquets de construction de quai sont disponibles en deux tailles : 8\" et 10\".  Con\u00e7u pour les quais \u00e0 cadre en aluminium  Convient \u00e0 la plupart des quais de style constructeur de quai OEM avec une extrusion en aluminium  L'angle permet un maintien plus fort","og_url":"https:\/\/dockedge.thinairweb.co\/fr\/produit\/taquets-de-constructeurs-de-quais\/","og_site_name":"Dock Edge+","og_image":[{"width":700,"height":700,"url":"https:\/\/dockedge.thinairweb.co\/wp-content\/uploads\/sites\/3\/2018\/04\/DBCleats.jpg","type":"image\/jpeg"}],"twitter_card":"summary_large_image","schema":{"@context":"https:\/\/schema.org","@graph":[{"@type":"WebPage","@id":"https:\/\/dockedge.thinairweb.co\/fr\/produit\/taquets-de-constructeurs-de-quais\/","url":"https:\/\/dockedge.thinairweb.co\/fr\/produit\/taquets-de-constructeurs-de-quais\/","name":"TAQUETS DE CONSTRUCTEURS DE QUAIS - Dock Edge+","isPartOf":{"@id":"https:\/\/dockedge.thinairweb.co\/fr\/#website"},"primaryImageOfPage":{"@id":"https:\/\/dockedge.thinairweb.co\/fr\/produit\/taquets-de-constructeurs-de-quais\/#primaryimage"},"image":{"@id":"https:\/\/dockedge.thinairweb.co\/fr\/produit\/taquets-de-constructeurs-de-quais\/#primaryimage"},"thumbnailUrl":"https:\/\/dockedge.thinairweb.co\/wp-content\/uploads\/sites\/3\/2018\/04\/DBCleats.jpg","datePublished":"2018-04-18T13:06:27+00:00","breadcrumb":{"@id":"https:\/\/dockedge.thinairweb.co\/fr\/produit\/taquets-de-constructeurs-de-quais\/#breadcrumb"},"inLanguage":"fr-FR","potentialAction":[{"@type":"ReadAction","target":["https:\/\/dockedge.thinairweb.co\/fr\/produit\/taquets-de-constructeurs-de-quais\/"]}]},{"@type":"ImageObject","inLanguage":"fr-FR","@id":"https:\/\/dockedge.thinairweb.co\/fr\/produit\/taquets-de-constructeurs-de-quais\/#primaryimage","url":"https:\/\/dockedge.thinairweb.co\/wp-content\/uploads\/sites\/3\/2018\/04\/DBCleats.jpg","contentUrl":"https:\/\/dockedge.thinairweb.co\/wp-content\/uploads\/sites\/3\/2018\/04\/DBCleats.jpg","width":700,"height":700,"caption":"Dock Builder Cleats"},{"@type":"BreadcrumbList","@id":"https:\/\/dockedge.thinairweb.co\/fr\/produit\/taquets-de-constructeurs-de-quais\/#breadcrumb","itemListElement":[{"@type":"ListItem","position":1,"name":"Home","item":"https:\/\/dockedge.thinairweb.co\/fr\/"},{"@type":"ListItem","position":2,"name":"Boutique","item":"https:\/\/dockedge.thinairweb.co\/fr\/boutique\/"},{"@type":"ListItem","position":3,"name":"TAQUETS DE CONSTRUCTEURS DE QUAIS"}]},{"@type":"WebSite","@id":"https:\/\/dockedge.thinairweb.co\/fr\/#website","url":"https:\/\/dockedge.thinairweb.co\/fr\/","name":"Dock Edge+","description":"Your Dock. Your Way.","potentialAction":[{"@type":"SearchAction","target":{"@type":"EntryPoint","urlTemplate":"https:\/\/dockedge.thinairweb.co\/fr\/?s={search_term_string}"},"query-input":{"@type":"PropertyValueSpecification","valueRequired":true,"valueName":"search_term_string"}}],"inLanguage":"fr-FR"}]}},"acf":[],"_links":{"self":[{"href":"https:\/\/dockedge.thinairweb.co\/fr\/wp-json\/wp\/v2\/product\/8414","targetHints":{"allow":["GET"]}}],"collection":[{"href":"https:\/\/dockedge.thinairweb.co\/fr\/wp-json\/wp\/v2\/product"}],"about":[{"href":"https:\/\/dockedge.thinairweb.co\/fr\/wp-json\/wp\/v2\/types\/product"}],"wp:featuredmedia":[{"embeddable":true,"href":"https:\/\/dockedge.thinairweb.co\/fr\/wp-json\/wp\/v2\/media\/7286"}],"wp:attachment":[{"href":"https:\/\/dockedge.thinairweb.co\/fr\/wp-json\/wp\/v2\/media?parent=8414"}],"wp:term":[{"taxonomy":"product_brand","embeddable":true,"href":"https:\/\/dockedge.thinairweb.co\/fr\/wp-json\/wp\/v2\/product_brand?post=8414"},{"taxonomy":"product_cat","embeddable":true,"href":"https:\/\/dockedge.thinairweb.co\/fr\/wp-json\/wp\/v2\/product_cat?post=8414"},{"taxonomy":"product_tag","embeddable":true,"href":"https:\/\/dockedge.thinairweb.co\/fr\/wp-json\/wp\/v2\/product_tag?post=8414"}],"curies":[{"name":"wp","href":"https:\/\/api.w.org\/{rel}","templated":true}]}}