{"id":8418,"date":"2018-04-18T12:52:28","date_gmt":"2018-04-18T12:52:28","guid":{"rendered":"https:\/\/dockedge.com\/product\/crampons-flip-up\/"},"modified":"2018-04-18T12:52:28","modified_gmt":"2018-04-18T12:52:28","slug":"crampons-flip-up","status":"publish","type":"product","link":"https:\/\/dockedge.thinairweb.co\/fr\/produit\/crampons-flip-up\/","title":{"rendered":"CRAMPONS FLIP-UP\u2122"},"content":{"rendered":"<table id=\"product-table\" cellpadding=\"15\" cellspacing=\"0\" border=\"0\">\n<tbody>\n<tr>\n<th>N\u00b0 de pi\u00e8ce<\/th>\n<th>Description<\/th>\n<\/tr>\n<tr>\n<td>DE2603PF<\/td>\n<td>Taquet d&rsquo;accostage 3&Prime; \u00e0 bascule, aluminium Almag 35 poli<\/td>\n<\/tr>\n<tr>\n<td>DE2603WF<\/td>\n<td>Taquet d&rsquo;accostage \u00e0 bascule de 3&Prime;, aluminium Almag 35 blanc peint par poudrage<\/td>\n<\/tr>\n<tr>\n<td>DE2606BF<\/td>\n<td>Taquet d&rsquo;accostage \u00e0 bascule de 6&Prime;, aluminium Almag 35 noir enduit de poudre<\/td>\n<\/tr>\n<tr>\n<td>DE2606PF<\/td>\n<td>Taquet d&rsquo;accostage \u00e0 bascule de 6&Prime;, aluminium Almag 35 poli<\/td>\n<\/tr>\n<tr>\n<td>DE2606WF<\/td>\n<td>Taquet d&rsquo;accostage \u00e0 bascule de 6&Prime;, aluminium Almag 35 blanc peint par poudrage<\/td>\n<\/tr>\n<tr>\n<td>DE2608BF<\/td>\n<td>8&Prime; Flip Up Dock Cleat, Aluminium Almag 35 noir enduit de poudre<\/td>\n<\/tr>\n<tr>\n<td>DE2608PF<\/td>\n<td>Taquet d&rsquo;accostage 8&Prime;, aluminium Almag 35 poli<\/td>\n<\/tr>\n<tr>\n<td>DE2608WF<\/td>\n<td>8&Prime; Flip Up Dock Cleat, Aluminium Almag 35 blanc enduit de poudre<\/td>\n<\/tr>\n<\/tbody>\n<\/table>\n<p><script src=\"\/\/ui.powerreviews.com\/stable\/4.0\/ui.js\"><\/script><\/p>\n<p><script>\n  POWERREVIEWS.display.render({\n      api_key: 'fdb23d80-8310-4409-87f2-2ee20e24a743',\n      locale: 'en_US',\n      merchant_group_id: '78535',\n      merchant_id: '542114',\n      page_id: '2811',\n      review_wrapper_url: 'http:\/\/www.dockedge.com\/write-a-review\/?pr_page_id=___PAGE_ID___',\nstructured_data_product_id : 'http:\/\/www.dockedge.com\/product\/flip-up-cleats\/',\nproduct:{\n        name: 'FLIP-UP&#x2122; CLEATS', \n        url: 'http:\/\/www.dockedge.com\/product\/flip-up-cleats\/',\n        image_url: 'http:\/\/www.dockedge.com\/wp-content\/uploads\/sites\/3\/2018\/04\/Flip_UpCleats.jpg',\n        description: 'DockCleat FlipUpRing 3\" Pol Almag35',\n        category_name: 'Cleats',\n        manufacturer_id: 'DE2603PF',\n        upc: '776113426036',\n        brand_name: 'DockEdge',\n        price: '<your_product_price>',\n        in_stock: '<product_in_stock_status>',\n        variants: [{\n            name: 'DE2603WF',\n            description: 'DockCleat FlipUpRing 3\" White Almag35',\n\t    upc: '776113260333',\t\n            page_id_variant: '1',\n        },\n        {\n            name: 'DE2606BF',\n            description: 'Dock Cleat, Flip Up&#x2122;, 6\", Aluminum, Black',\n            upc: '776113260661',\n            page_id_variant: '2',  \n        },\n        {\n            name: 'DE2606PF',\n            description: 'Dock Cleat, Flip Up&#x2122;, 6\", Aluminum, Polished',\n            upc: '776113426067',\n            page_id_variant: '3',   \n        },\n        {\n            name: 'DE2606WF',\n            description: 'Dock Cleat, Flip Up&#x2122;, 6\", White, Almag 35',\n\t    upc: '776113260630',\t\n            page_id_variant: '4',\n        },\n        {\n            name: 'DE2608BF',\n            description: 'Dock Cleat, Flip Up&#x2122;, 8\", Aluminum, Black',\n            upc: '776113260869',\n            page_id_variant: '5',  \n        },\n        {\n            name: 'DE2608PF',\n            description: 'Dock Cleat, Flip Up&#x2122;, 8\", Aluminum, Polished',\n            upc: '776113426081',\n            page_id_variant: '6',   \n        },\n        {\n            name: 'DE2608WF',\n            description: 'Dock Cleat, Flip Up&#x2122;, 8\", White, Almag 35',\n\t    upc: '776113260838',\t\n            page_id_variant: '7',\n    }]\n    },\n      components: {\n    ReviewSnippet: 'pr-reviewsnippet',\n    ReviewDisplay: 'pr-reviewdisplay'\n      }\n    });\n  <\/script><\/p>\n<div id=\"pr-reviewdisplay\"><\/div>\n","protected":false},"excerpt":{"rendered":"<div id=\"pr-reviewsnippet\"><\/div>\n<p><b>CUP<\/b> <br \/>\nFabriqu\u00e9s en aluminium Almag 35 de qualit\u00e9 marine, ils sont recouverts d&rsquo;un rev\u00eatement en poudre blanc ou bruni \u00e0 l&rsquo;aide d&rsquo;un proc\u00e9d\u00e9 sp\u00e9cial pour obtenir une finition m\u00e9tallique traditionnelle. Distinctifs et tr\u00e8s fonctionnels, ils sont disponibles en trois tailles pour r\u00e9pondre \u00e0 tous les besoins. <\/p>\n","protected":false},"featured_media":7568,"template":"","meta":{"_acf_changed":false,"_et_pb_use_builder":"","_et_pb_old_content":"","_et_gb_content_width":""},"product_brand":[],"product_cat":[171],"product_tag":[],"class_list":{"0":"post-8418","1":"product","2":"type-product","3":"status-publish","4":"has-post-thumbnail","6":"product_cat-crampons","8":"first","9":"instock","10":"shipping-taxable","11":"product-type-simple"},"yoast_head":"<!-- This site is optimized with the Yoast SEO plugin v27.0 - https:\/\/yoast.com\/product\/yoast-seo-wordpress\/ -->\n<title>CRAMPONS FLIP-UP\u2122 - Dock Edge+<\/title>\n<meta name=\"robots\" content=\"index, follow, max-snippet:-1, max-image-preview:large, max-video-preview:-1\" \/>\n<link rel=\"canonical\" href=\"https:\/\/dockedge.thinairweb.co\/fr\/produit\/crampons-flip-up\/\" \/>\n<meta property=\"og:locale\" content=\"fr_FR\" \/>\n<meta property=\"og:type\" content=\"article\" \/>\n<meta property=\"og:title\" content=\"CRAMPONS FLIP-UP\u2122 - Dock Edge+\" \/>\n<meta property=\"og:description\" content=\"CUP Fabriqu\u00e9s en aluminium Almag 35 de qualit\u00e9 marine, ils sont recouverts d&#039;un rev\u00eatement en poudre blanc ou bruni \u00e0 l&#039;aide d&#039;un proc\u00e9d\u00e9 sp\u00e9cial pour obtenir une finition m\u00e9tallique traditionnelle. Distinctifs et tr\u00e8s fonctionnels, ils sont disponibles en trois tailles pour r\u00e9pondre \u00e0 tous les besoins.\" \/>\n<meta property=\"og:url\" content=\"https:\/\/dockedge.thinairweb.co\/fr\/produit\/crampons-flip-up\/\" \/>\n<meta property=\"og:site_name\" content=\"Dock Edge+\" \/>\n<meta property=\"og:image\" content=\"https:\/\/dockedge.thinairweb.co\/wp-content\/uploads\/sites\/3\/2018\/04\/Flip_Ups.jpg\" \/>\n\t<meta property=\"og:image:width\" content=\"700\" \/>\n\t<meta property=\"og:image:height\" content=\"313\" \/>\n\t<meta property=\"og:image:type\" content=\"image\/jpeg\" \/>\n<meta name=\"twitter:card\" content=\"summary_large_image\" \/>\n<script type=\"application\/ld+json\" class=\"yoast-schema-graph\">{\"@context\":\"https:\/\/schema.org\",\"@graph\":[{\"@type\":\"WebPage\",\"@id\":\"https:\/\/dockedge.thinairweb.co\/fr\/produit\/crampons-flip-up\/\",\"url\":\"https:\/\/dockedge.thinairweb.co\/fr\/produit\/crampons-flip-up\/\",\"name\":\"CRAMPONS FLIP-UP\u2122 - Dock Edge+\",\"isPartOf\":{\"@id\":\"https:\/\/dockedge.thinairweb.co\/fr\/#website\"},\"primaryImageOfPage\":{\"@id\":\"https:\/\/dockedge.thinairweb.co\/fr\/produit\/crampons-flip-up\/#primaryimage\"},\"image\":{\"@id\":\"https:\/\/dockedge.thinairweb.co\/fr\/produit\/crampons-flip-up\/#primaryimage\"},\"thumbnailUrl\":\"https:\/\/dockedge.thinairweb.co\/wp-content\/uploads\/sites\/3\/2018\/04\/Flip_Ups.jpg\",\"datePublished\":\"2018-04-18T12:52:28+00:00\",\"breadcrumb\":{\"@id\":\"https:\/\/dockedge.thinairweb.co\/fr\/produit\/crampons-flip-up\/#breadcrumb\"},\"inLanguage\":\"fr-FR\",\"potentialAction\":[{\"@type\":\"ReadAction\",\"target\":[\"https:\/\/dockedge.thinairweb.co\/fr\/produit\/crampons-flip-up\/\"]}]},{\"@type\":\"ImageObject\",\"inLanguage\":\"fr-FR\",\"@id\":\"https:\/\/dockedge.thinairweb.co\/fr\/produit\/crampons-flip-up\/#primaryimage\",\"url\":\"https:\/\/dockedge.thinairweb.co\/wp-content\/uploads\/sites\/3\/2018\/04\/Flip_Ups.jpg\",\"contentUrl\":\"https:\/\/dockedge.thinairweb.co\/wp-content\/uploads\/sites\/3\/2018\/04\/Flip_Ups.jpg\",\"width\":700,\"height\":313,\"caption\":\"Flip-up Cleats\"},{\"@type\":\"BreadcrumbList\",\"@id\":\"https:\/\/dockedge.thinairweb.co\/fr\/produit\/crampons-flip-up\/#breadcrumb\",\"itemListElement\":[{\"@type\":\"ListItem\",\"position\":1,\"name\":\"Home\",\"item\":\"https:\/\/dockedge.thinairweb.co\/fr\/\"},{\"@type\":\"ListItem\",\"position\":2,\"name\":\"Boutique\",\"item\":\"https:\/\/dockedge.thinairweb.co\/fr\/boutique\/\"},{\"@type\":\"ListItem\",\"position\":3,\"name\":\"CRAMPONS FLIP-UP\u2122\"}]},{\"@type\":\"WebSite\",\"@id\":\"https:\/\/dockedge.thinairweb.co\/fr\/#website\",\"url\":\"https:\/\/dockedge.thinairweb.co\/fr\/\",\"name\":\"Dock Edge+\",\"description\":\"Your Dock. Your Way.\",\"potentialAction\":[{\"@type\":\"SearchAction\",\"target\":{\"@type\":\"EntryPoint\",\"urlTemplate\":\"https:\/\/dockedge.thinairweb.co\/fr\/?s={search_term_string}\"},\"query-input\":{\"@type\":\"PropertyValueSpecification\",\"valueRequired\":true,\"valueName\":\"search_term_string\"}}],\"inLanguage\":\"fr-FR\"}]}<\/script>\n<!-- \/ Yoast SEO plugin. -->","yoast_head_json":{"title":"CRAMPONS FLIP-UP\u2122 - Dock Edge+","robots":{"index":"index","follow":"follow","max-snippet":"max-snippet:-1","max-image-preview":"max-image-preview:large","max-video-preview":"max-video-preview:-1"},"canonical":"https:\/\/dockedge.thinairweb.co\/fr\/produit\/crampons-flip-up\/","og_locale":"fr_FR","og_type":"article","og_title":"CRAMPONS FLIP-UP\u2122 - Dock Edge+","og_description":"CUP Fabriqu\u00e9s en aluminium Almag 35 de qualit\u00e9 marine, ils sont recouverts d'un rev\u00eatement en poudre blanc ou bruni \u00e0 l'aide d'un proc\u00e9d\u00e9 sp\u00e9cial pour obtenir une finition m\u00e9tallique traditionnelle. Distinctifs et tr\u00e8s fonctionnels, ils sont disponibles en trois tailles pour r\u00e9pondre \u00e0 tous les besoins.","og_url":"https:\/\/dockedge.thinairweb.co\/fr\/produit\/crampons-flip-up\/","og_site_name":"Dock Edge+","og_image":[{"width":700,"height":313,"url":"https:\/\/dockedge.thinairweb.co\/wp-content\/uploads\/sites\/3\/2018\/04\/Flip_Ups.jpg","type":"image\/jpeg"}],"twitter_card":"summary_large_image","schema":{"@context":"https:\/\/schema.org","@graph":[{"@type":"WebPage","@id":"https:\/\/dockedge.thinairweb.co\/fr\/produit\/crampons-flip-up\/","url":"https:\/\/dockedge.thinairweb.co\/fr\/produit\/crampons-flip-up\/","name":"CRAMPONS FLIP-UP\u2122 - Dock Edge+","isPartOf":{"@id":"https:\/\/dockedge.thinairweb.co\/fr\/#website"},"primaryImageOfPage":{"@id":"https:\/\/dockedge.thinairweb.co\/fr\/produit\/crampons-flip-up\/#primaryimage"},"image":{"@id":"https:\/\/dockedge.thinairweb.co\/fr\/produit\/crampons-flip-up\/#primaryimage"},"thumbnailUrl":"https:\/\/dockedge.thinairweb.co\/wp-content\/uploads\/sites\/3\/2018\/04\/Flip_Ups.jpg","datePublished":"2018-04-18T12:52:28+00:00","breadcrumb":{"@id":"https:\/\/dockedge.thinairweb.co\/fr\/produit\/crampons-flip-up\/#breadcrumb"},"inLanguage":"fr-FR","potentialAction":[{"@type":"ReadAction","target":["https:\/\/dockedge.thinairweb.co\/fr\/produit\/crampons-flip-up\/"]}]},{"@type":"ImageObject","inLanguage":"fr-FR","@id":"https:\/\/dockedge.thinairweb.co\/fr\/produit\/crampons-flip-up\/#primaryimage","url":"https:\/\/dockedge.thinairweb.co\/wp-content\/uploads\/sites\/3\/2018\/04\/Flip_Ups.jpg","contentUrl":"https:\/\/dockedge.thinairweb.co\/wp-content\/uploads\/sites\/3\/2018\/04\/Flip_Ups.jpg","width":700,"height":313,"caption":"Flip-up Cleats"},{"@type":"BreadcrumbList","@id":"https:\/\/dockedge.thinairweb.co\/fr\/produit\/crampons-flip-up\/#breadcrumb","itemListElement":[{"@type":"ListItem","position":1,"name":"Home","item":"https:\/\/dockedge.thinairweb.co\/fr\/"},{"@type":"ListItem","position":2,"name":"Boutique","item":"https:\/\/dockedge.thinairweb.co\/fr\/boutique\/"},{"@type":"ListItem","position":3,"name":"CRAMPONS FLIP-UP\u2122"}]},{"@type":"WebSite","@id":"https:\/\/dockedge.thinairweb.co\/fr\/#website","url":"https:\/\/dockedge.thinairweb.co\/fr\/","name":"Dock Edge+","description":"Your Dock. Your Way.","potentialAction":[{"@type":"SearchAction","target":{"@type":"EntryPoint","urlTemplate":"https:\/\/dockedge.thinairweb.co\/fr\/?s={search_term_string}"},"query-input":{"@type":"PropertyValueSpecification","valueRequired":true,"valueName":"search_term_string"}}],"inLanguage":"fr-FR"}]}},"acf":[],"_links":{"self":[{"href":"https:\/\/dockedge.thinairweb.co\/fr\/wp-json\/wp\/v2\/product\/8418","targetHints":{"allow":["GET"]}}],"collection":[{"href":"https:\/\/dockedge.thinairweb.co\/fr\/wp-json\/wp\/v2\/product"}],"about":[{"href":"https:\/\/dockedge.thinairweb.co\/fr\/wp-json\/wp\/v2\/types\/product"}],"wp:featuredmedia":[{"embeddable":true,"href":"https:\/\/dockedge.thinairweb.co\/fr\/wp-json\/wp\/v2\/media\/7568"}],"wp:attachment":[{"href":"https:\/\/dockedge.thinairweb.co\/fr\/wp-json\/wp\/v2\/media?parent=8418"}],"wp:term":[{"taxonomy":"product_brand","embeddable":true,"href":"https:\/\/dockedge.thinairweb.co\/fr\/wp-json\/wp\/v2\/product_brand?post=8418"},{"taxonomy":"product_cat","embeddable":true,"href":"https:\/\/dockedge.thinairweb.co\/fr\/wp-json\/wp\/v2\/product_cat?post=8418"},{"taxonomy":"product_tag","embeddable":true,"href":"https:\/\/dockedge.thinairweb.co\/fr\/wp-json\/wp\/v2\/product_tag?post=8418"}],"curies":[{"name":"wp","href":"https:\/\/api.w.org\/{rel}","templated":true}]}}