{"id":8420,"date":"2018-04-18T12:50:03","date_gmt":"2018-04-18T12:50:03","guid":{"rendered":"https:\/\/dockedge.com\/product\/crampons-classic\/"},"modified":"2018-04-18T12:50:03","modified_gmt":"2018-04-18T12:50:03","slug":"crampons-classic","status":"publish","type":"product","link":"https:\/\/dockedge.thinairweb.co\/fr\/produit\/crampons-classic\/","title":{"rendered":"CRAMPONS CLASSIC\u2122"},"content":{"rendered":"<table id=\"product-table\" border=\"0\" cellspacing=\"0\" cellpadding=\"15\">\n<tbody>\n<tr>\n<th>N\u00b0 de pi\u00e8ce<\/th>\n<th>Description<\/th>\n<\/tr>\n<tr>\n<td>DE2504PF<\/td>\n<td>Taquet d&rsquo;amarrage classique 4.5&Prime;, aluminium Almag 35 poli<\/td>\n<\/tr>\n<tr>\n<td>DE2504WF<\/td>\n<td>Taquet d&rsquo;amarrage classique 4.5&Prime;, aluminium Almag 35 blanc poudr\u00e9<\/td>\n<\/tr>\n<tr>\n<td>DE2506PF<\/td>\n<td>Taquet d&rsquo;amarrage classique 6.5&Prime;, aluminium Almag 35 poli<\/td>\n<\/tr>\n<tr>\n<td>DE2506WF<\/td>\n<td>Taquet d&rsquo;amarrage classique 6.5&Prime;, aluminium Almag 35 blanc poudr\u00e9<\/td>\n<\/tr>\n<tr>\n<td>DE2508PF<\/td>\n<td>Taquet d&rsquo;amarrage classique 8.5&Prime;, aluminium Almag 35 poli<\/td>\n<\/tr>\n<tr>\n<td>DE2508WF<\/td>\n<td>8.5&Prime; Classic Dock Cleat, Aluminium Almag 35 blanc peint par poudrage<\/td>\n<\/tr>\n<tr>\n<td>DE2510WF<\/td>\n<td>Taquet d&rsquo;amarrage classique 10.5&Prime;, aluminium Almag 35 blanc poudr\u00e9<\/td>\n<\/tr>\n<\/tbody>\n<\/table>\n<p><script src=\"\/\/ui.powerreviews.com\/stable\/4.0\/ui.js\"><\/script><\/p>\n<p><script>\n  POWERREVIEWS.display.render({\n      api_key: 'fdb23d80-8310-4409-87f2-2ee20e24a743',\n      locale: 'en_US',\n      merchant_group_id: '78535',\n      merchant_id: '542114',\n      page_id: '2795',\n      review_wrapper_url: 'http:\/\/www.dockedge.com\/write-a-review\/?pr_page_id=___PAGE_ID___',\nstructured_data_product_id : 'http:\/\/www.dockedge.com\/product\/classic-cleats\/',\nproduct:{\n        name: 'CLASSIC&#x2122; CLEATS', \n        url: 'http:\/\/www.dockedge.com\/product\/classic-cleats\/',\n        image_url: 'http:\/\/www.dockedge.com\/wp-content\/uploads\/sites\/3\/2018\/04\/classic-P-W.jpg',\n        description: 'DockCleat 4-1\/2\" Polished Almag35',\n        category_name: 'Cleats',\n        manufacturer_id: 'DE2504PF',\n        upc: '776113425046',\n        brand_name: 'DockEdge',\n        price: '<your_product_price>',\n        in_stock: '<product_in_stock_status>',\n        variants: [{\n            name: 'DE2504WF',\n            description: 'DockCleat 4-1\/2\" White Almag35',\n\t    upc: '776113250433',\t\n            page_id_variant: '1',\n        },\n        {\n            name: 'DE2506PF',\n            description: 'DockCleat 6-1\/2\" Polished Almag35',\n            upc: '776113425060',\n            page_id_variant: '2',  \n        },\n        {\n            name: 'DE2506WF',\n            description: 'DockCleat 6-1\/2\" White Almag35',\n            upc: '776113250631',\n            page_id_variant: '3',   \n        },\n        {\n            name: 'DE2508PF',\n            description: 'DockCleat 8-1\/2\" Polished Almag35',\n\t    upc: '776113425084',\t\n            page_id_variant: '4',\n        },\n        {\n            name: 'DE2508WF',\n            description: 'DockCleat 8-1\/2\" White Almag35',\n            upc: '776113250839',\n            page_id_variant: '5',  \n        },\n        {\n            name: 'DE2510WF',\n            description: 'DockCleat 10-1\/2\" White Almag35',\n            upc: '776113251034',\n            page_id_variant: '6',   \n    }]\n    },\n      components: {\n    ReviewSnippet: 'pr-reviewsnippet',\n    ReviewDisplay: 'pr-reviewdisplay'\n      }\n    });\n  <\/script><\/p>\n<div id=\"pr-reviewdisplay\"><\/div>\n","protected":false},"excerpt":{"rendered":"<div id=\"pr-reviewsnippet\"><\/div>\n<p><b>CUP<\/b> <br \/>\nInd\u00e9niablement le fabricant des meilleurs \u00e9quipements de quai au monde, DockEdge+ est fier de pr\u00e9senter ses CLEATS CLASSIQUES, coul\u00e9s dans un aluminium solide et recouverts d&rsquo;un rev\u00eatement en poudre pour durer. Distinctifs et hautement fonctionnels, ils sont disponibles pour r\u00e9pondre \u00e0 toutes les exigences. <\/p>\n","protected":false},"featured_media":7289,"template":"","meta":{"_acf_changed":false,"_et_pb_use_builder":"","_et_pb_old_content":"","_et_gb_content_width":""},"product_brand":[],"product_cat":[171],"product_tag":[],"class_list":{"0":"post-8420","1":"product","2":"type-product","3":"status-publish","4":"has-post-thumbnail","6":"product_cat-crampons","8":"first","9":"instock","10":"shipping-taxable","11":"product-type-simple"},"yoast_head":"<!-- This site is optimized with the Yoast SEO plugin v27.0 - https:\/\/yoast.com\/product\/yoast-seo-wordpress\/ -->\n<title>CRAMPONS CLASSIC\u2122 - Dock Edge+<\/title>\n<meta name=\"robots\" content=\"index, follow, max-snippet:-1, max-image-preview:large, max-video-preview:-1\" \/>\n<link rel=\"canonical\" href=\"https:\/\/dockedge.thinairweb.co\/fr\/produit\/crampons-classic\/\" \/>\n<meta property=\"og:locale\" content=\"fr_FR\" \/>\n<meta property=\"og:type\" content=\"article\" \/>\n<meta property=\"og:title\" content=\"CRAMPONS CLASSIC\u2122 - Dock Edge+\" \/>\n<meta property=\"og:description\" content=\"CUP Ind\u00e9niablement le fabricant des meilleurs \u00e9quipements de quai au monde, DockEdge+ est fier de pr\u00e9senter ses CLEATS CLASSIQUES, coul\u00e9s dans un aluminium solide et recouverts d&#039;un rev\u00eatement en poudre pour durer. Distinctifs et hautement fonctionnels, ils sont disponibles pour r\u00e9pondre \u00e0 toutes les exigences.\" \/>\n<meta property=\"og:url\" content=\"https:\/\/dockedge.thinairweb.co\/fr\/produit\/crampons-classic\/\" \/>\n<meta property=\"og:site_name\" content=\"Dock Edge+\" \/>\n<meta property=\"og:image\" content=\"https:\/\/dockedge.thinairweb.co\/wp-content\/uploads\/sites\/3\/2018\/04\/classics.jpg\" \/>\n\t<meta property=\"og:image:width\" content=\"700\" \/>\n\t<meta property=\"og:image:height\" content=\"700\" \/>\n\t<meta property=\"og:image:type\" content=\"image\/jpeg\" \/>\n<meta name=\"twitter:card\" content=\"summary_large_image\" \/>\n<script type=\"application\/ld+json\" class=\"yoast-schema-graph\">{\"@context\":\"https:\/\/schema.org\",\"@graph\":[{\"@type\":\"WebPage\",\"@id\":\"https:\/\/dockedge.thinairweb.co\/fr\/produit\/crampons-classic\/\",\"url\":\"https:\/\/dockedge.thinairweb.co\/fr\/produit\/crampons-classic\/\",\"name\":\"CRAMPONS CLASSIC\u2122 - Dock Edge+\",\"isPartOf\":{\"@id\":\"https:\/\/dockedge.thinairweb.co\/fr\/#website\"},\"primaryImageOfPage\":{\"@id\":\"https:\/\/dockedge.thinairweb.co\/fr\/produit\/crampons-classic\/#primaryimage\"},\"image\":{\"@id\":\"https:\/\/dockedge.thinairweb.co\/fr\/produit\/crampons-classic\/#primaryimage\"},\"thumbnailUrl\":\"https:\/\/dockedge.thinairweb.co\/wp-content\/uploads\/sites\/3\/2018\/04\/classics.jpg\",\"datePublished\":\"2018-04-18T12:50:03+00:00\",\"breadcrumb\":{\"@id\":\"https:\/\/dockedge.thinairweb.co\/fr\/produit\/crampons-classic\/#breadcrumb\"},\"inLanguage\":\"fr-FR\",\"potentialAction\":[{\"@type\":\"ReadAction\",\"target\":[\"https:\/\/dockedge.thinairweb.co\/fr\/produit\/crampons-classic\/\"]}]},{\"@type\":\"ImageObject\",\"inLanguage\":\"fr-FR\",\"@id\":\"https:\/\/dockedge.thinairweb.co\/fr\/produit\/crampons-classic\/#primaryimage\",\"url\":\"https:\/\/dockedge.thinairweb.co\/wp-content\/uploads\/sites\/3\/2018\/04\/classics.jpg\",\"contentUrl\":\"https:\/\/dockedge.thinairweb.co\/wp-content\/uploads\/sites\/3\/2018\/04\/classics.jpg\",\"width\":700,\"height\":700,\"caption\":\"Classic Cleats\"},{\"@type\":\"BreadcrumbList\",\"@id\":\"https:\/\/dockedge.thinairweb.co\/fr\/produit\/crampons-classic\/#breadcrumb\",\"itemListElement\":[{\"@type\":\"ListItem\",\"position\":1,\"name\":\"Home\",\"item\":\"https:\/\/dockedge.thinairweb.co\/fr\/\"},{\"@type\":\"ListItem\",\"position\":2,\"name\":\"Boutique\",\"item\":\"https:\/\/dockedge.thinairweb.co\/fr\/boutique\/\"},{\"@type\":\"ListItem\",\"position\":3,\"name\":\"CRAMPONS CLASSIC\u2122\"}]},{\"@type\":\"WebSite\",\"@id\":\"https:\/\/dockedge.thinairweb.co\/fr\/#website\",\"url\":\"https:\/\/dockedge.thinairweb.co\/fr\/\",\"name\":\"Dock Edge+\",\"description\":\"Your Dock. Your Way.\",\"potentialAction\":[{\"@type\":\"SearchAction\",\"target\":{\"@type\":\"EntryPoint\",\"urlTemplate\":\"https:\/\/dockedge.thinairweb.co\/fr\/?s={search_term_string}\"},\"query-input\":{\"@type\":\"PropertyValueSpecification\",\"valueRequired\":true,\"valueName\":\"search_term_string\"}}],\"inLanguage\":\"fr-FR\"}]}<\/script>\n<!-- \/ Yoast SEO plugin. -->","yoast_head_json":{"title":"CRAMPONS CLASSIC\u2122 - Dock Edge+","robots":{"index":"index","follow":"follow","max-snippet":"max-snippet:-1","max-image-preview":"max-image-preview:large","max-video-preview":"max-video-preview:-1"},"canonical":"https:\/\/dockedge.thinairweb.co\/fr\/produit\/crampons-classic\/","og_locale":"fr_FR","og_type":"article","og_title":"CRAMPONS CLASSIC\u2122 - Dock Edge+","og_description":"CUP Ind\u00e9niablement le fabricant des meilleurs \u00e9quipements de quai au monde, DockEdge+ est fier de pr\u00e9senter ses CLEATS CLASSIQUES, coul\u00e9s dans un aluminium solide et recouverts d'un rev\u00eatement en poudre pour durer. Distinctifs et hautement fonctionnels, ils sont disponibles pour r\u00e9pondre \u00e0 toutes les exigences.","og_url":"https:\/\/dockedge.thinairweb.co\/fr\/produit\/crampons-classic\/","og_site_name":"Dock Edge+","og_image":[{"width":700,"height":700,"url":"https:\/\/dockedge.thinairweb.co\/wp-content\/uploads\/sites\/3\/2018\/04\/classics.jpg","type":"image\/jpeg"}],"twitter_card":"summary_large_image","schema":{"@context":"https:\/\/schema.org","@graph":[{"@type":"WebPage","@id":"https:\/\/dockedge.thinairweb.co\/fr\/produit\/crampons-classic\/","url":"https:\/\/dockedge.thinairweb.co\/fr\/produit\/crampons-classic\/","name":"CRAMPONS CLASSIC\u2122 - Dock Edge+","isPartOf":{"@id":"https:\/\/dockedge.thinairweb.co\/fr\/#website"},"primaryImageOfPage":{"@id":"https:\/\/dockedge.thinairweb.co\/fr\/produit\/crampons-classic\/#primaryimage"},"image":{"@id":"https:\/\/dockedge.thinairweb.co\/fr\/produit\/crampons-classic\/#primaryimage"},"thumbnailUrl":"https:\/\/dockedge.thinairweb.co\/wp-content\/uploads\/sites\/3\/2018\/04\/classics.jpg","datePublished":"2018-04-18T12:50:03+00:00","breadcrumb":{"@id":"https:\/\/dockedge.thinairweb.co\/fr\/produit\/crampons-classic\/#breadcrumb"},"inLanguage":"fr-FR","potentialAction":[{"@type":"ReadAction","target":["https:\/\/dockedge.thinairweb.co\/fr\/produit\/crampons-classic\/"]}]},{"@type":"ImageObject","inLanguage":"fr-FR","@id":"https:\/\/dockedge.thinairweb.co\/fr\/produit\/crampons-classic\/#primaryimage","url":"https:\/\/dockedge.thinairweb.co\/wp-content\/uploads\/sites\/3\/2018\/04\/classics.jpg","contentUrl":"https:\/\/dockedge.thinairweb.co\/wp-content\/uploads\/sites\/3\/2018\/04\/classics.jpg","width":700,"height":700,"caption":"Classic Cleats"},{"@type":"BreadcrumbList","@id":"https:\/\/dockedge.thinairweb.co\/fr\/produit\/crampons-classic\/#breadcrumb","itemListElement":[{"@type":"ListItem","position":1,"name":"Home","item":"https:\/\/dockedge.thinairweb.co\/fr\/"},{"@type":"ListItem","position":2,"name":"Boutique","item":"https:\/\/dockedge.thinairweb.co\/fr\/boutique\/"},{"@type":"ListItem","position":3,"name":"CRAMPONS CLASSIC\u2122"}]},{"@type":"WebSite","@id":"https:\/\/dockedge.thinairweb.co\/fr\/#website","url":"https:\/\/dockedge.thinairweb.co\/fr\/","name":"Dock Edge+","description":"Your Dock. Your Way.","potentialAction":[{"@type":"SearchAction","target":{"@type":"EntryPoint","urlTemplate":"https:\/\/dockedge.thinairweb.co\/fr\/?s={search_term_string}"},"query-input":{"@type":"PropertyValueSpecification","valueRequired":true,"valueName":"search_term_string"}}],"inLanguage":"fr-FR"}]}},"acf":[],"_links":{"self":[{"href":"https:\/\/dockedge.thinairweb.co\/fr\/wp-json\/wp\/v2\/product\/8420","targetHints":{"allow":["GET"]}}],"collection":[{"href":"https:\/\/dockedge.thinairweb.co\/fr\/wp-json\/wp\/v2\/product"}],"about":[{"href":"https:\/\/dockedge.thinairweb.co\/fr\/wp-json\/wp\/v2\/types\/product"}],"wp:featuredmedia":[{"embeddable":true,"href":"https:\/\/dockedge.thinairweb.co\/fr\/wp-json\/wp\/v2\/media\/7289"}],"wp:attachment":[{"href":"https:\/\/dockedge.thinairweb.co\/fr\/wp-json\/wp\/v2\/media?parent=8420"}],"wp:term":[{"taxonomy":"product_brand","embeddable":true,"href":"https:\/\/dockedge.thinairweb.co\/fr\/wp-json\/wp\/v2\/product_brand?post=8420"},{"taxonomy":"product_cat","embeddable":true,"href":"https:\/\/dockedge.thinairweb.co\/fr\/wp-json\/wp\/v2\/product_cat?post=8420"},{"taxonomy":"product_tag","embeddable":true,"href":"https:\/\/dockedge.thinairweb.co\/fr\/wp-json\/wp\/v2\/product_tag?post=8420"}],"curies":[{"name":"wp","href":"https:\/\/api.w.org\/{rel}","templated":true}]}}