{"id":8423,"date":"2018-04-17T21:29:14","date_gmt":"2018-04-17T21:29:14","guid":{"rendered":"https:\/\/dockedge.com\/product\/pare-chocs-dangle\/"},"modified":"2018-04-17T21:29:14","modified_gmt":"2018-04-17T21:29:14","slug":"pare-chocs-dangle","status":"publish","type":"product","link":"https:\/\/dockedge.thinairweb.co\/fr\/produit\/pare-chocs-dangle\/","title":{"rendered":"Pare-chocs d&rsquo;angle"},"content":{"rendered":"<table id=\"product-table\" cellpadding=\"15\" cellspacing=\"0\" border=\"0\">\n<tbody>\n<tr>\n<th>N\u00b0 de pi\u00e8ce<\/th>\n<th>Description<\/th>\n<\/tr>\n<tr>\n<td>DE10571F<\/td>\n<td>Butoir d&rsquo;angle 9&Prime; x 9&Prime;, blanc \u2021<\/td>\n<\/tr>\n<tr>\n<td>DE1057BF<\/td>\n<td>Butoir de coin 9&Prime; x 9&Prime;, beige \u2021<\/td>\n<\/tr>\n<tr>\n<td>DE1057EF<\/td>\n<td>Butoir d&rsquo;angle 9&Prime; x 9&Prime;, noir \u2021<\/td>\n<\/tr>\n<tr>\n<td>DE1057GF<\/td>\n<td>Butoir de coin 9&Prime; x 9&Prime;, gris \u2021<\/td>\n<\/tr>\n<tr>\n<td>DE1057NF<\/td>\n<td>Butoir d&rsquo;angle 9&Prime; x 9&Prime;, bleu marine \u2021<\/td>\n<\/tr>\n<\/tbody>\n<\/table>\n<p><script src=\"\/\/ui.powerreviews.com\/stable\/4.0\/ui.js\"><\/script><\/p>\n<p><script>\n  POWERREVIEWS.display.render({\n      api_key: 'fdb23d80-8310-4409-87f2-2ee20e24a743',\n      locale: 'en_US',\n      merchant_group_id: '78535',\n      merchant_id: '542114',\n      page_id: '2739',\n      review_wrapper_url: 'http:\/\/www.dockedge.com\/write-a-review\/?pr_page_id=___PAGE_ID___',\nstructured_data_product_id : 'http:\/\/www.dockedge.com\/product\/corner-bumpers\/',\nproduct:{\n        name: 'Corner Bumpers', \n        url: 'http:\/\/www.dockedge.com\/product\/corner-bumpers\/',\n        image_url: 'http:\/\/www.dockedge.com\/wp-content\/uploads\/sites\/3\/2018\/03\/cornerbumpers1.jpg',\n        description: 'Corner Bumper WH',\n        category_name: 'Corner Protection',\n        manufacturer_id: 'DE10571F',\n        upc: '776113105719',\n        brand_name: 'DockEdge',\n        price: '<your_product_price>',\n        in_stock: '<product_in_stock_status>',\n        variants: [{\n            name: 'DE1057BF',\n            description: 'Corner Bumper BE',\n\t    upc: '776113110577',\t\n            page_id_variant: '1',\n        },\n        {\n            name: 'DE1057EF',\n            description: 'Corner Bumper BK',\n            upc: '776113610572',\n            page_id_variant: '2',  \n        },\n        {\n            name: 'DE1057GF',\n            description: 'Corner Bumper GY',\n            upc: '776113310571',\n            page_id_variant: '3',   \n        },\n        {\n            name: 'DE1057NF',\n            description: 'Corner Bumper NB',\n\t    upc: '776113910573',\t\n            page_id_variant: '4',\n    }]\n    },\n      components: {\n    ReviewSnippet: 'pr-reviewsnippet',\n    ReviewDisplay: 'pr-reviewdisplay'\n      }\n    });\n  <\/script><\/p>\n<div id=\"pr-reviewdisplay\"><\/div>\n","protected":false},"excerpt":{"rendered":"<div id=\"pr-reviewsnippet\"><\/div>\n<p><b>CUP<\/b> <br \/>\nProt\u00e9gez votre navire contre les impacts dommageables avec les coins de quai. Ce pare-chocs rempli d&rsquo;air est fabriqu\u00e9 en vinyle renforc\u00e9 de nylon et comporte une valve d&rsquo;air int\u00e9gr\u00e9e permettant de le gonfler ou de le d\u00e9gonfler si n\u00e9cessaire. <\/p>\n","protected":false},"featured_media":7641,"template":"","meta":{"_acf_changed":false,"_et_pb_use_builder":"","_et_pb_old_content":"","_et_gb_content_width":""},"product_brand":[],"product_cat":[173,169],"product_tag":[],"class_list":{"0":"post-8423","1":"product","2":"type-product","3":"status-publish","4":"has-post-thumbnail","6":"product_cat-protection-des-angles","7":"product_cat-protection-des-quais","9":"first","10":"instock","11":"shipping-taxable","12":"product-type-simple"},"yoast_head":"<!-- This site is optimized with the Yoast SEO plugin v27.0 - https:\/\/yoast.com\/product\/yoast-seo-wordpress\/ -->\n<title>Pare-chocs d&#039;angle - Dock Edge+<\/title>\n<meta name=\"robots\" content=\"index, follow, max-snippet:-1, max-image-preview:large, max-video-preview:-1\" \/>\n<link rel=\"canonical\" href=\"https:\/\/dockedge.thinairweb.co\/fr\/produit\/pare-chocs-dangle\/\" \/>\n<meta property=\"og:locale\" content=\"fr_FR\" \/>\n<meta property=\"og:type\" content=\"article\" \/>\n<meta property=\"og:title\" content=\"Pare-chocs d&#039;angle - Dock Edge+\" \/>\n<meta property=\"og:description\" content=\"CUP Prot\u00e9gez votre navire contre les impacts dommageables avec les coins de quai. Ce pare-chocs rempli d&#039;air est fabriqu\u00e9 en vinyle renforc\u00e9 de nylon et comporte une valve d&#039;air int\u00e9gr\u00e9e permettant de le gonfler ou de le d\u00e9gonfler si n\u00e9cessaire.\" \/>\n<meta property=\"og:url\" content=\"https:\/\/dockedge.thinairweb.co\/fr\/produit\/pare-chocs-dangle\/\" \/>\n<meta property=\"og:site_name\" content=\"Dock Edge+\" \/>\n<meta property=\"og:image\" content=\"https:\/\/dockedge.thinairweb.co\/wp-content\/uploads\/sites\/3\/2018\/04\/cornerbumpers1.jpg\" \/>\n\t<meta property=\"og:image:width\" content=\"700\" \/>\n\t<meta property=\"og:image:height\" content=\"700\" \/>\n\t<meta property=\"og:image:type\" content=\"image\/jpeg\" \/>\n<meta name=\"twitter:card\" content=\"summary_large_image\" \/>\n<script type=\"application\/ld+json\" class=\"yoast-schema-graph\">{\"@context\":\"https:\/\/schema.org\",\"@graph\":[{\"@type\":\"WebPage\",\"@id\":\"https:\/\/dockedge.thinairweb.co\/fr\/produit\/pare-chocs-dangle\/\",\"url\":\"https:\/\/dockedge.thinairweb.co\/fr\/produit\/pare-chocs-dangle\/\",\"name\":\"Pare-chocs d'angle - Dock Edge+\",\"isPartOf\":{\"@id\":\"https:\/\/dockedge.thinairweb.co\/fr\/#website\"},\"primaryImageOfPage\":{\"@id\":\"https:\/\/dockedge.thinairweb.co\/fr\/produit\/pare-chocs-dangle\/#primaryimage\"},\"image\":{\"@id\":\"https:\/\/dockedge.thinairweb.co\/fr\/produit\/pare-chocs-dangle\/#primaryimage\"},\"thumbnailUrl\":\"https:\/\/dockedge.thinairweb.co\/wp-content\/uploads\/sites\/3\/2018\/04\/cornerbumpers1.jpg\",\"datePublished\":\"2018-04-17T21:29:14+00:00\",\"breadcrumb\":{\"@id\":\"https:\/\/dockedge.thinairweb.co\/fr\/produit\/pare-chocs-dangle\/#breadcrumb\"},\"inLanguage\":\"fr-FR\",\"potentialAction\":[{\"@type\":\"ReadAction\",\"target\":[\"https:\/\/dockedge.thinairweb.co\/fr\/produit\/pare-chocs-dangle\/\"]}]},{\"@type\":\"ImageObject\",\"inLanguage\":\"fr-FR\",\"@id\":\"https:\/\/dockedge.thinairweb.co\/fr\/produit\/pare-chocs-dangle\/#primaryimage\",\"url\":\"https:\/\/dockedge.thinairweb.co\/wp-content\/uploads\/sites\/3\/2018\/04\/cornerbumpers1.jpg\",\"contentUrl\":\"https:\/\/dockedge.thinairweb.co\/wp-content\/uploads\/sites\/3\/2018\/04\/cornerbumpers1.jpg\",\"width\":700,\"height\":700,\"caption\":\"Corner Bumpers in assortment of colours\"},{\"@type\":\"BreadcrumbList\",\"@id\":\"https:\/\/dockedge.thinairweb.co\/fr\/produit\/pare-chocs-dangle\/#breadcrumb\",\"itemListElement\":[{\"@type\":\"ListItem\",\"position\":1,\"name\":\"Home\",\"item\":\"https:\/\/dockedge.thinairweb.co\/fr\/\"},{\"@type\":\"ListItem\",\"position\":2,\"name\":\"Boutique\",\"item\":\"https:\/\/dockedge.thinairweb.co\/fr\/boutique\/\"},{\"@type\":\"ListItem\",\"position\":3,\"name\":\"Pare-chocs d&rsquo;angle\"}]},{\"@type\":\"WebSite\",\"@id\":\"https:\/\/dockedge.thinairweb.co\/fr\/#website\",\"url\":\"https:\/\/dockedge.thinairweb.co\/fr\/\",\"name\":\"Dock Edge+\",\"description\":\"Your Dock. Your Way.\",\"potentialAction\":[{\"@type\":\"SearchAction\",\"target\":{\"@type\":\"EntryPoint\",\"urlTemplate\":\"https:\/\/dockedge.thinairweb.co\/fr\/?s={search_term_string}\"},\"query-input\":{\"@type\":\"PropertyValueSpecification\",\"valueRequired\":true,\"valueName\":\"search_term_string\"}}],\"inLanguage\":\"fr-FR\"}]}<\/script>\n<!-- \/ Yoast SEO plugin. -->","yoast_head_json":{"title":"Pare-chocs d'angle - Dock Edge+","robots":{"index":"index","follow":"follow","max-snippet":"max-snippet:-1","max-image-preview":"max-image-preview:large","max-video-preview":"max-video-preview:-1"},"canonical":"https:\/\/dockedge.thinairweb.co\/fr\/produit\/pare-chocs-dangle\/","og_locale":"fr_FR","og_type":"article","og_title":"Pare-chocs d'angle - Dock Edge+","og_description":"CUP Prot\u00e9gez votre navire contre les impacts dommageables avec les coins de quai. Ce pare-chocs rempli d'air est fabriqu\u00e9 en vinyle renforc\u00e9 de nylon et comporte une valve d'air int\u00e9gr\u00e9e permettant de le gonfler ou de le d\u00e9gonfler si n\u00e9cessaire.","og_url":"https:\/\/dockedge.thinairweb.co\/fr\/produit\/pare-chocs-dangle\/","og_site_name":"Dock Edge+","og_image":[{"width":700,"height":700,"url":"https:\/\/dockedge.thinairweb.co\/wp-content\/uploads\/sites\/3\/2018\/04\/cornerbumpers1.jpg","type":"image\/jpeg"}],"twitter_card":"summary_large_image","schema":{"@context":"https:\/\/schema.org","@graph":[{"@type":"WebPage","@id":"https:\/\/dockedge.thinairweb.co\/fr\/produit\/pare-chocs-dangle\/","url":"https:\/\/dockedge.thinairweb.co\/fr\/produit\/pare-chocs-dangle\/","name":"Pare-chocs d'angle - Dock Edge+","isPartOf":{"@id":"https:\/\/dockedge.thinairweb.co\/fr\/#website"},"primaryImageOfPage":{"@id":"https:\/\/dockedge.thinairweb.co\/fr\/produit\/pare-chocs-dangle\/#primaryimage"},"image":{"@id":"https:\/\/dockedge.thinairweb.co\/fr\/produit\/pare-chocs-dangle\/#primaryimage"},"thumbnailUrl":"https:\/\/dockedge.thinairweb.co\/wp-content\/uploads\/sites\/3\/2018\/04\/cornerbumpers1.jpg","datePublished":"2018-04-17T21:29:14+00:00","breadcrumb":{"@id":"https:\/\/dockedge.thinairweb.co\/fr\/produit\/pare-chocs-dangle\/#breadcrumb"},"inLanguage":"fr-FR","potentialAction":[{"@type":"ReadAction","target":["https:\/\/dockedge.thinairweb.co\/fr\/produit\/pare-chocs-dangle\/"]}]},{"@type":"ImageObject","inLanguage":"fr-FR","@id":"https:\/\/dockedge.thinairweb.co\/fr\/produit\/pare-chocs-dangle\/#primaryimage","url":"https:\/\/dockedge.thinairweb.co\/wp-content\/uploads\/sites\/3\/2018\/04\/cornerbumpers1.jpg","contentUrl":"https:\/\/dockedge.thinairweb.co\/wp-content\/uploads\/sites\/3\/2018\/04\/cornerbumpers1.jpg","width":700,"height":700,"caption":"Corner Bumpers in assortment of colours"},{"@type":"BreadcrumbList","@id":"https:\/\/dockedge.thinairweb.co\/fr\/produit\/pare-chocs-dangle\/#breadcrumb","itemListElement":[{"@type":"ListItem","position":1,"name":"Home","item":"https:\/\/dockedge.thinairweb.co\/fr\/"},{"@type":"ListItem","position":2,"name":"Boutique","item":"https:\/\/dockedge.thinairweb.co\/fr\/boutique\/"},{"@type":"ListItem","position":3,"name":"Pare-chocs d&rsquo;angle"}]},{"@type":"WebSite","@id":"https:\/\/dockedge.thinairweb.co\/fr\/#website","url":"https:\/\/dockedge.thinairweb.co\/fr\/","name":"Dock Edge+","description":"Your Dock. Your Way.","potentialAction":[{"@type":"SearchAction","target":{"@type":"EntryPoint","urlTemplate":"https:\/\/dockedge.thinairweb.co\/fr\/?s={search_term_string}"},"query-input":{"@type":"PropertyValueSpecification","valueRequired":true,"valueName":"search_term_string"}}],"inLanguage":"fr-FR"}]}},"acf":[],"_links":{"self":[{"href":"https:\/\/dockedge.thinairweb.co\/fr\/wp-json\/wp\/v2\/product\/8423","targetHints":{"allow":["GET"]}}],"collection":[{"href":"https:\/\/dockedge.thinairweb.co\/fr\/wp-json\/wp\/v2\/product"}],"about":[{"href":"https:\/\/dockedge.thinairweb.co\/fr\/wp-json\/wp\/v2\/types\/product"}],"wp:featuredmedia":[{"embeddable":true,"href":"https:\/\/dockedge.thinairweb.co\/fr\/wp-json\/wp\/v2\/media\/7641"}],"wp:attachment":[{"href":"https:\/\/dockedge.thinairweb.co\/fr\/wp-json\/wp\/v2\/media?parent=8423"}],"wp:term":[{"taxonomy":"product_brand","embeddable":true,"href":"https:\/\/dockedge.thinairweb.co\/fr\/wp-json\/wp\/v2\/product_brand?post=8423"},{"taxonomy":"product_cat","embeddable":true,"href":"https:\/\/dockedge.thinairweb.co\/fr\/wp-json\/wp\/v2\/product_cat?post=8423"},{"taxonomy":"product_tag","embeddable":true,"href":"https:\/\/dockedge.thinairweb.co\/fr\/wp-json\/wp\/v2\/product_tag?post=8423"}],"curies":[{"name":"wp","href":"https:\/\/api.w.org\/{rel}","templated":true}]}}