{"id":8426,"date":"2018-04-17T21:27:35","date_gmt":"2018-04-17T21:27:35","guid":{"rendered":"https:\/\/dockedge.com\/product\/dock-guard\/"},"modified":"2018-04-17T21:27:35","modified_gmt":"2018-04-17T21:27:35","slug":"dock-guard","status":"publish","type":"product","link":"https:\/\/dockedge.thinairweb.co\/fr\/produit\/dock-guard\/","title":{"rendered":"Dock Guard\u2122"},"content":{"rendered":"<table id=\"product-table\" cellpadding=\"15\" cellspacing=\"0\" border=\"0\">\n<tbody>\n<tr>\n<th>N\u00b0 de pi\u00e8ce<\/th>\n<th>Description<\/th>\n<\/tr>\n<tr>\n<td>DE73100F<\/td>\n<td>Kit de butoirs de quai &#8211; comprend (1) 10&Prime; Corner et (2) 17&Prime; Straight, White \u2021<\/td>\n<\/tr>\n<tr>\n<td>DE73103F<\/td>\n<td>Butoir de quai &#8211; 10&Prime;, blanc \u2021<\/td>\n<\/tr>\n<tr>\n<td>DE73104F<\/td>\n<td>Butoir de quai &#8211; 10&Prime;, noir \u2021<\/td>\n<\/tr>\n<tr>\n<td>DE73106F<\/td>\n<td>Butoir de quai droit &#8211; 17&Prime;, blanc \u2021<\/td>\n<\/tr>\n<tr>\n<td>DE73107F<\/td>\n<td>Butoir de quai droit &#8211; 17&Prime;, noir \u2021<\/td>\n<\/tr>\n<\/tbody>\n<\/table>\n<p><script src=\"\/\/ui.powerreviews.com\/stable\/4.0\/ui.js\"><\/script><\/p>\n<p><script>\n  POWERREVIEWS.display.render({\n      api_key: 'fdb23d80-8310-4409-87f2-2ee20e24a743',\n      locale: 'en_US',\n      merchant_group_id: '78535',\n      merchant_id: '542114',\n      page_id: '2738',\n      review_wrapper_url: 'http:\/\/www.dockedge.com\/write-a-review\/?pr_page_id=___PAGE_ID___',\nstructured_data_product_id : 'http:\/\/www.dockedge.com\/product\/dock-guard\/',\nproduct:{\n        name: 'Dock Guard&#x2122;', \n        url: 'http:\/\/www.dockedge.com\/product\/dock-guard\/',\n        image_url: 'http:\/\/www.dockedge.com\/wp-content\/uploads\/sites\/3\/2018\/03\/73-100-F.jpg',\n        description: 'Bumper Kit DockGuard 1 Cnr 2 Straight WH',\n        category_name: 'Dock Bumper Kit',\n        manufacturer_id: 'DE73100F',\n        upc: '776113731000',\n        brand_name: 'DockEdge',\n        price: '<your_product_price>',\n        in_stock: '<product_in_stock_status>',\n        variants: [{\n            name: 'DE73103F',\n            description: 'Dock Bumper Corner DockGuard WH',\n\t    upc: '776113731031',\t\n            page_id_variant: '1',\n        },\n        {\n            name: 'DE73104F',\n            description: 'Dock Bumper Corner DockGuard BK',\n            upc: '776113731048',\n            page_id_variant: '2',  \n        },\n        {\n            name: 'DE73106F',\n            description: 'Dock Bumper Straight DockGuard WH',\n            upc: '776113731062',\n            page_id_variant: '3',   \n        },\n        {\n            name: 'DE73107F',\n            description: 'Dock Bumper Straight DockGuard BK',\n\t    upc: '776113731079',\t\n            page_id_variant: '4',\n    }]\n    },\n      components: {\n    ReviewSnippet: 'pr-reviewsnippet',\n    ReviewDisplay: 'pr-reviewdisplay'\n      }\n    });\n  <\/script><\/p>\n<div id=\"pr-reviewdisplay\"><\/div>\n","protected":false},"excerpt":{"rendered":"<div id=\"pr-reviewsnippet\"><\/div>\n<p><b>CUP<\/b> <br \/>\nCe pare-chocs rotomoul\u00e9 est fabriqu\u00e9 en vinyle souple avec des inhibiteurs d&rsquo;UV et des fongicides. Chaque pi\u00e8ce a des extr\u00e9mit\u00e9s inclin\u00e9es pour d\u00e9vier l&#8217;embarcation et des nervures moul\u00e9es pour plus de solidit\u00e9. Les contours de chaque pi\u00e8ce prot\u00e8gent le dessus ainsi que la face du quai, offrant une excellente protection de l&rsquo;entaille pour les bateaux de p\u00eache et de ski. Se monte facilement en quelques minutes et convient \u00e0 toutes les applications.   <\/p>\n","protected":false},"featured_media":7411,"template":"","meta":{"_acf_changed":false,"_et_pb_use_builder":"","_et_pb_old_content":"","_et_gb_content_width":""},"product_brand":[],"product_cat":[174,169],"product_tag":[],"class_list":{"0":"post-8426","1":"product","2":"type-product","3":"status-publish","4":"has-post-thumbnail","6":"product_cat-kit-de-pare-chocs-de-quai","7":"product_cat-protection-des-quais","9":"first","10":"instock","11":"shipping-taxable","12":"product-type-simple"},"yoast_head":"<!-- This site is optimized with the Yoast SEO plugin v27.0 - https:\/\/yoast.com\/product\/yoast-seo-wordpress\/ -->\n<title>Dock Guard\u2122 - Dock Edge+<\/title>\n<meta name=\"robots\" content=\"index, follow, max-snippet:-1, max-image-preview:large, max-video-preview:-1\" \/>\n<link rel=\"canonical\" href=\"https:\/\/dockedge.thinairweb.co\/fr\/produit\/dock-guard\/\" \/>\n<meta property=\"og:locale\" content=\"fr_FR\" \/>\n<meta property=\"og:type\" content=\"article\" \/>\n<meta property=\"og:title\" content=\"Dock Guard\u2122 - Dock Edge+\" \/>\n<meta property=\"og:description\" content=\"CUP Ce pare-chocs rotomoul\u00e9 est fabriqu\u00e9 en vinyle souple avec des inhibiteurs d&#039;UV et des fongicides. Chaque pi\u00e8ce a des extr\u00e9mit\u00e9s inclin\u00e9es pour d\u00e9vier l&#039;embarcation et des nervures moul\u00e9es pour plus de solidit\u00e9. Les contours de chaque pi\u00e8ce prot\u00e8gent le dessus ainsi que la face du quai, offrant une excellente protection de l&#039;entaille pour les bateaux de p\u00eache et de ski. Se monte facilement en quelques minutes et convient \u00e0 toutes les applications.\" \/>\n<meta property=\"og:url\" content=\"https:\/\/dockedge.thinairweb.co\/fr\/produit\/dock-guard\/\" \/>\n<meta property=\"og:site_name\" content=\"Dock Edge+\" \/>\n<meta property=\"og:image\" content=\"https:\/\/dockedge.thinairweb.co\/wp-content\/uploads\/sites\/3\/2018\/04\/73-100-F.jpg\" \/>\n\t<meta property=\"og:image:width\" content=\"700\" \/>\n\t<meta property=\"og:image:height\" content=\"700\" \/>\n\t<meta property=\"og:image:type\" content=\"image\/jpeg\" \/>\n<meta name=\"twitter:card\" content=\"summary_large_image\" \/>\n<script type=\"application\/ld+json\" class=\"yoast-schema-graph\">{\"@context\":\"https:\/\/schema.org\",\"@graph\":[{\"@type\":\"WebPage\",\"@id\":\"https:\/\/dockedge.thinairweb.co\/fr\/produit\/dock-guard\/\",\"url\":\"https:\/\/dockedge.thinairweb.co\/fr\/produit\/dock-guard\/\",\"name\":\"Dock Guard\u2122 - Dock Edge+\",\"isPartOf\":{\"@id\":\"https:\/\/dockedge.thinairweb.co\/fr\/#website\"},\"primaryImageOfPage\":{\"@id\":\"https:\/\/dockedge.thinairweb.co\/fr\/produit\/dock-guard\/#primaryimage\"},\"image\":{\"@id\":\"https:\/\/dockedge.thinairweb.co\/fr\/produit\/dock-guard\/#primaryimage\"},\"thumbnailUrl\":\"https:\/\/dockedge.thinairweb.co\/wp-content\/uploads\/sites\/3\/2018\/04\/73-100-F.jpg\",\"datePublished\":\"2018-04-17T21:27:35+00:00\",\"breadcrumb\":{\"@id\":\"https:\/\/dockedge.thinairweb.co\/fr\/produit\/dock-guard\/#breadcrumb\"},\"inLanguage\":\"fr-FR\",\"potentialAction\":[{\"@type\":\"ReadAction\",\"target\":[\"https:\/\/dockedge.thinairweb.co\/fr\/produit\/dock-guard\/\"]}]},{\"@type\":\"ImageObject\",\"inLanguage\":\"fr-FR\",\"@id\":\"https:\/\/dockedge.thinairweb.co\/fr\/produit\/dock-guard\/#primaryimage\",\"url\":\"https:\/\/dockedge.thinairweb.co\/wp-content\/uploads\/sites\/3\/2018\/04\/73-100-F.jpg\",\"contentUrl\":\"https:\/\/dockedge.thinairweb.co\/wp-content\/uploads\/sites\/3\/2018\/04\/73-100-F.jpg\",\"width\":700,\"height\":700,\"caption\":\"Dock Guard in white\"},{\"@type\":\"BreadcrumbList\",\"@id\":\"https:\/\/dockedge.thinairweb.co\/fr\/produit\/dock-guard\/#breadcrumb\",\"itemListElement\":[{\"@type\":\"ListItem\",\"position\":1,\"name\":\"Home\",\"item\":\"https:\/\/dockedge.thinairweb.co\/fr\/\"},{\"@type\":\"ListItem\",\"position\":2,\"name\":\"Boutique\",\"item\":\"https:\/\/dockedge.thinairweb.co\/fr\/boutique\/\"},{\"@type\":\"ListItem\",\"position\":3,\"name\":\"Dock Guard\u2122\"}]},{\"@type\":\"WebSite\",\"@id\":\"https:\/\/dockedge.thinairweb.co\/fr\/#website\",\"url\":\"https:\/\/dockedge.thinairweb.co\/fr\/\",\"name\":\"Dock Edge+\",\"description\":\"Your Dock. Your Way.\",\"potentialAction\":[{\"@type\":\"SearchAction\",\"target\":{\"@type\":\"EntryPoint\",\"urlTemplate\":\"https:\/\/dockedge.thinairweb.co\/fr\/?s={search_term_string}\"},\"query-input\":{\"@type\":\"PropertyValueSpecification\",\"valueRequired\":true,\"valueName\":\"search_term_string\"}}],\"inLanguage\":\"fr-FR\"}]}<\/script>\n<!-- \/ Yoast SEO plugin. -->","yoast_head_json":{"title":"Dock Guard\u2122 - Dock Edge+","robots":{"index":"index","follow":"follow","max-snippet":"max-snippet:-1","max-image-preview":"max-image-preview:large","max-video-preview":"max-video-preview:-1"},"canonical":"https:\/\/dockedge.thinairweb.co\/fr\/produit\/dock-guard\/","og_locale":"fr_FR","og_type":"article","og_title":"Dock Guard\u2122 - Dock Edge+","og_description":"CUP Ce pare-chocs rotomoul\u00e9 est fabriqu\u00e9 en vinyle souple avec des inhibiteurs d'UV et des fongicides. Chaque pi\u00e8ce a des extr\u00e9mit\u00e9s inclin\u00e9es pour d\u00e9vier l'embarcation et des nervures moul\u00e9es pour plus de solidit\u00e9. Les contours de chaque pi\u00e8ce prot\u00e8gent le dessus ainsi que la face du quai, offrant une excellente protection de l'entaille pour les bateaux de p\u00eache et de ski. Se monte facilement en quelques minutes et convient \u00e0 toutes les applications.","og_url":"https:\/\/dockedge.thinairweb.co\/fr\/produit\/dock-guard\/","og_site_name":"Dock Edge+","og_image":[{"width":700,"height":700,"url":"https:\/\/dockedge.thinairweb.co\/wp-content\/uploads\/sites\/3\/2018\/04\/73-100-F.jpg","type":"image\/jpeg"}],"twitter_card":"summary_large_image","schema":{"@context":"https:\/\/schema.org","@graph":[{"@type":"WebPage","@id":"https:\/\/dockedge.thinairweb.co\/fr\/produit\/dock-guard\/","url":"https:\/\/dockedge.thinairweb.co\/fr\/produit\/dock-guard\/","name":"Dock Guard\u2122 - Dock Edge+","isPartOf":{"@id":"https:\/\/dockedge.thinairweb.co\/fr\/#website"},"primaryImageOfPage":{"@id":"https:\/\/dockedge.thinairweb.co\/fr\/produit\/dock-guard\/#primaryimage"},"image":{"@id":"https:\/\/dockedge.thinairweb.co\/fr\/produit\/dock-guard\/#primaryimage"},"thumbnailUrl":"https:\/\/dockedge.thinairweb.co\/wp-content\/uploads\/sites\/3\/2018\/04\/73-100-F.jpg","datePublished":"2018-04-17T21:27:35+00:00","breadcrumb":{"@id":"https:\/\/dockedge.thinairweb.co\/fr\/produit\/dock-guard\/#breadcrumb"},"inLanguage":"fr-FR","potentialAction":[{"@type":"ReadAction","target":["https:\/\/dockedge.thinairweb.co\/fr\/produit\/dock-guard\/"]}]},{"@type":"ImageObject","inLanguage":"fr-FR","@id":"https:\/\/dockedge.thinairweb.co\/fr\/produit\/dock-guard\/#primaryimage","url":"https:\/\/dockedge.thinairweb.co\/wp-content\/uploads\/sites\/3\/2018\/04\/73-100-F.jpg","contentUrl":"https:\/\/dockedge.thinairweb.co\/wp-content\/uploads\/sites\/3\/2018\/04\/73-100-F.jpg","width":700,"height":700,"caption":"Dock Guard in white"},{"@type":"BreadcrumbList","@id":"https:\/\/dockedge.thinairweb.co\/fr\/produit\/dock-guard\/#breadcrumb","itemListElement":[{"@type":"ListItem","position":1,"name":"Home","item":"https:\/\/dockedge.thinairweb.co\/fr\/"},{"@type":"ListItem","position":2,"name":"Boutique","item":"https:\/\/dockedge.thinairweb.co\/fr\/boutique\/"},{"@type":"ListItem","position":3,"name":"Dock Guard\u2122"}]},{"@type":"WebSite","@id":"https:\/\/dockedge.thinairweb.co\/fr\/#website","url":"https:\/\/dockedge.thinairweb.co\/fr\/","name":"Dock Edge+","description":"Your Dock. Your Way.","potentialAction":[{"@type":"SearchAction","target":{"@type":"EntryPoint","urlTemplate":"https:\/\/dockedge.thinairweb.co\/fr\/?s={search_term_string}"},"query-input":{"@type":"PropertyValueSpecification","valueRequired":true,"valueName":"search_term_string"}}],"inLanguage":"fr-FR"}]}},"acf":[],"_links":{"self":[{"href":"https:\/\/dockedge.thinairweb.co\/fr\/wp-json\/wp\/v2\/product\/8426","targetHints":{"allow":["GET"]}}],"collection":[{"href":"https:\/\/dockedge.thinairweb.co\/fr\/wp-json\/wp\/v2\/product"}],"about":[{"href":"https:\/\/dockedge.thinairweb.co\/fr\/wp-json\/wp\/v2\/types\/product"}],"wp:featuredmedia":[{"embeddable":true,"href":"https:\/\/dockedge.thinairweb.co\/fr\/wp-json\/wp\/v2\/media\/7411"}],"wp:attachment":[{"href":"https:\/\/dockedge.thinairweb.co\/fr\/wp-json\/wp\/v2\/media?parent=8426"}],"wp:term":[{"taxonomy":"product_brand","embeddable":true,"href":"https:\/\/dockedge.thinairweb.co\/fr\/wp-json\/wp\/v2\/product_brand?post=8426"},{"taxonomy":"product_cat","embeddable":true,"href":"https:\/\/dockedge.thinairweb.co\/fr\/wp-json\/wp\/v2\/product_cat?post=8426"},{"taxonomy":"product_tag","embeddable":true,"href":"https:\/\/dockedge.thinairweb.co\/fr\/wp-json\/wp\/v2\/product_tag?post=8426"}],"curies":[{"name":"wp","href":"https:\/\/api.w.org\/{rel}","templated":true}]}}