{"id":8427,"date":"2018-04-17T21:42:15","date_gmt":"2018-04-17T21:42:15","guid":{"rendered":"https:\/\/dockedge.com\/product\/capuchons-de-pieux-tete-de-cone\/"},"modified":"2018-04-17T21:42:15","modified_gmt":"2018-04-17T21:42:15","slug":"capuchons-de-pieux-tete-de-cone","status":"publish","type":"product","link":"https:\/\/dockedge.thinairweb.co\/fr\/produit\/capuchons-de-pieux-tete-de-cone\/","title":{"rendered":"Capuchons de pieux &#8211; T\u00eate de c\u00f4ne"},"content":{"rendered":"<table id=\"product-table\" border=\"0\" cellspacing=\"0\" cellpadding=\"15\">\n<tbody>\n<tr>\n<th>N\u00b0 de pi\u00e8ce<\/th>\n<th>Description<\/th>\n<\/tr>\n<tr>\n<td>DE91871F<\/td>\n<td>Capuchon de pieu \u00e0 t\u00eate conique 7&Prime;, PP blanc \u2021<\/td>\n<\/tr>\n<tr>\n<td>DE91881F<\/td>\n<td>Capuchon de pieu \u00e0 t\u00eate conique 8&Prime;, PP blanc \u2021<\/td>\n<\/tr>\n<tr>\n<td>DE91891F<\/td>\n<td>Capuchon de pieu \u00e0 t\u00eate conique 9&Prime;, PP blanc \u2021<\/td>\n<\/tr>\n<tr>\n<td>DE91801F<\/td>\n<td>Capuchon de pieu \u00e0 t\u00eate conique 10&Prime;, PP blanc \u2021<\/td>\n<\/tr>\n<tr>\n<td>DE91811F<\/td>\n<td>Capuchon de pieu \u00e0 t\u00eate conique de 11&Prime;, PP blanc \u2021<\/td>\n<\/tr>\n<tr>\n<td>DE91821F<\/td>\n<td>Capuchon de pieu \u00e0 t\u00eate conique 12&Prime;, PP blanc \u2021<\/td>\n<\/tr>\n<tr>\n<td>DE91872F<\/td>\n<td>Capuchon de pieu \u00e0 t\u00eate conique 7&Prime;, PP noir \u2021<\/td>\n<\/tr>\n<tr>\n<td>DE91882F<\/td>\n<td>Capuchon de pieu \u00e0 t\u00eate conique 8&Prime;, PP noir \u2021<\/td>\n<\/tr>\n<tr>\n<td>DE91892F<\/td>\n<td>Capuchon de pieu \u00e0 t\u00eate conique 9&Prime;, PP noir \u2021<\/td>\n<\/tr>\n<tr>\n<td>DE91802F<\/td>\n<td>Capuchon de pieu \u00e0 t\u00eate conique 10&Prime;, PP noir \u2021<\/td>\n<\/tr>\n<tr>\n<td>DE91812F<\/td>\n<td>Capuchon de pieu \u00e0 t\u00eate conique 11&Prime;, PP noir \u2021<\/td>\n<\/tr>\n<tr>\n<td>DE91822F<\/td>\n<td>Capuchon de pieu \u00e0 t\u00eate conique 12&Prime;, PP noir \u2021<\/td>\n<\/tr>\n<\/tbody>\n<\/table>\n<p><script src=\"\/\/ui.powerreviews.com\/stable\/4.0\/ui.js\"><\/script><\/p>\n<p><script>\n  POWERREVIEWS.display.render({\n      api_key: 'fdb23d80-8310-4409-87f2-2ee20e24a743',\n      locale: 'en_US',\n      merchant_group_id: '78535',\n      merchant_id: '542114',\n      page_id: '2745',\n      review_wrapper_url: 'http:\/\/www.dockedge.com\/write-a-review\/?pr_page_id=___PAGE_ID___',\nstructured_data_product_id : 'http:\/\/www.dockedge.com\/product\/piling-caps-cone-head\/',\nproduct:{\n        name: 'Piling Caps \u2013 Cone Head',\n        url: 'http:\/\/www.dockedge.com\/product\/piling-caps-cone-head\/',\n        image_url: 'http:\/\/www.dockedge.com\/wp-content\/uploads\/sites\/3\/2018\/04\/PilingCaps.jpg',\n        description: 'Piling Cap 7\" Cone Head White PP',\n        category_name: 'Piling Caps',\n        manufacturer_id: 'DE91871F',\n        upc: '776113918715',\n        brand_name: 'DockEdge',\n        price: '<your_product_price>',\n        in_stock: '<product_in_stock_status>',\n        variants: [{\n            name: 'DE91881F',\n            description: 'Piling Cap 8\" Cone Head White PP',\n\t    upc: '776113918814',\t\n            page_id_variant: '1',\n        },\n        {\n            name: 'DE91891F',\n            description: 'Piling Cap 9\" Cone Head White PP',\n            upc: '776113918913',\n            page_id_variant: '2',  \n        },\n        {\n            name: 'DE91801F',\n            description: 'Piling Cap 10\" Cone Head White PP',\n            upc: '776113918012',\n            page_id_variant: '3',   \n        },\n        {\n            name: 'DE91811F',\n            description: 'Piling Cap 11\" Cone Head White PP',\n\t    upc: '776113918111',\t\n            page_id_variant: '4',\n        },\n        {\n            name: 'DE91821F',\n            description: 'Piling Cap 12\" Cone Head White PP',\n            upc: '776113918210',\n            page_id_variant: '5',  \n        },\n        {\n            name: 'DE91872F',\n            description: 'Piling Cap 7\" Cone Head Black PP',\n            upc: '776113918722',\n            page_id_variant: '6',   \n        },\n        {\n            name: 'DE91882F',\n            description: 'Piling Cap 8\" Cone Head Black PP',\n\t    upc: '776113918821',\t\n            page_id_variant: '7',\n        },\n        {\n            name: 'DE91892F',\n            description: 'Piling Cap 9\" Cone Head Black PP',\n            upc: '776113918920',\n            page_id_variant: '8',  \n        },\n        {\n            name: 'DE91802F',\n            description: 'Piling Cap 10\" Cone Head Black PP',\n            upc: '776113918029',\n            page_id_variant: '9',   \n        },\n        {\n            name: 'DE91812F',\n            description: '<Piling Cap 11\" Cone Head Black PP',\n\t    upc: '776113918128',\t\n            page_id_variant: '10',\n        },\n        {\n            name: 'DE91822F',\n            description: 'Piling Cap 12\" Cone Head Black PP',\n\t    upc: '776113918227',\t\n            page_id_variant: '11',\n        }]\n        },\n          components: {\n        ReviewSnippet: 'pr-reviewsnippet',\n        ReviewDisplay: 'pr-reviewdisplay'\n          }\n        });\n<\/script><\/p>\n<div id=\"pr-reviewdisplay\"><\/div>\n","protected":false},"excerpt":{"rendered":"<div id=\"pr-reviewsnippet\"><\/div>\n<p><b>CUP<\/b> <br \/>\nProt\u00e9gez le sommet des pilotis contre les \u00e9chardes et les intemp\u00e9ries. Ces capuchons de pieux attrayants et fonctionnels sont moul\u00e9s par injection en polypropyl\u00e8ne et donneront \u00e0 vos amarrages un aspect fini tout en aidant \u00e0 pr\u00e9venir les d\u00e9g\u00e2ts inesth\u00e9tiques caus\u00e9s par les oiseaux de rivage. Disponibles en 6 tailles et deux couleurs compl\u00e9mentaires pour votre amarrage.  <\/p>\n","protected":false},"featured_media":7355,"template":"","meta":{"_acf_changed":false,"_et_pb_use_builder":"off","_et_pb_old_content":"<table id=\"product-table\" border=\"0\" cellspacing=\"0\" cellpadding=\"15\">\n<tbody>\n<tr>\n<th>N\u00b0 de pi\u00e8ce<\/th>\n<th>Description<\/th>\n<\/tr>\n<tr>\n<td>DE91871F<\/td>\n<td>Capuchon de battage 7\" \u00e0 t\u00eate conique, PVC blanc<\/td>\n<\/tr>\n<tr>\n<td>DE91881F<\/td>\n<td>Capuchon de battage 8\" \u00e0 t\u00eate conique, PVC blanc<\/td>\n<\/tr>\n<tr>\n<td>DE91891F<\/td>\n<td>Capuchon de battage 9\" \u00e0 t\u00eate conique, PVC blanc<\/td>\n<\/tr>\n<tr>\n<td>DE91801F<\/td>\n<td>Capuchon de battage \u00e0 t\u00eate conique 10\", PVC blanc<\/td>\n<\/tr>\n<tr>\n<td>DE91811F<\/td>\n<td>Capuchon de battage 11\" \u00e0 t\u00eate conique, PVC blanc<\/td>\n<\/tr>\n<tr>\n<td>DE91821F<\/td>\n<td>Capuchon de battage 12\" \u00e0 t\u00eate conique, PVC blanc<\/td>\n<\/tr>\n<tr>\n<td>DE91872F<\/td>\n<td>Capuchon de battage 7\" \u00e0 t\u00eate conique, PVC noir<\/td>\n<\/tr>\n<tr>\n<td>DE91882F<\/td>\n<td>Capuchon de battage 8\" \u00e0 t\u00eate conique, PVC noir<\/td>\n<\/tr>\n<tr>\n<td>DE91892F<\/td>\n<td>Capuchon de battage 9\" \u00e0 t\u00eate conique, PVC noir<\/td>\n<\/tr>\n<tr>\n<td>DE91802F<\/td>\n<td>Capuchon de battage \u00e0 t\u00eate conique 10\", PVC noir<\/td>\n<\/tr>\n<tr>\n<td>DE91812F<\/td>\n<td>Capuchon de battage 11\" \u00e0 t\u00eate conique, PVC noir<\/td>\n<\/tr>\n<tr>\n<td>DE91822F<\/td>\n<td>Capuchon de battage 12\" \u00e0 t\u00eate conique, PVC noir<\/td>\n<\/tr>\n<\/tbody>\n<\/table>\n\n<script src=\"\/\/ui.powerreviews.com\/stable\/4.0\/ui.js\"><\/script>\n\n<script>\n  POWERREVIEWS.display.render({\n      api_key: 'fdb23d80-8310-4409-87f2-2ee20e24a743',\n      locale: 'en_US',\n      merchant_group_id: '78535',\n      merchant_id: '542114',\n      page_id: '2745',\n      review_wrapper_url: 'http:\/\/www.dockedge.com\/write-a-review\/?pr_page_id=___PAGE_ID___',\nstructured_data_product_id : 'http:\/\/www.dockedge.com\/product\/piling-caps-cone-head\/',\nproduct:{\n        name: 'Piling Caps \u2013 Cone Head', \n        url: 'http:\/\/www.dockedge.com\/product\/piling-caps-cone-head\/',\n        image_url: 'http:\/\/www.dockedge.com\/wp-content\/uploads\/sites\/3\/2018\/04\/PilingCaps.jpg',\n        description: 'PilingCap 7\" ConeHead White PVC',\n        category_name: 'Piling Caps',\n        manufacturer_id: 'DE91871F',\n        upc: '776113918715',\n        brand_name: 'Dockedge',\n        price: '<your_product_price>',\n        in_stock: '<product_in_stock_status>',\n    },\n      components: {\n    ReviewSnippet: 'pr-reviewsnippet',\n    ReviewDisplay: 'pr-reviewdisplay'\n      }\n    });\n  <\/script>\n\n<div id=\"pr-reviewdisplay\"><\/div>","_et_gb_content_width":""},"product_brand":[],"product_cat":[150,175],"product_tag":[],"class_list":{"0":"post-8427","1":"product","2":"type-product","3":"status-publish","4":"has-post-thumbnail","6":"product_cat-accessoires-de-quai","7":"product_cat-capuchons-de-pieux","9":"first","10":"instock","11":"shipping-taxable","12":"product-type-simple"},"yoast_head":"<!-- This site is optimized with the Yoast SEO plugin v27.0 - https:\/\/yoast.com\/product\/yoast-seo-wordpress\/ -->\n<title>Capuchons de pieux - T\u00eate de c\u00f4ne - Dock Edge+<\/title>\n<meta name=\"robots\" content=\"index, follow, max-snippet:-1, max-image-preview:large, max-video-preview:-1\" \/>\n<link rel=\"canonical\" href=\"https:\/\/dockedge.thinairweb.co\/fr\/produit\/capuchons-de-pieux-tete-de-cone\/\" \/>\n<meta property=\"og:locale\" content=\"fr_FR\" \/>\n<meta property=\"og:type\" content=\"article\" \/>\n<meta property=\"og:title\" content=\"Capuchons de pieux - T\u00eate de c\u00f4ne - Dock Edge+\" \/>\n<meta property=\"og:description\" content=\"CUP Prot\u00e9gez le sommet des pilotis contre les \u00e9chardes et les intemp\u00e9ries. Ces capuchons de pieux attrayants et fonctionnels sont moul\u00e9s par injection en polypropyl\u00e8ne et donneront \u00e0 vos amarrages un aspect fini tout en aidant \u00e0 pr\u00e9venir les d\u00e9g\u00e2ts inesth\u00e9tiques caus\u00e9s par les oiseaux de rivage. Disponibles en 6 tailles et deux couleurs compl\u00e9mentaires pour votre amarrage.\" \/>\n<meta property=\"og:url\" content=\"https:\/\/dockedge.thinairweb.co\/fr\/produit\/capuchons-de-pieux-tete-de-cone\/\" \/>\n<meta property=\"og:site_name\" content=\"Dock Edge+\" \/>\n<meta property=\"og:image\" content=\"https:\/\/dockedge.thinairweb.co\/wp-content\/uploads\/sites\/3\/2018\/04\/PilingCapsCone.jpg\" \/>\n\t<meta property=\"og:image:width\" content=\"700\" \/>\n\t<meta property=\"og:image:height\" content=\"700\" \/>\n\t<meta property=\"og:image:type\" content=\"image\/jpeg\" \/>\n<meta name=\"twitter:card\" content=\"summary_large_image\" \/>\n<meta name=\"twitter:label1\" content=\"Dur\u00e9e de lecture estim\u00e9e\" \/>\n\t<meta name=\"twitter:data1\" content=\"1 minute\" \/>\n<script type=\"application\/ld+json\" class=\"yoast-schema-graph\">{\"@context\":\"https:\/\/schema.org\",\"@graph\":[{\"@type\":\"WebPage\",\"@id\":\"https:\/\/dockedge.thinairweb.co\/fr\/produit\/capuchons-de-pieux-tete-de-cone\/\",\"url\":\"https:\/\/dockedge.thinairweb.co\/fr\/produit\/capuchons-de-pieux-tete-de-cone\/\",\"name\":\"Capuchons de pieux - T\u00eate de c\u00f4ne - Dock Edge+\",\"isPartOf\":{\"@id\":\"https:\/\/dockedge.thinairweb.co\/fr\/#website\"},\"primaryImageOfPage\":{\"@id\":\"https:\/\/dockedge.thinairweb.co\/fr\/produit\/capuchons-de-pieux-tete-de-cone\/#primaryimage\"},\"image\":{\"@id\":\"https:\/\/dockedge.thinairweb.co\/fr\/produit\/capuchons-de-pieux-tete-de-cone\/#primaryimage\"},\"thumbnailUrl\":\"https:\/\/dockedge.thinairweb.co\/wp-content\/uploads\/sites\/3\/2018\/04\/PilingCapsCone.jpg\",\"datePublished\":\"2018-04-17T21:42:15+00:00\",\"breadcrumb\":{\"@id\":\"https:\/\/dockedge.thinairweb.co\/fr\/produit\/capuchons-de-pieux-tete-de-cone\/#breadcrumb\"},\"inLanguage\":\"fr-FR\",\"potentialAction\":[{\"@type\":\"ReadAction\",\"target\":[\"https:\/\/dockedge.thinairweb.co\/fr\/produit\/capuchons-de-pieux-tete-de-cone\/\"]}]},{\"@type\":\"ImageObject\",\"inLanguage\":\"fr-FR\",\"@id\":\"https:\/\/dockedge.thinairweb.co\/fr\/produit\/capuchons-de-pieux-tete-de-cone\/#primaryimage\",\"url\":\"https:\/\/dockedge.thinairweb.co\/wp-content\/uploads\/sites\/3\/2018\/04\/PilingCapsCone.jpg\",\"contentUrl\":\"https:\/\/dockedge.thinairweb.co\/wp-content\/uploads\/sites\/3\/2018\/04\/PilingCapsCone.jpg\",\"width\":700,\"height\":700,\"caption\":\"Piling caps - Cone Head in black and white\"},{\"@type\":\"BreadcrumbList\",\"@id\":\"https:\/\/dockedge.thinairweb.co\/fr\/produit\/capuchons-de-pieux-tete-de-cone\/#breadcrumb\",\"itemListElement\":[{\"@type\":\"ListItem\",\"position\":1,\"name\":\"Home\",\"item\":\"https:\/\/dockedge.thinairweb.co\/fr\/\"},{\"@type\":\"ListItem\",\"position\":2,\"name\":\"Boutique\",\"item\":\"https:\/\/dockedge.thinairweb.co\/fr\/boutique\/\"},{\"@type\":\"ListItem\",\"position\":3,\"name\":\"Capuchons de pieux &#8211; T\u00eate de c\u00f4ne\"}]},{\"@type\":\"WebSite\",\"@id\":\"https:\/\/dockedge.thinairweb.co\/fr\/#website\",\"url\":\"https:\/\/dockedge.thinairweb.co\/fr\/\",\"name\":\"Dock Edge+\",\"description\":\"Your Dock. Your Way.\",\"potentialAction\":[{\"@type\":\"SearchAction\",\"target\":{\"@type\":\"EntryPoint\",\"urlTemplate\":\"https:\/\/dockedge.thinairweb.co\/fr\/?s={search_term_string}\"},\"query-input\":{\"@type\":\"PropertyValueSpecification\",\"valueRequired\":true,\"valueName\":\"search_term_string\"}}],\"inLanguage\":\"fr-FR\"}]}<\/script>\n<!-- \/ Yoast SEO plugin. -->","yoast_head_json":{"title":"Capuchons de pieux - T\u00eate de c\u00f4ne - Dock Edge+","robots":{"index":"index","follow":"follow","max-snippet":"max-snippet:-1","max-image-preview":"max-image-preview:large","max-video-preview":"max-video-preview:-1"},"canonical":"https:\/\/dockedge.thinairweb.co\/fr\/produit\/capuchons-de-pieux-tete-de-cone\/","og_locale":"fr_FR","og_type":"article","og_title":"Capuchons de pieux - T\u00eate de c\u00f4ne - Dock Edge+","og_description":"CUP Prot\u00e9gez le sommet des pilotis contre les \u00e9chardes et les intemp\u00e9ries. Ces capuchons de pieux attrayants et fonctionnels sont moul\u00e9s par injection en polypropyl\u00e8ne et donneront \u00e0 vos amarrages un aspect fini tout en aidant \u00e0 pr\u00e9venir les d\u00e9g\u00e2ts inesth\u00e9tiques caus\u00e9s par les oiseaux de rivage. Disponibles en 6 tailles et deux couleurs compl\u00e9mentaires pour votre amarrage.","og_url":"https:\/\/dockedge.thinairweb.co\/fr\/produit\/capuchons-de-pieux-tete-de-cone\/","og_site_name":"Dock Edge+","og_image":[{"width":700,"height":700,"url":"https:\/\/dockedge.thinairweb.co\/wp-content\/uploads\/sites\/3\/2018\/04\/PilingCapsCone.jpg","type":"image\/jpeg"}],"twitter_card":"summary_large_image","twitter_misc":{"Dur\u00e9e de lecture estim\u00e9e":"1 minute"},"schema":{"@context":"https:\/\/schema.org","@graph":[{"@type":"WebPage","@id":"https:\/\/dockedge.thinairweb.co\/fr\/produit\/capuchons-de-pieux-tete-de-cone\/","url":"https:\/\/dockedge.thinairweb.co\/fr\/produit\/capuchons-de-pieux-tete-de-cone\/","name":"Capuchons de pieux - T\u00eate de c\u00f4ne - Dock Edge+","isPartOf":{"@id":"https:\/\/dockedge.thinairweb.co\/fr\/#website"},"primaryImageOfPage":{"@id":"https:\/\/dockedge.thinairweb.co\/fr\/produit\/capuchons-de-pieux-tete-de-cone\/#primaryimage"},"image":{"@id":"https:\/\/dockedge.thinairweb.co\/fr\/produit\/capuchons-de-pieux-tete-de-cone\/#primaryimage"},"thumbnailUrl":"https:\/\/dockedge.thinairweb.co\/wp-content\/uploads\/sites\/3\/2018\/04\/PilingCapsCone.jpg","datePublished":"2018-04-17T21:42:15+00:00","breadcrumb":{"@id":"https:\/\/dockedge.thinairweb.co\/fr\/produit\/capuchons-de-pieux-tete-de-cone\/#breadcrumb"},"inLanguage":"fr-FR","potentialAction":[{"@type":"ReadAction","target":["https:\/\/dockedge.thinairweb.co\/fr\/produit\/capuchons-de-pieux-tete-de-cone\/"]}]},{"@type":"ImageObject","inLanguage":"fr-FR","@id":"https:\/\/dockedge.thinairweb.co\/fr\/produit\/capuchons-de-pieux-tete-de-cone\/#primaryimage","url":"https:\/\/dockedge.thinairweb.co\/wp-content\/uploads\/sites\/3\/2018\/04\/PilingCapsCone.jpg","contentUrl":"https:\/\/dockedge.thinairweb.co\/wp-content\/uploads\/sites\/3\/2018\/04\/PilingCapsCone.jpg","width":700,"height":700,"caption":"Piling caps - Cone Head in black and white"},{"@type":"BreadcrumbList","@id":"https:\/\/dockedge.thinairweb.co\/fr\/produit\/capuchons-de-pieux-tete-de-cone\/#breadcrumb","itemListElement":[{"@type":"ListItem","position":1,"name":"Home","item":"https:\/\/dockedge.thinairweb.co\/fr\/"},{"@type":"ListItem","position":2,"name":"Boutique","item":"https:\/\/dockedge.thinairweb.co\/fr\/boutique\/"},{"@type":"ListItem","position":3,"name":"Capuchons de pieux &#8211; T\u00eate de c\u00f4ne"}]},{"@type":"WebSite","@id":"https:\/\/dockedge.thinairweb.co\/fr\/#website","url":"https:\/\/dockedge.thinairweb.co\/fr\/","name":"Dock Edge+","description":"Your Dock. Your Way.","potentialAction":[{"@type":"SearchAction","target":{"@type":"EntryPoint","urlTemplate":"https:\/\/dockedge.thinairweb.co\/fr\/?s={search_term_string}"},"query-input":{"@type":"PropertyValueSpecification","valueRequired":true,"valueName":"search_term_string"}}],"inLanguage":"fr-FR"}]}},"acf":[],"_links":{"self":[{"href":"https:\/\/dockedge.thinairweb.co\/fr\/wp-json\/wp\/v2\/product\/8427","targetHints":{"allow":["GET"]}}],"collection":[{"href":"https:\/\/dockedge.thinairweb.co\/fr\/wp-json\/wp\/v2\/product"}],"about":[{"href":"https:\/\/dockedge.thinairweb.co\/fr\/wp-json\/wp\/v2\/types\/product"}],"wp:featuredmedia":[{"embeddable":true,"href":"https:\/\/dockedge.thinairweb.co\/fr\/wp-json\/wp\/v2\/media\/7355"}],"wp:attachment":[{"href":"https:\/\/dockedge.thinairweb.co\/fr\/wp-json\/wp\/v2\/media?parent=8427"}],"wp:term":[{"taxonomy":"product_brand","embeddable":true,"href":"https:\/\/dockedge.thinairweb.co\/fr\/wp-json\/wp\/v2\/product_brand?post=8427"},{"taxonomy":"product_cat","embeddable":true,"href":"https:\/\/dockedge.thinairweb.co\/fr\/wp-json\/wp\/v2\/product_cat?post=8427"},{"taxonomy":"product_tag","embeddable":true,"href":"https:\/\/dockedge.thinairweb.co\/fr\/wp-json\/wp\/v2\/product_tag?post=8427"}],"curies":[{"name":"wp","href":"https:\/\/api.w.org\/{rel}","templated":true}]}}