{"id":8428,"date":"2018-04-17T21:25:05","date_gmt":"2018-04-17T21:25:05","guid":{"rendered":"https:\/\/dockedge.com\/product\/dockside\/"},"modified":"2018-04-17T21:25:05","modified_gmt":"2018-04-17T21:25:05","slug":"dockside","status":"publish","type":"product","link":"https:\/\/dockedge.thinairweb.co\/fr\/produit\/dockside\/","title":{"rendered":"DOCKSIDE\u2122"},"content":{"rendered":"<table id=\"product-table\" cellpadding=\"15\" cellspacing=\"0\" border=\"0\">\n<tbody>\n<tr>\n<th>N\u00b0 de pi\u00e8ce<\/th>\n<th>Description<\/th>\n<\/tr>\n<tr>\n<td>DE1060WF<\/td>\n<td>Butoir de quai DockSide\u2122 7&Prime; x 16&Prime;, blanc \u2021<\/td>\n<\/tr>\n<tr>\n<td>DE1062WF<\/td>\n<td>Butoir de quai DockSide\u2122 8,5&Prime; x 24&Prime;, blanc \u2021<\/td>\n<\/tr>\n<tr>\n<td>DE1064WF<\/td>\n<td>12&Prime; x 12&Prime; DockSide\u2122 Coin de butoir de quai, blanc \u2021<\/td>\n<\/tr>\n<tr>\n<td>DE1060EF<\/td>\n<td>Butoir de quai DockSide\u2122 7&Prime; x 16&Prime;, noir \u2021<\/td>\n<\/tr>\n<tr>\n<td>DE1062EF<\/td>\n<td>Butoir de quai DockSide\u2122 8,5&Prime; x 24&Prime;, noir \u2021<\/td>\n<\/tr>\n<\/tbody>\n<\/table>\n<p><script src=\"\/\/ui.powerreviews.com\/stable\/4.0\/ui.js\"><\/script><\/p>\n<p><script>\n  POWERREVIEWS.display.render({\n      api_key: 'fdb23d80-8310-4409-87f2-2ee20e24a743',\n      locale: 'en_US',\n      merchant_group_id: '78535',\n      merchant_id: '542114',\n      page_id: '2737',\n      review_wrapper_url: 'http:\/\/www.dockedge.com\/write-a-review\/?pr_page_id=___PAGE_ID___',\nstructured_data_product_id : 'http:\/\/www.dockedge.com\/product\/dockside\/',\nproduct:{\n        name: 'DOCKSIDE&#x2122;', \n        url: 'http:\/\/www.dockedge.com\/product\/dockside\/',\n        image_url: 'http:\/\/www.dockedge.com\/wp-content\/uploads\/sites\/3\/2018\/03\/DockSide.jpg',\n        description: 'Dock-Side DockBumper 7x16 WH',\n        category_name: 'Dockside Bumpers',\n        manufacturer_id: 'DE1060WF',\n        upc: '776113106013',\n        brand_name: 'DockEdge',\n        price: '<your_product_price>',\n        in_stock: '<product_in_stock_status>',\n        variants: [{\n            name: 'DE1062WF',\n            description: 'Dock-Side DockBumper 8.5x24 WH',\n\t    upc: '776113106211',\t\n            page_id_variant: '1',\n        },\n        {\n            name: 'DE1064WF',\n            description: 'Dock-Side Dock Bumper Corner 12x12 WH',\n            upc: '776113106419',\n            page_id_variant: '2',  \n        },\n        {\n            name: 'DE1060EF',\n            description: 'Dock-Side DockBumper 7x16 BK',\n            upc: '776113998588',\n            page_id_variant: '3',   \n        },\n        {\n            name: 'DE1062EF',\n            description: 'Dock-Side DockBumper 8.5x24 BK',\n            upc: '776113998571',\t\n            page_id_variant: '4',\n    }]\n    },\n      components: {\n    ReviewSnippet: 'pr-reviewsnippet',\n    ReviewDisplay: 'pr-reviewdisplay'\n      }\n    });\n  <\/script><\/p>\n<div id=\"pr-reviewdisplay\"><\/div>\n","protected":false},"excerpt":{"rendered":"<div id=\"pr-reviewsnippet\"><\/div>\n<p><b>CUP<\/b> <\/p>\n<ul>\n<li>Le nec plus ultra en mati\u00e8re de protection contre les chocs violents<\/li>\n<li>PVC moul\u00e9 \u00e0 paroi \u00e9paisse, robuste et rempli d&rsquo;air, avec valve de gonflage int\u00e9gr\u00e9e.<\/li>\n<li>Extr\u00e9mit\u00e9s inclin\u00e9es pour d\u00e9vier l&#8217;embarcation<\/li>\n<li>Utilisez les pare-chocs droits par paires pour former les angles int\u00e9rieurs.<\/li>\n<li>Excellente protection de l&rsquo;entonnoir<\/li>\n<\/ul>\n","protected":false},"featured_media":7409,"template":"","meta":{"_acf_changed":false,"_et_pb_use_builder":"","_et_pb_old_content":"","_et_gb_content_width":""},"product_brand":[],"product_cat":[176],"product_tag":[],"class_list":{"0":"post-8428","1":"product","2":"type-product","3":"status-publish","4":"has-post-thumbnail","6":"product_cat-pare-chocs-a-quai","8":"first","9":"instock","10":"shipping-taxable","11":"product-type-simple"},"yoast_head":"<!-- This site is optimized with the Yoast SEO plugin v27.0 - https:\/\/yoast.com\/product\/yoast-seo-wordpress\/ -->\n<title>DOCKSIDE\u2122 - Dock Edge+<\/title>\n<meta name=\"robots\" content=\"index, follow, max-snippet:-1, max-image-preview:large, max-video-preview:-1\" \/>\n<link rel=\"canonical\" href=\"https:\/\/dockedge.thinairweb.co\/fr\/produit\/dockside\/\" \/>\n<meta property=\"og:locale\" content=\"fr_FR\" \/>\n<meta property=\"og:type\" content=\"article\" \/>\n<meta property=\"og:title\" content=\"DOCKSIDE\u2122 - Dock Edge+\" \/>\n<meta property=\"og:description\" content=\"CUP   Le nec plus ultra en mati\u00e8re de protection contre les chocs violents  PVC moul\u00e9 \u00e0 paroi \u00e9paisse, robuste et rempli d&#039;air, avec valve de gonflage int\u00e9gr\u00e9e.  Extr\u00e9mit\u00e9s inclin\u00e9es pour d\u00e9vier l&#039;embarcation  Utilisez les pare-chocs droits par paires pour former les angles int\u00e9rieurs.  Excellente protection de l&#039;entonnoir\" \/>\n<meta property=\"og:url\" content=\"https:\/\/dockedge.thinairweb.co\/fr\/produit\/dockside\/\" \/>\n<meta property=\"og:site_name\" content=\"Dock Edge+\" \/>\n<meta property=\"og:image\" content=\"https:\/\/dockedge.thinairweb.co\/wp-content\/uploads\/sites\/3\/2018\/04\/DockSide.jpg\" \/>\n\t<meta property=\"og:image:width\" content=\"700\" \/>\n\t<meta property=\"og:image:height\" content=\"700\" \/>\n\t<meta property=\"og:image:type\" content=\"image\/jpeg\" \/>\n<meta name=\"twitter:card\" content=\"summary_large_image\" \/>\n<script type=\"application\/ld+json\" class=\"yoast-schema-graph\">{\"@context\":\"https:\/\/schema.org\",\"@graph\":[{\"@type\":\"WebPage\",\"@id\":\"https:\/\/dockedge.thinairweb.co\/fr\/produit\/dockside\/\",\"url\":\"https:\/\/dockedge.thinairweb.co\/fr\/produit\/dockside\/\",\"name\":\"DOCKSIDE\u2122 - Dock Edge+\",\"isPartOf\":{\"@id\":\"https:\/\/dockedge.thinairweb.co\/fr\/#website\"},\"primaryImageOfPage\":{\"@id\":\"https:\/\/dockedge.thinairweb.co\/fr\/produit\/dockside\/#primaryimage\"},\"image\":{\"@id\":\"https:\/\/dockedge.thinairweb.co\/fr\/produit\/dockside\/#primaryimage\"},\"thumbnailUrl\":\"https:\/\/dockedge.thinairweb.co\/wp-content\/uploads\/sites\/3\/2018\/04\/DockSide.jpg\",\"datePublished\":\"2018-04-17T21:25:05+00:00\",\"breadcrumb\":{\"@id\":\"https:\/\/dockedge.thinairweb.co\/fr\/produit\/dockside\/#breadcrumb\"},\"inLanguage\":\"fr-FR\",\"potentialAction\":[{\"@type\":\"ReadAction\",\"target\":[\"https:\/\/dockedge.thinairweb.co\/fr\/produit\/dockside\/\"]}]},{\"@type\":\"ImageObject\",\"inLanguage\":\"fr-FR\",\"@id\":\"https:\/\/dockedge.thinairweb.co\/fr\/produit\/dockside\/#primaryimage\",\"url\":\"https:\/\/dockedge.thinairweb.co\/wp-content\/uploads\/sites\/3\/2018\/04\/DockSide.jpg\",\"contentUrl\":\"https:\/\/dockedge.thinairweb.co\/wp-content\/uploads\/sites\/3\/2018\/04\/DockSide.jpg\",\"width\":700,\"height\":700,\"caption\":\"DockSide\"},{\"@type\":\"BreadcrumbList\",\"@id\":\"https:\/\/dockedge.thinairweb.co\/fr\/produit\/dockside\/#breadcrumb\",\"itemListElement\":[{\"@type\":\"ListItem\",\"position\":1,\"name\":\"Home\",\"item\":\"https:\/\/dockedge.thinairweb.co\/fr\/\"},{\"@type\":\"ListItem\",\"position\":2,\"name\":\"Boutique\",\"item\":\"https:\/\/dockedge.thinairweb.co\/fr\/boutique\/\"},{\"@type\":\"ListItem\",\"position\":3,\"name\":\"DOCKSIDE\u2122\"}]},{\"@type\":\"WebSite\",\"@id\":\"https:\/\/dockedge.thinairweb.co\/fr\/#website\",\"url\":\"https:\/\/dockedge.thinairweb.co\/fr\/\",\"name\":\"Dock Edge+\",\"description\":\"Your Dock. Your Way.\",\"potentialAction\":[{\"@type\":\"SearchAction\",\"target\":{\"@type\":\"EntryPoint\",\"urlTemplate\":\"https:\/\/dockedge.thinairweb.co\/fr\/?s={search_term_string}\"},\"query-input\":{\"@type\":\"PropertyValueSpecification\",\"valueRequired\":true,\"valueName\":\"search_term_string\"}}],\"inLanguage\":\"fr-FR\"}]}<\/script>\n<!-- \/ Yoast SEO plugin. -->","yoast_head_json":{"title":"DOCKSIDE\u2122 - Dock Edge+","robots":{"index":"index","follow":"follow","max-snippet":"max-snippet:-1","max-image-preview":"max-image-preview:large","max-video-preview":"max-video-preview:-1"},"canonical":"https:\/\/dockedge.thinairweb.co\/fr\/produit\/dockside\/","og_locale":"fr_FR","og_type":"article","og_title":"DOCKSIDE\u2122 - Dock Edge+","og_description":"CUP   Le nec plus ultra en mati\u00e8re de protection contre les chocs violents  PVC moul\u00e9 \u00e0 paroi \u00e9paisse, robuste et rempli d'air, avec valve de gonflage int\u00e9gr\u00e9e.  Extr\u00e9mit\u00e9s inclin\u00e9es pour d\u00e9vier l'embarcation  Utilisez les pare-chocs droits par paires pour former les angles int\u00e9rieurs.  Excellente protection de l'entonnoir","og_url":"https:\/\/dockedge.thinairweb.co\/fr\/produit\/dockside\/","og_site_name":"Dock Edge+","og_image":[{"width":700,"height":700,"url":"https:\/\/dockedge.thinairweb.co\/wp-content\/uploads\/sites\/3\/2018\/04\/DockSide.jpg","type":"image\/jpeg"}],"twitter_card":"summary_large_image","schema":{"@context":"https:\/\/schema.org","@graph":[{"@type":"WebPage","@id":"https:\/\/dockedge.thinairweb.co\/fr\/produit\/dockside\/","url":"https:\/\/dockedge.thinairweb.co\/fr\/produit\/dockside\/","name":"DOCKSIDE\u2122 - Dock Edge+","isPartOf":{"@id":"https:\/\/dockedge.thinairweb.co\/fr\/#website"},"primaryImageOfPage":{"@id":"https:\/\/dockedge.thinairweb.co\/fr\/produit\/dockside\/#primaryimage"},"image":{"@id":"https:\/\/dockedge.thinairweb.co\/fr\/produit\/dockside\/#primaryimage"},"thumbnailUrl":"https:\/\/dockedge.thinairweb.co\/wp-content\/uploads\/sites\/3\/2018\/04\/DockSide.jpg","datePublished":"2018-04-17T21:25:05+00:00","breadcrumb":{"@id":"https:\/\/dockedge.thinairweb.co\/fr\/produit\/dockside\/#breadcrumb"},"inLanguage":"fr-FR","potentialAction":[{"@type":"ReadAction","target":["https:\/\/dockedge.thinairweb.co\/fr\/produit\/dockside\/"]}]},{"@type":"ImageObject","inLanguage":"fr-FR","@id":"https:\/\/dockedge.thinairweb.co\/fr\/produit\/dockside\/#primaryimage","url":"https:\/\/dockedge.thinairweb.co\/wp-content\/uploads\/sites\/3\/2018\/04\/DockSide.jpg","contentUrl":"https:\/\/dockedge.thinairweb.co\/wp-content\/uploads\/sites\/3\/2018\/04\/DockSide.jpg","width":700,"height":700,"caption":"DockSide"},{"@type":"BreadcrumbList","@id":"https:\/\/dockedge.thinairweb.co\/fr\/produit\/dockside\/#breadcrumb","itemListElement":[{"@type":"ListItem","position":1,"name":"Home","item":"https:\/\/dockedge.thinairweb.co\/fr\/"},{"@type":"ListItem","position":2,"name":"Boutique","item":"https:\/\/dockedge.thinairweb.co\/fr\/boutique\/"},{"@type":"ListItem","position":3,"name":"DOCKSIDE\u2122"}]},{"@type":"WebSite","@id":"https:\/\/dockedge.thinairweb.co\/fr\/#website","url":"https:\/\/dockedge.thinairweb.co\/fr\/","name":"Dock Edge+","description":"Your Dock. Your Way.","potentialAction":[{"@type":"SearchAction","target":{"@type":"EntryPoint","urlTemplate":"https:\/\/dockedge.thinairweb.co\/fr\/?s={search_term_string}"},"query-input":{"@type":"PropertyValueSpecification","valueRequired":true,"valueName":"search_term_string"}}],"inLanguage":"fr-FR"}]}},"acf":[],"_links":{"self":[{"href":"https:\/\/dockedge.thinairweb.co\/fr\/wp-json\/wp\/v2\/product\/8428","targetHints":{"allow":["GET"]}}],"collection":[{"href":"https:\/\/dockedge.thinairweb.co\/fr\/wp-json\/wp\/v2\/product"}],"about":[{"href":"https:\/\/dockedge.thinairweb.co\/fr\/wp-json\/wp\/v2\/types\/product"}],"wp:featuredmedia":[{"embeddable":true,"href":"https:\/\/dockedge.thinairweb.co\/fr\/wp-json\/wp\/v2\/media\/7409"}],"wp:attachment":[{"href":"https:\/\/dockedge.thinairweb.co\/fr\/wp-json\/wp\/v2\/media?parent=8428"}],"wp:term":[{"taxonomy":"product_brand","embeddable":true,"href":"https:\/\/dockedge.thinairweb.co\/fr\/wp-json\/wp\/v2\/product_brand?post=8428"},{"taxonomy":"product_cat","embeddable":true,"href":"https:\/\/dockedge.thinairweb.co\/fr\/wp-json\/wp\/v2\/product_cat?post=8428"},{"taxonomy":"product_tag","embeddable":true,"href":"https:\/\/dockedge.thinairweb.co\/fr\/wp-json\/wp\/v2\/product_tag?post=8428"}],"curies":[{"name":"wp","href":"https:\/\/api.w.org\/{rel}","templated":true}]}}