{"id":8429,"date":"2018-04-17T21:36:56","date_gmt":"2018-04-17T21:36:56","guid":{"rendered":"https:\/\/dockedge.com\/product\/kayak-sup-rack\/"},"modified":"2018-04-17T21:36:56","modified_gmt":"2018-04-17T21:36:56","slug":"kayak-sup-rack","status":"publish","type":"product","link":"https:\/\/dockedge.thinairweb.co\/fr\/produit\/kayak-sup-rack\/","title":{"rendered":"KAYAK\/SUP RACK"},"content":{"rendered":"<table id=\"product-table\" border=\"0\" cellspacing=\"0\" cellpadding=\"15\">\n<tbody>\n<tr>\n<th>N\u00b0 de pi\u00e8ce<\/th>\n<th>Description<\/th>\n<\/tr>\n<tr>\n<td>DE90815F<\/td>\n<td>Support pour kayak\/SUP<\/td>\n<\/tr>\n<\/tbody>\n<\/table>\n<p><script src=\"\/\/ui.powerreviews.com\/stable\/4.0\/ui.js\"><\/script><\/p>\n<p><script>\n  POWERREVIEWS.display.render({\n      api_key: 'fdb23d80-8310-4409-87f2-2ee20e24a743',\n      locale: 'en_US',\n      merchant_group_id: '78535',\n      merchant_id: '542114',\n      page_id: '2742',\n      review_wrapper_url: 'http:\/\/www.dockedge.com\/write-a-review\/?pr_page_id=___PAGE_ID___',\nstructured_data_product_id : 'http:\/\/www.dockedge.com\/product\/kayak-sup-rack\/',\nproduct:{\n        name: 'Kayak\/Sup Rack', \n        url: 'http:\/\/www.dockedge.com\/product\/kayak-sup-rack\/',\n        image_url: 'http:\/\/www.dockedge.com\/wp-content\/uploads\/sites\/3\/2018\/04\/KayakSupRack.jpg',\n        description: 'Kayak \/ SUP Rack',\n        category_name: 'Dock Accessories',\n        manufacturer_id: 'DE90815F',\n        upc: '776113908150',\n        brand_name: 'DockEdge',\n        price: '<your_product_price>',\n        in_stock: '<product_in_stock_status>',\n    },\n      components: {\n    ReviewSnippet: 'pr-reviewsnippet',\n    ReviewDisplay: 'pr-reviewdisplay'\n      }\n    });\n  <\/script><\/p>\n<div id=\"pr-reviewdisplay\"><\/div>\n","protected":false},"excerpt":{"rendered":"<div id=\"pr-reviewsnippet\"><\/div>\n<p><b>CUP<\/b> <\/p>\n<ul>\n<li>Les bras de support de 32&Prime; de large conviennent \u00e0 2 kayaks, cano\u00ebs, pdl, planches de surf, etc.<\/li>\n<li>Sangles de verrouillage r\u00e9glables, avec crochet de verrouillage \u00e0 une extr\u00e9mit\u00e9<\/li>\n<li>Supporte plusieurs fois le poids d&rsquo;un kayak moyen<\/li>\n<li>2 ft spacing lower rack<\/li>\n<li>La grille sup\u00e9rieure s&rsquo;ouvre pour s&rsquo;adapter \u00e0 toutes les hauteurs<\/li>\n<li>Tubes carr\u00e9s m\u00e9talliques robustes rev\u00eatus de poudre, combin\u00e9s \u00e0 des fabrications m\u00e9talliques \u00e9paisses et soud\u00e9s au MIG pour plus de solidit\u00e9.<\/li>\n<li>Le support universel est facile \u00e0 monter et \u00e0 d\u00e9monter.<\/li>\n<li>Le boulon amovible permet de d\u00e9tacher l&rsquo;ensemble pour un rangement rapide<\/li>\n<li>Rev\u00eatement en poudre gris populaire Hammertone<\/li>\n<\/ul>\n","protected":false},"featured_media":7362,"template":"","meta":{"_acf_changed":false,"_et_pb_use_builder":"","_et_pb_old_content":"","_et_gb_content_width":""},"product_brand":[],"product_cat":[150],"product_tag":[],"class_list":{"0":"post-8429","1":"product","2":"type-product","3":"status-publish","4":"has-post-thumbnail","6":"product_cat-accessoires-de-quai","8":"first","9":"instock","10":"shipping-taxable","11":"product-type-simple"},"yoast_head":"<!-- This site is optimized with the Yoast SEO plugin v27.0 - https:\/\/yoast.com\/product\/yoast-seo-wordpress\/ -->\n<title>KAYAK\/SUP RACK - Dock Edge+<\/title>\n<meta name=\"robots\" content=\"index, follow, max-snippet:-1, max-image-preview:large, max-video-preview:-1\" \/>\n<link rel=\"canonical\" href=\"https:\/\/dockedge.thinairweb.co\/fr\/produit\/kayak-sup-rack\/\" \/>\n<meta property=\"og:locale\" content=\"fr_FR\" \/>\n<meta property=\"og:type\" content=\"article\" \/>\n<meta property=\"og:title\" content=\"KAYAK\/SUP RACK - Dock Edge+\" \/>\n<meta property=\"og:description\" content=\"CUP   Les bras de support de 32&quot; de large conviennent \u00e0 2 kayaks, cano\u00ebs, pdl, planches de surf, etc.  Sangles de verrouillage r\u00e9glables, avec crochet de verrouillage \u00e0 une extr\u00e9mit\u00e9  Supporte plusieurs fois le poids d&#039;un kayak moyen  2 ft spacing lower rack  La grille sup\u00e9rieure s&#039;ouvre pour s&#039;adapter \u00e0 toutes les hauteurs  Tubes carr\u00e9s m\u00e9talliques robustes rev\u00eatus de poudre, combin\u00e9s \u00e0 des fabrications m\u00e9talliques \u00e9paisses et soud\u00e9s au MIG pour plus de solidit\u00e9.  Le support universel est facile \u00e0 monter et \u00e0 d\u00e9monter.  Le boulon amovible permet de d\u00e9tacher l&#039;ensemble pour un rangement rapide  Rev\u00eatement en poudre gris populaire Hammertone\" \/>\n<meta property=\"og:url\" content=\"https:\/\/dockedge.thinairweb.co\/fr\/produit\/kayak-sup-rack\/\" \/>\n<meta property=\"og:site_name\" content=\"Dock Edge+\" \/>\n<meta property=\"og:image\" content=\"https:\/\/dockedge.thinairweb.co\/wp-content\/uploads\/sites\/3\/2018\/04\/KayakSupRack.jpg\" \/>\n\t<meta property=\"og:image:width\" content=\"700\" \/>\n\t<meta property=\"og:image:height\" content=\"700\" \/>\n\t<meta property=\"og:image:type\" content=\"image\/jpeg\" \/>\n<meta name=\"twitter:card\" content=\"summary_large_image\" \/>\n<script type=\"application\/ld+json\" class=\"yoast-schema-graph\">{\"@context\":\"https:\/\/schema.org\",\"@graph\":[{\"@type\":\"WebPage\",\"@id\":\"https:\/\/dockedge.thinairweb.co\/fr\/produit\/kayak-sup-rack\/\",\"url\":\"https:\/\/dockedge.thinairweb.co\/fr\/produit\/kayak-sup-rack\/\",\"name\":\"KAYAK\/SUP RACK - Dock Edge+\",\"isPartOf\":{\"@id\":\"https:\/\/dockedge.thinairweb.co\/fr\/#website\"},\"primaryImageOfPage\":{\"@id\":\"https:\/\/dockedge.thinairweb.co\/fr\/produit\/kayak-sup-rack\/#primaryimage\"},\"image\":{\"@id\":\"https:\/\/dockedge.thinairweb.co\/fr\/produit\/kayak-sup-rack\/#primaryimage\"},\"thumbnailUrl\":\"https:\/\/dockedge.thinairweb.co\/wp-content\/uploads\/sites\/3\/2018\/04\/KayakSupRack.jpg\",\"datePublished\":\"2018-04-17T21:36:56+00:00\",\"breadcrumb\":{\"@id\":\"https:\/\/dockedge.thinairweb.co\/fr\/produit\/kayak-sup-rack\/#breadcrumb\"},\"inLanguage\":\"fr-FR\",\"potentialAction\":[{\"@type\":\"ReadAction\",\"target\":[\"https:\/\/dockedge.thinairweb.co\/fr\/produit\/kayak-sup-rack\/\"]}]},{\"@type\":\"ImageObject\",\"inLanguage\":\"fr-FR\",\"@id\":\"https:\/\/dockedge.thinairweb.co\/fr\/produit\/kayak-sup-rack\/#primaryimage\",\"url\":\"https:\/\/dockedge.thinairweb.co\/wp-content\/uploads\/sites\/3\/2018\/04\/KayakSupRack.jpg\",\"contentUrl\":\"https:\/\/dockedge.thinairweb.co\/wp-content\/uploads\/sites\/3\/2018\/04\/KayakSupRack.jpg\",\"width\":700,\"height\":700,\"caption\":\"Kayak Sup Rack\"},{\"@type\":\"BreadcrumbList\",\"@id\":\"https:\/\/dockedge.thinairweb.co\/fr\/produit\/kayak-sup-rack\/#breadcrumb\",\"itemListElement\":[{\"@type\":\"ListItem\",\"position\":1,\"name\":\"Home\",\"item\":\"https:\/\/dockedge.thinairweb.co\/fr\/\"},{\"@type\":\"ListItem\",\"position\":2,\"name\":\"Boutique\",\"item\":\"https:\/\/dockedge.thinairweb.co\/fr\/boutique\/\"},{\"@type\":\"ListItem\",\"position\":3,\"name\":\"KAYAK\/SUP RACK\"}]},{\"@type\":\"WebSite\",\"@id\":\"https:\/\/dockedge.thinairweb.co\/fr\/#website\",\"url\":\"https:\/\/dockedge.thinairweb.co\/fr\/\",\"name\":\"Dock Edge+\",\"description\":\"Your Dock. Your Way.\",\"potentialAction\":[{\"@type\":\"SearchAction\",\"target\":{\"@type\":\"EntryPoint\",\"urlTemplate\":\"https:\/\/dockedge.thinairweb.co\/fr\/?s={search_term_string}\"},\"query-input\":{\"@type\":\"PropertyValueSpecification\",\"valueRequired\":true,\"valueName\":\"search_term_string\"}}],\"inLanguage\":\"fr-FR\"}]}<\/script>\n<!-- \/ Yoast SEO plugin. -->","yoast_head_json":{"title":"KAYAK\/SUP RACK - Dock Edge+","robots":{"index":"index","follow":"follow","max-snippet":"max-snippet:-1","max-image-preview":"max-image-preview:large","max-video-preview":"max-video-preview:-1"},"canonical":"https:\/\/dockedge.thinairweb.co\/fr\/produit\/kayak-sup-rack\/","og_locale":"fr_FR","og_type":"article","og_title":"KAYAK\/SUP RACK - Dock Edge+","og_description":"CUP   Les bras de support de 32\" de large conviennent \u00e0 2 kayaks, cano\u00ebs, pdl, planches de surf, etc.  Sangles de verrouillage r\u00e9glables, avec crochet de verrouillage \u00e0 une extr\u00e9mit\u00e9  Supporte plusieurs fois le poids d'un kayak moyen  2 ft spacing lower rack  La grille sup\u00e9rieure s'ouvre pour s'adapter \u00e0 toutes les hauteurs  Tubes carr\u00e9s m\u00e9talliques robustes rev\u00eatus de poudre, combin\u00e9s \u00e0 des fabrications m\u00e9talliques \u00e9paisses et soud\u00e9s au MIG pour plus de solidit\u00e9.  Le support universel est facile \u00e0 monter et \u00e0 d\u00e9monter.  Le boulon amovible permet de d\u00e9tacher l'ensemble pour un rangement rapide  Rev\u00eatement en poudre gris populaire Hammertone","og_url":"https:\/\/dockedge.thinairweb.co\/fr\/produit\/kayak-sup-rack\/","og_site_name":"Dock Edge+","og_image":[{"width":700,"height":700,"url":"https:\/\/dockedge.thinairweb.co\/wp-content\/uploads\/sites\/3\/2018\/04\/KayakSupRack.jpg","type":"image\/jpeg"}],"twitter_card":"summary_large_image","schema":{"@context":"https:\/\/schema.org","@graph":[{"@type":"WebPage","@id":"https:\/\/dockedge.thinairweb.co\/fr\/produit\/kayak-sup-rack\/","url":"https:\/\/dockedge.thinairweb.co\/fr\/produit\/kayak-sup-rack\/","name":"KAYAK\/SUP RACK - Dock Edge+","isPartOf":{"@id":"https:\/\/dockedge.thinairweb.co\/fr\/#website"},"primaryImageOfPage":{"@id":"https:\/\/dockedge.thinairweb.co\/fr\/produit\/kayak-sup-rack\/#primaryimage"},"image":{"@id":"https:\/\/dockedge.thinairweb.co\/fr\/produit\/kayak-sup-rack\/#primaryimage"},"thumbnailUrl":"https:\/\/dockedge.thinairweb.co\/wp-content\/uploads\/sites\/3\/2018\/04\/KayakSupRack.jpg","datePublished":"2018-04-17T21:36:56+00:00","breadcrumb":{"@id":"https:\/\/dockedge.thinairweb.co\/fr\/produit\/kayak-sup-rack\/#breadcrumb"},"inLanguage":"fr-FR","potentialAction":[{"@type":"ReadAction","target":["https:\/\/dockedge.thinairweb.co\/fr\/produit\/kayak-sup-rack\/"]}]},{"@type":"ImageObject","inLanguage":"fr-FR","@id":"https:\/\/dockedge.thinairweb.co\/fr\/produit\/kayak-sup-rack\/#primaryimage","url":"https:\/\/dockedge.thinairweb.co\/wp-content\/uploads\/sites\/3\/2018\/04\/KayakSupRack.jpg","contentUrl":"https:\/\/dockedge.thinairweb.co\/wp-content\/uploads\/sites\/3\/2018\/04\/KayakSupRack.jpg","width":700,"height":700,"caption":"Kayak Sup Rack"},{"@type":"BreadcrumbList","@id":"https:\/\/dockedge.thinairweb.co\/fr\/produit\/kayak-sup-rack\/#breadcrumb","itemListElement":[{"@type":"ListItem","position":1,"name":"Home","item":"https:\/\/dockedge.thinairweb.co\/fr\/"},{"@type":"ListItem","position":2,"name":"Boutique","item":"https:\/\/dockedge.thinairweb.co\/fr\/boutique\/"},{"@type":"ListItem","position":3,"name":"KAYAK\/SUP RACK"}]},{"@type":"WebSite","@id":"https:\/\/dockedge.thinairweb.co\/fr\/#website","url":"https:\/\/dockedge.thinairweb.co\/fr\/","name":"Dock Edge+","description":"Your Dock. Your Way.","potentialAction":[{"@type":"SearchAction","target":{"@type":"EntryPoint","urlTemplate":"https:\/\/dockedge.thinairweb.co\/fr\/?s={search_term_string}"},"query-input":{"@type":"PropertyValueSpecification","valueRequired":true,"valueName":"search_term_string"}}],"inLanguage":"fr-FR"}]}},"acf":[],"_links":{"self":[{"href":"https:\/\/dockedge.thinairweb.co\/fr\/wp-json\/wp\/v2\/product\/8429","targetHints":{"allow":["GET"]}}],"collection":[{"href":"https:\/\/dockedge.thinairweb.co\/fr\/wp-json\/wp\/v2\/product"}],"about":[{"href":"https:\/\/dockedge.thinairweb.co\/fr\/wp-json\/wp\/v2\/types\/product"}],"wp:featuredmedia":[{"embeddable":true,"href":"https:\/\/dockedge.thinairweb.co\/fr\/wp-json\/wp\/v2\/media\/7362"}],"wp:attachment":[{"href":"https:\/\/dockedge.thinairweb.co\/fr\/wp-json\/wp\/v2\/media?parent=8429"}],"wp:term":[{"taxonomy":"product_brand","embeddable":true,"href":"https:\/\/dockedge.thinairweb.co\/fr\/wp-json\/wp\/v2\/product_brand?post=8429"},{"taxonomy":"product_cat","embeddable":true,"href":"https:\/\/dockedge.thinairweb.co\/fr\/wp-json\/wp\/v2\/product_cat?post=8429"},{"taxonomy":"product_tag","embeddable":true,"href":"https:\/\/dockedge.thinairweb.co\/fr\/wp-json\/wp\/v2\/product_tag?post=8429"}],"curies":[{"name":"wp","href":"https:\/\/api.w.org\/{rel}","templated":true}]}}