{"id":8430,"date":"2018-04-17T21:23:20","date_gmt":"2018-04-17T21:23:20","guid":{"rendered":"https:\/\/dockedge.com\/product\/pare-chocs-oceanus\/"},"modified":"2018-04-17T21:23:20","modified_gmt":"2018-04-17T21:23:20","slug":"pare-chocs-oceanus","status":"publish","type":"product","link":"https:\/\/dockedge.thinairweb.co\/fr\/produit\/pare-chocs-oceanus\/","title":{"rendered":"PARE-CHOCS OCEANUS"},"content":{"rendered":"<table id=\"product-table\" cellpadding=\"15\" cellspacing=\"0\" border=\"0\">\n<tbody>\n<tr>\n<th>N\u00b0 de pi\u00e8ce<\/th>\n<th>Description<\/th>\n<\/tr>\n<tr>\n<td>DE73071F<\/td>\n<td>Pare-chocs Oceanus 35&Prime;, blanc \u2021<\/td>\n<\/tr>\n<tr>\n<td>DE73076F<\/td>\n<td>Pare-chocs Oceanus 35&Prime;, noir \u2021<\/td>\n<\/tr>\n<tr>\n<td>DE73079F<\/td>\n<td>Pare-chocs Oceanus 35&Prime;, bleu marine \u2021<\/td>\n<\/tr>\n<\/tbody>\n<\/table>\n<p><script src=\"\/\/ui.powerreviews.com\/stable\/4.0\/ui.js\"><\/script><\/p>\n<p><script>\n  POWERREVIEWS.display.render({\n      api_key: 'fdb23d80-8310-4409-87f2-2ee20e24a743',\n      locale: 'en_US',\n      merchant_group_id: '78535',\n      merchant_id: '542114',\n      page_id: '2736',\n      review_wrapper_url: 'http:\/\/www.dockedge.com\/write-a-review\/?pr_page_id=___PAGE_ID___',\nstructured_data_product_id : 'http:\/\/www.dockedge.com\/product\/oceanus-bumpers\/',\nproduct:{\n        name: 'OCEANUS BUMPERS', \n        url: 'http:\/\/www.dockedge.com\/product\/oceanus-bumpers\/',\n        image_url: 'http:\/\/www.dockedge.com\/wp-content\/uploads\/sites\/3\/2018\/03\/OceanusBumpers.jpg',\n        description: 'Bumper Oceanus 3\/4 25 x 90 cm Empty WH',\n        category_name: 'Spot Protection',\n        manufacturer_id: 'DE73071F',\n        upc: '776113730713',\n        brand_name: 'DockEdge',\n        price: '<your_product_price>',\n        in_stock: '<product_in_stock_status>',\n        variants: [{\n            name: 'DE73076F',\n            description: 'Bumper Oceanus 3\/4 25 x 90 cm Empty BK',\n\t    upc: '776113730768',\t\n            page_id_variant: '1',\n        },\n        {\n            name: 'DE73079F',\n            description: 'Bumper Oceanus 3\/4 25 x 90 cm Empty NB',\n            upc: '776113730799',\n            page_id_variant: '2',  \n    }]\n    },\n      components: {\n    ReviewSnippet: 'pr-reviewsnippet',\n    ReviewDisplay: 'pr-reviewdisplay'\n      }\n    });\n  <\/script><\/p>\n<div id=\"pr-reviewdisplay\"><\/div>\n","protected":false},"excerpt":{"rendered":"<div id=\"pr-reviewsnippet\"><\/div>\n<p><b>CUP<\/b> <br \/>\nId\u00e9al pour les applications commerciales et les marinas, ces pare-chocs robustes rotomoul\u00e9s sont fabriqu\u00e9s pour \u00eatre fix\u00e9s en permanence. Ils sont con\u00e7us pour prot\u00e9ger la partie inf\u00e9rieure de l&rsquo;\u00e9trave et tout autre endroit o\u00f9 vous installez le pare-chocs. Ils comportent des rainures qui servent de nervures de renforcement et peuvent \u00eatre utilis\u00e9s comme cerclage temporaire dans les endroits o\u00f9 la fixation n&rsquo;est pas autoris\u00e9e. Fabriqu\u00e9 avec des inhibiteurs d&rsquo;UV et des fongicides. Comprend une valve de gonflage \u00e0 visser.    <\/p>\n","protected":false},"featured_media":7399,"template":"","meta":{"_acf_changed":false,"_et_pb_use_builder":"","_et_pb_old_content":"","_et_gb_content_width":""},"product_brand":[],"product_cat":[168],"product_tag":[],"class_list":{"0":"post-8430","1":"product","2":"type-product","3":"status-publish","4":"has-post-thumbnail","6":"product_cat-protection-des-taches","8":"first","9":"instock","10":"shipping-taxable","11":"product-type-simple"},"yoast_head":"<!-- This site is optimized with the Yoast SEO plugin v27.0 - https:\/\/yoast.com\/product\/yoast-seo-wordpress\/ -->\n<title>PARE-CHOCS OCEANUS - Dock Edge+<\/title>\n<meta name=\"robots\" content=\"index, follow, max-snippet:-1, max-image-preview:large, max-video-preview:-1\" \/>\n<link rel=\"canonical\" href=\"https:\/\/dockedge.thinairweb.co\/fr\/produit\/pare-chocs-oceanus\/\" \/>\n<meta property=\"og:locale\" content=\"fr_FR\" \/>\n<meta property=\"og:type\" content=\"article\" \/>\n<meta property=\"og:title\" content=\"PARE-CHOCS OCEANUS - Dock Edge+\" \/>\n<meta property=\"og:description\" content=\"CUP Id\u00e9al pour les applications commerciales et les marinas, ces pare-chocs robustes rotomoul\u00e9s sont fabriqu\u00e9s pour \u00eatre fix\u00e9s en permanence. Ils sont con\u00e7us pour prot\u00e9ger la partie inf\u00e9rieure de l&#039;\u00e9trave et tout autre endroit o\u00f9 vous installez le pare-chocs. Ils comportent des rainures qui servent de nervures de renforcement et peuvent \u00eatre utilis\u00e9s comme cerclage temporaire dans les endroits o\u00f9 la fixation n&#039;est pas autoris\u00e9e. Fabriqu\u00e9 avec des inhibiteurs d&#039;UV et des fongicides. Comprend une valve de gonflage \u00e0 visser.\" \/>\n<meta property=\"og:url\" content=\"https:\/\/dockedge.thinairweb.co\/fr\/produit\/pare-chocs-oceanus\/\" \/>\n<meta property=\"og:site_name\" content=\"Dock Edge+\" \/>\n<meta property=\"og:image\" content=\"https:\/\/dockedge.thinairweb.co\/wp-content\/uploads\/sites\/3\/2018\/04\/OceanusBumpers.jpg\" \/>\n\t<meta property=\"og:image:width\" content=\"700\" \/>\n\t<meta property=\"og:image:height\" content=\"700\" \/>\n\t<meta property=\"og:image:type\" content=\"image\/jpeg\" \/>\n<meta name=\"twitter:card\" content=\"summary_large_image\" \/>\n<script type=\"application\/ld+json\" class=\"yoast-schema-graph\">{\"@context\":\"https:\/\/schema.org\",\"@graph\":[{\"@type\":\"WebPage\",\"@id\":\"https:\/\/dockedge.thinairweb.co\/fr\/produit\/pare-chocs-oceanus\/\",\"url\":\"https:\/\/dockedge.thinairweb.co\/fr\/produit\/pare-chocs-oceanus\/\",\"name\":\"PARE-CHOCS OCEANUS - Dock Edge+\",\"isPartOf\":{\"@id\":\"https:\/\/dockedge.thinairweb.co\/fr\/#website\"},\"primaryImageOfPage\":{\"@id\":\"https:\/\/dockedge.thinairweb.co\/fr\/produit\/pare-chocs-oceanus\/#primaryimage\"},\"image\":{\"@id\":\"https:\/\/dockedge.thinairweb.co\/fr\/produit\/pare-chocs-oceanus\/#primaryimage\"},\"thumbnailUrl\":\"https:\/\/dockedge.thinairweb.co\/wp-content\/uploads\/sites\/3\/2018\/04\/OceanusBumpers.jpg\",\"datePublished\":\"2018-04-17T21:23:20+00:00\",\"breadcrumb\":{\"@id\":\"https:\/\/dockedge.thinairweb.co\/fr\/produit\/pare-chocs-oceanus\/#breadcrumb\"},\"inLanguage\":\"fr-FR\",\"potentialAction\":[{\"@type\":\"ReadAction\",\"target\":[\"https:\/\/dockedge.thinairweb.co\/fr\/produit\/pare-chocs-oceanus\/\"]}]},{\"@type\":\"ImageObject\",\"inLanguage\":\"fr-FR\",\"@id\":\"https:\/\/dockedge.thinairweb.co\/fr\/produit\/pare-chocs-oceanus\/#primaryimage\",\"url\":\"https:\/\/dockedge.thinairweb.co\/wp-content\/uploads\/sites\/3\/2018\/04\/OceanusBumpers.jpg\",\"contentUrl\":\"https:\/\/dockedge.thinairweb.co\/wp-content\/uploads\/sites\/3\/2018\/04\/OceanusBumpers.jpg\",\"width\":700,\"height\":700,\"caption\":\"Oceanus Bumpers\"},{\"@type\":\"BreadcrumbList\",\"@id\":\"https:\/\/dockedge.thinairweb.co\/fr\/produit\/pare-chocs-oceanus\/#breadcrumb\",\"itemListElement\":[{\"@type\":\"ListItem\",\"position\":1,\"name\":\"Home\",\"item\":\"https:\/\/dockedge.thinairweb.co\/fr\/\"},{\"@type\":\"ListItem\",\"position\":2,\"name\":\"Boutique\",\"item\":\"https:\/\/dockedge.thinairweb.co\/fr\/boutique\/\"},{\"@type\":\"ListItem\",\"position\":3,\"name\":\"PARE-CHOCS OCEANUS\"}]},{\"@type\":\"WebSite\",\"@id\":\"https:\/\/dockedge.thinairweb.co\/fr\/#website\",\"url\":\"https:\/\/dockedge.thinairweb.co\/fr\/\",\"name\":\"Dock Edge+\",\"description\":\"Your Dock. Your Way.\",\"potentialAction\":[{\"@type\":\"SearchAction\",\"target\":{\"@type\":\"EntryPoint\",\"urlTemplate\":\"https:\/\/dockedge.thinairweb.co\/fr\/?s={search_term_string}\"},\"query-input\":{\"@type\":\"PropertyValueSpecification\",\"valueRequired\":true,\"valueName\":\"search_term_string\"}}],\"inLanguage\":\"fr-FR\"}]}<\/script>\n<!-- \/ Yoast SEO plugin. -->","yoast_head_json":{"title":"PARE-CHOCS OCEANUS - Dock Edge+","robots":{"index":"index","follow":"follow","max-snippet":"max-snippet:-1","max-image-preview":"max-image-preview:large","max-video-preview":"max-video-preview:-1"},"canonical":"https:\/\/dockedge.thinairweb.co\/fr\/produit\/pare-chocs-oceanus\/","og_locale":"fr_FR","og_type":"article","og_title":"PARE-CHOCS OCEANUS - Dock Edge+","og_description":"CUP Id\u00e9al pour les applications commerciales et les marinas, ces pare-chocs robustes rotomoul\u00e9s sont fabriqu\u00e9s pour \u00eatre fix\u00e9s en permanence. Ils sont con\u00e7us pour prot\u00e9ger la partie inf\u00e9rieure de l'\u00e9trave et tout autre endroit o\u00f9 vous installez le pare-chocs. Ils comportent des rainures qui servent de nervures de renforcement et peuvent \u00eatre utilis\u00e9s comme cerclage temporaire dans les endroits o\u00f9 la fixation n'est pas autoris\u00e9e. Fabriqu\u00e9 avec des inhibiteurs d'UV et des fongicides. Comprend une valve de gonflage \u00e0 visser.","og_url":"https:\/\/dockedge.thinairweb.co\/fr\/produit\/pare-chocs-oceanus\/","og_site_name":"Dock Edge+","og_image":[{"width":700,"height":700,"url":"https:\/\/dockedge.thinairweb.co\/wp-content\/uploads\/sites\/3\/2018\/04\/OceanusBumpers.jpg","type":"image\/jpeg"}],"twitter_card":"summary_large_image","schema":{"@context":"https:\/\/schema.org","@graph":[{"@type":"WebPage","@id":"https:\/\/dockedge.thinairweb.co\/fr\/produit\/pare-chocs-oceanus\/","url":"https:\/\/dockedge.thinairweb.co\/fr\/produit\/pare-chocs-oceanus\/","name":"PARE-CHOCS OCEANUS - Dock Edge+","isPartOf":{"@id":"https:\/\/dockedge.thinairweb.co\/fr\/#website"},"primaryImageOfPage":{"@id":"https:\/\/dockedge.thinairweb.co\/fr\/produit\/pare-chocs-oceanus\/#primaryimage"},"image":{"@id":"https:\/\/dockedge.thinairweb.co\/fr\/produit\/pare-chocs-oceanus\/#primaryimage"},"thumbnailUrl":"https:\/\/dockedge.thinairweb.co\/wp-content\/uploads\/sites\/3\/2018\/04\/OceanusBumpers.jpg","datePublished":"2018-04-17T21:23:20+00:00","breadcrumb":{"@id":"https:\/\/dockedge.thinairweb.co\/fr\/produit\/pare-chocs-oceanus\/#breadcrumb"},"inLanguage":"fr-FR","potentialAction":[{"@type":"ReadAction","target":["https:\/\/dockedge.thinairweb.co\/fr\/produit\/pare-chocs-oceanus\/"]}]},{"@type":"ImageObject","inLanguage":"fr-FR","@id":"https:\/\/dockedge.thinairweb.co\/fr\/produit\/pare-chocs-oceanus\/#primaryimage","url":"https:\/\/dockedge.thinairweb.co\/wp-content\/uploads\/sites\/3\/2018\/04\/OceanusBumpers.jpg","contentUrl":"https:\/\/dockedge.thinairweb.co\/wp-content\/uploads\/sites\/3\/2018\/04\/OceanusBumpers.jpg","width":700,"height":700,"caption":"Oceanus Bumpers"},{"@type":"BreadcrumbList","@id":"https:\/\/dockedge.thinairweb.co\/fr\/produit\/pare-chocs-oceanus\/#breadcrumb","itemListElement":[{"@type":"ListItem","position":1,"name":"Home","item":"https:\/\/dockedge.thinairweb.co\/fr\/"},{"@type":"ListItem","position":2,"name":"Boutique","item":"https:\/\/dockedge.thinairweb.co\/fr\/boutique\/"},{"@type":"ListItem","position":3,"name":"PARE-CHOCS OCEANUS"}]},{"@type":"WebSite","@id":"https:\/\/dockedge.thinairweb.co\/fr\/#website","url":"https:\/\/dockedge.thinairweb.co\/fr\/","name":"Dock Edge+","description":"Your Dock. Your Way.","potentialAction":[{"@type":"SearchAction","target":{"@type":"EntryPoint","urlTemplate":"https:\/\/dockedge.thinairweb.co\/fr\/?s={search_term_string}"},"query-input":{"@type":"PropertyValueSpecification","valueRequired":true,"valueName":"search_term_string"}}],"inLanguage":"fr-FR"}]}},"acf":[],"_links":{"self":[{"href":"https:\/\/dockedge.thinairweb.co\/fr\/wp-json\/wp\/v2\/product\/8430","targetHints":{"allow":["GET"]}}],"collection":[{"href":"https:\/\/dockedge.thinairweb.co\/fr\/wp-json\/wp\/v2\/product"}],"about":[{"href":"https:\/\/dockedge.thinairweb.co\/fr\/wp-json\/wp\/v2\/types\/product"}],"wp:featuredmedia":[{"embeddable":true,"href":"https:\/\/dockedge.thinairweb.co\/fr\/wp-json\/wp\/v2\/media\/7399"}],"wp:attachment":[{"href":"https:\/\/dockedge.thinairweb.co\/fr\/wp-json\/wp\/v2\/media?parent=8430"}],"wp:term":[{"taxonomy":"product_brand","embeddable":true,"href":"https:\/\/dockedge.thinairweb.co\/fr\/wp-json\/wp\/v2\/product_brand?post=8430"},{"taxonomy":"product_cat","embeddable":true,"href":"https:\/\/dockedge.thinairweb.co\/fr\/wp-json\/wp\/v2\/product_cat?post=8430"},{"taxonomy":"product_tag","embeddable":true,"href":"https:\/\/dockedge.thinairweb.co\/fr\/wp-json\/wp\/v2\/product_tag?post=8430"}],"curies":[{"name":"wp","href":"https:\/\/api.w.org\/{rel}","templated":true}]}}