{"id":8431,"date":"2018-04-17T21:30:57","date_gmt":"2018-04-17T21:30:57","guid":{"rendered":"https:\/\/dockedge.com\/product\/roues-de-quai-gonflables\/"},"modified":"2018-04-17T21:30:57","modified_gmt":"2018-04-17T21:30:57","slug":"roues-de-quai-gonflables","status":"publish","type":"product","link":"https:\/\/dockedge.thinairweb.co\/fr\/produit\/roues-de-quai-gonflables\/","title":{"rendered":"Roues de quai gonflables"},"content":{"rendered":"<table id=\"product-table\" cellpadding=\"15\" cellspacing=\"0\" border=\"0\">\n<tbody>\n<tr>\n<th>N\u00b0 de pi\u00e8ce<\/th>\n<th>Description<\/th>\n<\/tr>\n<tr>\n<td>DE95078F<\/td>\n<td>Roue de quai 9&Prime;, montage en coin, blanc \u2021<\/td>\n<\/tr>\n<tr>\n<td>DE95088F<\/td>\n<td>Roue de quai 9&Prime;, montage en coin, noir \u2021<\/td>\n<\/tr>\n<tr>\n<td>DE95072F<\/td>\n<td>Roue de quai 12&Prime;, montage en coin, blanc \u2021<\/td>\n<\/tr>\n<tr>\n<td>DE95082F<\/td>\n<td>Roue de quai 12&Prime;, montage en coin, noir \u2021<\/td>\n<\/tr>\n<tr>\n<td>DE95077F<\/td>\n<td>Roue de quai 18&Prime;, montage en coin, blanc \u2021<\/td>\n<\/tr>\n<tr>\n<td>DE95087F<\/td>\n<td>Roue de quai 18&Prime;, montage en coin, noir \u2021<\/td>\n<\/tr>\n<\/tbody>\n<\/table>\n<p><script src=\"\/\/ui.powerreviews.com\/stable\/4.0\/ui.js\"><\/script><\/p>\n<p><script>\n  POWERREVIEWS.display.render({\n      api_key: 'fdb23d80-8310-4409-87f2-2ee20e24a743',\n      locale: 'en_US',\n      merchant_group_id: '78535',\n      merchant_id: '542114',\n      page_id: '2740',\n      review_wrapper_url: 'http:\/\/www.dockedge.com\/write-a-review\/?pr_page_id=___PAGE_ID___',\nstructured_data_product_id : 'http:\/\/www.dockedge.com\/product\/inflatable-dock-wheels\/',\nproduct:{\n        name: 'Inflatable Dock Wheels', \n        url: 'http:\/\/www.dockedge.com\/product\/inflatable-dock-wheels\/',\n        image_url: 'http:\/\/www.dockedge.com\/wp-content\/uploads\/sites\/3\/2018\/03\/dock_wheels.jpg',\n        description: 'DockWheel CornerMount 9\" White',\n        category_name: 'Corner Protection',\n        manufacturer_id: 'DE95078F',\n        upc: '776113950784',\n        brand_name: 'DockEdge',\n        price: '<your_product_price>',\n        in_stock: '<product_in_stock_status>',\n        variants: [{\n            name: 'DE95088F',\n            description: 'DockWheel CornerMount 9\" Black',\n\t    upc: '776113950883',\t\n            page_id_variant: '1',\n        },\n        {\n            name: 'DE95072F',\n            description: 'DockWheel CornerMount 12\" White',\n            upc: '776113950722',\n            page_id_variant: '2',  \n        },\n        {\n            name: 'DE95082F',\n            description: 'DockWheel CornerMount 12\" Black',\n            upc: '776113950821',\n            page_id_variant: '3',   \n        },\n        {\n            name: 'DE95077F',\n            description: 'DockWheel CornerMount 18\" White',\n\t    upc: '776113950777',\t\n            page_id_variant: '4',\n        },\n        {\n            name: 'DE95087F',\n            description: 'DockWheel CornerMount 18\" Black',\n            upc: '776113950876',\n            page_id_variant: '5',  \n    }]\n    },\n      components: {\n    ReviewSnippet: 'pr-reviewsnippet',\n    ReviewDisplay: 'pr-reviewdisplay'\n      }\n    });\n  <\/script><\/p>\n<div id=\"pr-reviewdisplay\"><\/div>\n","protected":false},"excerpt":{"rendered":"<div id=\"pr-reviewsnippet\"><\/div>\n<p><b>CUP<\/b> <br \/>\nLes roues de 9&Prime;, 12&Prime; et 18&Prime; \u00e0 roulement doux offrent un amortissement substantiel du quai et sont dot\u00e9es de valves moul\u00e9es permettant de r\u00e9gler le niveau de fermet\u00e9. La quincaillerie robuste galvanis\u00e9e \u00e0 chaud se fixe solidement au quai. Guidez facilement les bateaux dans votre cale, quelles que soient les conditions de vent et de courant.<br \/>\nLes nervures moul\u00e9es int\u00e9gr\u00e9es en haut et en bas de ces roues en font une protection pr\u00e9cieuse pour les quais et les bateaux et une formidable protection contre les chocs.  <\/p>\n","protected":false},"featured_media":7403,"template":"","meta":{"_acf_changed":false,"_et_pb_use_builder":"","_et_pb_old_content":"","_et_gb_content_width":""},"product_brand":[],"product_cat":[173,169],"product_tag":[],"class_list":{"0":"post-8431","1":"product","2":"type-product","3":"status-publish","4":"has-post-thumbnail","6":"product_cat-protection-des-angles","7":"product_cat-protection-des-quais","9":"first","10":"instock","11":"shipping-taxable","12":"product-type-simple"},"yoast_head":"<!-- This site is optimized with the Yoast SEO plugin v27.0 - https:\/\/yoast.com\/product\/yoast-seo-wordpress\/ -->\n<title>Roues de quai gonflables - Dock Edge+<\/title>\n<meta name=\"robots\" content=\"index, follow, max-snippet:-1, max-image-preview:large, max-video-preview:-1\" \/>\n<link rel=\"canonical\" href=\"https:\/\/dockedge.thinairweb.co\/fr\/produit\/roues-de-quai-gonflables\/\" \/>\n<meta property=\"og:locale\" content=\"fr_FR\" \/>\n<meta property=\"og:type\" content=\"article\" \/>\n<meta property=\"og:title\" content=\"Roues de quai gonflables - Dock Edge+\" \/>\n<meta property=\"og:description\" content=\"CUP Les roues de 9&quot;, 12&quot; et 18&quot; \u00e0 roulement doux offrent un amortissement substantiel du quai et sont dot\u00e9es de valves moul\u00e9es permettant de r\u00e9gler le niveau de fermet\u00e9. La quincaillerie robuste galvanis\u00e9e \u00e0 chaud se fixe solidement au quai. Guidez facilement les bateaux dans votre cale, quelles que soient les conditions de vent et de courant. Les nervures moul\u00e9es int\u00e9gr\u00e9es en haut et en bas de ces roues en font une protection pr\u00e9cieuse pour les quais et les bateaux et une formidable protection contre les chocs.\" \/>\n<meta property=\"og:url\" content=\"https:\/\/dockedge.thinairweb.co\/fr\/produit\/roues-de-quai-gonflables\/\" \/>\n<meta property=\"og:site_name\" content=\"Dock Edge+\" \/>\n<meta property=\"og:image\" content=\"https:\/\/dockedge.thinairweb.co\/wp-content\/uploads\/sites\/3\/2018\/04\/dock_wheels.jpg\" \/>\n\t<meta property=\"og:image:width\" content=\"700\" \/>\n\t<meta property=\"og:image:height\" content=\"700\" \/>\n\t<meta property=\"og:image:type\" content=\"image\/jpeg\" \/>\n<meta name=\"twitter:card\" content=\"summary_large_image\" \/>\n<script type=\"application\/ld+json\" class=\"yoast-schema-graph\">{\"@context\":\"https:\/\/schema.org\",\"@graph\":[{\"@type\":\"WebPage\",\"@id\":\"https:\/\/dockedge.thinairweb.co\/fr\/produit\/roues-de-quai-gonflables\/\",\"url\":\"https:\/\/dockedge.thinairweb.co\/fr\/produit\/roues-de-quai-gonflables\/\",\"name\":\"Roues de quai gonflables - Dock Edge+\",\"isPartOf\":{\"@id\":\"https:\/\/dockedge.thinairweb.co\/fr\/#website\"},\"primaryImageOfPage\":{\"@id\":\"https:\/\/dockedge.thinairweb.co\/fr\/produit\/roues-de-quai-gonflables\/#primaryimage\"},\"image\":{\"@id\":\"https:\/\/dockedge.thinairweb.co\/fr\/produit\/roues-de-quai-gonflables\/#primaryimage\"},\"thumbnailUrl\":\"https:\/\/dockedge.thinairweb.co\/wp-content\/uploads\/sites\/3\/2018\/04\/dock_wheels.jpg\",\"datePublished\":\"2018-04-17T21:30:57+00:00\",\"breadcrumb\":{\"@id\":\"https:\/\/dockedge.thinairweb.co\/fr\/produit\/roues-de-quai-gonflables\/#breadcrumb\"},\"inLanguage\":\"fr-FR\",\"potentialAction\":[{\"@type\":\"ReadAction\",\"target\":[\"https:\/\/dockedge.thinairweb.co\/fr\/produit\/roues-de-quai-gonflables\/\"]}]},{\"@type\":\"ImageObject\",\"inLanguage\":\"fr-FR\",\"@id\":\"https:\/\/dockedge.thinairweb.co\/fr\/produit\/roues-de-quai-gonflables\/#primaryimage\",\"url\":\"https:\/\/dockedge.thinairweb.co\/wp-content\/uploads\/sites\/3\/2018\/04\/dock_wheels.jpg\",\"contentUrl\":\"https:\/\/dockedge.thinairweb.co\/wp-content\/uploads\/sites\/3\/2018\/04\/dock_wheels.jpg\",\"width\":700,\"height\":700,\"caption\":\"Inflatable Dock Wheels in white\"},{\"@type\":\"BreadcrumbList\",\"@id\":\"https:\/\/dockedge.thinairweb.co\/fr\/produit\/roues-de-quai-gonflables\/#breadcrumb\",\"itemListElement\":[{\"@type\":\"ListItem\",\"position\":1,\"name\":\"Home\",\"item\":\"https:\/\/dockedge.thinairweb.co\/fr\/\"},{\"@type\":\"ListItem\",\"position\":2,\"name\":\"Boutique\",\"item\":\"https:\/\/dockedge.thinairweb.co\/fr\/boutique\/\"},{\"@type\":\"ListItem\",\"position\":3,\"name\":\"Roues de quai gonflables\"}]},{\"@type\":\"WebSite\",\"@id\":\"https:\/\/dockedge.thinairweb.co\/fr\/#website\",\"url\":\"https:\/\/dockedge.thinairweb.co\/fr\/\",\"name\":\"Dock Edge+\",\"description\":\"Your Dock. Your Way.\",\"potentialAction\":[{\"@type\":\"SearchAction\",\"target\":{\"@type\":\"EntryPoint\",\"urlTemplate\":\"https:\/\/dockedge.thinairweb.co\/fr\/?s={search_term_string}\"},\"query-input\":{\"@type\":\"PropertyValueSpecification\",\"valueRequired\":true,\"valueName\":\"search_term_string\"}}],\"inLanguage\":\"fr-FR\"}]}<\/script>\n<!-- \/ Yoast SEO plugin. -->","yoast_head_json":{"title":"Roues de quai gonflables - Dock Edge+","robots":{"index":"index","follow":"follow","max-snippet":"max-snippet:-1","max-image-preview":"max-image-preview:large","max-video-preview":"max-video-preview:-1"},"canonical":"https:\/\/dockedge.thinairweb.co\/fr\/produit\/roues-de-quai-gonflables\/","og_locale":"fr_FR","og_type":"article","og_title":"Roues de quai gonflables - Dock Edge+","og_description":"CUP Les roues de 9\", 12\" et 18\" \u00e0 roulement doux offrent un amortissement substantiel du quai et sont dot\u00e9es de valves moul\u00e9es permettant de r\u00e9gler le niveau de fermet\u00e9. La quincaillerie robuste galvanis\u00e9e \u00e0 chaud se fixe solidement au quai. Guidez facilement les bateaux dans votre cale, quelles que soient les conditions de vent et de courant. Les nervures moul\u00e9es int\u00e9gr\u00e9es en haut et en bas de ces roues en font une protection pr\u00e9cieuse pour les quais et les bateaux et une formidable protection contre les chocs.","og_url":"https:\/\/dockedge.thinairweb.co\/fr\/produit\/roues-de-quai-gonflables\/","og_site_name":"Dock Edge+","og_image":[{"width":700,"height":700,"url":"https:\/\/dockedge.thinairweb.co\/wp-content\/uploads\/sites\/3\/2018\/04\/dock_wheels.jpg","type":"image\/jpeg"}],"twitter_card":"summary_large_image","schema":{"@context":"https:\/\/schema.org","@graph":[{"@type":"WebPage","@id":"https:\/\/dockedge.thinairweb.co\/fr\/produit\/roues-de-quai-gonflables\/","url":"https:\/\/dockedge.thinairweb.co\/fr\/produit\/roues-de-quai-gonflables\/","name":"Roues de quai gonflables - Dock Edge+","isPartOf":{"@id":"https:\/\/dockedge.thinairweb.co\/fr\/#website"},"primaryImageOfPage":{"@id":"https:\/\/dockedge.thinairweb.co\/fr\/produit\/roues-de-quai-gonflables\/#primaryimage"},"image":{"@id":"https:\/\/dockedge.thinairweb.co\/fr\/produit\/roues-de-quai-gonflables\/#primaryimage"},"thumbnailUrl":"https:\/\/dockedge.thinairweb.co\/wp-content\/uploads\/sites\/3\/2018\/04\/dock_wheels.jpg","datePublished":"2018-04-17T21:30:57+00:00","breadcrumb":{"@id":"https:\/\/dockedge.thinairweb.co\/fr\/produit\/roues-de-quai-gonflables\/#breadcrumb"},"inLanguage":"fr-FR","potentialAction":[{"@type":"ReadAction","target":["https:\/\/dockedge.thinairweb.co\/fr\/produit\/roues-de-quai-gonflables\/"]}]},{"@type":"ImageObject","inLanguage":"fr-FR","@id":"https:\/\/dockedge.thinairweb.co\/fr\/produit\/roues-de-quai-gonflables\/#primaryimage","url":"https:\/\/dockedge.thinairweb.co\/wp-content\/uploads\/sites\/3\/2018\/04\/dock_wheels.jpg","contentUrl":"https:\/\/dockedge.thinairweb.co\/wp-content\/uploads\/sites\/3\/2018\/04\/dock_wheels.jpg","width":700,"height":700,"caption":"Inflatable Dock Wheels in white"},{"@type":"BreadcrumbList","@id":"https:\/\/dockedge.thinairweb.co\/fr\/produit\/roues-de-quai-gonflables\/#breadcrumb","itemListElement":[{"@type":"ListItem","position":1,"name":"Home","item":"https:\/\/dockedge.thinairweb.co\/fr\/"},{"@type":"ListItem","position":2,"name":"Boutique","item":"https:\/\/dockedge.thinairweb.co\/fr\/boutique\/"},{"@type":"ListItem","position":3,"name":"Roues de quai gonflables"}]},{"@type":"WebSite","@id":"https:\/\/dockedge.thinairweb.co\/fr\/#website","url":"https:\/\/dockedge.thinairweb.co\/fr\/","name":"Dock Edge+","description":"Your Dock. Your Way.","potentialAction":[{"@type":"SearchAction","target":{"@type":"EntryPoint","urlTemplate":"https:\/\/dockedge.thinairweb.co\/fr\/?s={search_term_string}"},"query-input":{"@type":"PropertyValueSpecification","valueRequired":true,"valueName":"search_term_string"}}],"inLanguage":"fr-FR"}]}},"acf":[],"_links":{"self":[{"href":"https:\/\/dockedge.thinairweb.co\/fr\/wp-json\/wp\/v2\/product\/8431","targetHints":{"allow":["GET"]}}],"collection":[{"href":"https:\/\/dockedge.thinairweb.co\/fr\/wp-json\/wp\/v2\/product"}],"about":[{"href":"https:\/\/dockedge.thinairweb.co\/fr\/wp-json\/wp\/v2\/types\/product"}],"wp:featuredmedia":[{"embeddable":true,"href":"https:\/\/dockedge.thinairweb.co\/fr\/wp-json\/wp\/v2\/media\/7403"}],"wp:attachment":[{"href":"https:\/\/dockedge.thinairweb.co\/fr\/wp-json\/wp\/v2\/media?parent=8431"}],"wp:term":[{"taxonomy":"product_brand","embeddable":true,"href":"https:\/\/dockedge.thinairweb.co\/fr\/wp-json\/wp\/v2\/product_brand?post=8431"},{"taxonomy":"product_cat","embeddable":true,"href":"https:\/\/dockedge.thinairweb.co\/fr\/wp-json\/wp\/v2\/product_cat?post=8431"},{"taxonomy":"product_tag","embeddable":true,"href":"https:\/\/dockedge.thinairweb.co\/fr\/wp-json\/wp\/v2\/product_tag?post=8431"}],"curies":[{"name":"wp","href":"https:\/\/api.w.org\/{rel}","templated":true}]}}