{"id":8432,"date":"2018-04-17T21:22:27","date_gmt":"2018-04-17T21:22:27","guid":{"rendered":"https:\/\/dockedge.com\/product\/pare-chocs-torpilles\/"},"modified":"2018-04-17T21:22:27","modified_gmt":"2018-04-17T21:22:27","slug":"pare-chocs-torpilles","status":"publish","type":"product","link":"https:\/\/dockedge.thinairweb.co\/fr\/produit\/pare-chocs-torpilles\/","title":{"rendered":"PARE-CHOCS TORPILLES"},"content":{"rendered":"<table id=\"product-table\" cellpadding=\"15\" cellspacing=\"0\" border=\"0\">\n<tbody>\n<tr>\n<th>N\u00b0 de pi\u00e8ce<\/th>\n<th>Description<\/th>\n<\/tr>\n<tr>\n<td>DE91104F<\/td>\n<td>Pare-chocs Torpedo 18&Prime;, PVC, bleu marine \u2021<\/td>\n<\/tr>\n<tr>\n<td>DE91110F<\/td>\n<td>Pare-chocs Torpedo 18&Prime;, PVC, blanc \u2021<\/td>\n<\/tr>\n<tr>\n<td>DE91113F<\/td>\n<td>Pare-chocs Torpedo 18&Prime;, PVC, bleu royal \u2021<\/td>\n<\/tr>\n<tr>\n<td>DE91114F<\/td>\n<td>Pare-chocs Torpedo 18&Prime;, PVC, Beige \u2021<\/td>\n<\/tr>\n<tr>\n<td>DE91117F<\/td>\n<td>Pare-chocs Torpedo 18&Prime;, PVC, gris \u2021<\/td>\n<\/tr>\n<tr>\n<td>DE91118F<\/td>\n<td>Pare-chocs Torpedo 18&Prime;, PVC, noir \u2021<\/td>\n<\/tr>\n<tr>\n<td>DE91120F<\/td>\n<td>Butoir Torpedo 23&Prime;, PVC, blanc \u2021<\/td>\n<\/tr>\n<tr>\n<td>DE91122F<\/td>\n<td>Pare-chocs Torpedo 23&Prime;, PVC, bleu royal \u2021<\/td>\n<\/tr>\n<tr>\n<td>DE91124F<\/td>\n<td>Pare-chocs Torpedo 23&Prime;, PVC, beige \u2021<\/td>\n<\/tr>\n<tr>\n<td>DE91125F<\/td>\n<td>Butoir Torpedo 23&Prime;, PVC, gris \u2021<\/td>\n<\/tr>\n<tr>\n<td>DE91126F<\/td>\n<td>Pare-chocs Torpedo 23&Prime;, PVC, noir \u2021<\/td>\n<\/tr>\n<tr>\n<td>DE91129F<\/td>\n<td>Pare-chocs Torpedo 23&Prime;, PVC, bleu marine \u2021<\/td>\n<\/tr>\n<\/tbody>\n<\/table>\n<p><script src=\"\/\/ui.powerreviews.com\/stable\/4.0\/ui.js\"><\/script><\/p>\n<p><script><\/p>\n<p>  POWERREVIEWS.display.render({\n      api_key: 'fdb23d80-8310-4409-87f2-2ee20e24a743',\n      locale: 'en_US',\n      merchant_group_id: '78535',\n      merchant_id: '542114',\n      page_id: '2735',\n      review_wrapper_url: 'http:\/\/www.dockedge.com\/write-a-review\/?pr_page_id=___PAGE_ID___',\nstructured_data_product_id : 'http:\/\/www.dockedge.com\/product\/torpedo-bumpers\/',\nproduct:{\n        name: 'TORPEDO BUMPERS', \n        url: 'http:\/\/www.dockedge.com\/product\/torpedo-bumpers\/',\n        image_url: 'http:\/\/www.dockedge.com\/wp-content\/uploads\/sites\/3\/2018\/03\/TorpedoBumpers.jpg',\n        description: 'Torpedo Bumper 18\" PVC NB',\n        category_name: 'Spot Protection',\n        manufacturer_id: 'DE91104F',\n        upc: '057389911045',\n        brand_name: 'DockEdge',\n        price: '<your_product_price>',\n        in_stock: '<product_in_stock_status>',\n        variants: [{\n            name: 'DE91110F',\n            description: 'Torpedo Bumper 18\" PVC WH',\n\t    upc: '057389911106',\t\n            page_id_variant: '1',\n        },\n        {\n            name: 'DE91113F',\n            description: 'Torpedo Bumper 18\" PVC RB',\n            upc: '057389911137',\n            page_id_variant: '2',  \n        },\n        {\n            name: 'DE91114F',\n            description: 'Torpedo Bumper 18\" PVC BE',\n            upc: '057389911144',\n            page_id_variant: '3',   \n        },\n        {\n            name: 'DE91117F',\n            description: 'Torpedo Bumper 18\" PVC GY',\n            upc: '057389911175',\t\n            page_id_variant: '4',\n        },\n        {\n            name: 'DE91118F',\n            description: 'Torpedo Bumper 18\" PVC BK',\n            upc: '057389911182',\n            page_id_variant: '5',  \n        },\n        {\n            name: 'DE91120F',\n            description: 'Torpedo Bumper 23\" PVC WH',\n            upc: '776113994832',\n            page_id_variant: '6',\n        },\n        {\n            name: 'DE91122F',\n            description: 'Torpedo Bumper 23\" PVC RB',\n            upc: '776113994887',\n            page_id_variant: '7',  \n        },\n        {\n            name: 'DE91124F',\n            description: 'Torpedo Bumper 23\" PVC BE',\n            upc: '776113994849',\n            page_id_variant: '8',   \n        },\n        {\n            name: 'DE91125F',\n            description: 'Torpedo Bumper 23\" PVC GY',\n            upc: '776113994856',\t\n            page_id_variant: '9',\n        },\n        {\n            name: 'DE91126F',\n            description: 'Torpedo Bumper 23\" PVC BK',\n            upc: '776113994863',\n            page_id_variant: '10',  \n        },\n        {\n            name: 'DE91129F',\n            description: 'Torpedo Bumper 23\" PVC NB',\n            upc: '776113994870',\n            page_id_variant: '11',                \n    }]\n    },\n      components: {\n    ReviewSnippet: 'pr-reviewsnippet',\n    ReviewDisplay: 'pr-reviewdisplay'\n      }\n    });\n <\/script><\/p>\n<div id=\"pr-reviewdisplay\"><\/div>\n","protected":false},"excerpt":{"rendered":"<div id=\"pr-reviewsnippet\"><\/div>\n<p><b>CUP<\/b> <br \/>\nCes grands pare-chocs durables ajoutent un coussin attrayant et fonctionnellement robuste aux tuyaux des jambes de votre syst\u00e8me d&rsquo;amarrage. Fabriqu\u00e9es dans le m\u00eame mat\u00e9riau de qualit\u00e9 que nos d\u00e9fenses Dolphin\u2122, elles p\u00e8sent chacune 2,7 lb et mesurent 18&Prime; de haut pour un diam\u00e8tre de 5&Prime;. Placez-les sur les tuyaux des pieds de quai par-dessus les supports de montage pour \u00e9viter d&rsquo;endommager votre embarcation \u00e0 cause des boulons saillants.<br \/>\nCon\u00e7u pour s&rsquo;adapter aux tuyaux jusqu&rsquo;\u00e0 2&Prime; (5,1cm) de diam\u00e8tre ext\u00e9rieur et aux quais \u00e0 cadre de 2&Prime; x 6&Prime; ou 2&Prime; x 8&Prime;.<br \/>\nNouveau mod\u00e8le de 23&Prime; x 6&Prime; con\u00e7u pour s&rsquo;adapter aux quais \u00e0 cadre de 2&Prime; x 10&Prime; ou 2&Prime; x 12&Prime;.   <\/p>\n","protected":false},"featured_media":7393,"template":"","meta":{"_acf_changed":false,"_et_pb_use_builder":"","_et_pb_old_content":"","_et_gb_content_width":""},"product_brand":[],"product_cat":[168],"product_tag":[],"class_list":{"0":"post-8432","1":"product","2":"type-product","3":"status-publish","4":"has-post-thumbnail","6":"product_cat-protection-des-taches","8":"first","9":"instock","10":"shipping-taxable","11":"product-type-simple"},"yoast_head":"<!-- This site is optimized with the Yoast SEO plugin v27.0 - https:\/\/yoast.com\/product\/yoast-seo-wordpress\/ -->\n<title>PARE-CHOCS TORPILLES - Dock Edge+<\/title>\n<meta name=\"robots\" content=\"index, follow, max-snippet:-1, max-image-preview:large, max-video-preview:-1\" \/>\n<link rel=\"canonical\" href=\"https:\/\/dockedge.thinairweb.co\/fr\/produit\/pare-chocs-torpilles\/\" \/>\n<meta property=\"og:locale\" content=\"fr_FR\" \/>\n<meta property=\"og:type\" content=\"article\" \/>\n<meta property=\"og:title\" content=\"PARE-CHOCS TORPILLES - Dock Edge+\" \/>\n<meta property=\"og:description\" content=\"CUP Ces grands pare-chocs durables ajoutent un coussin attrayant et fonctionnellement robuste aux tuyaux des jambes de votre syst\u00e8me d&#039;amarrage. Fabriqu\u00e9es dans le m\u00eame mat\u00e9riau de qualit\u00e9 que nos d\u00e9fenses Dolphin\u2122, elles p\u00e8sent chacune 2,7 lb et mesurent 18&quot; de haut pour un diam\u00e8tre de 5&quot;. Placez-les sur les tuyaux des pieds de quai par-dessus les supports de montage pour \u00e9viter d&#039;endommager votre embarcation \u00e0 cause des boulons saillants. Con\u00e7u pour s&#039;adapter aux tuyaux jusqu&#039;\u00e0 2&quot; (5,1cm) de diam\u00e8tre ext\u00e9rieur et aux quais \u00e0 cadre de 2&quot; x 6&quot; ou 2&quot; x 8&quot;. Nouveau mod\u00e8le de 23&quot; x 6&quot; con\u00e7u pour s&#039;adapter aux quais \u00e0 cadre de 2&quot; x 10&quot; ou 2&quot; x 12&quot;.\" \/>\n<meta property=\"og:url\" content=\"https:\/\/dockedge.thinairweb.co\/fr\/produit\/pare-chocs-torpilles\/\" \/>\n<meta property=\"og:site_name\" content=\"Dock Edge+\" \/>\n<meta property=\"og:image\" content=\"https:\/\/dockedge.thinairweb.co\/wp-content\/uploads\/sites\/3\/2018\/04\/TorpedoBumpers.jpg\" \/>\n\t<meta property=\"og:image:width\" content=\"700\" \/>\n\t<meta property=\"og:image:height\" content=\"700\" \/>\n\t<meta property=\"og:image:type\" content=\"image\/jpeg\" \/>\n<meta name=\"twitter:card\" content=\"summary_large_image\" \/>\n<script type=\"application\/ld+json\" class=\"yoast-schema-graph\">{\"@context\":\"https:\/\/schema.org\",\"@graph\":[{\"@type\":\"WebPage\",\"@id\":\"https:\/\/dockedge.thinairweb.co\/fr\/produit\/pare-chocs-torpilles\/\",\"url\":\"https:\/\/dockedge.thinairweb.co\/fr\/produit\/pare-chocs-torpilles\/\",\"name\":\"PARE-CHOCS TORPILLES - Dock Edge+\",\"isPartOf\":{\"@id\":\"https:\/\/dockedge.thinairweb.co\/fr\/#website\"},\"primaryImageOfPage\":{\"@id\":\"https:\/\/dockedge.thinairweb.co\/fr\/produit\/pare-chocs-torpilles\/#primaryimage\"},\"image\":{\"@id\":\"https:\/\/dockedge.thinairweb.co\/fr\/produit\/pare-chocs-torpilles\/#primaryimage\"},\"thumbnailUrl\":\"https:\/\/dockedge.thinairweb.co\/wp-content\/uploads\/sites\/3\/2018\/04\/TorpedoBumpers.jpg\",\"datePublished\":\"2018-04-17T21:22:27+00:00\",\"breadcrumb\":{\"@id\":\"https:\/\/dockedge.thinairweb.co\/fr\/produit\/pare-chocs-torpilles\/#breadcrumb\"},\"inLanguage\":\"fr-FR\",\"potentialAction\":[{\"@type\":\"ReadAction\",\"target\":[\"https:\/\/dockedge.thinairweb.co\/fr\/produit\/pare-chocs-torpilles\/\"]}]},{\"@type\":\"ImageObject\",\"inLanguage\":\"fr-FR\",\"@id\":\"https:\/\/dockedge.thinairweb.co\/fr\/produit\/pare-chocs-torpilles\/#primaryimage\",\"url\":\"https:\/\/dockedge.thinairweb.co\/wp-content\/uploads\/sites\/3\/2018\/04\/TorpedoBumpers.jpg\",\"contentUrl\":\"https:\/\/dockedge.thinairweb.co\/wp-content\/uploads\/sites\/3\/2018\/04\/TorpedoBumpers.jpg\",\"width\":700,\"height\":700,\"caption\":\"Torpedo Bumpers in assortment of colours\"},{\"@type\":\"BreadcrumbList\",\"@id\":\"https:\/\/dockedge.thinairweb.co\/fr\/produit\/pare-chocs-torpilles\/#breadcrumb\",\"itemListElement\":[{\"@type\":\"ListItem\",\"position\":1,\"name\":\"Home\",\"item\":\"https:\/\/dockedge.thinairweb.co\/fr\/\"},{\"@type\":\"ListItem\",\"position\":2,\"name\":\"Boutique\",\"item\":\"https:\/\/dockedge.thinairweb.co\/fr\/boutique\/\"},{\"@type\":\"ListItem\",\"position\":3,\"name\":\"PARE-CHOCS TORPILLES\"}]},{\"@type\":\"WebSite\",\"@id\":\"https:\/\/dockedge.thinairweb.co\/fr\/#website\",\"url\":\"https:\/\/dockedge.thinairweb.co\/fr\/\",\"name\":\"Dock Edge+\",\"description\":\"Your Dock. Your Way.\",\"potentialAction\":[{\"@type\":\"SearchAction\",\"target\":{\"@type\":\"EntryPoint\",\"urlTemplate\":\"https:\/\/dockedge.thinairweb.co\/fr\/?s={search_term_string}\"},\"query-input\":{\"@type\":\"PropertyValueSpecification\",\"valueRequired\":true,\"valueName\":\"search_term_string\"}}],\"inLanguage\":\"fr-FR\"}]}<\/script>\n<!-- \/ Yoast SEO plugin. -->","yoast_head_json":{"title":"PARE-CHOCS TORPILLES - Dock Edge+","robots":{"index":"index","follow":"follow","max-snippet":"max-snippet:-1","max-image-preview":"max-image-preview:large","max-video-preview":"max-video-preview:-1"},"canonical":"https:\/\/dockedge.thinairweb.co\/fr\/produit\/pare-chocs-torpilles\/","og_locale":"fr_FR","og_type":"article","og_title":"PARE-CHOCS TORPILLES - Dock Edge+","og_description":"CUP Ces grands pare-chocs durables ajoutent un coussin attrayant et fonctionnellement robuste aux tuyaux des jambes de votre syst\u00e8me d'amarrage. Fabriqu\u00e9es dans le m\u00eame mat\u00e9riau de qualit\u00e9 que nos d\u00e9fenses Dolphin\u2122, elles p\u00e8sent chacune 2,7 lb et mesurent 18\" de haut pour un diam\u00e8tre de 5\". Placez-les sur les tuyaux des pieds de quai par-dessus les supports de montage pour \u00e9viter d'endommager votre embarcation \u00e0 cause des boulons saillants. Con\u00e7u pour s'adapter aux tuyaux jusqu'\u00e0 2\" (5,1cm) de diam\u00e8tre ext\u00e9rieur et aux quais \u00e0 cadre de 2\" x 6\" ou 2\" x 8\". Nouveau mod\u00e8le de 23\" x 6\" con\u00e7u pour s'adapter aux quais \u00e0 cadre de 2\" x 10\" ou 2\" x 12\".","og_url":"https:\/\/dockedge.thinairweb.co\/fr\/produit\/pare-chocs-torpilles\/","og_site_name":"Dock Edge+","og_image":[{"width":700,"height":700,"url":"https:\/\/dockedge.thinairweb.co\/wp-content\/uploads\/sites\/3\/2018\/04\/TorpedoBumpers.jpg","type":"image\/jpeg"}],"twitter_card":"summary_large_image","schema":{"@context":"https:\/\/schema.org","@graph":[{"@type":"WebPage","@id":"https:\/\/dockedge.thinairweb.co\/fr\/produit\/pare-chocs-torpilles\/","url":"https:\/\/dockedge.thinairweb.co\/fr\/produit\/pare-chocs-torpilles\/","name":"PARE-CHOCS TORPILLES - Dock Edge+","isPartOf":{"@id":"https:\/\/dockedge.thinairweb.co\/fr\/#website"},"primaryImageOfPage":{"@id":"https:\/\/dockedge.thinairweb.co\/fr\/produit\/pare-chocs-torpilles\/#primaryimage"},"image":{"@id":"https:\/\/dockedge.thinairweb.co\/fr\/produit\/pare-chocs-torpilles\/#primaryimage"},"thumbnailUrl":"https:\/\/dockedge.thinairweb.co\/wp-content\/uploads\/sites\/3\/2018\/04\/TorpedoBumpers.jpg","datePublished":"2018-04-17T21:22:27+00:00","breadcrumb":{"@id":"https:\/\/dockedge.thinairweb.co\/fr\/produit\/pare-chocs-torpilles\/#breadcrumb"},"inLanguage":"fr-FR","potentialAction":[{"@type":"ReadAction","target":["https:\/\/dockedge.thinairweb.co\/fr\/produit\/pare-chocs-torpilles\/"]}]},{"@type":"ImageObject","inLanguage":"fr-FR","@id":"https:\/\/dockedge.thinairweb.co\/fr\/produit\/pare-chocs-torpilles\/#primaryimage","url":"https:\/\/dockedge.thinairweb.co\/wp-content\/uploads\/sites\/3\/2018\/04\/TorpedoBumpers.jpg","contentUrl":"https:\/\/dockedge.thinairweb.co\/wp-content\/uploads\/sites\/3\/2018\/04\/TorpedoBumpers.jpg","width":700,"height":700,"caption":"Torpedo Bumpers in assortment of colours"},{"@type":"BreadcrumbList","@id":"https:\/\/dockedge.thinairweb.co\/fr\/produit\/pare-chocs-torpilles\/#breadcrumb","itemListElement":[{"@type":"ListItem","position":1,"name":"Home","item":"https:\/\/dockedge.thinairweb.co\/fr\/"},{"@type":"ListItem","position":2,"name":"Boutique","item":"https:\/\/dockedge.thinairweb.co\/fr\/boutique\/"},{"@type":"ListItem","position":3,"name":"PARE-CHOCS TORPILLES"}]},{"@type":"WebSite","@id":"https:\/\/dockedge.thinairweb.co\/fr\/#website","url":"https:\/\/dockedge.thinairweb.co\/fr\/","name":"Dock Edge+","description":"Your Dock. Your Way.","potentialAction":[{"@type":"SearchAction","target":{"@type":"EntryPoint","urlTemplate":"https:\/\/dockedge.thinairweb.co\/fr\/?s={search_term_string}"},"query-input":{"@type":"PropertyValueSpecification","valueRequired":true,"valueName":"search_term_string"}}],"inLanguage":"fr-FR"}]}},"acf":[],"_links":{"self":[{"href":"https:\/\/dockedge.thinairweb.co\/fr\/wp-json\/wp\/v2\/product\/8432","targetHints":{"allow":["GET"]}}],"collection":[{"href":"https:\/\/dockedge.thinairweb.co\/fr\/wp-json\/wp\/v2\/product"}],"about":[{"href":"https:\/\/dockedge.thinairweb.co\/fr\/wp-json\/wp\/v2\/types\/product"}],"wp:featuredmedia":[{"embeddable":true,"href":"https:\/\/dockedge.thinairweb.co\/fr\/wp-json\/wp\/v2\/media\/7393"}],"wp:attachment":[{"href":"https:\/\/dockedge.thinairweb.co\/fr\/wp-json\/wp\/v2\/media?parent=8432"}],"wp:term":[{"taxonomy":"product_brand","embeddable":true,"href":"https:\/\/dockedge.thinairweb.co\/fr\/wp-json\/wp\/v2\/product_brand?post=8432"},{"taxonomy":"product_cat","embeddable":true,"href":"https:\/\/dockedge.thinairweb.co\/fr\/wp-json\/wp\/v2\/product_cat?post=8432"},{"taxonomy":"product_tag","embeddable":true,"href":"https:\/\/dockedge.thinairweb.co\/fr\/wp-json\/wp\/v2\/product_tag?post=8432"}],"curies":[{"name":"wp","href":"https:\/\/api.w.org\/{rel}","templated":true}]}}