{"id":8434,"date":"2018-04-18T15:24:50","date_gmt":"2018-04-18T15:24:50","guid":{"rendered":"https:\/\/dockedge.com\/product\/kit-dangle-interieur-fixe\/"},"modified":"2018-04-18T15:24:50","modified_gmt":"2018-04-18T15:24:50","slug":"kit-dangle-interieur-fixe","status":"publish","type":"product","link":"https:\/\/dockedge.thinairweb.co\/fr\/produit\/kit-dangle-interieur-fixe\/","title":{"rendered":"KIT D&rsquo;ANGLE INT\u00c9RIEUR FIXE"},"content":{"rendered":"<table>\n<tbody>\n<tr>\n<th>N\u00b0 de pi\u00e8ce<\/th>\n<th>Description<\/th>\n<\/tr>\n<tr>\n<td>DE85225F<\/td>\n<td>Kit d&rsquo;angle int\u00e9rieur, stationnaire<\/td>\n<\/tr>\n<\/tbody>\n<\/table>\n<p><script src=\"\/\/ui.powerreviews.com\/stable\/4.0\/ui.js\"><\/script><\/p>\n<p><script>\n  POWERREVIEWS.display.render({\n      api_key: 'fdb23d80-8310-4409-87f2-2ee20e24a743',\n      locale: 'en_US',\n      merchant_group_id: '78535',\n      merchant_id: '542114',\n      page_id: '2922',\n      review_wrapper_url: 'http:\/\/www.dockedge.com\/write-a-review\/?pr_page_id=___PAGE_ID___',\nstructured_data_product_id : 'http:\/\/www.dockedge.com\/product\/stationary-inside-corner-kit\/',\nproduct:{\n        name: 'STATIONARY INSIDE CORNER KIT', \n        url: 'http:\/\/www.dockedge.com\/product\/stationary-inside-corner-kit\/',\n        image_url: 'http:\/\/www.dockedge.com\/wp-content\/uploads\/sites\/3\/2018\/04\/STATIONARYINSIDECORNERKIT-1.jpg',\n        description: 'Inside Corner Kit Stat',\n        category_name: 'Dock Construction',\n        manufacturer_id: 'DE85225F',\n        upc: '776113852255',\n        brand_name: 'DockEdge',\n        price: '<your_product_price>',\n        in_stock: '<product_in_stock_status>',\n    },\n      components: {\n    ReviewSnippet: 'pr-reviewsnippet',\n    ReviewDisplay: 'pr-reviewdisplay'\n      }\n    });\n  <\/script><\/p>\n<div id=\"pr-reviewdisplay\"><\/div>\n","protected":false},"excerpt":{"rendered":"<div id=\"pr-reviewsnippet\"><\/div>\n<p><b>UPC<\/b> <br \/>\nLe kit de coin int\u00e9rieur stationnaire DockEdge+ comprend toute la quincaillerie de montage galvanis\u00e9e \u00e0 chaud pour les applications de quai stationnaire o\u00f9 un coin ext\u00e9rieur n&rsquo;est pas n\u00e9cessaire.<\/p>\n<p>N\u00e9cessite 32 boulons de carrosserie de 2-1\/2&Prime; x 3\/8&Prime;, une rondelle de blocage et des \u00e9crous.* <\/p>\n<p>* Les fixations sont vendues s\u00e9par\u00e9ment afin de tenir compte des pr\u00e9f\u00e9rences ou des exigences des consommateurs.<\/p>\n","protected":false},"featured_media":7427,"template":"","meta":{"_acf_changed":false,"_et_pb_use_builder":"","_et_pb_old_content":"","_et_gb_content_width":""},"product_brand":[],"product_cat":[177,179],"product_tag":[],"class_list":{"0":"post-8434","1":"product","2":"type-product","3":"status-publish","4":"has-post-thumbnail","6":"product_cat-construction-de-quais","7":"product_cat-quincaillerie-de-quai-stationnaire","9":"first","10":"instock","11":"shipping-taxable","12":"product-type-simple"},"yoast_head":"<!-- This site is optimized with the Yoast SEO plugin v27.0 - https:\/\/yoast.com\/product\/yoast-seo-wordpress\/ -->\n<title>KIT D&#039;ANGLE INT\u00c9RIEUR FIXE - Dock Edge+<\/title>\n<meta name=\"robots\" content=\"index, follow, max-snippet:-1, max-image-preview:large, max-video-preview:-1\" \/>\n<link rel=\"canonical\" href=\"https:\/\/dockedge.thinairweb.co\/fr\/produit\/kit-dangle-interieur-fixe\/\" \/>\n<meta property=\"og:locale\" content=\"fr_FR\" \/>\n<meta property=\"og:type\" content=\"article\" \/>\n<meta property=\"og:title\" content=\"KIT D&#039;ANGLE INT\u00c9RIEUR FIXE - Dock Edge+\" \/>\n<meta property=\"og:description\" content=\"UPC Le kit de coin int\u00e9rieur stationnaire DockEdge+ comprend toute la quincaillerie de montage galvanis\u00e9e \u00e0 chaud pour les applications de quai stationnaire o\u00f9 un coin ext\u00e9rieur n&#039;est pas n\u00e9cessaire. N\u00e9cessite 32 boulons de carrosserie de 2-1\/2&quot; x 3\/8&quot;, une rondelle de blocage et des \u00e9crous.*  * Les fixations sont vendues s\u00e9par\u00e9ment afin de tenir compte des pr\u00e9f\u00e9rences ou des exigences des consommateurs.\" \/>\n<meta property=\"og:url\" content=\"https:\/\/dockedge.thinairweb.co\/fr\/produit\/kit-dangle-interieur-fixe\/\" \/>\n<meta property=\"og:site_name\" content=\"Dock Edge+\" \/>\n<meta property=\"og:image\" content=\"https:\/\/dockedge.thinairweb.co\/wp-content\/uploads\/sites\/3\/2018\/04\/STATIONARYINSIDECORNERKIT.jpg\" \/>\n\t<meta property=\"og:image:width\" content=\"700\" \/>\n\t<meta property=\"og:image:height\" content=\"700\" \/>\n\t<meta property=\"og:image:type\" content=\"image\/jpeg\" \/>\n<meta name=\"twitter:card\" content=\"summary_large_image\" \/>\n<script type=\"application\/ld+json\" class=\"yoast-schema-graph\">{\"@context\":\"https:\/\/schema.org\",\"@graph\":[{\"@type\":\"WebPage\",\"@id\":\"https:\/\/dockedge.thinairweb.co\/fr\/produit\/kit-dangle-interieur-fixe\/\",\"url\":\"https:\/\/dockedge.thinairweb.co\/fr\/produit\/kit-dangle-interieur-fixe\/\",\"name\":\"KIT D'ANGLE INT\u00c9RIEUR FIXE - Dock Edge+\",\"isPartOf\":{\"@id\":\"https:\/\/dockedge.thinairweb.co\/fr\/#website\"},\"primaryImageOfPage\":{\"@id\":\"https:\/\/dockedge.thinairweb.co\/fr\/produit\/kit-dangle-interieur-fixe\/#primaryimage\"},\"image\":{\"@id\":\"https:\/\/dockedge.thinairweb.co\/fr\/produit\/kit-dangle-interieur-fixe\/#primaryimage\"},\"thumbnailUrl\":\"https:\/\/dockedge.thinairweb.co\/wp-content\/uploads\/sites\/3\/2018\/04\/STATIONARYINSIDECORNERKIT.jpg\",\"datePublished\":\"2018-04-18T15:24:50+00:00\",\"breadcrumb\":{\"@id\":\"https:\/\/dockedge.thinairweb.co\/fr\/produit\/kit-dangle-interieur-fixe\/#breadcrumb\"},\"inLanguage\":\"fr-FR\",\"potentialAction\":[{\"@type\":\"ReadAction\",\"target\":[\"https:\/\/dockedge.thinairweb.co\/fr\/produit\/kit-dangle-interieur-fixe\/\"]}]},{\"@type\":\"ImageObject\",\"inLanguage\":\"fr-FR\",\"@id\":\"https:\/\/dockedge.thinairweb.co\/fr\/produit\/kit-dangle-interieur-fixe\/#primaryimage\",\"url\":\"https:\/\/dockedge.thinairweb.co\/wp-content\/uploads\/sites\/3\/2018\/04\/STATIONARYINSIDECORNERKIT.jpg\",\"contentUrl\":\"https:\/\/dockedge.thinairweb.co\/wp-content\/uploads\/sites\/3\/2018\/04\/STATIONARYINSIDECORNERKIT.jpg\",\"width\":700,\"height\":700,\"caption\":\"Stationary Inside Corner Kit\"},{\"@type\":\"BreadcrumbList\",\"@id\":\"https:\/\/dockedge.thinairweb.co\/fr\/produit\/kit-dangle-interieur-fixe\/#breadcrumb\",\"itemListElement\":[{\"@type\":\"ListItem\",\"position\":1,\"name\":\"Home\",\"item\":\"https:\/\/dockedge.thinairweb.co\/fr\/\"},{\"@type\":\"ListItem\",\"position\":2,\"name\":\"Boutique\",\"item\":\"https:\/\/dockedge.thinairweb.co\/fr\/boutique\/\"},{\"@type\":\"ListItem\",\"position\":3,\"name\":\"KIT D&rsquo;ANGLE INT\u00c9RIEUR FIXE\"}]},{\"@type\":\"WebSite\",\"@id\":\"https:\/\/dockedge.thinairweb.co\/fr\/#website\",\"url\":\"https:\/\/dockedge.thinairweb.co\/fr\/\",\"name\":\"Dock Edge+\",\"description\":\"Your Dock. Your Way.\",\"potentialAction\":[{\"@type\":\"SearchAction\",\"target\":{\"@type\":\"EntryPoint\",\"urlTemplate\":\"https:\/\/dockedge.thinairweb.co\/fr\/?s={search_term_string}\"},\"query-input\":{\"@type\":\"PropertyValueSpecification\",\"valueRequired\":true,\"valueName\":\"search_term_string\"}}],\"inLanguage\":\"fr-FR\"}]}<\/script>\n<!-- \/ Yoast SEO plugin. -->","yoast_head_json":{"title":"KIT D'ANGLE INT\u00c9RIEUR FIXE - Dock Edge+","robots":{"index":"index","follow":"follow","max-snippet":"max-snippet:-1","max-image-preview":"max-image-preview:large","max-video-preview":"max-video-preview:-1"},"canonical":"https:\/\/dockedge.thinairweb.co\/fr\/produit\/kit-dangle-interieur-fixe\/","og_locale":"fr_FR","og_type":"article","og_title":"KIT D'ANGLE INT\u00c9RIEUR FIXE - Dock Edge+","og_description":"UPC Le kit de coin int\u00e9rieur stationnaire DockEdge+ comprend toute la quincaillerie de montage galvanis\u00e9e \u00e0 chaud pour les applications de quai stationnaire o\u00f9 un coin ext\u00e9rieur n'est pas n\u00e9cessaire. N\u00e9cessite 32 boulons de carrosserie de 2-1\/2\" x 3\/8\", une rondelle de blocage et des \u00e9crous.*  * Les fixations sont vendues s\u00e9par\u00e9ment afin de tenir compte des pr\u00e9f\u00e9rences ou des exigences des consommateurs.","og_url":"https:\/\/dockedge.thinairweb.co\/fr\/produit\/kit-dangle-interieur-fixe\/","og_site_name":"Dock Edge+","og_image":[{"width":700,"height":700,"url":"https:\/\/dockedge.thinairweb.co\/wp-content\/uploads\/sites\/3\/2018\/04\/STATIONARYINSIDECORNERKIT.jpg","type":"image\/jpeg"}],"twitter_card":"summary_large_image","schema":{"@context":"https:\/\/schema.org","@graph":[{"@type":"WebPage","@id":"https:\/\/dockedge.thinairweb.co\/fr\/produit\/kit-dangle-interieur-fixe\/","url":"https:\/\/dockedge.thinairweb.co\/fr\/produit\/kit-dangle-interieur-fixe\/","name":"KIT D'ANGLE INT\u00c9RIEUR FIXE - Dock Edge+","isPartOf":{"@id":"https:\/\/dockedge.thinairweb.co\/fr\/#website"},"primaryImageOfPage":{"@id":"https:\/\/dockedge.thinairweb.co\/fr\/produit\/kit-dangle-interieur-fixe\/#primaryimage"},"image":{"@id":"https:\/\/dockedge.thinairweb.co\/fr\/produit\/kit-dangle-interieur-fixe\/#primaryimage"},"thumbnailUrl":"https:\/\/dockedge.thinairweb.co\/wp-content\/uploads\/sites\/3\/2018\/04\/STATIONARYINSIDECORNERKIT.jpg","datePublished":"2018-04-18T15:24:50+00:00","breadcrumb":{"@id":"https:\/\/dockedge.thinairweb.co\/fr\/produit\/kit-dangle-interieur-fixe\/#breadcrumb"},"inLanguage":"fr-FR","potentialAction":[{"@type":"ReadAction","target":["https:\/\/dockedge.thinairweb.co\/fr\/produit\/kit-dangle-interieur-fixe\/"]}]},{"@type":"ImageObject","inLanguage":"fr-FR","@id":"https:\/\/dockedge.thinairweb.co\/fr\/produit\/kit-dangle-interieur-fixe\/#primaryimage","url":"https:\/\/dockedge.thinairweb.co\/wp-content\/uploads\/sites\/3\/2018\/04\/STATIONARYINSIDECORNERKIT.jpg","contentUrl":"https:\/\/dockedge.thinairweb.co\/wp-content\/uploads\/sites\/3\/2018\/04\/STATIONARYINSIDECORNERKIT.jpg","width":700,"height":700,"caption":"Stationary Inside Corner Kit"},{"@type":"BreadcrumbList","@id":"https:\/\/dockedge.thinairweb.co\/fr\/produit\/kit-dangle-interieur-fixe\/#breadcrumb","itemListElement":[{"@type":"ListItem","position":1,"name":"Home","item":"https:\/\/dockedge.thinairweb.co\/fr\/"},{"@type":"ListItem","position":2,"name":"Boutique","item":"https:\/\/dockedge.thinairweb.co\/fr\/boutique\/"},{"@type":"ListItem","position":3,"name":"KIT D&rsquo;ANGLE INT\u00c9RIEUR FIXE"}]},{"@type":"WebSite","@id":"https:\/\/dockedge.thinairweb.co\/fr\/#website","url":"https:\/\/dockedge.thinairweb.co\/fr\/","name":"Dock Edge+","description":"Your Dock. Your Way.","potentialAction":[{"@type":"SearchAction","target":{"@type":"EntryPoint","urlTemplate":"https:\/\/dockedge.thinairweb.co\/fr\/?s={search_term_string}"},"query-input":{"@type":"PropertyValueSpecification","valueRequired":true,"valueName":"search_term_string"}}],"inLanguage":"fr-FR"}]}},"acf":[],"_links":{"self":[{"href":"https:\/\/dockedge.thinairweb.co\/fr\/wp-json\/wp\/v2\/product\/8434","targetHints":{"allow":["GET"]}}],"collection":[{"href":"https:\/\/dockedge.thinairweb.co\/fr\/wp-json\/wp\/v2\/product"}],"about":[{"href":"https:\/\/dockedge.thinairweb.co\/fr\/wp-json\/wp\/v2\/types\/product"}],"wp:featuredmedia":[{"embeddable":true,"href":"https:\/\/dockedge.thinairweb.co\/fr\/wp-json\/wp\/v2\/media\/7427"}],"wp:attachment":[{"href":"https:\/\/dockedge.thinairweb.co\/fr\/wp-json\/wp\/v2\/media?parent=8434"}],"wp:term":[{"taxonomy":"product_brand","embeddable":true,"href":"https:\/\/dockedge.thinairweb.co\/fr\/wp-json\/wp\/v2\/product_brand?post=8434"},{"taxonomy":"product_cat","embeddable":true,"href":"https:\/\/dockedge.thinairweb.co\/fr\/wp-json\/wp\/v2\/product_cat?post=8434"},{"taxonomy":"product_tag","embeddable":true,"href":"https:\/\/dockedge.thinairweb.co\/fr\/wp-json\/wp\/v2\/product_tag?post=8434"}],"curies":[{"name":"wp","href":"https:\/\/api.w.org\/{rel}","templated":true}]}}