{"id":8438,"date":"2018-04-18T15:17:59","date_gmt":"2018-04-18T15:17:59","guid":{"rendered":"https:\/\/dockedge.com\/product\/quincaillerie-de-quai-stationnaire\/"},"modified":"2018-04-18T15:17:59","modified_gmt":"2018-04-18T15:17:59","slug":"quincaillerie-de-quai-stationnaire","status":"publish","type":"product","link":"https:\/\/dockedge.thinairweb.co\/fr\/produit\/quincaillerie-de-quai-stationnaire\/","title":{"rendered":"QUINCAILLERIE DE QUAI STATIONNAIRE"},"content":{"rendered":"<p><script src=\"\/\/ui.powerreviews.com\/stable\/4.0\/ui.js\"><\/script><\/p>\n<p><script>\n  POWERREVIEWS.display.render({\n      api_key: 'fdb23d80-8310-4409-87f2-2ee20e24a743',\n      locale: 'en_US',\n      merchant_group_id: '78535',\n      merchant_id: '542114',\n      page_id: '2912',\n      review_wrapper_url: 'http:\/\/www.dockedge.com\/write-a-review\/?pr_page_id=___PAGE_ID___',\nstructured_data_product_id : 'http:\/\/www.dockedge.com\/product\/stationary-dock-hardware\/',\nproduct:{\n        name: 'STATIONARY DOCK HARDWARE', \n        url: 'http:\/\/www.dockedge.com\/product\/stationary-dock-hardware\/',\n        image_url: 'http:\/\/www.dockedge.com\/wp-content\/uploads\/sites\/3\/2018\/04\/FloatingDTG.jpg',\n        description: '<your_product_description>',\n        category_name: 'Dock Construction',\n        manufacturer_id: '<your_product_manufacturer_id>',\n        upc: '<your_product_upc>',\n        brand_name: 'Dockedge',\n        price: '<your_product_price>',\n        in_stock: '<product_in_stock_status>',\n    },\n      components: {\n    ReviewSnippet: 'pr-reviewsnippet',\n    ReviewDisplay: 'pr-reviewdisplay'\n      }\n    });\n  <\/script><\/p>\n<div id=\"pr-reviewdisplay\"><\/div>\n","protected":false},"excerpt":{"rendered":"<div id=\"pr-reviewsnippet\"><\/div>\n<p><b>UPC<\/b> <br \/>\nToute la quincaillerie de quai stationnaire est en acier galvanis\u00e9 \u00e0 chaud de 1\/8&Prime; (nominal) avec des trous de 7\/16&Prime; pour des boulons de carrosserie de 3\/8&Prime;.<\/p>\n<p>DockEdge+ Inc. offre un guide de placement de la quincaillerie, pour aider \u00e0 la construction du quai.<\/p>\n<p>Cliquez ici pour t\u00e9l\u00e9charger ce guide.<\/p>\n","protected":false},"featured_media":7128,"template":"","meta":{"_acf_changed":false,"_et_pb_use_builder":"","_et_pb_old_content":"","_et_gb_content_width":""},"product_brand":[],"product_cat":[177],"product_tag":[],"class_list":{"0":"post-8438","1":"product","2":"type-product","3":"status-publish","4":"has-post-thumbnail","6":"product_cat-construction-de-quais","8":"first","9":"instock","10":"shipping-taxable","11":"product-type-simple"},"yoast_head":"<!-- This site is optimized with the Yoast SEO plugin v27.0 - https:\/\/yoast.com\/product\/yoast-seo-wordpress\/ -->\n<title>QUINCAILLERIE DE QUAI STATIONNAIRE - Dock Edge+<\/title>\n<meta name=\"robots\" content=\"index, follow, max-snippet:-1, max-image-preview:large, max-video-preview:-1\" \/>\n<link rel=\"canonical\" href=\"https:\/\/dockedge.thinairweb.co\/fr\/produit\/quincaillerie-de-quai-stationnaire\/\" \/>\n<meta property=\"og:locale\" content=\"fr_FR\" \/>\n<meta property=\"og:type\" content=\"article\" \/>\n<meta property=\"og:title\" content=\"QUINCAILLERIE DE QUAI STATIONNAIRE - Dock Edge+\" \/>\n<meta property=\"og:description\" content=\"UPC Toute la quincaillerie de quai stationnaire est en acier galvanis\u00e9 \u00e0 chaud de 1\/8&quot; (nominal) avec des trous de 7\/16&quot; pour des boulons de carrosserie de 3\/8&quot;. DockEdge+ Inc. offre un guide de placement de la quincaillerie, pour aider \u00e0 la construction du quai. Cliquez ici pour t\u00e9l\u00e9charger ce guide.\" \/>\n<meta property=\"og:url\" content=\"https:\/\/dockedge.thinairweb.co\/fr\/produit\/quincaillerie-de-quai-stationnaire\/\" \/>\n<meta property=\"og:site_name\" content=\"Dock Edge+\" \/>\n<meta property=\"og:image\" content=\"https:\/\/dockedge.thinairweb.co\/wp-content\/uploads\/sites\/3\/2018\/04\/FloatingDTG.jpg\" \/>\n\t<meta property=\"og:image:width\" content=\"1200\" \/>\n\t<meta property=\"og:image:height\" content=\"792\" \/>\n\t<meta property=\"og:image:type\" content=\"image\/jpeg\" \/>\n<meta name=\"twitter:card\" content=\"summary_large_image\" \/>\n<script type=\"application\/ld+json\" class=\"yoast-schema-graph\">{\"@context\":\"https:\/\/schema.org\",\"@graph\":[{\"@type\":\"WebPage\",\"@id\":\"https:\/\/dockedge.thinairweb.co\/fr\/produit\/quincaillerie-de-quai-stationnaire\/\",\"url\":\"https:\/\/dockedge.thinairweb.co\/fr\/produit\/quincaillerie-de-quai-stationnaire\/\",\"name\":\"QUINCAILLERIE DE QUAI STATIONNAIRE - Dock Edge+\",\"isPartOf\":{\"@id\":\"https:\/\/dockedge.thinairweb.co\/fr\/#website\"},\"primaryImageOfPage\":{\"@id\":\"https:\/\/dockedge.thinairweb.co\/fr\/produit\/quincaillerie-de-quai-stationnaire\/#primaryimage\"},\"image\":{\"@id\":\"https:\/\/dockedge.thinairweb.co\/fr\/produit\/quincaillerie-de-quai-stationnaire\/#primaryimage\"},\"thumbnailUrl\":\"https:\/\/dockedge.thinairweb.co\/wp-content\/uploads\/sites\/3\/2018\/04\/FloatingDTG.jpg\",\"datePublished\":\"2018-04-18T15:17:59+00:00\",\"breadcrumb\":{\"@id\":\"https:\/\/dockedge.thinairweb.co\/fr\/produit\/quincaillerie-de-quai-stationnaire\/#breadcrumb\"},\"inLanguage\":\"fr-FR\",\"potentialAction\":[{\"@type\":\"ReadAction\",\"target\":[\"https:\/\/dockedge.thinairweb.co\/fr\/produit\/quincaillerie-de-quai-stationnaire\/\"]}]},{\"@type\":\"ImageObject\",\"inLanguage\":\"fr-FR\",\"@id\":\"https:\/\/dockedge.thinairweb.co\/fr\/produit\/quincaillerie-de-quai-stationnaire\/#primaryimage\",\"url\":\"https:\/\/dockedge.thinairweb.co\/wp-content\/uploads\/sites\/3\/2018\/04\/FloatingDTG.jpg\",\"contentUrl\":\"https:\/\/dockedge.thinairweb.co\/wp-content\/uploads\/sites\/3\/2018\/04\/FloatingDTG.jpg\",\"width\":\"1200\",\"height\":\"792\",\"caption\":\"Stationary Dock Hardware\"},{\"@type\":\"BreadcrumbList\",\"@id\":\"https:\/\/dockedge.thinairweb.co\/fr\/produit\/quincaillerie-de-quai-stationnaire\/#breadcrumb\",\"itemListElement\":[{\"@type\":\"ListItem\",\"position\":1,\"name\":\"Home\",\"item\":\"https:\/\/dockedge.thinairweb.co\/fr\/\"},{\"@type\":\"ListItem\",\"position\":2,\"name\":\"Boutique\",\"item\":\"https:\/\/dockedge.thinairweb.co\/fr\/boutique\/\"},{\"@type\":\"ListItem\",\"position\":3,\"name\":\"QUINCAILLERIE DE QUAI STATIONNAIRE\"}]},{\"@type\":\"WebSite\",\"@id\":\"https:\/\/dockedge.thinairweb.co\/fr\/#website\",\"url\":\"https:\/\/dockedge.thinairweb.co\/fr\/\",\"name\":\"Dock Edge+\",\"description\":\"Your Dock. Your Way.\",\"potentialAction\":[{\"@type\":\"SearchAction\",\"target\":{\"@type\":\"EntryPoint\",\"urlTemplate\":\"https:\/\/dockedge.thinairweb.co\/fr\/?s={search_term_string}\"},\"query-input\":{\"@type\":\"PropertyValueSpecification\",\"valueRequired\":true,\"valueName\":\"search_term_string\"}}],\"inLanguage\":\"fr-FR\"}]}<\/script>\n<!-- \/ Yoast SEO plugin. -->","yoast_head_json":{"title":"QUINCAILLERIE DE QUAI STATIONNAIRE - Dock Edge+","robots":{"index":"index","follow":"follow","max-snippet":"max-snippet:-1","max-image-preview":"max-image-preview:large","max-video-preview":"max-video-preview:-1"},"canonical":"https:\/\/dockedge.thinairweb.co\/fr\/produit\/quincaillerie-de-quai-stationnaire\/","og_locale":"fr_FR","og_type":"article","og_title":"QUINCAILLERIE DE QUAI STATIONNAIRE - Dock Edge+","og_description":"UPC Toute la quincaillerie de quai stationnaire est en acier galvanis\u00e9 \u00e0 chaud de 1\/8\" (nominal) avec des trous de 7\/16\" pour des boulons de carrosserie de 3\/8\". DockEdge+ Inc. offre un guide de placement de la quincaillerie, pour aider \u00e0 la construction du quai. Cliquez ici pour t\u00e9l\u00e9charger ce guide.","og_url":"https:\/\/dockedge.thinairweb.co\/fr\/produit\/quincaillerie-de-quai-stationnaire\/","og_site_name":"Dock Edge+","og_image":[{"width":1200,"height":792,"url":"https:\/\/dockedge.thinairweb.co\/wp-content\/uploads\/sites\/3\/2018\/04\/FloatingDTG.jpg","type":"image\/jpeg"}],"twitter_card":"summary_large_image","schema":{"@context":"https:\/\/schema.org","@graph":[{"@type":"WebPage","@id":"https:\/\/dockedge.thinairweb.co\/fr\/produit\/quincaillerie-de-quai-stationnaire\/","url":"https:\/\/dockedge.thinairweb.co\/fr\/produit\/quincaillerie-de-quai-stationnaire\/","name":"QUINCAILLERIE DE QUAI STATIONNAIRE - Dock Edge+","isPartOf":{"@id":"https:\/\/dockedge.thinairweb.co\/fr\/#website"},"primaryImageOfPage":{"@id":"https:\/\/dockedge.thinairweb.co\/fr\/produit\/quincaillerie-de-quai-stationnaire\/#primaryimage"},"image":{"@id":"https:\/\/dockedge.thinairweb.co\/fr\/produit\/quincaillerie-de-quai-stationnaire\/#primaryimage"},"thumbnailUrl":"https:\/\/dockedge.thinairweb.co\/wp-content\/uploads\/sites\/3\/2018\/04\/FloatingDTG.jpg","datePublished":"2018-04-18T15:17:59+00:00","breadcrumb":{"@id":"https:\/\/dockedge.thinairweb.co\/fr\/produit\/quincaillerie-de-quai-stationnaire\/#breadcrumb"},"inLanguage":"fr-FR","potentialAction":[{"@type":"ReadAction","target":["https:\/\/dockedge.thinairweb.co\/fr\/produit\/quincaillerie-de-quai-stationnaire\/"]}]},{"@type":"ImageObject","inLanguage":"fr-FR","@id":"https:\/\/dockedge.thinairweb.co\/fr\/produit\/quincaillerie-de-quai-stationnaire\/#primaryimage","url":"https:\/\/dockedge.thinairweb.co\/wp-content\/uploads\/sites\/3\/2018\/04\/FloatingDTG.jpg","contentUrl":"https:\/\/dockedge.thinairweb.co\/wp-content\/uploads\/sites\/3\/2018\/04\/FloatingDTG.jpg","width":"1200","height":"792","caption":"Stationary Dock Hardware"},{"@type":"BreadcrumbList","@id":"https:\/\/dockedge.thinairweb.co\/fr\/produit\/quincaillerie-de-quai-stationnaire\/#breadcrumb","itemListElement":[{"@type":"ListItem","position":1,"name":"Home","item":"https:\/\/dockedge.thinairweb.co\/fr\/"},{"@type":"ListItem","position":2,"name":"Boutique","item":"https:\/\/dockedge.thinairweb.co\/fr\/boutique\/"},{"@type":"ListItem","position":3,"name":"QUINCAILLERIE DE QUAI STATIONNAIRE"}]},{"@type":"WebSite","@id":"https:\/\/dockedge.thinairweb.co\/fr\/#website","url":"https:\/\/dockedge.thinairweb.co\/fr\/","name":"Dock Edge+","description":"Your Dock. Your Way.","potentialAction":[{"@type":"SearchAction","target":{"@type":"EntryPoint","urlTemplate":"https:\/\/dockedge.thinairweb.co\/fr\/?s={search_term_string}"},"query-input":{"@type":"PropertyValueSpecification","valueRequired":true,"valueName":"search_term_string"}}],"inLanguage":"fr-FR"}]}},"acf":[],"_links":{"self":[{"href":"https:\/\/dockedge.thinairweb.co\/fr\/wp-json\/wp\/v2\/product\/8438","targetHints":{"allow":["GET"]}}],"collection":[{"href":"https:\/\/dockedge.thinairweb.co\/fr\/wp-json\/wp\/v2\/product"}],"about":[{"href":"https:\/\/dockedge.thinairweb.co\/fr\/wp-json\/wp\/v2\/types\/product"}],"wp:featuredmedia":[{"embeddable":true,"href":"https:\/\/dockedge.thinairweb.co\/fr\/wp-json\/wp\/v2\/media\/7128"}],"wp:attachment":[{"href":"https:\/\/dockedge.thinairweb.co\/fr\/wp-json\/wp\/v2\/media?parent=8438"}],"wp:term":[{"taxonomy":"product_brand","embeddable":true,"href":"https:\/\/dockedge.thinairweb.co\/fr\/wp-json\/wp\/v2\/product_brand?post=8438"},{"taxonomy":"product_cat","embeddable":true,"href":"https:\/\/dockedge.thinairweb.co\/fr\/wp-json\/wp\/v2\/product_cat?post=8438"},{"taxonomy":"product_tag","embeddable":true,"href":"https:\/\/dockedge.thinairweb.co\/fr\/wp-json\/wp\/v2\/product_tag?post=8438"}],"curies":[{"name":"wp","href":"https:\/\/api.w.org\/{rel}","templated":true}]}}