{"id":8441,"date":"2018-04-18T14:31:52","date_gmt":"2018-04-18T14:31:52","guid":{"rendered":"https:\/\/dockedge.com\/product\/kit-de-charniere-pour-connecteur-flottant\/"},"modified":"2018-04-18T14:31:52","modified_gmt":"2018-04-18T14:31:52","slug":"kit-de-charniere-pour-connecteur-flottant","status":"publish","type":"product","link":"https:\/\/dockedge.thinairweb.co\/fr\/produit\/kit-de-charniere-pour-connecteur-flottant\/","title":{"rendered":"KIT DE CHARNI\u00c8RE POUR CONNECTEUR FLOTTANT"},"content":{"rendered":"<p>N\u00b0 de pi\u00e8ce Description<\/p>\n<table id=\"product-table\" border=\"0\" cellspacing=\"0\" cellpadding=\"15\">\n<tbody>\n<tr>\n<td>DE85205F<\/td>\n<td>Kit de connexion, flottant<\/td>\n<\/tr>\n<\/tbody>\n<\/table>\n<p><script src=\"\/\/ui.powerreviews.com\/stable\/4.0\/ui.js\"><\/script><\/p>\n<p><script>\n  POWERREVIEWS.display.render({\n      api_key: 'fdb23d80-8310-4409-87f2-2ee20e24a743',\n      locale: 'en_US',\n      merchant_group_id: '78535',\n      merchant_id: '542114',\n      page_id: '2861',\n      review_wrapper_url: 'http:\/\/www.dockedge.com\/write-a-review\/?pr_page_id=___PAGE_ID___',\nstructured_data_product_id : 'http:\/\/www.dockedge.com\/product\/floating-connector-hinge-kit\/',\nproduct:{\n        name: 'FLOATING CONNECTOR HINGE KIT', \n        url: 'http:\/\/www.dockedge.com\/product\/floating-connector-hinge-kit\/',\n        image_url: 'http:\/\/www.dockedge.com\/wp-content\/uploads\/sites\/3\/2018\/04\/DE85205F.jpg',\n        description: 'Connect Kit Fltg',\n        category_name: 'Dock Construction',\n        manufacturer_id: 'DE85205F',\n        upc: '057389852058',\n        brand_name: 'DockEdge',\n        price: '<your_product_price>',\n        in_stock: '<product_in_stock_status>',\n    },\n      components: {\n    ReviewSnippet: 'pr-reviewsnippet',\n    ReviewDisplay: 'pr-reviewdisplay'\n      }\n    });\n  <\/script><\/p>\n<div id=\"pr-reviewdisplay\"><\/div>\n","protected":false},"excerpt":{"rendered":"<div id=\"pr-reviewsnippet\"><\/div>\n<p><b>UPC<\/b> <br \/>\nL&rsquo;ensemble de charni\u00e8res du connecteur flottant DockEdge+ comprend toute la quincaillerie de montage galvanis\u00e9e \u00e0 chaud robuste n\u00e9cessaire pour fixer solidement les sections de quai modulaire Dock 2 Go ensemble.*<\/p>\n<p>N\u00e9cessite 16 boulons de carrosserie de 2-1\/2 po x 1\/2 po, une rondelle de blocage et des \u00e9crous.**<\/p>\n<p>* Les fixations, le bois d&rsquo;\u0153uvre, la flottaison et l&rsquo;ancrage sont vendus s\u00e9par\u00e9ment pour tenir compte des pr\u00e9f\u00e9rences ou des exigences des consommateurs.<\/p>\n<p>**Les fixations sont vendues s\u00e9par\u00e9ment pour tenir compte des pr\u00e9f\u00e9rences ou des exigences des consommateurs.<\/p>\n","protected":false},"featured_media":7435,"template":"","meta":{"_acf_changed":false,"_et_pb_use_builder":"","_et_pb_old_content":"","_et_gb_content_width":""},"product_brand":[],"product_cat":[177,180],"product_tag":[],"class_list":{"0":"post-8441","1":"product","2":"type-product","3":"status-publish","4":"has-post-thumbnail","6":"product_cat-construction-de-quais","7":"product_cat-quincaillerie-pour-quais-flottants","9":"first","10":"instock","11":"shipping-taxable","12":"product-type-simple"},"yoast_head":"<!-- This site is optimized with the Yoast SEO plugin v27.0 - https:\/\/yoast.com\/product\/yoast-seo-wordpress\/ -->\n<title>KIT DE CHARNI\u00c8RE POUR CONNECTEUR FLOTTANT - Dock Edge+<\/title>\n<meta name=\"robots\" content=\"index, follow, max-snippet:-1, max-image-preview:large, max-video-preview:-1\" \/>\n<link rel=\"canonical\" href=\"https:\/\/dockedge.thinairweb.co\/fr\/produit\/kit-de-charniere-pour-connecteur-flottant\/\" \/>\n<meta property=\"og:locale\" content=\"fr_FR\" \/>\n<meta property=\"og:type\" content=\"article\" \/>\n<meta property=\"og:title\" content=\"KIT DE CHARNI\u00c8RE POUR CONNECTEUR FLOTTANT - Dock Edge+\" \/>\n<meta property=\"og:description\" content=\"UPC L&#039;ensemble de charni\u00e8res du connecteur flottant DockEdge+ comprend toute la quincaillerie de montage galvanis\u00e9e \u00e0 chaud robuste n\u00e9cessaire pour fixer solidement les sections de quai modulaire Dock 2 Go ensemble.* N\u00e9cessite 16 boulons de carrosserie de 2-1\/2 po x 1\/2 po, une rondelle de blocage et des \u00e9crous.** * Les fixations, le bois d&#039;\u0153uvre, la flottaison et l&#039;ancrage sont vendus s\u00e9par\u00e9ment pour tenir compte des pr\u00e9f\u00e9rences ou des exigences des consommateurs. **Les fixations sont vendues s\u00e9par\u00e9ment pour tenir compte des pr\u00e9f\u00e9rences ou des exigences des consommateurs.\" \/>\n<meta property=\"og:url\" content=\"https:\/\/dockedge.thinairweb.co\/fr\/produit\/kit-de-charniere-pour-connecteur-flottant\/\" \/>\n<meta property=\"og:site_name\" content=\"Dock Edge+\" \/>\n<meta property=\"og:image\" content=\"https:\/\/dockedge.thinairweb.co\/wp-content\/uploads\/sites\/3\/2018\/04\/DE85205F.jpg\" \/>\n\t<meta property=\"og:image:width\" content=\"700\" \/>\n\t<meta property=\"og:image:height\" content=\"700\" \/>\n\t<meta property=\"og:image:type\" content=\"image\/jpeg\" \/>\n<meta name=\"twitter:card\" content=\"summary_large_image\" \/>\n<script type=\"application\/ld+json\" class=\"yoast-schema-graph\">{\"@context\":\"https:\/\/schema.org\",\"@graph\":[{\"@type\":\"WebPage\",\"@id\":\"https:\/\/dockedge.thinairweb.co\/fr\/produit\/kit-de-charniere-pour-connecteur-flottant\/\",\"url\":\"https:\/\/dockedge.thinairweb.co\/fr\/produit\/kit-de-charniere-pour-connecteur-flottant\/\",\"name\":\"KIT DE CHARNI\u00c8RE POUR CONNECTEUR FLOTTANT - Dock Edge+\",\"isPartOf\":{\"@id\":\"https:\/\/dockedge.thinairweb.co\/fr\/#website\"},\"primaryImageOfPage\":{\"@id\":\"https:\/\/dockedge.thinairweb.co\/fr\/produit\/kit-de-charniere-pour-connecteur-flottant\/#primaryimage\"},\"image\":{\"@id\":\"https:\/\/dockedge.thinairweb.co\/fr\/produit\/kit-de-charniere-pour-connecteur-flottant\/#primaryimage\"},\"thumbnailUrl\":\"https:\/\/dockedge.thinairweb.co\/wp-content\/uploads\/sites\/3\/2018\/04\/DE85205F.jpg\",\"datePublished\":\"2018-04-18T14:31:52+00:00\",\"breadcrumb\":{\"@id\":\"https:\/\/dockedge.thinairweb.co\/fr\/produit\/kit-de-charniere-pour-connecteur-flottant\/#breadcrumb\"},\"inLanguage\":\"fr-FR\",\"potentialAction\":[{\"@type\":\"ReadAction\",\"target\":[\"https:\/\/dockedge.thinairweb.co\/fr\/produit\/kit-de-charniere-pour-connecteur-flottant\/\"]}]},{\"@type\":\"ImageObject\",\"inLanguage\":\"fr-FR\",\"@id\":\"https:\/\/dockedge.thinairweb.co\/fr\/produit\/kit-de-charniere-pour-connecteur-flottant\/#primaryimage\",\"url\":\"https:\/\/dockedge.thinairweb.co\/wp-content\/uploads\/sites\/3\/2018\/04\/DE85205F.jpg\",\"contentUrl\":\"https:\/\/dockedge.thinairweb.co\/wp-content\/uploads\/sites\/3\/2018\/04\/DE85205F.jpg\",\"width\":700,\"height\":700,\"caption\":\"Floating Connector Hinge Kit\"},{\"@type\":\"BreadcrumbList\",\"@id\":\"https:\/\/dockedge.thinairweb.co\/fr\/produit\/kit-de-charniere-pour-connecteur-flottant\/#breadcrumb\",\"itemListElement\":[{\"@type\":\"ListItem\",\"position\":1,\"name\":\"Home\",\"item\":\"https:\/\/dockedge.thinairweb.co\/fr\/\"},{\"@type\":\"ListItem\",\"position\":2,\"name\":\"Boutique\",\"item\":\"https:\/\/dockedge.thinairweb.co\/fr\/boutique\/\"},{\"@type\":\"ListItem\",\"position\":3,\"name\":\"KIT DE CHARNI\u00c8RE POUR CONNECTEUR FLOTTANT\"}]},{\"@type\":\"WebSite\",\"@id\":\"https:\/\/dockedge.thinairweb.co\/fr\/#website\",\"url\":\"https:\/\/dockedge.thinairweb.co\/fr\/\",\"name\":\"Dock Edge+\",\"description\":\"Your Dock. Your Way.\",\"potentialAction\":[{\"@type\":\"SearchAction\",\"target\":{\"@type\":\"EntryPoint\",\"urlTemplate\":\"https:\/\/dockedge.thinairweb.co\/fr\/?s={search_term_string}\"},\"query-input\":{\"@type\":\"PropertyValueSpecification\",\"valueRequired\":true,\"valueName\":\"search_term_string\"}}],\"inLanguage\":\"fr-FR\"}]}<\/script>\n<!-- \/ Yoast SEO plugin. -->","yoast_head_json":{"title":"KIT DE CHARNI\u00c8RE POUR CONNECTEUR FLOTTANT - Dock Edge+","robots":{"index":"index","follow":"follow","max-snippet":"max-snippet:-1","max-image-preview":"max-image-preview:large","max-video-preview":"max-video-preview:-1"},"canonical":"https:\/\/dockedge.thinairweb.co\/fr\/produit\/kit-de-charniere-pour-connecteur-flottant\/","og_locale":"fr_FR","og_type":"article","og_title":"KIT DE CHARNI\u00c8RE POUR CONNECTEUR FLOTTANT - Dock Edge+","og_description":"UPC L'ensemble de charni\u00e8res du connecteur flottant DockEdge+ comprend toute la quincaillerie de montage galvanis\u00e9e \u00e0 chaud robuste n\u00e9cessaire pour fixer solidement les sections de quai modulaire Dock 2 Go ensemble.* N\u00e9cessite 16 boulons de carrosserie de 2-1\/2 po x 1\/2 po, une rondelle de blocage et des \u00e9crous.** * Les fixations, le bois d'\u0153uvre, la flottaison et l'ancrage sont vendus s\u00e9par\u00e9ment pour tenir compte des pr\u00e9f\u00e9rences ou des exigences des consommateurs. **Les fixations sont vendues s\u00e9par\u00e9ment pour tenir compte des pr\u00e9f\u00e9rences ou des exigences des consommateurs.","og_url":"https:\/\/dockedge.thinairweb.co\/fr\/produit\/kit-de-charniere-pour-connecteur-flottant\/","og_site_name":"Dock Edge+","og_image":[{"width":700,"height":700,"url":"https:\/\/dockedge.thinairweb.co\/wp-content\/uploads\/sites\/3\/2018\/04\/DE85205F.jpg","type":"image\/jpeg"}],"twitter_card":"summary_large_image","schema":{"@context":"https:\/\/schema.org","@graph":[{"@type":"WebPage","@id":"https:\/\/dockedge.thinairweb.co\/fr\/produit\/kit-de-charniere-pour-connecteur-flottant\/","url":"https:\/\/dockedge.thinairweb.co\/fr\/produit\/kit-de-charniere-pour-connecteur-flottant\/","name":"KIT DE CHARNI\u00c8RE POUR CONNECTEUR FLOTTANT - Dock Edge+","isPartOf":{"@id":"https:\/\/dockedge.thinairweb.co\/fr\/#website"},"primaryImageOfPage":{"@id":"https:\/\/dockedge.thinairweb.co\/fr\/produit\/kit-de-charniere-pour-connecteur-flottant\/#primaryimage"},"image":{"@id":"https:\/\/dockedge.thinairweb.co\/fr\/produit\/kit-de-charniere-pour-connecteur-flottant\/#primaryimage"},"thumbnailUrl":"https:\/\/dockedge.thinairweb.co\/wp-content\/uploads\/sites\/3\/2018\/04\/DE85205F.jpg","datePublished":"2018-04-18T14:31:52+00:00","breadcrumb":{"@id":"https:\/\/dockedge.thinairweb.co\/fr\/produit\/kit-de-charniere-pour-connecteur-flottant\/#breadcrumb"},"inLanguage":"fr-FR","potentialAction":[{"@type":"ReadAction","target":["https:\/\/dockedge.thinairweb.co\/fr\/produit\/kit-de-charniere-pour-connecteur-flottant\/"]}]},{"@type":"ImageObject","inLanguage":"fr-FR","@id":"https:\/\/dockedge.thinairweb.co\/fr\/produit\/kit-de-charniere-pour-connecteur-flottant\/#primaryimage","url":"https:\/\/dockedge.thinairweb.co\/wp-content\/uploads\/sites\/3\/2018\/04\/DE85205F.jpg","contentUrl":"https:\/\/dockedge.thinairweb.co\/wp-content\/uploads\/sites\/3\/2018\/04\/DE85205F.jpg","width":700,"height":700,"caption":"Floating Connector Hinge Kit"},{"@type":"BreadcrumbList","@id":"https:\/\/dockedge.thinairweb.co\/fr\/produit\/kit-de-charniere-pour-connecteur-flottant\/#breadcrumb","itemListElement":[{"@type":"ListItem","position":1,"name":"Home","item":"https:\/\/dockedge.thinairweb.co\/fr\/"},{"@type":"ListItem","position":2,"name":"Boutique","item":"https:\/\/dockedge.thinairweb.co\/fr\/boutique\/"},{"@type":"ListItem","position":3,"name":"KIT DE CHARNI\u00c8RE POUR CONNECTEUR FLOTTANT"}]},{"@type":"WebSite","@id":"https:\/\/dockedge.thinairweb.co\/fr\/#website","url":"https:\/\/dockedge.thinairweb.co\/fr\/","name":"Dock Edge+","description":"Your Dock. Your Way.","potentialAction":[{"@type":"SearchAction","target":{"@type":"EntryPoint","urlTemplate":"https:\/\/dockedge.thinairweb.co\/fr\/?s={search_term_string}"},"query-input":{"@type":"PropertyValueSpecification","valueRequired":true,"valueName":"search_term_string"}}],"inLanguage":"fr-FR"}]}},"acf":[],"_links":{"self":[{"href":"https:\/\/dockedge.thinairweb.co\/fr\/wp-json\/wp\/v2\/product\/8441","targetHints":{"allow":["GET"]}}],"collection":[{"href":"https:\/\/dockedge.thinairweb.co\/fr\/wp-json\/wp\/v2\/product"}],"about":[{"href":"https:\/\/dockedge.thinairweb.co\/fr\/wp-json\/wp\/v2\/types\/product"}],"wp:featuredmedia":[{"embeddable":true,"href":"https:\/\/dockedge.thinairweb.co\/fr\/wp-json\/wp\/v2\/media\/7435"}],"wp:attachment":[{"href":"https:\/\/dockedge.thinairweb.co\/fr\/wp-json\/wp\/v2\/media?parent=8441"}],"wp:term":[{"taxonomy":"product_brand","embeddable":true,"href":"https:\/\/dockedge.thinairweb.co\/fr\/wp-json\/wp\/v2\/product_brand?post=8441"},{"taxonomy":"product_cat","embeddable":true,"href":"https:\/\/dockedge.thinairweb.co\/fr\/wp-json\/wp\/v2\/product_cat?post=8441"},{"taxonomy":"product_tag","embeddable":true,"href":"https:\/\/dockedge.thinairweb.co\/fr\/wp-json\/wp\/v2\/product_tag?post=8441"}],"curies":[{"name":"wp","href":"https:\/\/api.w.org\/{rel}","templated":true}]}}