{"id":8443,"date":"2018-04-18T14:03:45","date_gmt":"2018-04-18T14:03:45","guid":{"rendered":"https:\/\/dockedge.com\/product\/kwik-release-aluminium-stand-off\/"},"modified":"2018-04-18T14:03:45","modified_gmt":"2018-04-18T14:03:45","slug":"kwik-release-aluminium-stand-off","status":"publish","type":"product","link":"https:\/\/dockedge.thinairweb.co\/fr\/produit\/kwik-release-aluminium-stand-off\/","title":{"rendered":"KWIK RELEASE ALUMINIUM STAND-OFF"},"content":{"rendered":"<table id=\"product-table\" cellpadding=\"15\" cellspacing=\"0\" border=\"0\">\n<tbody>\n<tr>\n<th>N\u00b0 de pi\u00e8ce<\/th>\n<th>Description<\/th>\n<\/tr>\n<tr>\n<td>DE2153F<\/td>\n<td>\u00c9chelle de quai \u00e0 3 marches, aluminium<\/td>\n<\/tr>\n<tr>\n<td>DE2154F<\/td>\n<td>\u00c9chelle de quai \u00e0 4 marches, aluminium<\/td>\n<\/tr>\n<tr>\n<td>DE2155F<\/td>\n<td>\u00c9chelle de quai \u00e0 5 marches, aluminium<\/td>\n<\/tr>\n<tr>\n<td>DE2157F<\/td>\n<td>\u00c9chelle de quai \u00e0 7 marches, aluminium<\/td>\n<\/tr>\n<\/tbody>\n<\/table>\n<p><script src=\"\/\/ui.powerreviews.com\/stable\/4.0\/ui.js\"><\/script><\/p>\n<p><script>\n  POWERREVIEWS.display.render({\n      api_key: 'fdb23d80-8310-4409-87f2-2ee20e24a743',\n      locale: 'en_US',\n      merchant_group_id: '78535',\n      merchant_id: '542114',\n      page_id: '2852',\n      review_wrapper_url: 'http:\/\/www.dockedge.com\/write-a-review\/?pr_page_id=___PAGE_ID___',\nstructured_data_product_id : 'http:\/\/www.dockedge.com\/product\/kwik-release-aluminum-stand-off\/',\nproduct:{\n        name: 'KWIK RELEASE ALUMINUM STAND-OFF', \n        url: 'http:\/\/www.dockedge.com\/product\/kwik-release-aluminum-stand-off\/',\n        image_url: 'https:\/\/dockedge.com\/wp-content\/uploads\/sites\/3\/2022\/05\/DE2154F.jpg',\n        description: 'DockLadder 3 Step StandOff Alum',\n        category_name: 'Dock Ladders',\n        manufacturer_id: 'DE2153F',\n        upc: '776113998564',\n        brand_name: 'DockEdge',\n        price: '<your_product_price>',\n        in_stock: '<product_in_stock_status>',\n        variants: [{\n            name: 'DE2154F',\n            description: 'DockLadder 4 Step StandOff Alum',\n\t    upc: '776113998557',\t\n            page_id_variant: '1',\n        },\n        {\n            name: 'DE2155F',\n            description: 'DockLadder 5 Step StandOff Alum',\n            upc: '776113610602',\n            page_id_variant: '2',  \n        },\n        {\n            name: 'DE2157F',\n            description: 'DockLadder 7 Step StandOff Alum',\n            upc: '776113998540',\n            page_id_variant: '3',  \n    }]\n    },\n      components: {\n    ReviewSnippet: 'pr-reviewsnippet',\n    ReviewDisplay: 'pr-reviewdisplay'\n      }\n    });\n  <\/script><\/p>\n<div id=\"pr-reviewdisplay\"><\/div>\n","protected":false},"excerpt":{"rendered":"<div id=\"pr-reviewsnippet\"><\/div>\n<p><b>CUP<\/b> <br \/>\nCette \u00e9chelle robuste Kwik Release est fabriqu\u00e9e \u00e0 partir d&rsquo;un tube carr\u00e9 en aluminium de 1&Prime; et, gr\u00e2ce au mat\u00e9riel Kwik Release inclus, elle peut \u00eatre retir\u00e9e et r\u00e9install\u00e9e en quelques secondes. Cette caract\u00e9ristique, ainsi que le design angulaire, en font un outil id\u00e9al pour les pontons et les quais. Les marches nervur\u00e9es permettent de prendre pied en toute s\u00e9curit\u00e9 et le design en angle facilite l&rsquo;ascension, car il ressemble davantage \u00e0 un escalier normal. Facile \u00e0 assembler gr\u00e2ce \u00e0 la quincaillerie en acier inoxydable incluse.   <\/p>\n<p>Hauteur du rail : 18&Prime; au-dessus du quai<br \/>\nDistance de la premi\u00e8re marche : Depuis la surface du quai, 9-1\/8&Prime; et 11&Prime; entre les marches.<br \/>\nLes marches ont une profondeur de 5-1\/4&Prime; et une largeur de 16&Prime; : Profondeur de 5-1\/4&Prime; et largeur de 16&Prime;.<br \/>\nCapacit\u00e9 : 1000 lb (454 kg). <\/p>\n","protected":false},"featured_media":8160,"template":"","meta":{"_acf_changed":false,"_et_pb_use_builder":"","_et_pb_old_content":"","_et_gb_content_width":""},"product_brand":[],"product_cat":[181],"product_tag":[],"class_list":{"0":"post-8443","1":"product","2":"type-product","3":"status-publish","4":"has-post-thumbnail","6":"product_cat-echelles-de-quai","8":"first","9":"instock","10":"shipping-taxable","11":"product-type-simple"},"yoast_head":"<!-- This site is optimized with the Yoast SEO plugin v27.0 - https:\/\/yoast.com\/product\/yoast-seo-wordpress\/ -->\n<title>KWIK RELEASE ALUMINIUM STAND-OFF - Dock Edge+<\/title>\n<meta name=\"robots\" content=\"index, follow, max-snippet:-1, max-image-preview:large, max-video-preview:-1\" \/>\n<link rel=\"canonical\" href=\"https:\/\/dockedge.thinairweb.co\/fr\/produit\/kwik-release-aluminium-stand-off\/\" \/>\n<meta property=\"og:locale\" content=\"fr_FR\" \/>\n<meta property=\"og:type\" content=\"article\" \/>\n<meta property=\"og:title\" content=\"KWIK RELEASE ALUMINIUM STAND-OFF - Dock Edge+\" \/>\n<meta property=\"og:description\" content=\"CUP Cette \u00e9chelle robuste Kwik Release est fabriqu\u00e9e \u00e0 partir d&#039;un tube carr\u00e9 en aluminium de 1&quot; et, gr\u00e2ce au mat\u00e9riel Kwik Release inclus, elle peut \u00eatre retir\u00e9e et r\u00e9install\u00e9e en quelques secondes. Cette caract\u00e9ristique, ainsi que le design angulaire, en font un outil id\u00e9al pour les pontons et les quais. Les marches nervur\u00e9es permettent de prendre pied en toute s\u00e9curit\u00e9 et le design en angle facilite l&#039;ascension, car il ressemble davantage \u00e0 un escalier normal. Facile \u00e0 assembler gr\u00e2ce \u00e0 la quincaillerie en acier inoxydable incluse.   Hauteur du rail : 18&quot; au-dessus du quai Distance de la premi\u00e8re marche : Depuis la surface du quai, 9-1\/8&quot; et 11&quot; entre les marches. Les marches ont une profondeur de 5-1\/4&quot; et une largeur de 16&quot; : Profondeur de 5-1\/4&quot; et largeur de 16&quot;. Capacit\u00e9 : 1000 lb (454 kg).\" \/>\n<meta property=\"og:url\" content=\"https:\/\/dockedge.thinairweb.co\/fr\/produit\/kwik-release-aluminium-stand-off\/\" \/>\n<meta property=\"og:site_name\" content=\"Dock Edge+\" \/>\n<meta property=\"og:image\" content=\"https:\/\/dockedge.thinairweb.co\/wp-content\/uploads\/sites\/3\/2025\/07\/DE2154F.jpg\" \/>\n\t<meta property=\"og:image:width\" content=\"800\" \/>\n\t<meta property=\"og:image:height\" content=\"800\" \/>\n\t<meta property=\"og:image:type\" content=\"image\/jpeg\" \/>\n<meta name=\"twitter:card\" content=\"summary_large_image\" \/>\n<script type=\"application\/ld+json\" class=\"yoast-schema-graph\">{\"@context\":\"https:\/\/schema.org\",\"@graph\":[{\"@type\":\"WebPage\",\"@id\":\"https:\/\/dockedge.thinairweb.co\/fr\/produit\/kwik-release-aluminium-stand-off\/\",\"url\":\"https:\/\/dockedge.thinairweb.co\/fr\/produit\/kwik-release-aluminium-stand-off\/\",\"name\":\"KWIK RELEASE ALUMINIUM STAND-OFF - Dock Edge+\",\"isPartOf\":{\"@id\":\"https:\/\/dockedge.thinairweb.co\/fr\/#website\"},\"primaryImageOfPage\":{\"@id\":\"https:\/\/dockedge.thinairweb.co\/fr\/produit\/kwik-release-aluminium-stand-off\/#primaryimage\"},\"image\":{\"@id\":\"https:\/\/dockedge.thinairweb.co\/fr\/produit\/kwik-release-aluminium-stand-off\/#primaryimage\"},\"thumbnailUrl\":\"https:\/\/dockedge.thinairweb.co\/wp-content\/uploads\/sites\/3\/2025\/07\/DE2154F.jpg\",\"datePublished\":\"2018-04-18T14:03:45+00:00\",\"breadcrumb\":{\"@id\":\"https:\/\/dockedge.thinairweb.co\/fr\/produit\/kwik-release-aluminium-stand-off\/#breadcrumb\"},\"inLanguage\":\"fr-FR\",\"potentialAction\":[{\"@type\":\"ReadAction\",\"target\":[\"https:\/\/dockedge.thinairweb.co\/fr\/produit\/kwik-release-aluminium-stand-off\/\"]}]},{\"@type\":\"ImageObject\",\"inLanguage\":\"fr-FR\",\"@id\":\"https:\/\/dockedge.thinairweb.co\/fr\/produit\/kwik-release-aluminium-stand-off\/#primaryimage\",\"url\":\"https:\/\/dockedge.thinairweb.co\/wp-content\/uploads\/sites\/3\/2025\/07\/DE2154F.jpg\",\"contentUrl\":\"https:\/\/dockedge.thinairweb.co\/wp-content\/uploads\/sites\/3\/2025\/07\/DE2154F.jpg\",\"width\":800,\"height\":800,\"caption\":\"Kwik Release Aluminum Stand-off Ladder\"},{\"@type\":\"BreadcrumbList\",\"@id\":\"https:\/\/dockedge.thinairweb.co\/fr\/produit\/kwik-release-aluminium-stand-off\/#breadcrumb\",\"itemListElement\":[{\"@type\":\"ListItem\",\"position\":1,\"name\":\"Home\",\"item\":\"https:\/\/dockedge.thinairweb.co\/fr\/\"},{\"@type\":\"ListItem\",\"position\":2,\"name\":\"Boutique\",\"item\":\"https:\/\/dockedge.thinairweb.co\/fr\/boutique\/\"},{\"@type\":\"ListItem\",\"position\":3,\"name\":\"KWIK RELEASE ALUMINIUM STAND-OFF\"}]},{\"@type\":\"WebSite\",\"@id\":\"https:\/\/dockedge.thinairweb.co\/fr\/#website\",\"url\":\"https:\/\/dockedge.thinairweb.co\/fr\/\",\"name\":\"Dock Edge+\",\"description\":\"Your Dock. Your Way.\",\"potentialAction\":[{\"@type\":\"SearchAction\",\"target\":{\"@type\":\"EntryPoint\",\"urlTemplate\":\"https:\/\/dockedge.thinairweb.co\/fr\/?s={search_term_string}\"},\"query-input\":{\"@type\":\"PropertyValueSpecification\",\"valueRequired\":true,\"valueName\":\"search_term_string\"}}],\"inLanguage\":\"fr-FR\"}]}<\/script>\n<!-- \/ Yoast SEO plugin. -->","yoast_head_json":{"title":"KWIK RELEASE ALUMINIUM STAND-OFF - Dock Edge+","robots":{"index":"index","follow":"follow","max-snippet":"max-snippet:-1","max-image-preview":"max-image-preview:large","max-video-preview":"max-video-preview:-1"},"canonical":"https:\/\/dockedge.thinairweb.co\/fr\/produit\/kwik-release-aluminium-stand-off\/","og_locale":"fr_FR","og_type":"article","og_title":"KWIK RELEASE ALUMINIUM STAND-OFF - Dock Edge+","og_description":"CUP Cette \u00e9chelle robuste Kwik Release est fabriqu\u00e9e \u00e0 partir d'un tube carr\u00e9 en aluminium de 1\" et, gr\u00e2ce au mat\u00e9riel Kwik Release inclus, elle peut \u00eatre retir\u00e9e et r\u00e9install\u00e9e en quelques secondes. Cette caract\u00e9ristique, ainsi que le design angulaire, en font un outil id\u00e9al pour les pontons et les quais. Les marches nervur\u00e9es permettent de prendre pied en toute s\u00e9curit\u00e9 et le design en angle facilite l'ascension, car il ressemble davantage \u00e0 un escalier normal. Facile \u00e0 assembler gr\u00e2ce \u00e0 la quincaillerie en acier inoxydable incluse.   Hauteur du rail : 18\" au-dessus du quai Distance de la premi\u00e8re marche : Depuis la surface du quai, 9-1\/8\" et 11\" entre les marches. Les marches ont une profondeur de 5-1\/4\" et une largeur de 16\" : Profondeur de 5-1\/4\" et largeur de 16\". Capacit\u00e9 : 1000 lb (454 kg).","og_url":"https:\/\/dockedge.thinairweb.co\/fr\/produit\/kwik-release-aluminium-stand-off\/","og_site_name":"Dock Edge+","og_image":[{"width":800,"height":800,"url":"https:\/\/dockedge.thinairweb.co\/wp-content\/uploads\/sites\/3\/2025\/07\/DE2154F.jpg","type":"image\/jpeg"}],"twitter_card":"summary_large_image","schema":{"@context":"https:\/\/schema.org","@graph":[{"@type":"WebPage","@id":"https:\/\/dockedge.thinairweb.co\/fr\/produit\/kwik-release-aluminium-stand-off\/","url":"https:\/\/dockedge.thinairweb.co\/fr\/produit\/kwik-release-aluminium-stand-off\/","name":"KWIK RELEASE ALUMINIUM STAND-OFF - Dock Edge+","isPartOf":{"@id":"https:\/\/dockedge.thinairweb.co\/fr\/#website"},"primaryImageOfPage":{"@id":"https:\/\/dockedge.thinairweb.co\/fr\/produit\/kwik-release-aluminium-stand-off\/#primaryimage"},"image":{"@id":"https:\/\/dockedge.thinairweb.co\/fr\/produit\/kwik-release-aluminium-stand-off\/#primaryimage"},"thumbnailUrl":"https:\/\/dockedge.thinairweb.co\/wp-content\/uploads\/sites\/3\/2025\/07\/DE2154F.jpg","datePublished":"2018-04-18T14:03:45+00:00","breadcrumb":{"@id":"https:\/\/dockedge.thinairweb.co\/fr\/produit\/kwik-release-aluminium-stand-off\/#breadcrumb"},"inLanguage":"fr-FR","potentialAction":[{"@type":"ReadAction","target":["https:\/\/dockedge.thinairweb.co\/fr\/produit\/kwik-release-aluminium-stand-off\/"]}]},{"@type":"ImageObject","inLanguage":"fr-FR","@id":"https:\/\/dockedge.thinairweb.co\/fr\/produit\/kwik-release-aluminium-stand-off\/#primaryimage","url":"https:\/\/dockedge.thinairweb.co\/wp-content\/uploads\/sites\/3\/2025\/07\/DE2154F.jpg","contentUrl":"https:\/\/dockedge.thinairweb.co\/wp-content\/uploads\/sites\/3\/2025\/07\/DE2154F.jpg","width":800,"height":800,"caption":"Kwik Release Aluminum Stand-off Ladder"},{"@type":"BreadcrumbList","@id":"https:\/\/dockedge.thinairweb.co\/fr\/produit\/kwik-release-aluminium-stand-off\/#breadcrumb","itemListElement":[{"@type":"ListItem","position":1,"name":"Home","item":"https:\/\/dockedge.thinairweb.co\/fr\/"},{"@type":"ListItem","position":2,"name":"Boutique","item":"https:\/\/dockedge.thinairweb.co\/fr\/boutique\/"},{"@type":"ListItem","position":3,"name":"KWIK RELEASE ALUMINIUM STAND-OFF"}]},{"@type":"WebSite","@id":"https:\/\/dockedge.thinairweb.co\/fr\/#website","url":"https:\/\/dockedge.thinairweb.co\/fr\/","name":"Dock Edge+","description":"Your Dock. Your Way.","potentialAction":[{"@type":"SearchAction","target":{"@type":"EntryPoint","urlTemplate":"https:\/\/dockedge.thinairweb.co\/fr\/?s={search_term_string}"},"query-input":{"@type":"PropertyValueSpecification","valueRequired":true,"valueName":"search_term_string"}}],"inLanguage":"fr-FR"}]}},"acf":[],"_links":{"self":[{"href":"https:\/\/dockedge.thinairweb.co\/fr\/wp-json\/wp\/v2\/product\/8443","targetHints":{"allow":["GET"]}}],"collection":[{"href":"https:\/\/dockedge.thinairweb.co\/fr\/wp-json\/wp\/v2\/product"}],"about":[{"href":"https:\/\/dockedge.thinairweb.co\/fr\/wp-json\/wp\/v2\/types\/product"}],"wp:featuredmedia":[{"embeddable":true,"href":"https:\/\/dockedge.thinairweb.co\/fr\/wp-json\/wp\/v2\/media\/8160"}],"wp:attachment":[{"href":"https:\/\/dockedge.thinairweb.co\/fr\/wp-json\/wp\/v2\/media?parent=8443"}],"wp:term":[{"taxonomy":"product_brand","embeddable":true,"href":"https:\/\/dockedge.thinairweb.co\/fr\/wp-json\/wp\/v2\/product_brand?post=8443"},{"taxonomy":"product_cat","embeddable":true,"href":"https:\/\/dockedge.thinairweb.co\/fr\/wp-json\/wp\/v2\/product_cat?post=8443"},{"taxonomy":"product_tag","embeddable":true,"href":"https:\/\/dockedge.thinairweb.co\/fr\/wp-json\/wp\/v2\/product_tag?post=8443"}],"curies":[{"name":"wp","href":"https:\/\/api.w.org\/{rel}","templated":true}]}}