{"id":8444,"date":"2018-04-18T14:38:16","date_gmt":"2018-04-18T14:38:16","guid":{"rendered":"https:\/\/dockedge.com\/product\/kit-de-quai-modulaire-dock-2-go\/"},"modified":"2018-04-18T14:38:16","modified_gmt":"2018-04-18T14:38:16","slug":"kit-de-quai-modulaire-dock-2-go","status":"publish","type":"product","link":"https:\/\/dockedge.thinairweb.co\/fr\/produit\/kit-de-quai-modulaire-dock-2-go\/","title":{"rendered":"KIT DE QUAI MODULAIRE DOCK 2 GO"},"content":{"rendered":"<table id=\"product-table\" border=\"0\" cellspacing=\"0\" cellpadding=\"15\">\n<tbody>\n<tr>\n<th>N\u00b0 de pi\u00e8ce<\/th>\n<th>Description<\/th>\n<\/tr>\n<tr>\n<td>DE85272F<\/td>\n<td>Dock2Go, Kit flottant de 6&rsquo;x12&prime;.<\/td>\n<\/tr>\n<tr>\n<td>DE85300F<\/td>\n<td>Dock2Go+, Kit flottant 6&rsquo;x12&prime; avec quatre flotteurs 550<\/td>\n<\/tr>\n<tr>\n<td>DE85330F<\/td>\n<td>Dock2Go+, Kit flottant 6&rsquo;x16&prime; avec six flotteurs 400, flotteur et fixations. <a href=\"https:\/\/dockedge.com\/wp-content\/uploads\/sites\/3\/2024\/02\/floatdock_6x16_kit.pdf\" target=\"_blank\" rel=\"noopener noreferrer\">Cliquez ici<\/a> pour t\u00e9l\u00e9charger les plans.<\/td>\n<\/tr>\n<tr>\n<td>DE85332F<\/td>\n<td>Dock2Go+, 8&rsquo;x16&prime; Kit flottant avec huit flotteurs 400, flotteur et attaches de quincaillerie. <a href=\"https:\/\/dockedge.com\/wp-content\/uploads\/sites\/3\/2024\/02\/floatdock_8x16_kit.pdf\" target=\"_blank\" rel=\"noopener noreferrer\">Cliquez ici<\/a> pour t\u00e9l\u00e9charger les plans.<\/td>\n<\/tr>\n<tr>\n<td>DE85336F<\/td>\n<td>Dock2Go+, Kit flottant 4&rsquo;x20&prime; avec cinq flotteurs 400, flotteur et fixations. <a href=\"https:\/\/dockedge.com\/wp-content\/uploads\/sites\/3\/2024\/02\/floatdock_4x20_kit.pdf\" target=\"_blank\" rel=\"noopener noreferrer\">Cliquez ici<\/a> pour t\u00e9l\u00e9charger les plans.<\/td>\n<\/tr>\n<\/tbody>\n<\/table>\n<p><script src=\"\/\/ui.powerreviews.com\/stable\/4.0\/ui.js\"><\/script><\/p>\n<p><script>\n  POWERREVIEWS.display.render({\n      api_key: 'fdb23d80-8310-4409-87f2-2ee20e24a743',\n      locale: 'en_US',\n      merchant_group_id: '78535',\n      merchant_id: '542114',\n      page_id: '2860',\n      review_wrapper_url: 'http:\/\/www.dockedge.com\/write-a-review\/?pr_page_id=___PAGE_ID___',\nstructured_data_product_id : 'http:\/\/www.dockedge.com\/product\/dock-2-go-modular-dock-kit\/',\nproduct:{\n        name: 'DOCK 2 GO MODULAR DOCK KIT', \n        url: 'http:\/\/www.dockedge.com\/product\/dock-2-go-modular-dock-kit\/',\n        image_url: 'http:\/\/www.dockedge.com\/wp-content\/uploads\/sites\/3\/2018\/04\/85-272-F.jpg',\n        description: 'Dock2Go 6'x12' Kit Fltg',\n        category_name: 'Dock Construction',\n        manufacturer_id: 'DE85272F',\n        upc: '057389852720',\n        brand_name: 'DockEdge',\n        price: '<your_product_price>',\n        in_stock: '<product_in_stock_status>',\n        variants: [{\n            name: 'DE85300F',\n            description: 'Dock2Go 6'x12' Kit Fltg with 4 550 Floats',\n\t    upc: '057389853000',\t\n            page_id_variant: '1',\n        },\n        {\n            name: 'DE85330F',\n            description: 'Dock2Go 6'x16' Kit Fltg with 6 400 Floats, float and hardware fasteners',\n\t    upc: '776113997901',\t\n            page_id_variant: '2',\n        },\n        {\n            name: 'DE85332F',\n            description: 'Dock2Go 6'x18' Kit Fltg with 8 400 Floats, float and hardware fasteners',\n            upc: '776113997925',\n            page_id_variant: '3',  \n        },\n        {\n            name: 'DE85336F',\n            description: 'Dock2Go 4'x20' Kit Fltg with 5 400 Floats, float and hardware fasteners',\n            upc: '776113999554',\n            page_id_variant: '4',   \n    }]\n    },\n      components: {\n    ReviewSnippet: 'pr-reviewsnippet',\n    ReviewDisplay: 'pr-reviewdisplay'\n      }\n    });\n  <\/script><\/p>\n<div id=\"pr-reviewdisplay\"><\/div>\n","protected":false},"excerpt":{"rendered":"<div id=\"pr-reviewsnippet\"><\/div>\n<p><b>CUP<\/b> <br \/>\nLe kit de quai modulaire DockEdge+ Dock 2 Go comprend tout le mat\u00e9riel de montage robuste galvanis\u00e9 \u00e0 chaud n\u00e9cessaire \u00e0 l&rsquo;assemblage d&rsquo;une section de quai flottant modulaire*. Chaque kit peut \u00eatre utilis\u00e9 pour construire un quai autonome ou peut \u00eatre attach\u00e9 \u00e0 une autre section Dock 2 Go \u00e0 l&rsquo;aide d&rsquo;un kit de connexion modulaire Dock 2 Go pour augmenter la longueur ou la largeur du quai selon les besoins. <\/p>\n<p>* Le bois et les ancrages sont vendus s\u00e9par\u00e9ment pour tenir compte des pr\u00e9f\u00e9rences ou des besoins des consommateurs. Les fixations et les flotteurs peuvent \u00e9galement \u00eatre vendus s\u00e9par\u00e9ment en fonction du kit. Consultez le tableau ci-dessous pour savoir ce qui est inclus dans le kit.  <\/p>\n","protected":false},"featured_media":7436,"template":"","meta":{"_acf_changed":false,"_et_pb_use_builder":"","_et_pb_old_content":"","_et_gb_content_width":""},"product_brand":[],"product_cat":[177,180],"product_tag":[],"class_list":{"0":"post-8444","1":"product","2":"type-product","3":"status-publish","4":"has-post-thumbnail","6":"product_cat-construction-de-quais","7":"product_cat-quincaillerie-pour-quais-flottants","9":"first","10":"instock","11":"shipping-taxable","12":"product-type-simple"},"yoast_head":"<!-- This site is optimized with the Yoast SEO plugin v27.0 - https:\/\/yoast.com\/product\/yoast-seo-wordpress\/ -->\n<title>KIT DE QUAI MODULAIRE DOCK 2 GO - Dock Edge+<\/title>\n<meta name=\"robots\" content=\"index, follow, max-snippet:-1, max-image-preview:large, max-video-preview:-1\" \/>\n<link rel=\"canonical\" href=\"https:\/\/dockedge.thinairweb.co\/fr\/produit\/kit-de-quai-modulaire-dock-2-go\/\" \/>\n<meta property=\"og:locale\" content=\"fr_FR\" \/>\n<meta property=\"og:type\" content=\"article\" \/>\n<meta property=\"og:title\" content=\"KIT DE QUAI MODULAIRE DOCK 2 GO - Dock Edge+\" \/>\n<meta property=\"og:description\" content=\"CUP Le kit de quai modulaire DockEdge+ Dock 2 Go comprend tout le mat\u00e9riel de montage robuste galvanis\u00e9 \u00e0 chaud n\u00e9cessaire \u00e0 l&#039;assemblage d&#039;une section de quai flottant modulaire*. Chaque kit peut \u00eatre utilis\u00e9 pour construire un quai autonome ou peut \u00eatre attach\u00e9 \u00e0 une autre section Dock 2 Go \u00e0 l&#039;aide d&#039;un kit de connexion modulaire Dock 2 Go pour augmenter la longueur ou la largeur du quai selon les besoins.  * Le bois et les ancrages sont vendus s\u00e9par\u00e9ment pour tenir compte des pr\u00e9f\u00e9rences ou des besoins des consommateurs. Les fixations et les flotteurs peuvent \u00e9galement \u00eatre vendus s\u00e9par\u00e9ment en fonction du kit. Consultez le tableau ci-dessous pour savoir ce qui est inclus dans le kit.\" \/>\n<meta property=\"og:url\" content=\"https:\/\/dockedge.thinairweb.co\/fr\/produit\/kit-de-quai-modulaire-dock-2-go\/\" \/>\n<meta property=\"og:site_name\" content=\"Dock Edge+\" \/>\n<meta property=\"og:image\" content=\"https:\/\/dockedge.thinairweb.co\/wp-content\/uploads\/sites\/3\/2018\/04\/85-272-F.jpg\" \/>\n\t<meta property=\"og:image:width\" content=\"700\" \/>\n\t<meta property=\"og:image:height\" content=\"700\" \/>\n\t<meta property=\"og:image:type\" content=\"image\/jpeg\" \/>\n<meta name=\"twitter:card\" content=\"summary_large_image\" \/>\n<script type=\"application\/ld+json\" class=\"yoast-schema-graph\">{\"@context\":\"https:\/\/schema.org\",\"@graph\":[{\"@type\":\"WebPage\",\"@id\":\"https:\/\/dockedge.thinairweb.co\/fr\/produit\/kit-de-quai-modulaire-dock-2-go\/\",\"url\":\"https:\/\/dockedge.thinairweb.co\/fr\/produit\/kit-de-quai-modulaire-dock-2-go\/\",\"name\":\"KIT DE QUAI MODULAIRE DOCK 2 GO - Dock Edge+\",\"isPartOf\":{\"@id\":\"https:\/\/dockedge.thinairweb.co\/fr\/#website\"},\"primaryImageOfPage\":{\"@id\":\"https:\/\/dockedge.thinairweb.co\/fr\/produit\/kit-de-quai-modulaire-dock-2-go\/#primaryimage\"},\"image\":{\"@id\":\"https:\/\/dockedge.thinairweb.co\/fr\/produit\/kit-de-quai-modulaire-dock-2-go\/#primaryimage\"},\"thumbnailUrl\":\"https:\/\/dockedge.thinairweb.co\/wp-content\/uploads\/sites\/3\/2018\/04\/85-272-F.jpg\",\"datePublished\":\"2018-04-18T14:38:16+00:00\",\"breadcrumb\":{\"@id\":\"https:\/\/dockedge.thinairweb.co\/fr\/produit\/kit-de-quai-modulaire-dock-2-go\/#breadcrumb\"},\"inLanguage\":\"fr-FR\",\"potentialAction\":[{\"@type\":\"ReadAction\",\"target\":[\"https:\/\/dockedge.thinairweb.co\/fr\/produit\/kit-de-quai-modulaire-dock-2-go\/\"]}]},{\"@type\":\"ImageObject\",\"inLanguage\":\"fr-FR\",\"@id\":\"https:\/\/dockedge.thinairweb.co\/fr\/produit\/kit-de-quai-modulaire-dock-2-go\/#primaryimage\",\"url\":\"https:\/\/dockedge.thinairweb.co\/wp-content\/uploads\/sites\/3\/2018\/04\/85-272-F.jpg\",\"contentUrl\":\"https:\/\/dockedge.thinairweb.co\/wp-content\/uploads\/sites\/3\/2018\/04\/85-272-F.jpg\",\"width\":700,\"height\":700,\"caption\":\"Dock 2 Go Modular Dock Kit\"},{\"@type\":\"BreadcrumbList\",\"@id\":\"https:\/\/dockedge.thinairweb.co\/fr\/produit\/kit-de-quai-modulaire-dock-2-go\/#breadcrumb\",\"itemListElement\":[{\"@type\":\"ListItem\",\"position\":1,\"name\":\"Home\",\"item\":\"https:\/\/dockedge.thinairweb.co\/fr\/\"},{\"@type\":\"ListItem\",\"position\":2,\"name\":\"Boutique\",\"item\":\"https:\/\/dockedge.thinairweb.co\/fr\/boutique\/\"},{\"@type\":\"ListItem\",\"position\":3,\"name\":\"KIT DE QUAI MODULAIRE DOCK 2 GO\"}]},{\"@type\":\"WebSite\",\"@id\":\"https:\/\/dockedge.thinairweb.co\/fr\/#website\",\"url\":\"https:\/\/dockedge.thinairweb.co\/fr\/\",\"name\":\"Dock Edge+\",\"description\":\"Your Dock. Your Way.\",\"potentialAction\":[{\"@type\":\"SearchAction\",\"target\":{\"@type\":\"EntryPoint\",\"urlTemplate\":\"https:\/\/dockedge.thinairweb.co\/fr\/?s={search_term_string}\"},\"query-input\":{\"@type\":\"PropertyValueSpecification\",\"valueRequired\":true,\"valueName\":\"search_term_string\"}}],\"inLanguage\":\"fr-FR\"}]}<\/script>\n<!-- \/ Yoast SEO plugin. -->","yoast_head_json":{"title":"KIT DE QUAI MODULAIRE DOCK 2 GO - Dock Edge+","robots":{"index":"index","follow":"follow","max-snippet":"max-snippet:-1","max-image-preview":"max-image-preview:large","max-video-preview":"max-video-preview:-1"},"canonical":"https:\/\/dockedge.thinairweb.co\/fr\/produit\/kit-de-quai-modulaire-dock-2-go\/","og_locale":"fr_FR","og_type":"article","og_title":"KIT DE QUAI MODULAIRE DOCK 2 GO - Dock Edge+","og_description":"CUP Le kit de quai modulaire DockEdge+ Dock 2 Go comprend tout le mat\u00e9riel de montage robuste galvanis\u00e9 \u00e0 chaud n\u00e9cessaire \u00e0 l'assemblage d'une section de quai flottant modulaire*. Chaque kit peut \u00eatre utilis\u00e9 pour construire un quai autonome ou peut \u00eatre attach\u00e9 \u00e0 une autre section Dock 2 Go \u00e0 l'aide d'un kit de connexion modulaire Dock 2 Go pour augmenter la longueur ou la largeur du quai selon les besoins.  * Le bois et les ancrages sont vendus s\u00e9par\u00e9ment pour tenir compte des pr\u00e9f\u00e9rences ou des besoins des consommateurs. Les fixations et les flotteurs peuvent \u00e9galement \u00eatre vendus s\u00e9par\u00e9ment en fonction du kit. Consultez le tableau ci-dessous pour savoir ce qui est inclus dans le kit.","og_url":"https:\/\/dockedge.thinairweb.co\/fr\/produit\/kit-de-quai-modulaire-dock-2-go\/","og_site_name":"Dock Edge+","og_image":[{"width":700,"height":700,"url":"https:\/\/dockedge.thinairweb.co\/wp-content\/uploads\/sites\/3\/2018\/04\/85-272-F.jpg","type":"image\/jpeg"}],"twitter_card":"summary_large_image","schema":{"@context":"https:\/\/schema.org","@graph":[{"@type":"WebPage","@id":"https:\/\/dockedge.thinairweb.co\/fr\/produit\/kit-de-quai-modulaire-dock-2-go\/","url":"https:\/\/dockedge.thinairweb.co\/fr\/produit\/kit-de-quai-modulaire-dock-2-go\/","name":"KIT DE QUAI MODULAIRE DOCK 2 GO - Dock Edge+","isPartOf":{"@id":"https:\/\/dockedge.thinairweb.co\/fr\/#website"},"primaryImageOfPage":{"@id":"https:\/\/dockedge.thinairweb.co\/fr\/produit\/kit-de-quai-modulaire-dock-2-go\/#primaryimage"},"image":{"@id":"https:\/\/dockedge.thinairweb.co\/fr\/produit\/kit-de-quai-modulaire-dock-2-go\/#primaryimage"},"thumbnailUrl":"https:\/\/dockedge.thinairweb.co\/wp-content\/uploads\/sites\/3\/2018\/04\/85-272-F.jpg","datePublished":"2018-04-18T14:38:16+00:00","breadcrumb":{"@id":"https:\/\/dockedge.thinairweb.co\/fr\/produit\/kit-de-quai-modulaire-dock-2-go\/#breadcrumb"},"inLanguage":"fr-FR","potentialAction":[{"@type":"ReadAction","target":["https:\/\/dockedge.thinairweb.co\/fr\/produit\/kit-de-quai-modulaire-dock-2-go\/"]}]},{"@type":"ImageObject","inLanguage":"fr-FR","@id":"https:\/\/dockedge.thinairweb.co\/fr\/produit\/kit-de-quai-modulaire-dock-2-go\/#primaryimage","url":"https:\/\/dockedge.thinairweb.co\/wp-content\/uploads\/sites\/3\/2018\/04\/85-272-F.jpg","contentUrl":"https:\/\/dockedge.thinairweb.co\/wp-content\/uploads\/sites\/3\/2018\/04\/85-272-F.jpg","width":700,"height":700,"caption":"Dock 2 Go Modular Dock Kit"},{"@type":"BreadcrumbList","@id":"https:\/\/dockedge.thinairweb.co\/fr\/produit\/kit-de-quai-modulaire-dock-2-go\/#breadcrumb","itemListElement":[{"@type":"ListItem","position":1,"name":"Home","item":"https:\/\/dockedge.thinairweb.co\/fr\/"},{"@type":"ListItem","position":2,"name":"Boutique","item":"https:\/\/dockedge.thinairweb.co\/fr\/boutique\/"},{"@type":"ListItem","position":3,"name":"KIT DE QUAI MODULAIRE DOCK 2 GO"}]},{"@type":"WebSite","@id":"https:\/\/dockedge.thinairweb.co\/fr\/#website","url":"https:\/\/dockedge.thinairweb.co\/fr\/","name":"Dock Edge+","description":"Your Dock. Your Way.","potentialAction":[{"@type":"SearchAction","target":{"@type":"EntryPoint","urlTemplate":"https:\/\/dockedge.thinairweb.co\/fr\/?s={search_term_string}"},"query-input":{"@type":"PropertyValueSpecification","valueRequired":true,"valueName":"search_term_string"}}],"inLanguage":"fr-FR"}]}},"acf":[],"_links":{"self":[{"href":"https:\/\/dockedge.thinairweb.co\/fr\/wp-json\/wp\/v2\/product\/8444","targetHints":{"allow":["GET"]}}],"collection":[{"href":"https:\/\/dockedge.thinairweb.co\/fr\/wp-json\/wp\/v2\/product"}],"about":[{"href":"https:\/\/dockedge.thinairweb.co\/fr\/wp-json\/wp\/v2\/types\/product"}],"wp:featuredmedia":[{"embeddable":true,"href":"https:\/\/dockedge.thinairweb.co\/fr\/wp-json\/wp\/v2\/media\/7436"}],"wp:attachment":[{"href":"https:\/\/dockedge.thinairweb.co\/fr\/wp-json\/wp\/v2\/media?parent=8444"}],"wp:term":[{"taxonomy":"product_brand","embeddable":true,"href":"https:\/\/dockedge.thinairweb.co\/fr\/wp-json\/wp\/v2\/product_brand?post=8444"},{"taxonomy":"product_cat","embeddable":true,"href":"https:\/\/dockedge.thinairweb.co\/fr\/wp-json\/wp\/v2\/product_cat?post=8444"},{"taxonomy":"product_tag","embeddable":true,"href":"https:\/\/dockedge.thinairweb.co\/fr\/wp-json\/wp\/v2\/product_tag?post=8444"}],"curies":[{"name":"wp","href":"https:\/\/api.w.org\/{rel}","templated":true}]}}