{"id":8445,"date":"2018-04-18T14:01:14","date_gmt":"2018-04-18T14:01:14","guid":{"rendered":"https:\/\/dockedge.com\/product\/kwik-release-aluminium\/"},"modified":"2018-04-18T14:01:14","modified_gmt":"2018-04-18T14:01:14","slug":"kwik-release-aluminium","status":"publish","type":"product","link":"https:\/\/dockedge.thinairweb.co\/fr\/produit\/kwik-release-aluminium\/","title":{"rendered":"KWIK RELEASE ALUMINIUM"},"content":{"rendered":"<table id=\"product-table\" border=\"0\" cellspacing=\"0\" cellpadding=\"15\">\n<tbody>\n<tr>\n<th>N\u00b0 de pi\u00e8ce<\/th>\n<th>Description<\/th>\n<\/tr>\n<tr>\n<td>DE2003F<\/td>\n<td>\u00c9chelle de quai \u00e0 3 marches, avec attache rapide, aluminium<\/td>\n<\/tr>\n<tr>\n<td>DE2004F<\/td>\n<td>\u00c9chelle de quai \u00e0 4 marches, avec attache rapide, aluminium<\/td>\n<\/tr>\n<tr>\n<td>DE2005F<\/td>\n<td>\u00c9chelle de quai \u00e0 5 marches, avec attache rapide, aluminium<\/td>\n<\/tr>\n<\/tbody>\n<\/table>\n<p><script src=\"\/\/ui.powerreviews.com\/stable\/4.0\/ui.js\"><\/script><\/p>\n<p><script>\n  POWERREVIEWS.display.render({\n      api_key: 'fdb23d80-8310-4409-87f2-2ee20e24a743',\n      locale: 'en_US',\n      merchant_group_id: '78535',\n      merchant_id: '542114',\n      page_id: '2851',\n      review_wrapper_url: 'http:\/\/www.dockedge.com\/write-a-review\/?pr_page_id=___PAGE_ID___',\nstructured_data_product_id : 'http:\/\/www.dockedge.com\/product\/kwik-release-aluminum\/',\nproduct:{\n        name: 'KWIK RELEASE ALUMINUM', \n        url: 'http:\/\/www.dockedge.com\/product\/kwik-release-aluminum\/',\n        image_url: 'http:\/\/www.dockedge.com\/wp-content\/uploads\/sites\/3\/2018\/04\/KwikReleaseAluminum.jpg',\n        description: 'DockLadder 3 Step c\/wQuickRls Alum',\n        category_name: 'Dock Ladders',\n        manufacturer_id: 'DE2003F',\n        upc: '776113200308',\n        brand_name: 'DockEdge',\n        price: '<your_product_price>',\n        in_stock: '<product_in_stock_status>',\n        variants: [{\n            name: 'DE2004F',\n            description: 'DockLadder 4 Step c\/wQuickRls Alum',\n\t    upc: '776113200407',\t\n            page_id_variant: '1',\n        },\n        {\n            name: 'DE2005F',\n            description: 'DockLadder 5 Step c\/wQuickRls Alum',\n            upc: '776113200506',\n            page_id_variant: '2',  \n    }]\n    },\n      components: {\n    ReviewSnippet: 'pr-reviewsnippet',\n    ReviewDisplay: 'pr-reviewdisplay'\n      }\n    });\n  <\/script><\/p>\n<div id=\"pr-reviewdisplay\"><\/div>\n","protected":false},"excerpt":{"rendered":"<div id=\"pr-reviewsnippet\"><\/div>\n<p><b>CUP<\/b> <br \/>\nCette \u00e9chelle est fabriqu\u00e9e avec des tubes d&rsquo;aluminium de 1&Prime; \u00e0 paroi \u00e9paisse. Toute la quincaillerie est en acier inoxydable et l&rsquo;assemblage est rapide et facile. Un kit de fixation rapide est inclus en option. Il vous suffit d&rsquo;incliner l&rsquo;\u00e9chelle vers le haut et de la faire glisser pour la ranger et la nettoyer, ou de la monter de fa\u00e7on permanente gr\u00e2ce aux trous pr\u00e9-perc\u00e9s.   <\/p>\n<p>Hauteur du rail : 18-1\/2&Prime; au-dessus du quai<br \/>\nDistance jusqu&rsquo;\u00e0 la premi\u00e8re marche : Depuis la surface du quai, 11-1\/2&Prime; et 10-1\/2&Prime; entre les marches.<br \/>\nLes marches ont une profondeur de 4-3\/4&Prime; et une largeur de 14-7\/8&Prime; : Profondeur de 4-3\/4&Prime; et largeur de 14-7\/8&Prime;.<br \/>\nCapacit\u00e9 : 1000 lb (454 kg). <\/p>\n","protected":false},"featured_media":8162,"template":"","meta":{"_acf_changed":false,"_et_pb_use_builder":"","_et_pb_old_content":"","_et_gb_content_width":""},"product_brand":[],"product_cat":[181],"product_tag":[],"class_list":{"0":"post-8445","1":"product","2":"type-product","3":"status-publish","4":"has-post-thumbnail","6":"product_cat-echelles-de-quai","8":"first","9":"instock","10":"shipping-taxable","11":"product-type-simple"},"yoast_head":"<!-- This site is optimized with the Yoast SEO plugin v27.0 - https:\/\/yoast.com\/product\/yoast-seo-wordpress\/ -->\n<title>KWIK RELEASE ALUMINIUM - Dock Edge+<\/title>\n<meta name=\"robots\" content=\"index, follow, max-snippet:-1, max-image-preview:large, max-video-preview:-1\" \/>\n<link rel=\"canonical\" href=\"https:\/\/dockedge.thinairweb.co\/fr\/produit\/kwik-release-aluminium\/\" \/>\n<meta property=\"og:locale\" content=\"fr_FR\" \/>\n<meta property=\"og:type\" content=\"article\" \/>\n<meta property=\"og:title\" content=\"KWIK RELEASE ALUMINIUM - Dock Edge+\" \/>\n<meta property=\"og:description\" content=\"CUP Cette \u00e9chelle est fabriqu\u00e9e avec des tubes d&#039;aluminium de 1&quot; \u00e0 paroi \u00e9paisse. Toute la quincaillerie est en acier inoxydable et l&#039;assemblage est rapide et facile. Un kit de fixation rapide est inclus en option. Il vous suffit d&#039;incliner l&#039;\u00e9chelle vers le haut et de la faire glisser pour la ranger et la nettoyer, ou de la monter de fa\u00e7on permanente gr\u00e2ce aux trous pr\u00e9-perc\u00e9s.   Hauteur du rail : 18-1\/2&quot; au-dessus du quai Distance jusqu&#039;\u00e0 la premi\u00e8re marche : Depuis la surface du quai, 11-1\/2&quot; et 10-1\/2&quot; entre les marches. Les marches ont une profondeur de 4-3\/4&quot; et une largeur de 14-7\/8&quot; : Profondeur de 4-3\/4&quot; et largeur de 14-7\/8&quot;. Capacit\u00e9 : 1000 lb (454 kg).\" \/>\n<meta property=\"og:url\" content=\"https:\/\/dockedge.thinairweb.co\/fr\/produit\/kwik-release-aluminium\/\" \/>\n<meta property=\"og:site_name\" content=\"Dock Edge+\" \/>\n<meta property=\"og:image\" content=\"https:\/\/dockedge.thinairweb.co\/wp-content\/uploads\/sites\/3\/2025\/07\/DE2004F.jpg\" \/>\n\t<meta property=\"og:image:width\" content=\"800\" \/>\n\t<meta property=\"og:image:height\" content=\"800\" \/>\n\t<meta property=\"og:image:type\" content=\"image\/jpeg\" \/>\n<meta name=\"twitter:card\" content=\"summary_large_image\" \/>\n<script type=\"application\/ld+json\" class=\"yoast-schema-graph\">{\"@context\":\"https:\/\/schema.org\",\"@graph\":[{\"@type\":\"WebPage\",\"@id\":\"https:\/\/dockedge.thinairweb.co\/fr\/produit\/kwik-release-aluminium\/\",\"url\":\"https:\/\/dockedge.thinairweb.co\/fr\/produit\/kwik-release-aluminium\/\",\"name\":\"KWIK RELEASE ALUMINIUM - Dock Edge+\",\"isPartOf\":{\"@id\":\"https:\/\/dockedge.thinairweb.co\/fr\/#website\"},\"primaryImageOfPage\":{\"@id\":\"https:\/\/dockedge.thinairweb.co\/fr\/produit\/kwik-release-aluminium\/#primaryimage\"},\"image\":{\"@id\":\"https:\/\/dockedge.thinairweb.co\/fr\/produit\/kwik-release-aluminium\/#primaryimage\"},\"thumbnailUrl\":\"https:\/\/dockedge.thinairweb.co\/wp-content\/uploads\/sites\/3\/2025\/07\/DE2004F.jpg\",\"datePublished\":\"2018-04-18T14:01:14+00:00\",\"breadcrumb\":{\"@id\":\"https:\/\/dockedge.thinairweb.co\/fr\/produit\/kwik-release-aluminium\/#breadcrumb\"},\"inLanguage\":\"fr-FR\",\"potentialAction\":[{\"@type\":\"ReadAction\",\"target\":[\"https:\/\/dockedge.thinairweb.co\/fr\/produit\/kwik-release-aluminium\/\"]}]},{\"@type\":\"ImageObject\",\"inLanguage\":\"fr-FR\",\"@id\":\"https:\/\/dockedge.thinairweb.co\/fr\/produit\/kwik-release-aluminium\/#primaryimage\",\"url\":\"https:\/\/dockedge.thinairweb.co\/wp-content\/uploads\/sites\/3\/2025\/07\/DE2004F.jpg\",\"contentUrl\":\"https:\/\/dockedge.thinairweb.co\/wp-content\/uploads\/sites\/3\/2025\/07\/DE2004F.jpg\",\"width\":800,\"height\":800,\"caption\":\"Kwik Release Aluminum Ladder\"},{\"@type\":\"BreadcrumbList\",\"@id\":\"https:\/\/dockedge.thinairweb.co\/fr\/produit\/kwik-release-aluminium\/#breadcrumb\",\"itemListElement\":[{\"@type\":\"ListItem\",\"position\":1,\"name\":\"Home\",\"item\":\"https:\/\/dockedge.thinairweb.co\/fr\/\"},{\"@type\":\"ListItem\",\"position\":2,\"name\":\"Boutique\",\"item\":\"https:\/\/dockedge.thinairweb.co\/fr\/boutique\/\"},{\"@type\":\"ListItem\",\"position\":3,\"name\":\"KWIK RELEASE ALUMINIUM\"}]},{\"@type\":\"WebSite\",\"@id\":\"https:\/\/dockedge.thinairweb.co\/fr\/#website\",\"url\":\"https:\/\/dockedge.thinairweb.co\/fr\/\",\"name\":\"Dock Edge+\",\"description\":\"Your Dock. Your Way.\",\"potentialAction\":[{\"@type\":\"SearchAction\",\"target\":{\"@type\":\"EntryPoint\",\"urlTemplate\":\"https:\/\/dockedge.thinairweb.co\/fr\/?s={search_term_string}\"},\"query-input\":{\"@type\":\"PropertyValueSpecification\",\"valueRequired\":true,\"valueName\":\"search_term_string\"}}],\"inLanguage\":\"fr-FR\"}]}<\/script>\n<!-- \/ Yoast SEO plugin. -->","yoast_head_json":{"title":"KWIK RELEASE ALUMINIUM - Dock Edge+","robots":{"index":"index","follow":"follow","max-snippet":"max-snippet:-1","max-image-preview":"max-image-preview:large","max-video-preview":"max-video-preview:-1"},"canonical":"https:\/\/dockedge.thinairweb.co\/fr\/produit\/kwik-release-aluminium\/","og_locale":"fr_FR","og_type":"article","og_title":"KWIK RELEASE ALUMINIUM - Dock Edge+","og_description":"CUP Cette \u00e9chelle est fabriqu\u00e9e avec des tubes d'aluminium de 1\" \u00e0 paroi \u00e9paisse. Toute la quincaillerie est en acier inoxydable et l'assemblage est rapide et facile. Un kit de fixation rapide est inclus en option. Il vous suffit d'incliner l'\u00e9chelle vers le haut et de la faire glisser pour la ranger et la nettoyer, ou de la monter de fa\u00e7on permanente gr\u00e2ce aux trous pr\u00e9-perc\u00e9s.   Hauteur du rail : 18-1\/2\" au-dessus du quai Distance jusqu'\u00e0 la premi\u00e8re marche : Depuis la surface du quai, 11-1\/2\" et 10-1\/2\" entre les marches. Les marches ont une profondeur de 4-3\/4\" et une largeur de 14-7\/8\" : Profondeur de 4-3\/4\" et largeur de 14-7\/8\". Capacit\u00e9 : 1000 lb (454 kg).","og_url":"https:\/\/dockedge.thinairweb.co\/fr\/produit\/kwik-release-aluminium\/","og_site_name":"Dock Edge+","og_image":[{"width":800,"height":800,"url":"https:\/\/dockedge.thinairweb.co\/wp-content\/uploads\/sites\/3\/2025\/07\/DE2004F.jpg","type":"image\/jpeg"}],"twitter_card":"summary_large_image","schema":{"@context":"https:\/\/schema.org","@graph":[{"@type":"WebPage","@id":"https:\/\/dockedge.thinairweb.co\/fr\/produit\/kwik-release-aluminium\/","url":"https:\/\/dockedge.thinairweb.co\/fr\/produit\/kwik-release-aluminium\/","name":"KWIK RELEASE ALUMINIUM - Dock Edge+","isPartOf":{"@id":"https:\/\/dockedge.thinairweb.co\/fr\/#website"},"primaryImageOfPage":{"@id":"https:\/\/dockedge.thinairweb.co\/fr\/produit\/kwik-release-aluminium\/#primaryimage"},"image":{"@id":"https:\/\/dockedge.thinairweb.co\/fr\/produit\/kwik-release-aluminium\/#primaryimage"},"thumbnailUrl":"https:\/\/dockedge.thinairweb.co\/wp-content\/uploads\/sites\/3\/2025\/07\/DE2004F.jpg","datePublished":"2018-04-18T14:01:14+00:00","breadcrumb":{"@id":"https:\/\/dockedge.thinairweb.co\/fr\/produit\/kwik-release-aluminium\/#breadcrumb"},"inLanguage":"fr-FR","potentialAction":[{"@type":"ReadAction","target":["https:\/\/dockedge.thinairweb.co\/fr\/produit\/kwik-release-aluminium\/"]}]},{"@type":"ImageObject","inLanguage":"fr-FR","@id":"https:\/\/dockedge.thinairweb.co\/fr\/produit\/kwik-release-aluminium\/#primaryimage","url":"https:\/\/dockedge.thinairweb.co\/wp-content\/uploads\/sites\/3\/2025\/07\/DE2004F.jpg","contentUrl":"https:\/\/dockedge.thinairweb.co\/wp-content\/uploads\/sites\/3\/2025\/07\/DE2004F.jpg","width":800,"height":800,"caption":"Kwik Release Aluminum Ladder"},{"@type":"BreadcrumbList","@id":"https:\/\/dockedge.thinairweb.co\/fr\/produit\/kwik-release-aluminium\/#breadcrumb","itemListElement":[{"@type":"ListItem","position":1,"name":"Home","item":"https:\/\/dockedge.thinairweb.co\/fr\/"},{"@type":"ListItem","position":2,"name":"Boutique","item":"https:\/\/dockedge.thinairweb.co\/fr\/boutique\/"},{"@type":"ListItem","position":3,"name":"KWIK RELEASE ALUMINIUM"}]},{"@type":"WebSite","@id":"https:\/\/dockedge.thinairweb.co\/fr\/#website","url":"https:\/\/dockedge.thinairweb.co\/fr\/","name":"Dock Edge+","description":"Your Dock. Your Way.","potentialAction":[{"@type":"SearchAction","target":{"@type":"EntryPoint","urlTemplate":"https:\/\/dockedge.thinairweb.co\/fr\/?s={search_term_string}"},"query-input":{"@type":"PropertyValueSpecification","valueRequired":true,"valueName":"search_term_string"}}],"inLanguage":"fr-FR"}]}},"acf":[],"_links":{"self":[{"href":"https:\/\/dockedge.thinairweb.co\/fr\/wp-json\/wp\/v2\/product\/8445","targetHints":{"allow":["GET"]}}],"collection":[{"href":"https:\/\/dockedge.thinairweb.co\/fr\/wp-json\/wp\/v2\/product"}],"about":[{"href":"https:\/\/dockedge.thinairweb.co\/fr\/wp-json\/wp\/v2\/types\/product"}],"wp:featuredmedia":[{"embeddable":true,"href":"https:\/\/dockedge.thinairweb.co\/fr\/wp-json\/wp\/v2\/media\/8162"}],"wp:attachment":[{"href":"https:\/\/dockedge.thinairweb.co\/fr\/wp-json\/wp\/v2\/media?parent=8445"}],"wp:term":[{"taxonomy":"product_brand","embeddable":true,"href":"https:\/\/dockedge.thinairweb.co\/fr\/wp-json\/wp\/v2\/product_brand?post=8445"},{"taxonomy":"product_cat","embeddable":true,"href":"https:\/\/dockedge.thinairweb.co\/fr\/wp-json\/wp\/v2\/product_cat?post=8445"},{"taxonomy":"product_tag","embeddable":true,"href":"https:\/\/dockedge.thinairweb.co\/fr\/wp-json\/wp\/v2\/product_tag?post=8445"}],"curies":[{"name":"wp","href":"https:\/\/api.w.org\/{rel}","templated":true}]}}