{"id":8446,"date":"2018-04-18T14:12:26","date_gmt":"2018-04-18T14:12:26","guid":{"rendered":"https:\/\/dockedge.com\/product\/polyethylene-stand-off-flip-up\/"},"modified":"2025-07-29T13:14:26","modified_gmt":"2025-07-29T13:14:26","slug":"polyethylene-stand-off-flip-up","status":"publish","type":"product","link":"https:\/\/dockedge.thinairweb.co\/fr\/produit\/polyethylene-stand-off-flip-up\/","title":{"rendered":"POLY\u00c9THYL\u00c8NE STAND OFF FLIP-UP"},"content":{"rendered":"<p>[et_pb_section fb_built=\u00a0\u00bb1&Prime; _builder_version=\u00a0\u00bb4.16&Prime; custom_padding=\u00a0\u00bb0px||||false|false\u00a0\u00bb global_colors_info=\u00a0\u00bb{}\u00a0\u00bb][et_pb_row _builder_version=\u00a0\u00bb4.16&Prime; background_size=\u00a0\u00bbinitial\u00a0\u00bb background_position=\u00a0\u00bbtop_left\u00a0\u00bb background_repeat=\u00a0\u00bbrepeat\u00a0\u00bb width=\u00a0\u00bb100%\u00a0\u00bb custom_padding=\u00a0\u00bb0px||0px||false|false\u00a0\u00bb global_colors_info=\u00a0\u00bb{}\u00a0\u00bb][et_pb_column type=\u00a0\u00bb4_4&Prime; _builder_version=\u00a0\u00bb4.16&Prime; custom_padding=\u00a0\u00bb|||\u00a0\u00bb global_colors_info=\u00a0\u00bb{}\u00a0\u00bb custom_padding__hover=\u00a0\u00bb|||\u00a0\u00bb][et_pb_wc_breadcrumb _builder_version=\u00a0\u00bb4.16&Prime; global_colors_info=\u00a0\u00bb{}\u00a0\u00bb][\/et_pb_wc_breadcrumb][et_pb_wc_cart_notice _builder_version=\u00a0\u00bb4.16&Prime; global_colors_info=\u00a0\u00bb{}\u00a0\u00bb][\/et_pb_wc_cart_notice][\/et_pb_column][\/et_pb_row][et_pb_row column_structure=\u00a0\u00bb1_2,1_2&Prime; _builder_version=\u00a0\u00bb4.16&Prime; background_size=\u00a0\u00bbinitial\u00a0\u00bb background_position=\u00a0\u00bbtop_left\u00a0\u00bb background_repeat=\u00a0\u00bbrepeat\u00a0\u00bb width=\u00a0\u00bb100%\u00a0\u00bb custom_padding=\u00a0\u00bb0px||||false|false\u00a0\u00bb global_colors_info=\u00a0\u00bb{}\u00a0\u00bb][et_pb_column type=\u00a0\u00bb1_2&Prime; _builder_version=\u00a0\u00bb4.16&Prime; custom_padding=\u00a0\u00bb|||\u00a0\u00bb global_colors_info=\u00a0\u00bb{}\u00a0\u00bb custom_padding__hover=\u00a0\u00bb|||\u00a0\u00bb][et_pb_wc_images _builder_version=\u00a0\u00bb4.16&Prime; global_colors_info=\u00a0\u00bb{}\u00a0\u00bb][\/et_pb_wc_images][\/et_pb_column][et_pb_column type=\u00a0\u00bb1_2&Prime; _builder_version=\u00a0\u00bb4.16&Prime; custom_padding=\u00a0\u00bb|||\u00a0\u00bb global_colors_info=\u00a0\u00bb{}\u00a0\u00bb custom_padding__hover=\u00a0\u00bb|||\u00a0\u00bb][et_pb_wc_title _builder_version=\u00a0\u00bb4.16&Prime; global_colors_info=\u00a0\u00bb{}\u00a0\u00bb][\/et_pb_wc_title][et_pb_wc_rating _builder_version=\u00a0\u00bb4.16&Prime; global_colors_info=\u00a0\u00bb{}\u00a0\u00bb][\/et_pb_wc_rating][et_pb_wc_price _builder_version=\u00a0\u00bb4.16&Prime; global_colors_info=\u00a0\u00bb{}\u00a0\u00bb][\/et_pb_wc_price][et_pb_wc_description _builder_version=\u00a0\u00bb4.16&Prime; hover_enabled=\u00a0\u00bb0&Prime; global_colors_info=\u00a0\u00bb{}\u00a0\u00bb sticky_enabled=\u00a0\u00bb0&Prime;][\/et_pb_wc_description][et_pb_wc_add_to_cart _builder_version=\u00a0\u00bb4.16&Prime; global_colors_info=\u00a0\u00bb{}\u00a0\u00bb][\/et_pb_wc_add_to_cart][et_pb_wc_meta _builder_version=\u00a0\u00bb4.16&Prime; global_colors_info=\u00a0\u00bb{}\u00a0\u00bb][\/et_pb_wc_meta][et_pb_video src=\u00a0\u00bbhttps:\/\/youtu.be\/zbJXGCmvKHo\u00a0\u00bb _builder_version=\u00a0\u00bb4.16&Prime; _module_preset=\u00a0\u00bbdefault\u00a0\u00bb global_colors_info=\u00a0\u00bb{}\u00a0\u00bb][\/et_pb_video][\/et_pb_column][\/et_pb_row][et_pb_row _builder_version=\u00a0\u00bb4.16&Prime; background_size=\u00a0\u00bbinitial\u00a0\u00bb background_position=\u00a0\u00bbtop_left\u00a0\u00bb background_repeat=\u00a0\u00bbrepeat\u00a0\u00bb width=\u00a0\u00bb100%\u00a0\u00bb global_colors_info=\u00a0\u00bb{}\u00a0\u00bb][et_pb_column type=\u00a0\u00bb4_4&Prime; _builder_version=\u00a0\u00bb4.16&Prime; custom_padding=\u00a0\u00bb|||\u00a0\u00bb global_colors_info=\u00a0\u00bb{}\u00a0\u00bb custom_padding__hover=\u00a0\u00bb|||\u00a0\u00bb][et_pb_wc_tabs _builder_version=\u00a0\u00bb4.16&Prime; global_colors_info=\u00a0\u00bb{}\u00a0\u00bb]\t\t\t\t\t[\/et_pb_wc_tabs][et_pb_wc_upsells _builder_version=\u00a0\u00bb4.16&Prime; global_colors_info=\u00a0\u00bb{}\u00a0\u00bb][\/et_pb_wc_upsells][et_pb_wc_related_products _builder_version=\u00a0\u00bb4.16&Prime; global_colors_info=\u00a0\u00bb{}\u00a0\u00bb][\/et_pb_wc_related_products][\/et_pb_column][\/et_pb_row][\/et_pb_section]<\/p>\n","protected":false},"excerpt":{"rendered":"<div id=\"pr-reviewsnippet\"><\/div>\n<p><b>CUP<\/b> <br \/>\nSolide et durable, cette \u00e9chelle rotomoul\u00e9e pivote vers le haut et s&rsquo;\u00e9carte du chemin, se verrouillant en place lorsqu&rsquo;elle n&rsquo;est pas utilis\u00e9e. L&rsquo;\u00e9chelle Stand Off roto-moul\u00e9e s&rsquo;\u00e9tend dans l&rsquo;eau \u00e0 un angle de 60 degr\u00e9s pour faciliter la sortie de l&rsquo;eau. Ne se corrode pas \u00e0 l&rsquo;exposition, ne se d\u00e9colore pas et ne se fissure pas. Inhibiteurs de rayons ultraviolets et fongicides int\u00e9gr\u00e9s.   <\/p>\n<p>Hauteur du rail : 20-1\/2&Prime; au-dessus du quai<br \/>\nDistance jusqu&rsquo;\u00e0 la premi\u00e8re marche : Depuis la surface du quai, 12-1\/2&Prime; et 10-1\/2&Prime; entre les marches.<br \/>\nLes marches ont une profondeur de 6-1\/2&Prime; et une largeur de 14&Prime; : Profondeur de 6-1\/2&Prime; et largeur de 14&Prime;.<br \/>\nCapacit\u00e9 : 500 lb (227 kg). <\/p>\n","protected":false},"featured_media":7377,"template":"","meta":{"_acf_changed":false,"_et_pb_use_builder":"on","_et_pb_old_content":"<table id=\"product-table\" border=\"0\" cellspacing=\"0\" cellpadding=\"15\">\n<tbody>\n<tr>\n<th>N\u00b0 de pi\u00e8ce<\/th>\n<th>Description<\/th>\n<\/tr>\n<tr>\n<td>DE2084F<\/td>\n<td>Echelle de quai \u00e0 4 marches, relevable, LLDPE, gris<\/td>\n<\/tr>\n<tr>\n<td>DE2184F<\/td>\n<td>\u00c9chelle de quai \u00e0 4 marches, relevable, LLDPE, sable<\/td>\n<\/tr>\n<\/tbody>\n<\/table>\n<div id=\"pr-reviewdisplay\"><\/div>","_et_gb_content_width":""},"product_brand":[],"product_cat":[181],"product_tag":[],"class_list":{"0":"post-8446","1":"product","2":"type-product","3":"status-publish","4":"has-post-thumbnail","6":"product_cat-echelles-de-quai","8":"first","9":"instock","10":"shipping-taxable","11":"product-type-simple"},"yoast_head":"<!-- This site is optimized with the Yoast SEO plugin v27.0 - https:\/\/yoast.com\/product\/yoast-seo-wordpress\/ -->\n<title>POLY\u00c9THYL\u00c8NE STAND OFF FLIP-UP - Dock Edge+<\/title>\n<meta name=\"robots\" content=\"index, follow, max-snippet:-1, max-image-preview:large, max-video-preview:-1\" \/>\n<link rel=\"canonical\" href=\"https:\/\/dockedge.thinairweb.co\/fr\/produit\/polyethylene-stand-off-flip-up\/\" \/>\n<meta property=\"og:locale\" content=\"fr_FR\" \/>\n<meta property=\"og:type\" content=\"article\" \/>\n<meta property=\"og:title\" content=\"POLY\u00c9THYL\u00c8NE STAND OFF FLIP-UP - Dock Edge+\" \/>\n<meta property=\"og:description\" content=\"CUP Solide et durable, cette \u00e9chelle rotomoul\u00e9e pivote vers le haut et s&#039;\u00e9carte du chemin, se verrouillant en place lorsqu&#039;elle n&#039;est pas utilis\u00e9e. L&#039;\u00e9chelle Stand Off roto-moul\u00e9e s&#039;\u00e9tend dans l&#039;eau \u00e0 un angle de 60 degr\u00e9s pour faciliter la sortie de l&#039;eau. Ne se corrode pas \u00e0 l&#039;exposition, ne se d\u00e9colore pas et ne se fissure pas. Inhibiteurs de rayons ultraviolets et fongicides int\u00e9gr\u00e9s.   Hauteur du rail : 20-1\/2&quot; au-dessus du quai Distance jusqu&#039;\u00e0 la premi\u00e8re marche : Depuis la surface du quai, 12-1\/2&quot; et 10-1\/2&quot; entre les marches. Les marches ont une profondeur de 6-1\/2&quot; et une largeur de 14&quot; : Profondeur de 6-1\/2&quot; et largeur de 14&quot;. Capacit\u00e9 : 500 lb (227 kg).\" \/>\n<meta property=\"og:url\" content=\"https:\/\/dockedge.thinairweb.co\/fr\/produit\/polyethylene-stand-off-flip-up\/\" \/>\n<meta property=\"og:site_name\" content=\"Dock Edge+\" \/>\n<meta property=\"article:modified_time\" content=\"2025-07-29T13:14:26+00:00\" \/>\n<meta property=\"og:image\" content=\"https:\/\/dockedge.thinairweb.co\/wp-content\/uploads\/sites\/3\/2018\/04\/PolyethyleneStandOffFlipUp.jpg\" \/>\n\t<meta property=\"og:image:width\" content=\"700\" \/>\n\t<meta property=\"og:image:height\" content=\"700\" \/>\n\t<meta property=\"og:image:type\" content=\"image\/jpeg\" \/>\n<meta name=\"twitter:card\" content=\"summary_large_image\" \/>\n<meta name=\"twitter:label1\" content=\"Dur\u00e9e de lecture estim\u00e9e\" \/>\n\t<meta name=\"twitter:data1\" content=\"2 minutes\" \/>\n<script type=\"application\/ld+json\" class=\"yoast-schema-graph\">{\"@context\":\"https:\/\/schema.org\",\"@graph\":[{\"@type\":\"WebPage\",\"@id\":\"https:\/\/dockedge.thinairweb.co\/fr\/produit\/polyethylene-stand-off-flip-up\/\",\"url\":\"https:\/\/dockedge.thinairweb.co\/fr\/produit\/polyethylene-stand-off-flip-up\/\",\"name\":\"POLY\u00c9THYL\u00c8NE STAND OFF FLIP-UP - Dock Edge+\",\"isPartOf\":{\"@id\":\"https:\/\/dockedge.thinairweb.co\/fr\/#website\"},\"primaryImageOfPage\":{\"@id\":\"https:\/\/dockedge.thinairweb.co\/fr\/produit\/polyethylene-stand-off-flip-up\/#primaryimage\"},\"image\":{\"@id\":\"https:\/\/dockedge.thinairweb.co\/fr\/produit\/polyethylene-stand-off-flip-up\/#primaryimage\"},\"thumbnailUrl\":\"https:\/\/dockedge.thinairweb.co\/wp-content\/uploads\/sites\/3\/2018\/04\/PolyethyleneStandOffFlipUp.jpg\",\"datePublished\":\"2018-04-18T14:12:26+00:00\",\"dateModified\":\"2025-07-29T13:14:26+00:00\",\"breadcrumb\":{\"@id\":\"https:\/\/dockedge.thinairweb.co\/fr\/produit\/polyethylene-stand-off-flip-up\/#breadcrumb\"},\"inLanguage\":\"fr-FR\",\"potentialAction\":[{\"@type\":\"ReadAction\",\"target\":[\"https:\/\/dockedge.thinairweb.co\/fr\/produit\/polyethylene-stand-off-flip-up\/\"]}]},{\"@type\":\"ImageObject\",\"inLanguage\":\"fr-FR\",\"@id\":\"https:\/\/dockedge.thinairweb.co\/fr\/produit\/polyethylene-stand-off-flip-up\/#primaryimage\",\"url\":\"https:\/\/dockedge.thinairweb.co\/wp-content\/uploads\/sites\/3\/2018\/04\/PolyethyleneStandOffFlipUp.jpg\",\"contentUrl\":\"https:\/\/dockedge.thinairweb.co\/wp-content\/uploads\/sites\/3\/2018\/04\/PolyethyleneStandOffFlipUp.jpg\",\"width\":700,\"height\":700,\"caption\":\"Polyethylene Stand-Off Flip-Up Dock Ladder\"},{\"@type\":\"BreadcrumbList\",\"@id\":\"https:\/\/dockedge.thinairweb.co\/fr\/produit\/polyethylene-stand-off-flip-up\/#breadcrumb\",\"itemListElement\":[{\"@type\":\"ListItem\",\"position\":1,\"name\":\"Home\",\"item\":\"https:\/\/dockedge.thinairweb.co\/fr\/\"},{\"@type\":\"ListItem\",\"position\":2,\"name\":\"Boutique\",\"item\":\"https:\/\/dockedge.thinairweb.co\/fr\/boutique\/\"},{\"@type\":\"ListItem\",\"position\":3,\"name\":\"POLY\u00c9THYL\u00c8NE STAND OFF FLIP-UP\"}]},{\"@type\":\"WebSite\",\"@id\":\"https:\/\/dockedge.thinairweb.co\/fr\/#website\",\"url\":\"https:\/\/dockedge.thinairweb.co\/fr\/\",\"name\":\"Dock Edge+\",\"description\":\"Your Dock. Your Way.\",\"potentialAction\":[{\"@type\":\"SearchAction\",\"target\":{\"@type\":\"EntryPoint\",\"urlTemplate\":\"https:\/\/dockedge.thinairweb.co\/fr\/?s={search_term_string}\"},\"query-input\":{\"@type\":\"PropertyValueSpecification\",\"valueRequired\":true,\"valueName\":\"search_term_string\"}}],\"inLanguage\":\"fr-FR\"}]}<\/script>\n<!-- \/ Yoast SEO plugin. -->","yoast_head_json":{"title":"POLY\u00c9THYL\u00c8NE STAND OFF FLIP-UP - Dock Edge+","robots":{"index":"index","follow":"follow","max-snippet":"max-snippet:-1","max-image-preview":"max-image-preview:large","max-video-preview":"max-video-preview:-1"},"canonical":"https:\/\/dockedge.thinairweb.co\/fr\/produit\/polyethylene-stand-off-flip-up\/","og_locale":"fr_FR","og_type":"article","og_title":"POLY\u00c9THYL\u00c8NE STAND OFF FLIP-UP - Dock Edge+","og_description":"CUP Solide et durable, cette \u00e9chelle rotomoul\u00e9e pivote vers le haut et s'\u00e9carte du chemin, se verrouillant en place lorsqu'elle n'est pas utilis\u00e9e. L'\u00e9chelle Stand Off roto-moul\u00e9e s'\u00e9tend dans l'eau \u00e0 un angle de 60 degr\u00e9s pour faciliter la sortie de l'eau. Ne se corrode pas \u00e0 l'exposition, ne se d\u00e9colore pas et ne se fissure pas. Inhibiteurs de rayons ultraviolets et fongicides int\u00e9gr\u00e9s.   Hauteur du rail : 20-1\/2\" au-dessus du quai Distance jusqu'\u00e0 la premi\u00e8re marche : Depuis la surface du quai, 12-1\/2\" et 10-1\/2\" entre les marches. Les marches ont une profondeur de 6-1\/2\" et une largeur de 14\" : Profondeur de 6-1\/2\" et largeur de 14\". Capacit\u00e9 : 500 lb (227 kg).","og_url":"https:\/\/dockedge.thinairweb.co\/fr\/produit\/polyethylene-stand-off-flip-up\/","og_site_name":"Dock Edge+","article_modified_time":"2025-07-29T13:14:26+00:00","og_image":[{"width":700,"height":700,"url":"https:\/\/dockedge.thinairweb.co\/wp-content\/uploads\/sites\/3\/2018\/04\/PolyethyleneStandOffFlipUp.jpg","type":"image\/jpeg"}],"twitter_card":"summary_large_image","twitter_misc":{"Dur\u00e9e de lecture estim\u00e9e":"2 minutes"},"schema":{"@context":"https:\/\/schema.org","@graph":[{"@type":"WebPage","@id":"https:\/\/dockedge.thinairweb.co\/fr\/produit\/polyethylene-stand-off-flip-up\/","url":"https:\/\/dockedge.thinairweb.co\/fr\/produit\/polyethylene-stand-off-flip-up\/","name":"POLY\u00c9THYL\u00c8NE STAND OFF FLIP-UP - Dock Edge+","isPartOf":{"@id":"https:\/\/dockedge.thinairweb.co\/fr\/#website"},"primaryImageOfPage":{"@id":"https:\/\/dockedge.thinairweb.co\/fr\/produit\/polyethylene-stand-off-flip-up\/#primaryimage"},"image":{"@id":"https:\/\/dockedge.thinairweb.co\/fr\/produit\/polyethylene-stand-off-flip-up\/#primaryimage"},"thumbnailUrl":"https:\/\/dockedge.thinairweb.co\/wp-content\/uploads\/sites\/3\/2018\/04\/PolyethyleneStandOffFlipUp.jpg","datePublished":"2018-04-18T14:12:26+00:00","dateModified":"2025-07-29T13:14:26+00:00","breadcrumb":{"@id":"https:\/\/dockedge.thinairweb.co\/fr\/produit\/polyethylene-stand-off-flip-up\/#breadcrumb"},"inLanguage":"fr-FR","potentialAction":[{"@type":"ReadAction","target":["https:\/\/dockedge.thinairweb.co\/fr\/produit\/polyethylene-stand-off-flip-up\/"]}]},{"@type":"ImageObject","inLanguage":"fr-FR","@id":"https:\/\/dockedge.thinairweb.co\/fr\/produit\/polyethylene-stand-off-flip-up\/#primaryimage","url":"https:\/\/dockedge.thinairweb.co\/wp-content\/uploads\/sites\/3\/2018\/04\/PolyethyleneStandOffFlipUp.jpg","contentUrl":"https:\/\/dockedge.thinairweb.co\/wp-content\/uploads\/sites\/3\/2018\/04\/PolyethyleneStandOffFlipUp.jpg","width":700,"height":700,"caption":"Polyethylene Stand-Off Flip-Up Dock Ladder"},{"@type":"BreadcrumbList","@id":"https:\/\/dockedge.thinairweb.co\/fr\/produit\/polyethylene-stand-off-flip-up\/#breadcrumb","itemListElement":[{"@type":"ListItem","position":1,"name":"Home","item":"https:\/\/dockedge.thinairweb.co\/fr\/"},{"@type":"ListItem","position":2,"name":"Boutique","item":"https:\/\/dockedge.thinairweb.co\/fr\/boutique\/"},{"@type":"ListItem","position":3,"name":"POLY\u00c9THYL\u00c8NE STAND OFF FLIP-UP"}]},{"@type":"WebSite","@id":"https:\/\/dockedge.thinairweb.co\/fr\/#website","url":"https:\/\/dockedge.thinairweb.co\/fr\/","name":"Dock Edge+","description":"Your Dock. Your Way.","potentialAction":[{"@type":"SearchAction","target":{"@type":"EntryPoint","urlTemplate":"https:\/\/dockedge.thinairweb.co\/fr\/?s={search_term_string}"},"query-input":{"@type":"PropertyValueSpecification","valueRequired":true,"valueName":"search_term_string"}}],"inLanguage":"fr-FR"}]}},"acf":[],"_links":{"self":[{"href":"https:\/\/dockedge.thinairweb.co\/fr\/wp-json\/wp\/v2\/product\/8446","targetHints":{"allow":["GET"]}}],"collection":[{"href":"https:\/\/dockedge.thinairweb.co\/fr\/wp-json\/wp\/v2\/product"}],"about":[{"href":"https:\/\/dockedge.thinairweb.co\/fr\/wp-json\/wp\/v2\/types\/product"}],"wp:featuredmedia":[{"embeddable":true,"href":"https:\/\/dockedge.thinairweb.co\/fr\/wp-json\/wp\/v2\/media\/7377"}],"wp:attachment":[{"href":"https:\/\/dockedge.thinairweb.co\/fr\/wp-json\/wp\/v2\/media?parent=8446"}],"wp:term":[{"taxonomy":"product_brand","embeddable":true,"href":"https:\/\/dockedge.thinairweb.co\/fr\/wp-json\/wp\/v2\/product_brand?post=8446"},{"taxonomy":"product_cat","embeddable":true,"href":"https:\/\/dockedge.thinairweb.co\/fr\/wp-json\/wp\/v2\/product_cat?post=8446"},{"taxonomy":"product_tag","embeddable":true,"href":"https:\/\/dockedge.thinairweb.co\/fr\/wp-json\/wp\/v2\/product_tag?post=8446"}],"curies":[{"name":"wp","href":"https:\/\/api.w.org\/{rel}","templated":true}]}}