{"id":8452,"date":"2018-04-18T14:05:40","date_gmt":"2018-04-18T14:05:40","guid":{"rendered":"https:\/\/dockedge.com\/product\/fixed-eco-aluminium-sans-soudure\/"},"modified":"2018-04-18T14:05:40","modified_gmt":"2018-04-18T14:05:40","slug":"fixed-eco-aluminium-sans-soudure","status":"publish","type":"product","link":"https:\/\/dockedge.thinairweb.co\/fr\/produit\/fixed-eco-aluminium-sans-soudure\/","title":{"rendered":"FIXED ECO &#8211; ALUMINIUM SANS SOUDURE"},"content":{"rendered":"<table id=\"product-table\" cellpadding=\"15\" cellspacing=\"0\" border=\"0\">\n<tbody>\n<tr>\n<th>N\u00b0 de pi\u00e8ce<\/th>\n<th>Description<\/th>\n<\/tr>\n<tr>\n<td>DE2073F<\/td>\n<td>\u00c9chelle de quai fixe 3 marches, sans soudure ECO, aluminium<\/td>\n<\/tr>\n<tr>\n<td>DE2074F<\/td>\n<td>\u00c9chelle de quai fixe 4 marches, sans soudure ECO, aluminium<\/td>\n<\/tr>\n<tr>\n<td>DE2075F<\/td>\n<td>\u00c9chelle de quai fixe \u00e0 5 marches, sans soudure ECO, aluminium<\/td>\n<\/tr>\n<\/tbody>\n<\/table>\n<p><script src=\"\/\/ui.powerreviews.com\/stable\/4.0\/ui.js\"><\/script><\/p>\n<p><script>\n  POWERREVIEWS.display.render({\n      api_key: 'fdb23d80-8310-4409-87f2-2ee20e24a743',\n      locale: 'en_US',\n      merchant_group_id: '78535',\n      merchant_id: '542114',\n      page_id: '2853',\n      review_wrapper_url: 'http:\/\/www.dockedge.com\/write-a-review\/?pr_page_id=___PAGE_ID___',\nstructured_data_product_id : 'http:\/\/www.dockedge.com\/product\/fixed-eco-weld-free-aluminum\/',\nproduct:{\n        name: 'FIXED ECO - WELD FREE ALUMINUM', \n        url: 'http:\/\/www.dockedge.com\/product\/fixed-eco-weld-free-aluminum\/',\n        image_url: 'http:\/\/www.dockedge.com\/wp-content\/uploads\/sites\/3\/2018\/04\/FixedEcoWeldFreeAluminum.jpg',\n        description: 'Ladder 3 Step Fixed ECO Weld Free Alum',\n        category_name: 'Dock Ladders',\n        manufacturer_id: 'DE2073F',\n        upc: '776113207307',\n        brand_name: 'DockEdge',\n        price: '<your_product_price>',\n        in_stock: '<product_in_stock_status>',\n        variants: [{\n            name: 'DE2074F',\n            description: 'Ladder 4 Step Fixed ECO Weld Free Alum',\n\t    upc: '776113207406',\t\n            page_id_variant: '1',\n        },\n        {\n            name: 'DE2075F',\n            description: 'Ladder 5 Step Fixed ECO Weld Free Alum',\n            upc: '776113207505',\n            page_id_variant: '2',  \n    }]\n    },\n      components: {\n    ReviewSnippet: 'pr-reviewsnippet',\n    ReviewDisplay: 'pr-reviewdisplay'\n      }\n    });\n  <\/script><\/p>\n<div id=\"pr-reviewdisplay\"><\/div>\n","protected":false},"excerpt":{"rendered":"<div id=\"pr-reviewsnippet\"><\/div>\n<p><b>CUP<\/b> <br \/>\nCes \u00e9chelles durables ont \u00e9t\u00e9 con\u00e7ues pour avoir une empreinte carbone minimale. Elles sont fabriqu\u00e9es sans aucun processus de soudage. Elles s&rsquo;assemblent facilement en quelques minutes \u00e0 l&rsquo;aide de fixations en acier inoxydable. Les marches plus larges permettent une prise en main s\u00fbre et une mont\u00e9e en toute s\u00e9curit\u00e9.   <\/p>\n<p>Hauteur du rail : 18&Prime; au-dessus du quai<br \/>\nDistance de la premi\u00e8re marche : Depuis la surface du quai, 10&Prime; et 11&Prime; entre les marches.<br \/>\nMarches : Profondeur de 2-1\/2&Prime; et largeur de 14&Prime;.<br \/>\nCapacit\u00e9 : 500 lb (227 kg). <\/p>\n","protected":false},"featured_media":7384,"template":"","meta":{"_acf_changed":false,"_et_pb_use_builder":"","_et_pb_old_content":"","_et_gb_content_width":""},"product_brand":[],"product_cat":[181],"product_tag":[],"class_list":{"0":"post-8452","1":"product","2":"type-product","3":"status-publish","4":"has-post-thumbnail","6":"product_cat-echelles-de-quai","8":"first","9":"instock","10":"shipping-taxable","11":"product-type-simple"},"yoast_head":"<!-- This site is optimized with the Yoast SEO plugin v27.0 - https:\/\/yoast.com\/product\/yoast-seo-wordpress\/ -->\n<title>FIXED ECO - ALUMINIUM SANS SOUDURE - Dock Edge+<\/title>\n<meta name=\"robots\" content=\"index, follow, max-snippet:-1, max-image-preview:large, max-video-preview:-1\" \/>\n<link rel=\"canonical\" href=\"https:\/\/dockedge.thinairweb.co\/fr\/produit\/fixed-eco-aluminium-sans-soudure\/\" \/>\n<meta property=\"og:locale\" content=\"fr_FR\" \/>\n<meta property=\"og:type\" content=\"article\" \/>\n<meta property=\"og:title\" content=\"FIXED ECO - ALUMINIUM SANS SOUDURE - Dock Edge+\" \/>\n<meta property=\"og:description\" content=\"CUP Ces \u00e9chelles durables ont \u00e9t\u00e9 con\u00e7ues pour avoir une empreinte carbone minimale. Elles sont fabriqu\u00e9es sans aucun processus de soudage. Elles s&#039;assemblent facilement en quelques minutes \u00e0 l&#039;aide de fixations en acier inoxydable. Les marches plus larges permettent une prise en main s\u00fbre et une mont\u00e9e en toute s\u00e9curit\u00e9.   Hauteur du rail : 18&quot; au-dessus du quai Distance de la premi\u00e8re marche : Depuis la surface du quai, 10&quot; et 11&quot; entre les marches. Marches : Profondeur de 2-1\/2&quot; et largeur de 14&quot;. Capacit\u00e9 : 500 lb (227 kg).\" \/>\n<meta property=\"og:url\" content=\"https:\/\/dockedge.thinairweb.co\/fr\/produit\/fixed-eco-aluminium-sans-soudure\/\" \/>\n<meta property=\"og:site_name\" content=\"Dock Edge+\" \/>\n<meta property=\"og:image\" content=\"https:\/\/dockedge.thinairweb.co\/wp-content\/uploads\/sites\/3\/2018\/04\/FixedEcoWeldFreeAluminum.jpg\" \/>\n\t<meta property=\"og:image:width\" content=\"700\" \/>\n\t<meta property=\"og:image:height\" content=\"700\" \/>\n\t<meta property=\"og:image:type\" content=\"image\/jpeg\" \/>\n<meta name=\"twitter:card\" content=\"summary_large_image\" \/>\n<script type=\"application\/ld+json\" class=\"yoast-schema-graph\">{\"@context\":\"https:\/\/schema.org\",\"@graph\":[{\"@type\":\"WebPage\",\"@id\":\"https:\/\/dockedge.thinairweb.co\/fr\/produit\/fixed-eco-aluminium-sans-soudure\/\",\"url\":\"https:\/\/dockedge.thinairweb.co\/fr\/produit\/fixed-eco-aluminium-sans-soudure\/\",\"name\":\"FIXED ECO - ALUMINIUM SANS SOUDURE - Dock Edge+\",\"isPartOf\":{\"@id\":\"https:\/\/dockedge.thinairweb.co\/fr\/#website\"},\"primaryImageOfPage\":{\"@id\":\"https:\/\/dockedge.thinairweb.co\/fr\/produit\/fixed-eco-aluminium-sans-soudure\/#primaryimage\"},\"image\":{\"@id\":\"https:\/\/dockedge.thinairweb.co\/fr\/produit\/fixed-eco-aluminium-sans-soudure\/#primaryimage\"},\"thumbnailUrl\":\"https:\/\/dockedge.thinairweb.co\/wp-content\/uploads\/sites\/3\/2018\/04\/FixedEcoWeldFreeAluminum.jpg\",\"datePublished\":\"2018-04-18T14:05:40+00:00\",\"breadcrumb\":{\"@id\":\"https:\/\/dockedge.thinairweb.co\/fr\/produit\/fixed-eco-aluminium-sans-soudure\/#breadcrumb\"},\"inLanguage\":\"fr-FR\",\"potentialAction\":[{\"@type\":\"ReadAction\",\"target\":[\"https:\/\/dockedge.thinairweb.co\/fr\/produit\/fixed-eco-aluminium-sans-soudure\/\"]}]},{\"@type\":\"ImageObject\",\"inLanguage\":\"fr-FR\",\"@id\":\"https:\/\/dockedge.thinairweb.co\/fr\/produit\/fixed-eco-aluminium-sans-soudure\/#primaryimage\",\"url\":\"https:\/\/dockedge.thinairweb.co\/wp-content\/uploads\/sites\/3\/2018\/04\/FixedEcoWeldFreeAluminum.jpg\",\"contentUrl\":\"https:\/\/dockedge.thinairweb.co\/wp-content\/uploads\/sites\/3\/2018\/04\/FixedEcoWeldFreeAluminum.jpg\",\"width\":700,\"height\":700,\"caption\":\"Fixed Eco Weld-Free Aluminum Ladder\"},{\"@type\":\"BreadcrumbList\",\"@id\":\"https:\/\/dockedge.thinairweb.co\/fr\/produit\/fixed-eco-aluminium-sans-soudure\/#breadcrumb\",\"itemListElement\":[{\"@type\":\"ListItem\",\"position\":1,\"name\":\"Home\",\"item\":\"https:\/\/dockedge.thinairweb.co\/fr\/\"},{\"@type\":\"ListItem\",\"position\":2,\"name\":\"Boutique\",\"item\":\"https:\/\/dockedge.thinairweb.co\/fr\/boutique\/\"},{\"@type\":\"ListItem\",\"position\":3,\"name\":\"FIXED ECO &#8211; ALUMINIUM SANS SOUDURE\"}]},{\"@type\":\"WebSite\",\"@id\":\"https:\/\/dockedge.thinairweb.co\/fr\/#website\",\"url\":\"https:\/\/dockedge.thinairweb.co\/fr\/\",\"name\":\"Dock Edge+\",\"description\":\"Your Dock. Your Way.\",\"potentialAction\":[{\"@type\":\"SearchAction\",\"target\":{\"@type\":\"EntryPoint\",\"urlTemplate\":\"https:\/\/dockedge.thinairweb.co\/fr\/?s={search_term_string}\"},\"query-input\":{\"@type\":\"PropertyValueSpecification\",\"valueRequired\":true,\"valueName\":\"search_term_string\"}}],\"inLanguage\":\"fr-FR\"}]}<\/script>\n<!-- \/ Yoast SEO plugin. -->","yoast_head_json":{"title":"FIXED ECO - ALUMINIUM SANS SOUDURE - Dock Edge+","robots":{"index":"index","follow":"follow","max-snippet":"max-snippet:-1","max-image-preview":"max-image-preview:large","max-video-preview":"max-video-preview:-1"},"canonical":"https:\/\/dockedge.thinairweb.co\/fr\/produit\/fixed-eco-aluminium-sans-soudure\/","og_locale":"fr_FR","og_type":"article","og_title":"FIXED ECO - ALUMINIUM SANS SOUDURE - Dock Edge+","og_description":"CUP Ces \u00e9chelles durables ont \u00e9t\u00e9 con\u00e7ues pour avoir une empreinte carbone minimale. Elles sont fabriqu\u00e9es sans aucun processus de soudage. Elles s'assemblent facilement en quelques minutes \u00e0 l'aide de fixations en acier inoxydable. Les marches plus larges permettent une prise en main s\u00fbre et une mont\u00e9e en toute s\u00e9curit\u00e9.   Hauteur du rail : 18\" au-dessus du quai Distance de la premi\u00e8re marche : Depuis la surface du quai, 10\" et 11\" entre les marches. Marches : Profondeur de 2-1\/2\" et largeur de 14\". Capacit\u00e9 : 500 lb (227 kg).","og_url":"https:\/\/dockedge.thinairweb.co\/fr\/produit\/fixed-eco-aluminium-sans-soudure\/","og_site_name":"Dock Edge+","og_image":[{"width":700,"height":700,"url":"https:\/\/dockedge.thinairweb.co\/wp-content\/uploads\/sites\/3\/2018\/04\/FixedEcoWeldFreeAluminum.jpg","type":"image\/jpeg"}],"twitter_card":"summary_large_image","schema":{"@context":"https:\/\/schema.org","@graph":[{"@type":"WebPage","@id":"https:\/\/dockedge.thinairweb.co\/fr\/produit\/fixed-eco-aluminium-sans-soudure\/","url":"https:\/\/dockedge.thinairweb.co\/fr\/produit\/fixed-eco-aluminium-sans-soudure\/","name":"FIXED ECO - ALUMINIUM SANS SOUDURE - Dock Edge+","isPartOf":{"@id":"https:\/\/dockedge.thinairweb.co\/fr\/#website"},"primaryImageOfPage":{"@id":"https:\/\/dockedge.thinairweb.co\/fr\/produit\/fixed-eco-aluminium-sans-soudure\/#primaryimage"},"image":{"@id":"https:\/\/dockedge.thinairweb.co\/fr\/produit\/fixed-eco-aluminium-sans-soudure\/#primaryimage"},"thumbnailUrl":"https:\/\/dockedge.thinairweb.co\/wp-content\/uploads\/sites\/3\/2018\/04\/FixedEcoWeldFreeAluminum.jpg","datePublished":"2018-04-18T14:05:40+00:00","breadcrumb":{"@id":"https:\/\/dockedge.thinairweb.co\/fr\/produit\/fixed-eco-aluminium-sans-soudure\/#breadcrumb"},"inLanguage":"fr-FR","potentialAction":[{"@type":"ReadAction","target":["https:\/\/dockedge.thinairweb.co\/fr\/produit\/fixed-eco-aluminium-sans-soudure\/"]}]},{"@type":"ImageObject","inLanguage":"fr-FR","@id":"https:\/\/dockedge.thinairweb.co\/fr\/produit\/fixed-eco-aluminium-sans-soudure\/#primaryimage","url":"https:\/\/dockedge.thinairweb.co\/wp-content\/uploads\/sites\/3\/2018\/04\/FixedEcoWeldFreeAluminum.jpg","contentUrl":"https:\/\/dockedge.thinairweb.co\/wp-content\/uploads\/sites\/3\/2018\/04\/FixedEcoWeldFreeAluminum.jpg","width":700,"height":700,"caption":"Fixed Eco Weld-Free Aluminum Ladder"},{"@type":"BreadcrumbList","@id":"https:\/\/dockedge.thinairweb.co\/fr\/produit\/fixed-eco-aluminium-sans-soudure\/#breadcrumb","itemListElement":[{"@type":"ListItem","position":1,"name":"Home","item":"https:\/\/dockedge.thinairweb.co\/fr\/"},{"@type":"ListItem","position":2,"name":"Boutique","item":"https:\/\/dockedge.thinairweb.co\/fr\/boutique\/"},{"@type":"ListItem","position":3,"name":"FIXED ECO &#8211; ALUMINIUM SANS SOUDURE"}]},{"@type":"WebSite","@id":"https:\/\/dockedge.thinairweb.co\/fr\/#website","url":"https:\/\/dockedge.thinairweb.co\/fr\/","name":"Dock Edge+","description":"Your Dock. Your Way.","potentialAction":[{"@type":"SearchAction","target":{"@type":"EntryPoint","urlTemplate":"https:\/\/dockedge.thinairweb.co\/fr\/?s={search_term_string}"},"query-input":{"@type":"PropertyValueSpecification","valueRequired":true,"valueName":"search_term_string"}}],"inLanguage":"fr-FR"}]}},"acf":[],"_links":{"self":[{"href":"https:\/\/dockedge.thinairweb.co\/fr\/wp-json\/wp\/v2\/product\/8452","targetHints":{"allow":["GET"]}}],"collection":[{"href":"https:\/\/dockedge.thinairweb.co\/fr\/wp-json\/wp\/v2\/product"}],"about":[{"href":"https:\/\/dockedge.thinairweb.co\/fr\/wp-json\/wp\/v2\/types\/product"}],"wp:featuredmedia":[{"embeddable":true,"href":"https:\/\/dockedge.thinairweb.co\/fr\/wp-json\/wp\/v2\/media\/7384"}],"wp:attachment":[{"href":"https:\/\/dockedge.thinairweb.co\/fr\/wp-json\/wp\/v2\/media?parent=8452"}],"wp:term":[{"taxonomy":"product_brand","embeddable":true,"href":"https:\/\/dockedge.thinairweb.co\/fr\/wp-json\/wp\/v2\/product_brand?post=8452"},{"taxonomy":"product_cat","embeddable":true,"href":"https:\/\/dockedge.thinairweb.co\/fr\/wp-json\/wp\/v2\/product_cat?post=8452"},{"taxonomy":"product_tag","embeddable":true,"href":"https:\/\/dockedge.thinairweb.co\/fr\/wp-json\/wp\/v2\/product_tag?post=8452"}],"curies":[{"name":"wp","href":"https:\/\/api.w.org\/{rel}","templated":true}]}}