{"id":8454,"date":"2018-04-18T13:27:42","date_gmt":"2018-04-18T13:27:42","guid":{"rendered":"https:\/\/dockedge.com\/product\/taquet-damarrage-solaire\/"},"modified":"2018-04-18T13:27:42","modified_gmt":"2018-04-18T13:27:42","slug":"taquet-damarrage-solaire","status":"publish","type":"product","link":"https:\/\/dockedge.thinairweb.co\/fr\/produit\/taquet-damarrage-solaire\/","title":{"rendered":"TAQUET D&rsquo;AMARRAGE SOLAIRE"},"content":{"rendered":"<table id=\"product-table\" cellpadding=\"15\" cellspacing=\"0\" border=\"0\">\n<tbody>\n<tr>\n<th>N\u00b0 de pi\u00e8ce<\/th>\n<th>Description<\/th>\n<\/tr>\n<tr>\n<td>DE96288F<\/td>\n<td>Tasseau de quai solaire<\/td>\n<\/tr>\n<\/tbody>\n<\/table>\n<p><script src=\"\/\/ui.powerreviews.com\/stable\/4.0\/ui.js\"><\/script><\/p>\n<p><script>\n  POWERREVIEWS.display.render({\n      api_key: 'fdb23d80-8310-4409-87f2-2ee20e24a743',\n      locale: 'en_US',\n      merchant_group_id: '78535',\n      merchant_id: '542114',\n      page_id: '2826',\n      review_wrapper_url: 'http:\/\/www.dockedge.com\/write-a-review\/?pr_page_id=___PAGE_ID___',\nstructured_data_product_id : 'http:\/\/www.dockedge.com\/product\/solar-dock-cleat\/',\nproduct:{\n        name: 'SOLAR DOCK CLEAT', \n        url: 'http:\/\/www.dockedge.com\/product\/solar-dock-cleat\/',\n        image_url: 'http:\/\/www.dockedge.com\/wp-content\/uploads\/sites\/3\/2018\/04\/96-288-F.jpg',\n        description: 'DockCleat Open Base Alum 10\" Solar',\n        category_name: 'Cleats',\n        manufacturer_id: 'DE96288F',\n        upc: '776113962886',\n        brand_name: 'DockEdge',\n        price: '<your_product_price>',\n        in_stock: '<product_in_stock_status>',\n    },\n      components: {\n    ReviewSnippet: 'pr-reviewsnippet',\n    ReviewDisplay: 'pr-reviewdisplay'\n      }\n    });\n  <\/script><\/p>\n<div id=\"pr-reviewdisplay\"><\/div>\n","protected":false},"excerpt":{"rendered":"<div id=\"pr-reviewsnippet\"><\/div>\n<p><b>CUP<\/b> <br \/>\nAttrayante et fonctionnelle, avec de puissantes performances en mati\u00e8re de charge solaire et de r\u00e9sistance \u00e0 l&rsquo;amarrage<\/p>\n<ul>\n<li>Ch\u00e2ssis en alliage d&rsquo;aluminium moul\u00e9 avec une base large et robuste<\/li>\n<li>5 LED blanches super brillantes pour l&rsquo;\u00e9clairage des c\u00f4t\u00e9s et de la base (18000 milli Candela chacune)<\/li>\n<li>Distance de visionnement jusqu&rsquo;\u00e0 100 m (325 pi)<\/li>\n<li>Panneau solaire monocristallin en \u00e9poxy avec lentilles lat\u00e9rales en polycarbonate<\/li>\n<li>Jusqu&rsquo;\u00e0 12 heures d&rsquo;\u00e9clairage avec une seule charge, allumage automatique au cr\u00e9puscule<\/li>\n<li>Pile AAA (Ni-MH) rechargeable et rempla\u00e7able<br \/>\n\u00c9tanch\u00e9it\u00e9 \u00e0 la norme IP65<br \/>\nTemp\u00e9rature de fonctionnement optimale -4\u00b0F \u00e0 +140\u00b0F (-20\u00b0C \u00e0 +60\u00b0C)<br \/>\nDimensions : L= 10&Prime; (254mm) P= 3.9&Prime; (100mm) H= 3&Prime; (75.4mm)<\/li>\n<\/ul>\n","protected":false},"featured_media":7071,"template":"","meta":{"_acf_changed":false,"_et_pb_use_builder":"","_et_pb_old_content":"","_et_gb_content_width":""},"product_brand":[],"product_cat":[171],"product_tag":[],"class_list":{"0":"post-8454","1":"product","2":"type-product","3":"status-publish","4":"has-post-thumbnail","6":"product_cat-crampons","8":"first","9":"instock","10":"shipping-taxable","11":"product-type-simple"},"yoast_head":"<!-- This site is optimized with the Yoast SEO plugin v27.0 - https:\/\/yoast.com\/product\/yoast-seo-wordpress\/ -->\n<title>TAQUET D&#039;AMARRAGE SOLAIRE - Dock Edge+<\/title>\n<meta name=\"robots\" content=\"index, follow, max-snippet:-1, max-image-preview:large, max-video-preview:-1\" \/>\n<link rel=\"canonical\" href=\"https:\/\/dockedge.thinairweb.co\/fr\/produit\/taquet-damarrage-solaire\/\" \/>\n<meta property=\"og:locale\" content=\"fr_FR\" \/>\n<meta property=\"og:type\" content=\"article\" \/>\n<meta property=\"og:title\" content=\"TAQUET D&#039;AMARRAGE SOLAIRE - Dock Edge+\" \/>\n<meta property=\"og:description\" content=\"CUP Attrayante et fonctionnelle, avec de puissantes performances en mati\u00e8re de charge solaire et de r\u00e9sistance \u00e0 l&#039;amarrage  Ch\u00e2ssis en alliage d&#039;aluminium moul\u00e9 avec une base large et robuste  5 LED blanches super brillantes pour l&#039;\u00e9clairage des c\u00f4t\u00e9s et de la base (18000 milli Candela chacune)  Distance de visionnement jusqu&#039;\u00e0 100 m (325 pi)  Panneau solaire monocristallin en \u00e9poxy avec lentilles lat\u00e9rales en polycarbonate  Jusqu&#039;\u00e0 12 heures d&#039;\u00e9clairage avec une seule charge, allumage automatique au cr\u00e9puscule  Pile AAA (Ni-MH) rechargeable et rempla\u00e7able \u00c9tanch\u00e9it\u00e9 \u00e0 la norme IP65 Temp\u00e9rature de fonctionnement optimale -4\u00b0F \u00e0 +140\u00b0F (-20\u00b0C \u00e0 +60\u00b0C) Dimensions : L= 10&quot; (254mm) P= 3.9&quot; (100mm) H= 3&quot; (75.4mm)\" \/>\n<meta property=\"og:url\" content=\"https:\/\/dockedge.thinairweb.co\/fr\/produit\/taquet-damarrage-solaire\/\" \/>\n<meta property=\"og:site_name\" content=\"Dock Edge+\" \/>\n<meta property=\"og:image\" content=\"https:\/\/dockedge.thinairweb.co\/wp-content\/uploads\/sites\/3\/2018\/04\/96-288-F.jpg\" \/>\n\t<meta property=\"og:image:width\" content=\"700\" \/>\n\t<meta property=\"og:image:height\" content=\"700\" \/>\n\t<meta property=\"og:image:type\" content=\"image\/jpeg\" \/>\n<meta name=\"twitter:card\" content=\"summary_large_image\" \/>\n<script type=\"application\/ld+json\" class=\"yoast-schema-graph\">{\"@context\":\"https:\/\/schema.org\",\"@graph\":[{\"@type\":\"WebPage\",\"@id\":\"https:\/\/dockedge.thinairweb.co\/fr\/produit\/taquet-damarrage-solaire\/\",\"url\":\"https:\/\/dockedge.thinairweb.co\/fr\/produit\/taquet-damarrage-solaire\/\",\"name\":\"TAQUET D'AMARRAGE SOLAIRE - Dock Edge+\",\"isPartOf\":{\"@id\":\"https:\/\/dockedge.thinairweb.co\/fr\/#website\"},\"primaryImageOfPage\":{\"@id\":\"https:\/\/dockedge.thinairweb.co\/fr\/produit\/taquet-damarrage-solaire\/#primaryimage\"},\"image\":{\"@id\":\"https:\/\/dockedge.thinairweb.co\/fr\/produit\/taquet-damarrage-solaire\/#primaryimage\"},\"thumbnailUrl\":\"https:\/\/dockedge.thinairweb.co\/wp-content\/uploads\/sites\/3\/2018\/04\/96-288-F.jpg\",\"datePublished\":\"2018-04-18T13:27:42+00:00\",\"breadcrumb\":{\"@id\":\"https:\/\/dockedge.thinairweb.co\/fr\/produit\/taquet-damarrage-solaire\/#breadcrumb\"},\"inLanguage\":\"fr-FR\",\"potentialAction\":[{\"@type\":\"ReadAction\",\"target\":[\"https:\/\/dockedge.thinairweb.co\/fr\/produit\/taquet-damarrage-solaire\/\"]}]},{\"@type\":\"ImageObject\",\"inLanguage\":\"fr-FR\",\"@id\":\"https:\/\/dockedge.thinairweb.co\/fr\/produit\/taquet-damarrage-solaire\/#primaryimage\",\"url\":\"https:\/\/dockedge.thinairweb.co\/wp-content\/uploads\/sites\/3\/2018\/04\/96-288-F.jpg\",\"contentUrl\":\"https:\/\/dockedge.thinairweb.co\/wp-content\/uploads\/sites\/3\/2018\/04\/96-288-F.jpg\",\"width\":\"700\",\"height\":\"700\",\"caption\":\"Solar Light Cleat\"},{\"@type\":\"BreadcrumbList\",\"@id\":\"https:\/\/dockedge.thinairweb.co\/fr\/produit\/taquet-damarrage-solaire\/#breadcrumb\",\"itemListElement\":[{\"@type\":\"ListItem\",\"position\":1,\"name\":\"Home\",\"item\":\"https:\/\/dockedge.thinairweb.co\/fr\/\"},{\"@type\":\"ListItem\",\"position\":2,\"name\":\"Boutique\",\"item\":\"https:\/\/dockedge.thinairweb.co\/fr\/boutique\/\"},{\"@type\":\"ListItem\",\"position\":3,\"name\":\"TAQUET D&rsquo;AMARRAGE SOLAIRE\"}]},{\"@type\":\"WebSite\",\"@id\":\"https:\/\/dockedge.thinairweb.co\/fr\/#website\",\"url\":\"https:\/\/dockedge.thinairweb.co\/fr\/\",\"name\":\"Dock Edge+\",\"description\":\"Your Dock. Your Way.\",\"potentialAction\":[{\"@type\":\"SearchAction\",\"target\":{\"@type\":\"EntryPoint\",\"urlTemplate\":\"https:\/\/dockedge.thinairweb.co\/fr\/?s={search_term_string}\"},\"query-input\":{\"@type\":\"PropertyValueSpecification\",\"valueRequired\":true,\"valueName\":\"search_term_string\"}}],\"inLanguage\":\"fr-FR\"}]}<\/script>\n<!-- \/ Yoast SEO plugin. -->","yoast_head_json":{"title":"TAQUET D'AMARRAGE SOLAIRE - Dock Edge+","robots":{"index":"index","follow":"follow","max-snippet":"max-snippet:-1","max-image-preview":"max-image-preview:large","max-video-preview":"max-video-preview:-1"},"canonical":"https:\/\/dockedge.thinairweb.co\/fr\/produit\/taquet-damarrage-solaire\/","og_locale":"fr_FR","og_type":"article","og_title":"TAQUET D'AMARRAGE SOLAIRE - Dock Edge+","og_description":"CUP Attrayante et fonctionnelle, avec de puissantes performances en mati\u00e8re de charge solaire et de r\u00e9sistance \u00e0 l'amarrage  Ch\u00e2ssis en alliage d'aluminium moul\u00e9 avec une base large et robuste  5 LED blanches super brillantes pour l'\u00e9clairage des c\u00f4t\u00e9s et de la base (18000 milli Candela chacune)  Distance de visionnement jusqu'\u00e0 100 m (325 pi)  Panneau solaire monocristallin en \u00e9poxy avec lentilles lat\u00e9rales en polycarbonate  Jusqu'\u00e0 12 heures d'\u00e9clairage avec une seule charge, allumage automatique au cr\u00e9puscule  Pile AAA (Ni-MH) rechargeable et rempla\u00e7able \u00c9tanch\u00e9it\u00e9 \u00e0 la norme IP65 Temp\u00e9rature de fonctionnement optimale -4\u00b0F \u00e0 +140\u00b0F (-20\u00b0C \u00e0 +60\u00b0C) Dimensions : L= 10\" (254mm) P= 3.9\" (100mm) H= 3\" (75.4mm)","og_url":"https:\/\/dockedge.thinairweb.co\/fr\/produit\/taquet-damarrage-solaire\/","og_site_name":"Dock Edge+","og_image":[{"width":700,"height":700,"url":"https:\/\/dockedge.thinairweb.co\/wp-content\/uploads\/sites\/3\/2018\/04\/96-288-F.jpg","type":"image\/jpeg"}],"twitter_card":"summary_large_image","schema":{"@context":"https:\/\/schema.org","@graph":[{"@type":"WebPage","@id":"https:\/\/dockedge.thinairweb.co\/fr\/produit\/taquet-damarrage-solaire\/","url":"https:\/\/dockedge.thinairweb.co\/fr\/produit\/taquet-damarrage-solaire\/","name":"TAQUET D'AMARRAGE SOLAIRE - Dock Edge+","isPartOf":{"@id":"https:\/\/dockedge.thinairweb.co\/fr\/#website"},"primaryImageOfPage":{"@id":"https:\/\/dockedge.thinairweb.co\/fr\/produit\/taquet-damarrage-solaire\/#primaryimage"},"image":{"@id":"https:\/\/dockedge.thinairweb.co\/fr\/produit\/taquet-damarrage-solaire\/#primaryimage"},"thumbnailUrl":"https:\/\/dockedge.thinairweb.co\/wp-content\/uploads\/sites\/3\/2018\/04\/96-288-F.jpg","datePublished":"2018-04-18T13:27:42+00:00","breadcrumb":{"@id":"https:\/\/dockedge.thinairweb.co\/fr\/produit\/taquet-damarrage-solaire\/#breadcrumb"},"inLanguage":"fr-FR","potentialAction":[{"@type":"ReadAction","target":["https:\/\/dockedge.thinairweb.co\/fr\/produit\/taquet-damarrage-solaire\/"]}]},{"@type":"ImageObject","inLanguage":"fr-FR","@id":"https:\/\/dockedge.thinairweb.co\/fr\/produit\/taquet-damarrage-solaire\/#primaryimage","url":"https:\/\/dockedge.thinairweb.co\/wp-content\/uploads\/sites\/3\/2018\/04\/96-288-F.jpg","contentUrl":"https:\/\/dockedge.thinairweb.co\/wp-content\/uploads\/sites\/3\/2018\/04\/96-288-F.jpg","width":"700","height":"700","caption":"Solar Light Cleat"},{"@type":"BreadcrumbList","@id":"https:\/\/dockedge.thinairweb.co\/fr\/produit\/taquet-damarrage-solaire\/#breadcrumb","itemListElement":[{"@type":"ListItem","position":1,"name":"Home","item":"https:\/\/dockedge.thinairweb.co\/fr\/"},{"@type":"ListItem","position":2,"name":"Boutique","item":"https:\/\/dockedge.thinairweb.co\/fr\/boutique\/"},{"@type":"ListItem","position":3,"name":"TAQUET D&rsquo;AMARRAGE SOLAIRE"}]},{"@type":"WebSite","@id":"https:\/\/dockedge.thinairweb.co\/fr\/#website","url":"https:\/\/dockedge.thinairweb.co\/fr\/","name":"Dock Edge+","description":"Your Dock. Your Way.","potentialAction":[{"@type":"SearchAction","target":{"@type":"EntryPoint","urlTemplate":"https:\/\/dockedge.thinairweb.co\/fr\/?s={search_term_string}"},"query-input":{"@type":"PropertyValueSpecification","valueRequired":true,"valueName":"search_term_string"}}],"inLanguage":"fr-FR"}]}},"acf":[],"_links":{"self":[{"href":"https:\/\/dockedge.thinairweb.co\/fr\/wp-json\/wp\/v2\/product\/8454","targetHints":{"allow":["GET"]}}],"collection":[{"href":"https:\/\/dockedge.thinairweb.co\/fr\/wp-json\/wp\/v2\/product"}],"about":[{"href":"https:\/\/dockedge.thinairweb.co\/fr\/wp-json\/wp\/v2\/types\/product"}],"wp:featuredmedia":[{"embeddable":true,"href":"https:\/\/dockedge.thinairweb.co\/fr\/wp-json\/wp\/v2\/media\/7071"}],"wp:attachment":[{"href":"https:\/\/dockedge.thinairweb.co\/fr\/wp-json\/wp\/v2\/media?parent=8454"}],"wp:term":[{"taxonomy":"product_brand","embeddable":true,"href":"https:\/\/dockedge.thinairweb.co\/fr\/wp-json\/wp\/v2\/product_brand?post=8454"},{"taxonomy":"product_cat","embeddable":true,"href":"https:\/\/dockedge.thinairweb.co\/fr\/wp-json\/wp\/v2\/product_cat?post=8454"},{"taxonomy":"product_tag","embeddable":true,"href":"https:\/\/dockedge.thinairweb.co\/fr\/wp-json\/wp\/v2\/product_tag?post=8454"}],"curies":[{"name":"wp","href":"https:\/\/api.w.org\/{rel}","templated":true}]}}