{"id":8459,"date":"2018-04-19T02:05:57","date_gmt":"2018-04-19T02:05:57","guid":{"rendered":"https:\/\/dockedge.com\/product\/defenses-a-trou-central\/"},"modified":"2018-04-19T02:05:57","modified_gmt":"2018-04-19T02:05:57","slug":"defenses-a-trou-central","status":"publish","type":"product","link":"https:\/\/dockedge.thinairweb.co\/fr\/produit\/defenses-a-trou-central\/","title":{"rendered":"D\u00e9fenses \u00e0 trou central"},"content":{"rendered":"<table id=\"product-table\" border=\"0\" cellspacing=\"0\" cellpadding=\"15\">\n<tbody>\n<tr>\n<th>N\u00b0 de pi\u00e8ce<\/th>\n<th>Description<\/th>\n<\/tr>\n<tr>\n<td>DE71151F<\/td>\n<td>D\u00e9fenses de bateau nervur\u00e9es \u00e0 trou central 6&Prime; x 15&Prime;, blanc \u2021<\/td>\n<\/tr>\n<tr>\n<td>DE71152F<\/td>\n<td>D\u00e9fenses de bateau nervur\u00e9es \u00e0 trou central 6&Prime; x 15&Prime;, bleu royal \u2021<\/td>\n<\/tr>\n<tr>\n<td>DE71156F<\/td>\n<td>D\u00e9flecteur de bateau nervur\u00e9 \u00e0 trou central 6&Prime; x 15&Prime;, noir \u2021<\/td>\n<\/tr>\n<tr>\n<td>DE71159F<\/td>\n<td>D\u00e9fenses de bateau nervur\u00e9es \u00e0 trou central 6&Prime; x 15&Prime;, bleu marine \u2021<\/td>\n<\/tr>\n<tr>\n<td>DE71201F<\/td>\n<td>D\u00e9fenses de bateau nervur\u00e9es \u00e0 trou central 8&Prime; x 20&Prime;, blanc \u2021<\/td>\n<\/tr>\n<tr>\n<td>DE71202F<\/td>\n<td>D\u00e9fenses de bateau nervur\u00e9es \u00e0 trou central 8&Prime; x 20&Prime;, bleu royal \u2021<\/td>\n<\/tr>\n<tr>\n<td>DE71206F<\/td>\n<td>D\u00e9fenses de bateau nervur\u00e9es \u00e0 trou central 8&Prime; x 20&Prime;, noir \u2021<\/td>\n<\/tr>\n<tr>\n<td>DE71209F<\/td>\n<td>D\u00e9fenses de bateau nervur\u00e9es \u00e0 trou central 8&Prime; x 20&Prime;, bleu marine \u2021<\/td>\n<\/tr>\n<tr>\n<td>DE71251F<\/td>\n<td>Garde-boue \u00e0 nervures \u00e0 trou central 10&Prime; x 25&Prime;, blanc \u2021<\/td>\n<\/tr>\n<tr>\n<td>DE71252F<\/td>\n<td>Garde-boue nervur\u00e9 \u00e0 trou central 10&Prime; x 25&Prime;, bleu royal \u2021<\/td>\n<\/tr>\n<tr>\n<td>DE71256F<\/td>\n<td>Garde-boue \u00e0 nervures \u00e0 trou central 10&Prime; x 25&Prime;, noir \u2021<\/td>\n<\/tr>\n<tr>\n<td>DE71259F<\/td>\n<td>Garde-boue \u00e0 nervures \u00e0 trou central 10&Prime; x 25&Prime;, bleu marine \u2021<\/td>\n<\/tr>\n<\/tbody>\n<\/table>\n<p><script src=\"\/\/ui.powerreviews.com\/stable\/4.0\/ui.js\"><\/script><\/p>\n<p><script>\n  POWERREVIEWS.display.render({\n      api_key: 'fdb23d80-8310-4409-87f2-2ee20e24a743',\n      locale: 'en_US',\n      merchant_group_id: '78535',\n      merchant_id: '542114',\n      page_id: '3105',\n      review_wrapper_url: 'http:\/\/www.dockedge.com\/write-a-review\/?pr_page_id=___PAGE_ID___',\nstructured_data_product_id : 'http:\/\/www.dockedge.com\/product\/center-hole-fenders\/',\nproduct:{\n        name: 'Center Hole Fenders', \n        url: 'http:\/\/www.dockedge.com\/product\/center-hole-fenders\/',\n        image_url: 'http:\/\/www.dockedge.com\/wp-content\/uploads\/sites\/3\/2018\/04\/CenterHole.jpg',\n        description: 'Boat Fender, Ribbed, 6\"x15\", White',\n        category_name: 'Fenders &amp; Buoys',\n        manufacturer_id: 'DE71151F',\n        upc: '776113102084',\n        brand_name: 'DockEdge',\n        price: '<your_product_price>',\n        in_stock: '<product_in_stock_status>',\n        variants: [{\n            name: 'DE71152F',\n            description: 'Boat Fender, Ribbed, 6\"x15\", Royal Blue',\n\t    upc: '776113102114',\t\n            page_id_variant: '1',\n        },\n        {\n            name: 'DE71156F',\n            description: 'Boat Fender, Ribbed, 6\"x15\", Black',\n            upc: '776113102138',\n            page_id_variant: '2',  \n        },\n        {\n            name: 'DE71159F',\n            description: 'Boat Fender, Ribbed, 6\"x15\", Navy Blue',\n            upc: '776113102169',\n            page_id_variant: '3',  \n        },\n        {\n            name: 'DE71201F',\n            description: 'Boat Fender, Ribbed, 8\"x20\", White',\n            upc: '776113102190',\n            page_id_variant: '4',   \n        },\n        {\n            name: 'DE71202F',\n            description: 'Boat Fender, Ribbed, 8\"x20\", Royal Blue',\n\t    upc: '776113102237',\t\n            page_id_variant: '5',\n        },\n        {\n            name: 'DE71206F',\n            description: 'Boat Fender, Ribbed, 8\"x20\", Black',\n            upc: '776113102251',\n            page_id_variant: '6',  \n        },\n        {\n            name: 'DE71209F',\n            description: 'Boat Fender, Ribbed, 8\"x20\", Navy Blue',\n\t    upc: '776113102299',\t\n            page_id_variant: '7',\n        },\n        {\n            name: 'DE71251F',\n            description: 'Boat Fender, Ribbed, 10\"x25\", White',\n\t    upc: '776113102329',\t\n            page_id_variant: '8',\n        },\n        {\n            name: 'DE71252F',\n            description: 'Boat Fender, Ribbed, 10\"x25\", Royal Blue',\n            upc: '776113102350',\t\n            page_id_variant: '9',\n        },\n        {\n            name: 'DE71256F',\n            description: 'Boat Fender, Ribbed, 10\"x25\", Black',\n            upc: '776113102374',\n            page_id_variant: '10',  \n        },\n        {\n            name: 'DE71259F',\n            description: 'Boat Fender, Ribbed, 10\"x25\", Navy Blue',\n            upc: '776113102404',\n            page_id_variant: '11',  \n    }]\n    },\n      components: {\n    ReviewSnippet: 'pr-reviewsnippet',\n    ReviewDisplay: 'pr-reviewdisplay'\n      }\n    });\n<\/script><\/p>\n<div id=\"pr-reviewdisplay\"><\/div>\n","protected":false},"excerpt":{"rendered":"<div id=\"pr-reviewsnippet\"><\/div>\n<p><b>CUP<\/b> <br \/>\nToutes les d\u00e9fenses rotomoul\u00e9es sont fabriqu\u00e9es \u00e0 partir de vinyle marin de la meilleure qualit\u00e9, ce qui leur conf\u00e8re une r\u00e9sistance et un amortissement sup\u00e9rieurs, ainsi qu&rsquo;une finition tr\u00e8s brillante. Les d\u00e9fenses DockSide ont \u00e9t\u00e9 test\u00e9es pendant de nombreuses ann\u00e9es dans divers environnements marins dans le monde entier. Les d\u00e9fenses DockSide r\u00e9sistent \u00e0 la d\u00e9t\u00e9rioration due \u00e0 la moisissure, au gaz, \u00e0 l&rsquo;huile, \u00e0 l&rsquo;eau de mer et aux bact\u00e9ries, et sont dot\u00e9es d&rsquo;inhibiteurs d&rsquo;ultraviolets int\u00e9gr\u00e9s. Toutes les d\u00e9fenses sont \u00e9quip\u00e9es d&rsquo;une valve de gonflage qui permet d&rsquo;ajuster le niveau de fermet\u00e9 souhait\u00e9.   <\/p>\n<p>Chaque garde-boue \u00e0 trou central est \u00e9quip\u00e9 d&rsquo;un tube central qui permet le passage de la ligne d&rsquo;un bout \u00e0 l&rsquo;autre. La construction nervur\u00e9e unique donne de la force au garde-boue, minimise le roulis et offre une protection maximale. Disponible en 4 tailles et diff\u00e9rentes couleurs.  <\/p>\n<p>Chaque pare-battage est garanti pour la dur\u00e9e de vie du bateau.<\/p>\n","protected":false},"featured_media":7566,"template":"","meta":{"_acf_changed":false,"_et_pb_use_builder":"","_et_pb_old_content":"","_et_gb_content_width":""},"product_brand":[],"product_cat":[148],"product_tag":[],"class_list":{"0":"post-8459","1":"product","2":"type-product","3":"status-publish","4":"has-post-thumbnail","6":"product_cat-defenses-et-bouees","8":"first","9":"instock","10":"shipping-taxable","11":"product-type-simple"},"yoast_head":"<!-- This site is optimized with the Yoast SEO plugin v27.0 - https:\/\/yoast.com\/product\/yoast-seo-wordpress\/ -->\n<title>D\u00e9fenses \u00e0 trou central - Dock Edge+<\/title>\n<meta name=\"robots\" content=\"index, follow, max-snippet:-1, max-image-preview:large, max-video-preview:-1\" \/>\n<link rel=\"canonical\" href=\"https:\/\/dockedge.thinairweb.co\/fr\/produit\/defenses-a-trou-central\/\" \/>\n<meta property=\"og:locale\" content=\"fr_FR\" \/>\n<meta property=\"og:type\" content=\"article\" \/>\n<meta property=\"og:title\" content=\"D\u00e9fenses \u00e0 trou central - Dock Edge+\" \/>\n<meta property=\"og:description\" content=\"CUP Toutes les d\u00e9fenses rotomoul\u00e9es sont fabriqu\u00e9es \u00e0 partir de vinyle marin de la meilleure qualit\u00e9, ce qui leur conf\u00e8re une r\u00e9sistance et un amortissement sup\u00e9rieurs, ainsi qu&#039;une finition tr\u00e8s brillante. Les d\u00e9fenses DockSide ont \u00e9t\u00e9 test\u00e9es pendant de nombreuses ann\u00e9es dans divers environnements marins dans le monde entier. Les d\u00e9fenses DockSide r\u00e9sistent \u00e0 la d\u00e9t\u00e9rioration due \u00e0 la moisissure, au gaz, \u00e0 l&#039;huile, \u00e0 l&#039;eau de mer et aux bact\u00e9ries, et sont dot\u00e9es d&#039;inhibiteurs d&#039;ultraviolets int\u00e9gr\u00e9s. Toutes les d\u00e9fenses sont \u00e9quip\u00e9es d&#039;une valve de gonflage qui permet d&#039;ajuster le niveau de fermet\u00e9 souhait\u00e9.   Chaque garde-boue \u00e0 trou central est \u00e9quip\u00e9 d&#039;un tube central qui permet le passage de la ligne d&#039;un bout \u00e0 l&#039;autre. La construction nervur\u00e9e unique donne de la force au garde-boue, minimise le roulis et offre une protection maximale. Disponible en 4 tailles et diff\u00e9rentes couleurs.  Chaque pare-battage est garanti pour la dur\u00e9e de vie du bateau.\" \/>\n<meta property=\"og:url\" content=\"https:\/\/dockedge.thinairweb.co\/fr\/produit\/defenses-a-trou-central\/\" \/>\n<meta property=\"og:site_name\" content=\"Dock Edge+\" \/>\n<meta property=\"og:image\" content=\"https:\/\/dockedge.thinairweb.co\/wp-content\/uploads\/sites\/3\/2018\/04\/CenterHole.jpg\" \/>\n\t<meta property=\"og:image:width\" content=\"700\" \/>\n\t<meta property=\"og:image:height\" content=\"700\" \/>\n\t<meta property=\"og:image:type\" content=\"image\/jpeg\" \/>\n<meta name=\"twitter:card\" content=\"summary_large_image\" \/>\n<meta name=\"twitter:label1\" content=\"Dur\u00e9e de lecture estim\u00e9e\" \/>\n\t<meta name=\"twitter:data1\" content=\"1 minute\" \/>\n<script type=\"application\/ld+json\" class=\"yoast-schema-graph\">{\"@context\":\"https:\/\/schema.org\",\"@graph\":[{\"@type\":\"WebPage\",\"@id\":\"https:\/\/dockedge.thinairweb.co\/fr\/produit\/defenses-a-trou-central\/\",\"url\":\"https:\/\/dockedge.thinairweb.co\/fr\/produit\/defenses-a-trou-central\/\",\"name\":\"D\u00e9fenses \u00e0 trou central - Dock Edge+\",\"isPartOf\":{\"@id\":\"https:\/\/dockedge.thinairweb.co\/fr\/#website\"},\"primaryImageOfPage\":{\"@id\":\"https:\/\/dockedge.thinairweb.co\/fr\/produit\/defenses-a-trou-central\/#primaryimage\"},\"image\":{\"@id\":\"https:\/\/dockedge.thinairweb.co\/fr\/produit\/defenses-a-trou-central\/#primaryimage\"},\"thumbnailUrl\":\"https:\/\/dockedge.thinairweb.co\/wp-content\/uploads\/sites\/3\/2018\/04\/CenterHole.jpg\",\"datePublished\":\"2018-04-19T02:05:57+00:00\",\"breadcrumb\":{\"@id\":\"https:\/\/dockedge.thinairweb.co\/fr\/produit\/defenses-a-trou-central\/#breadcrumb\"},\"inLanguage\":\"fr-FR\",\"potentialAction\":[{\"@type\":\"ReadAction\",\"target\":[\"https:\/\/dockedge.thinairweb.co\/fr\/produit\/defenses-a-trou-central\/\"]}]},{\"@type\":\"ImageObject\",\"inLanguage\":\"fr-FR\",\"@id\":\"https:\/\/dockedge.thinairweb.co\/fr\/produit\/defenses-a-trou-central\/#primaryimage\",\"url\":\"https:\/\/dockedge.thinairweb.co\/wp-content\/uploads\/sites\/3\/2018\/04\/CenterHole.jpg\",\"contentUrl\":\"https:\/\/dockedge.thinairweb.co\/wp-content\/uploads\/sites\/3\/2018\/04\/CenterHole.jpg\",\"width\":700,\"height\":700,\"caption\":\"Center Hole Fenders\"},{\"@type\":\"BreadcrumbList\",\"@id\":\"https:\/\/dockedge.thinairweb.co\/fr\/produit\/defenses-a-trou-central\/#breadcrumb\",\"itemListElement\":[{\"@type\":\"ListItem\",\"position\":1,\"name\":\"Home\",\"item\":\"https:\/\/dockedge.thinairweb.co\/fr\/\"},{\"@type\":\"ListItem\",\"position\":2,\"name\":\"Boutique\",\"item\":\"https:\/\/dockedge.thinairweb.co\/fr\/boutique\/\"},{\"@type\":\"ListItem\",\"position\":3,\"name\":\"D\u00e9fenses \u00e0 trou central\"}]},{\"@type\":\"WebSite\",\"@id\":\"https:\/\/dockedge.thinairweb.co\/fr\/#website\",\"url\":\"https:\/\/dockedge.thinairweb.co\/fr\/\",\"name\":\"Dock Edge+\",\"description\":\"Your Dock. Your Way.\",\"potentialAction\":[{\"@type\":\"SearchAction\",\"target\":{\"@type\":\"EntryPoint\",\"urlTemplate\":\"https:\/\/dockedge.thinairweb.co\/fr\/?s={search_term_string}\"},\"query-input\":{\"@type\":\"PropertyValueSpecification\",\"valueRequired\":true,\"valueName\":\"search_term_string\"}}],\"inLanguage\":\"fr-FR\"}]}<\/script>\n<!-- \/ Yoast SEO plugin. -->","yoast_head_json":{"title":"D\u00e9fenses \u00e0 trou central - Dock Edge+","robots":{"index":"index","follow":"follow","max-snippet":"max-snippet:-1","max-image-preview":"max-image-preview:large","max-video-preview":"max-video-preview:-1"},"canonical":"https:\/\/dockedge.thinairweb.co\/fr\/produit\/defenses-a-trou-central\/","og_locale":"fr_FR","og_type":"article","og_title":"D\u00e9fenses \u00e0 trou central - Dock Edge+","og_description":"CUP Toutes les d\u00e9fenses rotomoul\u00e9es sont fabriqu\u00e9es \u00e0 partir de vinyle marin de la meilleure qualit\u00e9, ce qui leur conf\u00e8re une r\u00e9sistance et un amortissement sup\u00e9rieurs, ainsi qu'une finition tr\u00e8s brillante. Les d\u00e9fenses DockSide ont \u00e9t\u00e9 test\u00e9es pendant de nombreuses ann\u00e9es dans divers environnements marins dans le monde entier. Les d\u00e9fenses DockSide r\u00e9sistent \u00e0 la d\u00e9t\u00e9rioration due \u00e0 la moisissure, au gaz, \u00e0 l'huile, \u00e0 l'eau de mer et aux bact\u00e9ries, et sont dot\u00e9es d'inhibiteurs d'ultraviolets int\u00e9gr\u00e9s. Toutes les d\u00e9fenses sont \u00e9quip\u00e9es d'une valve de gonflage qui permet d'ajuster le niveau de fermet\u00e9 souhait\u00e9.   Chaque garde-boue \u00e0 trou central est \u00e9quip\u00e9 d'un tube central qui permet le passage de la ligne d'un bout \u00e0 l'autre. La construction nervur\u00e9e unique donne de la force au garde-boue, minimise le roulis et offre une protection maximale. Disponible en 4 tailles et diff\u00e9rentes couleurs.  Chaque pare-battage est garanti pour la dur\u00e9e de vie du bateau.","og_url":"https:\/\/dockedge.thinairweb.co\/fr\/produit\/defenses-a-trou-central\/","og_site_name":"Dock Edge+","og_image":[{"width":700,"height":700,"url":"https:\/\/dockedge.thinairweb.co\/wp-content\/uploads\/sites\/3\/2018\/04\/CenterHole.jpg","type":"image\/jpeg"}],"twitter_card":"summary_large_image","twitter_misc":{"Dur\u00e9e de lecture estim\u00e9e":"1 minute"},"schema":{"@context":"https:\/\/schema.org","@graph":[{"@type":"WebPage","@id":"https:\/\/dockedge.thinairweb.co\/fr\/produit\/defenses-a-trou-central\/","url":"https:\/\/dockedge.thinairweb.co\/fr\/produit\/defenses-a-trou-central\/","name":"D\u00e9fenses \u00e0 trou central - Dock Edge+","isPartOf":{"@id":"https:\/\/dockedge.thinairweb.co\/fr\/#website"},"primaryImageOfPage":{"@id":"https:\/\/dockedge.thinairweb.co\/fr\/produit\/defenses-a-trou-central\/#primaryimage"},"image":{"@id":"https:\/\/dockedge.thinairweb.co\/fr\/produit\/defenses-a-trou-central\/#primaryimage"},"thumbnailUrl":"https:\/\/dockedge.thinairweb.co\/wp-content\/uploads\/sites\/3\/2018\/04\/CenterHole.jpg","datePublished":"2018-04-19T02:05:57+00:00","breadcrumb":{"@id":"https:\/\/dockedge.thinairweb.co\/fr\/produit\/defenses-a-trou-central\/#breadcrumb"},"inLanguage":"fr-FR","potentialAction":[{"@type":"ReadAction","target":["https:\/\/dockedge.thinairweb.co\/fr\/produit\/defenses-a-trou-central\/"]}]},{"@type":"ImageObject","inLanguage":"fr-FR","@id":"https:\/\/dockedge.thinairweb.co\/fr\/produit\/defenses-a-trou-central\/#primaryimage","url":"https:\/\/dockedge.thinairweb.co\/wp-content\/uploads\/sites\/3\/2018\/04\/CenterHole.jpg","contentUrl":"https:\/\/dockedge.thinairweb.co\/wp-content\/uploads\/sites\/3\/2018\/04\/CenterHole.jpg","width":700,"height":700,"caption":"Center Hole Fenders"},{"@type":"BreadcrumbList","@id":"https:\/\/dockedge.thinairweb.co\/fr\/produit\/defenses-a-trou-central\/#breadcrumb","itemListElement":[{"@type":"ListItem","position":1,"name":"Home","item":"https:\/\/dockedge.thinairweb.co\/fr\/"},{"@type":"ListItem","position":2,"name":"Boutique","item":"https:\/\/dockedge.thinairweb.co\/fr\/boutique\/"},{"@type":"ListItem","position":3,"name":"D\u00e9fenses \u00e0 trou central"}]},{"@type":"WebSite","@id":"https:\/\/dockedge.thinairweb.co\/fr\/#website","url":"https:\/\/dockedge.thinairweb.co\/fr\/","name":"Dock Edge+","description":"Your Dock. Your Way.","potentialAction":[{"@type":"SearchAction","target":{"@type":"EntryPoint","urlTemplate":"https:\/\/dockedge.thinairweb.co\/fr\/?s={search_term_string}"},"query-input":{"@type":"PropertyValueSpecification","valueRequired":true,"valueName":"search_term_string"}}],"inLanguage":"fr-FR"}]}},"acf":[],"_links":{"self":[{"href":"https:\/\/dockedge.thinairweb.co\/fr\/wp-json\/wp\/v2\/product\/8459","targetHints":{"allow":["GET"]}}],"collection":[{"href":"https:\/\/dockedge.thinairweb.co\/fr\/wp-json\/wp\/v2\/product"}],"about":[{"href":"https:\/\/dockedge.thinairweb.co\/fr\/wp-json\/wp\/v2\/types\/product"}],"wp:featuredmedia":[{"embeddable":true,"href":"https:\/\/dockedge.thinairweb.co\/fr\/wp-json\/wp\/v2\/media\/7566"}],"wp:attachment":[{"href":"https:\/\/dockedge.thinairweb.co\/fr\/wp-json\/wp\/v2\/media?parent=8459"}],"wp:term":[{"taxonomy":"product_brand","embeddable":true,"href":"https:\/\/dockedge.thinairweb.co\/fr\/wp-json\/wp\/v2\/product_brand?post=8459"},{"taxonomy":"product_cat","embeddable":true,"href":"https:\/\/dockedge.thinairweb.co\/fr\/wp-json\/wp\/v2\/product_cat?post=8459"},{"taxonomy":"product_tag","embeddable":true,"href":"https:\/\/dockedge.thinairweb.co\/fr\/wp-json\/wp\/v2\/product_tag?post=8459"}],"curies":[{"name":"wp","href":"https:\/\/api.w.org\/{rel}","templated":true}]}}