{"id":8460,"date":"2018-04-19T22:34:07","date_gmt":"2018-04-19T22:34:07","guid":{"rendered":"https:\/\/dockedge.com\/product\/veilleurs-de-veille\/"},"modified":"2018-04-19T22:34:07","modified_gmt":"2018-04-19T22:34:07","slug":"veilleurs-de-veille","status":"publish","type":"product","link":"https:\/\/dockedge.thinairweb.co\/fr\/produit\/veilleurs-de-veille\/","title":{"rendered":"Veilleurs de veille"},"content":{"rendered":"<table id=\"product-table\" border=\"0\" cellspacing=\"0\" cellpadding=\"15\">\n<tbody>\n<tr>\n<th>N\u00b0 de pi\u00e8ce<\/th>\n<th>Description<\/th>\n<\/tr>\n<tr>\n<td>DE3050F<\/td>\n<td>Veilleur de R\u00e9veil, Lot de 2<\/td>\n<\/tr>\n<\/tbody>\n<\/table>\n<p><script src=\"\/\/ui.powerreviews.com\/stable\/4.0\/ui.js\"><\/script><\/p>\n<p><script>\n  POWERREVIEWS.display.render({\n      api_key: 'fdb23d80-8310-4409-87f2-2ee20e24a743',\n      locale: 'en_US',\n      merchant_group_id: '78535',\n      merchant_id: '542114',\n      page_id: '3206',\n      review_wrapper_url: 'http:\/\/www.dockedge.com\/write-a-review\/?pr_page_id=___PAGE_ID___',\nstructured_data_product_id : 'http:\/\/www.dockedge.com\/product\/wake-watchers\/',\nproduct:{\n        name: 'Wake Watchers', \n        url: 'http:\/\/www.dockedge.com\/product\/wake-watchers\/',\n        image_url: 'http:\/\/www.dockedge.com\/wp-content\/uploads\/sites\/3\/2018\/04\/3050-F-1.jpg',\n        description: 'Wake Watcher System Lines&amp;Hdw 3500lb',\n        category_name: 'Mooring',\n        manufacturer_id: 'DE3050F',\n        upc: '776113305003',\n        brand_name: 'DockEdge',\n        price: '<your_product_price>',\n        in_stock: '<product_in_stock_status>',\n    },\n      components: {\n    ReviewSnippet: 'pr-reviewsnippet',\n    ReviewDisplay: 'pr-reviewdisplay'\n      }\n    });\n  <\/script><\/p>\n<div id=\"pr-reviewdisplay\"><\/div>\n","protected":false},"excerpt":{"rendered":"<div id=\"pr-reviewsnippet\"><\/div>\n<p><b>CUP<\/b> <\/p>\n<ul>\n<li>Prot\u00e8ge les passagers et votre bateau<\/li>\n<li>Amarre en toute s\u00e9curit\u00e9 les bateaux jusqu&rsquo;\u00e0 3500lb (1500kg)<\/li>\n<li>Prot\u00e8ge votre bateau du contact avec le quai<\/li>\n<li>Permet \u00e0 votre bateau de s&rsquo;approcher du quai pour l&#8217;embarquement de chaque passager.<\/li>\n<li>Repositionne automatiquement votre bateau en toute s\u00e9curit\u00e9 \u00e0 1 m du quai.<\/li>\n<li>Tension r\u00e9glable<\/li>\n<li>R\u00e9siste aux mouvements lat\u00e9raux, verticaux et horizontaux<\/li>\n<li>Pr\u00e9sent\u00e9 dans le magazine Popular Science<\/li>\n<\/ul>\n<p>T\u00e9l\u00e9charger<a href=\"https:\/\/dockedge.com\/wp-content\/uploads\/sites\/3\/2019\/06\/WakeWatcherInst.pdf\">\u00ab\u00a0Instructions<\/a>\u00a0\u00bb et<a href=\"https:\/\/dockedge.com\/wp-content\/uploads\/sites\/3\/2021\/05\/wake_base_dims.pdf\">\u00ab\u00a0Dimensions de la base<\/a>\u00ab\u00a0<\/p>\n","protected":false},"featured_media":7261,"template":"","meta":{"_acf_changed":false,"_et_pb_use_builder":"off","_et_pb_old_content":"<table id=\"product-table\" border=\"0\" cellspacing=\"0\" cellpadding=\"15\">\n<tbody>\n<tr>\n<th>N\u00b0 de pi\u00e8ce<\/th>\n<th>Description<\/th>\n<\/tr>\n<tr>\n<td>DE3050F<\/td>\n<td>Veilleur de R\u00e9veil, Lot de 2<\/td>\n<\/tr>\n<\/tbody>\n<\/table>\nPOWERREVIEWS.display.render({\napi_key: 'fdb23d80-8310-4409-87f2-2ee20e24a743',\nlocale : 'en_US',\nmerchant_group_id : '78535',\nmerchant_id : '542114',\npage_id : '3206',\nreview_wrapper_url : 'http:\/\/www.dockedge.com\/write-a-review\/?pr_page_id=___PAGE_ID___',\nstructured_data_product_id : 'http:\/\/www.dockedge.com\/product\/wake-watchers\/',\nproduit:{\nnom : \"Wake Watchers\",\nurl : 'http:\/\/www.dockedge.com\/product\/wake-watchers\/',\nimage_url : 'http:\/\/www.dockedge.com\/wp-content\/uploads\/sites\/3\/2018\/04\/3050-F-1.jpg',\ndescription : 'Wake Watcher System Lines&Hdw 3500lb',\ncategory_name : 'Mooring',\nid_du_fabricant : 'DE3050F',\nupc : '776113305003',\nnom de marque : \"DockEdge\",\nprix : '',\nin_stock : '',\n},\nles composants : {\nReviewSnippet : 'pr-reviewsnippet',\nReviewDisplay : \"pr-reviewdisplay\" (affichage de l'examen)\n}\n}) ;\n<div id=\"pr-reviewdisplay\"><\/div>","_et_gb_content_width":""},"product_brand":[],"product_cat":[149],"product_tag":[],"class_list":{"0":"post-8460","1":"product","2":"type-product","3":"status-publish","4":"has-post-thumbnail","6":"product_cat-amarrage","8":"first","9":"instock","10":"shipping-taxable","11":"product-type-simple"},"yoast_head":"<!-- This site is optimized with the Yoast SEO plugin v27.0 - https:\/\/yoast.com\/product\/yoast-seo-wordpress\/ -->\n<title>Veilleurs de veille - Dock Edge+<\/title>\n<meta name=\"robots\" content=\"index, follow, max-snippet:-1, max-image-preview:large, max-video-preview:-1\" \/>\n<link rel=\"canonical\" href=\"https:\/\/dockedge.thinairweb.co\/fr\/produit\/veilleurs-de-veille\/\" \/>\n<meta property=\"og:locale\" content=\"fr_FR\" \/>\n<meta property=\"og:type\" content=\"article\" \/>\n<meta property=\"og:title\" content=\"Veilleurs de veille - Dock Edge+\" \/>\n<meta property=\"og:description\" content=\"CUP   Prot\u00e8ge les passagers et votre bateau  Amarre en toute s\u00e9curit\u00e9 les bateaux jusqu&#039;\u00e0 3500lb (1500kg)  Prot\u00e8ge votre bateau du contact avec le quai  Permet \u00e0 votre bateau de s&#039;approcher du quai pour l&#039;embarquement de chaque passager.  Repositionne automatiquement votre bateau en toute s\u00e9curit\u00e9 \u00e0 1 m du quai.  Tension r\u00e9glable  R\u00e9siste aux mouvements lat\u00e9raux, verticaux et horizontaux  Pr\u00e9sent\u00e9 dans le magazine Popular Science T\u00e9l\u00e9charger&quot;Instructions&quot; et&quot;Dimensions de la base&quot;\" \/>\n<meta property=\"og:url\" content=\"https:\/\/dockedge.thinairweb.co\/fr\/produit\/veilleurs-de-veille\/\" \/>\n<meta property=\"og:site_name\" content=\"Dock Edge+\" \/>\n<meta property=\"og:image\" content=\"https:\/\/dockedge.thinairweb.co\/wp-content\/uploads\/sites\/3\/2018\/04\/3050-F-1.jpg\" \/>\n\t<meta property=\"og:image:width\" content=\"700\" \/>\n\t<meta property=\"og:image:height\" content=\"700\" \/>\n\t<meta property=\"og:image:type\" content=\"image\/jpeg\" \/>\n<meta name=\"twitter:card\" content=\"summary_large_image\" \/>\n<script type=\"application\/ld+json\" class=\"yoast-schema-graph\">{\"@context\":\"https:\/\/schema.org\",\"@graph\":[{\"@type\":\"WebPage\",\"@id\":\"https:\/\/dockedge.thinairweb.co\/fr\/produit\/veilleurs-de-veille\/\",\"url\":\"https:\/\/dockedge.thinairweb.co\/fr\/produit\/veilleurs-de-veille\/\",\"name\":\"Veilleurs de veille - Dock Edge+\",\"isPartOf\":{\"@id\":\"https:\/\/dockedge.thinairweb.co\/fr\/#website\"},\"primaryImageOfPage\":{\"@id\":\"https:\/\/dockedge.thinairweb.co\/fr\/produit\/veilleurs-de-veille\/#primaryimage\"},\"image\":{\"@id\":\"https:\/\/dockedge.thinairweb.co\/fr\/produit\/veilleurs-de-veille\/#primaryimage\"},\"thumbnailUrl\":\"https:\/\/dockedge.thinairweb.co\/wp-content\/uploads\/sites\/3\/2018\/04\/3050-F-1.jpg\",\"datePublished\":\"2018-04-19T22:34:07+00:00\",\"breadcrumb\":{\"@id\":\"https:\/\/dockedge.thinairweb.co\/fr\/produit\/veilleurs-de-veille\/#breadcrumb\"},\"inLanguage\":\"fr-FR\",\"potentialAction\":[{\"@type\":\"ReadAction\",\"target\":[\"https:\/\/dockedge.thinairweb.co\/fr\/produit\/veilleurs-de-veille\/\"]}]},{\"@type\":\"ImageObject\",\"inLanguage\":\"fr-FR\",\"@id\":\"https:\/\/dockedge.thinairweb.co\/fr\/produit\/veilleurs-de-veille\/#primaryimage\",\"url\":\"https:\/\/dockedge.thinairweb.co\/wp-content\/uploads\/sites\/3\/2018\/04\/3050-F-1.jpg\",\"contentUrl\":\"https:\/\/dockedge.thinairweb.co\/wp-content\/uploads\/sites\/3\/2018\/04\/3050-F-1.jpg\",\"width\":700,\"height\":700,\"caption\":\"Wake Watchers installed\"},{\"@type\":\"BreadcrumbList\",\"@id\":\"https:\/\/dockedge.thinairweb.co\/fr\/produit\/veilleurs-de-veille\/#breadcrumb\",\"itemListElement\":[{\"@type\":\"ListItem\",\"position\":1,\"name\":\"Home\",\"item\":\"https:\/\/dockedge.thinairweb.co\/fr\/\"},{\"@type\":\"ListItem\",\"position\":2,\"name\":\"Boutique\",\"item\":\"https:\/\/dockedge.thinairweb.co\/fr\/boutique\/\"},{\"@type\":\"ListItem\",\"position\":3,\"name\":\"Veilleurs de veille\"}]},{\"@type\":\"WebSite\",\"@id\":\"https:\/\/dockedge.thinairweb.co\/fr\/#website\",\"url\":\"https:\/\/dockedge.thinairweb.co\/fr\/\",\"name\":\"Dock Edge+\",\"description\":\"Your Dock. Your Way.\",\"potentialAction\":[{\"@type\":\"SearchAction\",\"target\":{\"@type\":\"EntryPoint\",\"urlTemplate\":\"https:\/\/dockedge.thinairweb.co\/fr\/?s={search_term_string}\"},\"query-input\":{\"@type\":\"PropertyValueSpecification\",\"valueRequired\":true,\"valueName\":\"search_term_string\"}}],\"inLanguage\":\"fr-FR\"}]}<\/script>\n<!-- \/ Yoast SEO plugin. -->","yoast_head_json":{"title":"Veilleurs de veille - Dock Edge+","robots":{"index":"index","follow":"follow","max-snippet":"max-snippet:-1","max-image-preview":"max-image-preview:large","max-video-preview":"max-video-preview:-1"},"canonical":"https:\/\/dockedge.thinairweb.co\/fr\/produit\/veilleurs-de-veille\/","og_locale":"fr_FR","og_type":"article","og_title":"Veilleurs de veille - Dock Edge+","og_description":"CUP   Prot\u00e8ge les passagers et votre bateau  Amarre en toute s\u00e9curit\u00e9 les bateaux jusqu'\u00e0 3500lb (1500kg)  Prot\u00e8ge votre bateau du contact avec le quai  Permet \u00e0 votre bateau de s'approcher du quai pour l'embarquement de chaque passager.  Repositionne automatiquement votre bateau en toute s\u00e9curit\u00e9 \u00e0 1 m du quai.  Tension r\u00e9glable  R\u00e9siste aux mouvements lat\u00e9raux, verticaux et horizontaux  Pr\u00e9sent\u00e9 dans le magazine Popular Science T\u00e9l\u00e9charger\"Instructions\" et\"Dimensions de la base\"","og_url":"https:\/\/dockedge.thinairweb.co\/fr\/produit\/veilleurs-de-veille\/","og_site_name":"Dock Edge+","og_image":[{"width":700,"height":700,"url":"https:\/\/dockedge.thinairweb.co\/wp-content\/uploads\/sites\/3\/2018\/04\/3050-F-1.jpg","type":"image\/jpeg"}],"twitter_card":"summary_large_image","schema":{"@context":"https:\/\/schema.org","@graph":[{"@type":"WebPage","@id":"https:\/\/dockedge.thinairweb.co\/fr\/produit\/veilleurs-de-veille\/","url":"https:\/\/dockedge.thinairweb.co\/fr\/produit\/veilleurs-de-veille\/","name":"Veilleurs de veille - Dock Edge+","isPartOf":{"@id":"https:\/\/dockedge.thinairweb.co\/fr\/#website"},"primaryImageOfPage":{"@id":"https:\/\/dockedge.thinairweb.co\/fr\/produit\/veilleurs-de-veille\/#primaryimage"},"image":{"@id":"https:\/\/dockedge.thinairweb.co\/fr\/produit\/veilleurs-de-veille\/#primaryimage"},"thumbnailUrl":"https:\/\/dockedge.thinairweb.co\/wp-content\/uploads\/sites\/3\/2018\/04\/3050-F-1.jpg","datePublished":"2018-04-19T22:34:07+00:00","breadcrumb":{"@id":"https:\/\/dockedge.thinairweb.co\/fr\/produit\/veilleurs-de-veille\/#breadcrumb"},"inLanguage":"fr-FR","potentialAction":[{"@type":"ReadAction","target":["https:\/\/dockedge.thinairweb.co\/fr\/produit\/veilleurs-de-veille\/"]}]},{"@type":"ImageObject","inLanguage":"fr-FR","@id":"https:\/\/dockedge.thinairweb.co\/fr\/produit\/veilleurs-de-veille\/#primaryimage","url":"https:\/\/dockedge.thinairweb.co\/wp-content\/uploads\/sites\/3\/2018\/04\/3050-F-1.jpg","contentUrl":"https:\/\/dockedge.thinairweb.co\/wp-content\/uploads\/sites\/3\/2018\/04\/3050-F-1.jpg","width":700,"height":700,"caption":"Wake Watchers installed"},{"@type":"BreadcrumbList","@id":"https:\/\/dockedge.thinairweb.co\/fr\/produit\/veilleurs-de-veille\/#breadcrumb","itemListElement":[{"@type":"ListItem","position":1,"name":"Home","item":"https:\/\/dockedge.thinairweb.co\/fr\/"},{"@type":"ListItem","position":2,"name":"Boutique","item":"https:\/\/dockedge.thinairweb.co\/fr\/boutique\/"},{"@type":"ListItem","position":3,"name":"Veilleurs de veille"}]},{"@type":"WebSite","@id":"https:\/\/dockedge.thinairweb.co\/fr\/#website","url":"https:\/\/dockedge.thinairweb.co\/fr\/","name":"Dock Edge+","description":"Your Dock. Your Way.","potentialAction":[{"@type":"SearchAction","target":{"@type":"EntryPoint","urlTemplate":"https:\/\/dockedge.thinairweb.co\/fr\/?s={search_term_string}"},"query-input":{"@type":"PropertyValueSpecification","valueRequired":true,"valueName":"search_term_string"}}],"inLanguage":"fr-FR"}]}},"acf":[],"_links":{"self":[{"href":"https:\/\/dockedge.thinairweb.co\/fr\/wp-json\/wp\/v2\/product\/8460","targetHints":{"allow":["GET"]}}],"collection":[{"href":"https:\/\/dockedge.thinairweb.co\/fr\/wp-json\/wp\/v2\/product"}],"about":[{"href":"https:\/\/dockedge.thinairweb.co\/fr\/wp-json\/wp\/v2\/types\/product"}],"wp:featuredmedia":[{"embeddable":true,"href":"https:\/\/dockedge.thinairweb.co\/fr\/wp-json\/wp\/v2\/media\/7261"}],"wp:attachment":[{"href":"https:\/\/dockedge.thinairweb.co\/fr\/wp-json\/wp\/v2\/media?parent=8460"}],"wp:term":[{"taxonomy":"product_brand","embeddable":true,"href":"https:\/\/dockedge.thinairweb.co\/fr\/wp-json\/wp\/v2\/product_brand?post=8460"},{"taxonomy":"product_cat","embeddable":true,"href":"https:\/\/dockedge.thinairweb.co\/fr\/wp-json\/wp\/v2\/product_cat?post=8460"},{"taxonomy":"product_tag","embeddable":true,"href":"https:\/\/dockedge.thinairweb.co\/fr\/wp-json\/wp\/v2\/product_tag?post=8460"}],"curies":[{"name":"wp","href":"https:\/\/api.w.org\/{rel}","templated":true}]}}