{"id":8461,"date":"2018-04-19T22:31:51","date_gmt":"2018-04-19T22:31:51","guid":{"rendered":"https:\/\/dockedge.com\/product\/bras-damarrage\/"},"modified":"2018-04-19T22:31:51","modified_gmt":"2018-04-19T22:31:51","slug":"bras-damarrage","status":"publish","type":"product","link":"https:\/\/dockedge.thinairweb.co\/fr\/produit\/bras-damarrage\/","title":{"rendered":"Bras d&rsquo;amarrage"},"content":{"rendered":"<table id=\"product-table\" cellpadding=\"15\" cellspacing=\"0\" border=\"0\">\n<tbody>\n<tr>\n<th>N\u00b0 de pi\u00e8ce<\/th>\n<th>Description<\/th>\n<\/tr>\n<tr>\n<td>DE3034F<\/td>\n<td>Bras d&rsquo;amarrage de 4 pieds pour petites embarcations et motomarines (ensemble de 2) <\/td>\n<\/tr>\n<tr>\n<td>DE3036F<\/td>\n<td>Bras d&rsquo;amarrage de 6 pieds pour les bateaux jusqu&rsquo;\u00e0 5000Lb (ensemble de 2) <\/td>\n<\/tr>\n<\/tbody>\n<\/table>\n<p><script src=\"\/\/ui.powerreviews.com\/stable\/4.0\/ui.js\"><\/script><\/p>\n<p><script>\n  POWERREVIEWS.display.render({\n      api_key: 'fdb23d80-8310-4409-87f2-2ee20e24a743',\n      locale: 'en_US',\n      merchant_group_id: '78535',\n      merchant_id: '542114',\n      page_id: '3202',\n      review_wrapper_url: 'http:\/\/www.dockedge.com\/write-a-review\/?pr_page_id=___PAGE_ID___',\nstructured_data_product_id : 'http:\/\/www.dockedge.com\/product\/mooring-arms\/',\nproduct:{\n        name: 'Mooring Arms', \n        url: 'http:\/\/www.dockedge.com\/product\/mooring-arms\/',\n        image_url: 'http:\/\/www.dockedge.com\/wp-content\/uploads\/sites\/3\/2018\/04\/MooringArms1-1.jpg',\n        description: 'MooringArm 4' Lines&Hdw 1500Lb 6'Beam',\n        category_name: 'Mooring',\n        manufacturer_id: 'DE3034F',\n        upc: '776113303405',\n        brand_name: 'DockEdge',\n        price: '<your_product_price>',\n        in_stock: '<product_in_stock_status>',\n        variants: [{\n            name: 'DE3036F',\n            description: 'MooringArm 6' Lines&Hdw 5000Lb 8.5'Beam',\n            upc: '776113303603',\t\n            page_id_variant: '1',\n    }]\n    },\n      components: {\n    ReviewSnippet: 'pr-reviewsnippet',\n    ReviewDisplay: 'pr-reviewdisplay'\n      }\n    });\n  <\/script><\/p>\n<div id=\"pr-reviewdisplay\"><\/div>\n","protected":false},"excerpt":{"rendered":"<div id=\"pr-reviewsnippet\"><\/div>\n<p><b>CUP<\/b> <br \/>\nAlternative \u00e9conomique ou am\u00e9lioration des pare-chocs et des profil\u00e9s de quai, ces bras d&rsquo;amarrage maintiennent votre embarcation \u00e0 une distance s\u00fbre et pratique de la fa\u00e7ade du quai afin de minimiser les risques de dommages caus\u00e9s par le vent, le sillage et les vagues. Ces bras d&rsquo;amarrage faciles \u00e0 installer appliquent des forces vectorielles \u00e0 l&rsquo;avant et \u00e0 l&rsquo;arri\u00e8re du bateau, ce qui lui permet de suivre librement et sans effort l&rsquo;action des vagues et de l&rsquo;eau, comme les fluctuations des mar\u00e9es, tout en le maintenant en toute s\u00e9curit\u00e9 \u00e0 distance de la surface du quai.   <\/p>\n<p>Fabriqu\u00e9s \u00e0 partir de la m\u00eame fibre de verre crois\u00e9e et durable que nos fl\u00e8ches d&rsquo;amarrage DockEdge+, avec des attaches en poly\u00e9thyl\u00e8ne et de la quincaillerie en acier inoxydable. Chaque kit de bras d&rsquo;amarrage comprend des taquets galvanis\u00e9s \u00e0 chaud, des lignes d&rsquo;amarrage et la qualit\u00e9 de fabrication de DockEdge+.   <\/p>\n<p>Disponible en 4 pieds et 6 pieds de longueur pour les v\u00e9hicules nautiques, des motomarines aux cruisers de taille moyenne.  <\/p>\n","protected":false},"featured_media":7265,"template":"","meta":{"_acf_changed":false,"_et_pb_use_builder":"","_et_pb_old_content":"","_et_gb_content_width":""},"product_brand":[],"product_cat":[149],"product_tag":[],"class_list":{"0":"post-8461","1":"product","2":"type-product","3":"status-publish","4":"has-post-thumbnail","6":"product_cat-amarrage","8":"first","9":"instock","10":"shipping-taxable","11":"product-type-simple"},"yoast_head":"<!-- This site is optimized with the Yoast SEO plugin v27.0 - https:\/\/yoast.com\/product\/yoast-seo-wordpress\/ -->\n<title>Bras d&#039;amarrage - Dock Edge+<\/title>\n<meta name=\"robots\" content=\"index, follow, max-snippet:-1, max-image-preview:large, max-video-preview:-1\" \/>\n<link rel=\"canonical\" href=\"https:\/\/dockedge.thinairweb.co\/fr\/produit\/bras-damarrage\/\" \/>\n<meta property=\"og:locale\" content=\"fr_FR\" \/>\n<meta property=\"og:type\" content=\"article\" \/>\n<meta property=\"og:title\" content=\"Bras d&#039;amarrage - Dock Edge+\" \/>\n<meta property=\"og:description\" content=\"CUP Alternative \u00e9conomique ou am\u00e9lioration des pare-chocs et des profil\u00e9s de quai, ces bras d&#039;amarrage maintiennent votre embarcation \u00e0 une distance s\u00fbre et pratique de la fa\u00e7ade du quai afin de minimiser les risques de dommages caus\u00e9s par le vent, le sillage et les vagues. Ces bras d&#039;amarrage faciles \u00e0 installer appliquent des forces vectorielles \u00e0 l&#039;avant et \u00e0 l&#039;arri\u00e8re du bateau, ce qui lui permet de suivre librement et sans effort l&#039;action des vagues et de l&#039;eau, comme les fluctuations des mar\u00e9es, tout en le maintenant en toute s\u00e9curit\u00e9 \u00e0 distance de la surface du quai.   Fabriqu\u00e9s \u00e0 partir de la m\u00eame fibre de verre crois\u00e9e et durable que nos fl\u00e8ches d&#039;amarrage DockEdge+, avec des attaches en poly\u00e9thyl\u00e8ne et de la quincaillerie en acier inoxydable. Chaque kit de bras d&#039;amarrage comprend des taquets galvanis\u00e9s \u00e0 chaud, des lignes d&#039;amarrage et la qualit\u00e9 de fabrication de DockEdge+.   Disponible en 4 pieds et 6 pieds de longueur pour les v\u00e9hicules nautiques, des motomarines aux cruisers de taille moyenne.\" \/>\n<meta property=\"og:url\" content=\"https:\/\/dockedge.thinairweb.co\/fr\/produit\/bras-damarrage\/\" \/>\n<meta property=\"og:site_name\" content=\"Dock Edge+\" \/>\n<meta property=\"og:image\" content=\"https:\/\/dockedge.thinairweb.co\/wp-content\/uploads\/sites\/3\/2018\/04\/DE3034F.jpg\" \/>\n\t<meta property=\"og:image:width\" content=\"700\" \/>\n\t<meta property=\"og:image:height\" content=\"700\" \/>\n\t<meta property=\"og:image:type\" content=\"image\/jpeg\" \/>\n<meta name=\"twitter:card\" content=\"summary_large_image\" \/>\n<script type=\"application\/ld+json\" class=\"yoast-schema-graph\">{\"@context\":\"https:\/\/schema.org\",\"@graph\":[{\"@type\":\"WebPage\",\"@id\":\"https:\/\/dockedge.thinairweb.co\/fr\/produit\/bras-damarrage\/\",\"url\":\"https:\/\/dockedge.thinairweb.co\/fr\/produit\/bras-damarrage\/\",\"name\":\"Bras d'amarrage - Dock Edge+\",\"isPartOf\":{\"@id\":\"https:\/\/dockedge.thinairweb.co\/fr\/#website\"},\"primaryImageOfPage\":{\"@id\":\"https:\/\/dockedge.thinairweb.co\/fr\/produit\/bras-damarrage\/#primaryimage\"},\"image\":{\"@id\":\"https:\/\/dockedge.thinairweb.co\/fr\/produit\/bras-damarrage\/#primaryimage\"},\"thumbnailUrl\":\"https:\/\/dockedge.thinairweb.co\/wp-content\/uploads\/sites\/3\/2018\/04\/DE3034F.jpg\",\"datePublished\":\"2018-04-19T22:31:51+00:00\",\"breadcrumb\":{\"@id\":\"https:\/\/dockedge.thinairweb.co\/fr\/produit\/bras-damarrage\/#breadcrumb\"},\"inLanguage\":\"fr-FR\",\"potentialAction\":[{\"@type\":\"ReadAction\",\"target\":[\"https:\/\/dockedge.thinairweb.co\/fr\/produit\/bras-damarrage\/\"]}]},{\"@type\":\"ImageObject\",\"inLanguage\":\"fr-FR\",\"@id\":\"https:\/\/dockedge.thinairweb.co\/fr\/produit\/bras-damarrage\/#primaryimage\",\"url\":\"https:\/\/dockedge.thinairweb.co\/wp-content\/uploads\/sites\/3\/2018\/04\/DE3034F.jpg\",\"contentUrl\":\"https:\/\/dockedge.thinairweb.co\/wp-content\/uploads\/sites\/3\/2018\/04\/DE3034F.jpg\",\"width\":700,\"height\":700,\"caption\":\"Mooring Arms\"},{\"@type\":\"BreadcrumbList\",\"@id\":\"https:\/\/dockedge.thinairweb.co\/fr\/produit\/bras-damarrage\/#breadcrumb\",\"itemListElement\":[{\"@type\":\"ListItem\",\"position\":1,\"name\":\"Home\",\"item\":\"https:\/\/dockedge.thinairweb.co\/fr\/\"},{\"@type\":\"ListItem\",\"position\":2,\"name\":\"Boutique\",\"item\":\"https:\/\/dockedge.thinairweb.co\/fr\/boutique\/\"},{\"@type\":\"ListItem\",\"position\":3,\"name\":\"Bras d&rsquo;amarrage\"}]},{\"@type\":\"WebSite\",\"@id\":\"https:\/\/dockedge.thinairweb.co\/fr\/#website\",\"url\":\"https:\/\/dockedge.thinairweb.co\/fr\/\",\"name\":\"Dock Edge+\",\"description\":\"Your Dock. Your Way.\",\"potentialAction\":[{\"@type\":\"SearchAction\",\"target\":{\"@type\":\"EntryPoint\",\"urlTemplate\":\"https:\/\/dockedge.thinairweb.co\/fr\/?s={search_term_string}\"},\"query-input\":{\"@type\":\"PropertyValueSpecification\",\"valueRequired\":true,\"valueName\":\"search_term_string\"}}],\"inLanguage\":\"fr-FR\"}]}<\/script>\n<!-- \/ Yoast SEO plugin. -->","yoast_head_json":{"title":"Bras d'amarrage - Dock Edge+","robots":{"index":"index","follow":"follow","max-snippet":"max-snippet:-1","max-image-preview":"max-image-preview:large","max-video-preview":"max-video-preview:-1"},"canonical":"https:\/\/dockedge.thinairweb.co\/fr\/produit\/bras-damarrage\/","og_locale":"fr_FR","og_type":"article","og_title":"Bras d'amarrage - Dock Edge+","og_description":"CUP Alternative \u00e9conomique ou am\u00e9lioration des pare-chocs et des profil\u00e9s de quai, ces bras d'amarrage maintiennent votre embarcation \u00e0 une distance s\u00fbre et pratique de la fa\u00e7ade du quai afin de minimiser les risques de dommages caus\u00e9s par le vent, le sillage et les vagues. Ces bras d'amarrage faciles \u00e0 installer appliquent des forces vectorielles \u00e0 l'avant et \u00e0 l'arri\u00e8re du bateau, ce qui lui permet de suivre librement et sans effort l'action des vagues et de l'eau, comme les fluctuations des mar\u00e9es, tout en le maintenant en toute s\u00e9curit\u00e9 \u00e0 distance de la surface du quai.   Fabriqu\u00e9s \u00e0 partir de la m\u00eame fibre de verre crois\u00e9e et durable que nos fl\u00e8ches d'amarrage DockEdge+, avec des attaches en poly\u00e9thyl\u00e8ne et de la quincaillerie en acier inoxydable. Chaque kit de bras d'amarrage comprend des taquets galvanis\u00e9s \u00e0 chaud, des lignes d'amarrage et la qualit\u00e9 de fabrication de DockEdge+.   Disponible en 4 pieds et 6 pieds de longueur pour les v\u00e9hicules nautiques, des motomarines aux cruisers de taille moyenne.","og_url":"https:\/\/dockedge.thinairweb.co\/fr\/produit\/bras-damarrage\/","og_site_name":"Dock Edge+","og_image":[{"width":700,"height":700,"url":"https:\/\/dockedge.thinairweb.co\/wp-content\/uploads\/sites\/3\/2018\/04\/DE3034F.jpg","type":"image\/jpeg"}],"twitter_card":"summary_large_image","schema":{"@context":"https:\/\/schema.org","@graph":[{"@type":"WebPage","@id":"https:\/\/dockedge.thinairweb.co\/fr\/produit\/bras-damarrage\/","url":"https:\/\/dockedge.thinairweb.co\/fr\/produit\/bras-damarrage\/","name":"Bras d'amarrage - Dock Edge+","isPartOf":{"@id":"https:\/\/dockedge.thinairweb.co\/fr\/#website"},"primaryImageOfPage":{"@id":"https:\/\/dockedge.thinairweb.co\/fr\/produit\/bras-damarrage\/#primaryimage"},"image":{"@id":"https:\/\/dockedge.thinairweb.co\/fr\/produit\/bras-damarrage\/#primaryimage"},"thumbnailUrl":"https:\/\/dockedge.thinairweb.co\/wp-content\/uploads\/sites\/3\/2018\/04\/DE3034F.jpg","datePublished":"2018-04-19T22:31:51+00:00","breadcrumb":{"@id":"https:\/\/dockedge.thinairweb.co\/fr\/produit\/bras-damarrage\/#breadcrumb"},"inLanguage":"fr-FR","potentialAction":[{"@type":"ReadAction","target":["https:\/\/dockedge.thinairweb.co\/fr\/produit\/bras-damarrage\/"]}]},{"@type":"ImageObject","inLanguage":"fr-FR","@id":"https:\/\/dockedge.thinairweb.co\/fr\/produit\/bras-damarrage\/#primaryimage","url":"https:\/\/dockedge.thinairweb.co\/wp-content\/uploads\/sites\/3\/2018\/04\/DE3034F.jpg","contentUrl":"https:\/\/dockedge.thinairweb.co\/wp-content\/uploads\/sites\/3\/2018\/04\/DE3034F.jpg","width":700,"height":700,"caption":"Mooring Arms"},{"@type":"BreadcrumbList","@id":"https:\/\/dockedge.thinairweb.co\/fr\/produit\/bras-damarrage\/#breadcrumb","itemListElement":[{"@type":"ListItem","position":1,"name":"Home","item":"https:\/\/dockedge.thinairweb.co\/fr\/"},{"@type":"ListItem","position":2,"name":"Boutique","item":"https:\/\/dockedge.thinairweb.co\/fr\/boutique\/"},{"@type":"ListItem","position":3,"name":"Bras d&rsquo;amarrage"}]},{"@type":"WebSite","@id":"https:\/\/dockedge.thinairweb.co\/fr\/#website","url":"https:\/\/dockedge.thinairweb.co\/fr\/","name":"Dock Edge+","description":"Your Dock. Your Way.","potentialAction":[{"@type":"SearchAction","target":{"@type":"EntryPoint","urlTemplate":"https:\/\/dockedge.thinairweb.co\/fr\/?s={search_term_string}"},"query-input":{"@type":"PropertyValueSpecification","valueRequired":true,"valueName":"search_term_string"}}],"inLanguage":"fr-FR"}]}},"acf":[],"_links":{"self":[{"href":"https:\/\/dockedge.thinairweb.co\/fr\/wp-json\/wp\/v2\/product\/8461","targetHints":{"allow":["GET"]}}],"collection":[{"href":"https:\/\/dockedge.thinairweb.co\/fr\/wp-json\/wp\/v2\/product"}],"about":[{"href":"https:\/\/dockedge.thinairweb.co\/fr\/wp-json\/wp\/v2\/types\/product"}],"wp:featuredmedia":[{"embeddable":true,"href":"https:\/\/dockedge.thinairweb.co\/fr\/wp-json\/wp\/v2\/media\/7265"}],"wp:attachment":[{"href":"https:\/\/dockedge.thinairweb.co\/fr\/wp-json\/wp\/v2\/media?parent=8461"}],"wp:term":[{"taxonomy":"product_brand","embeddable":true,"href":"https:\/\/dockedge.thinairweb.co\/fr\/wp-json\/wp\/v2\/product_brand?post=8461"},{"taxonomy":"product_cat","embeddable":true,"href":"https:\/\/dockedge.thinairweb.co\/fr\/wp-json\/wp\/v2\/product_cat?post=8461"},{"taxonomy":"product_tag","embeddable":true,"href":"https:\/\/dockedge.thinairweb.co\/fr\/wp-json\/wp\/v2\/product_tag?post=8461"}],"curies":[{"name":"wp","href":"https:\/\/api.w.org\/{rel}","templated":true}]}}