{"id":8463,"date":"2018-04-19T22:23:06","date_gmt":"2018-04-19T22:23:06","guid":{"rendered":"https:\/\/dockedge.com\/product\/ultimate-mooring-whips-en-anglais\/"},"modified":"2025-07-29T13:14:40","modified_gmt":"2025-07-29T13:14:40","slug":"ultimate-mooring-whips-en-anglais","status":"publish","type":"product","link":"https:\/\/dockedge.thinairweb.co\/fr\/produit\/ultimate-mooring-whips-en-anglais\/","title":{"rendered":"Ultimate Mooring Whips (en anglais)"},"content":{"rendered":"<p>[et_pb_section fb_built=\u00a0\u00bb1&Prime; _builder_version=\u00a0\u00bb4.16&Prime; custom_padding=\u00a0\u00bb0px||||false|false\u00a0\u00bb global_colors_info=\u00a0\u00bb{}\u00a0\u00bb][et_pb_row _builder_version=\u00a0\u00bb4.16&Prime; background_size=\u00a0\u00bbinitial\u00a0\u00bb background_position=\u00a0\u00bbtop_left\u00a0\u00bb background_repeat=\u00a0\u00bbrepeat\u00a0\u00bb width=\u00a0\u00bb100%\u00a0\u00bb custom_padding=\u00a0\u00bb0px||0px||false|false\u00a0\u00bb global_colors_info=\u00a0\u00bb{}\u00a0\u00bb][et_pb_column type=\u00a0\u00bb4_4&Prime; _builder_version=\u00a0\u00bb4.16&Prime; custom_padding=\u00a0\u00bb|||\u00a0\u00bb global_colors_info=\u00a0\u00bb{}\u00a0\u00bb custom_padding__hover=\u00a0\u00bb|||\u00a0\u00bb][et_pb_wc_breadcrumb _builder_version=\u00a0\u00bb4.16&Prime; global_colors_info=\u00a0\u00bb{}\u00a0\u00bb][\/et_pb_wc_breadcrumb][et_pb_wc_cart_notice _builder_version=\u00a0\u00bb4.16&Prime; global_colors_info=\u00a0\u00bb{}\u00a0\u00bb][\/et_pb_wc_cart_notice][\/et_pb_column][\/et_pb_row][et_pb_row column_structure=\u00a0\u00bb1_2,1_2&Prime; _builder_version=\u00a0\u00bb4.16&Prime; background_size=\u00a0\u00bbinitial\u00a0\u00bb background_position=\u00a0\u00bbtop_left\u00a0\u00bb background_repeat=\u00a0\u00bbrepeat\u00a0\u00bb width=\u00a0\u00bb100%\u00a0\u00bb custom_padding=\u00a0\u00bb0px||||false|false\u00a0\u00bb global_colors_info=\u00a0\u00bb{}\u00a0\u00bb][et_pb_column type=\u00a0\u00bb1_2&Prime; _builder_version=\u00a0\u00bb4.16&Prime; custom_padding=\u00a0\u00bb|||\u00a0\u00bb global_colors_info=\u00a0\u00bb{}\u00a0\u00bb custom_padding__hover=\u00a0\u00bb|||\u00a0\u00bb][et_pb_wc_images _builder_version=\u00a0\u00bb4.16&Prime; global_colors_info=\u00a0\u00bb{}\u00a0\u00bb][\/et_pb_wc_images][\/et_pb_column][et_pb_column type=\u00a0\u00bb1_2&Prime; _builder_version=\u00a0\u00bb4.16&Prime; custom_padding=\u00a0\u00bb|||\u00a0\u00bb global_colors_info=\u00a0\u00bb{}\u00a0\u00bb custom_padding__hover=\u00a0\u00bb|||\u00a0\u00bb][et_pb_wc_title _builder_version=\u00a0\u00bb4.16&Prime; global_colors_info=\u00a0\u00bb{}\u00a0\u00bb][\/et_pb_wc_title][et_pb_wc_rating _builder_version=\u00a0\u00bb4.16&Prime; global_colors_info=\u00a0\u00bb{}\u00a0\u00bb][\/et_pb_wc_rating][et_pb_wc_price _builder_version=\u00a0\u00bb4.16&Prime; global_colors_info=\u00a0\u00bb{}\u00a0\u00bb][\/et_pb_wc_price][et_pb_wc_description _builder_version=\u00a0\u00bb4.16&Prime; global_colors_info=\u00a0\u00bb{}\u00a0\u00bb][\/et_pb_wc_description][et_pb_wc_add_to_cart _builder_version=\u00a0\u00bb4.16&Prime; global_colors_info=\u00a0\u00bb{}\u00a0\u00bb][\/et_pb_wc_add_to_cart][et_pb_wc_meta _builder_version=\u00a0\u00bb4.16&Prime; global_colors_info=\u00a0\u00bb{}\u00a0\u00bb][\/et_pb_wc_meta][et_pb_video src=\u00a0\u00bbhttps:\/\/youtu.be\/HhikqtnAd7o\u00a0\u00bb _builder_version=\u00a0\u00bb4.16&Prime; _module_preset=\u00a0\u00bbdefault\u00a0\u00bb global_colors_info=\u00a0\u00bb{}\u00a0\u00bb][\/et_pb_video][\/et_pb_column][\/et_pb_row][et_pb_row _builder_version=\u00a0\u00bb4.16&Prime; background_size=\u00a0\u00bbinitial\u00a0\u00bb background_position=\u00a0\u00bbtop_left\u00a0\u00bb background_repeat=\u00a0\u00bbrepeat\u00a0\u00bb width=\u00a0\u00bb100%\u00a0\u00bb global_colors_info=\u00a0\u00bb{}\u00a0\u00bb][et_pb_column type=\u00a0\u00bb4_4&Prime; _builder_version=\u00a0\u00bb4.16&Prime; custom_padding=\u00a0\u00bb|||\u00a0\u00bb global_colors_info=\u00a0\u00bb{}\u00a0\u00bb custom_padding__hover=\u00a0\u00bb|||\u00a0\u00bb][et_pb_wc_tabs _builder_version=\u00a0\u00bb4.16&Prime; global_colors_info=\u00a0\u00bb{}\u00a0\u00bb]\t\t\t\t\t[\/et_pb_wc_tabs][et_pb_wc_upsells _builder_version=\u00a0\u00bb4.16&Prime; global_colors_info=\u00a0\u00bb{}\u00a0\u00bb][\/et_pb_wc_upsells][et_pb_wc_related_products _builder_version=\u00a0\u00bb4.16&Prime; global_colors_info=\u00a0\u00bb{}\u00a0\u00bb][\/et_pb_wc_related_products][\/et_pb_column][\/et_pb_row][\/et_pb_section]<\/p>\n","protected":false},"excerpt":{"rendered":"<div id=\"pr-reviewsnippet\"><\/div>\n<p><b>CUP<\/b> <br \/>\nLes Ultimate Whips sont \u00e9quip\u00e9s d&rsquo;une base \u00e0 bascule en aluminium moul\u00e9 avec amortisseur et vis de r\u00e9glage pour compenser la plupart des fluctuations des mar\u00e9es. La tige en fibre de verre solide est fabriqu\u00e9e en plusieurs \u00e9tapes avec une fibre de verre crois\u00e9e exclusive pour une rigidit\u00e9 suppl\u00e9mentaire impossible \u00e0 obtenir avec une tige solide seule. Cette fabrication en plusieurs \u00e9tapes conf\u00e8re \u00e0 ces fouets la force et la flexibilit\u00e9 n\u00e9cessaires pour maintenir la position du bateau. Conception exclusive \u00ab\u00a0Plug &amp; Socket\u00a0\u00bb pour une s\u00e9paration rapide et facile. Chaque fouet comprend un embout fonctionnel et un taquet d&rsquo;amarrage pour faciliter l&rsquo;acc\u00e8s \u00e0 votre bateau. Mat\u00e9riel de montage en acier inoxydable inclus.     <\/p>\n<p>Disponible dans les tailles 12, 14 et 16 pieds pour les bateaux jusqu&rsquo;\u00e0 33 pieds et jusqu&rsquo;\u00e0 20 000 livres.<\/p>\n<p><img loading=\"lazy\" decoding=\"async\" src=\"https:\/\/dockedge.com\/wp-content\/uploads\/sites\/3\/2025\/07\/mooring_charts_ult.png\" alt=\"\" width=\"1200\" height=\"312\" class=\"alignnone size-medium wp-image-5506\"><\/p>\n","protected":false},"featured_media":7304,"template":"","meta":{"_acf_changed":false,"_et_pb_use_builder":"on","_et_pb_old_content":"<table id=\"product-table\" border=\"0\" cellspacing=\"0\" cellpadding=\"15\">\n<tbody>\n<tr>\n<th>N\u00b0 de pi\u00e8ce<\/th>\n<th>Description<\/th>\n<\/tr>\n<tr>\n<td>DE3450F<\/td>\n<td>Cravache d'amarrage 12' (jeu de 2) pour bateaux jusqu'\u00e0 23 ft. ou 5000Lb<\/td>\n<\/tr>\n<tr>\n<td>DE3650F<\/td>\n<td>Fouet d'amarrage 14' (lot de 2) pour bateaux jusqu'\u00e0 28 ft. ou 10000Lb<\/td>\n<\/tr>\n<tr>\n<td>DE3850F<\/td>\n<td>Cravache d'amarrage 16' (jeu de 2) pour bateaux jusqu'\u00e0 33 ft. ou 20000Lb<\/td>\n<\/tr>\n<tr>\n<td>DE3010F<\/td>\n<td>Base basculante pour fouet d'amarrage<\/td>\n<\/tr>\n<tr>\n<td>DE3400RF<\/td>\n<td>Fouet de remplacement pour 3450<\/td>\n<\/tr>\n<tr>\n<td>DE3600RF<\/td>\n<td>Fouet de remplacement pour 3650<\/td>\n<\/tr>\n<tr>\n<td>DE3800RF<\/td>\n<td>Fouet de remplacement pour 3850<\/td>\n<\/tr>\n<tr>\n<td>DE3900WF<\/td>\n<td>Chapeau d'amarrage uniquement, pour 3450, 3650<\/td>\n<\/tr>\n<tr>\n<td>DE3905WF<\/td>\n<td>Fouet d'amarrage fond seul, pour 3650, 3850<\/td>\n<\/tr>\n<tr>\n<td>DE3910WF<\/td>\n<td>Fouet d'amarrage Fond seul, pour 3450<\/td>\n<\/tr>\n<tr>\n<td>DE3915WF<\/td>\n<td>Chapeau d'amarrage uniquement, pour 3850<\/td>\n<\/tr>\n<\/tbody>\n<\/table>\n<div id=\"pr-reviewdisplay\"><\/div>","_et_gb_content_width":""},"product_brand":[],"product_cat":[149],"product_tag":[],"class_list":{"0":"post-8463","1":"product","2":"type-product","3":"status-publish","4":"has-post-thumbnail","6":"product_cat-amarrage","8":"first","9":"instock","10":"shipping-taxable","11":"product-type-simple"},"yoast_head":"<!-- This site is optimized with the Yoast SEO plugin v27.0 - https:\/\/yoast.com\/product\/yoast-seo-wordpress\/ -->\n<title>Ultimate Mooring Whips (en anglais) - Dock Edge+<\/title>\n<meta name=\"robots\" content=\"index, follow, max-snippet:-1, max-image-preview:large, max-video-preview:-1\" \/>\n<link rel=\"canonical\" href=\"https:\/\/dockedge.thinairweb.co\/fr\/produit\/ultimate-mooring-whips-en-anglais\/\" \/>\n<meta property=\"og:locale\" content=\"fr_FR\" \/>\n<meta property=\"og:type\" content=\"article\" \/>\n<meta property=\"og:title\" content=\"Ultimate Mooring Whips (en anglais) - Dock Edge+\" \/>\n<meta property=\"og:description\" content=\"CUP Les Ultimate Whips sont \u00e9quip\u00e9s d&#039;une base \u00e0 bascule en aluminium moul\u00e9 avec amortisseur et vis de r\u00e9glage pour compenser la plupart des fluctuations des mar\u00e9es. La tige en fibre de verre solide est fabriqu\u00e9e en plusieurs \u00e9tapes avec une fibre de verre crois\u00e9e exclusive pour une rigidit\u00e9 suppl\u00e9mentaire impossible \u00e0 obtenir avec une tige solide seule. Cette fabrication en plusieurs \u00e9tapes conf\u00e8re \u00e0 ces fouets la force et la flexibilit\u00e9 n\u00e9cessaires pour maintenir la position du bateau. Conception exclusive &quot;Plug &amp; Socket&quot; pour une s\u00e9paration rapide et facile. Chaque fouet comprend un embout fonctionnel et un taquet d&#039;amarrage pour faciliter l&#039;acc\u00e8s \u00e0 votre bateau. Mat\u00e9riel de montage en acier inoxydable inclus.    Disponible dans les tailles 12, 14 et 16 pieds pour les bateaux jusqu&#039;\u00e0 33 pieds et jusqu&#039;\u00e0 20 000 livres.\" \/>\n<meta property=\"og:url\" content=\"https:\/\/dockedge.thinairweb.co\/fr\/produit\/ultimate-mooring-whips-en-anglais\/\" \/>\n<meta property=\"og:site_name\" content=\"Dock Edge+\" \/>\n<meta property=\"article:modified_time\" content=\"2025-07-29T13:14:40+00:00\" \/>\n<meta property=\"og:image\" content=\"https:\/\/dockedge.thinairweb.co\/wp-content\/uploads\/sites\/3\/2018\/04\/3450-F-2.jpg\" \/>\n\t<meta property=\"og:image:width\" content=\"700\" \/>\n\t<meta property=\"og:image:height\" content=\"700\" \/>\n\t<meta property=\"og:image:type\" content=\"image\/jpeg\" \/>\n<meta name=\"twitter:card\" content=\"summary_large_image\" \/>\n<meta name=\"twitter:label1\" content=\"Dur\u00e9e de lecture estim\u00e9e\" \/>\n\t<meta name=\"twitter:data1\" content=\"2 minutes\" \/>\n<script type=\"application\/ld+json\" class=\"yoast-schema-graph\">{\"@context\":\"https:\/\/schema.org\",\"@graph\":[{\"@type\":\"WebPage\",\"@id\":\"https:\/\/dockedge.thinairweb.co\/fr\/produit\/ultimate-mooring-whips-en-anglais\/\",\"url\":\"https:\/\/dockedge.thinairweb.co\/fr\/produit\/ultimate-mooring-whips-en-anglais\/\",\"name\":\"Ultimate Mooring Whips (en anglais) - Dock Edge+\",\"isPartOf\":{\"@id\":\"https:\/\/dockedge.thinairweb.co\/fr\/#website\"},\"primaryImageOfPage\":{\"@id\":\"https:\/\/dockedge.thinairweb.co\/fr\/produit\/ultimate-mooring-whips-en-anglais\/#primaryimage\"},\"image\":{\"@id\":\"https:\/\/dockedge.thinairweb.co\/fr\/produit\/ultimate-mooring-whips-en-anglais\/#primaryimage\"},\"thumbnailUrl\":\"https:\/\/dockedge.thinairweb.co\/wp-content\/uploads\/sites\/3\/2018\/04\/3450-F-2.jpg\",\"datePublished\":\"2018-04-19T22:23:06+00:00\",\"dateModified\":\"2025-07-29T13:14:40+00:00\",\"breadcrumb\":{\"@id\":\"https:\/\/dockedge.thinairweb.co\/fr\/produit\/ultimate-mooring-whips-en-anglais\/#breadcrumb\"},\"inLanguage\":\"fr-FR\",\"potentialAction\":[{\"@type\":\"ReadAction\",\"target\":[\"https:\/\/dockedge.thinairweb.co\/fr\/produit\/ultimate-mooring-whips-en-anglais\/\"]}]},{\"@type\":\"ImageObject\",\"inLanguage\":\"fr-FR\",\"@id\":\"https:\/\/dockedge.thinairweb.co\/fr\/produit\/ultimate-mooring-whips-en-anglais\/#primaryimage\",\"url\":\"https:\/\/dockedge.thinairweb.co\/wp-content\/uploads\/sites\/3\/2018\/04\/3450-F-2.jpg\",\"contentUrl\":\"https:\/\/dockedge.thinairweb.co\/wp-content\/uploads\/sites\/3\/2018\/04\/3450-F-2.jpg\",\"width\":700,\"height\":700,\"caption\":\"Ultimate Mooring Whips installed\"},{\"@type\":\"BreadcrumbList\",\"@id\":\"https:\/\/dockedge.thinairweb.co\/fr\/produit\/ultimate-mooring-whips-en-anglais\/#breadcrumb\",\"itemListElement\":[{\"@type\":\"ListItem\",\"position\":1,\"name\":\"Home\",\"item\":\"https:\/\/dockedge.thinairweb.co\/fr\/\"},{\"@type\":\"ListItem\",\"position\":2,\"name\":\"Boutique\",\"item\":\"https:\/\/dockedge.thinairweb.co\/fr\/boutique\/\"},{\"@type\":\"ListItem\",\"position\":3,\"name\":\"Ultimate Mooring Whips (en anglais)\"}]},{\"@type\":\"WebSite\",\"@id\":\"https:\/\/dockedge.thinairweb.co\/fr\/#website\",\"url\":\"https:\/\/dockedge.thinairweb.co\/fr\/\",\"name\":\"Dock Edge+\",\"description\":\"Your Dock. Your Way.\",\"potentialAction\":[{\"@type\":\"SearchAction\",\"target\":{\"@type\":\"EntryPoint\",\"urlTemplate\":\"https:\/\/dockedge.thinairweb.co\/fr\/?s={search_term_string}\"},\"query-input\":{\"@type\":\"PropertyValueSpecification\",\"valueRequired\":true,\"valueName\":\"search_term_string\"}}],\"inLanguage\":\"fr-FR\"}]}<\/script>\n<!-- \/ Yoast SEO plugin. -->","yoast_head_json":{"title":"Ultimate Mooring Whips (en anglais) - Dock Edge+","robots":{"index":"index","follow":"follow","max-snippet":"max-snippet:-1","max-image-preview":"max-image-preview:large","max-video-preview":"max-video-preview:-1"},"canonical":"https:\/\/dockedge.thinairweb.co\/fr\/produit\/ultimate-mooring-whips-en-anglais\/","og_locale":"fr_FR","og_type":"article","og_title":"Ultimate Mooring Whips (en anglais) - Dock Edge+","og_description":"CUP Les Ultimate Whips sont \u00e9quip\u00e9s d'une base \u00e0 bascule en aluminium moul\u00e9 avec amortisseur et vis de r\u00e9glage pour compenser la plupart des fluctuations des mar\u00e9es. La tige en fibre de verre solide est fabriqu\u00e9e en plusieurs \u00e9tapes avec une fibre de verre crois\u00e9e exclusive pour une rigidit\u00e9 suppl\u00e9mentaire impossible \u00e0 obtenir avec une tige solide seule. Cette fabrication en plusieurs \u00e9tapes conf\u00e8re \u00e0 ces fouets la force et la flexibilit\u00e9 n\u00e9cessaires pour maintenir la position du bateau. Conception exclusive \"Plug &amp; Socket\" pour une s\u00e9paration rapide et facile. Chaque fouet comprend un embout fonctionnel et un taquet d'amarrage pour faciliter l'acc\u00e8s \u00e0 votre bateau. Mat\u00e9riel de montage en acier inoxydable inclus.    Disponible dans les tailles 12, 14 et 16 pieds pour les bateaux jusqu'\u00e0 33 pieds et jusqu'\u00e0 20 000 livres.","og_url":"https:\/\/dockedge.thinairweb.co\/fr\/produit\/ultimate-mooring-whips-en-anglais\/","og_site_name":"Dock Edge+","article_modified_time":"2025-07-29T13:14:40+00:00","og_image":[{"width":700,"height":700,"url":"https:\/\/dockedge.thinairweb.co\/wp-content\/uploads\/sites\/3\/2018\/04\/3450-F-2.jpg","type":"image\/jpeg"}],"twitter_card":"summary_large_image","twitter_misc":{"Dur\u00e9e de lecture estim\u00e9e":"2 minutes"},"schema":{"@context":"https:\/\/schema.org","@graph":[{"@type":"WebPage","@id":"https:\/\/dockedge.thinairweb.co\/fr\/produit\/ultimate-mooring-whips-en-anglais\/","url":"https:\/\/dockedge.thinairweb.co\/fr\/produit\/ultimate-mooring-whips-en-anglais\/","name":"Ultimate Mooring Whips (en anglais) - Dock Edge+","isPartOf":{"@id":"https:\/\/dockedge.thinairweb.co\/fr\/#website"},"primaryImageOfPage":{"@id":"https:\/\/dockedge.thinairweb.co\/fr\/produit\/ultimate-mooring-whips-en-anglais\/#primaryimage"},"image":{"@id":"https:\/\/dockedge.thinairweb.co\/fr\/produit\/ultimate-mooring-whips-en-anglais\/#primaryimage"},"thumbnailUrl":"https:\/\/dockedge.thinairweb.co\/wp-content\/uploads\/sites\/3\/2018\/04\/3450-F-2.jpg","datePublished":"2018-04-19T22:23:06+00:00","dateModified":"2025-07-29T13:14:40+00:00","breadcrumb":{"@id":"https:\/\/dockedge.thinairweb.co\/fr\/produit\/ultimate-mooring-whips-en-anglais\/#breadcrumb"},"inLanguage":"fr-FR","potentialAction":[{"@type":"ReadAction","target":["https:\/\/dockedge.thinairweb.co\/fr\/produit\/ultimate-mooring-whips-en-anglais\/"]}]},{"@type":"ImageObject","inLanguage":"fr-FR","@id":"https:\/\/dockedge.thinairweb.co\/fr\/produit\/ultimate-mooring-whips-en-anglais\/#primaryimage","url":"https:\/\/dockedge.thinairweb.co\/wp-content\/uploads\/sites\/3\/2018\/04\/3450-F-2.jpg","contentUrl":"https:\/\/dockedge.thinairweb.co\/wp-content\/uploads\/sites\/3\/2018\/04\/3450-F-2.jpg","width":700,"height":700,"caption":"Ultimate Mooring Whips installed"},{"@type":"BreadcrumbList","@id":"https:\/\/dockedge.thinairweb.co\/fr\/produit\/ultimate-mooring-whips-en-anglais\/#breadcrumb","itemListElement":[{"@type":"ListItem","position":1,"name":"Home","item":"https:\/\/dockedge.thinairweb.co\/fr\/"},{"@type":"ListItem","position":2,"name":"Boutique","item":"https:\/\/dockedge.thinairweb.co\/fr\/boutique\/"},{"@type":"ListItem","position":3,"name":"Ultimate Mooring Whips (en anglais)"}]},{"@type":"WebSite","@id":"https:\/\/dockedge.thinairweb.co\/fr\/#website","url":"https:\/\/dockedge.thinairweb.co\/fr\/","name":"Dock Edge+","description":"Your Dock. Your Way.","potentialAction":[{"@type":"SearchAction","target":{"@type":"EntryPoint","urlTemplate":"https:\/\/dockedge.thinairweb.co\/fr\/?s={search_term_string}"},"query-input":{"@type":"PropertyValueSpecification","valueRequired":true,"valueName":"search_term_string"}}],"inLanguage":"fr-FR"}]}},"acf":[],"_links":{"self":[{"href":"https:\/\/dockedge.thinairweb.co\/fr\/wp-json\/wp\/v2\/product\/8463","targetHints":{"allow":["GET"]}}],"collection":[{"href":"https:\/\/dockedge.thinairweb.co\/fr\/wp-json\/wp\/v2\/product"}],"about":[{"href":"https:\/\/dockedge.thinairweb.co\/fr\/wp-json\/wp\/v2\/types\/product"}],"wp:featuredmedia":[{"embeddable":true,"href":"https:\/\/dockedge.thinairweb.co\/fr\/wp-json\/wp\/v2\/media\/7304"}],"wp:attachment":[{"href":"https:\/\/dockedge.thinairweb.co\/fr\/wp-json\/wp\/v2\/media?parent=8463"}],"wp:term":[{"taxonomy":"product_brand","embeddable":true,"href":"https:\/\/dockedge.thinairweb.co\/fr\/wp-json\/wp\/v2\/product_brand?post=8463"},{"taxonomy":"product_cat","embeddable":true,"href":"https:\/\/dockedge.thinairweb.co\/fr\/wp-json\/wp\/v2\/product_cat?post=8463"},{"taxonomy":"product_tag","embeddable":true,"href":"https:\/\/dockedge.thinairweb.co\/fr\/wp-json\/wp\/v2\/product_tag?post=8463"}],"curies":[{"name":"wp","href":"https:\/\/api.w.org\/{rel}","templated":true}]}}