{"id":8466,"date":"2018-04-19T22:18:41","date_gmt":"2018-04-19T22:18:41","guid":{"rendered":"https:\/\/dockedge.com\/product\/premium-mooring-whips-en-anglais\/"},"modified":"2018-04-19T22:18:41","modified_gmt":"2018-04-19T22:18:41","slug":"premium-mooring-whips-en-anglais","status":"publish","type":"product","link":"https:\/\/dockedge.thinairweb.co\/fr\/produit\/premium-mooring-whips-en-anglais\/","title":{"rendered":"Premium Mooring Whips (en anglais)"},"content":{"rendered":"<table id=\"product-table\" border=\"0\" cellspacing=\"0\" cellpadding=\"15\">\n<tbody>\n<tr>\n<th>N\u00b0 de pi\u00e8ce<\/th>\n<th>Description<\/th>\n<\/tr>\n<tr>\n<td>DE3200F<\/td>\n<td>8&prime; Mooring Whip (set de 2) pour bateaux jusqu&rsquo;\u00e0 18 ft. ou 2500Lb<\/td>\n<\/tr>\n<tr>\n<td>DE3400F<\/td>\n<td>Cravache d&rsquo;amarrage 12&prime; (jeu de 2) pour bateaux jusqu&rsquo;\u00e0 23 ft. ou 5000Lb<\/td>\n<\/tr>\n<tr>\n<td>DE3600F<\/td>\n<td>Fouet d&rsquo;amarrage 14&prime; (jeu de 2) pour bateaux jusqu&rsquo;\u00e0 28 ft. ou 10000Lb<\/td>\n<\/tr>\n<tr>\n<td>DE3800F<\/td>\n<td>Cravache d&rsquo;amarrage 16&prime; (jeu de 2) pour bateaux jusqu&rsquo;\u00e0 33 ft. ou 20000Lb<\/td>\n<\/tr>\n<tr>\n<td>DE3000F<\/td>\n<td>Embase pour fouet d&rsquo;amarrage, avec bouton en T<\/td>\n<\/tr>\n<tr>\n<td>DE3200RF<\/td>\n<td>Fouet de remplacement pour 3200<\/td>\n<\/tr>\n<tr>\n<td>DE3400RF<\/td>\n<td>Fouet de remplacement pour 3400<\/td>\n<\/tr>\n<tr>\n<td>DE3600RF<\/td>\n<td>Fouet de remplacement pour 3600<\/td>\n<\/tr>\n<tr>\n<td>DE3800RF<\/td>\n<td>Fouet de remplacement pour 3800<\/td>\n<\/tr>\n<tr>\n<td>DE3900WF<\/td>\n<td>Chapeau d&rsquo;amarrage uniquement, pour 3400, 3600<\/td>\n<\/tr>\n<tr>\n<td>DE3905WF<\/td>\n<td>Fouet d&rsquo;amarrage fond seul, pour 3600, 3800<\/td>\n<\/tr>\n<tr>\n<td>DE3910WF<\/td>\n<td>Fouet d&rsquo;amarrage fond seul, pour 3400<\/td>\n<\/tr>\n<tr>\n<td>DE3915WF<\/td>\n<td>Chapeau d&rsquo;amarrage uniquement, pour 3800<\/td>\n<\/tr>\n<\/tbody>\n<\/table>\n<p><script src=\"\/\/ui.powerreviews.com\/stable\/4.0\/ui.js\"><\/script><\/p>\n<p><script>\n  POWERREVIEWS.display.render({\n      api_key: 'fdb23d80-8310-4409-87f2-2ee20e24a743',\n      locale: 'en_US',\n      merchant_group_id: '78535',\n      merchant_id: '542114',\n      page_id: '3196',\n      review_wrapper_url: 'http:\/\/www.dockedge.com\/write-a-review\/?pr_page_id=___PAGE_ID___',\nstructured_data_product_id : 'http:\/\/www.dockedge.com\/product\/premium-mooring-whips\/',\nproduct:{\n        name: 'Premium Mooring Whips', \n        url: 'http:\/\/www.dockedge.com\/product\/premium-mooring-whips\/',\n        image_url: 'http:\/\/www.dockedge.com\/wp-content\/uploads\/sites\/3\/2018\/04\/3200-F.jpg',\n        description: 'Whip 8' Lines&Hdw 2500Lb Prem',\n        category_name: 'Mooring',\n        manufacturer_id: 'DE3200F',\n        upc: '776113320006',\n        brand_name: 'DockEdge',\n        price: '<your_product_price>',\n        in_stock: '<product_in_stock_status>',\n        variants: [{\n            name: 'DE3400F',\n            description: 'Whip 12' Lines&Hdw 5000Lb Prem',\n            upc: '776113340004',\t\n            page_id_variant: '1',\n        },\n        {\n            name: 'DE3600F',\n            description: 'Whip 14' Lines&Hdw 10000Lb Prem',\n            upc: '776113360002',\n            page_id_variant: '2',  \n        },\n        {\n            name: 'DE3800F',\n            description: 'Whip 16' Lines&Hdw 20000Lb Prem',\n            upc: '776113380000',\n            page_id_variant: '3',   \n        },\n        {\n            name: 'DE3000F',\n            description: 'Mooring Whip Base c\/w T Knob Grey',\n\t    upc: '776113300022',\t\n            page_id_variant: '4',\n        },\n        {\n            name: 'DE3200RF',\n            description: 'Replacement Whip (2500 Lb) 3200',\n            upc: '776113320020',\n            page_id_variant: '5',  \n        },\n        {\n            name: 'DE3400RF',\n            description: 'Replacement Whip (5000 Lb) 3400',\n            upc: '776113340028',\n            page_id_variant: '6',   \n        },\n        {\n            name: 'DE3600RF',\n            description: 'Replacement Whip (10000Lb) 3600',\n\t    upc: '776113360026',\t\n            page_id_variant: '7',\n        },\n        {\n            name: 'DE3800RF',\n            description: 'Replacement Whip (20000Lb) 3800',\n            upc: '776113380024',\n            page_id_variant: '8',  \n        },\n        {\n            name: 'DE3900WF',\n            description: 'Mooring Whip Top 3400\/3600',\n            upc: '776113390023',\n            page_id_variant: '9',   \n        },\n        {\n            name: 'DE3905WF',\n            description: 'Mooring Whip Bottom 3600\/3800',\n\t    upc: '776113390528',\t\n            page_id_variant: '10',\n        },\n        {\n            name: 'DE3910WF',\n            description: 'Mooring Whip Bottom 3400',\n\t    upc: '776113391020',\t\n            page_id_variant: '11',\n        },\n        {\n            name: 'DE3915WF',\n            description: 'Mooring Whip Top 3800',\n\t    upc: '776113391525',\t\n            page_id_variant: '12',\n    }]\n    },\n      components: {\n    ReviewSnippet: 'pr-reviewsnippet',\n    ReviewDisplay: 'pr-reviewdisplay'\n      }\n    });\n  <\/script><\/p>\n<div id=\"pr-reviewdisplay\"><\/div>\n","protected":false},"excerpt":{"rendered":"<div id=\"pr-reviewsnippet\"><\/div>\n<p><b>CUP<\/b> <br \/>\nCes whips Premium commencent par une tige en fibre de verre solide et sont ensuite fabriqu\u00e9s en plusieurs \u00e9tapes avec une fibre de verre exclusive \u00e0 enroulement crois\u00e9 pour une rigidit\u00e9 suppl\u00e9mentaire impossible \u00e0 obtenir avec une tige solide seule. Cette fabrication en plusieurs \u00e9tapes donne \u00e0 ces whips la force et la flexibilit\u00e9 n\u00e9cessaires pour maintenir la position du bateau. Conception exclusive \u00ab\u00a0Plug &amp; Socket\u00a0\u00bb pour une s\u00e9paration rapide et facile et base en aluminium moul\u00e9 avec taquet int\u00e9gr\u00e9, anneau et vis \u00e0 oreilles. Chaque fouet comprend un embout fonctionnel et un taquet d&rsquo;amarrage pour faciliter l&rsquo;acc\u00e8s \u00e0 votre bateau. Quincaillerie de montage en acier inoxydable incluse.    <\/p>\n<p>Disponible dans les tailles 8, 12, 14 et 16 pieds pour les bateaux jusqu&rsquo;\u00e0 33 pieds et jusqu&rsquo;\u00e0 20 000 livres.<\/p>\n<p><img loading=\"lazy\" decoding=\"async\" src=\"https:\/\/dockedge.com\/wp-content\/uploads\/sites\/3\/2025\/07\/mooring_charts_pre.png\" alt=\"\" width=\"1200\" height=\"349\" class=\"alignnone size-medium wp-image-5506\"><\/p>\n","protected":false},"featured_media":7301,"template":"","meta":{"_acf_changed":false,"_et_pb_use_builder":"","_et_pb_old_content":"","_et_gb_content_width":""},"product_brand":[],"product_cat":[149],"product_tag":[],"class_list":{"0":"post-8466","1":"product","2":"type-product","3":"status-publish","4":"has-post-thumbnail","6":"product_cat-amarrage","8":"first","9":"instock","10":"shipping-taxable","11":"product-type-simple"},"yoast_head":"<!-- This site is optimized with the Yoast SEO plugin v27.0 - https:\/\/yoast.com\/product\/yoast-seo-wordpress\/ -->\n<title>Premium Mooring Whips (en anglais) - Dock Edge+<\/title>\n<meta name=\"robots\" content=\"index, follow, max-snippet:-1, max-image-preview:large, max-video-preview:-1\" \/>\n<link rel=\"canonical\" href=\"https:\/\/dockedge.thinairweb.co\/fr\/produit\/premium-mooring-whips-en-anglais\/\" \/>\n<meta property=\"og:locale\" content=\"fr_FR\" \/>\n<meta property=\"og:type\" content=\"article\" \/>\n<meta property=\"og:title\" content=\"Premium Mooring Whips (en anglais) - Dock Edge+\" \/>\n<meta property=\"og:description\" content=\"CUP Ces whips Premium commencent par une tige en fibre de verre solide et sont ensuite fabriqu\u00e9s en plusieurs \u00e9tapes avec une fibre de verre exclusive \u00e0 enroulement crois\u00e9 pour une rigidit\u00e9 suppl\u00e9mentaire impossible \u00e0 obtenir avec une tige solide seule. Cette fabrication en plusieurs \u00e9tapes donne \u00e0 ces whips la force et la flexibilit\u00e9 n\u00e9cessaires pour maintenir la position du bateau. Conception exclusive &quot;Plug &amp; Socket&quot; pour une s\u00e9paration rapide et facile et base en aluminium moul\u00e9 avec taquet int\u00e9gr\u00e9, anneau et vis \u00e0 oreilles. Chaque fouet comprend un embout fonctionnel et un taquet d&#039;amarrage pour faciliter l&#039;acc\u00e8s \u00e0 votre bateau. Quincaillerie de montage en acier inoxydable incluse.   Disponible dans les tailles 8, 12, 14 et 16 pieds pour les bateaux jusqu&#039;\u00e0 33 pieds et jusqu&#039;\u00e0 20 000 livres.\" \/>\n<meta property=\"og:url\" content=\"https:\/\/dockedge.thinairweb.co\/fr\/produit\/premium-mooring-whips-en-anglais\/\" \/>\n<meta property=\"og:site_name\" content=\"Dock Edge+\" \/>\n<meta property=\"og:image\" content=\"https:\/\/dockedge.thinairweb.co\/wp-content\/uploads\/sites\/3\/2018\/04\/3200-F.jpg\" \/>\n\t<meta property=\"og:image:width\" content=\"700\" \/>\n\t<meta property=\"og:image:height\" content=\"700\" \/>\n\t<meta property=\"og:image:type\" content=\"image\/jpeg\" \/>\n<meta name=\"twitter:card\" content=\"summary_large_image\" \/>\n<meta name=\"twitter:label1\" content=\"Dur\u00e9e de lecture estim\u00e9e\" \/>\n\t<meta name=\"twitter:data1\" content=\"1 minute\" \/>\n<script type=\"application\/ld+json\" class=\"yoast-schema-graph\">{\"@context\":\"https:\/\/schema.org\",\"@graph\":[{\"@type\":\"WebPage\",\"@id\":\"https:\/\/dockedge.thinairweb.co\/fr\/produit\/premium-mooring-whips-en-anglais\/\",\"url\":\"https:\/\/dockedge.thinairweb.co\/fr\/produit\/premium-mooring-whips-en-anglais\/\",\"name\":\"Premium Mooring Whips (en anglais) - Dock Edge+\",\"isPartOf\":{\"@id\":\"https:\/\/dockedge.thinairweb.co\/fr\/#website\"},\"primaryImageOfPage\":{\"@id\":\"https:\/\/dockedge.thinairweb.co\/fr\/produit\/premium-mooring-whips-en-anglais\/#primaryimage\"},\"image\":{\"@id\":\"https:\/\/dockedge.thinairweb.co\/fr\/produit\/premium-mooring-whips-en-anglais\/#primaryimage\"},\"thumbnailUrl\":\"https:\/\/dockedge.thinairweb.co\/wp-content\/uploads\/sites\/3\/2018\/04\/3200-F.jpg\",\"datePublished\":\"2018-04-19T22:18:41+00:00\",\"breadcrumb\":{\"@id\":\"https:\/\/dockedge.thinairweb.co\/fr\/produit\/premium-mooring-whips-en-anglais\/#breadcrumb\"},\"inLanguage\":\"fr-FR\",\"potentialAction\":[{\"@type\":\"ReadAction\",\"target\":[\"https:\/\/dockedge.thinairweb.co\/fr\/produit\/premium-mooring-whips-en-anglais\/\"]}]},{\"@type\":\"ImageObject\",\"inLanguage\":\"fr-FR\",\"@id\":\"https:\/\/dockedge.thinairweb.co\/fr\/produit\/premium-mooring-whips-en-anglais\/#primaryimage\",\"url\":\"https:\/\/dockedge.thinairweb.co\/wp-content\/uploads\/sites\/3\/2018\/04\/3200-F.jpg\",\"contentUrl\":\"https:\/\/dockedge.thinairweb.co\/wp-content\/uploads\/sites\/3\/2018\/04\/3200-F.jpg\",\"width\":700,\"height\":700,\"caption\":\"Premium Mooring Whips installed\"},{\"@type\":\"BreadcrumbList\",\"@id\":\"https:\/\/dockedge.thinairweb.co\/fr\/produit\/premium-mooring-whips-en-anglais\/#breadcrumb\",\"itemListElement\":[{\"@type\":\"ListItem\",\"position\":1,\"name\":\"Home\",\"item\":\"https:\/\/dockedge.thinairweb.co\/fr\/\"},{\"@type\":\"ListItem\",\"position\":2,\"name\":\"Boutique\",\"item\":\"https:\/\/dockedge.thinairweb.co\/fr\/boutique\/\"},{\"@type\":\"ListItem\",\"position\":3,\"name\":\"Premium Mooring Whips (en anglais)\"}]},{\"@type\":\"WebSite\",\"@id\":\"https:\/\/dockedge.thinairweb.co\/fr\/#website\",\"url\":\"https:\/\/dockedge.thinairweb.co\/fr\/\",\"name\":\"Dock Edge+\",\"description\":\"Your Dock. Your Way.\",\"potentialAction\":[{\"@type\":\"SearchAction\",\"target\":{\"@type\":\"EntryPoint\",\"urlTemplate\":\"https:\/\/dockedge.thinairweb.co\/fr\/?s={search_term_string}\"},\"query-input\":{\"@type\":\"PropertyValueSpecification\",\"valueRequired\":true,\"valueName\":\"search_term_string\"}}],\"inLanguage\":\"fr-FR\"}]}<\/script>\n<!-- \/ Yoast SEO plugin. -->","yoast_head_json":{"title":"Premium Mooring Whips (en anglais) - Dock Edge+","robots":{"index":"index","follow":"follow","max-snippet":"max-snippet:-1","max-image-preview":"max-image-preview:large","max-video-preview":"max-video-preview:-1"},"canonical":"https:\/\/dockedge.thinairweb.co\/fr\/produit\/premium-mooring-whips-en-anglais\/","og_locale":"fr_FR","og_type":"article","og_title":"Premium Mooring Whips (en anglais) - Dock Edge+","og_description":"CUP Ces whips Premium commencent par une tige en fibre de verre solide et sont ensuite fabriqu\u00e9s en plusieurs \u00e9tapes avec une fibre de verre exclusive \u00e0 enroulement crois\u00e9 pour une rigidit\u00e9 suppl\u00e9mentaire impossible \u00e0 obtenir avec une tige solide seule. Cette fabrication en plusieurs \u00e9tapes donne \u00e0 ces whips la force et la flexibilit\u00e9 n\u00e9cessaires pour maintenir la position du bateau. Conception exclusive \"Plug &amp; Socket\" pour une s\u00e9paration rapide et facile et base en aluminium moul\u00e9 avec taquet int\u00e9gr\u00e9, anneau et vis \u00e0 oreilles. Chaque fouet comprend un embout fonctionnel et un taquet d'amarrage pour faciliter l'acc\u00e8s \u00e0 votre bateau. Quincaillerie de montage en acier inoxydable incluse.   Disponible dans les tailles 8, 12, 14 et 16 pieds pour les bateaux jusqu'\u00e0 33 pieds et jusqu'\u00e0 20 000 livres.","og_url":"https:\/\/dockedge.thinairweb.co\/fr\/produit\/premium-mooring-whips-en-anglais\/","og_site_name":"Dock Edge+","og_image":[{"width":700,"height":700,"url":"https:\/\/dockedge.thinairweb.co\/wp-content\/uploads\/sites\/3\/2018\/04\/3200-F.jpg","type":"image\/jpeg"}],"twitter_card":"summary_large_image","twitter_misc":{"Dur\u00e9e de lecture estim\u00e9e":"1 minute"},"schema":{"@context":"https:\/\/schema.org","@graph":[{"@type":"WebPage","@id":"https:\/\/dockedge.thinairweb.co\/fr\/produit\/premium-mooring-whips-en-anglais\/","url":"https:\/\/dockedge.thinairweb.co\/fr\/produit\/premium-mooring-whips-en-anglais\/","name":"Premium Mooring Whips (en anglais) - Dock Edge+","isPartOf":{"@id":"https:\/\/dockedge.thinairweb.co\/fr\/#website"},"primaryImageOfPage":{"@id":"https:\/\/dockedge.thinairweb.co\/fr\/produit\/premium-mooring-whips-en-anglais\/#primaryimage"},"image":{"@id":"https:\/\/dockedge.thinairweb.co\/fr\/produit\/premium-mooring-whips-en-anglais\/#primaryimage"},"thumbnailUrl":"https:\/\/dockedge.thinairweb.co\/wp-content\/uploads\/sites\/3\/2018\/04\/3200-F.jpg","datePublished":"2018-04-19T22:18:41+00:00","breadcrumb":{"@id":"https:\/\/dockedge.thinairweb.co\/fr\/produit\/premium-mooring-whips-en-anglais\/#breadcrumb"},"inLanguage":"fr-FR","potentialAction":[{"@type":"ReadAction","target":["https:\/\/dockedge.thinairweb.co\/fr\/produit\/premium-mooring-whips-en-anglais\/"]}]},{"@type":"ImageObject","inLanguage":"fr-FR","@id":"https:\/\/dockedge.thinairweb.co\/fr\/produit\/premium-mooring-whips-en-anglais\/#primaryimage","url":"https:\/\/dockedge.thinairweb.co\/wp-content\/uploads\/sites\/3\/2018\/04\/3200-F.jpg","contentUrl":"https:\/\/dockedge.thinairweb.co\/wp-content\/uploads\/sites\/3\/2018\/04\/3200-F.jpg","width":700,"height":700,"caption":"Premium Mooring Whips installed"},{"@type":"BreadcrumbList","@id":"https:\/\/dockedge.thinairweb.co\/fr\/produit\/premium-mooring-whips-en-anglais\/#breadcrumb","itemListElement":[{"@type":"ListItem","position":1,"name":"Home","item":"https:\/\/dockedge.thinairweb.co\/fr\/"},{"@type":"ListItem","position":2,"name":"Boutique","item":"https:\/\/dockedge.thinairweb.co\/fr\/boutique\/"},{"@type":"ListItem","position":3,"name":"Premium Mooring Whips (en anglais)"}]},{"@type":"WebSite","@id":"https:\/\/dockedge.thinairweb.co\/fr\/#website","url":"https:\/\/dockedge.thinairweb.co\/fr\/","name":"Dock Edge+","description":"Your Dock. Your Way.","potentialAction":[{"@type":"SearchAction","target":{"@type":"EntryPoint","urlTemplate":"https:\/\/dockedge.thinairweb.co\/fr\/?s={search_term_string}"},"query-input":{"@type":"PropertyValueSpecification","valueRequired":true,"valueName":"search_term_string"}}],"inLanguage":"fr-FR"}]}},"acf":[],"_links":{"self":[{"href":"https:\/\/dockedge.thinairweb.co\/fr\/wp-json\/wp\/v2\/product\/8466","targetHints":{"allow":["GET"]}}],"collection":[{"href":"https:\/\/dockedge.thinairweb.co\/fr\/wp-json\/wp\/v2\/product"}],"about":[{"href":"https:\/\/dockedge.thinairweb.co\/fr\/wp-json\/wp\/v2\/types\/product"}],"wp:featuredmedia":[{"embeddable":true,"href":"https:\/\/dockedge.thinairweb.co\/fr\/wp-json\/wp\/v2\/media\/7301"}],"wp:attachment":[{"href":"https:\/\/dockedge.thinairweb.co\/fr\/wp-json\/wp\/v2\/media?parent=8466"}],"wp:term":[{"taxonomy":"product_brand","embeddable":true,"href":"https:\/\/dockedge.thinairweb.co\/fr\/wp-json\/wp\/v2\/product_brand?post=8466"},{"taxonomy":"product_cat","embeddable":true,"href":"https:\/\/dockedge.thinairweb.co\/fr\/wp-json\/wp\/v2\/product_cat?post=8466"},{"taxonomy":"product_tag","embeddable":true,"href":"https:\/\/dockedge.thinairweb.co\/fr\/wp-json\/wp\/v2\/product_tag?post=8466"}],"curies":[{"name":"wp","href":"https:\/\/api.w.org\/{rel}","templated":true}]}}