{"id":8467,"date":"2018-04-18T21:51:00","date_gmt":"2018-04-18T21:51:00","guid":{"rendered":"https:\/\/dockedge.com\/product\/lumiere-a-detecteur-de-mouvement\/"},"modified":"2018-04-18T21:51:00","modified_gmt":"2018-04-18T21:51:00","slug":"lumiere-a-detecteur-de-mouvement","status":"publish","type":"product","link":"https:\/\/dockedge.thinairweb.co\/fr\/produit\/lumiere-a-detecteur-de-mouvement\/","title":{"rendered":"LUMI\u00c8RE \u00c0 D\u00c9TECTEUR DE MOUVEMENT"},"content":{"rendered":"<table id=\"product-table\" border=\"0\" cellspacing=\"0\" cellpadding=\"15\">\n<tbody>\n<tr>\n<th>N\u00b0 de pi\u00e8ce<\/th>\n<th>Description<\/th>\n<\/tr>\n<tr>\n<td>DE96280F<\/td>\n<td>Lampe \u00e0 d\u00e9tecteur de mouvement, solaire<\/td>\n<\/tr>\n<\/tbody>\n<\/table>\n<p><script src=\"\/\/ui.powerreviews.com\/stable\/4.0\/ui.js\"><\/script><\/p>\n<p><script>\n  POWERREVIEWS.display.render({\n      api_key: 'fdb23d80-8310-4409-87f2-2ee20e24a743',\n      locale: 'en_US',\n      merchant_group_id: '78535',\n      merchant_id: '542114',\n      page_id: '3076',\n      review_wrapper_url: 'http:\/\/www.dockedge.com\/write-a-review\/?pr_page_id=___PAGE_ID___',\nstructured_data_product_id : 'http:\/\/www.dockedge.com\/product\/motion-sensor-light\/',\nproduct:{\n        name: 'MOTION SENSOR LIGHT', \n        url: 'http:\/\/www.dockedge.com\/product\/motion-sensor-light\/',\n        image_url: 'https:\/\/dockedge.com\/wp-content\/uploads\/sites\/3\/2023\/10\/MotionSensorLight.jpg',\n        description: 'Motion Sensor Lite SS Solar',\n        category_name: 'Solar Lights',\n        manufacturer_id: 'DE96280F',\n        upc: '776113962800',\n        brand_name: 'DockEdge',\n        price: '<your_product_price>',\n        in_stock: '<product_in_stock_status>',\n    },\n      components: {\n    ReviewSnippet: 'pr-reviewsnippet',\n    ReviewDisplay: 'pr-reviewdisplay'\n      }\n    });\n  <\/script><\/p>\n<div id=\"pr-reviewdisplay\"><\/div>\n","protected":false},"excerpt":{"rendered":"<div id=\"pr-reviewsnippet\"><\/div>\n<p><b>CUP<\/b> <\/p>\n<ul>\n<li>La lumi\u00e8re en acier inoxydable se monte sur les poteaux ou tout autre service vertical.<\/li>\n<li>Chargement solaire puissant<\/li>\n<li>Jusqu&rsquo;\u00e0 3 m\u00e8tres et un angle de d\u00e9tection de 90 degr\u00e9s verticalement et horizontalement<\/li>\n<li>La LED blanche s&rsquo;allume pendant 15 secondes lorsqu&rsquo;un mouvement est d\u00e9tect\u00e9.<\/li>\n<li>Le voyant bleu s&rsquo;allume en mode veille<\/li>\n<li>Batterie rechargeable rempla\u00e7able<\/li>\n<li>40 lumens (lumi\u00e8re \u00e9mise)<\/li>\n<li><a href=\"https:\/\/dockedge.com\/fr\/tableau-de-classement-ip\/\" target=\"_blank\" rel=\"noopener noreferrer\">Indice d&rsquo;\u00e9tanch\u00e9it\u00e9 IP 65<\/a><\/li>\n<\/ul>\n<p><img loading=\"lazy\" decoding=\"async\" class=\"size-full wp-image-3919 aligncenter\" src=\"https:\/\/dockedge.com\/wp-content\/uploads\/sites\/3\/2023\/10\/DE96280F_icon.png\" alt=\"\" width=\"506\" height=\"73\"><\/p>\n","protected":false},"featured_media":7967,"template":"","meta":{"_acf_changed":false,"_et_pb_use_builder":"","_et_pb_old_content":"","_et_gb_content_width":""},"product_brand":[],"product_cat":[183],"product_tag":[],"class_list":{"0":"post-8467","1":"product","2":"type-product","3":"status-publish","4":"has-post-thumbnail","6":"product_cat-lampes-solaires","8":"first","9":"instock","10":"shipping-taxable","11":"product-type-simple"},"yoast_head":"<!-- This site is optimized with the Yoast SEO plugin v27.0 - https:\/\/yoast.com\/product\/yoast-seo-wordpress\/ -->\n<title>LUMI\u00c8RE \u00c0 D\u00c9TECTEUR DE MOUVEMENT - Dock Edge+<\/title>\n<meta name=\"robots\" content=\"index, follow, max-snippet:-1, max-image-preview:large, max-video-preview:-1\" \/>\n<link rel=\"canonical\" href=\"https:\/\/dockedge.thinairweb.co\/fr\/produit\/lumiere-a-detecteur-de-mouvement\/\" \/>\n<meta property=\"og:locale\" content=\"fr_FR\" \/>\n<meta property=\"og:type\" content=\"article\" \/>\n<meta property=\"og:title\" content=\"LUMI\u00c8RE \u00c0 D\u00c9TECTEUR DE MOUVEMENT - Dock Edge+\" \/>\n<meta property=\"og:description\" content=\"CUP   La lumi\u00e8re en acier inoxydable se monte sur les poteaux ou tout autre service vertical.  Chargement solaire puissant  Jusqu&#039;\u00e0 3 m\u00e8tres et un angle de d\u00e9tection de 90 degr\u00e9s verticalement et horizontalement  La LED blanche s&#039;allume pendant 15 secondes lorsqu&#039;un mouvement est d\u00e9tect\u00e9.  Le voyant bleu s&#039;allume en mode veille  Batterie rechargeable rempla\u00e7able  40 lumens (lumi\u00e8re \u00e9mise)  Indice d&#039;\u00e9tanch\u00e9it\u00e9 IP 65\" \/>\n<meta property=\"og:url\" content=\"https:\/\/dockedge.thinairweb.co\/fr\/produit\/lumiere-a-detecteur-de-mouvement\/\" \/>\n<meta property=\"og:site_name\" content=\"Dock Edge+\" \/>\n<meta property=\"og:image\" content=\"https:\/\/dockedge.thinairweb.co\/wp-content\/uploads\/sites\/3\/2023\/10\/MotionSensorLight.jpg\" \/>\n\t<meta property=\"og:image:width\" content=\"700\" \/>\n\t<meta property=\"og:image:height\" content=\"700\" \/>\n\t<meta property=\"og:image:type\" content=\"image\/jpeg\" \/>\n<meta name=\"twitter:card\" content=\"summary_large_image\" \/>\n<script type=\"application\/ld+json\" class=\"yoast-schema-graph\">{\"@context\":\"https:\/\/schema.org\",\"@graph\":[{\"@type\":\"WebPage\",\"@id\":\"https:\/\/dockedge.thinairweb.co\/fr\/produit\/lumiere-a-detecteur-de-mouvement\/\",\"url\":\"https:\/\/dockedge.thinairweb.co\/fr\/produit\/lumiere-a-detecteur-de-mouvement\/\",\"name\":\"LUMI\u00c8RE \u00c0 D\u00c9TECTEUR DE MOUVEMENT - Dock Edge+\",\"isPartOf\":{\"@id\":\"https:\/\/dockedge.thinairweb.co\/fr\/#website\"},\"primaryImageOfPage\":{\"@id\":\"https:\/\/dockedge.thinairweb.co\/fr\/produit\/lumiere-a-detecteur-de-mouvement\/#primaryimage\"},\"image\":{\"@id\":\"https:\/\/dockedge.thinairweb.co\/fr\/produit\/lumiere-a-detecteur-de-mouvement\/#primaryimage\"},\"thumbnailUrl\":\"https:\/\/dockedge.thinairweb.co\/wp-content\/uploads\/sites\/3\/2023\/10\/MotionSensorLight.jpg\",\"datePublished\":\"2018-04-18T21:51:00+00:00\",\"breadcrumb\":{\"@id\":\"https:\/\/dockedge.thinairweb.co\/fr\/produit\/lumiere-a-detecteur-de-mouvement\/#breadcrumb\"},\"inLanguage\":\"fr-FR\",\"potentialAction\":[{\"@type\":\"ReadAction\",\"target\":[\"https:\/\/dockedge.thinairweb.co\/fr\/produit\/lumiere-a-detecteur-de-mouvement\/\"]}]},{\"@type\":\"ImageObject\",\"inLanguage\":\"fr-FR\",\"@id\":\"https:\/\/dockedge.thinairweb.co\/fr\/produit\/lumiere-a-detecteur-de-mouvement\/#primaryimage\",\"url\":\"https:\/\/dockedge.thinairweb.co\/wp-content\/uploads\/sites\/3\/2023\/10\/MotionSensorLight.jpg\",\"contentUrl\":\"https:\/\/dockedge.thinairweb.co\/wp-content\/uploads\/sites\/3\/2023\/10\/MotionSensorLight.jpg\",\"width\":700,\"height\":700,\"caption\":\"Motion Sensor Light\"},{\"@type\":\"BreadcrumbList\",\"@id\":\"https:\/\/dockedge.thinairweb.co\/fr\/produit\/lumiere-a-detecteur-de-mouvement\/#breadcrumb\",\"itemListElement\":[{\"@type\":\"ListItem\",\"position\":1,\"name\":\"Home\",\"item\":\"https:\/\/dockedge.thinairweb.co\/fr\/\"},{\"@type\":\"ListItem\",\"position\":2,\"name\":\"Boutique\",\"item\":\"https:\/\/dockedge.thinairweb.co\/fr\/boutique\/\"},{\"@type\":\"ListItem\",\"position\":3,\"name\":\"LUMI\u00c8RE \u00c0 D\u00c9TECTEUR DE MOUVEMENT\"}]},{\"@type\":\"WebSite\",\"@id\":\"https:\/\/dockedge.thinairweb.co\/fr\/#website\",\"url\":\"https:\/\/dockedge.thinairweb.co\/fr\/\",\"name\":\"Dock Edge+\",\"description\":\"Your Dock. Your Way.\",\"potentialAction\":[{\"@type\":\"SearchAction\",\"target\":{\"@type\":\"EntryPoint\",\"urlTemplate\":\"https:\/\/dockedge.thinairweb.co\/fr\/?s={search_term_string}\"},\"query-input\":{\"@type\":\"PropertyValueSpecification\",\"valueRequired\":true,\"valueName\":\"search_term_string\"}}],\"inLanguage\":\"fr-FR\"}]}<\/script>\n<!-- \/ Yoast SEO plugin. -->","yoast_head_json":{"title":"LUMI\u00c8RE \u00c0 D\u00c9TECTEUR DE MOUVEMENT - Dock Edge+","robots":{"index":"index","follow":"follow","max-snippet":"max-snippet:-1","max-image-preview":"max-image-preview:large","max-video-preview":"max-video-preview:-1"},"canonical":"https:\/\/dockedge.thinairweb.co\/fr\/produit\/lumiere-a-detecteur-de-mouvement\/","og_locale":"fr_FR","og_type":"article","og_title":"LUMI\u00c8RE \u00c0 D\u00c9TECTEUR DE MOUVEMENT - Dock Edge+","og_description":"CUP   La lumi\u00e8re en acier inoxydable se monte sur les poteaux ou tout autre service vertical.  Chargement solaire puissant  Jusqu'\u00e0 3 m\u00e8tres et un angle de d\u00e9tection de 90 degr\u00e9s verticalement et horizontalement  La LED blanche s'allume pendant 15 secondes lorsqu'un mouvement est d\u00e9tect\u00e9.  Le voyant bleu s'allume en mode veille  Batterie rechargeable rempla\u00e7able  40 lumens (lumi\u00e8re \u00e9mise)  Indice d'\u00e9tanch\u00e9it\u00e9 IP 65","og_url":"https:\/\/dockedge.thinairweb.co\/fr\/produit\/lumiere-a-detecteur-de-mouvement\/","og_site_name":"Dock Edge+","og_image":[{"width":700,"height":700,"url":"https:\/\/dockedge.thinairweb.co\/wp-content\/uploads\/sites\/3\/2023\/10\/MotionSensorLight.jpg","type":"image\/jpeg"}],"twitter_card":"summary_large_image","schema":{"@context":"https:\/\/schema.org","@graph":[{"@type":"WebPage","@id":"https:\/\/dockedge.thinairweb.co\/fr\/produit\/lumiere-a-detecteur-de-mouvement\/","url":"https:\/\/dockedge.thinairweb.co\/fr\/produit\/lumiere-a-detecteur-de-mouvement\/","name":"LUMI\u00c8RE \u00c0 D\u00c9TECTEUR DE MOUVEMENT - Dock Edge+","isPartOf":{"@id":"https:\/\/dockedge.thinairweb.co\/fr\/#website"},"primaryImageOfPage":{"@id":"https:\/\/dockedge.thinairweb.co\/fr\/produit\/lumiere-a-detecteur-de-mouvement\/#primaryimage"},"image":{"@id":"https:\/\/dockedge.thinairweb.co\/fr\/produit\/lumiere-a-detecteur-de-mouvement\/#primaryimage"},"thumbnailUrl":"https:\/\/dockedge.thinairweb.co\/wp-content\/uploads\/sites\/3\/2023\/10\/MotionSensorLight.jpg","datePublished":"2018-04-18T21:51:00+00:00","breadcrumb":{"@id":"https:\/\/dockedge.thinairweb.co\/fr\/produit\/lumiere-a-detecteur-de-mouvement\/#breadcrumb"},"inLanguage":"fr-FR","potentialAction":[{"@type":"ReadAction","target":["https:\/\/dockedge.thinairweb.co\/fr\/produit\/lumiere-a-detecteur-de-mouvement\/"]}]},{"@type":"ImageObject","inLanguage":"fr-FR","@id":"https:\/\/dockedge.thinairweb.co\/fr\/produit\/lumiere-a-detecteur-de-mouvement\/#primaryimage","url":"https:\/\/dockedge.thinairweb.co\/wp-content\/uploads\/sites\/3\/2023\/10\/MotionSensorLight.jpg","contentUrl":"https:\/\/dockedge.thinairweb.co\/wp-content\/uploads\/sites\/3\/2023\/10\/MotionSensorLight.jpg","width":700,"height":700,"caption":"Motion Sensor Light"},{"@type":"BreadcrumbList","@id":"https:\/\/dockedge.thinairweb.co\/fr\/produit\/lumiere-a-detecteur-de-mouvement\/#breadcrumb","itemListElement":[{"@type":"ListItem","position":1,"name":"Home","item":"https:\/\/dockedge.thinairweb.co\/fr\/"},{"@type":"ListItem","position":2,"name":"Boutique","item":"https:\/\/dockedge.thinairweb.co\/fr\/boutique\/"},{"@type":"ListItem","position":3,"name":"LUMI\u00c8RE \u00c0 D\u00c9TECTEUR DE MOUVEMENT"}]},{"@type":"WebSite","@id":"https:\/\/dockedge.thinairweb.co\/fr\/#website","url":"https:\/\/dockedge.thinairweb.co\/fr\/","name":"Dock Edge+","description":"Your Dock. Your Way.","potentialAction":[{"@type":"SearchAction","target":{"@type":"EntryPoint","urlTemplate":"https:\/\/dockedge.thinairweb.co\/fr\/?s={search_term_string}"},"query-input":{"@type":"PropertyValueSpecification","valueRequired":true,"valueName":"search_term_string"}}],"inLanguage":"fr-FR"}]}},"acf":[],"_links":{"self":[{"href":"https:\/\/dockedge.thinairweb.co\/fr\/wp-json\/wp\/v2\/product\/8467","targetHints":{"allow":["GET"]}}],"collection":[{"href":"https:\/\/dockedge.thinairweb.co\/fr\/wp-json\/wp\/v2\/product"}],"about":[{"href":"https:\/\/dockedge.thinairweb.co\/fr\/wp-json\/wp\/v2\/types\/product"}],"wp:featuredmedia":[{"embeddable":true,"href":"https:\/\/dockedge.thinairweb.co\/fr\/wp-json\/wp\/v2\/media\/7967"}],"wp:attachment":[{"href":"https:\/\/dockedge.thinairweb.co\/fr\/wp-json\/wp\/v2\/media?parent=8467"}],"wp:term":[{"taxonomy":"product_brand","embeddable":true,"href":"https:\/\/dockedge.thinairweb.co\/fr\/wp-json\/wp\/v2\/product_brand?post=8467"},{"taxonomy":"product_cat","embeddable":true,"href":"https:\/\/dockedge.thinairweb.co\/fr\/wp-json\/wp\/v2\/product_cat?post=8467"},{"taxonomy":"product_tag","embeddable":true,"href":"https:\/\/dockedge.thinairweb.co\/fr\/wp-json\/wp\/v2\/product_tag?post=8467"}],"curies":[{"name":"wp","href":"https:\/\/api.w.org\/{rel}","templated":true}]}}