{"id":8468,"date":"2018-04-18T20:16:39","date_gmt":"2018-04-18T20:16:39","guid":{"rendered":"https:\/\/dockedge.com\/product\/standard-d\/"},"modified":"2018-04-18T20:16:39","modified_gmt":"2018-04-18T20:16:39","slug":"standard-d","status":"publish","type":"product","link":"https:\/\/dockedge.thinairweb.co\/fr\/produit\/standard-d\/","title":{"rendered":"STANDARD \u00ab\u00a0D\u00a0\u00bb"},"content":{"rendered":"<table id=\"product-table\" cellpadding=\"15\" cellspacing=\"0\" border=\"0\">\n<tbody>\n<tr>\n<th>N\u00b0 de pi\u00e8ce<\/th>\n<th>Description<\/th>\n<\/tr>\n<tr>\n<td>DE1190F<\/td>\n<td>Profil \u00ab\u00a0D\u00a0\u00bb blanc, (16 Ft\/Rouleau) \u2021<\/td>\n<\/tr>\n<tr>\n<td>DE1191F<\/td>\n<td>Profil \u00ab\u00a0D\u00a0\u00bb beige, (16 Ft\/Rouleau) \u2021<\/td>\n<\/tr>\n<tr>\n<td>DE1192F<\/td>\n<td>Profil \u00ab\u00a0D\u00a0\u00bb gris, (16 Ft\/Rouleau) \u2021<\/td>\n<\/tr>\n<tr>\n<td>DE1193F<\/td>\n<td>Profil \u00ab\u00a0D\u00a0\u00bb noir, (16 Ft\/Rouleau) \u2021<\/td>\n<\/tr>\n<\/tbody>\n<\/table>\n<p><script src=\"\/\/ui.powerreviews.com\/stable\/4.0\/ui.js\"><\/script><\/p>\n<p><script>\n  POWERREVIEWS.display.render({\n      api_key: 'fdb23d80-8310-4409-87f2-2ee20e24a743',\n      locale: 'en_US',\n      merchant_group_id: '78535',\n      merchant_id: '542114',\n      page_id: '3057',\n      review_wrapper_url: 'http:\/\/www.dockedge.com\/write-a-review\/?pr_page_id=___PAGE_ID___',\nstructured_data_product_id : 'http:\/\/www.dockedge.com\/product\/standard-d\/',\nproduct:{\n        name: 'STANDARD \"D\"', \n        url: 'http:\/\/www.dockedge.com\/product\/standard-d\/',\n        image_url: 'http:\/\/www.dockedge.com\/wp-content\/uploads\/sites\/3\/2018\/04\/standard-d.jpg',\n        description: '\"D\" Profile (16Ft\/Roll) WH',\n        category_name: 'Standard Heavy Duty',\n        manufacturer_id: 'DE1190F',\n        upc: '776113119006',\n        brand_name: 'Dockedge',\n        price: '<your_product_price>',\n        in_stock: '<product_in_stock_status>',\n        variants: [{\n            name: 'DE1191F',\n            description: '\"D\" Profile (16Ft\/Roll) BE',\n\t    upc: '776113119105',\t\n            page_id_variant: '1',\n        },\n        {\n            name: 'DE1192F',\n            description: '\"D\" Profile (16Ft\/Roll) GY',\n            upc: '776113119204',\n            page_id_variant: '2',  \n        },\n        {\n            name: 'DE1193F',\n            description: '\"D\" Profile (16Ft\/Roll) BK',\n            upc: '776113119303',\n            page_id_variant: '3',   \n    }]\n    },\n      components: {\n    ReviewSnippet: 'pr-reviewsnippet',\n    ReviewDisplay: 'pr-reviewdisplay'\n      }\n    });\n  <\/script><\/p>\n<div id=\"pr-reviewdisplay\"><\/div>\n","protected":false},"excerpt":{"rendered":"<div id=\"pr-reviewsnippet\"><\/div>\n<p><b>CUP<\/b> <br \/>\nCe profil\u00e9 polyvalent et solide sans rebord peut \u00eatre mont\u00e9 verticalement ou horizontalement n&rsquo;importe o\u00f9 sur la face du quai. Id\u00e9al pour les pilotis \u00e9galement. Fabriqu\u00e9 en PVC de qualit\u00e9 marine avec des inhibiteurs d&rsquo;UV et des fongicides. Emball\u00e9 en rouleaux faciles \u00e0 utiliser pour r\u00e9duire le nombre de joints.   <\/p>\n","protected":false},"featured_media":7604,"template":"","meta":{"_acf_changed":false,"_et_pb_use_builder":"","_et_pb_old_content":"","_et_gb_content_width":""},"product_brand":[],"product_cat":[184],"product_tag":[],"class_list":{"0":"post-8468","1":"product","2":"type-product","3":"status-publish","4":"has-post-thumbnail","6":"product_cat-profiles-pvc-standard","8":"first","9":"instock","10":"shipping-taxable","11":"product-type-simple"},"yoast_head":"<!-- This site is optimized with the Yoast SEO plugin v27.0 - https:\/\/yoast.com\/product\/yoast-seo-wordpress\/ -->\n<title>STANDARD &quot;D&quot; - Dock Edge+<\/title>\n<meta name=\"robots\" content=\"index, follow, max-snippet:-1, max-image-preview:large, max-video-preview:-1\" \/>\n<link rel=\"canonical\" href=\"https:\/\/dockedge.thinairweb.co\/fr\/produit\/standard-d\/\" \/>\n<meta property=\"og:locale\" content=\"fr_FR\" \/>\n<meta property=\"og:type\" content=\"article\" \/>\n<meta property=\"og:title\" content=\"STANDARD &quot;D&quot; - Dock Edge+\" \/>\n<meta property=\"og:description\" content=\"CUP Ce profil\u00e9 polyvalent et solide sans rebord peut \u00eatre mont\u00e9 verticalement ou horizontalement n&#039;importe o\u00f9 sur la face du quai. Id\u00e9al pour les pilotis \u00e9galement. Fabriqu\u00e9 en PVC de qualit\u00e9 marine avec des inhibiteurs d&#039;UV et des fongicides. Emball\u00e9 en rouleaux faciles \u00e0 utiliser pour r\u00e9duire le nombre de joints.\" \/>\n<meta property=\"og:url\" content=\"https:\/\/dockedge.thinairweb.co\/fr\/produit\/standard-d\/\" \/>\n<meta property=\"og:site_name\" content=\"Dock Edge+\" \/>\n<meta property=\"og:image\" content=\"https:\/\/dockedge.thinairweb.co\/wp-content\/uploads\/sites\/3\/2018\/04\/DE1190F.jpg\" \/>\n\t<meta property=\"og:image:width\" content=\"862\" \/>\n\t<meta property=\"og:image:height\" content=\"700\" \/>\n\t<meta property=\"og:image:type\" content=\"image\/jpeg\" \/>\n<meta name=\"twitter:card\" content=\"summary_large_image\" \/>\n<script type=\"application\/ld+json\" class=\"yoast-schema-graph\">{\"@context\":\"https:\/\/schema.org\",\"@graph\":[{\"@type\":\"WebPage\",\"@id\":\"https:\/\/dockedge.thinairweb.co\/fr\/produit\/standard-d\/\",\"url\":\"https:\/\/dockedge.thinairweb.co\/fr\/produit\/standard-d\/\",\"name\":\"STANDARD \\\"D\\\" - Dock Edge+\",\"isPartOf\":{\"@id\":\"https:\/\/dockedge.thinairweb.co\/fr\/#website\"},\"primaryImageOfPage\":{\"@id\":\"https:\/\/dockedge.thinairweb.co\/fr\/produit\/standard-d\/#primaryimage\"},\"image\":{\"@id\":\"https:\/\/dockedge.thinairweb.co\/fr\/produit\/standard-d\/#primaryimage\"},\"thumbnailUrl\":\"https:\/\/dockedge.thinairweb.co\/wp-content\/uploads\/sites\/3\/2018\/04\/DE1190F.jpg\",\"datePublished\":\"2018-04-18T20:16:39+00:00\",\"breadcrumb\":{\"@id\":\"https:\/\/dockedge.thinairweb.co\/fr\/produit\/standard-d\/#breadcrumb\"},\"inLanguage\":\"fr-FR\",\"potentialAction\":[{\"@type\":\"ReadAction\",\"target\":[\"https:\/\/dockedge.thinairweb.co\/fr\/produit\/standard-d\/\"]}]},{\"@type\":\"ImageObject\",\"inLanguage\":\"fr-FR\",\"@id\":\"https:\/\/dockedge.thinairweb.co\/fr\/produit\/standard-d\/#primaryimage\",\"url\":\"https:\/\/dockedge.thinairweb.co\/wp-content\/uploads\/sites\/3\/2018\/04\/DE1190F.jpg\",\"contentUrl\":\"https:\/\/dockedge.thinairweb.co\/wp-content\/uploads\/sites\/3\/2018\/04\/DE1190F.jpg\",\"width\":862,\"height\":700,\"caption\":\"Standard D Profile in white, installed\"},{\"@type\":\"BreadcrumbList\",\"@id\":\"https:\/\/dockedge.thinairweb.co\/fr\/produit\/standard-d\/#breadcrumb\",\"itemListElement\":[{\"@type\":\"ListItem\",\"position\":1,\"name\":\"Home\",\"item\":\"https:\/\/dockedge.thinairweb.co\/fr\/\"},{\"@type\":\"ListItem\",\"position\":2,\"name\":\"Boutique\",\"item\":\"https:\/\/dockedge.thinairweb.co\/fr\/boutique\/\"},{\"@type\":\"ListItem\",\"position\":3,\"name\":\"STANDARD \u00ab\u00a0D\u00a0\u00bb\"}]},{\"@type\":\"WebSite\",\"@id\":\"https:\/\/dockedge.thinairweb.co\/fr\/#website\",\"url\":\"https:\/\/dockedge.thinairweb.co\/fr\/\",\"name\":\"Dock Edge+\",\"description\":\"Your Dock. Your Way.\",\"potentialAction\":[{\"@type\":\"SearchAction\",\"target\":{\"@type\":\"EntryPoint\",\"urlTemplate\":\"https:\/\/dockedge.thinairweb.co\/fr\/?s={search_term_string}\"},\"query-input\":{\"@type\":\"PropertyValueSpecification\",\"valueRequired\":true,\"valueName\":\"search_term_string\"}}],\"inLanguage\":\"fr-FR\"}]}<\/script>\n<!-- \/ Yoast SEO plugin. -->","yoast_head_json":{"title":"STANDARD \"D\" - Dock Edge+","robots":{"index":"index","follow":"follow","max-snippet":"max-snippet:-1","max-image-preview":"max-image-preview:large","max-video-preview":"max-video-preview:-1"},"canonical":"https:\/\/dockedge.thinairweb.co\/fr\/produit\/standard-d\/","og_locale":"fr_FR","og_type":"article","og_title":"STANDARD \"D\" - Dock Edge+","og_description":"CUP Ce profil\u00e9 polyvalent et solide sans rebord peut \u00eatre mont\u00e9 verticalement ou horizontalement n'importe o\u00f9 sur la face du quai. Id\u00e9al pour les pilotis \u00e9galement. Fabriqu\u00e9 en PVC de qualit\u00e9 marine avec des inhibiteurs d'UV et des fongicides. Emball\u00e9 en rouleaux faciles \u00e0 utiliser pour r\u00e9duire le nombre de joints.","og_url":"https:\/\/dockedge.thinairweb.co\/fr\/produit\/standard-d\/","og_site_name":"Dock Edge+","og_image":[{"width":862,"height":700,"url":"https:\/\/dockedge.thinairweb.co\/wp-content\/uploads\/sites\/3\/2018\/04\/DE1190F.jpg","type":"image\/jpeg"}],"twitter_card":"summary_large_image","schema":{"@context":"https:\/\/schema.org","@graph":[{"@type":"WebPage","@id":"https:\/\/dockedge.thinairweb.co\/fr\/produit\/standard-d\/","url":"https:\/\/dockedge.thinairweb.co\/fr\/produit\/standard-d\/","name":"STANDARD \"D\" - Dock Edge+","isPartOf":{"@id":"https:\/\/dockedge.thinairweb.co\/fr\/#website"},"primaryImageOfPage":{"@id":"https:\/\/dockedge.thinairweb.co\/fr\/produit\/standard-d\/#primaryimage"},"image":{"@id":"https:\/\/dockedge.thinairweb.co\/fr\/produit\/standard-d\/#primaryimage"},"thumbnailUrl":"https:\/\/dockedge.thinairweb.co\/wp-content\/uploads\/sites\/3\/2018\/04\/DE1190F.jpg","datePublished":"2018-04-18T20:16:39+00:00","breadcrumb":{"@id":"https:\/\/dockedge.thinairweb.co\/fr\/produit\/standard-d\/#breadcrumb"},"inLanguage":"fr-FR","potentialAction":[{"@type":"ReadAction","target":["https:\/\/dockedge.thinairweb.co\/fr\/produit\/standard-d\/"]}]},{"@type":"ImageObject","inLanguage":"fr-FR","@id":"https:\/\/dockedge.thinairweb.co\/fr\/produit\/standard-d\/#primaryimage","url":"https:\/\/dockedge.thinairweb.co\/wp-content\/uploads\/sites\/3\/2018\/04\/DE1190F.jpg","contentUrl":"https:\/\/dockedge.thinairweb.co\/wp-content\/uploads\/sites\/3\/2018\/04\/DE1190F.jpg","width":862,"height":700,"caption":"Standard D Profile in white, installed"},{"@type":"BreadcrumbList","@id":"https:\/\/dockedge.thinairweb.co\/fr\/produit\/standard-d\/#breadcrumb","itemListElement":[{"@type":"ListItem","position":1,"name":"Home","item":"https:\/\/dockedge.thinairweb.co\/fr\/"},{"@type":"ListItem","position":2,"name":"Boutique","item":"https:\/\/dockedge.thinairweb.co\/fr\/boutique\/"},{"@type":"ListItem","position":3,"name":"STANDARD \u00ab\u00a0D\u00a0\u00bb"}]},{"@type":"WebSite","@id":"https:\/\/dockedge.thinairweb.co\/fr\/#website","url":"https:\/\/dockedge.thinairweb.co\/fr\/","name":"Dock Edge+","description":"Your Dock. Your Way.","potentialAction":[{"@type":"SearchAction","target":{"@type":"EntryPoint","urlTemplate":"https:\/\/dockedge.thinairweb.co\/fr\/?s={search_term_string}"},"query-input":{"@type":"PropertyValueSpecification","valueRequired":true,"valueName":"search_term_string"}}],"inLanguage":"fr-FR"}]}},"acf":[],"_links":{"self":[{"href":"https:\/\/dockedge.thinairweb.co\/fr\/wp-json\/wp\/v2\/product\/8468","targetHints":{"allow":["GET"]}}],"collection":[{"href":"https:\/\/dockedge.thinairweb.co\/fr\/wp-json\/wp\/v2\/product"}],"about":[{"href":"https:\/\/dockedge.thinairweb.co\/fr\/wp-json\/wp\/v2\/types\/product"}],"wp:featuredmedia":[{"embeddable":true,"href":"https:\/\/dockedge.thinairweb.co\/fr\/wp-json\/wp\/v2\/media\/7604"}],"wp:attachment":[{"href":"https:\/\/dockedge.thinairweb.co\/fr\/wp-json\/wp\/v2\/media?parent=8468"}],"wp:term":[{"taxonomy":"product_brand","embeddable":true,"href":"https:\/\/dockedge.thinairweb.co\/fr\/wp-json\/wp\/v2\/product_brand?post=8468"},{"taxonomy":"product_cat","embeddable":true,"href":"https:\/\/dockedge.thinairweb.co\/fr\/wp-json\/wp\/v2\/product_cat?post=8468"},{"taxonomy":"product_tag","embeddable":true,"href":"https:\/\/dockedge.thinairweb.co\/fr\/wp-json\/wp\/v2\/product_tag?post=8468"}],"curies":[{"name":"wp","href":"https:\/\/api.w.org\/{rel}","templated":true}]}}