{"id":8469,"date":"2018-04-18T21:49:11","date_gmt":"2018-04-18T21:49:11","guid":{"rendered":"https:\/\/dockedge.com\/product\/lampe-a-montage-lateral\/"},"modified":"2018-04-18T21:49:11","modified_gmt":"2018-04-18T21:49:11","slug":"lampe-a-montage-lateral","status":"publish","type":"product","link":"https:\/\/dockedge.thinairweb.co\/fr\/produit\/lampe-a-montage-lateral\/","title":{"rendered":"LAMPE \u00c0 MONTAGE LAT\u00c9RAL"},"content":{"rendered":"<table id=\"product-table\" border=\"0\" cellspacing=\"0\" cellpadding=\"15\">\n<tbody>\n<tr>\n<th>N\u00b0 de pi\u00e8ce<\/th>\n<th>Description<\/th>\n<\/tr>\n<tr>\n<td>DE96272F<\/td>\n<td>Lampe \u00e0 montage lat\u00e9ral, solaire<\/td>\n<\/tr>\n<\/tbody>\n<\/table>\n<p><script src=\"\/\/ui.powerreviews.com\/stable\/4.0\/ui.js\"><\/script><\/p>\n<p><script>\n  POWERREVIEWS.display.render({\n      api_key: 'fdb23d80-8310-4409-87f2-2ee20e24a743',\n      locale: 'en_US',\n      merchant_group_id: '78535',\n      merchant_id: '542114',\n      page_id: '3075',\n      review_wrapper_url: 'http:\/\/www.dockedge.com\/write-a-review\/?pr_page_id=___PAGE_ID___',\nstructured_data_product_id : 'http:\/\/www.dockedge.com\/product\/side-mount-light\/',\nproduct:{\n        name: 'Side Mount Light', \n        url: 'http:\/\/www.dockedge.com\/product\/side-mount-light\/',\n        image_url: 'http:\/\/www.dockedge.com\/wp-content\/uploads\/sites\/3\/2018\/04\/SideMountLight.jpg',\n        description: 'Side Mount Light Solar',\n        category_name: 'Solar Lights',\n        manufacturer_id: 'DE96272F',\n        upc: '776113962725',\n        brand_name: 'DockEdge',\n        price: '<your_product_price>',\n        in_stock: '<product_in_stock_status>',\n    },\n      components: {\n    ReviewSnippet: 'pr-reviewsnippet',\n    ReviewDisplay: 'pr-reviewdisplay'\n      }\n    });\n  <\/script><\/p>\n<div id=\"pr-reviewdisplay\"><\/div>\n","protected":false},"excerpt":{"rendered":"<div id=\"pr-reviewsnippet\"><\/div>\n<p><b>CUP<\/b> <br \/>\nLe Side Mount Lite est id\u00e9al pour tous les endroits o\u00f9 il est souhaitable d&rsquo;avoir une lumi\u00e8re projet\u00e9e, comme les all\u00e9es, les entr\u00e9es, pour \u00e9clairer le num\u00e9ro de votre maison ou les endroits difficiles \u00e0 atteindre avec une prise \u00e9lectrique, comme un hangar ou un garage.<\/p>\n<ul>\n<li>Id\u00e9al pour la maison, le chalet, la terrasse ou le quai<\/li>\n<li>Petit, compact, durable et attrayant<\/li>\n<li>Aucun c\u00e2blage n&rsquo;est n\u00e9cessaire<\/li>\n<li>Activation automatique \u00e0 la tomb\u00e9e de la nuit<\/li>\n<li><a href=\"https:\/\/dockedge.com\/fr\/tableau-de-classement-ip\/\" target=\"_blank\" rel=\"noopener noreferrer\">Indice d&rsquo;\u00e9tanch\u00e9it\u00e9 IP 65<\/a><\/li>\n<\/li>\n<p><img loading=\"lazy\" decoding=\"async\" class=\"size-full wp-image-3918 aligncenter\" src=\"https:\/\/dockedge.com\/wp-content\/uploads\/sites\/3\/2022\/12\/DE96272F_icon.png\" alt=\"\" width=\"505\" height=\"73\"><\/p>\n","protected":false},"featured_media":7106,"template":"","meta":{"_acf_changed":false,"_et_pb_use_builder":"","_et_pb_old_content":"","_et_gb_content_width":""},"product_brand":[],"product_cat":[183],"product_tag":[],"class_list":{"0":"post-8469","1":"product","2":"type-product","3":"status-publish","4":"has-post-thumbnail","6":"product_cat-lampes-solaires","8":"first","9":"instock","10":"shipping-taxable","11":"product-type-simple"},"yoast_head":"<!-- This site is optimized with the Yoast SEO plugin v27.0 - https:\/\/yoast.com\/product\/yoast-seo-wordpress\/ -->\n<title>LAMPE \u00c0 MONTAGE LAT\u00c9RAL - Dock Edge+<\/title>\n<meta name=\"robots\" content=\"index, follow, max-snippet:-1, max-image-preview:large, max-video-preview:-1\" \/>\n<link rel=\"canonical\" href=\"https:\/\/dockedge.thinairweb.co\/fr\/produit\/lampe-a-montage-lateral\/\" \/>\n<meta property=\"og:locale\" content=\"fr_FR\" \/>\n<meta property=\"og:type\" content=\"article\" \/>\n<meta property=\"og:title\" content=\"LAMPE \u00c0 MONTAGE LAT\u00c9RAL - Dock Edge+\" \/>\n<meta property=\"og:description\" content=\"CUP Le Side Mount Lite est id\u00e9al pour tous les endroits o\u00f9 il est souhaitable d&#039;avoir une lumi\u00e8re projet\u00e9e, comme les all\u00e9es, les entr\u00e9es, pour \u00e9clairer le num\u00e9ro de votre maison ou les endroits difficiles \u00e0 atteindre avec une prise \u00e9lectrique, comme un hangar ou un garage.   Id\u00e9al pour la maison, le chalet, la terrasse ou le quai  Petit, compact, durable et attrayant  Aucun c\u00e2blage n&#039;est n\u00e9cessaire  Activation automatique \u00e0 la tomb\u00e9e de la nuit  Indice d&#039;\u00e9tanch\u00e9it\u00e9 IP 65\" \/>\n<meta property=\"og:url\" content=\"https:\/\/dockedge.thinairweb.co\/fr\/produit\/lampe-a-montage-lateral\/\" \/>\n<meta property=\"og:site_name\" content=\"Dock Edge+\" \/>\n<meta property=\"og:image\" content=\"https:\/\/dockedge.thinairweb.co\/wp-content\/uploads\/sites\/3\/2018\/04\/SideMountLight.jpg\" \/>\n\t<meta property=\"og:image:width\" content=\"500\" \/>\n\t<meta property=\"og:image:height\" content=\"450\" \/>\n\t<meta property=\"og:image:type\" content=\"image\/jpeg\" \/>\n<meta name=\"twitter:card\" content=\"summary_large_image\" \/>\n<script type=\"application\/ld+json\" class=\"yoast-schema-graph\">{\"@context\":\"https:\/\/schema.org\",\"@graph\":[{\"@type\":\"WebPage\",\"@id\":\"https:\/\/dockedge.thinairweb.co\/fr\/produit\/lampe-a-montage-lateral\/\",\"url\":\"https:\/\/dockedge.thinairweb.co\/fr\/produit\/lampe-a-montage-lateral\/\",\"name\":\"LAMPE \u00c0 MONTAGE LAT\u00c9RAL - Dock Edge+\",\"isPartOf\":{\"@id\":\"https:\/\/dockedge.thinairweb.co\/fr\/#website\"},\"primaryImageOfPage\":{\"@id\":\"https:\/\/dockedge.thinairweb.co\/fr\/produit\/lampe-a-montage-lateral\/#primaryimage\"},\"image\":{\"@id\":\"https:\/\/dockedge.thinairweb.co\/fr\/produit\/lampe-a-montage-lateral\/#primaryimage\"},\"thumbnailUrl\":\"https:\/\/dockedge.thinairweb.co\/wp-content\/uploads\/sites\/3\/2018\/04\/SideMountLight.jpg\",\"datePublished\":\"2018-04-18T21:49:11+00:00\",\"breadcrumb\":{\"@id\":\"https:\/\/dockedge.thinairweb.co\/fr\/produit\/lampe-a-montage-lateral\/#breadcrumb\"},\"inLanguage\":\"fr-FR\",\"potentialAction\":[{\"@type\":\"ReadAction\",\"target\":[\"https:\/\/dockedge.thinairweb.co\/fr\/produit\/lampe-a-montage-lateral\/\"]}]},{\"@type\":\"ImageObject\",\"inLanguage\":\"fr-FR\",\"@id\":\"https:\/\/dockedge.thinairweb.co\/fr\/produit\/lampe-a-montage-lateral\/#primaryimage\",\"url\":\"https:\/\/dockedge.thinairweb.co\/wp-content\/uploads\/sites\/3\/2018\/04\/SideMountLight.jpg\",\"contentUrl\":\"https:\/\/dockedge.thinairweb.co\/wp-content\/uploads\/sites\/3\/2018\/04\/SideMountLight.jpg\",\"width\":\"500\",\"height\":\"450\",\"caption\":\"Side Mount Light\"},{\"@type\":\"BreadcrumbList\",\"@id\":\"https:\/\/dockedge.thinairweb.co\/fr\/produit\/lampe-a-montage-lateral\/#breadcrumb\",\"itemListElement\":[{\"@type\":\"ListItem\",\"position\":1,\"name\":\"Home\",\"item\":\"https:\/\/dockedge.thinairweb.co\/fr\/\"},{\"@type\":\"ListItem\",\"position\":2,\"name\":\"Boutique\",\"item\":\"https:\/\/dockedge.thinairweb.co\/fr\/boutique\/\"},{\"@type\":\"ListItem\",\"position\":3,\"name\":\"LAMPE \u00c0 MONTAGE LAT\u00c9RAL\"}]},{\"@type\":\"WebSite\",\"@id\":\"https:\/\/dockedge.thinairweb.co\/fr\/#website\",\"url\":\"https:\/\/dockedge.thinairweb.co\/fr\/\",\"name\":\"Dock Edge+\",\"description\":\"Your Dock. Your Way.\",\"potentialAction\":[{\"@type\":\"SearchAction\",\"target\":{\"@type\":\"EntryPoint\",\"urlTemplate\":\"https:\/\/dockedge.thinairweb.co\/fr\/?s={search_term_string}\"},\"query-input\":{\"@type\":\"PropertyValueSpecification\",\"valueRequired\":true,\"valueName\":\"search_term_string\"}}],\"inLanguage\":\"fr-FR\"}]}<\/script>\n<!-- \/ Yoast SEO plugin. -->","yoast_head_json":{"title":"LAMPE \u00c0 MONTAGE LAT\u00c9RAL - Dock Edge+","robots":{"index":"index","follow":"follow","max-snippet":"max-snippet:-1","max-image-preview":"max-image-preview:large","max-video-preview":"max-video-preview:-1"},"canonical":"https:\/\/dockedge.thinairweb.co\/fr\/produit\/lampe-a-montage-lateral\/","og_locale":"fr_FR","og_type":"article","og_title":"LAMPE \u00c0 MONTAGE LAT\u00c9RAL - Dock Edge+","og_description":"CUP Le Side Mount Lite est id\u00e9al pour tous les endroits o\u00f9 il est souhaitable d'avoir une lumi\u00e8re projet\u00e9e, comme les all\u00e9es, les entr\u00e9es, pour \u00e9clairer le num\u00e9ro de votre maison ou les endroits difficiles \u00e0 atteindre avec une prise \u00e9lectrique, comme un hangar ou un garage.   Id\u00e9al pour la maison, le chalet, la terrasse ou le quai  Petit, compact, durable et attrayant  Aucun c\u00e2blage n'est n\u00e9cessaire  Activation automatique \u00e0 la tomb\u00e9e de la nuit  Indice d'\u00e9tanch\u00e9it\u00e9 IP 65","og_url":"https:\/\/dockedge.thinairweb.co\/fr\/produit\/lampe-a-montage-lateral\/","og_site_name":"Dock Edge+","og_image":[{"width":500,"height":450,"url":"https:\/\/dockedge.thinairweb.co\/wp-content\/uploads\/sites\/3\/2018\/04\/SideMountLight.jpg","type":"image\/jpeg"}],"twitter_card":"summary_large_image","schema":{"@context":"https:\/\/schema.org","@graph":[{"@type":"WebPage","@id":"https:\/\/dockedge.thinairweb.co\/fr\/produit\/lampe-a-montage-lateral\/","url":"https:\/\/dockedge.thinairweb.co\/fr\/produit\/lampe-a-montage-lateral\/","name":"LAMPE \u00c0 MONTAGE LAT\u00c9RAL - Dock Edge+","isPartOf":{"@id":"https:\/\/dockedge.thinairweb.co\/fr\/#website"},"primaryImageOfPage":{"@id":"https:\/\/dockedge.thinairweb.co\/fr\/produit\/lampe-a-montage-lateral\/#primaryimage"},"image":{"@id":"https:\/\/dockedge.thinairweb.co\/fr\/produit\/lampe-a-montage-lateral\/#primaryimage"},"thumbnailUrl":"https:\/\/dockedge.thinairweb.co\/wp-content\/uploads\/sites\/3\/2018\/04\/SideMountLight.jpg","datePublished":"2018-04-18T21:49:11+00:00","breadcrumb":{"@id":"https:\/\/dockedge.thinairweb.co\/fr\/produit\/lampe-a-montage-lateral\/#breadcrumb"},"inLanguage":"fr-FR","potentialAction":[{"@type":"ReadAction","target":["https:\/\/dockedge.thinairweb.co\/fr\/produit\/lampe-a-montage-lateral\/"]}]},{"@type":"ImageObject","inLanguage":"fr-FR","@id":"https:\/\/dockedge.thinairweb.co\/fr\/produit\/lampe-a-montage-lateral\/#primaryimage","url":"https:\/\/dockedge.thinairweb.co\/wp-content\/uploads\/sites\/3\/2018\/04\/SideMountLight.jpg","contentUrl":"https:\/\/dockedge.thinairweb.co\/wp-content\/uploads\/sites\/3\/2018\/04\/SideMountLight.jpg","width":"500","height":"450","caption":"Side Mount Light"},{"@type":"BreadcrumbList","@id":"https:\/\/dockedge.thinairweb.co\/fr\/produit\/lampe-a-montage-lateral\/#breadcrumb","itemListElement":[{"@type":"ListItem","position":1,"name":"Home","item":"https:\/\/dockedge.thinairweb.co\/fr\/"},{"@type":"ListItem","position":2,"name":"Boutique","item":"https:\/\/dockedge.thinairweb.co\/fr\/boutique\/"},{"@type":"ListItem","position":3,"name":"LAMPE \u00c0 MONTAGE LAT\u00c9RAL"}]},{"@type":"WebSite","@id":"https:\/\/dockedge.thinairweb.co\/fr\/#website","url":"https:\/\/dockedge.thinairweb.co\/fr\/","name":"Dock Edge+","description":"Your Dock. Your Way.","potentialAction":[{"@type":"SearchAction","target":{"@type":"EntryPoint","urlTemplate":"https:\/\/dockedge.thinairweb.co\/fr\/?s={search_term_string}"},"query-input":{"@type":"PropertyValueSpecification","valueRequired":true,"valueName":"search_term_string"}}],"inLanguage":"fr-FR"}]}},"acf":[],"_links":{"self":[{"href":"https:\/\/dockedge.thinairweb.co\/fr\/wp-json\/wp\/v2\/product\/8469","targetHints":{"allow":["GET"]}}],"collection":[{"href":"https:\/\/dockedge.thinairweb.co\/fr\/wp-json\/wp\/v2\/product"}],"about":[{"href":"https:\/\/dockedge.thinairweb.co\/fr\/wp-json\/wp\/v2\/types\/product"}],"wp:featuredmedia":[{"embeddable":true,"href":"https:\/\/dockedge.thinairweb.co\/fr\/wp-json\/wp\/v2\/media\/7106"}],"wp:attachment":[{"href":"https:\/\/dockedge.thinairweb.co\/fr\/wp-json\/wp\/v2\/media?parent=8469"}],"wp:term":[{"taxonomy":"product_brand","embeddable":true,"href":"https:\/\/dockedge.thinairweb.co\/fr\/wp-json\/wp\/v2\/product_brand?post=8469"},{"taxonomy":"product_cat","embeddable":true,"href":"https:\/\/dockedge.thinairweb.co\/fr\/wp-json\/wp\/v2\/product_cat?post=8469"},{"taxonomy":"product_tag","embeddable":true,"href":"https:\/\/dockedge.thinairweb.co\/fr\/wp-json\/wp\/v2\/product_tag?post=8469"}],"curies":[{"name":"wp","href":"https:\/\/api.w.org\/{rel}","templated":true}]}}