{"id":8471,"date":"2018-04-18T21:47:27","date_gmt":"2018-04-18T21:47:27","guid":{"rendered":"https:\/\/dockedge.com\/product\/lumiere-panoramique\/"},"modified":"2018-04-18T21:47:27","modified_gmt":"2018-04-18T21:47:27","slug":"lumiere-panoramique","status":"publish","type":"product","link":"https:\/\/dockedge.thinairweb.co\/fr\/produit\/lumiere-panoramique\/","title":{"rendered":"LUMI\u00c8RE PANORAMIQUE"},"content":{"rendered":"<table id=\"product-table\" border=\"0\" cellspacing=\"0\" cellpadding=\"15\">\n<tbody>\n<tr>\n<th>N\u00b0 de pi\u00e8ce<\/th>\n<th>Description<\/th>\n<\/tr>\n<tr>\n<td>DE96286F<\/td>\n<td>Lumi\u00e8re panoramique, solaire<\/td>\n<\/tr>\n<\/tbody>\n<\/table>\n<p><script src=\"\/\/ui.powerreviews.com\/stable\/4.0\/ui.js\"><\/script><\/p>\n<p><script>\n  POWERREVIEWS.display.render({\n      api_key: 'fdb23d80-8310-4409-87f2-2ee20e24a743',\n      locale: 'en_US',\n      merchant_group_id: '78535',\n      merchant_id: '542114',\n      page_id: '3074',\n      review_wrapper_url: 'http:\/\/www.dockedge.com\/write-a-review\/?pr_page_id=___PAGE_ID___',\nstructured_data_product_id : 'http:\/\/www.dockedge.com\/product\/panoramic-light\/',\nproduct:{\n        name: 'Panoramic Light', \n        url: 'http:\/\/www.dockedge.com\/product\/panoramic-light\/',\n        image_url: 'http:\/\/www.dockedge.com\/wp-content\/uploads\/sites\/3\/2018\/04\/PanoramicLight.jpg',\n        description: 'Panoramic Lite Solar',\n        category_name: 'Solar Lights',\n        manufacturer_id: 'DE96286F',\n        upc: '776113962862',\n        brand_name: 'DockEdge',\n        price: '<your_product_price>',\n        in_stock: '<product_in_stock_status>',\n    },\n      components: {\n    ReviewSnippet: 'pr-reviewsnippet',\n    ReviewDisplay: 'pr-reviewdisplay'\n      }\n    });\n  <\/script><\/p>\n<div id=\"pr-reviewdisplay\"><\/div>\n","protected":false},"excerpt":{"rendered":"<div id=\"pr-reviewsnippet\"><\/div>\n<p><b>CUP<\/b> <\/p>\n<ul>\n<li>Parfait pour les quais et les terrasses<\/li>\n<li>Automatique \u00e0 l&rsquo;heure du cr\u00e9puscule<\/li>\n<li>R\u00e9sistant aux intemp\u00e9ries, durable<\/li>\n<li>Fonctionne 8 heures avec une charge compl\u00e8te<\/li>\n<li>Batterie rechargeable rempla\u00e7able<\/li>\n<li>4-5 lumens (lumi\u00e8re \u00e9mise)<\/li>\n<li><a href=\"https:\/\/dockedge.com\/fr\/tableau-de-classement-ip\/\" target=\"_blank\" rel=\"noopener noreferrer\">Indice d&rsquo;\u00e9tanch\u00e9it\u00e9 IP 65<\/a><\/li>\n<\/ul>\n<p><img loading=\"lazy\" decoding=\"async\" class=\"size-full wp-image-3917 aligncenter\" src=\"https:\/\/dockedge.com\/wp-content\/uploads\/sites\/3\/2022\/12\/DE96286F_icon.png\" alt=\"\" width=\"505\" height=\"73\"><\/p>\n","protected":false},"featured_media":7341,"template":"","meta":{"_acf_changed":false,"_et_pb_use_builder":"","_et_pb_old_content":"","_et_gb_content_width":""},"product_brand":[],"product_cat":[183],"product_tag":[],"class_list":{"0":"post-8471","1":"product","2":"type-product","3":"status-publish","4":"has-post-thumbnail","6":"product_cat-lampes-solaires","8":"first","9":"instock","10":"shipping-taxable","11":"product-type-simple"},"yoast_head":"<!-- This site is optimized with the Yoast SEO plugin v27.0 - https:\/\/yoast.com\/product\/yoast-seo-wordpress\/ -->\n<title>LUMI\u00c8RE PANORAMIQUE - Dock Edge+<\/title>\n<meta name=\"robots\" content=\"index, follow, max-snippet:-1, max-image-preview:large, max-video-preview:-1\" \/>\n<link rel=\"canonical\" href=\"https:\/\/dockedge.thinairweb.co\/fr\/produit\/lumiere-panoramique\/\" \/>\n<meta property=\"og:locale\" content=\"fr_FR\" \/>\n<meta property=\"og:type\" content=\"article\" \/>\n<meta property=\"og:title\" content=\"LUMI\u00c8RE PANORAMIQUE - Dock Edge+\" \/>\n<meta property=\"og:description\" content=\"CUP   Parfait pour les quais et les terrasses  Automatique \u00e0 l&#039;heure du cr\u00e9puscule  R\u00e9sistant aux intemp\u00e9ries, durable  Fonctionne 8 heures avec une charge compl\u00e8te  Batterie rechargeable rempla\u00e7able  4-5 lumens (lumi\u00e8re \u00e9mise)  Indice d&#039;\u00e9tanch\u00e9it\u00e9 IP 65\" \/>\n<meta property=\"og:url\" content=\"https:\/\/dockedge.thinairweb.co\/fr\/produit\/lumiere-panoramique\/\" \/>\n<meta property=\"og:site_name\" content=\"Dock Edge+\" \/>\n<meta property=\"og:image\" content=\"https:\/\/dockedge.thinairweb.co\/wp-content\/uploads\/sites\/3\/2018\/04\/PanoramicLight.jpg\" \/>\n\t<meta property=\"og:image:width\" content=\"700\" \/>\n\t<meta property=\"og:image:height\" content=\"700\" \/>\n\t<meta property=\"og:image:type\" content=\"image\/jpeg\" \/>\n<meta name=\"twitter:card\" content=\"summary_large_image\" \/>\n<script type=\"application\/ld+json\" class=\"yoast-schema-graph\">{\"@context\":\"https:\/\/schema.org\",\"@graph\":[{\"@type\":\"WebPage\",\"@id\":\"https:\/\/dockedge.thinairweb.co\/fr\/produit\/lumiere-panoramique\/\",\"url\":\"https:\/\/dockedge.thinairweb.co\/fr\/produit\/lumiere-panoramique\/\",\"name\":\"LUMI\u00c8RE PANORAMIQUE - Dock Edge+\",\"isPartOf\":{\"@id\":\"https:\/\/dockedge.thinairweb.co\/fr\/#website\"},\"primaryImageOfPage\":{\"@id\":\"https:\/\/dockedge.thinairweb.co\/fr\/produit\/lumiere-panoramique\/#primaryimage\"},\"image\":{\"@id\":\"https:\/\/dockedge.thinairweb.co\/fr\/produit\/lumiere-panoramique\/#primaryimage\"},\"thumbnailUrl\":\"https:\/\/dockedge.thinairweb.co\/wp-content\/uploads\/sites\/3\/2018\/04\/PanoramicLight.jpg\",\"datePublished\":\"2018-04-18T21:47:27+00:00\",\"breadcrumb\":{\"@id\":\"https:\/\/dockedge.thinairweb.co\/fr\/produit\/lumiere-panoramique\/#breadcrumb\"},\"inLanguage\":\"fr-FR\",\"potentialAction\":[{\"@type\":\"ReadAction\",\"target\":[\"https:\/\/dockedge.thinairweb.co\/fr\/produit\/lumiere-panoramique\/\"]}]},{\"@type\":\"ImageObject\",\"inLanguage\":\"fr-FR\",\"@id\":\"https:\/\/dockedge.thinairweb.co\/fr\/produit\/lumiere-panoramique\/#primaryimage\",\"url\":\"https:\/\/dockedge.thinairweb.co\/wp-content\/uploads\/sites\/3\/2018\/04\/PanoramicLight.jpg\",\"contentUrl\":\"https:\/\/dockedge.thinairweb.co\/wp-content\/uploads\/sites\/3\/2018\/04\/PanoramicLight.jpg\",\"width\":700,\"height\":700,\"caption\":\"Panoramic Solar Light\"},{\"@type\":\"BreadcrumbList\",\"@id\":\"https:\/\/dockedge.thinairweb.co\/fr\/produit\/lumiere-panoramique\/#breadcrumb\",\"itemListElement\":[{\"@type\":\"ListItem\",\"position\":1,\"name\":\"Home\",\"item\":\"https:\/\/dockedge.thinairweb.co\/fr\/\"},{\"@type\":\"ListItem\",\"position\":2,\"name\":\"Boutique\",\"item\":\"https:\/\/dockedge.thinairweb.co\/fr\/boutique\/\"},{\"@type\":\"ListItem\",\"position\":3,\"name\":\"LUMI\u00c8RE PANORAMIQUE\"}]},{\"@type\":\"WebSite\",\"@id\":\"https:\/\/dockedge.thinairweb.co\/fr\/#website\",\"url\":\"https:\/\/dockedge.thinairweb.co\/fr\/\",\"name\":\"Dock Edge+\",\"description\":\"Your Dock. Your Way.\",\"potentialAction\":[{\"@type\":\"SearchAction\",\"target\":{\"@type\":\"EntryPoint\",\"urlTemplate\":\"https:\/\/dockedge.thinairweb.co\/fr\/?s={search_term_string}\"},\"query-input\":{\"@type\":\"PropertyValueSpecification\",\"valueRequired\":true,\"valueName\":\"search_term_string\"}}],\"inLanguage\":\"fr-FR\"}]}<\/script>\n<!-- \/ Yoast SEO plugin. -->","yoast_head_json":{"title":"LUMI\u00c8RE PANORAMIQUE - Dock Edge+","robots":{"index":"index","follow":"follow","max-snippet":"max-snippet:-1","max-image-preview":"max-image-preview:large","max-video-preview":"max-video-preview:-1"},"canonical":"https:\/\/dockedge.thinairweb.co\/fr\/produit\/lumiere-panoramique\/","og_locale":"fr_FR","og_type":"article","og_title":"LUMI\u00c8RE PANORAMIQUE - Dock Edge+","og_description":"CUP   Parfait pour les quais et les terrasses  Automatique \u00e0 l'heure du cr\u00e9puscule  R\u00e9sistant aux intemp\u00e9ries, durable  Fonctionne 8 heures avec une charge compl\u00e8te  Batterie rechargeable rempla\u00e7able  4-5 lumens (lumi\u00e8re \u00e9mise)  Indice d'\u00e9tanch\u00e9it\u00e9 IP 65","og_url":"https:\/\/dockedge.thinairweb.co\/fr\/produit\/lumiere-panoramique\/","og_site_name":"Dock Edge+","og_image":[{"width":700,"height":700,"url":"https:\/\/dockedge.thinairweb.co\/wp-content\/uploads\/sites\/3\/2018\/04\/PanoramicLight.jpg","type":"image\/jpeg"}],"twitter_card":"summary_large_image","schema":{"@context":"https:\/\/schema.org","@graph":[{"@type":"WebPage","@id":"https:\/\/dockedge.thinairweb.co\/fr\/produit\/lumiere-panoramique\/","url":"https:\/\/dockedge.thinairweb.co\/fr\/produit\/lumiere-panoramique\/","name":"LUMI\u00c8RE PANORAMIQUE - Dock Edge+","isPartOf":{"@id":"https:\/\/dockedge.thinairweb.co\/fr\/#website"},"primaryImageOfPage":{"@id":"https:\/\/dockedge.thinairweb.co\/fr\/produit\/lumiere-panoramique\/#primaryimage"},"image":{"@id":"https:\/\/dockedge.thinairweb.co\/fr\/produit\/lumiere-panoramique\/#primaryimage"},"thumbnailUrl":"https:\/\/dockedge.thinairweb.co\/wp-content\/uploads\/sites\/3\/2018\/04\/PanoramicLight.jpg","datePublished":"2018-04-18T21:47:27+00:00","breadcrumb":{"@id":"https:\/\/dockedge.thinairweb.co\/fr\/produit\/lumiere-panoramique\/#breadcrumb"},"inLanguage":"fr-FR","potentialAction":[{"@type":"ReadAction","target":["https:\/\/dockedge.thinairweb.co\/fr\/produit\/lumiere-panoramique\/"]}]},{"@type":"ImageObject","inLanguage":"fr-FR","@id":"https:\/\/dockedge.thinairweb.co\/fr\/produit\/lumiere-panoramique\/#primaryimage","url":"https:\/\/dockedge.thinairweb.co\/wp-content\/uploads\/sites\/3\/2018\/04\/PanoramicLight.jpg","contentUrl":"https:\/\/dockedge.thinairweb.co\/wp-content\/uploads\/sites\/3\/2018\/04\/PanoramicLight.jpg","width":700,"height":700,"caption":"Panoramic Solar Light"},{"@type":"BreadcrumbList","@id":"https:\/\/dockedge.thinairweb.co\/fr\/produit\/lumiere-panoramique\/#breadcrumb","itemListElement":[{"@type":"ListItem","position":1,"name":"Home","item":"https:\/\/dockedge.thinairweb.co\/fr\/"},{"@type":"ListItem","position":2,"name":"Boutique","item":"https:\/\/dockedge.thinairweb.co\/fr\/boutique\/"},{"@type":"ListItem","position":3,"name":"LUMI\u00c8RE PANORAMIQUE"}]},{"@type":"WebSite","@id":"https:\/\/dockedge.thinairweb.co\/fr\/#website","url":"https:\/\/dockedge.thinairweb.co\/fr\/","name":"Dock Edge+","description":"Your Dock. Your Way.","potentialAction":[{"@type":"SearchAction","target":{"@type":"EntryPoint","urlTemplate":"https:\/\/dockedge.thinairweb.co\/fr\/?s={search_term_string}"},"query-input":{"@type":"PropertyValueSpecification","valueRequired":true,"valueName":"search_term_string"}}],"inLanguage":"fr-FR"}]}},"acf":[],"_links":{"self":[{"href":"https:\/\/dockedge.thinairweb.co\/fr\/wp-json\/wp\/v2\/product\/8471","targetHints":{"allow":["GET"]}}],"collection":[{"href":"https:\/\/dockedge.thinairweb.co\/fr\/wp-json\/wp\/v2\/product"}],"about":[{"href":"https:\/\/dockedge.thinairweb.co\/fr\/wp-json\/wp\/v2\/types\/product"}],"wp:featuredmedia":[{"embeddable":true,"href":"https:\/\/dockedge.thinairweb.co\/fr\/wp-json\/wp\/v2\/media\/7341"}],"wp:attachment":[{"href":"https:\/\/dockedge.thinairweb.co\/fr\/wp-json\/wp\/v2\/media?parent=8471"}],"wp:term":[{"taxonomy":"product_brand","embeddable":true,"href":"https:\/\/dockedge.thinairweb.co\/fr\/wp-json\/wp\/v2\/product_brand?post=8471"},{"taxonomy":"product_cat","embeddable":true,"href":"https:\/\/dockedge.thinairweb.co\/fr\/wp-json\/wp\/v2\/product_cat?post=8471"},{"taxonomy":"product_tag","embeddable":true,"href":"https:\/\/dockedge.thinairweb.co\/fr\/wp-json\/wp\/v2\/product_tag?post=8471"}],"curies":[{"name":"wp","href":"https:\/\/api.w.org\/{rel}","templated":true}]}}