{"id":8472,"date":"2018-04-18T20:12:11","date_gmt":"2018-04-18T20:12:11","guid":{"rendered":"https:\/\/dockedge.com\/product\/petit-p\/"},"modified":"2018-04-18T20:12:11","modified_gmt":"2018-04-18T20:12:11","slug":"petit-p","status":"publish","type":"product","link":"https:\/\/dockedge.thinairweb.co\/fr\/produit\/petit-p\/","title":{"rendered":"PETIT \u00ab\u00a0P\u00a0\u00bb"},"content":{"rendered":"<table id=\"product-table\" cellpadding=\"15\" cellspacing=\"0\" border=\"0\">\n<tbody>\n<tr>\n<th>N\u00b0 de pi\u00e8ce<\/th>\n<th>Description<\/th>\n<\/tr>\n<tr>\n<td>DE1170F<\/td>\n<td>Blanc Petit profil \u00ab\u00a0p\u00a0\u00bb, (16 Ft\/Roule) \u2021<\/td>\n<\/tr>\n<tr>\n<td>DE1171F<\/td>\n<td>Beige Petit profil \u00ab\u00a0p\u00a0\u00bb, (16 Ft\/Roule) \u2021<\/td>\n<\/tr>\n<tr>\n<td>DE1172F<\/td>\n<td>Gris Petit profil \u00ab\u00a0p\u00a0\u00bb, (16 Ft\/Roule) \u2021<\/td>\n<\/tr>\n<tr>\n<td>DE1173F<\/td>\n<td>Noir Petit profil \u00ab\u00a0p\u00a0\u00bb, (16 Ft\/Roule) \u2021<\/td>\n<\/tr>\n<tr>\n<td>DE1105F<\/td>\n<td>Profil\u00e9 blanc petit \u00ab\u00a0p\u00a0\u00bb, 24 pi (3 longueurs de 8 pi) \u2021<\/td>\n<\/tr>\n<tr>\n<td>DE1109F<\/td>\n<td>Profil\u00e9 beige petit \u00ab\u00a0p\u00a0\u00bb, 24 pi (3 longueurs de 8 pi) \u2021<\/td>\n<\/tr>\n<tr>\n<td>DE1113F<\/td>\n<td>Profil\u00e9 gris petit \u00ab\u00a0p\u00a0\u00bb, 24 pi (3 longueurs de 8 pi) \u2021<\/td>\n<\/tr>\n<tr>\n<td>DE1118F<\/td>\n<td>Profil\u00e9 noir petit \u00ab\u00a0p\u00a0\u00bb, 24 pi (3 longueurs de 8 pi) \u2021<\/td>\n<\/tr>\n<\/tbody>\n<\/table>\n<p><script src=\"\/\/ui.powerreviews.com\/stable\/4.0\/ui.js\"><\/script><\/p>\n<p><script>\n  POWERREVIEWS.display.render({\n      api_key: 'fdb23d80-8310-4409-87f2-2ee20e24a743',\n      locale: 'en_US',\n      merchant_group_id: '78535',\n      merchant_id: '542114',\n      page_id: '3053',\n      review_wrapper_url: 'http:\/\/www.dockedge.com\/write-a-review\/?pr_page_id=___PAGE_ID___',\nstructured_data_product_id : 'http:\/\/www.dockedge.com\/product\/small-p\/',\nproduct:{\n        name: 'SMALL \"P\"', \n        url: 'http:\/\/www.dockedge.com\/product\/small-p\/',\n        image_url: 'http:\/\/www.dockedge.com\/wp-content\/uploads\/sites\/3\/2018\/04\/1170-F.jpg',\n        description: 'Small \"p\" Profile (16Ft\/Roll) WH',\n        category_name: 'Standard Heavy Duty',\n        manufacturer_id: 'DE1170F',\n        upc: '776113117002',\n        brand_name: 'Dockedge',\n        price: '<your_product_price>',\n        in_stock: '<product_in_stock_status>',\n        variants: [{\n            name: 'DE1171F',\n            description: 'Small \"p\" Profile (16Ft\/Roll) BE',\n\t    upc: '776113117101',\t\n            page_id_variant: '1',\n        },\n        {\n            name: 'DE1172F',\n            description: 'Small \"p\" Profile (16Ft\/Roll) GY',\n            upc: '776113117200',\n            page_id_variant: '2',  \n        },\n        {\n            name: 'DE1173F',\n            description: 'Small \"p\" Profile (16Ft\/Roll) BK',\n            upc: '776113117309',\n            page_id_variant: '3',   \n        },\n        {\n            name: 'DE1105F',\n            description: 'Small \"p\" Profile (24Ft\/Crt) WH',\n\t    upc: '776113110508',\t\n            page_id_variant: '4',\n        },\n        {\n            name: 'DE1109F',\n            description: 'Small \"p\" Profile (24Ft\/Crt) BE',\n            upc: '776113110904',\n            page_id_variant: '5',  \n        },\n        {\n            name: 'DE1113F',\n            description: 'Small \"p\" Profile (24Ft\/Crt) GY',\n            upc: '776113111307',\n            page_id_variant: '6',   \n        },\n        {\n            name: 'DE1118F',\n            description: 'Small \"p\" Profile (24Ft\/Crt) BK',\n\t    upc: '776113111802',\t\n            page_id_variant: '7',\n    }]\n    },\n      components: {\n    ReviewSnippet: 'pr-reviewsnippet',\n    ReviewDisplay: 'pr-reviewdisplay'\n      }\n    });\n  <\/script><\/p>\n<div id=\"pr-reviewdisplay\"><\/div>\n","protected":false},"excerpt":{"rendered":"<div id=\"pr-reviewsnippet\"><\/div>\n<p><b>CUP<\/b> <br \/>\nParfait pour les petits hors-bords ou les motomarines. Conservera son \u00e9lasticit\u00e9 et sa brillance pendant des ann\u00e9es. S&rsquo;installe en quelques minutes.  <\/p>\n","protected":false},"featured_media":7595,"template":"","meta":{"_acf_changed":false,"_et_pb_use_builder":"","_et_pb_old_content":"","_et_gb_content_width":""},"product_brand":[],"product_cat":[184],"product_tag":[],"class_list":{"0":"post-8472","1":"product","2":"type-product","3":"status-publish","4":"has-post-thumbnail","6":"product_cat-profiles-pvc-standard","8":"first","9":"instock","10":"shipping-taxable","11":"product-type-simple"},"yoast_head":"<!-- This site is optimized with the Yoast SEO plugin v27.0 - https:\/\/yoast.com\/product\/yoast-seo-wordpress\/ -->\n<title>PETIT &quot;P&quot; - Dock Edge+<\/title>\n<meta name=\"robots\" content=\"index, follow, max-snippet:-1, max-image-preview:large, max-video-preview:-1\" \/>\n<link rel=\"canonical\" href=\"https:\/\/dockedge.thinairweb.co\/fr\/produit\/petit-p\/\" \/>\n<meta property=\"og:locale\" content=\"fr_FR\" \/>\n<meta property=\"og:type\" content=\"article\" \/>\n<meta property=\"og:title\" content=\"PETIT &quot;P&quot; - Dock Edge+\" \/>\n<meta property=\"og:description\" content=\"CUP Parfait pour les petits hors-bords ou les motomarines. Conservera son \u00e9lasticit\u00e9 et sa brillance pendant des ann\u00e9es. S&#039;installe en quelques minutes.\" \/>\n<meta property=\"og:url\" content=\"https:\/\/dockedge.thinairweb.co\/fr\/produit\/petit-p\/\" \/>\n<meta property=\"og:site_name\" content=\"Dock Edge+\" \/>\n<meta property=\"og:image\" content=\"https:\/\/dockedge.thinairweb.co\/wp-content\/uploads\/sites\/3\/2018\/04\/DE1170F.jpg\" \/>\n\t<meta property=\"og:image:width\" content=\"875\" \/>\n\t<meta property=\"og:image:height\" content=\"700\" \/>\n\t<meta property=\"og:image:type\" content=\"image\/jpeg\" \/>\n<meta name=\"twitter:card\" content=\"summary_large_image\" \/>\n<script type=\"application\/ld+json\" class=\"yoast-schema-graph\">{\"@context\":\"https:\/\/schema.org\",\"@graph\":[{\"@type\":\"WebPage\",\"@id\":\"https:\/\/dockedge.thinairweb.co\/fr\/produit\/petit-p\/\",\"url\":\"https:\/\/dockedge.thinairweb.co\/fr\/produit\/petit-p\/\",\"name\":\"PETIT \\\"P\\\" - Dock Edge+\",\"isPartOf\":{\"@id\":\"https:\/\/dockedge.thinairweb.co\/fr\/#website\"},\"primaryImageOfPage\":{\"@id\":\"https:\/\/dockedge.thinairweb.co\/fr\/produit\/petit-p\/#primaryimage\"},\"image\":{\"@id\":\"https:\/\/dockedge.thinairweb.co\/fr\/produit\/petit-p\/#primaryimage\"},\"thumbnailUrl\":\"https:\/\/dockedge.thinairweb.co\/wp-content\/uploads\/sites\/3\/2018\/04\/DE1170F.jpg\",\"datePublished\":\"2018-04-18T20:12:11+00:00\",\"breadcrumb\":{\"@id\":\"https:\/\/dockedge.thinairweb.co\/fr\/produit\/petit-p\/#breadcrumb\"},\"inLanguage\":\"fr-FR\",\"potentialAction\":[{\"@type\":\"ReadAction\",\"target\":[\"https:\/\/dockedge.thinairweb.co\/fr\/produit\/petit-p\/\"]}]},{\"@type\":\"ImageObject\",\"inLanguage\":\"fr-FR\",\"@id\":\"https:\/\/dockedge.thinairweb.co\/fr\/produit\/petit-p\/#primaryimage\",\"url\":\"https:\/\/dockedge.thinairweb.co\/wp-content\/uploads\/sites\/3\/2018\/04\/DE1170F.jpg\",\"contentUrl\":\"https:\/\/dockedge.thinairweb.co\/wp-content\/uploads\/sites\/3\/2018\/04\/DE1170F.jpg\",\"width\":875,\"height\":700,\"caption\":\"Small P Profile in white, installed\"},{\"@type\":\"BreadcrumbList\",\"@id\":\"https:\/\/dockedge.thinairweb.co\/fr\/produit\/petit-p\/#breadcrumb\",\"itemListElement\":[{\"@type\":\"ListItem\",\"position\":1,\"name\":\"Home\",\"item\":\"https:\/\/dockedge.thinairweb.co\/fr\/\"},{\"@type\":\"ListItem\",\"position\":2,\"name\":\"Boutique\",\"item\":\"https:\/\/dockedge.thinairweb.co\/fr\/boutique\/\"},{\"@type\":\"ListItem\",\"position\":3,\"name\":\"PETIT \u00ab\u00a0P\u00a0\u00bb\"}]},{\"@type\":\"WebSite\",\"@id\":\"https:\/\/dockedge.thinairweb.co\/fr\/#website\",\"url\":\"https:\/\/dockedge.thinairweb.co\/fr\/\",\"name\":\"Dock Edge+\",\"description\":\"Your Dock. Your Way.\",\"potentialAction\":[{\"@type\":\"SearchAction\",\"target\":{\"@type\":\"EntryPoint\",\"urlTemplate\":\"https:\/\/dockedge.thinairweb.co\/fr\/?s={search_term_string}\"},\"query-input\":{\"@type\":\"PropertyValueSpecification\",\"valueRequired\":true,\"valueName\":\"search_term_string\"}}],\"inLanguage\":\"fr-FR\"}]}<\/script>\n<!-- \/ Yoast SEO plugin. -->","yoast_head_json":{"title":"PETIT \"P\" - Dock Edge+","robots":{"index":"index","follow":"follow","max-snippet":"max-snippet:-1","max-image-preview":"max-image-preview:large","max-video-preview":"max-video-preview:-1"},"canonical":"https:\/\/dockedge.thinairweb.co\/fr\/produit\/petit-p\/","og_locale":"fr_FR","og_type":"article","og_title":"PETIT \"P\" - Dock Edge+","og_description":"CUP Parfait pour les petits hors-bords ou les motomarines. Conservera son \u00e9lasticit\u00e9 et sa brillance pendant des ann\u00e9es. S'installe en quelques minutes.","og_url":"https:\/\/dockedge.thinairweb.co\/fr\/produit\/petit-p\/","og_site_name":"Dock Edge+","og_image":[{"width":875,"height":700,"url":"https:\/\/dockedge.thinairweb.co\/wp-content\/uploads\/sites\/3\/2018\/04\/DE1170F.jpg","type":"image\/jpeg"}],"twitter_card":"summary_large_image","schema":{"@context":"https:\/\/schema.org","@graph":[{"@type":"WebPage","@id":"https:\/\/dockedge.thinairweb.co\/fr\/produit\/petit-p\/","url":"https:\/\/dockedge.thinairweb.co\/fr\/produit\/petit-p\/","name":"PETIT \"P\" - Dock Edge+","isPartOf":{"@id":"https:\/\/dockedge.thinairweb.co\/fr\/#website"},"primaryImageOfPage":{"@id":"https:\/\/dockedge.thinairweb.co\/fr\/produit\/petit-p\/#primaryimage"},"image":{"@id":"https:\/\/dockedge.thinairweb.co\/fr\/produit\/petit-p\/#primaryimage"},"thumbnailUrl":"https:\/\/dockedge.thinairweb.co\/wp-content\/uploads\/sites\/3\/2018\/04\/DE1170F.jpg","datePublished":"2018-04-18T20:12:11+00:00","breadcrumb":{"@id":"https:\/\/dockedge.thinairweb.co\/fr\/produit\/petit-p\/#breadcrumb"},"inLanguage":"fr-FR","potentialAction":[{"@type":"ReadAction","target":["https:\/\/dockedge.thinairweb.co\/fr\/produit\/petit-p\/"]}]},{"@type":"ImageObject","inLanguage":"fr-FR","@id":"https:\/\/dockedge.thinairweb.co\/fr\/produit\/petit-p\/#primaryimage","url":"https:\/\/dockedge.thinairweb.co\/wp-content\/uploads\/sites\/3\/2018\/04\/DE1170F.jpg","contentUrl":"https:\/\/dockedge.thinairweb.co\/wp-content\/uploads\/sites\/3\/2018\/04\/DE1170F.jpg","width":875,"height":700,"caption":"Small P Profile in white, installed"},{"@type":"BreadcrumbList","@id":"https:\/\/dockedge.thinairweb.co\/fr\/produit\/petit-p\/#breadcrumb","itemListElement":[{"@type":"ListItem","position":1,"name":"Home","item":"https:\/\/dockedge.thinairweb.co\/fr\/"},{"@type":"ListItem","position":2,"name":"Boutique","item":"https:\/\/dockedge.thinairweb.co\/fr\/boutique\/"},{"@type":"ListItem","position":3,"name":"PETIT \u00ab\u00a0P\u00a0\u00bb"}]},{"@type":"WebSite","@id":"https:\/\/dockedge.thinairweb.co\/fr\/#website","url":"https:\/\/dockedge.thinairweb.co\/fr\/","name":"Dock Edge+","description":"Your Dock. Your Way.","potentialAction":[{"@type":"SearchAction","target":{"@type":"EntryPoint","urlTemplate":"https:\/\/dockedge.thinairweb.co\/fr\/?s={search_term_string}"},"query-input":{"@type":"PropertyValueSpecification","valueRequired":true,"valueName":"search_term_string"}}],"inLanguage":"fr-FR"}]}},"acf":[],"_links":{"self":[{"href":"https:\/\/dockedge.thinairweb.co\/fr\/wp-json\/wp\/v2\/product\/8472","targetHints":{"allow":["GET"]}}],"collection":[{"href":"https:\/\/dockedge.thinairweb.co\/fr\/wp-json\/wp\/v2\/product"}],"about":[{"href":"https:\/\/dockedge.thinairweb.co\/fr\/wp-json\/wp\/v2\/types\/product"}],"wp:featuredmedia":[{"embeddable":true,"href":"https:\/\/dockedge.thinairweb.co\/fr\/wp-json\/wp\/v2\/media\/7595"}],"wp:attachment":[{"href":"https:\/\/dockedge.thinairweb.co\/fr\/wp-json\/wp\/v2\/media?parent=8472"}],"wp:term":[{"taxonomy":"product_brand","embeddable":true,"href":"https:\/\/dockedge.thinairweb.co\/fr\/wp-json\/wp\/v2\/product_brand?post=8472"},{"taxonomy":"product_cat","embeddable":true,"href":"https:\/\/dockedge.thinairweb.co\/fr\/wp-json\/wp\/v2\/product_cat?post=8472"},{"taxonomy":"product_tag","embeddable":true,"href":"https:\/\/dockedge.thinairweb.co\/fr\/wp-json\/wp\/v2\/product_tag?post=8472"}],"curies":[{"name":"wp","href":"https:\/\/api.w.org\/{rel}","templated":true}]}}