{"id":8473,"date":"2018-04-18T20:20:10","date_gmt":"2018-04-18T20:20:10","guid":{"rendered":"https:\/\/dockedge.com\/product\/dock-guard-2\/"},"modified":"2018-04-18T20:20:10","modified_gmt":"2018-04-18T20:20:10","slug":"dock-guard-2","status":"publish","type":"product","link":"https:\/\/dockedge.thinairweb.co\/fr\/produit\/dock-guard-2\/","title":{"rendered":"DOCK GUARD"},"content":{"rendered":"<table id=\"product-table\" cellpadding=\"15\" cellspacing=\"0\" border=\"0\">\n<tbody>\n<tr>\n<th>N\u00b0 de pi\u00e8ce<\/th>\n<th>Description<\/th>\n<\/tr>\n<tr>\n<td>DE1126F<\/td>\n<td>Profil\u00e9 de protection de quai blanc, 90 pi (15 x 6 pi de longueur) \u2021<\/td>\n<\/tr>\n<tr>\n<td>DE1130F<\/td>\n<td>Profil\u00e9 de protection de quai gris, 90 pi (15 longueurs de 6 pi) \u2021<\/td>\n<\/tr>\n<tr>\n<td>DE1134F<\/td>\n<td>Profil\u00e9 de protection de quai blanc, 24 pi (4 x 6 pi) \u2021<\/td>\n<\/tr>\n<tr>\n<td>DE1135F<\/td>\n<td>Profil\u00e9 de protection de quai blanc, (10 Ft\/sac) \u2021<\/td>\n<\/tr>\n<tr>\n<td>DE1136F<\/td>\n<td>Profil\u00e9 de protection de quai blanc, (10 Ft\/Rouleau) \u2021<\/td>\n<\/tr>\n<\/tbody>\n<\/table>\n<p><script src=\"\/\/ui.powerreviews.com\/stable\/4.0\/ui.js\"><\/script><\/p>\n<p><script>\n  POWERREVIEWS.display.render({\n      api_key: 'fdb23d80-8310-4409-87f2-2ee20e24a743',\n      locale: 'en_US',\n      merchant_group_id: '78535',\n      merchant_id: '542114',\n      page_id: '3062',\n      review_wrapper_url: 'http:\/\/www.dockedge.com\/write-a-review\/?pr_page_id=___PAGE_ID___',\nstructured_data_product_id : 'http:\/\/www.dockedge.com\/product\/dock-guard-2\/',\nproduct:{\n        name: 'Dock Guard', \n        url: 'http:\/\/www.dockedge.com\/product\/dock-guard-2\/',\n        image_url: 'http:\/\/www.dockedge.com\/wp-content\/uploads\/sites\/3\/2018\/04\/dock-guard.jpg',\n        description: 'Dock Guard Profile (90Ft\/Crt) WH',\n        category_name: 'Economy',\n        manufacturer_id: 'DE1126F',\n        upc: '776113112601',\n        brand_name: 'Dockedge',\n        price: '<your_product_price>',\n        in_stock: '<product_in_stock_status>',\n        variants: [{\n            name: 'DE1130F',\n            description: 'Dock Guard Profile (90Ft\/Crt) GY',\n\t    upc: '776113113004',\t\n            page_id_variant: '1',\n        },\n        {\n            name: 'DE1134F',\n            description: 'Dock Guard Profile (24Ft\/Crt) WH',\n            upc: '776113113400',\n            page_id_variant: '2',  \n        },\n        {\n            name: 'DE1135F',\n            description: 'Dock Guard Profile (10Ft\/bag) WH',\n            upc: '776113113509',\n            page_id_variant: '3',   \n        },\n        {\n            name: 'DE1136F',\n            description: 'Dock Guard Profile (10Ft\/roll) WH',\n\t    upc: '776113113608',\t\n            page_id_variant: '4',\n    }]\n    },\n      components: {\n    ReviewSnippet: 'pr-reviewsnippet',\n    ReviewDisplay: 'pr-reviewdisplay'\n      }\n    });\n  <\/script><\/p>\n<div id=\"pr-reviewdisplay\"><\/div>\n","protected":false},"excerpt":{"rendered":"<div id=\"pr-reviewsnippet\"><\/div>\n<p><b>CUP<\/b> <br \/>\nLe profil\u00e9 co-extrud\u00e9 Dock Guard \u00e9conomique peut \u00eatre utilis\u00e9 pour des applications l\u00e9g\u00e8res \u00e0 moyennes. Il est dot\u00e9 d&rsquo;une l\u00e8vre sur\u00e9lev\u00e9e pour la protection du plat-bord des bateaux de ski et de p\u00eache. Fabriqu\u00e9 en PVC de qualit\u00e9 marine avec des inhibiteurs d&rsquo;UV et des fongicides.  <\/p>\n","protected":false},"featured_media":7623,"template":"","meta":{"_acf_changed":false,"_et_pb_use_builder":"","_et_pb_old_content":"","_et_gb_content_width":""},"product_brand":[],"product_cat":[185],"product_tag":[],"class_list":{"0":"post-8473","1":"product","2":"type-product","3":"status-publish","4":"has-post-thumbnail","6":"product_cat-profiles-pvc-economiques","8":"first","9":"instock","10":"shipping-taxable","11":"product-type-simple"},"yoast_head":"<!-- This site is optimized with the Yoast SEO plugin v27.0 - https:\/\/yoast.com\/product\/yoast-seo-wordpress\/ -->\n<title>DOCK GUARD - Dock Edge+<\/title>\n<meta name=\"robots\" content=\"index, follow, max-snippet:-1, max-image-preview:large, max-video-preview:-1\" \/>\n<link rel=\"canonical\" href=\"https:\/\/dockedge.thinairweb.co\/fr\/produit\/dock-guard-2\/\" \/>\n<meta property=\"og:locale\" content=\"fr_FR\" \/>\n<meta property=\"og:type\" content=\"article\" \/>\n<meta property=\"og:title\" content=\"DOCK GUARD - Dock Edge+\" \/>\n<meta property=\"og:description\" content=\"CUP Le profil\u00e9 co-extrud\u00e9 Dock Guard \u00e9conomique peut \u00eatre utilis\u00e9 pour des applications l\u00e9g\u00e8res \u00e0 moyennes. Il est dot\u00e9 d&#039;une l\u00e8vre sur\u00e9lev\u00e9e pour la protection du plat-bord des bateaux de ski et de p\u00eache. Fabriqu\u00e9 en PVC de qualit\u00e9 marine avec des inhibiteurs d&#039;UV et des fongicides.\" \/>\n<meta property=\"og:url\" content=\"https:\/\/dockedge.thinairweb.co\/fr\/produit\/dock-guard-2\/\" \/>\n<meta property=\"og:site_name\" content=\"Dock Edge+\" \/>\n<meta property=\"og:image\" content=\"https:\/\/dockedge.thinairweb.co\/wp-content\/uploads\/sites\/3\/2018\/04\/DE1126F.jpg\" \/>\n\t<meta property=\"og:image:width\" content=\"800\" \/>\n\t<meta property=\"og:image:height\" content=\"700\" \/>\n\t<meta property=\"og:image:type\" content=\"image\/jpeg\" \/>\n<meta name=\"twitter:card\" content=\"summary_large_image\" \/>\n<script type=\"application\/ld+json\" class=\"yoast-schema-graph\">{\"@context\":\"https:\/\/schema.org\",\"@graph\":[{\"@type\":\"WebPage\",\"@id\":\"https:\/\/dockedge.thinairweb.co\/fr\/produit\/dock-guard-2\/\",\"url\":\"https:\/\/dockedge.thinairweb.co\/fr\/produit\/dock-guard-2\/\",\"name\":\"DOCK GUARD - Dock Edge+\",\"isPartOf\":{\"@id\":\"https:\/\/dockedge.thinairweb.co\/fr\/#website\"},\"primaryImageOfPage\":{\"@id\":\"https:\/\/dockedge.thinairweb.co\/fr\/produit\/dock-guard-2\/#primaryimage\"},\"image\":{\"@id\":\"https:\/\/dockedge.thinairweb.co\/fr\/produit\/dock-guard-2\/#primaryimage\"},\"thumbnailUrl\":\"https:\/\/dockedge.thinairweb.co\/wp-content\/uploads\/sites\/3\/2018\/04\/DE1126F.jpg\",\"datePublished\":\"2018-04-18T20:20:10+00:00\",\"breadcrumb\":{\"@id\":\"https:\/\/dockedge.thinairweb.co\/fr\/produit\/dock-guard-2\/#breadcrumb\"},\"inLanguage\":\"fr-FR\",\"potentialAction\":[{\"@type\":\"ReadAction\",\"target\":[\"https:\/\/dockedge.thinairweb.co\/fr\/produit\/dock-guard-2\/\"]}]},{\"@type\":\"ImageObject\",\"inLanguage\":\"fr-FR\",\"@id\":\"https:\/\/dockedge.thinairweb.co\/fr\/produit\/dock-guard-2\/#primaryimage\",\"url\":\"https:\/\/dockedge.thinairweb.co\/wp-content\/uploads\/sites\/3\/2018\/04\/DE1126F.jpg\",\"contentUrl\":\"https:\/\/dockedge.thinairweb.co\/wp-content\/uploads\/sites\/3\/2018\/04\/DE1126F.jpg\",\"width\":800,\"height\":700,\"caption\":\"Dock Guard profile, installed\"},{\"@type\":\"BreadcrumbList\",\"@id\":\"https:\/\/dockedge.thinairweb.co\/fr\/produit\/dock-guard-2\/#breadcrumb\",\"itemListElement\":[{\"@type\":\"ListItem\",\"position\":1,\"name\":\"Home\",\"item\":\"https:\/\/dockedge.thinairweb.co\/fr\/\"},{\"@type\":\"ListItem\",\"position\":2,\"name\":\"Boutique\",\"item\":\"https:\/\/dockedge.thinairweb.co\/fr\/boutique\/\"},{\"@type\":\"ListItem\",\"position\":3,\"name\":\"DOCK GUARD\"}]},{\"@type\":\"WebSite\",\"@id\":\"https:\/\/dockedge.thinairweb.co\/fr\/#website\",\"url\":\"https:\/\/dockedge.thinairweb.co\/fr\/\",\"name\":\"Dock Edge+\",\"description\":\"Your Dock. Your Way.\",\"potentialAction\":[{\"@type\":\"SearchAction\",\"target\":{\"@type\":\"EntryPoint\",\"urlTemplate\":\"https:\/\/dockedge.thinairweb.co\/fr\/?s={search_term_string}\"},\"query-input\":{\"@type\":\"PropertyValueSpecification\",\"valueRequired\":true,\"valueName\":\"search_term_string\"}}],\"inLanguage\":\"fr-FR\"}]}<\/script>\n<!-- \/ Yoast SEO plugin. -->","yoast_head_json":{"title":"DOCK GUARD - Dock Edge+","robots":{"index":"index","follow":"follow","max-snippet":"max-snippet:-1","max-image-preview":"max-image-preview:large","max-video-preview":"max-video-preview:-1"},"canonical":"https:\/\/dockedge.thinairweb.co\/fr\/produit\/dock-guard-2\/","og_locale":"fr_FR","og_type":"article","og_title":"DOCK GUARD - Dock Edge+","og_description":"CUP Le profil\u00e9 co-extrud\u00e9 Dock Guard \u00e9conomique peut \u00eatre utilis\u00e9 pour des applications l\u00e9g\u00e8res \u00e0 moyennes. Il est dot\u00e9 d'une l\u00e8vre sur\u00e9lev\u00e9e pour la protection du plat-bord des bateaux de ski et de p\u00eache. Fabriqu\u00e9 en PVC de qualit\u00e9 marine avec des inhibiteurs d'UV et des fongicides.","og_url":"https:\/\/dockedge.thinairweb.co\/fr\/produit\/dock-guard-2\/","og_site_name":"Dock Edge+","og_image":[{"width":800,"height":700,"url":"https:\/\/dockedge.thinairweb.co\/wp-content\/uploads\/sites\/3\/2018\/04\/DE1126F.jpg","type":"image\/jpeg"}],"twitter_card":"summary_large_image","schema":{"@context":"https:\/\/schema.org","@graph":[{"@type":"WebPage","@id":"https:\/\/dockedge.thinairweb.co\/fr\/produit\/dock-guard-2\/","url":"https:\/\/dockedge.thinairweb.co\/fr\/produit\/dock-guard-2\/","name":"DOCK GUARD - Dock Edge+","isPartOf":{"@id":"https:\/\/dockedge.thinairweb.co\/fr\/#website"},"primaryImageOfPage":{"@id":"https:\/\/dockedge.thinairweb.co\/fr\/produit\/dock-guard-2\/#primaryimage"},"image":{"@id":"https:\/\/dockedge.thinairweb.co\/fr\/produit\/dock-guard-2\/#primaryimage"},"thumbnailUrl":"https:\/\/dockedge.thinairweb.co\/wp-content\/uploads\/sites\/3\/2018\/04\/DE1126F.jpg","datePublished":"2018-04-18T20:20:10+00:00","breadcrumb":{"@id":"https:\/\/dockedge.thinairweb.co\/fr\/produit\/dock-guard-2\/#breadcrumb"},"inLanguage":"fr-FR","potentialAction":[{"@type":"ReadAction","target":["https:\/\/dockedge.thinairweb.co\/fr\/produit\/dock-guard-2\/"]}]},{"@type":"ImageObject","inLanguage":"fr-FR","@id":"https:\/\/dockedge.thinairweb.co\/fr\/produit\/dock-guard-2\/#primaryimage","url":"https:\/\/dockedge.thinairweb.co\/wp-content\/uploads\/sites\/3\/2018\/04\/DE1126F.jpg","contentUrl":"https:\/\/dockedge.thinairweb.co\/wp-content\/uploads\/sites\/3\/2018\/04\/DE1126F.jpg","width":800,"height":700,"caption":"Dock Guard profile, installed"},{"@type":"BreadcrumbList","@id":"https:\/\/dockedge.thinairweb.co\/fr\/produit\/dock-guard-2\/#breadcrumb","itemListElement":[{"@type":"ListItem","position":1,"name":"Home","item":"https:\/\/dockedge.thinairweb.co\/fr\/"},{"@type":"ListItem","position":2,"name":"Boutique","item":"https:\/\/dockedge.thinairweb.co\/fr\/boutique\/"},{"@type":"ListItem","position":3,"name":"DOCK GUARD"}]},{"@type":"WebSite","@id":"https:\/\/dockedge.thinairweb.co\/fr\/#website","url":"https:\/\/dockedge.thinairweb.co\/fr\/","name":"Dock Edge+","description":"Your Dock. Your Way.","potentialAction":[{"@type":"SearchAction","target":{"@type":"EntryPoint","urlTemplate":"https:\/\/dockedge.thinairweb.co\/fr\/?s={search_term_string}"},"query-input":{"@type":"PropertyValueSpecification","valueRequired":true,"valueName":"search_term_string"}}],"inLanguage":"fr-FR"}]}},"acf":[],"_links":{"self":[{"href":"https:\/\/dockedge.thinairweb.co\/fr\/wp-json\/wp\/v2\/product\/8473","targetHints":{"allow":["GET"]}}],"collection":[{"href":"https:\/\/dockedge.thinairweb.co\/fr\/wp-json\/wp\/v2\/product"}],"about":[{"href":"https:\/\/dockedge.thinairweb.co\/fr\/wp-json\/wp\/v2\/types\/product"}],"wp:featuredmedia":[{"embeddable":true,"href":"https:\/\/dockedge.thinairweb.co\/fr\/wp-json\/wp\/v2\/media\/7623"}],"wp:attachment":[{"href":"https:\/\/dockedge.thinairweb.co\/fr\/wp-json\/wp\/v2\/media?parent=8473"}],"wp:term":[{"taxonomy":"product_brand","embeddable":true,"href":"https:\/\/dockedge.thinairweb.co\/fr\/wp-json\/wp\/v2\/product_brand?post=8473"},{"taxonomy":"product_cat","embeddable":true,"href":"https:\/\/dockedge.thinairweb.co\/fr\/wp-json\/wp\/v2\/product_cat?post=8473"},{"taxonomy":"product_tag","embeddable":true,"href":"https:\/\/dockedge.thinairweb.co\/fr\/wp-json\/wp\/v2\/product_tag?post=8473"}],"curies":[{"name":"wp","href":"https:\/\/api.w.org\/{rel}","templated":true}]}}